{"id":98278,"date":"2024-03-20T15:15:43","date_gmt":"2024-03-20T14:15:43","guid":{"rendered":"https:\/\/pistonaddict.com\/product\/porsche-997-targa\/"},"modified":"2024-03-20T15:24:03","modified_gmt":"2024-03-20T14:24:03","slug":"porsche-997-targa","status":"publish","type":"product","link":"https:\/\/pistonaddict.com\/sv\/product\/porsche-997-targa\/","title":{"rendered":"Porsche 997 Targa 4S"},"content":{"rendered":"<p><strong>Bilens historia<\/strong><\/p>\n<p>Den sj\u00e4tte generationen av den ikoniska Porsche 911 hade premi\u00e4r 2004 och \u00e4r internt k\u00e4nd som 997. F\u00f6reg\u00e5ngaren, 996, \u00e4r fortfarande en av de mest kontroversiella 911-modellerna som n\u00e5gonsin tillverkats, framf\u00f6r allt f\u00f6r sin design och introduktionen av de vattenkylda motorerna. Men 997 hyllades \u00f6verallt f\u00f6r sina rena linjer och f\u00f6rb\u00e4ttringar av teknik och kraft. \u00c4ven om 997 har vissa mekaniska likheter och samma plattform som 996, var den en mycket b\u00e4ttre och mer kompetent bil, f\u00f6r att inte gl\u00f6mma mer modern och vacker. Det \u00e4r ingen \u00f6verraskning att f\u00f6rs\u00e4ljningssiffrorna visade att 997 var en f\u00f6rs\u00e4ljningssucc\u00e9, med \u00f6ver 212 000 tillverkade exemplar p\u00e5 9 \u00e5r. Men just det h\u00e4r exemplaret \u00e4r ganska s\u00e4llsynt, inte bara f\u00f6r att det \u00e4r en tidigare 997.1-modell utan ocks\u00e5 p\u00e5 grund av dess s\u00e4llsynta Targa-karosseri. Under 2008 levererades endast 1426 exemplar av Targa 4S, och mycket f\u00e5 hade en 6-v\u00e4xlad manuell v\u00e4xell\u00e5da. Totalt tillverkades endast cirka 8 400 Targa 4S f\u00f6r 997-generationen. Den 3,8-liters flatsexan med naturlig aspiration levererar 350 hk till alla fyra hjulen, vilket resulterar i imponerande acceleration och fantastisk v\u00e4gh\u00e5llning under alla f\u00f6rh\u00e5llanden. Att kombinera den starka prestandan med glastakets luftiga k\u00e4nsla och den manuella v\u00e4xell\u00e5dans mekaniska k\u00e4nsla g\u00f6r detta exemplar otroligt intressant f\u00f6r alla sanna samlare.<\/p>\n<p><strong>Interi\u00f6r<\/strong><\/p>\n<p>F\u00e4rdig i svart l\u00e4der med s\u00e4llsynt och valfri l\u00e4derinstrumentbr\u00e4da, 2008 Porsche Targa 4S interi\u00f6r \u00e4r i perfekt skick utan skador och f\u00e5 tecken p\u00e5 slitage. Detta exempel har mycket \u00f6nskv\u00e4rd extrautrustning som farth\u00e5llare, premiumljudsystem, elektriskt man\u00f6vrerade och uppv\u00e4rmda l\u00e4dersportstolar, multifunktionell ratt, navigationssystem och s\u00e5 vidare. Allt fungerar som det ska, tillsammans med glastaket, och det finns inga modifieringar. J\u00e4mf\u00f6rt med andra 911:or fr\u00e5n samma period \u00e4r Targa ganska unik eftersom den erbjuder friluftsk\u00e4nslan hos en cabriolet men med komforten hos en coup\u00e9 och anv\u00e4ndbarhet \u00e5ret runt.<\/p>\n<p><strong>Bilens skick<\/strong><\/p>\n<p>Med drygt 110 000 kilometer fr\u00e5n ny och tv\u00e5 noggranna \u00e4gare \u00e4r denna Porsche 911 Targa 4S i imponerande skick och underh\u00e5lls noggrant. Registret visar att den senaste st\u00f6rre servicen utf\u00f6rdes i slutet av 2022, och bromsarna renoverades f\u00f6r bara n\u00e5gra dagar sedan, i mars 2024. Alla underh\u00e5llsrapporter finns tillg\u00e4ngliga och visar hur omsorgsfullt bilen har sk\u00f6tts. Just denna bil levererades i Belgien.<\/p>\n<p><strong>Exteri\u00f6r och hjul<\/strong><\/p>\n<p>Just detta exemplar m\u00e5lades professionellt om i sin ursprungliga m\u00f6rkgr\u00e5 f\u00e4rg, som ser perfekt ut och passar originalhjulen och den svarta interi\u00f6ren. Som n\u00e4mnts i CarVertical \u00e4r den enda detalj som \u00e4r v\u00e4rd att n\u00e4mna en liten skada p\u00e5 den bakre st\u00f6tf\u00e5ngaren, som reparerades som du kan se p\u00e5 bilderna. Bridgestone-d\u00e4cken, som har korrekta specifikationer, \u00e4r fr\u00e5n 2018 och \u00e4r endast l\u00e4tt slitna.<\/p>\n<p><strong>Dokumentation<\/strong><\/p>\n<p>\u00c5terf\u00f6rs\u00e4ljaren s\u00e4ljer denna bil med l\u00e4mplig dokumentation och \u00e4r bel\u00e4gen i Belgien. <a href=\"https:\/\/pistonaddict.com\/wp-content\/uploads\/2024\/03\/CarVertical-Porsche.pdf\">CarVertical-rapporten<\/a> \u00e4r ren, inga \u00e4garproblem eller juridiska problem. Det finns dokumentation \u00f6ver regelbundet underh\u00e5ll och kvitton.<\/p>\n","protected":false},"excerpt":{"rendered":"<p>Som en perfekt balans mellan en klassisk 911-k\u00e4nsla, kompakta m\u00e5tt, kommunikativt chassi och modern teknik och funktioner, har 997-generationen blivit alltmer popul\u00e4r bland 911-entusiaster. Det inneb\u00e4r att detta \u00e4r n\u00e4sta stora grej i 911-v\u00e4rlden, med stigande priser. Anta att du vill hoppa p\u00e5 997-t\u00e5get. I s\u00e5 fall finns det inget b\u00e4ttre \u00e4n en mycket \u00e5tr\u00e5v\u00e4rd bil i en s\u00e4llsynt kaross med en \u00e5tr\u00e5v\u00e4rd manuell v\u00e4xell\u00e5da, redo att njutas av.<\/p>\n","protected":false},"featured_media":97686,"comment_status":"open","ping_status":"closed","template":"","meta":{"inline_featured_image":false},"product_cat":[730],"product_tag":[3967,3969,958,2322,3965],"acf":[],"yoast_head":"<!-- This site is optimized with the Yoast SEO plugin v22.5 - https:\/\/yoast.com\/wordpress\/plugins\/seo\/ -->\n<title>Porsche 997 Targa 4S - Piston Addict<\/title>\n<meta name=\"robots\" content=\"index, follow, max-snippet:-1, max-image-preview:large, max-video-preview:-1\" \/>\n<link rel=\"canonical\" href=\"https:\/\/pistonaddict.com\/sv\/product\/porsche-997-targa\/\" \/>\n<meta property=\"og:locale\" content=\"sv_SE\" \/>\n<meta property=\"og:type\" content=\"article\" \/>\n<meta property=\"og:title\" content=\"Porsche 997 Targa 4S - Piston Addict\" \/>\n<meta property=\"og:description\" content=\"Som en perfekt balans mellan en klassisk 911-k\u00e4nsla, kompakta m\u00e5tt, kommunikativt chassi och modern teknik och funktioner, har 997-generationen blivit alltmer popul\u00e4r bland 911-entusiaster. Det inneb\u00e4r att detta \u00e4r n\u00e4sta stora grej i 911-v\u00e4rlden, med stigande priser. Anta att du vill hoppa p\u00e5 997-t\u00e5get. I s\u00e5 fall finns det inget b\u00e4ttre \u00e4n en mycket \u00e5tr\u00e5v\u00e4rd bil i en s\u00e4llsynt kaross med en \u00e5tr\u00e5v\u00e4rd manuell v\u00e4xell\u00e5da, redo att njutas av.\" \/>\n<meta property=\"og:url\" content=\"https:\/\/pistonaddict.com\/sv\/product\/porsche-997-targa\/\" \/>\n<meta property=\"og:site_name\" content=\"Piston Addict\" \/>\n<meta property=\"article:modified_time\" content=\"2024-03-20T14:24:03+00:00\" \/>\n<meta property=\"og:image\" content=\"https:\/\/pistonaddict.com\/wp-content\/uploads\/2024\/03\/1-1-1024x611.png\" \/>\n\t<meta property=\"og:image:width\" content=\"1024\" \/>\n\t<meta property=\"og:image:height\" content=\"611\" \/>\n\t<meta property=\"og:image:type\" content=\"image\/png\" \/>\n<meta name=\"twitter:card\" content=\"summary_large_image\" \/>\n<meta name=\"twitter:label1\" content=\"Ber\u00e4knad l\u00e4stid\" \/>\n\t<meta name=\"twitter:data1\" content=\"3 minuter\" \/>\n<script type=\"application\/ld+json\" class=\"yoast-schema-graph\">{\"@context\":\"https:\/\/schema.org\",\"@graph\":[{\"@type\":\"WebPage\",\"@id\":\"https:\/\/pistonaddict.com\/sv\/product\/porsche-997-targa\/\",\"url\":\"https:\/\/pistonaddict.com\/sv\/product\/porsche-997-targa\/\",\"name\":\"Porsche 997 Targa 4S - Piston Addict\",\"isPartOf\":{\"@id\":\"https:\/\/pistonaddict.com\/sv\/#website\"},\"primaryImageOfPage\":{\"@id\":\"https:\/\/pistonaddict.com\/sv\/product\/porsche-997-targa\/#primaryimage\"},\"image\":{\"@id\":\"https:\/\/pistonaddict.com\/sv\/product\/porsche-997-targa\/#primaryimage\"},\"thumbnailUrl\":\"https:\/\/pistonaddict.com\/wp-content\/uploads\/2024\/03\/1-1.png\",\"datePublished\":\"2024-03-20T14:15:43+00:00\",\"dateModified\":\"2024-03-20T14:24:03+00:00\",\"breadcrumb\":{\"@id\":\"https:\/\/pistonaddict.com\/sv\/product\/porsche-997-targa\/#breadcrumb\"},\"inLanguage\":\"sv-SE\",\"potentialAction\":[{\"@type\":\"ReadAction\",\"target\":[\"https:\/\/pistonaddict.com\/sv\/product\/porsche-997-targa\/\"]}]},{\"@type\":\"ImageObject\",\"inLanguage\":\"sv-SE\",\"@id\":\"https:\/\/pistonaddict.com\/sv\/product\/porsche-997-targa\/#primaryimage\",\"url\":\"https:\/\/pistonaddict.com\/wp-content\/uploads\/2024\/03\/1-1.png\",\"contentUrl\":\"https:\/\/pistonaddict.com\/wp-content\/uploads\/2024\/03\/1-1.png\",\"width\":2778,\"height\":1657},{\"@type\":\"BreadcrumbList\",\"@id\":\"https:\/\/pistonaddict.com\/sv\/product\/porsche-997-targa\/#breadcrumb\",\"itemListElement\":[{\"@type\":\"ListItem\",\"position\":1,\"name\":\"Hemsida\",\"item\":\"https:\/\/pistonaddict.com\/sv\/hemsidan\/\"},{\"@type\":\"ListItem\",\"position\":2,\"name\":\"Auctions\",\"item\":\"https:\/\/pistonaddict.com\/auctions-listing\/\"},{\"@type\":\"ListItem\",\"position\":3,\"name\":\"Porsche 997 Targa 4S\"}]},{\"@type\":\"WebSite\",\"@id\":\"https:\/\/pistonaddict.com\/sv\/#website\",\"url\":\"https:\/\/pistonaddict.com\/sv\/\",\"name\":\"Piston Addict\",\"description\":\"Only interesting vehicles\",\"publisher\":{\"@id\":\"https:\/\/pistonaddict.com\/sv\/#organization\"},\"potentialAction\":[{\"@type\":\"SearchAction\",\"target\":{\"@type\":\"EntryPoint\",\"urlTemplate\":\"https:\/\/pistonaddict.com\/sv\/?s={search_term_string}\"},\"query-input\":\"required name=search_term_string\"}],\"inLanguage\":\"sv-SE\"},{\"@type\":\"Organization\",\"@id\":\"https:\/\/pistonaddict.com\/sv\/#organization\",\"name\":\"Piston Addict\",\"url\":\"https:\/\/pistonaddict.com\/sv\/\",\"logo\":{\"@type\":\"ImageObject\",\"inLanguage\":\"sv-SE\",\"@id\":\"https:\/\/pistonaddict.com\/sv\/#\/schema\/logo\/image\/\",\"url\":\"https:\/\/pistonaddict.com\/wp-content\/uploads\/2022\/07\/logo-6.png\",\"contentUrl\":\"https:\/\/pistonaddict.com\/wp-content\/uploads\/2022\/07\/logo-6.png\",\"width\":970,\"height\":200,\"caption\":\"Piston Addict\"},\"image\":{\"@id\":\"https:\/\/pistonaddict.com\/sv\/#\/schema\/logo\/image\/\"}}]}<\/script>\n<!-- \/ Yoast SEO plugin. -->","yoast_head_json":{"title":"Porsche 997 Targa 4S - Piston Addict","robots":{"index":"index","follow":"follow","max-snippet":"max-snippet:-1","max-image-preview":"max-image-preview:large","max-video-preview":"max-video-preview:-1"},"canonical":"https:\/\/pistonaddict.com\/sv\/product\/porsche-997-targa\/","og_locale":"sv_SE","og_type":"article","og_title":"Porsche 997 Targa 4S - Piston Addict","og_description":"Som en perfekt balans mellan en klassisk 911-k\u00e4nsla, kompakta m\u00e5tt, kommunikativt chassi och modern teknik och funktioner, har 997-generationen blivit alltmer popul\u00e4r bland 911-entusiaster. Det inneb\u00e4r att detta \u00e4r n\u00e4sta stora grej i 911-v\u00e4rlden, med stigande priser. Anta att du vill hoppa p\u00e5 997-t\u00e5get. I s\u00e5 fall finns det inget b\u00e4ttre \u00e4n en mycket \u00e5tr\u00e5v\u00e4rd bil i en s\u00e4llsynt kaross med en \u00e5tr\u00e5v\u00e4rd manuell v\u00e4xell\u00e5da, redo att njutas av.","og_url":"https:\/\/pistonaddict.com\/sv\/product\/porsche-997-targa\/","og_site_name":"Piston Addict","article_modified_time":"2024-03-20T14:24:03+00:00","og_image":[{"width":1024,"height":611,"url":"https:\/\/pistonaddict.com\/wp-content\/uploads\/2024\/03\/1-1-1024x611.png","type":"image\/png"}],"twitter_card":"summary_large_image","twitter_misc":{"Ber\u00e4knad l\u00e4stid":"3 minuter"},"schema":{"@context":"https:\/\/schema.org","@graph":[{"@type":"WebPage","@id":"https:\/\/pistonaddict.com\/sv\/product\/porsche-997-targa\/","url":"https:\/\/pistonaddict.com\/sv\/product\/porsche-997-targa\/","name":"Porsche 997 Targa 4S - Piston Addict","isPartOf":{"@id":"https:\/\/pistonaddict.com\/sv\/#website"},"primaryImageOfPage":{"@id":"https:\/\/pistonaddict.com\/sv\/product\/porsche-997-targa\/#primaryimage"},"image":{"@id":"https:\/\/pistonaddict.com\/sv\/product\/porsche-997-targa\/#primaryimage"},"thumbnailUrl":"https:\/\/pistonaddict.com\/wp-content\/uploads\/2024\/03\/1-1.png","datePublished":"2024-03-20T14:15:43+00:00","dateModified":"2024-03-20T14:24:03+00:00","breadcrumb":{"@id":"https:\/\/pistonaddict.com\/sv\/product\/porsche-997-targa\/#breadcrumb"},"inLanguage":"sv-SE","potentialAction":[{"@type":"ReadAction","target":["https:\/\/pistonaddict.com\/sv\/product\/porsche-997-targa\/"]}]},{"@type":"ImageObject","inLanguage":"sv-SE","@id":"https:\/\/pistonaddict.com\/sv\/product\/porsche-997-targa\/#primaryimage","url":"https:\/\/pistonaddict.com\/wp-content\/uploads\/2024\/03\/1-1.png","contentUrl":"https:\/\/pistonaddict.com\/wp-content\/uploads\/2024\/03\/1-1.png","width":2778,"height":1657},{"@type":"BreadcrumbList","@id":"https:\/\/pistonaddict.com\/sv\/product\/porsche-997-targa\/#breadcrumb","itemListElement":[{"@type":"ListItem","position":1,"name":"Hemsida","item":"https:\/\/pistonaddict.com\/sv\/hemsidan\/"},{"@type":"ListItem","position":2,"name":"Auctions","item":"https:\/\/pistonaddict.com\/auctions-listing\/"},{"@type":"ListItem","position":3,"name":"Porsche 997 Targa 4S"}]},{"@type":"WebSite","@id":"https:\/\/pistonaddict.com\/sv\/#website","url":"https:\/\/pistonaddict.com\/sv\/","name":"Piston Addict","description":"Only interesting vehicles","publisher":{"@id":"https:\/\/pistonaddict.com\/sv\/#organization"},"potentialAction":[{"@type":"SearchAction","target":{"@type":"EntryPoint","urlTemplate":"https:\/\/pistonaddict.com\/sv\/?s={search_term_string}"},"query-input":"required name=search_term_string"}],"inLanguage":"sv-SE"},{"@type":"Organization","@id":"https:\/\/pistonaddict.com\/sv\/#organization","name":"Piston Addict","url":"https:\/\/pistonaddict.com\/sv\/","logo":{"@type":"ImageObject","inLanguage":"sv-SE","@id":"https:\/\/pistonaddict.com\/sv\/#\/schema\/logo\/image\/","url":"https:\/\/pistonaddict.com\/wp-content\/uploads\/2022\/07\/logo-6.png","contentUrl":"https:\/\/pistonaddict.com\/wp-content\/uploads\/2022\/07\/logo-6.png","width":970,"height":200,"caption":"Piston Addict"},"image":{"@id":"https:\/\/pistonaddict.com\/sv\/#\/schema\/logo\/image\/"}}]}},"_links":{"self":[{"href":"https:\/\/pistonaddict.com\/sv\/wp-json\/wp\/v2\/product\/98278"}],"collection":[{"href":"https:\/\/pistonaddict.com\/sv\/wp-json\/wp\/v2\/product"}],"about":[{"href":"https:\/\/pistonaddict.com\/sv\/wp-json\/wp\/v2\/types\/product"}],"replies":[{"embeddable":true,"href":"https:\/\/pistonaddict.com\/sv\/wp-json\/wp\/v2\/comments?post=98278"}],"wp:featuredmedia":[{"embeddable":true,"href":"https:\/\/pistonaddict.com\/sv\/wp-json\/wp\/v2\/media\/97686"}],"wp:attachment":[{"href":"https:\/\/pistonaddict.com\/sv\/wp-json\/wp\/v2\/media?parent=98278"}],"wp:term":[{"taxonomy":"product_cat","embeddable":true,"href":"https:\/\/pistonaddict.com\/sv\/wp-json\/wp\/v2\/product_cat?post=98278"},{"taxonomy":"product_tag","embeddable":true,"href":"https:\/\/pistonaddict.com\/sv\/wp-json\/wp\/v2\/product_tag?post=98278"}],"curies":[{"name":"wp","href":"https:\/\/api.w.org\/{rel}","templated":true}]}}