{"id":97452,"date":"2024-03-15T18:51:57","date_gmt":"2024-03-15T17:51:57","guid":{"rendered":"https:\/\/pistonaddict.com\/product\/bmw-m4-tavling\/"},"modified":"2024-03-20T14:16:41","modified_gmt":"2024-03-20T13:16:41","slug":"bmw-m4-tavling","status":"publish","type":"product","link":"https:\/\/pistonaddict.com\/sv\/product\/bmw-m4-tavling\/","title":{"rendered":"BMW M4 T\u00e4vling"},"content":{"rendered":"<h2>Exteri\u00f6r<\/h2>\n<p>L\u00e5t oss b\u00f6rja med bilens f\u00e4rg &#8211; att kalla den brun skulle vara or\u00e4ttvist, \u00e5tminstone att s\u00e4ga. BMW d\u00f6pte den till Sepang Bronze, och f\u00f6r att uppskatta den till fullo m\u00e5ste du se bilen i solskenet. Men M4:s mest sl\u00e5ende egenskap \u00e4r dess f\u00e4llbara tak av kolfiber, vilket g\u00f6r det b\u00e5de l\u00e4tt och robust. Tack vare den kan denna BMW omvandlas fr\u00e5n en coup\u00e9liknande sportbil till en elegant stadscruiser med en knapptryckning.<\/p>\n<p>Andra anm\u00e4rkningsv\u00e4rda detaljer inkluderar Xenon-str\u00e5lkastare framtill, 19-tums hjul med Michelin Pilot Sport-d\u00e4ck p\u00e5 sidan och dubbla avgasr\u00f6r baktill. Och som alla andra M4 har den h\u00e4r bilen aggressiva st\u00f6tf\u00e5ngare, ventiler i sk\u00e4rmarna och en motorhuv med en utbuktning i mitten.<\/p>\n<h2>Interi\u00f6r<\/h2>\n<p>P\u00e5 insidan \u00e4r det f\u00f6rsta som f\u00e5ngar uppm\u00e4rksamheten s\u00e4tena, som \u00e4r kl\u00e4dda i mjukt brunt l\u00e4der med vita s\u00f6mmar. Men f\u00f6rutom att de \u00e4r sportiga och st\u00f6djande, som deras utseende kan antyda, \u00e4r de ocks\u00e5 mycket bekv\u00e4ma. V\u00e4l p\u00e5 plats sitter du bakom BMW:s karakteristiska treekrade ratt och en instrumentpanel med ett enkelt m\u00e4tararrangemang. Detta inkluderar en hastighetsm\u00e4tare som slutar vid 330 km\/h, en varvr\u00e4knare som g\u00e5r upp till 8000 RPM och m\u00e4tare f\u00f6r br\u00e4nsleniv\u00e5 och motortemperatur. Och om du inte vill titta ner under h\u00e5rd kurvtagning finns det en Head-Up-display som visar all viktig information p\u00e5 vindrutan.<\/p>\n<h2>Mekanik<\/h2>\n<p>Bortsett fr\u00e5n det fantastiska utseendet m\u00e5ste varje BMW vara en ultimat k\u00f6rmaskin. Och denna M4 har flera ess i rock\u00e4rmen som hj\u00e4lper den att leva upp till dessa f\u00f6rv\u00e4ntningar. Till att b\u00f6rja med finns en spektakul\u00e4r rak sexmotor med dubbelturbo under huven, som utvecklar betryggande 450 h\u00e4stkrafter. Kraften g\u00e5r till bakhjulen via en 7-v\u00e4xlad dubbelkopplingsl\u00e5da och en elektroniskt styrd differentialsp\u00e4rr.<\/p>\n<p>Med all denna kraft och teknik kan M4 enkelt n\u00e5 100 km\/h p\u00e5 cirka 4 sekunder och sedan \u00f6ka hastigheten till 250 km\/h. Och det skulle f\u00f6rmodligen g\u00e5 mycket snabbare om det inte vore f\u00f6r den elektroniska begr\u00e4nsaren. F\u00f6r att h\u00e5lla allt under kontroll i h\u00f6g fart \u00e4r bilen utrustad med f\u00f6rstyvad fj\u00e4dring och enorma bromsar.<\/p>\n<h2>Fordonets historia<\/h2>\n<p>Vi avslutar med n\u00e5gra ord om BMW M4: s nuvarande skick, som s\u00e4ljaren beskriver som obefl\u00e4ckat. Och att d\u00f6ma av bilderna och den medf\u00f6ljande videon \u00e4r det definitivt s\u00e5, utan n\u00e5gra synliga skador att rapportera. Bilen servades och inspekterades regelbundet av en auktoriserad BMW-\u00e5terf\u00f6rs\u00e4ljare, med den senaste servicen gjord i juni 2022.<\/p>\n<p>S\u00e4ljaren s\u00e4ger att bilen, som f\u00f6r n\u00e4rvarande finns i Belgien, inte anv\u00e4ndes p\u00e5 bana eller var inblandad i n\u00e5gra olyckor, med en matchande <a href=\"https:\/\/pistonaddict.com\/wp-content\/uploads\/2024\/03\/CarVerticalBMWM4.pdf\">CarVertical Vehicle History Report<\/a> f\u00f6r att bekr\u00e4fta detta.<\/p>\n<p><strong>Kolla in kallstartvideon av denna fantastiska<\/strong> <strong>BMW M4 Competition<\/strong>:<\/p>\n<p><iframe title=\"Cold Start Video of the BMW M4 Competition\" width=\"1200\" height=\"675\" src=\"https:\/\/www.youtube.com\/embed\/-weepN3iz9c?feature=oembed\" frameborder=\"0\" allow=\"accelerometer; autoplay; clipboard-write; encrypted-media; gyroscope; picture-in-picture; web-share\" allowfullscreen><\/iframe><\/p>\n","protected":false},"excerpt":{"rendered":"<p>Om du letar efter n\u00e5got som kan k\u00f6ra runt banan i rekordfart, d\u00e5 beh\u00f6ver du en sportbil. \u00c5 andra sidan, om du f\u00f6redrar en bekv\u00e4m f\u00e4rd l\u00e4ngs avenyn en solig dag, \u00e4r en elegant cabriolet det b\u00e4sta alternativet. Men om du vill ha n\u00e5got som g\u00f6r b\u00e5de och, d\u00e5 kommer du s\u00e4kert att gilla denna BMW M4 Competition som vi har p\u00e5 auktion. Den \u00e4r i nyskick, har en tidigare \u00e4gare och har 74 000 km p\u00e5 klockan.<\/p>\n","protected":false},"featured_media":96755,"comment_status":"open","ping_status":"closed","template":"","meta":{"inline_featured_image":false},"product_cat":[730],"product_tag":[3154,3121,922,3117],"acf":[],"yoast_head":"<!-- This site is optimized with the Yoast SEO plugin v22.5 - https:\/\/yoast.com\/wordpress\/plugins\/seo\/ -->\n<title>BMW M4 T\u00e4vling - Piston Addict<\/title>\n<meta name=\"robots\" content=\"index, follow, max-snippet:-1, max-image-preview:large, max-video-preview:-1\" \/>\n<link rel=\"canonical\" href=\"https:\/\/pistonaddict.com\/sv\/product\/bmw-m4-tavling\/\" \/>\n<meta property=\"og:locale\" content=\"sv_SE\" \/>\n<meta property=\"og:type\" content=\"article\" \/>\n<meta property=\"og:title\" content=\"BMW M4 T\u00e4vling - Piston Addict\" \/>\n<meta property=\"og:description\" content=\"Om du letar efter n\u00e5got som kan k\u00f6ra runt banan i rekordfart, d\u00e5 beh\u00f6ver du en sportbil. \u00c5 andra sidan, om du f\u00f6redrar en bekv\u00e4m f\u00e4rd l\u00e4ngs avenyn en solig dag, \u00e4r en elegant cabriolet det b\u00e4sta alternativet. Men om du vill ha n\u00e5got som g\u00f6r b\u00e5de och, d\u00e5 kommer du s\u00e4kert att gilla denna BMW M4 Competition som vi har p\u00e5 auktion. Den \u00e4r i nyskick, har en tidigare \u00e4gare och har 74 000 km p\u00e5 klockan.\" \/>\n<meta property=\"og:url\" content=\"https:\/\/pistonaddict.com\/sv\/product\/bmw-m4-tavling\/\" \/>\n<meta property=\"og:site_name\" content=\"Piston Addict\" \/>\n<meta property=\"article:modified_time\" content=\"2024-03-20T13:16:41+00:00\" \/>\n<meta property=\"og:image\" content=\"https:\/\/pistonaddict.com\/wp-content\/uploads\/2024\/03\/1-1024x612.png\" \/>\n\t<meta property=\"og:image:width\" content=\"1024\" \/>\n\t<meta property=\"og:image:height\" content=\"612\" \/>\n\t<meta property=\"og:image:type\" content=\"image\/png\" \/>\n<meta name=\"twitter:card\" content=\"summary_large_image\" \/>\n<meta name=\"twitter:label1\" content=\"Ber\u00e4knad l\u00e4stid\" \/>\n\t<meta name=\"twitter:data1\" content=\"3 minuter\" \/>\n<script type=\"application\/ld+json\" class=\"yoast-schema-graph\">{\"@context\":\"https:\/\/schema.org\",\"@graph\":[{\"@type\":\"WebPage\",\"@id\":\"https:\/\/pistonaddict.com\/sv\/product\/bmw-m4-tavling\/\",\"url\":\"https:\/\/pistonaddict.com\/sv\/product\/bmw-m4-tavling\/\",\"name\":\"BMW M4 T\u00e4vling - Piston Addict\",\"isPartOf\":{\"@id\":\"https:\/\/pistonaddict.com\/sv\/#website\"},\"primaryImageOfPage\":{\"@id\":\"https:\/\/pistonaddict.com\/sv\/product\/bmw-m4-tavling\/#primaryimage\"},\"image\":{\"@id\":\"https:\/\/pistonaddict.com\/sv\/product\/bmw-m4-tavling\/#primaryimage\"},\"thumbnailUrl\":\"https:\/\/pistonaddict.com\/wp-content\/uploads\/2024\/03\/1.png\",\"datePublished\":\"2024-03-15T17:51:57+00:00\",\"dateModified\":\"2024-03-20T13:16:41+00:00\",\"breadcrumb\":{\"@id\":\"https:\/\/pistonaddict.com\/sv\/product\/bmw-m4-tavling\/#breadcrumb\"},\"inLanguage\":\"sv-SE\",\"potentialAction\":[{\"@type\":\"ReadAction\",\"target\":[\"https:\/\/pistonaddict.com\/sv\/product\/bmw-m4-tavling\/\"]}]},{\"@type\":\"ImageObject\",\"inLanguage\":\"sv-SE\",\"@id\":\"https:\/\/pistonaddict.com\/sv\/product\/bmw-m4-tavling\/#primaryimage\",\"url\":\"https:\/\/pistonaddict.com\/wp-content\/uploads\/2024\/03\/1.png\",\"contentUrl\":\"https:\/\/pistonaddict.com\/wp-content\/uploads\/2024\/03\/1.png\",\"width\":2778,\"height\":1660},{\"@type\":\"BreadcrumbList\",\"@id\":\"https:\/\/pistonaddict.com\/sv\/product\/bmw-m4-tavling\/#breadcrumb\",\"itemListElement\":[{\"@type\":\"ListItem\",\"position\":1,\"name\":\"Hemsida\",\"item\":\"https:\/\/pistonaddict.com\/sv\/hemsidan\/\"},{\"@type\":\"ListItem\",\"position\":2,\"name\":\"Auctions\",\"item\":\"https:\/\/pistonaddict.com\/auctions-listing\/\"},{\"@type\":\"ListItem\",\"position\":3,\"name\":\"BMW M4 T\u00e4vling\"}]},{\"@type\":\"WebSite\",\"@id\":\"https:\/\/pistonaddict.com\/sv\/#website\",\"url\":\"https:\/\/pistonaddict.com\/sv\/\",\"name\":\"Piston Addict\",\"description\":\"Only interesting vehicles\",\"publisher\":{\"@id\":\"https:\/\/pistonaddict.com\/sv\/#organization\"},\"potentialAction\":[{\"@type\":\"SearchAction\",\"target\":{\"@type\":\"EntryPoint\",\"urlTemplate\":\"https:\/\/pistonaddict.com\/sv\/?s={search_term_string}\"},\"query-input\":\"required name=search_term_string\"}],\"inLanguage\":\"sv-SE\"},{\"@type\":\"Organization\",\"@id\":\"https:\/\/pistonaddict.com\/sv\/#organization\",\"name\":\"Piston Addict\",\"url\":\"https:\/\/pistonaddict.com\/sv\/\",\"logo\":{\"@type\":\"ImageObject\",\"inLanguage\":\"sv-SE\",\"@id\":\"https:\/\/pistonaddict.com\/sv\/#\/schema\/logo\/image\/\",\"url\":\"https:\/\/pistonaddict.com\/wp-content\/uploads\/2022\/07\/logo-6.png\",\"contentUrl\":\"https:\/\/pistonaddict.com\/wp-content\/uploads\/2022\/07\/logo-6.png\",\"width\":970,\"height\":200,\"caption\":\"Piston Addict\"},\"image\":{\"@id\":\"https:\/\/pistonaddict.com\/sv\/#\/schema\/logo\/image\/\"}}]}<\/script>\n<!-- \/ Yoast SEO plugin. -->","yoast_head_json":{"title":"BMW M4 T\u00e4vling - Piston Addict","robots":{"index":"index","follow":"follow","max-snippet":"max-snippet:-1","max-image-preview":"max-image-preview:large","max-video-preview":"max-video-preview:-1"},"canonical":"https:\/\/pistonaddict.com\/sv\/product\/bmw-m4-tavling\/","og_locale":"sv_SE","og_type":"article","og_title":"BMW M4 T\u00e4vling - Piston Addict","og_description":"Om du letar efter n\u00e5got som kan k\u00f6ra runt banan i rekordfart, d\u00e5 beh\u00f6ver du en sportbil. \u00c5 andra sidan, om du f\u00f6redrar en bekv\u00e4m f\u00e4rd l\u00e4ngs avenyn en solig dag, \u00e4r en elegant cabriolet det b\u00e4sta alternativet. Men om du vill ha n\u00e5got som g\u00f6r b\u00e5de och, d\u00e5 kommer du s\u00e4kert att gilla denna BMW M4 Competition som vi har p\u00e5 auktion. Den \u00e4r i nyskick, har en tidigare \u00e4gare och har 74 000 km p\u00e5 klockan.","og_url":"https:\/\/pistonaddict.com\/sv\/product\/bmw-m4-tavling\/","og_site_name":"Piston Addict","article_modified_time":"2024-03-20T13:16:41+00:00","og_image":[{"width":1024,"height":612,"url":"https:\/\/pistonaddict.com\/wp-content\/uploads\/2024\/03\/1-1024x612.png","type":"image\/png"}],"twitter_card":"summary_large_image","twitter_misc":{"Ber\u00e4knad l\u00e4stid":"3 minuter"},"schema":{"@context":"https:\/\/schema.org","@graph":[{"@type":"WebPage","@id":"https:\/\/pistonaddict.com\/sv\/product\/bmw-m4-tavling\/","url":"https:\/\/pistonaddict.com\/sv\/product\/bmw-m4-tavling\/","name":"BMW M4 T\u00e4vling - Piston Addict","isPartOf":{"@id":"https:\/\/pistonaddict.com\/sv\/#website"},"primaryImageOfPage":{"@id":"https:\/\/pistonaddict.com\/sv\/product\/bmw-m4-tavling\/#primaryimage"},"image":{"@id":"https:\/\/pistonaddict.com\/sv\/product\/bmw-m4-tavling\/#primaryimage"},"thumbnailUrl":"https:\/\/pistonaddict.com\/wp-content\/uploads\/2024\/03\/1.png","datePublished":"2024-03-15T17:51:57+00:00","dateModified":"2024-03-20T13:16:41+00:00","breadcrumb":{"@id":"https:\/\/pistonaddict.com\/sv\/product\/bmw-m4-tavling\/#breadcrumb"},"inLanguage":"sv-SE","potentialAction":[{"@type":"ReadAction","target":["https:\/\/pistonaddict.com\/sv\/product\/bmw-m4-tavling\/"]}]},{"@type":"ImageObject","inLanguage":"sv-SE","@id":"https:\/\/pistonaddict.com\/sv\/product\/bmw-m4-tavling\/#primaryimage","url":"https:\/\/pistonaddict.com\/wp-content\/uploads\/2024\/03\/1.png","contentUrl":"https:\/\/pistonaddict.com\/wp-content\/uploads\/2024\/03\/1.png","width":2778,"height":1660},{"@type":"BreadcrumbList","@id":"https:\/\/pistonaddict.com\/sv\/product\/bmw-m4-tavling\/#breadcrumb","itemListElement":[{"@type":"ListItem","position":1,"name":"Hemsida","item":"https:\/\/pistonaddict.com\/sv\/hemsidan\/"},{"@type":"ListItem","position":2,"name":"Auctions","item":"https:\/\/pistonaddict.com\/auctions-listing\/"},{"@type":"ListItem","position":3,"name":"BMW M4 T\u00e4vling"}]},{"@type":"WebSite","@id":"https:\/\/pistonaddict.com\/sv\/#website","url":"https:\/\/pistonaddict.com\/sv\/","name":"Piston Addict","description":"Only interesting vehicles","publisher":{"@id":"https:\/\/pistonaddict.com\/sv\/#organization"},"potentialAction":[{"@type":"SearchAction","target":{"@type":"EntryPoint","urlTemplate":"https:\/\/pistonaddict.com\/sv\/?s={search_term_string}"},"query-input":"required name=search_term_string"}],"inLanguage":"sv-SE"},{"@type":"Organization","@id":"https:\/\/pistonaddict.com\/sv\/#organization","name":"Piston Addict","url":"https:\/\/pistonaddict.com\/sv\/","logo":{"@type":"ImageObject","inLanguage":"sv-SE","@id":"https:\/\/pistonaddict.com\/sv\/#\/schema\/logo\/image\/","url":"https:\/\/pistonaddict.com\/wp-content\/uploads\/2022\/07\/logo-6.png","contentUrl":"https:\/\/pistonaddict.com\/wp-content\/uploads\/2022\/07\/logo-6.png","width":970,"height":200,"caption":"Piston Addict"},"image":{"@id":"https:\/\/pistonaddict.com\/sv\/#\/schema\/logo\/image\/"}}]}},"_links":{"self":[{"href":"https:\/\/pistonaddict.com\/sv\/wp-json\/wp\/v2\/product\/97452"}],"collection":[{"href":"https:\/\/pistonaddict.com\/sv\/wp-json\/wp\/v2\/product"}],"about":[{"href":"https:\/\/pistonaddict.com\/sv\/wp-json\/wp\/v2\/types\/product"}],"replies":[{"embeddable":true,"href":"https:\/\/pistonaddict.com\/sv\/wp-json\/wp\/v2\/comments?post=97452"}],"wp:featuredmedia":[{"embeddable":true,"href":"https:\/\/pistonaddict.com\/sv\/wp-json\/wp\/v2\/media\/96755"}],"wp:attachment":[{"href":"https:\/\/pistonaddict.com\/sv\/wp-json\/wp\/v2\/media?parent=97452"}],"wp:term":[{"taxonomy":"product_cat","embeddable":true,"href":"https:\/\/pistonaddict.com\/sv\/wp-json\/wp\/v2\/product_cat?post=97452"},{"taxonomy":"product_tag","embeddable":true,"href":"https:\/\/pistonaddict.com\/sv\/wp-json\/wp\/v2\/product_tag?post=97452"}],"curies":[{"name":"wp","href":"https:\/\/api.w.org\/{rel}","templated":true}]}}