{"id":96731,"date":"2024-03-15T17:17:18","date_gmt":"2024-03-15T16:17:18","guid":{"rendered":"https:\/\/pistonaddict.com\/product\/amg-sls-roadster\/"},"modified":"2024-03-19T16:40:25","modified_gmt":"2024-03-19T15:40:25","slug":"amg-sls-roadster","status":"publish","type":"product","link":"https:\/\/pistonaddict.com\/sv\/product\/amg-sls-roadster\/","title":{"rendered":"AMG SLS Roadster"},"content":{"rendered":"<p><strong>Bilens historia<\/strong><\/p>\n<p>Fordonsv\u00e4rlden h\u00e4pnade n\u00e4r Mercedes presenterade den ikoniska SLS AMG 2010. Klassiskt i sitt tillv\u00e4gag\u00e5ngss\u00e4tt men helt modernt i sitt utf\u00f6rande, detta var en fullblodssportbil som tydligt h\u00e4mtade inspiration fr\u00e5n m\u00e4rkets \u00e4rorika f\u00f6rflutna och legendariska 300 SL Gullwing. \u00c4ven om Mercedes tittade p\u00e5 det f\u00f6rflutna n\u00e4r de designade den, siktade f\u00f6retaget p\u00e5 framtiden med modern chassikonstruktion, interi\u00f6rfunktioner, komfort och drivlina. Under den l\u00e5nga huven sitter en 6,2-liters V8 (kodnamn M156) som levererar 571 naturligt aspirerade h\u00e4stkrafter som skickas till bakhjulen via en kompetent 7-v\u00e4xlad dubbelkopplingsl\u00e5da. Resultatet blev en bil som ser fantastisk ut och fortfarande \u00e4r superbilsnabb. Med en tid fr\u00e5n 0 till 100 km\/h p\u00e5 bara 3,8 sekunder och en topphastighet p\u00e5 l\u00e5ngt \u00f6ver 310 km\/h f\u00f6rst\u00e5r du varf\u00f6r Mercedes SLS AMG \u00e4r en av de snabbaste bilarna fr\u00e5n sin tid.<\/p>\n<p>Intressant nog var produktionstiden f\u00f6r denna otroliga maskin relativt kort, och modellen slutade tillverkas 2014. Vissa menar att Mercedes gjorde detta medvetet f\u00f6r att s\u00e4kerst\u00e4lla exklusiviteten och s\u00e4llsyntheten hos sin finaste moderna sportbil. Dessa rykten kan vara sanna eftersom f\u00f6retaget aldrig officiellt avsl\u00f6jade exakta produktionssiffror. Den kvalificerade uppskattningen \u00e4r att cirka 8.000 coup\u00e9er levererades och cirka 4.000 roadsters. Denna bil \u00e4r ett av dessa 4 000 exemplar, vilket g\u00f6r den \u00e4nnu mer exklusiv och mytomspunnen.<\/p>\n<p><strong>Interi\u00f6r<\/strong><\/p>\n<p>Interi\u00f6ren i denna SLS AMG Roadster \u00e4r i perfekt skick utan n\u00e5gra tecken p\u00e5 anv\u00e4ndning och har svart l\u00e4der med en instrumentbr\u00e4da i l\u00e4der. S\u00e4tena och d\u00f6rrkorten \u00e4r om\u00e4rkta; alla funktioner fungerar tillsammans med navigationssystemet, premiumljudet och de uppv\u00e4rmda och elstyrda sportstolarna. Cabriolet-taket \u00e4r i nyskick och \u00f6ppnas och st\u00e4ngs perfekt.<\/p>\n<p><strong>Villkor<\/strong><\/p>\n<p>Vi \u00e4r alltid glada att kunna erbjuda fordon som \u00e4r i nyskick, och denna 2012 Mercedes SLS AMG Roadster \u00e4r en av dem. Med endast 19 000 kilometer fr\u00e5n nybilen anv\u00e4ndes detta fordon mycket lite av sin f\u00f6rsta och enda \u00e4gare och k\u00f6rdes i genomsnitt mindre \u00e4n 2 000 km per \u00e5r. Det inneb\u00e4r att den \u00e4r i toppskick mekaniskt och estetiskt, och att den \u00e4r helt original fr\u00e5n fabrik. Den senaste st\u00f6rre servicen utf\u00f6rdes 2018, och bromsarna renoverades nyligen i mars 2024. Bilen sk\u00f6ttes omsorgsfullt av en Mercedes-\u00e5terf\u00f6rs\u00e4ljare.<\/p>\n<p><strong>Exteri\u00f6r och hjul<\/strong><\/p>\n<p>Med s\u00e5 f\u00e5 kilometer p\u00e5 nacken och noggrann sk\u00f6tsel \u00e4r det ingen \u00f6verraskning att karossen \u00e4r som ny utan repor eller skavanker. Den \u00e4r lackerad i en klassisk Mercedes-silverf\u00e4rg (som p\u00e5minner om Silver Arrow-racerbilarna) och ser fantastisk ut med en kontrasterande svart interi\u00f6r. Originalf\u00e4lgarna p\u00e5 19 tum finns kvar och \u00e4r kl\u00e4dda med Continental ContiSport Contact Performance-gummi (DOT 2017) med ca 50 % f\u00f6rbrukade d\u00e4ck.<\/p>\n<p><strong>Dokumentation<\/strong><\/p>\n<p>\u00c5terf\u00f6rs\u00e4ljaren s\u00e4ljer detta fordon p\u00e5 uppdrag av den ursprungliga \u00e4garen, med l\u00e4mplig dokumentation, bel\u00e4gen i Belgien. <a href=\"https:\/\/pistonaddict.com\/wp-content\/uploads\/2024\/03\/CarVerticalAMG.pdf\">CarVertical-rapporten<\/a> \u00e4r ren, utan bevis p\u00e5 olyckor, reparationer av olyckor, \u00e4gande eller juridiska problem. Det finns dokumentation \u00f6ver regelbundet underh\u00e5ll och kvitton.<\/p>\n<p><strong>Kolla in kallstartsvideon av denna fantastiska AMG SLS Roadster :<\/strong><\/p>\n<p><iframe title=\"Cold Start Video of the AMG SLS Roadster\" width=\"1200\" height=\"675\" src=\"https:\/\/www.youtube.com\/embed\/vjLjXYVelXI?feature=oembed\" frameborder=\"0\" allow=\"accelerometer; autoplay; clipboard-write; encrypted-media; gyroscope; picture-in-picture; web-share\" allowfullscreen><\/iframe><\/p>\n","protected":false},"excerpt":{"rendered":"<p>N\u00e4r man tittar p\u00e5 de moderna klassikerna fr\u00e5n Stuttgart kommer inget i n\u00e4rheten av Mercedes SLS AMG. Med sin retrofuturistiska design, m\u00e4ktiga 6,2-liters V8 i fronten och sublima prestanda \u00e4r SLS den mest eftertraktade sportbilen fr\u00e5n Mercedes sedan 1950-talets original som startade sl\u00e4ktlinjen. SLS \u00e4r uts\u00f6kt i alla aspekter och \u00e4r en bil som s\u00e4llan kommer till f\u00f6rs\u00e4ljning, vilket g\u00f6r detta l\u00e5ga k\u00f6rstr\u00e4cka, en\u00e4gare och praktiskt taget nytt exempel s\u00e4llsyntare och \u00e4nnu mer unikt.<\/p>\n","protected":false},"featured_media":96006,"comment_status":"open","ping_status":"closed","template":"","meta":{"inline_featured_image":false},"product_cat":[730],"product_tag":[3090,2798,3089,922],"acf":[],"yoast_head":"<!-- This site is optimized with the Yoast SEO plugin v22.5 - https:\/\/yoast.com\/wordpress\/plugins\/seo\/ -->\n<title>AMG SLS Roadster - Piston Addict<\/title>\n<meta name=\"robots\" content=\"index, follow, max-snippet:-1, max-image-preview:large, max-video-preview:-1\" \/>\n<link rel=\"canonical\" href=\"https:\/\/pistonaddict.com\/sv\/product\/amg-sls-roadster\/\" \/>\n<meta property=\"og:locale\" content=\"sv_SE\" \/>\n<meta property=\"og:type\" content=\"article\" \/>\n<meta property=\"og:title\" content=\"AMG SLS Roadster - Piston Addict\" \/>\n<meta property=\"og:description\" content=\"N\u00e4r man tittar p\u00e5 de moderna klassikerna fr\u00e5n Stuttgart kommer inget i n\u00e4rheten av Mercedes SLS AMG. Med sin retrofuturistiska design, m\u00e4ktiga 6,2-liters V8 i fronten och sublima prestanda \u00e4r SLS den mest eftertraktade sportbilen fr\u00e5n Mercedes sedan 1950-talets original som startade sl\u00e4ktlinjen. SLS \u00e4r uts\u00f6kt i alla aspekter och \u00e4r en bil som s\u00e4llan kommer till f\u00f6rs\u00e4ljning, vilket g\u00f6r detta l\u00e5ga k\u00f6rstr\u00e4cka, en\u00e4gare och praktiskt taget nytt exempel s\u00e4llsyntare och \u00e4nnu mer unikt.\" \/>\n<meta property=\"og:url\" content=\"https:\/\/pistonaddict.com\/sv\/product\/amg-sls-roadster\/\" \/>\n<meta property=\"og:site_name\" content=\"Piston Addict\" \/>\n<meta property=\"article:modified_time\" content=\"2024-03-19T15:40:25+00:00\" \/>\n<meta property=\"og:image\" content=\"https:\/\/pistonaddict.com\/wp-content\/uploads\/2024\/03\/1-scaled.jpg\" \/>\n\t<meta property=\"og:image:width\" content=\"2560\" \/>\n\t<meta property=\"og:image:height\" content=\"1527\" \/>\n\t<meta property=\"og:image:type\" content=\"image\/jpeg\" \/>\n<meta name=\"twitter:card\" content=\"summary_large_image\" \/>\n<meta name=\"twitter:label1\" content=\"Ber\u00e4knad l\u00e4stid\" \/>\n\t<meta name=\"twitter:data1\" content=\"3 minuter\" \/>\n<script type=\"application\/ld+json\" class=\"yoast-schema-graph\">{\"@context\":\"https:\/\/schema.org\",\"@graph\":[{\"@type\":\"WebPage\",\"@id\":\"https:\/\/pistonaddict.com\/sv\/product\/amg-sls-roadster\/\",\"url\":\"https:\/\/pistonaddict.com\/sv\/product\/amg-sls-roadster\/\",\"name\":\"AMG SLS Roadster - Piston Addict\",\"isPartOf\":{\"@id\":\"https:\/\/pistonaddict.com\/sv\/#website\"},\"primaryImageOfPage\":{\"@id\":\"https:\/\/pistonaddict.com\/sv\/product\/amg-sls-roadster\/#primaryimage\"},\"image\":{\"@id\":\"https:\/\/pistonaddict.com\/sv\/product\/amg-sls-roadster\/#primaryimage\"},\"thumbnailUrl\":\"https:\/\/pistonaddict.com\/wp-content\/uploads\/2024\/03\/1-scaled.jpg\",\"datePublished\":\"2024-03-15T16:17:18+00:00\",\"dateModified\":\"2024-03-19T15:40:25+00:00\",\"breadcrumb\":{\"@id\":\"https:\/\/pistonaddict.com\/sv\/product\/amg-sls-roadster\/#breadcrumb\"},\"inLanguage\":\"sv-SE\",\"potentialAction\":[{\"@type\":\"ReadAction\",\"target\":[\"https:\/\/pistonaddict.com\/sv\/product\/amg-sls-roadster\/\"]}]},{\"@type\":\"ImageObject\",\"inLanguage\":\"sv-SE\",\"@id\":\"https:\/\/pistonaddict.com\/sv\/product\/amg-sls-roadster\/#primaryimage\",\"url\":\"https:\/\/pistonaddict.com\/wp-content\/uploads\/2024\/03\/1-scaled.jpg\",\"contentUrl\":\"https:\/\/pistonaddict.com\/wp-content\/uploads\/2024\/03\/1-scaled.jpg\",\"width\":2560,\"height\":1527},{\"@type\":\"BreadcrumbList\",\"@id\":\"https:\/\/pistonaddict.com\/sv\/product\/amg-sls-roadster\/#breadcrumb\",\"itemListElement\":[{\"@type\":\"ListItem\",\"position\":1,\"name\":\"Hemsida\",\"item\":\"https:\/\/pistonaddict.com\/sv\/hemsidan\/\"},{\"@type\":\"ListItem\",\"position\":2,\"name\":\"Auctions\",\"item\":\"https:\/\/pistonaddict.com\/auctions-listing\/\"},{\"@type\":\"ListItem\",\"position\":3,\"name\":\"AMG SLS Roadster\"}]},{\"@type\":\"WebSite\",\"@id\":\"https:\/\/pistonaddict.com\/sv\/#website\",\"url\":\"https:\/\/pistonaddict.com\/sv\/\",\"name\":\"Piston Addict\",\"description\":\"Only interesting vehicles\",\"publisher\":{\"@id\":\"https:\/\/pistonaddict.com\/sv\/#organization\"},\"potentialAction\":[{\"@type\":\"SearchAction\",\"target\":{\"@type\":\"EntryPoint\",\"urlTemplate\":\"https:\/\/pistonaddict.com\/sv\/?s={search_term_string}\"},\"query-input\":\"required name=search_term_string\"}],\"inLanguage\":\"sv-SE\"},{\"@type\":\"Organization\",\"@id\":\"https:\/\/pistonaddict.com\/sv\/#organization\",\"name\":\"Piston Addict\",\"url\":\"https:\/\/pistonaddict.com\/sv\/\",\"logo\":{\"@type\":\"ImageObject\",\"inLanguage\":\"sv-SE\",\"@id\":\"https:\/\/pistonaddict.com\/sv\/#\/schema\/logo\/image\/\",\"url\":\"https:\/\/pistonaddict.com\/wp-content\/uploads\/2022\/07\/logo-6.png\",\"contentUrl\":\"https:\/\/pistonaddict.com\/wp-content\/uploads\/2022\/07\/logo-6.png\",\"width\":970,\"height\":200,\"caption\":\"Piston Addict\"},\"image\":{\"@id\":\"https:\/\/pistonaddict.com\/sv\/#\/schema\/logo\/image\/\"}}]}<\/script>\n<!-- \/ Yoast SEO plugin. -->","yoast_head_json":{"title":"AMG SLS Roadster - Piston Addict","robots":{"index":"index","follow":"follow","max-snippet":"max-snippet:-1","max-image-preview":"max-image-preview:large","max-video-preview":"max-video-preview:-1"},"canonical":"https:\/\/pistonaddict.com\/sv\/product\/amg-sls-roadster\/","og_locale":"sv_SE","og_type":"article","og_title":"AMG SLS Roadster - Piston Addict","og_description":"N\u00e4r man tittar p\u00e5 de moderna klassikerna fr\u00e5n Stuttgart kommer inget i n\u00e4rheten av Mercedes SLS AMG. Med sin retrofuturistiska design, m\u00e4ktiga 6,2-liters V8 i fronten och sublima prestanda \u00e4r SLS den mest eftertraktade sportbilen fr\u00e5n Mercedes sedan 1950-talets original som startade sl\u00e4ktlinjen. SLS \u00e4r uts\u00f6kt i alla aspekter och \u00e4r en bil som s\u00e4llan kommer till f\u00f6rs\u00e4ljning, vilket g\u00f6r detta l\u00e5ga k\u00f6rstr\u00e4cka, en\u00e4gare och praktiskt taget nytt exempel s\u00e4llsyntare och \u00e4nnu mer unikt.","og_url":"https:\/\/pistonaddict.com\/sv\/product\/amg-sls-roadster\/","og_site_name":"Piston Addict","article_modified_time":"2024-03-19T15:40:25+00:00","og_image":[{"width":2560,"height":1527,"url":"https:\/\/pistonaddict.com\/wp-content\/uploads\/2024\/03\/1-scaled.jpg","type":"image\/jpeg"}],"twitter_card":"summary_large_image","twitter_misc":{"Ber\u00e4knad l\u00e4stid":"3 minuter"},"schema":{"@context":"https:\/\/schema.org","@graph":[{"@type":"WebPage","@id":"https:\/\/pistonaddict.com\/sv\/product\/amg-sls-roadster\/","url":"https:\/\/pistonaddict.com\/sv\/product\/amg-sls-roadster\/","name":"AMG SLS Roadster - Piston Addict","isPartOf":{"@id":"https:\/\/pistonaddict.com\/sv\/#website"},"primaryImageOfPage":{"@id":"https:\/\/pistonaddict.com\/sv\/product\/amg-sls-roadster\/#primaryimage"},"image":{"@id":"https:\/\/pistonaddict.com\/sv\/product\/amg-sls-roadster\/#primaryimage"},"thumbnailUrl":"https:\/\/pistonaddict.com\/wp-content\/uploads\/2024\/03\/1-scaled.jpg","datePublished":"2024-03-15T16:17:18+00:00","dateModified":"2024-03-19T15:40:25+00:00","breadcrumb":{"@id":"https:\/\/pistonaddict.com\/sv\/product\/amg-sls-roadster\/#breadcrumb"},"inLanguage":"sv-SE","potentialAction":[{"@type":"ReadAction","target":["https:\/\/pistonaddict.com\/sv\/product\/amg-sls-roadster\/"]}]},{"@type":"ImageObject","inLanguage":"sv-SE","@id":"https:\/\/pistonaddict.com\/sv\/product\/amg-sls-roadster\/#primaryimage","url":"https:\/\/pistonaddict.com\/wp-content\/uploads\/2024\/03\/1-scaled.jpg","contentUrl":"https:\/\/pistonaddict.com\/wp-content\/uploads\/2024\/03\/1-scaled.jpg","width":2560,"height":1527},{"@type":"BreadcrumbList","@id":"https:\/\/pistonaddict.com\/sv\/product\/amg-sls-roadster\/#breadcrumb","itemListElement":[{"@type":"ListItem","position":1,"name":"Hemsida","item":"https:\/\/pistonaddict.com\/sv\/hemsidan\/"},{"@type":"ListItem","position":2,"name":"Auctions","item":"https:\/\/pistonaddict.com\/auctions-listing\/"},{"@type":"ListItem","position":3,"name":"AMG SLS Roadster"}]},{"@type":"WebSite","@id":"https:\/\/pistonaddict.com\/sv\/#website","url":"https:\/\/pistonaddict.com\/sv\/","name":"Piston Addict","description":"Only interesting vehicles","publisher":{"@id":"https:\/\/pistonaddict.com\/sv\/#organization"},"potentialAction":[{"@type":"SearchAction","target":{"@type":"EntryPoint","urlTemplate":"https:\/\/pistonaddict.com\/sv\/?s={search_term_string}"},"query-input":"required name=search_term_string"}],"inLanguage":"sv-SE"},{"@type":"Organization","@id":"https:\/\/pistonaddict.com\/sv\/#organization","name":"Piston Addict","url":"https:\/\/pistonaddict.com\/sv\/","logo":{"@type":"ImageObject","inLanguage":"sv-SE","@id":"https:\/\/pistonaddict.com\/sv\/#\/schema\/logo\/image\/","url":"https:\/\/pistonaddict.com\/wp-content\/uploads\/2022\/07\/logo-6.png","contentUrl":"https:\/\/pistonaddict.com\/wp-content\/uploads\/2022\/07\/logo-6.png","width":970,"height":200,"caption":"Piston Addict"},"image":{"@id":"https:\/\/pistonaddict.com\/sv\/#\/schema\/logo\/image\/"}}]}},"_links":{"self":[{"href":"https:\/\/pistonaddict.com\/sv\/wp-json\/wp\/v2\/product\/96731"}],"collection":[{"href":"https:\/\/pistonaddict.com\/sv\/wp-json\/wp\/v2\/product"}],"about":[{"href":"https:\/\/pistonaddict.com\/sv\/wp-json\/wp\/v2\/types\/product"}],"replies":[{"embeddable":true,"href":"https:\/\/pistonaddict.com\/sv\/wp-json\/wp\/v2\/comments?post=96731"}],"wp:featuredmedia":[{"embeddable":true,"href":"https:\/\/pistonaddict.com\/sv\/wp-json\/wp\/v2\/media\/96006"}],"wp:attachment":[{"href":"https:\/\/pistonaddict.com\/sv\/wp-json\/wp\/v2\/media?parent=96731"}],"wp:term":[{"taxonomy":"product_cat","embeddable":true,"href":"https:\/\/pistonaddict.com\/sv\/wp-json\/wp\/v2\/product_cat?post=96731"},{"taxonomy":"product_tag","embeddable":true,"href":"https:\/\/pistonaddict.com\/sv\/wp-json\/wp\/v2\/product_tag?post=96731"}],"curies":[{"name":"wp","href":"https:\/\/api.w.org\/{rel}","templated":true}]}}