{"id":94118,"date":"2024-02-28T13:52:28","date_gmt":"2024-02-28T12:52:28","guid":{"rendered":"https:\/\/pistonaddict.com\/product\/fisker-karma\/"},"modified":"2024-03-19T16:38:42","modified_gmt":"2024-03-19T15:38:42","slug":"fisker-karma","status":"publish","type":"product","link":"https:\/\/pistonaddict.com\/sv\/product\/fisker-karma\/","title":{"rendered":"Fisker Karma"},"content":{"rendered":"<h2>Exteri\u00f6r<\/h2>\n<p>P\u00e5 utsidan, med b\u00f6rjan framifr\u00e5n, har Karma en l\u00e5gt h\u00e4ngande nos med breda galler och l\u00e5ngstr\u00e4ckta Xenon-str\u00e5lkastare, vilket ger bilen en aggressiv h\u00e5llning. Detta tema forts\u00e4tter l\u00e4ngs sidorna, d\u00e4r en muskul\u00f6s silhuett domineras av massiva sk\u00e4rmar som \u00e4r lindade runt 22-tumsf\u00e4lgar. P\u00e5 den italienska superbilens breda baksida ger detaljer som eleganta bakljus och h\u00f6gtalare p\u00e5 en plats d\u00e4r man skulle f\u00f6rv\u00e4nta sig att se avgasr\u00f6r med kromade k\u00e5por Karma ett unikt utseende.<\/p>\n<p>Bilen \u00e4r lackerad i Deep Ocean blue, som ser spektakul\u00e4r ut p\u00e5 klara dagar n\u00e4r solstr\u00e5larna framh\u00e4ver dess flikighet. P\u00e5 tal om solen &#8211; Karma har solpaneler integrerade i taket, vilket inneb\u00e4r att den kan ladda sig sj\u00e4lv bara genom att parkeras utomhus.<\/p>\n<h2>Interi\u00f6r<\/h2>\n<p>V\u00e4l inne i bilen sitter du bakom en l\u00e4derratt med fyra ekrar som ramar in ett snyggt och futuristiskt instrumentkluster. Till v\u00e4nster finns en hastighetsm\u00e4tare som g\u00e5r upp till 220 km\/h. Men till h\u00f6ger, ist\u00e4llet f\u00f6r en varvr\u00e4knare, visas batterikapaciteten och om den laddas eller om elen anv\u00e4nds f\u00f6r acceleration. Instrumentpanelen \u00e4r utrustad med en peksk\u00e4rm som fungerar som kommandocentral f\u00f6r stereo, navigering och klimatkontroll.<\/p>\n<p>Hela interi\u00f6ren \u00e4r kl\u00e4dd i en kombination av tr\u00e4, l\u00e4der och mjuk Alcantara, vilket ger den en uts\u00f6kt k\u00e4nsla och ett uts\u00f6kt utseende. En sak som f\u00e5ngar uppm\u00e4rksamheten \u00e4r den massiva mittunneln, vilket \u00e4r n\u00f6dv\u00e4ndigt eftersom det \u00e4r h\u00e4r som batterierna \u00e4r placerade.<\/p>\n<h2>Mekanik<\/h2>\n<p>\u00c4ven om Fisker ser fantastisk ut b\u00e5de inv\u00e4ndigt och utv\u00e4ndigt, \u00e4r det mekaniska underlaget det mest imponerande. Om du \u00f6ppnar huven hittar du en motor under den, precis som i vilken annan bil som helst. Denna turboladdade 4-cylindriga enhet anv\u00e4nds dock inte f\u00f6r att driva hjulen. Ist\u00e4llet fungerar den som en generator som laddar batterierna n\u00e4r de beh\u00f6ver fyllas p\u00e5.<\/p>\n<p>Bilen drivs av tv\u00e5 elmotorer, som arbetar i par f\u00f6r att leverera kraft till bakhjulen via en differential med begr\u00e4nsad slirsp\u00e4rr. Denna kombination kan ge upp till 409 h\u00e4stkrafter och ett vridmoment p\u00e5 hela 1300 N-m, vilket ger Karma prestanda som matchar dess utseende.<\/p>\n<p>Eftersom Fisker inte ville att bilen skulle vara f\u00f6r tung, eftersom det skulle f\u00f6rs\u00e4mra k\u00f6regenskaperna, \u00e4r batterierna och den resulterande r\u00e4ckvidden i helelektriskt l\u00e4ge inte alltf\u00f6r omfattande. N\u00e4r Karma \u00e4r fulladdad kan den k\u00f6ra cirka 80 kilometer enbart p\u00e5 el. Men \u00e4rligt talat \u00e4r detta f\u00f6rmodligen mer \u00e4n tillr\u00e4ckligt f\u00f6r de flesta dagliga pendlingsresor, och det finns alltid en bensindriven motor som reservgenerator.<\/p>\n<h2>Fordonets historia<\/h2>\n<p>Till sist n\u00e5gra ord om Fiskers skick, som s\u00e4ljaren beskriver som utm\u00e4rkt. Och om jag ska vara \u00e4rlig s\u00e5 ber\u00e4ttar bilderna och den korta videon samma historia. Bilen servades senast i november 2023 och har inga brister eller fel, f\u00f6rutom varningen f\u00f6r d\u00e4cktryck p\u00e5 instrumentbr\u00e4dan. Detta beror uppenbarligen p\u00e5 att fordonet f\u00f6r n\u00e4rvarande har 21-tums eftermarknadshjul fr\u00e5n Schmid, medan TPMS-systemet \u00e4r programmerat f\u00f6r att fungera med OEM sommarhjul p\u00e5 22 tum. \u00c4garen s\u00e4ger att bilen kan kalibreras om s\u00e5 att den k\u00e4nner igen alternativa d\u00e4ckdimensioner, men brydde sig inte om det eftersom han s\u00e4llan k\u00f6r den under vintern. Dessutom byttes alla krockkuddar ut 2022 som en del av en stor \u00e5terkallelse av Takata-krockkuddar.<\/p>\n<p>Eftersom det h\u00e4r \u00e4r en elhybridbil kan det finnas anledning att oroa sig f\u00f6r batteriernas skick, eftersom de \u00e4r mycket dyra att byta ut. Men enligt s\u00e4ljaren finns det inget att oroa sig f\u00f6r, eftersom batteriet har kontrollerats av en certifierad Fisker Karma-tekniker i augusti 2023, som hade bekr\u00e4ftat att det fortfarande har full prestanda. Bilen levereras med sin ursprungliga mobilladdare, som ansluts till 220 V-uttaget, och en manuell OBD2-kodl\u00e4sare. Den \u00f6sterrikiska tekniska inspektionen \u00e4r godk\u00e4nd och giltig till augusti 2024.<\/p>\n<p>En anm\u00e4rkning om framtida underh\u00e5ll &#8211; medan den enda europeiska auktoriserade \u00e5terf\u00f6rs\u00e4ljaren finns i Nederl\u00e4nderna, finns det ett alternativ att l\u00e5ta deras skickliga specialist flyga till din plats, d\u00e4r han tar hand om allt som beh\u00f6ver g\u00f6ras (f\u00f6rutsatt att reparationen kan utf\u00f6ras p\u00e5 plats).<\/p>\n<p>Slutligen s\u00e4ger s\u00e4ljaren, som k\u00f6pte den 2019, att bilen aldrig hade en olycka eller hade anv\u00e4nts p\u00e5 t\u00e4vlingsbanan, vilket dessutom kan bekr\u00e4ftas av en motsvarande <a href=\"https:\/\/pistonaddict.com\/wp-content\/uploads\/2024\/02\/FiskerKarma.pdf\">fordonshistorikrapport<\/a>. Det \u00e4r ocks\u00e5 v\u00e4rt att n\u00e4mna att s\u00e4ljaren kommer att tillhandah\u00e5lla <a href=\"https:\/\/pistonaddict.com\/wp-content\/uploads\/2024\/02\/CoC1-rotated.jpg\">Certificate of Conformity<\/a>, om k\u00f6paren vill flytta fordonet utanf\u00f6r \u00d6sterrike, d\u00e4r denna Fisker har registrerats sedan dag ett.<\/p>\n<p><strong><br \/>\nKolla in kallstartsvideon av denna fantastiska Fisker Karma :<\/strong><\/p>\n<p><iframe title=\"Cold Start Video of the Fisker Karma\" width=\"1200\" height=\"675\" src=\"https:\/\/www.youtube.com\/embed\/Ct2_uFf2FEw?feature=oembed\" frameborder=\"0\" allow=\"accelerometer; autoplay; clipboard-write; encrypted-media; gyroscope; picture-in-picture; web-share\" allowfullscreen><\/iframe><\/p>\n","protected":false},"excerpt":{"rendered":"<p>Om du letar efter en sportbil som kan ta fyra personer och deras bagage finns det mycket att v\u00e4lja mellan. Men om du vill ha n\u00e5got som skiljer dig fr\u00e5n de vanliga modellerna, d\u00e5 kanske du gillar Fisker Karma. Den erbjuder alla f\u00f6rdelar med en elbil utan r\u00e4ckvidds\u00e5ngest och extra vikt som vanligtvis f\u00f6rknippas med dem. Dessutom \u00e4r all denna tekniska trolldom f\u00f6rpackad i en kropp med spektakul\u00e4rt utseende. Och till salu h\u00e4r har vi en 2012-modell, som s\u00e4ljs av \u00e4garen och hittills har g\u00e5tt 67 000 kilometer. L\u00e5t oss ta en n\u00e4rmare titt p\u00e5 vad den har att erbjuda.<\/p>\n","protected":false},"featured_media":93032,"comment_status":"open","ping_status":"closed","template":"","meta":{"inline_featured_image":false},"product_cat":[730],"product_tag":[2798,3038,922,1850,1849,2997],"acf":[],"yoast_head":"<!-- This site is optimized with the Yoast SEO plugin v22.5 - https:\/\/yoast.com\/wordpress\/plugins\/seo\/ -->\n<title>Fisker Karma - Piston Addict<\/title>\n<meta name=\"robots\" content=\"index, follow, max-snippet:-1, max-image-preview:large, max-video-preview:-1\" \/>\n<link rel=\"canonical\" href=\"https:\/\/pistonaddict.com\/sv\/product\/fisker-karma\/\" \/>\n<meta property=\"og:locale\" content=\"sv_SE\" \/>\n<meta property=\"og:type\" content=\"article\" \/>\n<meta property=\"og:title\" content=\"Fisker Karma - Piston Addict\" \/>\n<meta property=\"og:description\" content=\"Om du letar efter en sportbil som kan ta fyra personer och deras bagage finns det mycket att v\u00e4lja mellan. Men om du vill ha n\u00e5got som skiljer dig fr\u00e5n de vanliga modellerna, d\u00e5 kanske du gillar Fisker Karma. Den erbjuder alla f\u00f6rdelar med en elbil utan r\u00e4ckvidds\u00e5ngest och extra vikt som vanligtvis f\u00f6rknippas med dem. Dessutom \u00e4r all denna tekniska trolldom f\u00f6rpackad i en kropp med spektakul\u00e4rt utseende. Och till salu h\u00e4r har vi en 2012-modell, som s\u00e4ljs av \u00e4garen och hittills har g\u00e5tt 67 000 kilometer. L\u00e5t oss ta en n\u00e4rmare titt p\u00e5 vad den har att erbjuda.\" \/>\n<meta property=\"og:url\" content=\"https:\/\/pistonaddict.com\/sv\/product\/fisker-karma\/\" \/>\n<meta property=\"og:site_name\" content=\"Piston Addict\" \/>\n<meta property=\"article:modified_time\" content=\"2024-03-19T15:38:42+00:00\" \/>\n<meta property=\"og:image\" content=\"https:\/\/pistonaddict.com\/wp-content\/uploads\/2024\/02\/1.jpg\" \/>\n\t<meta property=\"og:image:width\" content=\"1280\" \/>\n\t<meta property=\"og:image:height\" content=\"960\" \/>\n\t<meta property=\"og:image:type\" content=\"image\/jpeg\" \/>\n<meta name=\"twitter:card\" content=\"summary_large_image\" \/>\n<meta name=\"twitter:label1\" content=\"Ber\u00e4knad l\u00e4stid\" \/>\n\t<meta name=\"twitter:data1\" content=\"4 minuter\" \/>\n<script type=\"application\/ld+json\" class=\"yoast-schema-graph\">{\"@context\":\"https:\/\/schema.org\",\"@graph\":[{\"@type\":\"WebPage\",\"@id\":\"https:\/\/pistonaddict.com\/sv\/product\/fisker-karma\/\",\"url\":\"https:\/\/pistonaddict.com\/sv\/product\/fisker-karma\/\",\"name\":\"Fisker Karma - Piston Addict\",\"isPartOf\":{\"@id\":\"https:\/\/pistonaddict.com\/sv\/#website\"},\"primaryImageOfPage\":{\"@id\":\"https:\/\/pistonaddict.com\/sv\/product\/fisker-karma\/#primaryimage\"},\"image\":{\"@id\":\"https:\/\/pistonaddict.com\/sv\/product\/fisker-karma\/#primaryimage\"},\"thumbnailUrl\":\"https:\/\/pistonaddict.com\/wp-content\/uploads\/2024\/02\/1.jpg\",\"datePublished\":\"2024-02-28T12:52:28+00:00\",\"dateModified\":\"2024-03-19T15:38:42+00:00\",\"breadcrumb\":{\"@id\":\"https:\/\/pistonaddict.com\/sv\/product\/fisker-karma\/#breadcrumb\"},\"inLanguage\":\"sv-SE\",\"potentialAction\":[{\"@type\":\"ReadAction\",\"target\":[\"https:\/\/pistonaddict.com\/sv\/product\/fisker-karma\/\"]}]},{\"@type\":\"ImageObject\",\"inLanguage\":\"sv-SE\",\"@id\":\"https:\/\/pistonaddict.com\/sv\/product\/fisker-karma\/#primaryimage\",\"url\":\"https:\/\/pistonaddict.com\/wp-content\/uploads\/2024\/02\/1.jpg\",\"contentUrl\":\"https:\/\/pistonaddict.com\/wp-content\/uploads\/2024\/02\/1.jpg\",\"width\":1280,\"height\":960},{\"@type\":\"BreadcrumbList\",\"@id\":\"https:\/\/pistonaddict.com\/sv\/product\/fisker-karma\/#breadcrumb\",\"itemListElement\":[{\"@type\":\"ListItem\",\"position\":1,\"name\":\"Hemsida\",\"item\":\"https:\/\/pistonaddict.com\/sv\/hemsidan\/\"},{\"@type\":\"ListItem\",\"position\":2,\"name\":\"Auctions\",\"item\":\"https:\/\/pistonaddict.com\/auctions-listing\/\"},{\"@type\":\"ListItem\",\"position\":3,\"name\":\"Fisker Karma\"}]},{\"@type\":\"WebSite\",\"@id\":\"https:\/\/pistonaddict.com\/sv\/#website\",\"url\":\"https:\/\/pistonaddict.com\/sv\/\",\"name\":\"Piston Addict\",\"description\":\"Only interesting vehicles\",\"publisher\":{\"@id\":\"https:\/\/pistonaddict.com\/sv\/#organization\"},\"potentialAction\":[{\"@type\":\"SearchAction\",\"target\":{\"@type\":\"EntryPoint\",\"urlTemplate\":\"https:\/\/pistonaddict.com\/sv\/?s={search_term_string}\"},\"query-input\":\"required name=search_term_string\"}],\"inLanguage\":\"sv-SE\"},{\"@type\":\"Organization\",\"@id\":\"https:\/\/pistonaddict.com\/sv\/#organization\",\"name\":\"Piston Addict\",\"url\":\"https:\/\/pistonaddict.com\/sv\/\",\"logo\":{\"@type\":\"ImageObject\",\"inLanguage\":\"sv-SE\",\"@id\":\"https:\/\/pistonaddict.com\/sv\/#\/schema\/logo\/image\/\",\"url\":\"https:\/\/pistonaddict.com\/wp-content\/uploads\/2022\/07\/logo-6.png\",\"contentUrl\":\"https:\/\/pistonaddict.com\/wp-content\/uploads\/2022\/07\/logo-6.png\",\"width\":970,\"height\":200,\"caption\":\"Piston Addict\"},\"image\":{\"@id\":\"https:\/\/pistonaddict.com\/sv\/#\/schema\/logo\/image\/\"}}]}<\/script>\n<!-- \/ Yoast SEO plugin. -->","yoast_head_json":{"title":"Fisker Karma - Piston Addict","robots":{"index":"index","follow":"follow","max-snippet":"max-snippet:-1","max-image-preview":"max-image-preview:large","max-video-preview":"max-video-preview:-1"},"canonical":"https:\/\/pistonaddict.com\/sv\/product\/fisker-karma\/","og_locale":"sv_SE","og_type":"article","og_title":"Fisker Karma - Piston Addict","og_description":"Om du letar efter en sportbil som kan ta fyra personer och deras bagage finns det mycket att v\u00e4lja mellan. Men om du vill ha n\u00e5got som skiljer dig fr\u00e5n de vanliga modellerna, d\u00e5 kanske du gillar Fisker Karma. Den erbjuder alla f\u00f6rdelar med en elbil utan r\u00e4ckvidds\u00e5ngest och extra vikt som vanligtvis f\u00f6rknippas med dem. Dessutom \u00e4r all denna tekniska trolldom f\u00f6rpackad i en kropp med spektakul\u00e4rt utseende. Och till salu h\u00e4r har vi en 2012-modell, som s\u00e4ljs av \u00e4garen och hittills har g\u00e5tt 67 000 kilometer. L\u00e5t oss ta en n\u00e4rmare titt p\u00e5 vad den har att erbjuda.","og_url":"https:\/\/pistonaddict.com\/sv\/product\/fisker-karma\/","og_site_name":"Piston Addict","article_modified_time":"2024-03-19T15:38:42+00:00","og_image":[{"width":1280,"height":960,"url":"https:\/\/pistonaddict.com\/wp-content\/uploads\/2024\/02\/1.jpg","type":"image\/jpeg"}],"twitter_card":"summary_large_image","twitter_misc":{"Ber\u00e4knad l\u00e4stid":"4 minuter"},"schema":{"@context":"https:\/\/schema.org","@graph":[{"@type":"WebPage","@id":"https:\/\/pistonaddict.com\/sv\/product\/fisker-karma\/","url":"https:\/\/pistonaddict.com\/sv\/product\/fisker-karma\/","name":"Fisker Karma - Piston Addict","isPartOf":{"@id":"https:\/\/pistonaddict.com\/sv\/#website"},"primaryImageOfPage":{"@id":"https:\/\/pistonaddict.com\/sv\/product\/fisker-karma\/#primaryimage"},"image":{"@id":"https:\/\/pistonaddict.com\/sv\/product\/fisker-karma\/#primaryimage"},"thumbnailUrl":"https:\/\/pistonaddict.com\/wp-content\/uploads\/2024\/02\/1.jpg","datePublished":"2024-02-28T12:52:28+00:00","dateModified":"2024-03-19T15:38:42+00:00","breadcrumb":{"@id":"https:\/\/pistonaddict.com\/sv\/product\/fisker-karma\/#breadcrumb"},"inLanguage":"sv-SE","potentialAction":[{"@type":"ReadAction","target":["https:\/\/pistonaddict.com\/sv\/product\/fisker-karma\/"]}]},{"@type":"ImageObject","inLanguage":"sv-SE","@id":"https:\/\/pistonaddict.com\/sv\/product\/fisker-karma\/#primaryimage","url":"https:\/\/pistonaddict.com\/wp-content\/uploads\/2024\/02\/1.jpg","contentUrl":"https:\/\/pistonaddict.com\/wp-content\/uploads\/2024\/02\/1.jpg","width":1280,"height":960},{"@type":"BreadcrumbList","@id":"https:\/\/pistonaddict.com\/sv\/product\/fisker-karma\/#breadcrumb","itemListElement":[{"@type":"ListItem","position":1,"name":"Hemsida","item":"https:\/\/pistonaddict.com\/sv\/hemsidan\/"},{"@type":"ListItem","position":2,"name":"Auctions","item":"https:\/\/pistonaddict.com\/auctions-listing\/"},{"@type":"ListItem","position":3,"name":"Fisker Karma"}]},{"@type":"WebSite","@id":"https:\/\/pistonaddict.com\/sv\/#website","url":"https:\/\/pistonaddict.com\/sv\/","name":"Piston Addict","description":"Only interesting vehicles","publisher":{"@id":"https:\/\/pistonaddict.com\/sv\/#organization"},"potentialAction":[{"@type":"SearchAction","target":{"@type":"EntryPoint","urlTemplate":"https:\/\/pistonaddict.com\/sv\/?s={search_term_string}"},"query-input":"required name=search_term_string"}],"inLanguage":"sv-SE"},{"@type":"Organization","@id":"https:\/\/pistonaddict.com\/sv\/#organization","name":"Piston Addict","url":"https:\/\/pistonaddict.com\/sv\/","logo":{"@type":"ImageObject","inLanguage":"sv-SE","@id":"https:\/\/pistonaddict.com\/sv\/#\/schema\/logo\/image\/","url":"https:\/\/pistonaddict.com\/wp-content\/uploads\/2022\/07\/logo-6.png","contentUrl":"https:\/\/pistonaddict.com\/wp-content\/uploads\/2022\/07\/logo-6.png","width":970,"height":200,"caption":"Piston Addict"},"image":{"@id":"https:\/\/pistonaddict.com\/sv\/#\/schema\/logo\/image\/"}}]}},"_links":{"self":[{"href":"https:\/\/pistonaddict.com\/sv\/wp-json\/wp\/v2\/product\/94118"}],"collection":[{"href":"https:\/\/pistonaddict.com\/sv\/wp-json\/wp\/v2\/product"}],"about":[{"href":"https:\/\/pistonaddict.com\/sv\/wp-json\/wp\/v2\/types\/product"}],"replies":[{"embeddable":true,"href":"https:\/\/pistonaddict.com\/sv\/wp-json\/wp\/v2\/comments?post=94118"}],"wp:featuredmedia":[{"embeddable":true,"href":"https:\/\/pistonaddict.com\/sv\/wp-json\/wp\/v2\/media\/93032"}],"wp:attachment":[{"href":"https:\/\/pistonaddict.com\/sv\/wp-json\/wp\/v2\/media?parent=94118"}],"wp:term":[{"taxonomy":"product_cat","embeddable":true,"href":"https:\/\/pistonaddict.com\/sv\/wp-json\/wp\/v2\/product_cat?post=94118"},{"taxonomy":"product_tag","embeddable":true,"href":"https:\/\/pistonaddict.com\/sv\/wp-json\/wp\/v2\/product_tag?post=94118"}],"curies":[{"name":"wp","href":"https:\/\/api.w.org\/{rel}","templated":true}]}}