{"id":92886,"date":"2024-02-23T14:19:05","date_gmt":"2024-02-23T13:19:05","guid":{"rendered":"https:\/\/pistonaddict.com\/product\/volkswagen-1303-cabriolet-triple-white-beetle\/"},"modified":"2024-03-20T09:46:35","modified_gmt":"2024-03-20T08:46:35","slug":"volkswagen-1303-cabriolet-trippel-vit-geting","status":"publish","type":"product","link":"https:\/\/pistonaddict.com\/sv\/product\/volkswagen-1303-cabriolet-trippel-vit-geting\/","title":{"rendered":"Volkswagen 1303 Cabriolet Triple White Beetle"},"content":{"rendered":"<p>Om den vanliga Volkswagen Beetle var en ekonomimodell som satte v\u00e4rlden p\u00e5 hjul, var dess cabrioletversion alltid den mer exklusiva och prestigefyllda. F\u00f6rst och fr\u00e4mst tillverkades den av den ber\u00f6mda karossverkstaden Karmann och hade m\u00e5nga modifieringar j\u00e4mf\u00f6rt med standardmodellen. Det h\u00e4r var inte bara en Beetle utan en helt annan bil med chassif\u00f6rb\u00e4ttringar, andra d\u00f6rrar, vindrutor och specifika paneler. Mot slutet av en l\u00e5ng produktionsperiod fick Volkswagen Beetle Cabriolet en uppgraderad motor, fr\u00e4mre skivbromsar och fler funktioner, vilket gjorde den till en b\u00e4ttre och mer kompetent \u00f6ppen cruiser. Idag \u00e4r vi stolta \u00f6ver att kunna presentera en s\u00e5dan bil. En Volkswagen 1303 Cabriolet fr\u00e5n 1979 i en unik, trippelvit f\u00e4rgs\u00e4ttning med en 1,6-liters br\u00e4nsleinsprutningsmotor och i helt originalskick. Denna sena modell av Beetle cabriolet s\u00e5ldes ursprungligen i USA och marknadsf\u00f6rdes som Super Beetle och \u00e4r bland de mer \u00e5tr\u00e5v\u00e4rda exemplaren p\u00e5 grund av b\u00e4ttre utrustning och en 48 hk motor med en topphastighet p\u00e5 130 km\/h (82 mph). Just denna bil tillverkades i december 1979, vilket g\u00f6r den till en av de allra sista Beetle-cabrioleterna, eftersom tillverkningen upph\u00f6rde i b\u00f6rjan av 1980. Volkswagen s\u00e5lde bara 4 572 1303 Cabriolet 1980, mycket f\u00e5 i Tripple-White, och detta \u00e4r en av dem. De senare modellerna har flera unika designdetaljer som g\u00f6r dem \u00e4nnu mer praktiska och njutbara. Till exempel har ett st\u00f6rre bagageutrymme fram och en l\u00e4tt b\u00f6jd vindruta minskat vindbruset, fr\u00e4mst vid k\u00f6rning med taket nedf\u00e4llt.<\/p>\n<p><strong>Interi\u00f6r<\/strong><\/p>\n<p>De vita vinyls\u00e4tena \u00e4r i utm\u00e4rkt skick, och interi\u00f6ren i denna i\u00f6gonfallande Beetle \u00e4r helt original. Med en tr\u00e4trimmad instrumentbr\u00e4da, unik ratt och f\u00f6rb\u00e4ttrad ergonomi \u00e4r detta den mest exklusiva f\u00f6rarmilj\u00f6n i n\u00e5gon klassisk Beetle. Instrumentpanelen \u00e4r inte sprucken; ljudsystemet har charmiga 80-tals Blaupunkt-kassettenheter.<\/p>\n<p><strong>Bilens skick<\/strong><\/p>\n<p>Med bara 94 000 kilometer och ett par f\u00f6rsiktiga \u00e4gare har denna 1303 Convertible restaurerats och har beh\u00e5llit den ursprungliga, nummermatchade motorn och v\u00e4xell\u00e5dan. Det allm\u00e4nna skicket \u00e4r n\u00e4ra perfekt, med allt i funktionsdugligt skick och inga rostfl\u00e4ckar eller missf\u00e4rgningar. Den senaste servicen utf\u00f6rdes i oktober 2023 och bilen klarade den \u00e5rliga tekniska inspektionen 2024 utan n\u00e5gra problem. P\u00e5 bilar som denna \u00e4r vinyltaket ofta problematiskt, men vi \u00e4r glada att kunna rapportera att \u00e4ven detta \u00e4r i perfekt skick utan revor eller l\u00e4ckage. Underredet \u00e4r lika rent som karossen, utan n\u00e5gra rostproblem. Bilen restaurerades professionellt till h\u00f6gsta standard med originaldelar och underh\u00e5lls av en VW-specialist. Sedan restaureringen har fordonet f\u00f6rvarats i ett klimatkontrollerat garage.<\/p>\n<p><strong>Exteri\u00f6r och hjul<\/strong><\/p>\n<p>Den vita signaturf\u00e4rgen \u00e4r i perfekt skick, och det trippelvita f\u00e4rgschemat \u00e4r originellt och s\u00e4llsynt. F\u00e4lgarna \u00e4r 15-tums originalf\u00e4lgar med kromade navkapslar som \u00e4r lindade i helt nytt (DOT 2023) gummi i l\u00e4mplig storlek (175\/70\/R15).<\/p>\n<p><strong>Dokumentation<\/strong><\/p>\n<p>Den privata s\u00e4ljaren s\u00e4ljer detta fordon med l\u00e4mplig dokumentation i Nederl\u00e4nderna. <strong>Holl\u00e4ndsk MOT (APK) \u00e4r giltig till augusti 2024<\/strong>. Det finns dokumentation \u00f6ver regelbundet underh\u00e5ll, k\u00f6pebrev och kvitton. Dokumentationen inkluderar den ursprungliga \u00e4garens titel, broschyrer, <a href=\"https:\/\/pistonaddict.com\/wp-content\/uploads\/2024\/02\/Zertificat.pdf\" target=\"blank\" rel=\"noopener\">VW klassisk expertis<\/a> och registreringspapper. Det finns ingen fabriksgaranti f\u00f6r denna modell.<\/p>\n<p><strong><br \/>\nKolla in kallstartsvideon av denna vackra cabriolet Beetle Triple White :<\/strong><\/p>\n<p>&nbsp;<\/p>\n<p><iframe title=\"Cold Start Video of the Volkswagen Coccinelle\/Beetle Cabriolet 1.6 Triple White\" width=\"1200\" height=\"675\" src=\"https:\/\/www.youtube.com\/embed\/G0rjRvyjhRo?feature=oembed\" frameborder=\"0\" allow=\"accelerometer; autoplay; clipboard-write; encrypted-media; gyroscope; picture-in-picture; web-share\" allowfullscreen><\/iframe><\/p>\n<p><strong> <\/strong><\/p>\n","protected":false},"excerpt":{"rendered":"<p>Volkswagens eponyma Beetle var en av 1900-talets mest fantastiska bilar och fortfarande en av de b\u00e4sta startklassikerna. Men cabrioletversionen \u00e4r mycket mer s\u00e4llsynt, coolare och perfekt f\u00f6r den d\u00e4r kustturen i det fria med ett omissk\u00e4nnligt soundtrack fr\u00e5n en fyrhjulsdriven motor. Om du \u00e4r f\u00f6rtjust i klassiska Beetle-linjer men letar efter en som har b\u00e4ttre k\u00f6rbarhet och kraft, \u00e4r det h\u00e4r den perfekta bilen f\u00f6r dig. En mer \u00e5tr\u00e5v\u00e4rd, senare modell av 1303 Cabriolet med en kraftfullare och br\u00e4nsleinsprutad motor, redo f\u00f6r sommars\u00e4songen.<\/p>\n","protected":false},"featured_media":92695,"comment_status":"open","ping_status":"closed","template":"","meta":{"inline_featured_image":false},"product_cat":[730],"product_tag":[2979,958,2977],"acf":[],"yoast_head":"<!-- This site is optimized with the Yoast SEO plugin v22.5 - https:\/\/yoast.com\/wordpress\/plugins\/seo\/ -->\n<title>Volkswagen 1303 Cabriolet Triple White Beetle - Piston Addict<\/title>\n<meta name=\"robots\" content=\"index, follow, max-snippet:-1, max-image-preview:large, max-video-preview:-1\" \/>\n<link rel=\"canonical\" href=\"https:\/\/pistonaddict.com\/sv\/product\/volkswagen-1303-cabriolet-trippel-vit-geting\/\" \/>\n<meta property=\"og:locale\" content=\"sv_SE\" \/>\n<meta property=\"og:type\" content=\"article\" \/>\n<meta property=\"og:title\" content=\"Volkswagen 1303 Cabriolet Triple White Beetle - Piston Addict\" \/>\n<meta property=\"og:description\" content=\"Volkswagens eponyma Beetle var en av 1900-talets mest fantastiska bilar och fortfarande en av de b\u00e4sta startklassikerna. Men cabrioletversionen \u00e4r mycket mer s\u00e4llsynt, coolare och perfekt f\u00f6r den d\u00e4r kustturen i det fria med ett omissk\u00e4nnligt soundtrack fr\u00e5n en fyrhjulsdriven motor. Om du \u00e4r f\u00f6rtjust i klassiska Beetle-linjer men letar efter en som har b\u00e4ttre k\u00f6rbarhet och kraft, \u00e4r det h\u00e4r den perfekta bilen f\u00f6r dig. En mer \u00e5tr\u00e5v\u00e4rd, senare modell av 1303 Cabriolet med en kraftfullare och br\u00e4nsleinsprutad motor, redo f\u00f6r sommars\u00e4songen.\" \/>\n<meta property=\"og:url\" content=\"https:\/\/pistonaddict.com\/sv\/product\/volkswagen-1303-cabriolet-trippel-vit-geting\/\" \/>\n<meta property=\"og:site_name\" content=\"Piston Addict\" \/>\n<meta property=\"article:modified_time\" content=\"2024-03-20T08:46:35+00:00\" \/>\n<meta property=\"og:image\" content=\"https:\/\/pistonaddict.com\/wp-content\/uploads\/2024\/02\/b2c02738-a5a6-4266-893c-b51da700edcd-1.jpg\" \/>\n\t<meta property=\"og:image:width\" content=\"1600\" \/>\n\t<meta property=\"og:image:height\" content=\"1200\" \/>\n\t<meta property=\"og:image:type\" content=\"image\/jpeg\" \/>\n<meta name=\"twitter:card\" content=\"summary_large_image\" \/>\n<meta name=\"twitter:label1\" content=\"Ber\u00e4knad l\u00e4stid\" \/>\n\t<meta name=\"twitter:data1\" content=\"3 minuter\" \/>\n<script type=\"application\/ld+json\" class=\"yoast-schema-graph\">{\"@context\":\"https:\/\/schema.org\",\"@graph\":[{\"@type\":\"WebPage\",\"@id\":\"https:\/\/pistonaddict.com\/sv\/product\/volkswagen-1303-cabriolet-trippel-vit-geting\/\",\"url\":\"https:\/\/pistonaddict.com\/sv\/product\/volkswagen-1303-cabriolet-trippel-vit-geting\/\",\"name\":\"Volkswagen 1303 Cabriolet Triple White Beetle - Piston Addict\",\"isPartOf\":{\"@id\":\"https:\/\/pistonaddict.com\/sv\/#website\"},\"primaryImageOfPage\":{\"@id\":\"https:\/\/pistonaddict.com\/sv\/product\/volkswagen-1303-cabriolet-trippel-vit-geting\/#primaryimage\"},\"image\":{\"@id\":\"https:\/\/pistonaddict.com\/sv\/product\/volkswagen-1303-cabriolet-trippel-vit-geting\/#primaryimage\"},\"thumbnailUrl\":\"https:\/\/pistonaddict.com\/wp-content\/uploads\/2024\/02\/b2c02738-a5a6-4266-893c-b51da700edcd-1.jpg\",\"datePublished\":\"2024-02-23T13:19:05+00:00\",\"dateModified\":\"2024-03-20T08:46:35+00:00\",\"breadcrumb\":{\"@id\":\"https:\/\/pistonaddict.com\/sv\/product\/volkswagen-1303-cabriolet-trippel-vit-geting\/#breadcrumb\"},\"inLanguage\":\"sv-SE\",\"potentialAction\":[{\"@type\":\"ReadAction\",\"target\":[\"https:\/\/pistonaddict.com\/sv\/product\/volkswagen-1303-cabriolet-trippel-vit-geting\/\"]}]},{\"@type\":\"ImageObject\",\"inLanguage\":\"sv-SE\",\"@id\":\"https:\/\/pistonaddict.com\/sv\/product\/volkswagen-1303-cabriolet-trippel-vit-geting\/#primaryimage\",\"url\":\"https:\/\/pistonaddict.com\/wp-content\/uploads\/2024\/02\/b2c02738-a5a6-4266-893c-b51da700edcd-1.jpg\",\"contentUrl\":\"https:\/\/pistonaddict.com\/wp-content\/uploads\/2024\/02\/b2c02738-a5a6-4266-893c-b51da700edcd-1.jpg\",\"width\":1600,\"height\":1200},{\"@type\":\"BreadcrumbList\",\"@id\":\"https:\/\/pistonaddict.com\/sv\/product\/volkswagen-1303-cabriolet-trippel-vit-geting\/#breadcrumb\",\"itemListElement\":[{\"@type\":\"ListItem\",\"position\":1,\"name\":\"Hemsida\",\"item\":\"https:\/\/pistonaddict.com\/sv\/hemsidan\/\"},{\"@type\":\"ListItem\",\"position\":2,\"name\":\"Auctions\",\"item\":\"https:\/\/pistonaddict.com\/auctions-listing\/\"},{\"@type\":\"ListItem\",\"position\":3,\"name\":\"Volkswagen 1303 Cabriolet Triple White Beetle\"}]},{\"@type\":\"WebSite\",\"@id\":\"https:\/\/pistonaddict.com\/sv\/#website\",\"url\":\"https:\/\/pistonaddict.com\/sv\/\",\"name\":\"Piston Addict\",\"description\":\"Only interesting vehicles\",\"publisher\":{\"@id\":\"https:\/\/pistonaddict.com\/sv\/#organization\"},\"potentialAction\":[{\"@type\":\"SearchAction\",\"target\":{\"@type\":\"EntryPoint\",\"urlTemplate\":\"https:\/\/pistonaddict.com\/sv\/?s={search_term_string}\"},\"query-input\":\"required name=search_term_string\"}],\"inLanguage\":\"sv-SE\"},{\"@type\":\"Organization\",\"@id\":\"https:\/\/pistonaddict.com\/sv\/#organization\",\"name\":\"Piston Addict\",\"url\":\"https:\/\/pistonaddict.com\/sv\/\",\"logo\":{\"@type\":\"ImageObject\",\"inLanguage\":\"sv-SE\",\"@id\":\"https:\/\/pistonaddict.com\/sv\/#\/schema\/logo\/image\/\",\"url\":\"https:\/\/pistonaddict.com\/wp-content\/uploads\/2022\/07\/logo-6.png\",\"contentUrl\":\"https:\/\/pistonaddict.com\/wp-content\/uploads\/2022\/07\/logo-6.png\",\"width\":970,\"height\":200,\"caption\":\"Piston Addict\"},\"image\":{\"@id\":\"https:\/\/pistonaddict.com\/sv\/#\/schema\/logo\/image\/\"}}]}<\/script>\n<!-- \/ Yoast SEO plugin. -->","yoast_head_json":{"title":"Volkswagen 1303 Cabriolet Triple White Beetle - Piston Addict","robots":{"index":"index","follow":"follow","max-snippet":"max-snippet:-1","max-image-preview":"max-image-preview:large","max-video-preview":"max-video-preview:-1"},"canonical":"https:\/\/pistonaddict.com\/sv\/product\/volkswagen-1303-cabriolet-trippel-vit-geting\/","og_locale":"sv_SE","og_type":"article","og_title":"Volkswagen 1303 Cabriolet Triple White Beetle - Piston Addict","og_description":"Volkswagens eponyma Beetle var en av 1900-talets mest fantastiska bilar och fortfarande en av de b\u00e4sta startklassikerna. Men cabrioletversionen \u00e4r mycket mer s\u00e4llsynt, coolare och perfekt f\u00f6r den d\u00e4r kustturen i det fria med ett omissk\u00e4nnligt soundtrack fr\u00e5n en fyrhjulsdriven motor. Om du \u00e4r f\u00f6rtjust i klassiska Beetle-linjer men letar efter en som har b\u00e4ttre k\u00f6rbarhet och kraft, \u00e4r det h\u00e4r den perfekta bilen f\u00f6r dig. En mer \u00e5tr\u00e5v\u00e4rd, senare modell av 1303 Cabriolet med en kraftfullare och br\u00e4nsleinsprutad motor, redo f\u00f6r sommars\u00e4songen.","og_url":"https:\/\/pistonaddict.com\/sv\/product\/volkswagen-1303-cabriolet-trippel-vit-geting\/","og_site_name":"Piston Addict","article_modified_time":"2024-03-20T08:46:35+00:00","og_image":[{"width":1600,"height":1200,"url":"https:\/\/pistonaddict.com\/wp-content\/uploads\/2024\/02\/b2c02738-a5a6-4266-893c-b51da700edcd-1.jpg","type":"image\/jpeg"}],"twitter_card":"summary_large_image","twitter_misc":{"Ber\u00e4knad l\u00e4stid":"3 minuter"},"schema":{"@context":"https:\/\/schema.org","@graph":[{"@type":"WebPage","@id":"https:\/\/pistonaddict.com\/sv\/product\/volkswagen-1303-cabriolet-trippel-vit-geting\/","url":"https:\/\/pistonaddict.com\/sv\/product\/volkswagen-1303-cabriolet-trippel-vit-geting\/","name":"Volkswagen 1303 Cabriolet Triple White Beetle - Piston Addict","isPartOf":{"@id":"https:\/\/pistonaddict.com\/sv\/#website"},"primaryImageOfPage":{"@id":"https:\/\/pistonaddict.com\/sv\/product\/volkswagen-1303-cabriolet-trippel-vit-geting\/#primaryimage"},"image":{"@id":"https:\/\/pistonaddict.com\/sv\/product\/volkswagen-1303-cabriolet-trippel-vit-geting\/#primaryimage"},"thumbnailUrl":"https:\/\/pistonaddict.com\/wp-content\/uploads\/2024\/02\/b2c02738-a5a6-4266-893c-b51da700edcd-1.jpg","datePublished":"2024-02-23T13:19:05+00:00","dateModified":"2024-03-20T08:46:35+00:00","breadcrumb":{"@id":"https:\/\/pistonaddict.com\/sv\/product\/volkswagen-1303-cabriolet-trippel-vit-geting\/#breadcrumb"},"inLanguage":"sv-SE","potentialAction":[{"@type":"ReadAction","target":["https:\/\/pistonaddict.com\/sv\/product\/volkswagen-1303-cabriolet-trippel-vit-geting\/"]}]},{"@type":"ImageObject","inLanguage":"sv-SE","@id":"https:\/\/pistonaddict.com\/sv\/product\/volkswagen-1303-cabriolet-trippel-vit-geting\/#primaryimage","url":"https:\/\/pistonaddict.com\/wp-content\/uploads\/2024\/02\/b2c02738-a5a6-4266-893c-b51da700edcd-1.jpg","contentUrl":"https:\/\/pistonaddict.com\/wp-content\/uploads\/2024\/02\/b2c02738-a5a6-4266-893c-b51da700edcd-1.jpg","width":1600,"height":1200},{"@type":"BreadcrumbList","@id":"https:\/\/pistonaddict.com\/sv\/product\/volkswagen-1303-cabriolet-trippel-vit-geting\/#breadcrumb","itemListElement":[{"@type":"ListItem","position":1,"name":"Hemsida","item":"https:\/\/pistonaddict.com\/sv\/hemsidan\/"},{"@type":"ListItem","position":2,"name":"Auctions","item":"https:\/\/pistonaddict.com\/auctions-listing\/"},{"@type":"ListItem","position":3,"name":"Volkswagen 1303 Cabriolet Triple White Beetle"}]},{"@type":"WebSite","@id":"https:\/\/pistonaddict.com\/sv\/#website","url":"https:\/\/pistonaddict.com\/sv\/","name":"Piston Addict","description":"Only interesting vehicles","publisher":{"@id":"https:\/\/pistonaddict.com\/sv\/#organization"},"potentialAction":[{"@type":"SearchAction","target":{"@type":"EntryPoint","urlTemplate":"https:\/\/pistonaddict.com\/sv\/?s={search_term_string}"},"query-input":"required name=search_term_string"}],"inLanguage":"sv-SE"},{"@type":"Organization","@id":"https:\/\/pistonaddict.com\/sv\/#organization","name":"Piston Addict","url":"https:\/\/pistonaddict.com\/sv\/","logo":{"@type":"ImageObject","inLanguage":"sv-SE","@id":"https:\/\/pistonaddict.com\/sv\/#\/schema\/logo\/image\/","url":"https:\/\/pistonaddict.com\/wp-content\/uploads\/2022\/07\/logo-6.png","contentUrl":"https:\/\/pistonaddict.com\/wp-content\/uploads\/2022\/07\/logo-6.png","width":970,"height":200,"caption":"Piston Addict"},"image":{"@id":"https:\/\/pistonaddict.com\/sv\/#\/schema\/logo\/image\/"}}]}},"_links":{"self":[{"href":"https:\/\/pistonaddict.com\/sv\/wp-json\/wp\/v2\/product\/92886"}],"collection":[{"href":"https:\/\/pistonaddict.com\/sv\/wp-json\/wp\/v2\/product"}],"about":[{"href":"https:\/\/pistonaddict.com\/sv\/wp-json\/wp\/v2\/types\/product"}],"replies":[{"embeddable":true,"href":"https:\/\/pistonaddict.com\/sv\/wp-json\/wp\/v2\/comments?post=92886"}],"wp:featuredmedia":[{"embeddable":true,"href":"https:\/\/pistonaddict.com\/sv\/wp-json\/wp\/v2\/media\/92695"}],"wp:attachment":[{"href":"https:\/\/pistonaddict.com\/sv\/wp-json\/wp\/v2\/media?parent=92886"}],"wp:term":[{"taxonomy":"product_cat","embeddable":true,"href":"https:\/\/pistonaddict.com\/sv\/wp-json\/wp\/v2\/product_cat?post=92886"},{"taxonomy":"product_tag","embeddable":true,"href":"https:\/\/pistonaddict.com\/sv\/wp-json\/wp\/v2\/product_tag?post=92886"}],"curies":[{"name":"wp","href":"https:\/\/api.w.org\/{rel}","templated":true}]}}