{"id":89353,"date":"2024-01-31T11:03:43","date_gmt":"2024-01-31T10:03:43","guid":{"rendered":"https:\/\/pistonaddict.com\/product\/abarth-695-tributo-ferrari-no424\/"},"modified":"2024-03-20T09:46:47","modified_gmt":"2024-03-20T08:46:47","slug":"abarth-695-tributo-ferrari-no424","status":"publish","type":"product","link":"https:\/\/pistonaddict.com\/sv\/product\/abarth-695-tributo-ferrari-no424\/","title":{"rendered":"Abarth 695 Tributo Ferrari n\u00ba424"},"content":{"rendered":"<h2>Exteri\u00f6r<\/h2>\n<p>Baserad p\u00e5 en ber\u00f6md och enormt popul\u00e4r Fiat 500 beh\u00f6ver 695 f\u00f6rmodligen inte mycket introduktion. Vad Abarth gjorde var att l\u00e4gga till n\u00e5gra massiva st\u00f6tf\u00e5ngare fram och bak tillsammans med matchande tr\u00f6skelskydd, bakre spoiler och dubbla avgassystem. Och f\u00f6r att piffa till det \u00e4nnu mer monterade de detaljer som spegelk\u00e5por i kolfiber och det i\u00f6gonfallande <em>Tributo Ferrari-m\u00e4rket<\/em> p\u00e5 de bakre karosspanelerna.<br \/>\nJust denna Abart 695 \u00e4r m\u00e5lad i en eldr\u00f6d f\u00e4rg med gr\u00e5 racingremsor som b\u00f6rjar p\u00e5 huven, str\u00e4cker sig \u00f6ver taket och slutar p\u00e5 bakluckan. Hur mycket bilen har k\u00f6rts &#8211; eller inte k\u00f6rts, f\u00f6r att vara mer exakt &#8211; visas b\u00e4st av 17-tumshjulen, som fortfarande har fabriksmonterade Michelin Pilot-d\u00e4ck.<\/p>\n<h2>Interi\u00f6r<\/h2>\n<p>Precis som p\u00e5 utsidan avsl\u00f6jar bilens interi\u00f6r snabbt dess sanna natur. Till att b\u00f6rja med har frams\u00e4tena, som tillverkas av Sabelt, en kolfiberstruktur och \u00e4r extremt st\u00f6djande. N\u00e4r f\u00f6raren v\u00e4l har satt sig i bilen sitter han eller hon bakom en treekrad l\u00e4derratt med r\u00f6da accenter och s\u00f6mmar. Som en modell med automatiserad v\u00e4xell\u00e5da har denna Abart ingen v\u00e4xelspak p\u00e5 mittkonsolen &#8211; ist\u00e4llet finns det bara flera knappar f\u00f6r att v\u00e4lja back, k\u00f6r eller neutral. Men det finns ocks\u00e5 paddlar p\u00e5 ratten, f\u00f6r n\u00e4r f\u00f6raren vill v\u00e4xla manuellt.<\/p>\n<p>Hela interi\u00f6ren \u00e4r t\u00e4ckt av uts\u00f6kta detaljer, som lister i kolfiber, luftkonditionering och stereo med USB-anslutning, samt <em>Tributo Ferrari-m\u00e4rken<\/em> runt om.<\/p>\n<h2>Mekanik<\/h2>\n<p>Denna aggressivt utseende italienska sportster har en 1,4-liters turboladdad motor, fr\u00e5n vilken Abarths ingenj\u00f6rer lyckades pressa ut en h\u00e4pnadsv\u00e4ckande 180 h\u00e4stkrafter. Kraften levereras till framhjulen via en semiautomatiserad MTA-transmission, som fungerar b\u00e5de i automatiskt och manuellt l\u00e4ge. Visst, att s\u00e4tta s\u00e5 mycket kraft i en s\u00e5 h\u00e4r l\u00e4tt bil kommer att resultera i n\u00e5gra spektakul\u00e4ra prestanda, till exempel en topphastighet p\u00e5 mer \u00e4n 220 kilometer per timme. F\u00f6r att h\u00e5lla allt detta i schack \u00e4r denna Abarth 695 utrustad med en styvare fj\u00e4dring och st\u00f6rre bromsar.<\/p>\n<h2>Fordonets historia<\/h2>\n<p>Den professionella s\u00e4ljaren, som f\u00f6rv\u00e4rvade den helt nyligen, beskriver Abarths skick som n\u00e4stan perfekt. F\u00f6rutom att bilen har en l\u00e5g k\u00f6rstr\u00e4cka var den senast p\u00e5 service i januari 2023, d\u00e5 motoroljan byttes. Inv\u00e4ndigt och utv\u00e4ndigt finns inga tecken p\u00e5 slitage, skador eller rost, och de enda visuella bristerna \u00e4r tv\u00e5 mindre repor p\u00e5 h\u00f6ger sida. Dessa kommer dock att repareras professionellt utan kostnad f\u00f6r den framtida \u00e4garen n\u00e4r bilen s\u00e4ljs.<\/p>\n<p>Slutligen, enligt s\u00e4ljaren, var bilen, som f\u00f6r n\u00e4rvarande \u00e4r i Spanien, aldrig inblandad i en olycka, med en motsvarande <a href=\"https:\/\/pistonaddict.com\/wp-content\/uploads\/2024\/01\/carfaxAbarth695.pdf\">CARFAX<\/a> Vehicle History Report f\u00f6r att bevisa det. Spanska MOT (ITV) godk\u00e4nd och giltig till december 2024.<\/p>\n<p><strong>Kolla in kallstartvideon av denna vackra Abarth 695 Tributo Ferrari :<\/strong><\/p>\n<p><iframe title=\"Cold Start Video of the Abarth 500 Tributo Ferrari\" width=\"1200\" height=\"675\" src=\"https:\/\/www.youtube.com\/embed\/lzDg2i_JYA4?feature=oembed\" frameborder=\"0\" allow=\"accelerometer; autoplay; clipboard-write; encrypted-media; gyroscope; picture-in-picture; web-share\" allowfullscreen><\/iframe><\/p>\n<p>&nbsp;<\/p>\n","protected":false},"excerpt":{"rendered":"<p>En liten stadsbil beh\u00f6ver inte n\u00f6dv\u00e4ndigtvis bara vara ett praktiskt s\u00e4tt att ta sig fram i tr\u00e5nga milj\u00f6er. Med r\u00e4tt utrustning under huven kan den ist\u00e4llet bli en riktig pocketraket som, om den kl\u00e4s p\u00e5 r\u00e4tt s\u00e4tt, ocks\u00e5 ser fantastisk ut. En s\u00e5dan bil \u00e4r Abarth 500, baserad p\u00e5 Fiats enormt framg\u00e5ngsrika reinkarnation av deras legendariska modell fr\u00e5n 60-talet. Men just den modell som auktioneras ut h\u00e4r \u00e4r en \u00e4nnu mer kryddad Abarth 695-variant, som byggdes 2010 och hittills bara har g\u00e5tt 6 800 kilometer. Och f\u00f6r att \u00f6ka exklusiviteten \u00e4r detta en s\u00e4llsynt Tributo Ferrari-modell, vars produktionsnummer var begr\u00e4nsat till 1 695 enheter. S\u00e5 l\u00e5t oss se vad denna exklusiva och aggressivt utseende bil erbjuder&#8230;<\/p>\n","protected":false},"featured_media":89387,"comment_status":"open","ping_status":"closed","template":"","meta":{"inline_featured_image":false},"product_cat":[730],"product_tag":[2912,2913,922],"acf":[],"yoast_head":"<!-- This site is optimized with the Yoast SEO plugin v22.5 - https:\/\/yoast.com\/wordpress\/plugins\/seo\/ -->\n<title>Abarth 695 Tributo Ferrari n\u00ba424 - Piston Addict<\/title>\n<meta name=\"robots\" content=\"index, follow, max-snippet:-1, max-image-preview:large, max-video-preview:-1\" \/>\n<link rel=\"canonical\" href=\"https:\/\/pistonaddict.com\/sv\/product\/abarth-695-tributo-ferrari-no424\/\" \/>\n<meta property=\"og:locale\" content=\"sv_SE\" \/>\n<meta property=\"og:type\" content=\"article\" \/>\n<meta property=\"og:title\" content=\"Abarth 695 Tributo Ferrari n\u00ba424 - Piston Addict\" \/>\n<meta property=\"og:description\" content=\"En liten stadsbil beh\u00f6ver inte n\u00f6dv\u00e4ndigtvis bara vara ett praktiskt s\u00e4tt att ta sig fram i tr\u00e5nga milj\u00f6er. Med r\u00e4tt utrustning under huven kan den ist\u00e4llet bli en riktig pocketraket som, om den kl\u00e4s p\u00e5 r\u00e4tt s\u00e4tt, ocks\u00e5 ser fantastisk ut. En s\u00e5dan bil \u00e4r Abarth 500, baserad p\u00e5 Fiats enormt framg\u00e5ngsrika reinkarnation av deras legendariska modell fr\u00e5n 60-talet. Men just den modell som auktioneras ut h\u00e4r \u00e4r en \u00e4nnu mer kryddad Abarth 695-variant, som byggdes 2010 och hittills bara har g\u00e5tt 6 800 kilometer. Och f\u00f6r att \u00f6ka exklusiviteten \u00e4r detta en s\u00e4llsynt Tributo Ferrari-modell, vars produktionsnummer var begr\u00e4nsat till 1 695 enheter. S\u00e5 l\u00e5t oss se vad denna exklusiva och aggressivt utseende bil erbjuder...\" \/>\n<meta property=\"og:url\" content=\"https:\/\/pistonaddict.com\/sv\/product\/abarth-695-tributo-ferrari-no424\/\" \/>\n<meta property=\"og:site_name\" content=\"Piston Addict\" \/>\n<meta property=\"article:modified_time\" content=\"2024-03-20T08:46:47+00:00\" \/>\n<meta property=\"og:image\" content=\"https:\/\/pistonaddict.com\/wp-content\/uploads\/2024\/01\/IMG-20240110-WA0149-1.jpg\" \/>\n\t<meta property=\"og:image:width\" content=\"1600\" \/>\n\t<meta property=\"og:image:height\" content=\"1200\" \/>\n\t<meta property=\"og:image:type\" content=\"image\/jpeg\" \/>\n<meta name=\"twitter:card\" content=\"summary_large_image\" \/>\n<meta name=\"twitter:label1\" content=\"Ber\u00e4knad l\u00e4stid\" \/>\n\t<meta name=\"twitter:data1\" content=\"3 minuter\" \/>\n<script type=\"application\/ld+json\" class=\"yoast-schema-graph\">{\"@context\":\"https:\/\/schema.org\",\"@graph\":[{\"@type\":\"WebPage\",\"@id\":\"https:\/\/pistonaddict.com\/sv\/product\/abarth-695-tributo-ferrari-no424\/\",\"url\":\"https:\/\/pistonaddict.com\/sv\/product\/abarth-695-tributo-ferrari-no424\/\",\"name\":\"Abarth 695 Tributo Ferrari n\u00ba424 - Piston Addict\",\"isPartOf\":{\"@id\":\"https:\/\/pistonaddict.com\/sv\/#website\"},\"primaryImageOfPage\":{\"@id\":\"https:\/\/pistonaddict.com\/sv\/product\/abarth-695-tributo-ferrari-no424\/#primaryimage\"},\"image\":{\"@id\":\"https:\/\/pistonaddict.com\/sv\/product\/abarth-695-tributo-ferrari-no424\/#primaryimage\"},\"thumbnailUrl\":\"https:\/\/pistonaddict.com\/wp-content\/uploads\/2024\/01\/IMG-20240110-WA0149-1.jpg\",\"datePublished\":\"2024-01-31T10:03:43+00:00\",\"dateModified\":\"2024-03-20T08:46:47+00:00\",\"breadcrumb\":{\"@id\":\"https:\/\/pistonaddict.com\/sv\/product\/abarth-695-tributo-ferrari-no424\/#breadcrumb\"},\"inLanguage\":\"sv-SE\",\"potentialAction\":[{\"@type\":\"ReadAction\",\"target\":[\"https:\/\/pistonaddict.com\/sv\/product\/abarth-695-tributo-ferrari-no424\/\"]}]},{\"@type\":\"ImageObject\",\"inLanguage\":\"sv-SE\",\"@id\":\"https:\/\/pistonaddict.com\/sv\/product\/abarth-695-tributo-ferrari-no424\/#primaryimage\",\"url\":\"https:\/\/pistonaddict.com\/wp-content\/uploads\/2024\/01\/IMG-20240110-WA0149-1.jpg\",\"contentUrl\":\"https:\/\/pistonaddict.com\/wp-content\/uploads\/2024\/01\/IMG-20240110-WA0149-1.jpg\",\"width\":1600,\"height\":1200},{\"@type\":\"BreadcrumbList\",\"@id\":\"https:\/\/pistonaddict.com\/sv\/product\/abarth-695-tributo-ferrari-no424\/#breadcrumb\",\"itemListElement\":[{\"@type\":\"ListItem\",\"position\":1,\"name\":\"Hemsida\",\"item\":\"https:\/\/pistonaddict.com\/sv\/hemsidan\/\"},{\"@type\":\"ListItem\",\"position\":2,\"name\":\"Auctions\",\"item\":\"https:\/\/pistonaddict.com\/auctions-listing\/\"},{\"@type\":\"ListItem\",\"position\":3,\"name\":\"Abarth 695 Tributo Ferrari n\u00ba424\"}]},{\"@type\":\"WebSite\",\"@id\":\"https:\/\/pistonaddict.com\/sv\/#website\",\"url\":\"https:\/\/pistonaddict.com\/sv\/\",\"name\":\"Piston Addict\",\"description\":\"Only interesting vehicles\",\"publisher\":{\"@id\":\"https:\/\/pistonaddict.com\/sv\/#organization\"},\"potentialAction\":[{\"@type\":\"SearchAction\",\"target\":{\"@type\":\"EntryPoint\",\"urlTemplate\":\"https:\/\/pistonaddict.com\/sv\/?s={search_term_string}\"},\"query-input\":\"required name=search_term_string\"}],\"inLanguage\":\"sv-SE\"},{\"@type\":\"Organization\",\"@id\":\"https:\/\/pistonaddict.com\/sv\/#organization\",\"name\":\"Piston Addict\",\"url\":\"https:\/\/pistonaddict.com\/sv\/\",\"logo\":{\"@type\":\"ImageObject\",\"inLanguage\":\"sv-SE\",\"@id\":\"https:\/\/pistonaddict.com\/sv\/#\/schema\/logo\/image\/\",\"url\":\"https:\/\/pistonaddict.com\/wp-content\/uploads\/2022\/07\/logo-6.png\",\"contentUrl\":\"https:\/\/pistonaddict.com\/wp-content\/uploads\/2022\/07\/logo-6.png\",\"width\":970,\"height\":200,\"caption\":\"Piston Addict\"},\"image\":{\"@id\":\"https:\/\/pistonaddict.com\/sv\/#\/schema\/logo\/image\/\"}}]}<\/script>\n<!-- \/ Yoast SEO plugin. -->","yoast_head_json":{"title":"Abarth 695 Tributo Ferrari n\u00ba424 - Piston Addict","robots":{"index":"index","follow":"follow","max-snippet":"max-snippet:-1","max-image-preview":"max-image-preview:large","max-video-preview":"max-video-preview:-1"},"canonical":"https:\/\/pistonaddict.com\/sv\/product\/abarth-695-tributo-ferrari-no424\/","og_locale":"sv_SE","og_type":"article","og_title":"Abarth 695 Tributo Ferrari n\u00ba424 - Piston Addict","og_description":"En liten stadsbil beh\u00f6ver inte n\u00f6dv\u00e4ndigtvis bara vara ett praktiskt s\u00e4tt att ta sig fram i tr\u00e5nga milj\u00f6er. Med r\u00e4tt utrustning under huven kan den ist\u00e4llet bli en riktig pocketraket som, om den kl\u00e4s p\u00e5 r\u00e4tt s\u00e4tt, ocks\u00e5 ser fantastisk ut. En s\u00e5dan bil \u00e4r Abarth 500, baserad p\u00e5 Fiats enormt framg\u00e5ngsrika reinkarnation av deras legendariska modell fr\u00e5n 60-talet. Men just den modell som auktioneras ut h\u00e4r \u00e4r en \u00e4nnu mer kryddad Abarth 695-variant, som byggdes 2010 och hittills bara har g\u00e5tt 6 800 kilometer. Och f\u00f6r att \u00f6ka exklusiviteten \u00e4r detta en s\u00e4llsynt Tributo Ferrari-modell, vars produktionsnummer var begr\u00e4nsat till 1 695 enheter. S\u00e5 l\u00e5t oss se vad denna exklusiva och aggressivt utseende bil erbjuder...","og_url":"https:\/\/pistonaddict.com\/sv\/product\/abarth-695-tributo-ferrari-no424\/","og_site_name":"Piston Addict","article_modified_time":"2024-03-20T08:46:47+00:00","og_image":[{"width":1600,"height":1200,"url":"https:\/\/pistonaddict.com\/wp-content\/uploads\/2024\/01\/IMG-20240110-WA0149-1.jpg","type":"image\/jpeg"}],"twitter_card":"summary_large_image","twitter_misc":{"Ber\u00e4knad l\u00e4stid":"3 minuter"},"schema":{"@context":"https:\/\/schema.org","@graph":[{"@type":"WebPage","@id":"https:\/\/pistonaddict.com\/sv\/product\/abarth-695-tributo-ferrari-no424\/","url":"https:\/\/pistonaddict.com\/sv\/product\/abarth-695-tributo-ferrari-no424\/","name":"Abarth 695 Tributo Ferrari n\u00ba424 - Piston Addict","isPartOf":{"@id":"https:\/\/pistonaddict.com\/sv\/#website"},"primaryImageOfPage":{"@id":"https:\/\/pistonaddict.com\/sv\/product\/abarth-695-tributo-ferrari-no424\/#primaryimage"},"image":{"@id":"https:\/\/pistonaddict.com\/sv\/product\/abarth-695-tributo-ferrari-no424\/#primaryimage"},"thumbnailUrl":"https:\/\/pistonaddict.com\/wp-content\/uploads\/2024\/01\/IMG-20240110-WA0149-1.jpg","datePublished":"2024-01-31T10:03:43+00:00","dateModified":"2024-03-20T08:46:47+00:00","breadcrumb":{"@id":"https:\/\/pistonaddict.com\/sv\/product\/abarth-695-tributo-ferrari-no424\/#breadcrumb"},"inLanguage":"sv-SE","potentialAction":[{"@type":"ReadAction","target":["https:\/\/pistonaddict.com\/sv\/product\/abarth-695-tributo-ferrari-no424\/"]}]},{"@type":"ImageObject","inLanguage":"sv-SE","@id":"https:\/\/pistonaddict.com\/sv\/product\/abarth-695-tributo-ferrari-no424\/#primaryimage","url":"https:\/\/pistonaddict.com\/wp-content\/uploads\/2024\/01\/IMG-20240110-WA0149-1.jpg","contentUrl":"https:\/\/pistonaddict.com\/wp-content\/uploads\/2024\/01\/IMG-20240110-WA0149-1.jpg","width":1600,"height":1200},{"@type":"BreadcrumbList","@id":"https:\/\/pistonaddict.com\/sv\/product\/abarth-695-tributo-ferrari-no424\/#breadcrumb","itemListElement":[{"@type":"ListItem","position":1,"name":"Hemsida","item":"https:\/\/pistonaddict.com\/sv\/hemsidan\/"},{"@type":"ListItem","position":2,"name":"Auctions","item":"https:\/\/pistonaddict.com\/auctions-listing\/"},{"@type":"ListItem","position":3,"name":"Abarth 695 Tributo Ferrari n\u00ba424"}]},{"@type":"WebSite","@id":"https:\/\/pistonaddict.com\/sv\/#website","url":"https:\/\/pistonaddict.com\/sv\/","name":"Piston Addict","description":"Only interesting vehicles","publisher":{"@id":"https:\/\/pistonaddict.com\/sv\/#organization"},"potentialAction":[{"@type":"SearchAction","target":{"@type":"EntryPoint","urlTemplate":"https:\/\/pistonaddict.com\/sv\/?s={search_term_string}"},"query-input":"required name=search_term_string"}],"inLanguage":"sv-SE"},{"@type":"Organization","@id":"https:\/\/pistonaddict.com\/sv\/#organization","name":"Piston Addict","url":"https:\/\/pistonaddict.com\/sv\/","logo":{"@type":"ImageObject","inLanguage":"sv-SE","@id":"https:\/\/pistonaddict.com\/sv\/#\/schema\/logo\/image\/","url":"https:\/\/pistonaddict.com\/wp-content\/uploads\/2022\/07\/logo-6.png","contentUrl":"https:\/\/pistonaddict.com\/wp-content\/uploads\/2022\/07\/logo-6.png","width":970,"height":200,"caption":"Piston Addict"},"image":{"@id":"https:\/\/pistonaddict.com\/sv\/#\/schema\/logo\/image\/"}}]}},"_links":{"self":[{"href":"https:\/\/pistonaddict.com\/sv\/wp-json\/wp\/v2\/product\/89353"}],"collection":[{"href":"https:\/\/pistonaddict.com\/sv\/wp-json\/wp\/v2\/product"}],"about":[{"href":"https:\/\/pistonaddict.com\/sv\/wp-json\/wp\/v2\/types\/product"}],"replies":[{"embeddable":true,"href":"https:\/\/pistonaddict.com\/sv\/wp-json\/wp\/v2\/comments?post=89353"}],"wp:featuredmedia":[{"embeddable":true,"href":"https:\/\/pistonaddict.com\/sv\/wp-json\/wp\/v2\/media\/89387"}],"wp:attachment":[{"href":"https:\/\/pistonaddict.com\/sv\/wp-json\/wp\/v2\/media?parent=89353"}],"wp:term":[{"taxonomy":"product_cat","embeddable":true,"href":"https:\/\/pistonaddict.com\/sv\/wp-json\/wp\/v2\/product_cat?post=89353"},{"taxonomy":"product_tag","embeddable":true,"href":"https:\/\/pistonaddict.com\/sv\/wp-json\/wp\/v2\/product_tag?post=89353"}],"curies":[{"name":"wp","href":"https:\/\/api.w.org\/{rel}","templated":true}]}}