{"id":79060,"date":"2023-12-13T14:41:14","date_gmt":"2023-12-13T13:41:14","guid":{"rendered":"https:\/\/pistonaddict.com\/product\/alpine-a110\/"},"modified":"2024-03-20T09:42:51","modified_gmt":"2024-03-20T08:42:51","slug":"alpin-a110","status":"publish","type":"product","link":"https:\/\/pistonaddict.com\/sv\/product\/alpin-a110\/","title":{"rendered":"Alpine A110"},"content":{"rendered":"<p><strong>Bilens historia<\/strong><\/p>\n<p>F\u00f6r generationer av sportbils\u00e4lskare som v\u00e4xte upp p\u00e5 60- och 70-talet \u00e4r namnet Alpine synonymt med rallym\u00e4sterskap, stark prestanda och o\u00f6vertr\u00e4ffad n\u00e4rvaro p\u00e5 gatorna. \u00c4ven om Alpine anv\u00e4nde standardkomponenter fr\u00e5n Renault, hade bilarna n\u00e4stan superbilsk\u00e4nsla och var entusiastfavoriter f\u00f6r sitt utseende och sin k\u00f6rdynamik. Men i b\u00f6rjan av 90-talet f\u00f6rsvann varum\u00e4rket och gl\u00f6mdes n\u00e4stan bort av alla utom de mest inbitna fansen. Lyckligtvis f\u00f6rstod Renault hur stor potential det h\u00e4r legendariska namnet verkligen har och investerade stort i en helt ny modell med en komplett aluminiumkaross, centralt placerad motor och snabb dubbelkopplingsl\u00e5da. Kombinationen av det ikoniska och retrofuturistiska utseendet med Clio RS-motorn och skr\u00e4ddarsydda kaross- och fj\u00e4dringsinst\u00e4llningar skapade en omedelbar klassiker och kanske \u00e5rtiondets b\u00e4sta sportbil. Den turboladdade 1,8-litersmotorn som skickar kraften till bakhjulen kan ge denna vackra tv\u00e5sitsiga bil en ganska \u00f6vertygande 4,5 sekunders 0-100 km\/h-tid (60 mph). Men siffrorna g\u00f6r inte r\u00e4ttvisa \u00e5t den h\u00e4r bilen. Med en tj\u00e4nstevikt p\u00e5 strax \u00f6ver ett ton flyger Alpine A110 fram \u00f6ver kurvorna och man\u00f6vreras som en dr\u00f6m. Den o\u00f6vertr\u00e4ffade k\u00f6rdynamiken \u00e4r just anledningen till att den \u00e4r en \u00e4lskling i m\u00e5nga tidningsrecensioner.<\/p>\n<p><strong>Interi\u00f6r<\/strong><\/p>\n<p>Eftersom denna modell \u00e4r relativt ny och har l\u00e5g k\u00f6rstr\u00e4cka \u00e4r l\u00e4derinredningen i nyskick utan n\u00e5gra tecken p\u00e5 slitage. Erfarna k\u00f6pare kommer att m\u00e4rka att de valfria &#8220;GT&#8221;-stolarna finns, vilket \u00e4r ett v\u00e4lkommet tillskott, liksom n\u00e5gra kolfiberdetaljer f\u00f6r motorsportlooken. Det viktiga \u00e4r dock Focal premium ljudsystem, vilket \u00e4r ett s\u00e4llsynt alternativ.<\/p>\n<p><strong>Villkor<\/strong><\/p>\n<p>Det aktuella exemplaret levererades nytt 2021, och sedan dess har det g\u00e5tt drygt 30 000 km. Det \u00e4r en v\u00e4lsk\u00f6tt bil som har anv\u00e4nts f\u00f6r k\u00f6rgl\u00e4dje, precis som den uppfanns av sina konstrukt\u00f6rer. Den har aldrig sp\u00e5rats eller skadats av tv\u00e5 omt\u00e4nksamma \u00e4gare fr\u00e5n ny. I sj\u00e4lva verket var den ursprungliga \u00e4garen kommersiell direkt\u00f6r f\u00f6r Alpine Spain. Den senaste servicen utf\u00f6rdes i november 2023, och bromsarna renoverades nyligen i december 2023. Det senaste oljebytet gjordes i september. <strong>Denna Alpine A110 \u00e4r fortfarande under fabriksgaranti fram till november 2024, s\u00e5 allt underh\u00e5ll utf\u00f6rdes av officiell service i Spanien<\/strong>.<\/p>\n<p><strong> <\/strong><strong>Exteri\u00f6r och hjul<\/strong><\/p>\n<p>Denna Alpine A110 \u00e4r m\u00e5lad i vitt med ett mycket intressant grafikpaket och har ett unikt utseende med speciella Alpine-exklusiva 18-tumsf\u00e4lgar. Karossen \u00e4r o\u00f6vertr\u00e4ffad utan n\u00e5gra skador, dings eller repor, och d\u00e4cken \u00e4r i anst\u00e4ndigt skick, med 50% begagnade, enligt s\u00e4ljaren. D\u00e4cken \u00e4r Michelin Pilot Sport och tillverkades i slutet av 2021.<\/p>\n<p><strong>Dokumentation<\/strong><\/p>\n<p>\u00c5terf\u00f6rs\u00e4ljaren s\u00e4ljer detta fordon med l\u00e4mplig dokumentation i Spanien. <a href=\"https:\/\/pistonaddict.com\/wp-content\/uploads\/2023\/12\/AlpineA110.pdf\">CarFax-rapporten<\/a> \u00e4r ren; inga bevis p\u00e5 olyckor, olycksreparationer, \u00e4gande eller juridiska problem finns. Det finns dokumentation \u00f6ver regelbundet underh\u00e5ll, k\u00f6pebrev och kvitton. Denna Alpine A110 omfattas fortfarande av en fabriksgaranti, som kan \u00f6verf\u00f6ras till n\u00e4sta \u00e4gare.<\/p>\n<p><strong>Kolla in kallstartsvideon av denna vackra Alpine A110 :<\/strong><\/p>\n<p><iframe title=\"Cold Start Video of this great Alpine A110 for auction sale\" width=\"1200\" height=\"675\" src=\"https:\/\/www.youtube.com\/embed\/FlqeDNY4UtI?feature=oembed\" frameborder=\"0\" allow=\"accelerometer; autoplay; clipboard-write; encrypted-media; gyroscope; picture-in-picture; web-share\" allowfullscreen><\/iframe><\/p>\n","protected":false},"excerpt":{"rendered":"<p>Den hetaste sportbilen under de senaste \u00e5ren \u00e4r inte Ferrari, Lamborghini eller McLaren. Det \u00e4r Alpine A110 med en skr\u00e4ddarsydd, mycket l\u00e4tt kaross, en pigg turboladdad fyrcylindrig motor och livliga prestanda. Denna tv\u00e5sitsiga bil p\u00e5minde sportbilsfans om vad k\u00f6rning handlar om och \u00e5terf\u00f6rde det legendariska varum\u00e4rket till marknaden. Idag \u00e4r vi stolta \u00f6ver att kunna presentera ett av de b\u00e4sta exemplaren av denna mycket inflytelserika sportbil.<\/p>\n","protected":false},"featured_media":78367,"comment_status":"open","ping_status":"closed","template":"","meta":{"inline_featured_image":false},"product_cat":[730],"product_tag":[2829,2824,922],"acf":[],"yoast_head":"<!-- This site is optimized with the Yoast SEO plugin v22.5 - https:\/\/yoast.com\/wordpress\/plugins\/seo\/ -->\n<title>Alpine A110 auktion - Piston Addict<\/title>\n<meta name=\"robots\" content=\"index, follow, max-snippet:-1, max-image-preview:large, max-video-preview:-1\" \/>\n<link rel=\"canonical\" href=\"https:\/\/pistonaddict.com\/sv\/product\/alpin-a110\/\" \/>\n<meta property=\"og:locale\" content=\"sv_SE\" \/>\n<meta property=\"og:type\" content=\"article\" \/>\n<meta property=\"og:title\" content=\"Alpine A110 auktion - Piston Addict\" \/>\n<meta property=\"og:description\" content=\"Den hetaste sportbilen under de senaste \u00e5ren \u00e4r inte Ferrari, Lamborghini eller McLaren. Det \u00e4r Alpine A110 med en skr\u00e4ddarsydd, mycket l\u00e4tt kaross, en pigg turboladdad fyrcylindrig motor och livliga prestanda. Denna tv\u00e5sitsiga bil p\u00e5minde sportbilsfans om vad k\u00f6rning handlar om och \u00e5terf\u00f6rde det legendariska varum\u00e4rket till marknaden. Idag \u00e4r vi stolta \u00f6ver att kunna presentera ett av de b\u00e4sta exemplaren av denna mycket inflytelserika sportbil.\" \/>\n<meta property=\"og:url\" content=\"https:\/\/pistonaddict.com\/sv\/product\/alpin-a110\/\" \/>\n<meta property=\"og:site_name\" content=\"Piston Addict\" \/>\n<meta property=\"article:modified_time\" content=\"2024-03-20T08:42:51+00:00\" \/>\n<meta property=\"og:image\" content=\"https:\/\/pistonaddict.com\/wp-content\/uploads\/2023\/12\/4517LTW_01.jpg\" \/>\n\t<meta property=\"og:image:width\" content=\"1440\" \/>\n\t<meta property=\"og:image:height\" content=\"1080\" \/>\n\t<meta property=\"og:image:type\" content=\"image\/jpeg\" \/>\n<meta name=\"twitter:card\" content=\"summary_large_image\" \/>\n<meta name=\"twitter:label1\" content=\"Ber\u00e4knad l\u00e4stid\" \/>\n\t<meta name=\"twitter:data1\" content=\"3 minuter\" \/>\n<script type=\"application\/ld+json\" class=\"yoast-schema-graph\">{\"@context\":\"https:\/\/schema.org\",\"@graph\":[{\"@type\":\"WebPage\",\"@id\":\"https:\/\/pistonaddict.com\/sv\/product\/alpin-a110\/\",\"url\":\"https:\/\/pistonaddict.com\/sv\/product\/alpin-a110\/\",\"name\":\"Alpine A110 auktion - Piston Addict\",\"isPartOf\":{\"@id\":\"https:\/\/pistonaddict.com\/sv\/#website\"},\"primaryImageOfPage\":{\"@id\":\"https:\/\/pistonaddict.com\/sv\/product\/alpin-a110\/#primaryimage\"},\"image\":{\"@id\":\"https:\/\/pistonaddict.com\/sv\/product\/alpin-a110\/#primaryimage\"},\"thumbnailUrl\":\"https:\/\/pistonaddict.com\/wp-content\/uploads\/2023\/12\/4517LTW_01.jpg\",\"datePublished\":\"2023-12-13T13:41:14+00:00\",\"dateModified\":\"2024-03-20T08:42:51+00:00\",\"breadcrumb\":{\"@id\":\"https:\/\/pistonaddict.com\/sv\/product\/alpin-a110\/#breadcrumb\"},\"inLanguage\":\"sv-SE\",\"potentialAction\":[{\"@type\":\"ReadAction\",\"target\":[\"https:\/\/pistonaddict.com\/sv\/product\/alpin-a110\/\"]}]},{\"@type\":\"ImageObject\",\"inLanguage\":\"sv-SE\",\"@id\":\"https:\/\/pistonaddict.com\/sv\/product\/alpin-a110\/#primaryimage\",\"url\":\"https:\/\/pistonaddict.com\/wp-content\/uploads\/2023\/12\/4517LTW_01.jpg\",\"contentUrl\":\"https:\/\/pistonaddict.com\/wp-content\/uploads\/2023\/12\/4517LTW_01.jpg\",\"width\":1440,\"height\":1080},{\"@type\":\"BreadcrumbList\",\"@id\":\"https:\/\/pistonaddict.com\/sv\/product\/alpin-a110\/#breadcrumb\",\"itemListElement\":[{\"@type\":\"ListItem\",\"position\":1,\"name\":\"Hemsida\",\"item\":\"https:\/\/pistonaddict.com\/sv\/hemsidan\/\"},{\"@type\":\"ListItem\",\"position\":2,\"name\":\"Auctions\",\"item\":\"https:\/\/pistonaddict.com\/auctions-listing\/\"},{\"@type\":\"ListItem\",\"position\":3,\"name\":\"Alpine A110\"}]},{\"@type\":\"WebSite\",\"@id\":\"https:\/\/pistonaddict.com\/sv\/#website\",\"url\":\"https:\/\/pistonaddict.com\/sv\/\",\"name\":\"Piston Addict\",\"description\":\"Only interesting vehicles\",\"publisher\":{\"@id\":\"https:\/\/pistonaddict.com\/sv\/#organization\"},\"potentialAction\":[{\"@type\":\"SearchAction\",\"target\":{\"@type\":\"EntryPoint\",\"urlTemplate\":\"https:\/\/pistonaddict.com\/sv\/?s={search_term_string}\"},\"query-input\":\"required name=search_term_string\"}],\"inLanguage\":\"sv-SE\"},{\"@type\":\"Organization\",\"@id\":\"https:\/\/pistonaddict.com\/sv\/#organization\",\"name\":\"Piston Addict\",\"url\":\"https:\/\/pistonaddict.com\/sv\/\",\"logo\":{\"@type\":\"ImageObject\",\"inLanguage\":\"sv-SE\",\"@id\":\"https:\/\/pistonaddict.com\/sv\/#\/schema\/logo\/image\/\",\"url\":\"https:\/\/pistonaddict.com\/wp-content\/uploads\/2022\/07\/logo-6.png\",\"contentUrl\":\"https:\/\/pistonaddict.com\/wp-content\/uploads\/2022\/07\/logo-6.png\",\"width\":970,\"height\":200,\"caption\":\"Piston Addict\"},\"image\":{\"@id\":\"https:\/\/pistonaddict.com\/sv\/#\/schema\/logo\/image\/\"}}]}<\/script>\n<!-- \/ Yoast SEO plugin. -->","yoast_head_json":{"title":"Alpine A110 auktion - Piston Addict","robots":{"index":"index","follow":"follow","max-snippet":"max-snippet:-1","max-image-preview":"max-image-preview:large","max-video-preview":"max-video-preview:-1"},"canonical":"https:\/\/pistonaddict.com\/sv\/product\/alpin-a110\/","og_locale":"sv_SE","og_type":"article","og_title":"Alpine A110 auktion - Piston Addict","og_description":"Den hetaste sportbilen under de senaste \u00e5ren \u00e4r inte Ferrari, Lamborghini eller McLaren. Det \u00e4r Alpine A110 med en skr\u00e4ddarsydd, mycket l\u00e4tt kaross, en pigg turboladdad fyrcylindrig motor och livliga prestanda. Denna tv\u00e5sitsiga bil p\u00e5minde sportbilsfans om vad k\u00f6rning handlar om och \u00e5terf\u00f6rde det legendariska varum\u00e4rket till marknaden. Idag \u00e4r vi stolta \u00f6ver att kunna presentera ett av de b\u00e4sta exemplaren av denna mycket inflytelserika sportbil.","og_url":"https:\/\/pistonaddict.com\/sv\/product\/alpin-a110\/","og_site_name":"Piston Addict","article_modified_time":"2024-03-20T08:42:51+00:00","og_image":[{"width":1440,"height":1080,"url":"https:\/\/pistonaddict.com\/wp-content\/uploads\/2023\/12\/4517LTW_01.jpg","type":"image\/jpeg"}],"twitter_card":"summary_large_image","twitter_misc":{"Ber\u00e4knad l\u00e4stid":"3 minuter"},"schema":{"@context":"https:\/\/schema.org","@graph":[{"@type":"WebPage","@id":"https:\/\/pistonaddict.com\/sv\/product\/alpin-a110\/","url":"https:\/\/pistonaddict.com\/sv\/product\/alpin-a110\/","name":"Alpine A110 auktion - Piston Addict","isPartOf":{"@id":"https:\/\/pistonaddict.com\/sv\/#website"},"primaryImageOfPage":{"@id":"https:\/\/pistonaddict.com\/sv\/product\/alpin-a110\/#primaryimage"},"image":{"@id":"https:\/\/pistonaddict.com\/sv\/product\/alpin-a110\/#primaryimage"},"thumbnailUrl":"https:\/\/pistonaddict.com\/wp-content\/uploads\/2023\/12\/4517LTW_01.jpg","datePublished":"2023-12-13T13:41:14+00:00","dateModified":"2024-03-20T08:42:51+00:00","breadcrumb":{"@id":"https:\/\/pistonaddict.com\/sv\/product\/alpin-a110\/#breadcrumb"},"inLanguage":"sv-SE","potentialAction":[{"@type":"ReadAction","target":["https:\/\/pistonaddict.com\/sv\/product\/alpin-a110\/"]}]},{"@type":"ImageObject","inLanguage":"sv-SE","@id":"https:\/\/pistonaddict.com\/sv\/product\/alpin-a110\/#primaryimage","url":"https:\/\/pistonaddict.com\/wp-content\/uploads\/2023\/12\/4517LTW_01.jpg","contentUrl":"https:\/\/pistonaddict.com\/wp-content\/uploads\/2023\/12\/4517LTW_01.jpg","width":1440,"height":1080},{"@type":"BreadcrumbList","@id":"https:\/\/pistonaddict.com\/sv\/product\/alpin-a110\/#breadcrumb","itemListElement":[{"@type":"ListItem","position":1,"name":"Hemsida","item":"https:\/\/pistonaddict.com\/sv\/hemsidan\/"},{"@type":"ListItem","position":2,"name":"Auctions","item":"https:\/\/pistonaddict.com\/auctions-listing\/"},{"@type":"ListItem","position":3,"name":"Alpine A110"}]},{"@type":"WebSite","@id":"https:\/\/pistonaddict.com\/sv\/#website","url":"https:\/\/pistonaddict.com\/sv\/","name":"Piston Addict","description":"Only interesting vehicles","publisher":{"@id":"https:\/\/pistonaddict.com\/sv\/#organization"},"potentialAction":[{"@type":"SearchAction","target":{"@type":"EntryPoint","urlTemplate":"https:\/\/pistonaddict.com\/sv\/?s={search_term_string}"},"query-input":"required name=search_term_string"}],"inLanguage":"sv-SE"},{"@type":"Organization","@id":"https:\/\/pistonaddict.com\/sv\/#organization","name":"Piston Addict","url":"https:\/\/pistonaddict.com\/sv\/","logo":{"@type":"ImageObject","inLanguage":"sv-SE","@id":"https:\/\/pistonaddict.com\/sv\/#\/schema\/logo\/image\/","url":"https:\/\/pistonaddict.com\/wp-content\/uploads\/2022\/07\/logo-6.png","contentUrl":"https:\/\/pistonaddict.com\/wp-content\/uploads\/2022\/07\/logo-6.png","width":970,"height":200,"caption":"Piston Addict"},"image":{"@id":"https:\/\/pistonaddict.com\/sv\/#\/schema\/logo\/image\/"}}]}},"_links":{"self":[{"href":"https:\/\/pistonaddict.com\/sv\/wp-json\/wp\/v2\/product\/79060"}],"collection":[{"href":"https:\/\/pistonaddict.com\/sv\/wp-json\/wp\/v2\/product"}],"about":[{"href":"https:\/\/pistonaddict.com\/sv\/wp-json\/wp\/v2\/types\/product"}],"replies":[{"embeddable":true,"href":"https:\/\/pistonaddict.com\/sv\/wp-json\/wp\/v2\/comments?post=79060"}],"wp:featuredmedia":[{"embeddable":true,"href":"https:\/\/pistonaddict.com\/sv\/wp-json\/wp\/v2\/media\/78367"}],"wp:attachment":[{"href":"https:\/\/pistonaddict.com\/sv\/wp-json\/wp\/v2\/media?parent=79060"}],"wp:term":[{"taxonomy":"product_cat","embeddable":true,"href":"https:\/\/pistonaddict.com\/sv\/wp-json\/wp\/v2\/product_cat?post=79060"},{"taxonomy":"product_tag","embeddable":true,"href":"https:\/\/pistonaddict.com\/sv\/wp-json\/wp\/v2\/product_tag?post=79060"}],"curies":[{"name":"wp","href":"https:\/\/api.w.org\/{rel}","templated":true}]}}