{"id":78333,"date":"2023-12-13T10:17:52","date_gmt":"2023-12-13T09:17:52","guid":{"rendered":"https:\/\/pistonaddict.com\/product\/fisker-karma-signature-edition\/"},"modified":"2024-03-20T09:42:44","modified_gmt":"2024-03-20T08:42:44","slug":"fisker-karma-signatur-utgava","status":"publish","type":"product","link":"https:\/\/pistonaddict.com\/sv\/product\/fisker-karma-signatur-utgava\/","title":{"rendered":"Fisker Karma Signature Edition"},"content":{"rendered":"<p><strong>Bilens historia<\/strong><\/p>\n<p>Innan Karma exploderade p\u00e5 marknaden 2011 var hybrider ganska tr\u00e5kiga och osp\u00e4nnande fordon. Men sedan presenterade Fisker Karma med en i\u00f6gonfallande design, l\u00e5g silhuett, muskul\u00f6s h\u00e5llning och unika former. Det var och \u00e4r fortfarande n\u00e5got ut\u00f6ver det vanliga. Under den f\u00f6rf\u00f6riska karossen finns en m\u00e4ngd innovativ teknik. Huvudmotorn \u00e4r en turboladdad 2,0-liters fr\u00e5n GM med 260 hk och tv\u00e5 elmotorer p\u00e5 bakaxeln. Ett batteripaket p\u00e5 20,1 kWh matar elmotorerna med 120 kW vardera (403 hk).<\/p>\n<p>Intressant nog \u00e4r batterierna placerade i bilens mitt, vilket ger Karma en l\u00e5g tyngdpunkt och utm\u00e4rkt v\u00e4gh\u00e5llning. Arbetsprincipen \u00e4r ocks\u00e5 unik. Fordonet, som \u00e4r automatv\u00e4xlat, hade en r\u00e4ckvidd p\u00e5 ca 80 km med enbart eldrift. Men n\u00e4r batterierna \u00e4r t\u00f6mda aktiverar f\u00f6raren bensinmotorn, som driver generatorn som matar elmotorerna. Karma \u00e4r allts\u00e5 en bensin-elektrisk hybrid med tonvikt p\u00e5 den elektriska delen. Denna modell levererades till en medlem av Fisker-familjen och en av de ursprungliga investerarna, vilket g\u00f6r den till en extraordin\u00e4r del av f\u00f6retagets historia.<\/p>\n<p><strong>Interi\u00f6r<\/strong><\/p>\n<p>Interi\u00f6ren i detta specifika exemplar har en kombination av svart och tan l\u00e4der, vilket g\u00f6r det till en charmig plats att vara p\u00e5. Det finns inga repor p\u00e5 s\u00e4tena och allt fungerar som det ska. Den \u00e4r utrustad med ett infotainmentsystem med display p\u00e5 instrumentbr\u00e4dan som tillval.<\/p>\n<p><strong>Villkor<\/strong><\/p>\n<p>Med 80 000 km, fullst\u00e4ndig servicehistorik, endast en \u00e4gare, \u00e4r denna Karma i perfekt skick. Det finns inga olyckor eller skador, och interi\u00f6ren \u00e4r i nyskick. Intressant nog \u00e4r Karma utrustad med ett solpaneltak som omvandlar solenergi till elektricitet och st\u00e4nger av batteriet n\u00e4r det beh\u00f6vs. I detta exempel \u00e4r soltaket n\u00e4rvarande och i perfekt skick. Just <strong>detta exemplar \u00e4r #61 av 100 som tillverkats med Signature Edition-paketet<\/strong>, vilket \u00e4r viktigt eftersom dess historia kan sp\u00e5ras inom Fisker-communityn. Eftersom detta exemplar har historisk betydelse har det servats av en av de fr\u00e4msta Fisker-specialisterna i v\u00e4rlden, med regelbundna underh\u00e5llsrapporter tillg\u00e4ngliga. Den senaste servicen och oljebytet utf\u00f6rdes i oktober 2023, och bromsarna renoverades f\u00f6r bara n\u00e5gra dagar sedan i december 2023.<\/p>\n<p><strong>Exteri\u00f6r och hjul<\/strong><\/p>\n<p>Den unika silverf\u00e4rgen matchar perfekt den tv\u00e5f\u00e4rgade interi\u00f6ren utan repor och bucklor. Bilen kommer att levereras med 21-tums vinterd\u00e4ck i perfekt skick. 22-tumsf\u00e4lgar med sommard\u00e4ck kostar extra. D\u00e4cken \u00e4r fr\u00e5n 2023.<\/p>\n<p><strong>Dokumentation<\/strong><\/p>\n<p>Den privata s\u00e4ljaren s\u00e4ljer detta fordon med l\u00e4mplig dokumentation bel\u00e4gen i Tyskland. <a href=\"https:\/\/pistonaddict.com\/wp-content\/uploads\/2023\/12\/FiskerKarma.pdf\">CarVertical-rapporten<\/a> \u00e4r ren; inga bevis p\u00e5 olyckor, olycksreparationer, \u00e4gande eller juridiska problem finns. Det finns dokumentation \u00f6ver regelbundet underh\u00e5ll, k\u00f6pebrev och kvitton. Det finns ingen fabriksgaranti f\u00f6r denna modell.<\/p>\n<p><strong><br \/>\nKolla in kallstartsvideon av denna vackra Fisker Karma silver Signature :<\/strong><\/p>\n<p><iframe title=\"Cold Start Video of the Fisker Karma Signature for auction sale\" width=\"1200\" height=\"675\" src=\"https:\/\/www.youtube.com\/embed\/sOmYYpDT2U8?feature=oembed\" frameborder=\"0\" allow=\"accelerometer; autoplay; clipboard-write; encrypted-media; gyroscope; picture-in-picture; web-share\" allowfullscreen><\/iframe><\/p>\n","protected":false},"excerpt":{"rendered":"<p>Fisker Karma \u00e4r inte bara en revolutionerande hybrid utan ocks\u00e5 en av 2000-talets snyggaste bilar. Med bara drygt 3000 tillverkade exemplar \u00e4r den s\u00e4llsynt, men detta exemplar \u00e4r \u00e4nnu mer s\u00e4llsynt. Den silverf\u00e4rgade 2012 Karma som vi erbjuder idag \u00e4r en 1 av 100 Signature Edition-modeller och har till och med signerats personligen av Henrik Fisker, f\u00f6retagets \u00e4gare. Om du letar efter en samlares dr\u00f6m \u00e4r detta den r\u00e4tta.<\/p>\n","protected":false},"featured_media":77675,"comment_status":"open","ping_status":"closed","template":"","meta":{"inline_featured_image":false},"product_cat":[730],"product_tag":[2798,2800,922,1850,1849],"acf":[],"yoast_head":"<!-- This site is optimized with the Yoast SEO plugin v22.5 - https:\/\/yoast.com\/wordpress\/plugins\/seo\/ -->\n<title>Fisker Karma Signature Edition auktion - Piston Addict<\/title>\n<meta name=\"robots\" content=\"index, follow, max-snippet:-1, max-image-preview:large, max-video-preview:-1\" \/>\n<link rel=\"canonical\" href=\"https:\/\/pistonaddict.com\/sv\/product\/fisker-karma-signatur-utgava\/\" \/>\n<meta property=\"og:locale\" content=\"sv_SE\" \/>\n<meta property=\"og:type\" content=\"article\" \/>\n<meta property=\"og:title\" content=\"Fisker Karma Signature Edition auktion - Piston Addict\" \/>\n<meta property=\"og:description\" content=\"Fisker Karma \u00e4r inte bara en revolutionerande hybrid utan ocks\u00e5 en av 2000-talets snyggaste bilar. Med bara drygt 3000 tillverkade exemplar \u00e4r den s\u00e4llsynt, men detta exemplar \u00e4r \u00e4nnu mer s\u00e4llsynt. Den silverf\u00e4rgade 2012 Karma som vi erbjuder idag \u00e4r en 1 av 100 Signature Edition-modeller och har till och med signerats personligen av Henrik Fisker, f\u00f6retagets \u00e4gare. Om du letar efter en samlares dr\u00f6m \u00e4r detta den r\u00e4tta.\" \/>\n<meta property=\"og:url\" content=\"https:\/\/pistonaddict.com\/sv\/product\/fisker-karma-signatur-utgava\/\" \/>\n<meta property=\"og:site_name\" content=\"Piston Addict\" \/>\n<meta property=\"article:modified_time\" content=\"2024-03-20T08:42:44+00:00\" \/>\n<meta property=\"og:image\" content=\"https:\/\/pistonaddict.com\/wp-content\/uploads\/2023\/12\/20210129_085341.jpg\" \/>\n\t<meta property=\"og:image:width\" content=\"1762\" \/>\n\t<meta property=\"og:image:height\" content=\"752\" \/>\n\t<meta property=\"og:image:type\" content=\"image\/jpeg\" \/>\n<meta name=\"twitter:card\" content=\"summary_large_image\" \/>\n<meta name=\"twitter:label1\" content=\"Ber\u00e4knad l\u00e4stid\" \/>\n\t<meta name=\"twitter:data1\" content=\"2 minuter\" \/>\n<script type=\"application\/ld+json\" class=\"yoast-schema-graph\">{\"@context\":\"https:\/\/schema.org\",\"@graph\":[{\"@type\":\"WebPage\",\"@id\":\"https:\/\/pistonaddict.com\/sv\/product\/fisker-karma-signatur-utgava\/\",\"url\":\"https:\/\/pistonaddict.com\/sv\/product\/fisker-karma-signatur-utgava\/\",\"name\":\"Fisker Karma Signature Edition auktion - Piston Addict\",\"isPartOf\":{\"@id\":\"https:\/\/pistonaddict.com\/sv\/#website\"},\"primaryImageOfPage\":{\"@id\":\"https:\/\/pistonaddict.com\/sv\/product\/fisker-karma-signatur-utgava\/#primaryimage\"},\"image\":{\"@id\":\"https:\/\/pistonaddict.com\/sv\/product\/fisker-karma-signatur-utgava\/#primaryimage\"},\"thumbnailUrl\":\"https:\/\/pistonaddict.com\/wp-content\/uploads\/2023\/12\/20210129_085341.jpg\",\"datePublished\":\"2023-12-13T09:17:52+00:00\",\"dateModified\":\"2024-03-20T08:42:44+00:00\",\"breadcrumb\":{\"@id\":\"https:\/\/pistonaddict.com\/sv\/product\/fisker-karma-signatur-utgava\/#breadcrumb\"},\"inLanguage\":\"sv-SE\",\"potentialAction\":[{\"@type\":\"ReadAction\",\"target\":[\"https:\/\/pistonaddict.com\/sv\/product\/fisker-karma-signatur-utgava\/\"]}]},{\"@type\":\"ImageObject\",\"inLanguage\":\"sv-SE\",\"@id\":\"https:\/\/pistonaddict.com\/sv\/product\/fisker-karma-signatur-utgava\/#primaryimage\",\"url\":\"https:\/\/pistonaddict.com\/wp-content\/uploads\/2023\/12\/20210129_085341.jpg\",\"contentUrl\":\"https:\/\/pistonaddict.com\/wp-content\/uploads\/2023\/12\/20210129_085341.jpg\",\"width\":1762,\"height\":752},{\"@type\":\"BreadcrumbList\",\"@id\":\"https:\/\/pistonaddict.com\/sv\/product\/fisker-karma-signatur-utgava\/#breadcrumb\",\"itemListElement\":[{\"@type\":\"ListItem\",\"position\":1,\"name\":\"Hemsida\",\"item\":\"https:\/\/pistonaddict.com\/sv\/hemsidan\/\"},{\"@type\":\"ListItem\",\"position\":2,\"name\":\"Auctions\",\"item\":\"https:\/\/pistonaddict.com\/auctions-listing\/\"},{\"@type\":\"ListItem\",\"position\":3,\"name\":\"Fisker Karma Signature Edition\"}]},{\"@type\":\"WebSite\",\"@id\":\"https:\/\/pistonaddict.com\/sv\/#website\",\"url\":\"https:\/\/pistonaddict.com\/sv\/\",\"name\":\"Piston Addict\",\"description\":\"Only interesting vehicles\",\"publisher\":{\"@id\":\"https:\/\/pistonaddict.com\/sv\/#organization\"},\"potentialAction\":[{\"@type\":\"SearchAction\",\"target\":{\"@type\":\"EntryPoint\",\"urlTemplate\":\"https:\/\/pistonaddict.com\/sv\/?s={search_term_string}\"},\"query-input\":\"required name=search_term_string\"}],\"inLanguage\":\"sv-SE\"},{\"@type\":\"Organization\",\"@id\":\"https:\/\/pistonaddict.com\/sv\/#organization\",\"name\":\"Piston Addict\",\"url\":\"https:\/\/pistonaddict.com\/sv\/\",\"logo\":{\"@type\":\"ImageObject\",\"inLanguage\":\"sv-SE\",\"@id\":\"https:\/\/pistonaddict.com\/sv\/#\/schema\/logo\/image\/\",\"url\":\"https:\/\/pistonaddict.com\/wp-content\/uploads\/2022\/07\/logo-6.png\",\"contentUrl\":\"https:\/\/pistonaddict.com\/wp-content\/uploads\/2022\/07\/logo-6.png\",\"width\":970,\"height\":200,\"caption\":\"Piston Addict\"},\"image\":{\"@id\":\"https:\/\/pistonaddict.com\/sv\/#\/schema\/logo\/image\/\"}}]}<\/script>\n<!-- \/ Yoast SEO plugin. -->","yoast_head_json":{"title":"Fisker Karma Signature Edition auktion - Piston Addict","robots":{"index":"index","follow":"follow","max-snippet":"max-snippet:-1","max-image-preview":"max-image-preview:large","max-video-preview":"max-video-preview:-1"},"canonical":"https:\/\/pistonaddict.com\/sv\/product\/fisker-karma-signatur-utgava\/","og_locale":"sv_SE","og_type":"article","og_title":"Fisker Karma Signature Edition auktion - Piston Addict","og_description":"Fisker Karma \u00e4r inte bara en revolutionerande hybrid utan ocks\u00e5 en av 2000-talets snyggaste bilar. Med bara drygt 3000 tillverkade exemplar \u00e4r den s\u00e4llsynt, men detta exemplar \u00e4r \u00e4nnu mer s\u00e4llsynt. Den silverf\u00e4rgade 2012 Karma som vi erbjuder idag \u00e4r en 1 av 100 Signature Edition-modeller och har till och med signerats personligen av Henrik Fisker, f\u00f6retagets \u00e4gare. Om du letar efter en samlares dr\u00f6m \u00e4r detta den r\u00e4tta.","og_url":"https:\/\/pistonaddict.com\/sv\/product\/fisker-karma-signatur-utgava\/","og_site_name":"Piston Addict","article_modified_time":"2024-03-20T08:42:44+00:00","og_image":[{"width":1762,"height":752,"url":"https:\/\/pistonaddict.com\/wp-content\/uploads\/2023\/12\/20210129_085341.jpg","type":"image\/jpeg"}],"twitter_card":"summary_large_image","twitter_misc":{"Ber\u00e4knad l\u00e4stid":"2 minuter"},"schema":{"@context":"https:\/\/schema.org","@graph":[{"@type":"WebPage","@id":"https:\/\/pistonaddict.com\/sv\/product\/fisker-karma-signatur-utgava\/","url":"https:\/\/pistonaddict.com\/sv\/product\/fisker-karma-signatur-utgava\/","name":"Fisker Karma Signature Edition auktion - Piston Addict","isPartOf":{"@id":"https:\/\/pistonaddict.com\/sv\/#website"},"primaryImageOfPage":{"@id":"https:\/\/pistonaddict.com\/sv\/product\/fisker-karma-signatur-utgava\/#primaryimage"},"image":{"@id":"https:\/\/pistonaddict.com\/sv\/product\/fisker-karma-signatur-utgava\/#primaryimage"},"thumbnailUrl":"https:\/\/pistonaddict.com\/wp-content\/uploads\/2023\/12\/20210129_085341.jpg","datePublished":"2023-12-13T09:17:52+00:00","dateModified":"2024-03-20T08:42:44+00:00","breadcrumb":{"@id":"https:\/\/pistonaddict.com\/sv\/product\/fisker-karma-signatur-utgava\/#breadcrumb"},"inLanguage":"sv-SE","potentialAction":[{"@type":"ReadAction","target":["https:\/\/pistonaddict.com\/sv\/product\/fisker-karma-signatur-utgava\/"]}]},{"@type":"ImageObject","inLanguage":"sv-SE","@id":"https:\/\/pistonaddict.com\/sv\/product\/fisker-karma-signatur-utgava\/#primaryimage","url":"https:\/\/pistonaddict.com\/wp-content\/uploads\/2023\/12\/20210129_085341.jpg","contentUrl":"https:\/\/pistonaddict.com\/wp-content\/uploads\/2023\/12\/20210129_085341.jpg","width":1762,"height":752},{"@type":"BreadcrumbList","@id":"https:\/\/pistonaddict.com\/sv\/product\/fisker-karma-signatur-utgava\/#breadcrumb","itemListElement":[{"@type":"ListItem","position":1,"name":"Hemsida","item":"https:\/\/pistonaddict.com\/sv\/hemsidan\/"},{"@type":"ListItem","position":2,"name":"Auctions","item":"https:\/\/pistonaddict.com\/auctions-listing\/"},{"@type":"ListItem","position":3,"name":"Fisker Karma Signature Edition"}]},{"@type":"WebSite","@id":"https:\/\/pistonaddict.com\/sv\/#website","url":"https:\/\/pistonaddict.com\/sv\/","name":"Piston Addict","description":"Only interesting vehicles","publisher":{"@id":"https:\/\/pistonaddict.com\/sv\/#organization"},"potentialAction":[{"@type":"SearchAction","target":{"@type":"EntryPoint","urlTemplate":"https:\/\/pistonaddict.com\/sv\/?s={search_term_string}"},"query-input":"required name=search_term_string"}],"inLanguage":"sv-SE"},{"@type":"Organization","@id":"https:\/\/pistonaddict.com\/sv\/#organization","name":"Piston Addict","url":"https:\/\/pistonaddict.com\/sv\/","logo":{"@type":"ImageObject","inLanguage":"sv-SE","@id":"https:\/\/pistonaddict.com\/sv\/#\/schema\/logo\/image\/","url":"https:\/\/pistonaddict.com\/wp-content\/uploads\/2022\/07\/logo-6.png","contentUrl":"https:\/\/pistonaddict.com\/wp-content\/uploads\/2022\/07\/logo-6.png","width":970,"height":200,"caption":"Piston Addict"},"image":{"@id":"https:\/\/pistonaddict.com\/sv\/#\/schema\/logo\/image\/"}}]}},"_links":{"self":[{"href":"https:\/\/pistonaddict.com\/sv\/wp-json\/wp\/v2\/product\/78333"}],"collection":[{"href":"https:\/\/pistonaddict.com\/sv\/wp-json\/wp\/v2\/product"}],"about":[{"href":"https:\/\/pistonaddict.com\/sv\/wp-json\/wp\/v2\/types\/product"}],"replies":[{"embeddable":true,"href":"https:\/\/pistonaddict.com\/sv\/wp-json\/wp\/v2\/comments?post=78333"}],"wp:featuredmedia":[{"embeddable":true,"href":"https:\/\/pistonaddict.com\/sv\/wp-json\/wp\/v2\/media\/77675"}],"wp:attachment":[{"href":"https:\/\/pistonaddict.com\/sv\/wp-json\/wp\/v2\/media?parent=78333"}],"wp:term":[{"taxonomy":"product_cat","embeddable":true,"href":"https:\/\/pistonaddict.com\/sv\/wp-json\/wp\/v2\/product_cat?post=78333"},{"taxonomy":"product_tag","embeddable":true,"href":"https:\/\/pistonaddict.com\/sv\/wp-json\/wp\/v2\/product_tag?post=78333"}],"curies":[{"name":"wp","href":"https:\/\/api.w.org\/{rel}","templated":true}]}}