{"id":77373,"date":"2023-12-11T15:55:41","date_gmt":"2023-12-11T14:55:41","guid":{"rendered":"https:\/\/pistonaddict.com\/product\/abarth-124-spider\/"},"modified":"2024-03-20T09:41:51","modified_gmt":"2024-03-20T08:41:51","slug":"abarth-124-spindel","status":"publish","type":"product","link":"https:\/\/pistonaddict.com\/sv\/product\/abarth-124-spindel\/","title":{"rendered":"Abarth 124 Spider"},"content":{"rendered":"<h2>Exteri\u00f6r<\/h2>\n<p>P\u00e5 utsidan \u00e4r det uppenbart vid f\u00f6rsta anblicken att detta \u00e4r mer \u00e4n en vanlig 124 Spider fr\u00e5n hyllan. Denna svartlackerade roadster har mer aggressiva st\u00f6tf\u00e5ngare, xenonstr\u00e5lkastare och ett dubbelsidigt avgasr\u00f6r baktill, med tv\u00e5 kromade spetsar p\u00e5 varje sida. Alla dessa detaljer ger bilen en formidabel v\u00e4gn\u00e4rvaro som omissk\u00e4nnligt skiljer den fr\u00e5n dess milda kusin. Och om detta inte \u00e4r nog kommer m\u00e4rket p\u00e5 sidan som firar Abarths 70-\u00e5rsjubileum att understryka hur exklusiv just denna modell \u00e4r.<\/p>\n<p>Denna Abarth 124 Spider sitter p\u00e5 17-tumsf\u00e4lgar med Bridgestone-d\u00e4ck, som kanske har tj\u00e4nat ut sin storhetstid. Hjulen ger ocks\u00e5 en tydlig bild av de massiva r\u00f6da Brembo-bromsoken som utlovar utm\u00e4rkt stoppkraft.<\/p>\n<h2>Interi\u00f6r<\/h2>\n<p>Precis som p\u00e5 utsidan har interi\u00f6ren flera i\u00f6gonfallande detaljer som tydligt visar bilens ursprung. Till att b\u00f6rja med ett par bekv\u00e4ma s\u00e4ten kl\u00e4dda i mockal\u00e4der, med en massiv r\u00f6d Abart-bokstav sydd i ryggst\u00f6det. De r\u00f6df\u00e4rgade detaljerna framh\u00e4ver \u00e4ven ratten och instrumentpanelen bakom den, som domineras av en varvr\u00e4knare som g\u00e5r upp till 8000 varv\/min. Slutligen inneh\u00e5ller den minimalistiska instrumentpanelen bara det allra n\u00f6dv\u00e4ndigaste, som reglagen f\u00f6r luftkonditionering och den mittmonterade displayen, vilket g\u00f6r det uppenbart att den h\u00e4r bilen fr\u00e4mst \u00e4r gjord f\u00f6r att k\u00f6ra.<\/p>\n<h2>Mekanik<\/h2>\n<p>Vid f\u00f6rsta anblicken kanske 1,4-litersmotorn under huven inte verkar s\u00e5 \u00f6vertygande som man skulle kunna f\u00f6rv\u00e4nta sig. Men tack vare en turboladdare och trimmad br\u00e4nslehantering, som \u00f6kar effekten till 170 h\u00e4stkrafter, \u00e4r denna smidiga 4-cylindriga enhet ganska kraftfull. V\u00e4xell\u00e5dan &#8211; en konventionell sexv\u00e4xlad manuell &#8211; \u00e4r ytterligare en detalj som avsl\u00f6jar Spiders sanna natur. Denna drivlinjekonfiguration, i kombination med suver\u00e4n fj\u00e4dring och effektiva bromsar, g\u00f6r den till en riktig f\u00f6rarbil som \u00e4r utformad f\u00f6r att ta sig an alla kurviga v\u00e4gar.<\/p>\n<h2>Fordonets historia<\/h2>\n<p>Till sist ett ord eller tv\u00e5 om denna Abarth Spiders nuvarande skick. Den senaste regelbundna servicen, som inkluderade ett oljebyte, utf\u00f6rdes i januari 2023. I december gjordes en \u00f6versyn av bromsarna. Baserat p\u00e5 de medf\u00f6ljande bilderna och tillh\u00f6rande video verkar bilen vara i perfekt skick, utan synliga skador eller slitage.<\/p>\n<p>Dessutom s\u00e4ger s\u00e4ljaren att bilen, som f\u00f6r n\u00e4rvarande \u00e4r i Italien, inte anv\u00e4ndes p\u00e5 bana eller var inblandad i n\u00e5gra olyckor, med en matchande <a href=\"https:\/\/pistonaddict.com\/wp-content\/uploads\/2023\/12\/abarthspider.pdf\">CARFAX<\/a> Vehicle History Report f\u00f6r att bekr\u00e4fta detta.<\/p>\n<p><strong><br \/>\nKolla in kallstartsvideon av denna vackra Abarth 124 Spider :<\/strong><\/p>\n<p><iframe title=\"Cold Start Video of the Abarth 124 Spider for auction sale\" width=\"1200\" height=\"675\" src=\"https:\/\/www.youtube.com\/embed\/wZs51_ew1WU?feature=oembed\" frameborder=\"0\" allow=\"accelerometer; autoplay; clipboard-write; encrypted-media; gyroscope; picture-in-picture; web-share\" allowfullscreen><\/iframe><\/p>\n","protected":false},"excerpt":{"rendered":"<p>Om du vill ha en bil som ser bra ut, \u00e4r rolig att k\u00f6ra och l\u00e4tt att leva med, b\u00f6r du \u00f6verv\u00e4ga att skaffa en roadster. Det finns flera relativt nya modeller att v\u00e4lja mellan, och en av dem \u00e4r 124 Spider, som delar sitt mekaniska underrede med den f\u00f6rmodligen mest k\u00e4nda roadstern idag &#8211; Mazda MX5. Som s\u00e5dan representerar den en unik blandning av italiensk stil och japansk exakt teknik.<\/p>\n<p>Och n\u00e4r Fiats interna tuner kryddar allt detta, f\u00e5r du en eldig <strong>Abarth 124 Spider<\/strong>, varav en \u00e4r p\u00e5 auktion h\u00e4r p\u00e5 v\u00e5r webbplats. Denna oklanderliga 2019-modell har bara g\u00e5tt lite drygt 23 000 kilometer och letar f\u00f6r n\u00e4rvarande efter en ny \u00e4gare. Och f\u00f6rutom det eleganta utseendet och den njutbara prestandan har den ytterligare ett ess i rock\u00e4rmen.<\/p>\n","protected":false},"featured_media":77153,"comment_status":"open","ping_status":"closed","template":"","meta":{"inline_featured_image":false},"product_cat":[730],"product_tag":[2755,2756,2754,958],"acf":[],"yoast_head":"<!-- This site is optimized with the Yoast SEO plugin v22.5 - https:\/\/yoast.com\/wordpress\/plugins\/seo\/ -->\n<title>Abarth 124 Spider auktion - Piston Addict<\/title>\n<meta name=\"robots\" content=\"index, follow, max-snippet:-1, max-image-preview:large, max-video-preview:-1\" \/>\n<link rel=\"canonical\" href=\"https:\/\/pistonaddict.com\/sv\/product\/abarth-124-spindel\/\" \/>\n<meta property=\"og:locale\" content=\"sv_SE\" \/>\n<meta property=\"og:type\" content=\"article\" \/>\n<meta property=\"og:title\" content=\"Abarth 124 Spider auktion - Piston Addict\" \/>\n<meta property=\"og:description\" content=\"Om du vill ha en bil som ser bra ut, \u00e4r rolig att k\u00f6ra och l\u00e4tt att leva med, b\u00f6r du \u00f6verv\u00e4ga att skaffa en roadster. Det finns flera relativt nya modeller att v\u00e4lja mellan, och en av dem \u00e4r 124 Spider, som delar sitt mekaniska underrede med den f\u00f6rmodligen mest k\u00e4nda roadstern idag - Mazda MX5. Som s\u00e5dan representerar den en unik blandning av italiensk stil och japansk exakt teknik. Och n\u00e4r Fiats interna tuner kryddar allt detta, f\u00e5r du en eldig Abarth 124 Spider, varav en \u00e4r p\u00e5 auktion h\u00e4r p\u00e5 v\u00e5r webbplats. Denna oklanderliga 2019-modell har bara g\u00e5tt lite drygt 23 000 kilometer och letar f\u00f6r n\u00e4rvarande efter en ny \u00e4gare. Och f\u00f6rutom det eleganta utseendet och den njutbara prestandan har den ytterligare ett ess i rock\u00e4rmen.\" \/>\n<meta property=\"og:url\" content=\"https:\/\/pistonaddict.com\/sv\/product\/abarth-124-spindel\/\" \/>\n<meta property=\"og:site_name\" content=\"Piston Addict\" \/>\n<meta property=\"article:modified_time\" content=\"2024-03-20T08:41:51+00:00\" \/>\n<meta property=\"og:image\" content=\"https:\/\/pistonaddict.com\/wp-content\/uploads\/2023\/12\/image00020-scaled.jpeg\" \/>\n\t<meta property=\"og:image:width\" content=\"2560\" \/>\n\t<meta property=\"og:image:height\" content=\"1920\" \/>\n\t<meta property=\"og:image:type\" content=\"image\/jpeg\" \/>\n<meta name=\"twitter:card\" content=\"summary_large_image\" \/>\n<meta name=\"twitter:label1\" content=\"Ber\u00e4knad l\u00e4stid\" \/>\n\t<meta name=\"twitter:data1\" content=\"2 minuter\" \/>\n<script type=\"application\/ld+json\" class=\"yoast-schema-graph\">{\"@context\":\"https:\/\/schema.org\",\"@graph\":[{\"@type\":\"WebPage\",\"@id\":\"https:\/\/pistonaddict.com\/sv\/product\/abarth-124-spindel\/\",\"url\":\"https:\/\/pistonaddict.com\/sv\/product\/abarth-124-spindel\/\",\"name\":\"Abarth 124 Spider auktion - Piston Addict\",\"isPartOf\":{\"@id\":\"https:\/\/pistonaddict.com\/sv\/#website\"},\"primaryImageOfPage\":{\"@id\":\"https:\/\/pistonaddict.com\/sv\/product\/abarth-124-spindel\/#primaryimage\"},\"image\":{\"@id\":\"https:\/\/pistonaddict.com\/sv\/product\/abarth-124-spindel\/#primaryimage\"},\"thumbnailUrl\":\"https:\/\/pistonaddict.com\/wp-content\/uploads\/2023\/12\/image00020-scaled.jpeg\",\"datePublished\":\"2023-12-11T14:55:41+00:00\",\"dateModified\":\"2024-03-20T08:41:51+00:00\",\"breadcrumb\":{\"@id\":\"https:\/\/pistonaddict.com\/sv\/product\/abarth-124-spindel\/#breadcrumb\"},\"inLanguage\":\"sv-SE\",\"potentialAction\":[{\"@type\":\"ReadAction\",\"target\":[\"https:\/\/pistonaddict.com\/sv\/product\/abarth-124-spindel\/\"]}]},{\"@type\":\"ImageObject\",\"inLanguage\":\"sv-SE\",\"@id\":\"https:\/\/pistonaddict.com\/sv\/product\/abarth-124-spindel\/#primaryimage\",\"url\":\"https:\/\/pistonaddict.com\/wp-content\/uploads\/2023\/12\/image00020-scaled.jpeg\",\"contentUrl\":\"https:\/\/pistonaddict.com\/wp-content\/uploads\/2023\/12\/image00020-scaled.jpeg\",\"width\":2560,\"height\":1920},{\"@type\":\"BreadcrumbList\",\"@id\":\"https:\/\/pistonaddict.com\/sv\/product\/abarth-124-spindel\/#breadcrumb\",\"itemListElement\":[{\"@type\":\"ListItem\",\"position\":1,\"name\":\"Hemsida\",\"item\":\"https:\/\/pistonaddict.com\/sv\/hemsidan\/\"},{\"@type\":\"ListItem\",\"position\":2,\"name\":\"Auctions\",\"item\":\"https:\/\/pistonaddict.com\/auctions-listing\/\"},{\"@type\":\"ListItem\",\"position\":3,\"name\":\"Abarth 124 Spider\"}]},{\"@type\":\"WebSite\",\"@id\":\"https:\/\/pistonaddict.com\/sv\/#website\",\"url\":\"https:\/\/pistonaddict.com\/sv\/\",\"name\":\"Piston Addict\",\"description\":\"Only interesting vehicles\",\"publisher\":{\"@id\":\"https:\/\/pistonaddict.com\/sv\/#organization\"},\"potentialAction\":[{\"@type\":\"SearchAction\",\"target\":{\"@type\":\"EntryPoint\",\"urlTemplate\":\"https:\/\/pistonaddict.com\/sv\/?s={search_term_string}\"},\"query-input\":\"required name=search_term_string\"}],\"inLanguage\":\"sv-SE\"},{\"@type\":\"Organization\",\"@id\":\"https:\/\/pistonaddict.com\/sv\/#organization\",\"name\":\"Piston Addict\",\"url\":\"https:\/\/pistonaddict.com\/sv\/\",\"logo\":{\"@type\":\"ImageObject\",\"inLanguage\":\"sv-SE\",\"@id\":\"https:\/\/pistonaddict.com\/sv\/#\/schema\/logo\/image\/\",\"url\":\"https:\/\/pistonaddict.com\/wp-content\/uploads\/2022\/07\/logo-6.png\",\"contentUrl\":\"https:\/\/pistonaddict.com\/wp-content\/uploads\/2022\/07\/logo-6.png\",\"width\":970,\"height\":200,\"caption\":\"Piston Addict\"},\"image\":{\"@id\":\"https:\/\/pistonaddict.com\/sv\/#\/schema\/logo\/image\/\"}}]}<\/script>\n<!-- \/ Yoast SEO plugin. -->","yoast_head_json":{"title":"Abarth 124 Spider auktion - Piston Addict","robots":{"index":"index","follow":"follow","max-snippet":"max-snippet:-1","max-image-preview":"max-image-preview:large","max-video-preview":"max-video-preview:-1"},"canonical":"https:\/\/pistonaddict.com\/sv\/product\/abarth-124-spindel\/","og_locale":"sv_SE","og_type":"article","og_title":"Abarth 124 Spider auktion - Piston Addict","og_description":"Om du vill ha en bil som ser bra ut, \u00e4r rolig att k\u00f6ra och l\u00e4tt att leva med, b\u00f6r du \u00f6verv\u00e4ga att skaffa en roadster. Det finns flera relativt nya modeller att v\u00e4lja mellan, och en av dem \u00e4r 124 Spider, som delar sitt mekaniska underrede med den f\u00f6rmodligen mest k\u00e4nda roadstern idag - Mazda MX5. Som s\u00e5dan representerar den en unik blandning av italiensk stil och japansk exakt teknik. Och n\u00e4r Fiats interna tuner kryddar allt detta, f\u00e5r du en eldig Abarth 124 Spider, varav en \u00e4r p\u00e5 auktion h\u00e4r p\u00e5 v\u00e5r webbplats. Denna oklanderliga 2019-modell har bara g\u00e5tt lite drygt 23 000 kilometer och letar f\u00f6r n\u00e4rvarande efter en ny \u00e4gare. Och f\u00f6rutom det eleganta utseendet och den njutbara prestandan har den ytterligare ett ess i rock\u00e4rmen.","og_url":"https:\/\/pistonaddict.com\/sv\/product\/abarth-124-spindel\/","og_site_name":"Piston Addict","article_modified_time":"2024-03-20T08:41:51+00:00","og_image":[{"width":2560,"height":1920,"url":"https:\/\/pistonaddict.com\/wp-content\/uploads\/2023\/12\/image00020-scaled.jpeg","type":"image\/jpeg"}],"twitter_card":"summary_large_image","twitter_misc":{"Ber\u00e4knad l\u00e4stid":"2 minuter"},"schema":{"@context":"https:\/\/schema.org","@graph":[{"@type":"WebPage","@id":"https:\/\/pistonaddict.com\/sv\/product\/abarth-124-spindel\/","url":"https:\/\/pistonaddict.com\/sv\/product\/abarth-124-spindel\/","name":"Abarth 124 Spider auktion - Piston Addict","isPartOf":{"@id":"https:\/\/pistonaddict.com\/sv\/#website"},"primaryImageOfPage":{"@id":"https:\/\/pistonaddict.com\/sv\/product\/abarth-124-spindel\/#primaryimage"},"image":{"@id":"https:\/\/pistonaddict.com\/sv\/product\/abarth-124-spindel\/#primaryimage"},"thumbnailUrl":"https:\/\/pistonaddict.com\/wp-content\/uploads\/2023\/12\/image00020-scaled.jpeg","datePublished":"2023-12-11T14:55:41+00:00","dateModified":"2024-03-20T08:41:51+00:00","breadcrumb":{"@id":"https:\/\/pistonaddict.com\/sv\/product\/abarth-124-spindel\/#breadcrumb"},"inLanguage":"sv-SE","potentialAction":[{"@type":"ReadAction","target":["https:\/\/pistonaddict.com\/sv\/product\/abarth-124-spindel\/"]}]},{"@type":"ImageObject","inLanguage":"sv-SE","@id":"https:\/\/pistonaddict.com\/sv\/product\/abarth-124-spindel\/#primaryimage","url":"https:\/\/pistonaddict.com\/wp-content\/uploads\/2023\/12\/image00020-scaled.jpeg","contentUrl":"https:\/\/pistonaddict.com\/wp-content\/uploads\/2023\/12\/image00020-scaled.jpeg","width":2560,"height":1920},{"@type":"BreadcrumbList","@id":"https:\/\/pistonaddict.com\/sv\/product\/abarth-124-spindel\/#breadcrumb","itemListElement":[{"@type":"ListItem","position":1,"name":"Hemsida","item":"https:\/\/pistonaddict.com\/sv\/hemsidan\/"},{"@type":"ListItem","position":2,"name":"Auctions","item":"https:\/\/pistonaddict.com\/auctions-listing\/"},{"@type":"ListItem","position":3,"name":"Abarth 124 Spider"}]},{"@type":"WebSite","@id":"https:\/\/pistonaddict.com\/sv\/#website","url":"https:\/\/pistonaddict.com\/sv\/","name":"Piston Addict","description":"Only interesting vehicles","publisher":{"@id":"https:\/\/pistonaddict.com\/sv\/#organization"},"potentialAction":[{"@type":"SearchAction","target":{"@type":"EntryPoint","urlTemplate":"https:\/\/pistonaddict.com\/sv\/?s={search_term_string}"},"query-input":"required name=search_term_string"}],"inLanguage":"sv-SE"},{"@type":"Organization","@id":"https:\/\/pistonaddict.com\/sv\/#organization","name":"Piston Addict","url":"https:\/\/pistonaddict.com\/sv\/","logo":{"@type":"ImageObject","inLanguage":"sv-SE","@id":"https:\/\/pistonaddict.com\/sv\/#\/schema\/logo\/image\/","url":"https:\/\/pistonaddict.com\/wp-content\/uploads\/2022\/07\/logo-6.png","contentUrl":"https:\/\/pistonaddict.com\/wp-content\/uploads\/2022\/07\/logo-6.png","width":970,"height":200,"caption":"Piston Addict"},"image":{"@id":"https:\/\/pistonaddict.com\/sv\/#\/schema\/logo\/image\/"}}]}},"_links":{"self":[{"href":"https:\/\/pistonaddict.com\/sv\/wp-json\/wp\/v2\/product\/77373"}],"collection":[{"href":"https:\/\/pistonaddict.com\/sv\/wp-json\/wp\/v2\/product"}],"about":[{"href":"https:\/\/pistonaddict.com\/sv\/wp-json\/wp\/v2\/types\/product"}],"replies":[{"embeddable":true,"href":"https:\/\/pistonaddict.com\/sv\/wp-json\/wp\/v2\/comments?post=77373"}],"wp:featuredmedia":[{"embeddable":true,"href":"https:\/\/pistonaddict.com\/sv\/wp-json\/wp\/v2\/media\/77153"}],"wp:attachment":[{"href":"https:\/\/pistonaddict.com\/sv\/wp-json\/wp\/v2\/media?parent=77373"}],"wp:term":[{"taxonomy":"product_cat","embeddable":true,"href":"https:\/\/pistonaddict.com\/sv\/wp-json\/wp\/v2\/product_cat?post=77373"},{"taxonomy":"product_tag","embeddable":true,"href":"https:\/\/pistonaddict.com\/sv\/wp-json\/wp\/v2\/product_tag?post=77373"}],"curies":[{"name":"wp","href":"https:\/\/api.w.org\/{rel}","templated":true}]}}