{"id":76295,"date":"2023-12-01T10:53:23","date_gmt":"2023-12-01T09:53:23","guid":{"rendered":"https:\/\/pistonaddict.com\/product\/ferrari-488-gtb\/"},"modified":"2023-12-20T11:45:33","modified_gmt":"2023-12-20T10:45:33","slug":"ferrari-488-gtb","status":"publish","type":"product","link":"https:\/\/pistonaddict.com\/sv\/product\/ferrari-488-gtb\/","title":{"rendered":"Ferrari 488 GTB"},"content":{"rendered":"<p><strong>Bilens historia<\/strong><\/p>\n<p>Ferrari ersatte 458 Italia 2015 med 488 GTB, som var den f\u00f6rsta turboladdade V8 Ferrari med mittmotor sedan den legendariska F40. \u00c4ven om 488 GTB hade en mindre cylindervolym, med bara en 3,9-liters V8, hade den 100 hk mer \u00e4n 458 Italia, med h\u00e4pnadsv\u00e4ckande 670 hk. Men det som var \u00e4nnu mer sp\u00e4nnande var vridmomentet, som \u00e4r imponerande 760 Nm och garanterar blixtsnabb acceleration, omedelbar gasrespons och otrolig k\u00f6rdynamik. 100 km\/h klaras p\u00e5 bara 3 sekunder och toppfarten p\u00e5 330 km\/h l\u00e5ter otroligt. Med l\u00e5g k\u00f6rstr\u00e4cka, sp\u00e4nnande tillval och kolfiberbromsar \u00e4r den 488 GTB vi erbjuder en \u00e4kta f\u00f6rarspecifik modell som \u00e4r redo att \u00f6verraska dig med den rena kraften, f\u00f6rfiningen och k\u00f6rdynamiken hos ett stridsflygplan.<\/p>\n<p><strong>Interi\u00f6r<\/strong><\/p>\n<p>Eftersom denna Ferrari h\u00f6lls noggrant \u00e4r det svarta l\u00e4der- och Alcantara-interi\u00f6ren i mycket gott skick utan sp\u00e5r av anv\u00e4ndning. Den ursprungliga \u00e4garen av denna bil valde prestandaalternativ som ryggst\u00f6d i kolfiber med en kombination av l\u00e4der och Alcantara, en digital display p\u00e5 ratten och interi\u00f6rinsatser i kolfiber. Alla dessa ser helt bra ut, utan repor, och bidrar till bilens prestandak\u00e4nsla. Det finns inga modifieringar och allt fungerar fullt ut som f\u00f6rv\u00e4ntat.<\/p>\n<p><strong>Villkor<\/strong><\/p>\n<p>Ursprungligen levererades denna Ferrari 488 GTB i april 2016 till sin f\u00f6rsta \u00e4gare i Frankrike och f\u00f6rv\u00e4rvades av s\u00e4ljaren 2022. Denna superbil \u00e4r i perfekt skick, med bara 20 500 kilometer p\u00e5 v\u00e4gm\u00e4taren. Bilen har aldrig t\u00e4vlat, k\u00f6rts eller varit inblandad i n\u00e5gra olyckor. Alltid noggrant underh\u00e5llen, med bromsarna renoverade i slutet av november 2023 och den senaste fullst\u00e4ndiga servicen utf\u00f6rd i maj samma \u00e5r. Framtida \u00e4gare kommer att vara glada att veta att detta exempel t\u00e4cks av en ut\u00f6kad Ferrari-garanti (Ferrari Power), som \u00e4r \u00f6verf\u00f6rbar. Underh\u00e5llet har alltid utf\u00f6rts av en auktoriserad \u00e5terf\u00f6rs\u00e4ljare, och det finns dokumenterat. En av den h\u00e4r bilens f\u00f6rs\u00e4ljningsargument \u00e4r dock dess l\u00e5nga lista med extrautrustning. <strong>Denna 488 GTB har ett ATF-system, keramiska bromsar med lackerade bromsok, d\u00f6rrpaneler och s\u00e4ten i kolfiber, PDC fram och bak, fj\u00e4dringslyftare och kolfiberinsatser<\/strong>. Allt detta g\u00f6r den till en unik bil med perfekta f\u00f6raregenskaper.<\/p>\n<p><strong>Exteri\u00f6r och hjul<\/strong><\/p>\n<p>Denna 488 GTB \u00e4r m\u00e5lad i en sl\u00e5ende nyans av Grigio Silverstone och har en matchande svart interi\u00f6r, vilket g\u00f6r den till en riktig sev\u00e4rdhet. \u00c4ven om den inte \u00e4r r\u00f6d \u00e4r den \u00e4nnu vackrare och diskretare i m\u00f6rkgr\u00e5tt. Naturligtvis \u00e4r karossen utan repor och bucklor. Med fabriksmonterade 20-tumsf\u00e4lgar lindade i helt nya och korrekta Pirelli-d\u00e4ck \u00e4r denna fantastiska 488 GTB redo att omvandla sina 670 hk till en unik k\u00f6rupplevelse.<\/p>\n<p><strong> <\/strong><strong>Dokumentation<\/strong><\/p>\n<p>Den professionella s\u00e4ljer detta fordon med l\u00e4mplig dokumentation, bel\u00e4gen i Frankrike. <a href=\"https:\/\/pistonaddict.com\/wp-content\/uploads\/2023\/12\/Ferrari488GTB.pdf\" target=\"_blank\" rel=\"noopener\">CarVertical-rapporten<\/a> \u00e4r ren; inga bevis p\u00e5 olyckor, olycksreparationer, \u00e4gande eller juridiska problem finns. Det finns dokumentation \u00f6ver regelbundet underh\u00e5ll, k\u00f6pebrev och kvitton. <strong>En ut\u00f6kad fabriksgaranti f\u00f6r denna modell i 12 m\u00e5nader<\/strong> och ett intyg om \u00f6verensst\u00e4mmelse (v\u00e4rt 2000 euro) \u00e4r ytterligare bevis p\u00e5 att detta \u00e4r ett f\u00f6rstklassigt samlarfordon.<\/p>\n<p><strong><br \/>\nKolla in kallstartvideon av denna vackra Ferrari 488 GTB :<\/strong><\/p>\n<p><iframe title=\"Cold Start Video of the Ferrari 488 GTB for auction sale\" width=\"1200\" height=\"675\" src=\"https:\/\/www.youtube.com\/embed\/_SyEnhUZHXQ?feature=oembed\" frameborder=\"0\" allow=\"accelerometer; autoplay; clipboard-write; encrypted-media; gyroscope; picture-in-picture; web-share\" allowfullscreen><\/iframe><\/p>\n","protected":false},"excerpt":{"rendered":"<p>Om Ferrari 458 Italia var den naturligt sugande perfektionen, var efterf\u00f6ljaren, 488 Italia, ett turboladdat m\u00e4sterverk. 458 Italia satte extremt h\u00f6ga standarder f\u00f6r mittmotorsportbilsklassen, men Ferrari lyckades \u00f6vertr\u00e4ffa f\u00f6rv\u00e4ntningarna med 488 GTB. 488 GTB \u00e4r en otroligt kraftfull, aggressiv och snabb sportbil som passar lika bra p\u00e5 Autobahn som p\u00e5 racerbanan. Det exempel vi har till f\u00f6rs\u00e4ljning \u00e4r ett av de b\u00e4sta tillg\u00e4ngliga.<\/p>\n","protected":false},"featured_media":75686,"comment_status":"open","ping_status":"closed","template":"","meta":{"inline_featured_image":false},"product_cat":[730],"product_tag":[2676,2289,922,2673],"acf":[],"yoast_head":"<!-- This site is optimized with the Yoast SEO plugin v22.5 - https:\/\/yoast.com\/wordpress\/plugins\/seo\/ -->\n<title>Ferrari 488 GTB auktion - Piston Addict<\/title>\n<meta name=\"robots\" content=\"index, follow, max-snippet:-1, max-image-preview:large, max-video-preview:-1\" \/>\n<link rel=\"canonical\" href=\"https:\/\/pistonaddict.com\/sv\/product\/ferrari-488-gtb\/\" \/>\n<meta property=\"og:locale\" content=\"sv_SE\" \/>\n<meta property=\"og:type\" content=\"article\" \/>\n<meta property=\"og:title\" content=\"Ferrari 488 GTB auktion - Piston Addict\" \/>\n<meta property=\"og:description\" content=\"Om Ferrari 458 Italia var den naturligt sugande perfektionen, var efterf\u00f6ljaren, 488 Italia, ett turboladdat m\u00e4sterverk. 458 Italia satte extremt h\u00f6ga standarder f\u00f6r mittmotorsportbilsklassen, men Ferrari lyckades \u00f6vertr\u00e4ffa f\u00f6rv\u00e4ntningarna med 488 GTB. 488 GTB \u00e4r en otroligt kraftfull, aggressiv och snabb sportbil som passar lika bra p\u00e5 Autobahn som p\u00e5 racerbanan. Det exempel vi har till f\u00f6rs\u00e4ljning \u00e4r ett av de b\u00e4sta tillg\u00e4ngliga.\" \/>\n<meta property=\"og:url\" content=\"https:\/\/pistonaddict.com\/sv\/product\/ferrari-488-gtb\/\" \/>\n<meta property=\"og:site_name\" content=\"Piston Addict\" \/>\n<meta property=\"article:modified_time\" content=\"2023-12-20T10:45:33+00:00\" \/>\n<meta property=\"og:image\" content=\"https:\/\/pistonaddict.com\/wp-content\/uploads\/2023\/12\/IMG_0075-1024x765.png\" \/>\n\t<meta property=\"og:image:width\" content=\"1024\" \/>\n\t<meta property=\"og:image:height\" content=\"765\" \/>\n\t<meta property=\"og:image:type\" content=\"image\/png\" \/>\n<meta name=\"twitter:card\" content=\"summary_large_image\" \/>\n<meta name=\"twitter:label1\" content=\"Ber\u00e4knad l\u00e4stid\" \/>\n\t<meta name=\"twitter:data1\" content=\"3 minuter\" \/>\n<script type=\"application\/ld+json\" class=\"yoast-schema-graph\">{\"@context\":\"https:\/\/schema.org\",\"@graph\":[{\"@type\":\"WebPage\",\"@id\":\"https:\/\/pistonaddict.com\/sv\/product\/ferrari-488-gtb\/\",\"url\":\"https:\/\/pistonaddict.com\/sv\/product\/ferrari-488-gtb\/\",\"name\":\"Ferrari 488 GTB auktion - Piston Addict\",\"isPartOf\":{\"@id\":\"https:\/\/pistonaddict.com\/sv\/#website\"},\"primaryImageOfPage\":{\"@id\":\"https:\/\/pistonaddict.com\/sv\/product\/ferrari-488-gtb\/#primaryimage\"},\"image\":{\"@id\":\"https:\/\/pistonaddict.com\/sv\/product\/ferrari-488-gtb\/#primaryimage\"},\"thumbnailUrl\":\"https:\/\/pistonaddict.com\/wp-content\/uploads\/2023\/12\/IMG_0075.png\",\"datePublished\":\"2023-12-01T09:53:23+00:00\",\"dateModified\":\"2023-12-20T10:45:33+00:00\",\"breadcrumb\":{\"@id\":\"https:\/\/pistonaddict.com\/sv\/product\/ferrari-488-gtb\/#breadcrumb\"},\"inLanguage\":\"sv-SE\",\"potentialAction\":[{\"@type\":\"ReadAction\",\"target\":[\"https:\/\/pistonaddict.com\/sv\/product\/ferrari-488-gtb\/\"]}]},{\"@type\":\"ImageObject\",\"inLanguage\":\"sv-SE\",\"@id\":\"https:\/\/pistonaddict.com\/sv\/product\/ferrari-488-gtb\/#primaryimage\",\"url\":\"https:\/\/pistonaddict.com\/wp-content\/uploads\/2023\/12\/IMG_0075.png\",\"contentUrl\":\"https:\/\/pistonaddict.com\/wp-content\/uploads\/2023\/12\/IMG_0075.png\",\"width\":2160,\"height\":1614},{\"@type\":\"BreadcrumbList\",\"@id\":\"https:\/\/pistonaddict.com\/sv\/product\/ferrari-488-gtb\/#breadcrumb\",\"itemListElement\":[{\"@type\":\"ListItem\",\"position\":1,\"name\":\"Hemsida\",\"item\":\"https:\/\/pistonaddict.com\/sv\/hemsidan\/\"},{\"@type\":\"ListItem\",\"position\":2,\"name\":\"Auctions\",\"item\":\"https:\/\/pistonaddict.com\/auctions-listing\/\"},{\"@type\":\"ListItem\",\"position\":3,\"name\":\"Ferrari 488 GTB\"}]},{\"@type\":\"WebSite\",\"@id\":\"https:\/\/pistonaddict.com\/sv\/#website\",\"url\":\"https:\/\/pistonaddict.com\/sv\/\",\"name\":\"Piston Addict\",\"description\":\"Only interesting vehicles\",\"publisher\":{\"@id\":\"https:\/\/pistonaddict.com\/sv\/#organization\"},\"potentialAction\":[{\"@type\":\"SearchAction\",\"target\":{\"@type\":\"EntryPoint\",\"urlTemplate\":\"https:\/\/pistonaddict.com\/sv\/?s={search_term_string}\"},\"query-input\":\"required name=search_term_string\"}],\"inLanguage\":\"sv-SE\"},{\"@type\":\"Organization\",\"@id\":\"https:\/\/pistonaddict.com\/sv\/#organization\",\"name\":\"Piston Addict\",\"url\":\"https:\/\/pistonaddict.com\/sv\/\",\"logo\":{\"@type\":\"ImageObject\",\"inLanguage\":\"sv-SE\",\"@id\":\"https:\/\/pistonaddict.com\/sv\/#\/schema\/logo\/image\/\",\"url\":\"https:\/\/pistonaddict.com\/wp-content\/uploads\/2022\/07\/logo-6.png\",\"contentUrl\":\"https:\/\/pistonaddict.com\/wp-content\/uploads\/2022\/07\/logo-6.png\",\"width\":970,\"height\":200,\"caption\":\"Piston Addict\"},\"image\":{\"@id\":\"https:\/\/pistonaddict.com\/sv\/#\/schema\/logo\/image\/\"}}]}<\/script>\n<!-- \/ Yoast SEO plugin. -->","yoast_head_json":{"title":"Ferrari 488 GTB auktion - Piston Addict","robots":{"index":"index","follow":"follow","max-snippet":"max-snippet:-1","max-image-preview":"max-image-preview:large","max-video-preview":"max-video-preview:-1"},"canonical":"https:\/\/pistonaddict.com\/sv\/product\/ferrari-488-gtb\/","og_locale":"sv_SE","og_type":"article","og_title":"Ferrari 488 GTB auktion - Piston Addict","og_description":"Om Ferrari 458 Italia var den naturligt sugande perfektionen, var efterf\u00f6ljaren, 488 Italia, ett turboladdat m\u00e4sterverk. 458 Italia satte extremt h\u00f6ga standarder f\u00f6r mittmotorsportbilsklassen, men Ferrari lyckades \u00f6vertr\u00e4ffa f\u00f6rv\u00e4ntningarna med 488 GTB. 488 GTB \u00e4r en otroligt kraftfull, aggressiv och snabb sportbil som passar lika bra p\u00e5 Autobahn som p\u00e5 racerbanan. Det exempel vi har till f\u00f6rs\u00e4ljning \u00e4r ett av de b\u00e4sta tillg\u00e4ngliga.","og_url":"https:\/\/pistonaddict.com\/sv\/product\/ferrari-488-gtb\/","og_site_name":"Piston Addict","article_modified_time":"2023-12-20T10:45:33+00:00","og_image":[{"width":1024,"height":765,"url":"https:\/\/pistonaddict.com\/wp-content\/uploads\/2023\/12\/IMG_0075-1024x765.png","type":"image\/png"}],"twitter_card":"summary_large_image","twitter_misc":{"Ber\u00e4knad l\u00e4stid":"3 minuter"},"schema":{"@context":"https:\/\/schema.org","@graph":[{"@type":"WebPage","@id":"https:\/\/pistonaddict.com\/sv\/product\/ferrari-488-gtb\/","url":"https:\/\/pistonaddict.com\/sv\/product\/ferrari-488-gtb\/","name":"Ferrari 488 GTB auktion - Piston Addict","isPartOf":{"@id":"https:\/\/pistonaddict.com\/sv\/#website"},"primaryImageOfPage":{"@id":"https:\/\/pistonaddict.com\/sv\/product\/ferrari-488-gtb\/#primaryimage"},"image":{"@id":"https:\/\/pistonaddict.com\/sv\/product\/ferrari-488-gtb\/#primaryimage"},"thumbnailUrl":"https:\/\/pistonaddict.com\/wp-content\/uploads\/2023\/12\/IMG_0075.png","datePublished":"2023-12-01T09:53:23+00:00","dateModified":"2023-12-20T10:45:33+00:00","breadcrumb":{"@id":"https:\/\/pistonaddict.com\/sv\/product\/ferrari-488-gtb\/#breadcrumb"},"inLanguage":"sv-SE","potentialAction":[{"@type":"ReadAction","target":["https:\/\/pistonaddict.com\/sv\/product\/ferrari-488-gtb\/"]}]},{"@type":"ImageObject","inLanguage":"sv-SE","@id":"https:\/\/pistonaddict.com\/sv\/product\/ferrari-488-gtb\/#primaryimage","url":"https:\/\/pistonaddict.com\/wp-content\/uploads\/2023\/12\/IMG_0075.png","contentUrl":"https:\/\/pistonaddict.com\/wp-content\/uploads\/2023\/12\/IMG_0075.png","width":2160,"height":1614},{"@type":"BreadcrumbList","@id":"https:\/\/pistonaddict.com\/sv\/product\/ferrari-488-gtb\/#breadcrumb","itemListElement":[{"@type":"ListItem","position":1,"name":"Hemsida","item":"https:\/\/pistonaddict.com\/sv\/hemsidan\/"},{"@type":"ListItem","position":2,"name":"Auctions","item":"https:\/\/pistonaddict.com\/auctions-listing\/"},{"@type":"ListItem","position":3,"name":"Ferrari 488 GTB"}]},{"@type":"WebSite","@id":"https:\/\/pistonaddict.com\/sv\/#website","url":"https:\/\/pistonaddict.com\/sv\/","name":"Piston Addict","description":"Only interesting vehicles","publisher":{"@id":"https:\/\/pistonaddict.com\/sv\/#organization"},"potentialAction":[{"@type":"SearchAction","target":{"@type":"EntryPoint","urlTemplate":"https:\/\/pistonaddict.com\/sv\/?s={search_term_string}"},"query-input":"required name=search_term_string"}],"inLanguage":"sv-SE"},{"@type":"Organization","@id":"https:\/\/pistonaddict.com\/sv\/#organization","name":"Piston Addict","url":"https:\/\/pistonaddict.com\/sv\/","logo":{"@type":"ImageObject","inLanguage":"sv-SE","@id":"https:\/\/pistonaddict.com\/sv\/#\/schema\/logo\/image\/","url":"https:\/\/pistonaddict.com\/wp-content\/uploads\/2022\/07\/logo-6.png","contentUrl":"https:\/\/pistonaddict.com\/wp-content\/uploads\/2022\/07\/logo-6.png","width":970,"height":200,"caption":"Piston Addict"},"image":{"@id":"https:\/\/pistonaddict.com\/sv\/#\/schema\/logo\/image\/"}}]}},"_links":{"self":[{"href":"https:\/\/pistonaddict.com\/sv\/wp-json\/wp\/v2\/product\/76295"}],"collection":[{"href":"https:\/\/pistonaddict.com\/sv\/wp-json\/wp\/v2\/product"}],"about":[{"href":"https:\/\/pistonaddict.com\/sv\/wp-json\/wp\/v2\/types\/product"}],"replies":[{"embeddable":true,"href":"https:\/\/pistonaddict.com\/sv\/wp-json\/wp\/v2\/comments?post=76295"}],"wp:featuredmedia":[{"embeddable":true,"href":"https:\/\/pistonaddict.com\/sv\/wp-json\/wp\/v2\/media\/75686"}],"wp:attachment":[{"href":"https:\/\/pistonaddict.com\/sv\/wp-json\/wp\/v2\/media?parent=76295"}],"wp:term":[{"taxonomy":"product_cat","embeddable":true,"href":"https:\/\/pistonaddict.com\/sv\/wp-json\/wp\/v2\/product_cat?post=76295"},{"taxonomy":"product_tag","embeddable":true,"href":"https:\/\/pistonaddict.com\/sv\/wp-json\/wp\/v2\/product_tag?post=76295"}],"curies":[{"name":"wp","href":"https:\/\/api.w.org\/{rel}","templated":true}]}}