{"id":75651,"date":"2023-12-01T10:02:11","date_gmt":"2023-12-01T09:02:11","guid":{"rendered":"https:\/\/pistonaddict.com\/product\/ferrari-458-italia\/"},"modified":"2023-12-20T09:59:13","modified_gmt":"2023-12-20T08:59:13","slug":"ferrari-458-italien","status":"publish","type":"product","link":"https:\/\/pistonaddict.com\/sv\/product\/ferrari-458-italien\/","title":{"rendered":"Ferrari 458 Italia"},"content":{"rendered":"<p><strong>Bilens historia<\/strong><\/p>\n<p>458 Italia presenterades 2009 och markerade en ny era f\u00f6r detta legendariska varum\u00e4rke, med ett nytt designspr\u00e5k, en 4,5-liters V8-motor, elektronisk differential och 7-v\u00e4xlad dubbelkopplingsautomat som enda motoralternativ. Med 570 hk som skickas till bakhjulen och en r\u00f6d linje p\u00e5 9 000 varv per minut, levererar 458 Italia n\u00e4stan Formel 1-k\u00f6rdynamik med samma soundtrack och sp\u00e4nning. Redan fr\u00e5n b\u00f6rjan f\u00f6rklarade testarna i tidningarna att 458 var en av de b\u00e4sta Ferraribilarna f\u00f6r landsv\u00e4gsk\u00f6rning &#8211; ett h\u00f6gtravande erk\u00e4nnande men inte utan anledning. Det \u00e4r en blixtsnabb italiensk hingst med 0-100 km\/h p\u00e5 l\u00e5ngt under 4 sekunder och en topphastighet p\u00e5 \u00f6ver 320 km\/h. Denna speciella Ferrari 458 tillverkades 2011 och den nuvarande s\u00e4ljaren f\u00f6rv\u00e4rvade den 2022. Med en mycket intressant upps\u00e4ttning tillval, en klassisk r\u00f6d-svart f\u00e4rg, l\u00e5g k\u00f6rstr\u00e4cka och nyligen utf\u00f6rd service \u00e4r den redo att njutas av av den nya \u00e4garen. Den ursprungliga \u00e4garen av denna bil koncentrerade sig p\u00e5 bekv\u00e4mlighetsalternativ som ett adaptivt fr\u00e4mre ljussystem, uppv\u00e4rmda s\u00e4ten, PDC f\u00f6r enklare man\u00f6vrering och parkering, en elektriskt justerbar rattst\u00e5ng och mycket mer. Allt detta g\u00f6r denna 458 Italia till ett mycket v\u00e4lutrustat och anv\u00e4ndarv\u00e4nligt exemplar.<\/p>\n<p><strong>Interi\u00f6r<\/strong><\/p>\n<p>Eftersom denna Ferrari h\u00f6lls noggrant \u00e4r den svarta l\u00e4derinredningen i mycket bra skick med minimala sp\u00e5r av anv\u00e4ndning. S\u00e4tena med r\u00f6da s\u00f6mmar \u00e4r i perfekt skick, och den ursprungliga \u00e4garen valde tillval f\u00f6r en elegant look som aldrig kommer att bli omodern. Det finns inga modifieringar och interi\u00f6ren ser helt ny ut.<\/p>\n<p><strong>Villkor<\/strong><\/p>\n<p>Med bara 25 500 kilometer \u00e4r denna Ferrari 458 Italia obefl\u00e4ckad och noggrant omh\u00e4ndertagen av alla dess anv\u00e4ndare. Alla underh\u00e5lls\u00e5tg\u00e4rder utf\u00f6rdes i tid, med det senaste oljebytet och den senaste servicen i maj 2023 och bromsarna renoverades f\u00f6r bara n\u00e5gra dagar sedan i slutet av november 2023. Men vad som \u00e4r \u00e4nnu viktigare med detta specifika exempel \u00e4r att alla fabriksutf\u00e4rdade \u00e5terkallelser f\u00f6r 458 Italia-modellen har utf\u00f6rts av officiella \u00e5terf\u00f6rs\u00e4ljare med dokument som bevisar detta. Bilen levererades ursprungligen i Nederl\u00e4nderna, och den auktoriserade Ferrari-\u00e5terf\u00f6rs\u00e4ljaren utf\u00f6rde \u00e5terkallelseservicen. Under 2019 byttes airbagen p\u00e5 passagerarsidan ut och under 2022 byttes locket till bromsv\u00e4tskebeh\u00e5llaren. Alla dessa \u00e5terkallelser godk\u00e4ndes av fabriken och dokumenterades. Det visar att alla \u00e4gare \u00e4r h\u00e4ngivna entusiaster. <strong>Just denna bil har en ut\u00f6kad Ferrari New Power-garanti f\u00f6r de kommande 12 m\u00e5naderna<\/strong>.<\/p>\n<p><strong> <\/strong><strong>Exteri\u00f6r och hjul<\/strong><\/p>\n<p>Rosso Corsa \u00e4r den vanligaste f\u00e4rgen p\u00e5 Ferrari, men denna legendariska nyans passar perfekt ihop med de f\u00f6rf\u00f6riska linjerna p\u00e5 458 Italia. Originallacken \u00e4r om\u00e4rkt, det finns inga skavanker och repor, och bilen \u00e4r helt presentabel. Med 20-tums originalf\u00e4lgar och helt nya Michelin-d\u00e4ck \u00e4r denna bil redo att leverera sin fulla prestanda. Ett av de anm\u00e4rkningsv\u00e4rda tillvalen som denna bil har \u00e4r keramiska bromsar f\u00f6r otrolig stoppkraft.<\/p>\n<p><strong>Dokumentation<\/strong><\/p>\n<p>Detta fordon s\u00e4ljs av en professionell med l\u00e4mplig dokumentation, och det \u00e4r bel\u00e4get i Frankrike. <a href=\"https:\/\/pistonaddict.com\/wp-content\/uploads\/2023\/12\/CarVertical458.pdf\" target=\"_blank\" rel=\"noopener\">CarVertical-rapporten<\/a> \u00e4r ren; inga bevis p\u00e5 olyckor, olycksreparationer, \u00e4gande eller juridiska problem finns. Det finns dokumentation \u00f6ver regelbundet underh\u00e5ll tillsammans med originalbroschyrer fr\u00e5n fabriken, k\u00f6pebrev och kvitton. En ut\u00f6kad fabriksgaranti (Ferrari Power) med denna modell i 12 m\u00e5nader och ett intyg om \u00f6verensst\u00e4mmelse (v\u00e4rt 2000 euro) \u00e4r ytterligare bevis p\u00e5 att detta \u00e4r ett f\u00f6rstklassigt samlarfordon.<\/p>\n<p><strong>Kolla in kallstartvideon av denna vackra Ferrari 458 Italia :<\/strong><\/p>\n<p><iframe title=\"Cold Start Video of the Ferrari 458 Italia for auction sale\" width=\"1200\" height=\"675\" src=\"https:\/\/www.youtube.com\/embed\/BEdW3ySb03E?feature=oembed\" frameborder=\"0\" allow=\"accelerometer; autoplay; clipboard-write; encrypted-media; gyroscope; picture-in-picture; web-share\" allowfullscreen><\/iframe><\/p>\n","protected":false},"excerpt":{"rendered":"<p>Ferrari ligger alltid i framkant n\u00e4r det g\u00e4ller fordonsteknik och prestanda, och har inf\u00f6rt turboladdning som standard i alla sina modeller, tillsammans med hybriddrivlinan. Men f\u00f6r ett kort \u00f6gonblick tillverkade Ferrari en helt modern sportbil, driven av en skrikande sugmotor som perfekt kombinerade modern teknik, h\u00f6gvarvig och oerh\u00f6rt kraftfull motor f\u00f6r den charmiga k\u00e4nslan av gammal skola. Ja, vi talar om 458 Italia, och vi \u00e4r stolta \u00f6ver att kunna erbjuda dig ett av de b\u00e4sta exemplaren p\u00e5 marknaden.<\/p>\n","protected":false},"featured_media":75553,"comment_status":"open","ping_status":"closed","template":"","meta":{"inline_featured_image":false},"product_cat":[730],"product_tag":[2613,2610,922,2608],"acf":[],"yoast_head":"<!-- This site is optimized with the Yoast SEO plugin v22.5 - https:\/\/yoast.com\/wordpress\/plugins\/seo\/ -->\n<title>Ferrari 458 Italia auktion - Piston Addict<\/title>\n<meta name=\"robots\" content=\"index, follow, max-snippet:-1, max-image-preview:large, max-video-preview:-1\" \/>\n<link rel=\"canonical\" href=\"https:\/\/pistonaddict.com\/sv\/product\/ferrari-458-italien\/\" \/>\n<meta property=\"og:locale\" content=\"sv_SE\" \/>\n<meta property=\"og:type\" content=\"article\" \/>\n<meta property=\"og:title\" content=\"Ferrari 458 Italia auktion - Piston Addict\" \/>\n<meta property=\"og:description\" content=\"Ferrari ligger alltid i framkant n\u00e4r det g\u00e4ller fordonsteknik och prestanda, och har inf\u00f6rt turboladdning som standard i alla sina modeller, tillsammans med hybriddrivlinan. Men f\u00f6r ett kort \u00f6gonblick tillverkade Ferrari en helt modern sportbil, driven av en skrikande sugmotor som perfekt kombinerade modern teknik, h\u00f6gvarvig och oerh\u00f6rt kraftfull motor f\u00f6r den charmiga k\u00e4nslan av gammal skola. Ja, vi talar om 458 Italia, och vi \u00e4r stolta \u00f6ver att kunna erbjuda dig ett av de b\u00e4sta exemplaren p\u00e5 marknaden.\" \/>\n<meta property=\"og:url\" content=\"https:\/\/pistonaddict.com\/sv\/product\/ferrari-458-italien\/\" \/>\n<meta property=\"og:site_name\" content=\"Piston Addict\" \/>\n<meta property=\"article:modified_time\" content=\"2023-12-20T08:59:13+00:00\" \/>\n<meta property=\"og:image\" content=\"https:\/\/pistonaddict.com\/wp-content\/uploads\/2023\/12\/IMG_0124.jpeg\" \/>\n\t<meta property=\"og:image:width\" content=\"1885\" \/>\n\t<meta property=\"og:image:height\" content=\"1207\" \/>\n\t<meta property=\"og:image:type\" content=\"image\/jpeg\" \/>\n<meta name=\"twitter:card\" content=\"summary_large_image\" \/>\n<meta name=\"twitter:label1\" content=\"Ber\u00e4knad l\u00e4stid\" \/>\n\t<meta name=\"twitter:data1\" content=\"3 minuter\" \/>\n<script type=\"application\/ld+json\" class=\"yoast-schema-graph\">{\"@context\":\"https:\/\/schema.org\",\"@graph\":[{\"@type\":\"WebPage\",\"@id\":\"https:\/\/pistonaddict.com\/sv\/product\/ferrari-458-italien\/\",\"url\":\"https:\/\/pistonaddict.com\/sv\/product\/ferrari-458-italien\/\",\"name\":\"Ferrari 458 Italia auktion - Piston Addict\",\"isPartOf\":{\"@id\":\"https:\/\/pistonaddict.com\/sv\/#website\"},\"primaryImageOfPage\":{\"@id\":\"https:\/\/pistonaddict.com\/sv\/product\/ferrari-458-italien\/#primaryimage\"},\"image\":{\"@id\":\"https:\/\/pistonaddict.com\/sv\/product\/ferrari-458-italien\/#primaryimage\"},\"thumbnailUrl\":\"https:\/\/pistonaddict.com\/wp-content\/uploads\/2023\/12\/IMG_0124.jpeg\",\"datePublished\":\"2023-12-01T09:02:11+00:00\",\"dateModified\":\"2023-12-20T08:59:13+00:00\",\"breadcrumb\":{\"@id\":\"https:\/\/pistonaddict.com\/sv\/product\/ferrari-458-italien\/#breadcrumb\"},\"inLanguage\":\"sv-SE\",\"potentialAction\":[{\"@type\":\"ReadAction\",\"target\":[\"https:\/\/pistonaddict.com\/sv\/product\/ferrari-458-italien\/\"]}]},{\"@type\":\"ImageObject\",\"inLanguage\":\"sv-SE\",\"@id\":\"https:\/\/pistonaddict.com\/sv\/product\/ferrari-458-italien\/#primaryimage\",\"url\":\"https:\/\/pistonaddict.com\/wp-content\/uploads\/2023\/12\/IMG_0124.jpeg\",\"contentUrl\":\"https:\/\/pistonaddict.com\/wp-content\/uploads\/2023\/12\/IMG_0124.jpeg\",\"width\":1885,\"height\":1207},{\"@type\":\"BreadcrumbList\",\"@id\":\"https:\/\/pistonaddict.com\/sv\/product\/ferrari-458-italien\/#breadcrumb\",\"itemListElement\":[{\"@type\":\"ListItem\",\"position\":1,\"name\":\"Hemsida\",\"item\":\"https:\/\/pistonaddict.com\/sv\/hemsidan\/\"},{\"@type\":\"ListItem\",\"position\":2,\"name\":\"Auctions\",\"item\":\"https:\/\/pistonaddict.com\/auctions-listing\/\"},{\"@type\":\"ListItem\",\"position\":3,\"name\":\"Ferrari 458 Italia\"}]},{\"@type\":\"WebSite\",\"@id\":\"https:\/\/pistonaddict.com\/sv\/#website\",\"url\":\"https:\/\/pistonaddict.com\/sv\/\",\"name\":\"Piston Addict\",\"description\":\"Only interesting vehicles\",\"publisher\":{\"@id\":\"https:\/\/pistonaddict.com\/sv\/#organization\"},\"potentialAction\":[{\"@type\":\"SearchAction\",\"target\":{\"@type\":\"EntryPoint\",\"urlTemplate\":\"https:\/\/pistonaddict.com\/sv\/?s={search_term_string}\"},\"query-input\":\"required name=search_term_string\"}],\"inLanguage\":\"sv-SE\"},{\"@type\":\"Organization\",\"@id\":\"https:\/\/pistonaddict.com\/sv\/#organization\",\"name\":\"Piston Addict\",\"url\":\"https:\/\/pistonaddict.com\/sv\/\",\"logo\":{\"@type\":\"ImageObject\",\"inLanguage\":\"sv-SE\",\"@id\":\"https:\/\/pistonaddict.com\/sv\/#\/schema\/logo\/image\/\",\"url\":\"https:\/\/pistonaddict.com\/wp-content\/uploads\/2022\/07\/logo-6.png\",\"contentUrl\":\"https:\/\/pistonaddict.com\/wp-content\/uploads\/2022\/07\/logo-6.png\",\"width\":970,\"height\":200,\"caption\":\"Piston Addict\"},\"image\":{\"@id\":\"https:\/\/pistonaddict.com\/sv\/#\/schema\/logo\/image\/\"}}]}<\/script>\n<!-- \/ Yoast SEO plugin. -->","yoast_head_json":{"title":"Ferrari 458 Italia auktion - Piston Addict","robots":{"index":"index","follow":"follow","max-snippet":"max-snippet:-1","max-image-preview":"max-image-preview:large","max-video-preview":"max-video-preview:-1"},"canonical":"https:\/\/pistonaddict.com\/sv\/product\/ferrari-458-italien\/","og_locale":"sv_SE","og_type":"article","og_title":"Ferrari 458 Italia auktion - Piston Addict","og_description":"Ferrari ligger alltid i framkant n\u00e4r det g\u00e4ller fordonsteknik och prestanda, och har inf\u00f6rt turboladdning som standard i alla sina modeller, tillsammans med hybriddrivlinan. Men f\u00f6r ett kort \u00f6gonblick tillverkade Ferrari en helt modern sportbil, driven av en skrikande sugmotor som perfekt kombinerade modern teknik, h\u00f6gvarvig och oerh\u00f6rt kraftfull motor f\u00f6r den charmiga k\u00e4nslan av gammal skola. Ja, vi talar om 458 Italia, och vi \u00e4r stolta \u00f6ver att kunna erbjuda dig ett av de b\u00e4sta exemplaren p\u00e5 marknaden.","og_url":"https:\/\/pistonaddict.com\/sv\/product\/ferrari-458-italien\/","og_site_name":"Piston Addict","article_modified_time":"2023-12-20T08:59:13+00:00","og_image":[{"width":1885,"height":1207,"url":"https:\/\/pistonaddict.com\/wp-content\/uploads\/2023\/12\/IMG_0124.jpeg","type":"image\/jpeg"}],"twitter_card":"summary_large_image","twitter_misc":{"Ber\u00e4knad l\u00e4stid":"3 minuter"},"schema":{"@context":"https:\/\/schema.org","@graph":[{"@type":"WebPage","@id":"https:\/\/pistonaddict.com\/sv\/product\/ferrari-458-italien\/","url":"https:\/\/pistonaddict.com\/sv\/product\/ferrari-458-italien\/","name":"Ferrari 458 Italia auktion - Piston Addict","isPartOf":{"@id":"https:\/\/pistonaddict.com\/sv\/#website"},"primaryImageOfPage":{"@id":"https:\/\/pistonaddict.com\/sv\/product\/ferrari-458-italien\/#primaryimage"},"image":{"@id":"https:\/\/pistonaddict.com\/sv\/product\/ferrari-458-italien\/#primaryimage"},"thumbnailUrl":"https:\/\/pistonaddict.com\/wp-content\/uploads\/2023\/12\/IMG_0124.jpeg","datePublished":"2023-12-01T09:02:11+00:00","dateModified":"2023-12-20T08:59:13+00:00","breadcrumb":{"@id":"https:\/\/pistonaddict.com\/sv\/product\/ferrari-458-italien\/#breadcrumb"},"inLanguage":"sv-SE","potentialAction":[{"@type":"ReadAction","target":["https:\/\/pistonaddict.com\/sv\/product\/ferrari-458-italien\/"]}]},{"@type":"ImageObject","inLanguage":"sv-SE","@id":"https:\/\/pistonaddict.com\/sv\/product\/ferrari-458-italien\/#primaryimage","url":"https:\/\/pistonaddict.com\/wp-content\/uploads\/2023\/12\/IMG_0124.jpeg","contentUrl":"https:\/\/pistonaddict.com\/wp-content\/uploads\/2023\/12\/IMG_0124.jpeg","width":1885,"height":1207},{"@type":"BreadcrumbList","@id":"https:\/\/pistonaddict.com\/sv\/product\/ferrari-458-italien\/#breadcrumb","itemListElement":[{"@type":"ListItem","position":1,"name":"Hemsida","item":"https:\/\/pistonaddict.com\/sv\/hemsidan\/"},{"@type":"ListItem","position":2,"name":"Auctions","item":"https:\/\/pistonaddict.com\/auctions-listing\/"},{"@type":"ListItem","position":3,"name":"Ferrari 458 Italia"}]},{"@type":"WebSite","@id":"https:\/\/pistonaddict.com\/sv\/#website","url":"https:\/\/pistonaddict.com\/sv\/","name":"Piston Addict","description":"Only interesting vehicles","publisher":{"@id":"https:\/\/pistonaddict.com\/sv\/#organization"},"potentialAction":[{"@type":"SearchAction","target":{"@type":"EntryPoint","urlTemplate":"https:\/\/pistonaddict.com\/sv\/?s={search_term_string}"},"query-input":"required name=search_term_string"}],"inLanguage":"sv-SE"},{"@type":"Organization","@id":"https:\/\/pistonaddict.com\/sv\/#organization","name":"Piston Addict","url":"https:\/\/pistonaddict.com\/sv\/","logo":{"@type":"ImageObject","inLanguage":"sv-SE","@id":"https:\/\/pistonaddict.com\/sv\/#\/schema\/logo\/image\/","url":"https:\/\/pistonaddict.com\/wp-content\/uploads\/2022\/07\/logo-6.png","contentUrl":"https:\/\/pistonaddict.com\/wp-content\/uploads\/2022\/07\/logo-6.png","width":970,"height":200,"caption":"Piston Addict"},"image":{"@id":"https:\/\/pistonaddict.com\/sv\/#\/schema\/logo\/image\/"}}]}},"_links":{"self":[{"href":"https:\/\/pistonaddict.com\/sv\/wp-json\/wp\/v2\/product\/75651"}],"collection":[{"href":"https:\/\/pistonaddict.com\/sv\/wp-json\/wp\/v2\/product"}],"about":[{"href":"https:\/\/pistonaddict.com\/sv\/wp-json\/wp\/v2\/types\/product"}],"replies":[{"embeddable":true,"href":"https:\/\/pistonaddict.com\/sv\/wp-json\/wp\/v2\/comments?post=75651"}],"wp:featuredmedia":[{"embeddable":true,"href":"https:\/\/pistonaddict.com\/sv\/wp-json\/wp\/v2\/media\/75553"}],"wp:attachment":[{"href":"https:\/\/pistonaddict.com\/sv\/wp-json\/wp\/v2\/media?parent=75651"}],"wp:term":[{"taxonomy":"product_cat","embeddable":true,"href":"https:\/\/pistonaddict.com\/sv\/wp-json\/wp\/v2\/product_cat?post=75651"},{"taxonomy":"product_tag","embeddable":true,"href":"https:\/\/pistonaddict.com\/sv\/wp-json\/wp\/v2\/product_tag?post=75651"}],"curies":[{"name":"wp","href":"https:\/\/api.w.org\/{rel}","templated":true}]}}