{"id":69417,"date":"2023-11-09T17:05:55","date_gmt":"2023-11-09T16:05:55","guid":{"rendered":"https:\/\/pistonaddict.com\/product\/mini-rover-1-3-mpi-silverstone\/"},"modified":"2023-12-20T09:53:51","modified_gmt":"2023-12-20T08:53:51","slug":"mini-rover-1-3-mpi-silversten","status":"publish","type":"product","link":"https:\/\/pistonaddict.com\/sv\/product\/mini-rover-1-3-mpi-silversten\/","title":{"rendered":"Mini Rover 1.3 Silverstone"},"content":{"rendered":"<h2>Exteri\u00f6r<\/h2>\n<p>P\u00e5 utsidan \u00e4r den v\u00e4lbekanta formen p\u00e5 denna svarta 2-d\u00f6rrars kombi kryddad med detaljer som en kromad grill, racingr\u00e4nder p\u00e5 motorhuven och ett tak m\u00e5lat i vitt. Dessutom finns det ett par dimljus framtill som bidrar till att f\u00f6rb\u00e4ttra b\u00e5de sikt och utseende. Detta \u00e5tf\u00f6ljs av vita blinkers \u00f6verallt, ett mycket b\u00e4ttre alternativ \u00e4n gammaldags gula blinkers. Och baktill finns ett mittmonterat avgasr\u00f6r med kromad spets.<\/p>\n<p>Slutligen m\u00e5ste de utsv\u00e4ngda hjulhusen n\u00e4mnas, som ytterligare f\u00f6rst\u00e4rker bilens aggressiva utseende. Men denna modifiering \u00e4r inte bara f\u00f6r showen, eftersom den var n\u00f6dv\u00e4ndig f\u00f6r att det skulle finnas tillr\u00e4ckligt med utrymme f\u00f6r breda, sportiga hjul. Och n\u00e4r vi \u00e4nd\u00e5 \u00e4r inne p\u00e5 d\u00e4ck m\u00e5ste det n\u00e4mnas att 13-tumsf\u00e4lgarna p\u00e5 den h\u00e4r bilen inte \u00e4r standardf\u00e4lgar. Men s\u00e4ljaren s\u00e4ger att dessa ocks\u00e5 kommer att tillhandah\u00e5llas.<\/p>\n<h2>Interi\u00f6r<\/h2>\n<p>V\u00e4l inne i bilen sitter du bakom en typisk Mini-vinklad l\u00e4derratt med tre ekrar. Bakom den finns instrumentgruppen med en hastighetsm\u00e4tare som slutar p\u00e5 180 km\/h och en varvr\u00e4knare som g\u00e5r upp till 8 000 varv\/min. Som f\u00f6rv\u00e4ntat \u00e4r instrumentpanelen &#8211; som \u00e4r tillverkad av \u00e4kta tr\u00e4 &#8211; sparsamt utrustad och erbjuder endast det n\u00f6dv\u00e4ndigaste. Detta inkluderar ljusstr\u00f6mbrytare, ventilationsreglage och en stereohuvudenhet, som i detta fall \u00e4r en eftermarknadsenhet fr\u00e5n Sony.<\/p>\n<p>Resten av interi\u00f6ren ger en stark antydan om bilens sportorienterade karakt\u00e4r, d\u00e4r frams\u00e4tena \u00e4r de mest \u00f6vertygande. De \u00e4r kl\u00e4dda i en kombination av svart l\u00e4der och gr\u00e5tt tyg och ger tillr\u00e4ckligt st\u00f6d n\u00e4r du k\u00f6r i sn\u00e4va kurvor, d\u00e4r Mini \u00e4r som b\u00e4st. Baks\u00e4tena och sidopanelerna \u00e4r kl\u00e4dda i samma stil, och en r\u00f6d golvmatta avrundar det i\u00f6gonfallande utseendet. Slutligen kommer s\u00e4ljaren att byta ut takfodret f\u00f6re leveransen av bilen, eftersom den ursprungliga \u00e4r skadad precis ovanf\u00f6r solskydden (se p\u00e5 bilden).<\/p>\n<h2>Mekanik<\/h2>\n<p>Denna Mini Cooper har en 1,3 4-cylindrig motor, som driver framhjulen via en 4-v\u00e4xlad manuell v\u00e4xell\u00e5da. Motorns grundkonfiguration g\u00e5r tillbaka till 60-talet, men just den h\u00e4r modellen \u00e4r utrustad med Rovers elektroniska br\u00e4nsleinsprutning, vilket g\u00f6r bilen mer tillf\u00f6rlitlig och behaglig att k\u00f6ra.<\/p>\n<p>N\u00e4r det g\u00e4ller kraft har Mini Cooper bara 63 h\u00e4stkrafter till sitt f\u00f6rfogande, vilket kanske inte verkar s\u00e5 mycket. Men den beh\u00f6ver bara hantera 685 kg, vilket \u00e4r hur mycket den h\u00e4r bilen v\u00e4ger. Allt som allt, \u00e4ven om Mini f\u00f6rmodligen inte \u00e4r blixtsnabb p\u00e5 rakstr\u00e4ckan, \u00e4r den otroligt rolig i kurvorna. Och det \u00e4r en av de saker som gjorde den s\u00e5 speciell och ber\u00f6md fr\u00e5n f\u00f6rsta b\u00f6rjan.<\/p>\n<h2>Fordonets historia<\/h2>\n<p>Till sist n\u00e5gra ord om Minis nuvarande skick, som s\u00e4ljaren beskriver som mycket bra. Bilen servades senast i juni 2023, d\u00e5 regelbundet underh\u00e5ll utf\u00f6rdes och nya bromsar monterades. Dessutom \u00e4r hela avgassystemet, inklusive katalysatorn, nytt. Och att d\u00f6ma av bilderna ser bilen helt ny ut, b\u00e5de utv\u00e4ndigt och inv\u00e4ndigt. Dessutom s\u00e4ger den professionella s\u00e4ljaren, som \u00e4r den femte \u00e4garen, att bilen aldrig hade en olycka, vilket dessutom kan bekr\u00e4ftas av en motsvarande <a href=\"https:\/\/pistonaddict.com\/wp-content\/uploads\/2023\/11\/CARFAX-Vehicle-History-Report-ROVER-MINI.pdf\">CARFAX<\/a> Vehicle History Report. Den senaste tekniska inspektionen har godk\u00e4nts och godk\u00e4nts den 6 oktober 2023.<\/p>\n<p><strong><br \/>\nKolla in kallstartsvideon av denna s\u00f6ta Mini Rover Silverstone :<\/strong><\/p>\n<p><iframe title=\"Cold Start Video of the Austin Mini Silverstone for auction sale\" width=\"1200\" height=\"675\" src=\"https:\/\/www.youtube.com\/embed\/NW_53HH3Wg4?feature=oembed\" frameborder=\"0\" allow=\"accelerometer; autoplay; clipboard-write; encrypted-media; gyroscope; picture-in-picture; web-share\" allowfullscreen><\/iframe><\/p>\n","protected":false},"excerpt":{"rendered":"<p>Om du letar efter en liten, praktisk och smidig klassisk bil m\u00e5ste den ursprungliga Mini vara h\u00f6gst upp p\u00e5 din lista. Under hela sin l\u00e5nga produktionsperiod fanns denna bilikon tillg\u00e4nglig i flera varianter, d\u00e4r en sportig Cooper f\u00f6rmodligen var den mest \u00e5tr\u00e5v\u00e4rda. Det h\u00e4r \u00e4r en bil som kombinerar den ursprungliga Mini-karakt\u00e4ren med en m\u00e4ngd uts\u00f6kta visuella detaljer och en sp\u00e4nnande k\u00f6rupplevelse. Och till salu h\u00e4r har vi en Mini Cooper fr\u00e5n 1993, som \u00e4r i utm\u00e4rkt skick och har g\u00e5tt 74 000 kilometer hittills. Att den \u00e4r ett av endast 400 Silverstone-exemplar ger den dessutom exklusivitet. L\u00e5t oss ta en n\u00e4rmare titt p\u00e5 vad den har att erbjuda.<\/p>\n","protected":false},"featured_media":67422,"comment_status":"open","ping_status":"closed","template":"","meta":{"inline_featured_image":false},"product_cat":[730],"product_tag":[2451,958,2454],"acf":[],"yoast_head":"<!-- This site is optimized with the Yoast SEO plugin v22.5 - https:\/\/yoast.com\/wordpress\/plugins\/seo\/ -->\n<title>Mini Rover 1.3 Silverstone auktion - Piston Addict<\/title>\n<meta name=\"robots\" content=\"index, follow, max-snippet:-1, max-image-preview:large, max-video-preview:-1\" \/>\n<link rel=\"canonical\" href=\"https:\/\/pistonaddict.com\/sv\/product\/mini-rover-1-3-mpi-silversten\/\" \/>\n<meta property=\"og:locale\" content=\"sv_SE\" \/>\n<meta property=\"og:type\" content=\"article\" \/>\n<meta property=\"og:title\" content=\"Mini Rover 1.3 Silverstone auktion - Piston Addict\" \/>\n<meta property=\"og:description\" content=\"Om du letar efter en liten, praktisk och smidig klassisk bil m\u00e5ste den ursprungliga Mini vara h\u00f6gst upp p\u00e5 din lista. Under hela sin l\u00e5nga produktionsperiod fanns denna bilikon tillg\u00e4nglig i flera varianter, d\u00e4r en sportig Cooper f\u00f6rmodligen var den mest \u00e5tr\u00e5v\u00e4rda. Det h\u00e4r \u00e4r en bil som kombinerar den ursprungliga Mini-karakt\u00e4ren med en m\u00e4ngd uts\u00f6kta visuella detaljer och en sp\u00e4nnande k\u00f6rupplevelse. Och till salu h\u00e4r har vi en Mini Cooper fr\u00e5n 1993, som \u00e4r i utm\u00e4rkt skick och har g\u00e5tt 74 000 kilometer hittills. Att den \u00e4r ett av endast 400 Silverstone-exemplar ger den dessutom exklusivitet. L\u00e5t oss ta en n\u00e4rmare titt p\u00e5 vad den har att erbjuda.\" \/>\n<meta property=\"og:url\" content=\"https:\/\/pistonaddict.com\/sv\/product\/mini-rover-1-3-mpi-silversten\/\" \/>\n<meta property=\"og:site_name\" content=\"Piston Addict\" \/>\n<meta property=\"article:modified_time\" content=\"2023-12-20T08:53:51+00:00\" \/>\n<meta property=\"og:image\" content=\"https:\/\/pistonaddict.com\/wp-content\/uploads\/2023\/11\/IMG_5534-scaled.jpeg\" \/>\n\t<meta property=\"og:image:width\" content=\"2560\" \/>\n\t<meta property=\"og:image:height\" content=\"1920\" \/>\n\t<meta property=\"og:image:type\" content=\"image\/jpeg\" \/>\n<meta name=\"twitter:card\" content=\"summary_large_image\" \/>\n<meta name=\"twitter:label1\" content=\"Ber\u00e4knad l\u00e4stid\" \/>\n\t<meta name=\"twitter:data1\" content=\"3 minuter\" \/>\n<script type=\"application\/ld+json\" class=\"yoast-schema-graph\">{\"@context\":\"https:\/\/schema.org\",\"@graph\":[{\"@type\":\"WebPage\",\"@id\":\"https:\/\/pistonaddict.com\/sv\/product\/mini-rover-1-3-mpi-silversten\/\",\"url\":\"https:\/\/pistonaddict.com\/sv\/product\/mini-rover-1-3-mpi-silversten\/\",\"name\":\"Mini Rover 1.3 Silverstone auktion - Piston Addict\",\"isPartOf\":{\"@id\":\"https:\/\/pistonaddict.com\/sv\/#website\"},\"primaryImageOfPage\":{\"@id\":\"https:\/\/pistonaddict.com\/sv\/product\/mini-rover-1-3-mpi-silversten\/#primaryimage\"},\"image\":{\"@id\":\"https:\/\/pistonaddict.com\/sv\/product\/mini-rover-1-3-mpi-silversten\/#primaryimage\"},\"thumbnailUrl\":\"https:\/\/pistonaddict.com\/wp-content\/uploads\/2023\/11\/IMG_5534-scaled.jpeg\",\"datePublished\":\"2023-11-09T16:05:55+00:00\",\"dateModified\":\"2023-12-20T08:53:51+00:00\",\"breadcrumb\":{\"@id\":\"https:\/\/pistonaddict.com\/sv\/product\/mini-rover-1-3-mpi-silversten\/#breadcrumb\"},\"inLanguage\":\"sv-SE\",\"potentialAction\":[{\"@type\":\"ReadAction\",\"target\":[\"https:\/\/pistonaddict.com\/sv\/product\/mini-rover-1-3-mpi-silversten\/\"]}]},{\"@type\":\"ImageObject\",\"inLanguage\":\"sv-SE\",\"@id\":\"https:\/\/pistonaddict.com\/sv\/product\/mini-rover-1-3-mpi-silversten\/#primaryimage\",\"url\":\"https:\/\/pistonaddict.com\/wp-content\/uploads\/2023\/11\/IMG_5534-scaled.jpeg\",\"contentUrl\":\"https:\/\/pistonaddict.com\/wp-content\/uploads\/2023\/11\/IMG_5534-scaled.jpeg\",\"width\":2560,\"height\":1920},{\"@type\":\"BreadcrumbList\",\"@id\":\"https:\/\/pistonaddict.com\/sv\/product\/mini-rover-1-3-mpi-silversten\/#breadcrumb\",\"itemListElement\":[{\"@type\":\"ListItem\",\"position\":1,\"name\":\"Hemsida\",\"item\":\"https:\/\/pistonaddict.com\/sv\/hemsidan\/\"},{\"@type\":\"ListItem\",\"position\":2,\"name\":\"Auctions\",\"item\":\"https:\/\/pistonaddict.com\/auctions-listing\/\"},{\"@type\":\"ListItem\",\"position\":3,\"name\":\"Mini Rover 1.3 Silverstone\"}]},{\"@type\":\"WebSite\",\"@id\":\"https:\/\/pistonaddict.com\/sv\/#website\",\"url\":\"https:\/\/pistonaddict.com\/sv\/\",\"name\":\"Piston Addict\",\"description\":\"Only interesting vehicles\",\"publisher\":{\"@id\":\"https:\/\/pistonaddict.com\/sv\/#organization\"},\"potentialAction\":[{\"@type\":\"SearchAction\",\"target\":{\"@type\":\"EntryPoint\",\"urlTemplate\":\"https:\/\/pistonaddict.com\/sv\/?s={search_term_string}\"},\"query-input\":\"required name=search_term_string\"}],\"inLanguage\":\"sv-SE\"},{\"@type\":\"Organization\",\"@id\":\"https:\/\/pistonaddict.com\/sv\/#organization\",\"name\":\"Piston Addict\",\"url\":\"https:\/\/pistonaddict.com\/sv\/\",\"logo\":{\"@type\":\"ImageObject\",\"inLanguage\":\"sv-SE\",\"@id\":\"https:\/\/pistonaddict.com\/sv\/#\/schema\/logo\/image\/\",\"url\":\"https:\/\/pistonaddict.com\/wp-content\/uploads\/2022\/07\/logo-6.png\",\"contentUrl\":\"https:\/\/pistonaddict.com\/wp-content\/uploads\/2022\/07\/logo-6.png\",\"width\":970,\"height\":200,\"caption\":\"Piston Addict\"},\"image\":{\"@id\":\"https:\/\/pistonaddict.com\/sv\/#\/schema\/logo\/image\/\"}}]}<\/script>\n<!-- \/ Yoast SEO plugin. -->","yoast_head_json":{"title":"Mini Rover 1.3 Silverstone auktion - Piston Addict","robots":{"index":"index","follow":"follow","max-snippet":"max-snippet:-1","max-image-preview":"max-image-preview:large","max-video-preview":"max-video-preview:-1"},"canonical":"https:\/\/pistonaddict.com\/sv\/product\/mini-rover-1-3-mpi-silversten\/","og_locale":"sv_SE","og_type":"article","og_title":"Mini Rover 1.3 Silverstone auktion - Piston Addict","og_description":"Om du letar efter en liten, praktisk och smidig klassisk bil m\u00e5ste den ursprungliga Mini vara h\u00f6gst upp p\u00e5 din lista. Under hela sin l\u00e5nga produktionsperiod fanns denna bilikon tillg\u00e4nglig i flera varianter, d\u00e4r en sportig Cooper f\u00f6rmodligen var den mest \u00e5tr\u00e5v\u00e4rda. Det h\u00e4r \u00e4r en bil som kombinerar den ursprungliga Mini-karakt\u00e4ren med en m\u00e4ngd uts\u00f6kta visuella detaljer och en sp\u00e4nnande k\u00f6rupplevelse. Och till salu h\u00e4r har vi en Mini Cooper fr\u00e5n 1993, som \u00e4r i utm\u00e4rkt skick och har g\u00e5tt 74 000 kilometer hittills. Att den \u00e4r ett av endast 400 Silverstone-exemplar ger den dessutom exklusivitet. L\u00e5t oss ta en n\u00e4rmare titt p\u00e5 vad den har att erbjuda.","og_url":"https:\/\/pistonaddict.com\/sv\/product\/mini-rover-1-3-mpi-silversten\/","og_site_name":"Piston Addict","article_modified_time":"2023-12-20T08:53:51+00:00","og_image":[{"width":2560,"height":1920,"url":"https:\/\/pistonaddict.com\/wp-content\/uploads\/2023\/11\/IMG_5534-scaled.jpeg","type":"image\/jpeg"}],"twitter_card":"summary_large_image","twitter_misc":{"Ber\u00e4knad l\u00e4stid":"3 minuter"},"schema":{"@context":"https:\/\/schema.org","@graph":[{"@type":"WebPage","@id":"https:\/\/pistonaddict.com\/sv\/product\/mini-rover-1-3-mpi-silversten\/","url":"https:\/\/pistonaddict.com\/sv\/product\/mini-rover-1-3-mpi-silversten\/","name":"Mini Rover 1.3 Silverstone auktion - Piston Addict","isPartOf":{"@id":"https:\/\/pistonaddict.com\/sv\/#website"},"primaryImageOfPage":{"@id":"https:\/\/pistonaddict.com\/sv\/product\/mini-rover-1-3-mpi-silversten\/#primaryimage"},"image":{"@id":"https:\/\/pistonaddict.com\/sv\/product\/mini-rover-1-3-mpi-silversten\/#primaryimage"},"thumbnailUrl":"https:\/\/pistonaddict.com\/wp-content\/uploads\/2023\/11\/IMG_5534-scaled.jpeg","datePublished":"2023-11-09T16:05:55+00:00","dateModified":"2023-12-20T08:53:51+00:00","breadcrumb":{"@id":"https:\/\/pistonaddict.com\/sv\/product\/mini-rover-1-3-mpi-silversten\/#breadcrumb"},"inLanguage":"sv-SE","potentialAction":[{"@type":"ReadAction","target":["https:\/\/pistonaddict.com\/sv\/product\/mini-rover-1-3-mpi-silversten\/"]}]},{"@type":"ImageObject","inLanguage":"sv-SE","@id":"https:\/\/pistonaddict.com\/sv\/product\/mini-rover-1-3-mpi-silversten\/#primaryimage","url":"https:\/\/pistonaddict.com\/wp-content\/uploads\/2023\/11\/IMG_5534-scaled.jpeg","contentUrl":"https:\/\/pistonaddict.com\/wp-content\/uploads\/2023\/11\/IMG_5534-scaled.jpeg","width":2560,"height":1920},{"@type":"BreadcrumbList","@id":"https:\/\/pistonaddict.com\/sv\/product\/mini-rover-1-3-mpi-silversten\/#breadcrumb","itemListElement":[{"@type":"ListItem","position":1,"name":"Hemsida","item":"https:\/\/pistonaddict.com\/sv\/hemsidan\/"},{"@type":"ListItem","position":2,"name":"Auctions","item":"https:\/\/pistonaddict.com\/auctions-listing\/"},{"@type":"ListItem","position":3,"name":"Mini Rover 1.3 Silverstone"}]},{"@type":"WebSite","@id":"https:\/\/pistonaddict.com\/sv\/#website","url":"https:\/\/pistonaddict.com\/sv\/","name":"Piston Addict","description":"Only interesting vehicles","publisher":{"@id":"https:\/\/pistonaddict.com\/sv\/#organization"},"potentialAction":[{"@type":"SearchAction","target":{"@type":"EntryPoint","urlTemplate":"https:\/\/pistonaddict.com\/sv\/?s={search_term_string}"},"query-input":"required name=search_term_string"}],"inLanguage":"sv-SE"},{"@type":"Organization","@id":"https:\/\/pistonaddict.com\/sv\/#organization","name":"Piston Addict","url":"https:\/\/pistonaddict.com\/sv\/","logo":{"@type":"ImageObject","inLanguage":"sv-SE","@id":"https:\/\/pistonaddict.com\/sv\/#\/schema\/logo\/image\/","url":"https:\/\/pistonaddict.com\/wp-content\/uploads\/2022\/07\/logo-6.png","contentUrl":"https:\/\/pistonaddict.com\/wp-content\/uploads\/2022\/07\/logo-6.png","width":970,"height":200,"caption":"Piston Addict"},"image":{"@id":"https:\/\/pistonaddict.com\/sv\/#\/schema\/logo\/image\/"}}]}},"_links":{"self":[{"href":"https:\/\/pistonaddict.com\/sv\/wp-json\/wp\/v2\/product\/69417"}],"collection":[{"href":"https:\/\/pistonaddict.com\/sv\/wp-json\/wp\/v2\/product"}],"about":[{"href":"https:\/\/pistonaddict.com\/sv\/wp-json\/wp\/v2\/types\/product"}],"replies":[{"embeddable":true,"href":"https:\/\/pistonaddict.com\/sv\/wp-json\/wp\/v2\/comments?post=69417"}],"wp:featuredmedia":[{"embeddable":true,"href":"https:\/\/pistonaddict.com\/sv\/wp-json\/wp\/v2\/media\/67422"}],"wp:attachment":[{"href":"https:\/\/pistonaddict.com\/sv\/wp-json\/wp\/v2\/media?parent=69417"}],"wp:term":[{"taxonomy":"product_cat","embeddable":true,"href":"https:\/\/pistonaddict.com\/sv\/wp-json\/wp\/v2\/product_cat?post=69417"},{"taxonomy":"product_tag","embeddable":true,"href":"https:\/\/pistonaddict.com\/sv\/wp-json\/wp\/v2\/product_tag?post=69417"}],"curies":[{"name":"wp","href":"https:\/\/api.w.org\/{rel}","templated":true}]}}