{"id":62910,"date":"2023-10-25T19:30:40","date_gmt":"2023-10-25T17:30:40","guid":{"rendered":"https:\/\/pistonaddict.com\/product\/porsche-911-996-targa\/"},"modified":"2024-03-20T09:39:50","modified_gmt":"2024-03-20T08:39:50","slug":"porsche-911-996-targa","status":"publish","type":"product","link":"https:\/\/pistonaddict.com\/sv\/product\/porsche-911-996-targa\/","title":{"rendered":"Porsche 911 (996) Targa"},"content":{"rendered":"<p><strong>Bilens historia<\/strong><\/p>\n<p>Detta specifika exempel \u00e4r 911 Targa, som tillverkades 2004. Det som g\u00f6r den unik \u00e4r att Targa var den \u00f6verl\u00e4gset mest s\u00e4llsynta av alla 996:s karossversioner; endast 5 125 bilar levererades med speciella \u00f6ppningsbara glastak och annorlunda C-stolpar. F\u00e4rdig i en f\u00f6rf\u00f6risk nyans av m\u00f6rkbl\u00e5 med en ljusf\u00e4rgad interi\u00f6r, levererades denna 911 Targa ny i Spanien och f\u00f6rv\u00e4rvades av den nuvarande \u00e4garen 2023. Den drivs av en 3,6-liters flatsexmotor med naturlig aspiration, som \u00e4r vattenkyld (en av kontroverserna i 996-generationerna). Den har dock en 6-v\u00e4xlad manuell v\u00e4xell\u00e5da, vilket g\u00f6r den \u00e4nnu mer s\u00e4llsynt och ett m\u00e5ste f\u00f6r alla samlare av specifika 911-modeller. Med 320 hk och en l\u00e4tt kaross \u00e4r denna 911 Targa redo att hoppa till 100 km\/h (62 mph) p\u00e5 bara 5,2 sekunder och toppa 285 km\/h (177 mph). Intressant \u00e4r att den manuellt utrustade versionen av denna modell \u00e4r betydligt snabbare \u00e4n den automatiska, vilket g\u00f6r denna bil \u00e4nnu mer \u00f6nskv\u00e4rd. Det faktum att den har alla f\u00f6rdelar med en cabriolet, utm\u00e4rkt sikt och en friluftsk\u00e4nsla med praktiska egenskaper och komfort som en coup\u00e9 f\u00f6rvandlar denna bl\u00e5 911 Targa till en mycket m\u00e5ngsidig f\u00f6rarmaskin med ett viktigt flat-sex soundtrack och manuell v\u00e4xell\u00e5da.<\/p>\n<p><strong>Interi\u00f6r<\/strong><\/p>\n<p>Eftersom detta \u00e4r ett exemplar med l\u00e5g k\u00f6rstr\u00e4cka \u00e4r interi\u00f6ren i perfekt skick, helt original och med \u00f6nskv\u00e4rda tillval. F\u00e4rdig i Savannah gr\u00e5 f\u00e4rg, den har ett infotainmentsystem, premiumljud med 6 CD-laddare (period korrekt), l\u00e4der och elektroniskt kontrollerbara s\u00e4ten. Porsche interi\u00f6rkvalitet \u00e4r v\u00e4lk\u00e4nd i hela branschen, och denna 911 Targa fr\u00e5n 2004 \u00e4r inte annorlunda. L\u00e4dret \u00e4r i perfekt skick; det finns inga repor p\u00e5 instrumentbr\u00e4dan, d\u00f6rrkorten eller mittkonsolen. Det finns ocks\u00e5 anv\u00e4ndbara baks\u00e4ten, som \u00e4r idealiska f\u00f6r barn.<\/p>\n<p><strong>Villkor<\/strong><\/p>\n<p>Med bara 39 037 kilometer fr\u00e5n den nya \u00e4r denna 911 Targa i obefl\u00e4ckat skick och noggrant omh\u00e4ndertagen av alla dess anv\u00e4ndare. Fordonet var uppenbarligen knappt anv\u00e4nt och v\u00e4l underh\u00e5llet, vilket framg\u00e5r av dokumentationen. Den nuvarande \u00e4garen \u00e4r en \u00e5terf\u00f6rs\u00e4ljare i Spanien, och den senaste servicen utf\u00f6rdes i april 2023, med bromsarna renoverade f\u00f6r bara n\u00e5gra dagar sedan i oktober 2023. Underredet p\u00e5 Porsches \u00e4r tillverkat av aluminium, s\u00e5 det kan inte rosta. Som du kan se p\u00e5 de sista bilderna av undersidan finns det dock lite torr smuts som s\u00e4ljaren kommer att reng\u00f6ra f\u00f6r k\u00f6paren n\u00e4r auktionen avslutas. Bilen \u00e4r redo att k\u00f6ras var som helst och \u00e4r f\u00f6rmodligen ett av de finaste exemplen av manualutrustad 911 996 Targa du n\u00e5gonsin kommer att ha en chans att hitta.<\/p>\n<p><strong>Exteri\u00f6r och hjul<\/strong><\/p>\n<p>Med en om\u00e4rkt kaross i midnattsbl\u00e5tt och en gr\u00e5 interi\u00f6r \u00e4r denna 911 Targa en vacker maskin utan repor, skador eller dings. Den rullande materielen best\u00e5r av 18-tums fabriksmonterade hjul med Bridgestone Potenza Performance-gummi. D\u00e4cken \u00e4r fr\u00e5n 2020 och har g\u00e5tt mycket f\u00e5 kilometer. Det finns inga modifieringar, och denna 996 Targa \u00e4r i leveransskick.<\/p>\n<p><strong>Dokumentation<\/strong><\/p>\n<p>Detta fordon s\u00e4ljs av \u00e5terf\u00f6rs\u00e4ljaren med l\u00e4mplig dokumentation, och det \u00e4r bel\u00e4get i Spanien. CarFax-rapporten \u00e4r ren; inga bevis p\u00e5 olyckor, olycksreparationer, \u00e4gande eller juridiska problem finns. Det finns dokumentation \u00f6ver regelbundet underh\u00e5ll tillsammans med originalbroschyrer och kvitton fr\u00e5n fabriken.<\/p>\n<p><strong>Kolla in kallstartvideon f\u00f6r denna vackra Porsche 911 Targa :<\/strong><\/p>\n<p><iframe title=\"Cold Start Video of the Porsche 911 996 Targa for auction sale\" width=\"1200\" height=\"675\" src=\"https:\/\/www.youtube.com\/embed\/pOCqegVAqt8?feature=oembed\" frameborder=\"0\" allow=\"accelerometer; autoplay; clipboard-write; encrypted-media; gyroscope; picture-in-picture; web-share\" allowfullscreen><\/iframe><\/p>\n","protected":false},"excerpt":{"rendered":"<p>996-generationen av anrika Porsche 911 var mycket kontroversiell n\u00e4r den lanserades i slutet av 90-talet. Men sedan dess har den erk\u00e4nts som en integrerad del av 911-legenden, en oerh\u00f6rt viktig modell f\u00f6r f\u00f6retaget och den f\u00f6rsta 911:an i modern tid. Med sin karakteristiska design, ett brett utbud av modeller och specifikationer har samlare b\u00f6rjat uppt\u00e4cka de verkliga p\u00e4rlorna i 996 911. Idag \u00e4r vi stolta \u00f6ver att kunna presentera en s\u00e5dan modell, en s\u00e4llsynt version i den perfekta specifikationen som kommer att locka uppm\u00e4rksamheten hos alla 911-entusiaster.<\/p>\n","protected":false},"featured_media":59815,"comment_status":"open","ping_status":"closed","template":"","meta":{"inline_featured_image":false},"product_cat":[730],"product_tag":[2349,2325,958,2322],"acf":[],"yoast_head":"<!-- This site is optimized with the Yoast SEO plugin v22.5 - https:\/\/yoast.com\/wordpress\/plugins\/seo\/ -->\n<title>Porsche 911 (996) Targa auktion - Piston Addict<\/title>\n<meta name=\"robots\" content=\"index, follow, max-snippet:-1, max-image-preview:large, max-video-preview:-1\" \/>\n<link rel=\"canonical\" href=\"https:\/\/pistonaddict.com\/sv\/product\/porsche-911-996-targa\/\" \/>\n<meta property=\"og:locale\" content=\"sv_SE\" \/>\n<meta property=\"og:type\" content=\"article\" \/>\n<meta property=\"og:title\" content=\"Porsche 911 (996) Targa auktion - Piston Addict\" \/>\n<meta property=\"og:description\" content=\"996-generationen av anrika Porsche 911 var mycket kontroversiell n\u00e4r den lanserades i slutet av 90-talet. Men sedan dess har den erk\u00e4nts som en integrerad del av 911-legenden, en oerh\u00f6rt viktig modell f\u00f6r f\u00f6retaget och den f\u00f6rsta 911:an i modern tid. Med sin karakteristiska design, ett brett utbud av modeller och specifikationer har samlare b\u00f6rjat uppt\u00e4cka de verkliga p\u00e4rlorna i 996 911. Idag \u00e4r vi stolta \u00f6ver att kunna presentera en s\u00e5dan modell, en s\u00e4llsynt version i den perfekta specifikationen som kommer att locka uppm\u00e4rksamheten hos alla 911-entusiaster.\" \/>\n<meta property=\"og:url\" content=\"https:\/\/pistonaddict.com\/sv\/product\/porsche-911-996-targa\/\" \/>\n<meta property=\"og:site_name\" content=\"Piston Addict\" \/>\n<meta property=\"article:modified_time\" content=\"2024-03-20T08:39:50+00:00\" \/>\n<meta property=\"og:image\" content=\"https:\/\/pistonaddict.com\/wp-content\/uploads\/2023\/10\/image00032-1-scaled.jpeg\" \/>\n\t<meta property=\"og:image:width\" content=\"2560\" \/>\n\t<meta property=\"og:image:height\" content=\"1920\" \/>\n\t<meta property=\"og:image:type\" content=\"image\/jpeg\" \/>\n<meta name=\"twitter:card\" content=\"summary_large_image\" \/>\n<meta name=\"twitter:label1\" content=\"Ber\u00e4knad l\u00e4stid\" \/>\n\t<meta name=\"twitter:data1\" content=\"3 minuter\" \/>\n<script type=\"application\/ld+json\" class=\"yoast-schema-graph\">{\"@context\":\"https:\/\/schema.org\",\"@graph\":[{\"@type\":\"WebPage\",\"@id\":\"https:\/\/pistonaddict.com\/sv\/product\/porsche-911-996-targa\/\",\"url\":\"https:\/\/pistonaddict.com\/sv\/product\/porsche-911-996-targa\/\",\"name\":\"Porsche 911 (996) Targa auktion - Piston Addict\",\"isPartOf\":{\"@id\":\"https:\/\/pistonaddict.com\/sv\/#website\"},\"primaryImageOfPage\":{\"@id\":\"https:\/\/pistonaddict.com\/sv\/product\/porsche-911-996-targa\/#primaryimage\"},\"image\":{\"@id\":\"https:\/\/pistonaddict.com\/sv\/product\/porsche-911-996-targa\/#primaryimage\"},\"thumbnailUrl\":\"https:\/\/pistonaddict.com\/wp-content\/uploads\/2023\/10\/image00032-1-scaled.jpeg\",\"datePublished\":\"2023-10-25T17:30:40+00:00\",\"dateModified\":\"2024-03-20T08:39:50+00:00\",\"breadcrumb\":{\"@id\":\"https:\/\/pistonaddict.com\/sv\/product\/porsche-911-996-targa\/#breadcrumb\"},\"inLanguage\":\"sv-SE\",\"potentialAction\":[{\"@type\":\"ReadAction\",\"target\":[\"https:\/\/pistonaddict.com\/sv\/product\/porsche-911-996-targa\/\"]}]},{\"@type\":\"ImageObject\",\"inLanguage\":\"sv-SE\",\"@id\":\"https:\/\/pistonaddict.com\/sv\/product\/porsche-911-996-targa\/#primaryimage\",\"url\":\"https:\/\/pistonaddict.com\/wp-content\/uploads\/2023\/10\/image00032-1-scaled.jpeg\",\"contentUrl\":\"https:\/\/pistonaddict.com\/wp-content\/uploads\/2023\/10\/image00032-1-scaled.jpeg\",\"width\":2560,\"height\":1920},{\"@type\":\"BreadcrumbList\",\"@id\":\"https:\/\/pistonaddict.com\/sv\/product\/porsche-911-996-targa\/#breadcrumb\",\"itemListElement\":[{\"@type\":\"ListItem\",\"position\":1,\"name\":\"Hemsida\",\"item\":\"https:\/\/pistonaddict.com\/sv\/hemsidan\/\"},{\"@type\":\"ListItem\",\"position\":2,\"name\":\"Auctions\",\"item\":\"https:\/\/pistonaddict.com\/auctions-listing\/\"},{\"@type\":\"ListItem\",\"position\":3,\"name\":\"Porsche 911 (996) Targa\"}]},{\"@type\":\"WebSite\",\"@id\":\"https:\/\/pistonaddict.com\/sv\/#website\",\"url\":\"https:\/\/pistonaddict.com\/sv\/\",\"name\":\"Piston Addict\",\"description\":\"Only interesting vehicles\",\"publisher\":{\"@id\":\"https:\/\/pistonaddict.com\/sv\/#organization\"},\"potentialAction\":[{\"@type\":\"SearchAction\",\"target\":{\"@type\":\"EntryPoint\",\"urlTemplate\":\"https:\/\/pistonaddict.com\/sv\/?s={search_term_string}\"},\"query-input\":\"required name=search_term_string\"}],\"inLanguage\":\"sv-SE\"},{\"@type\":\"Organization\",\"@id\":\"https:\/\/pistonaddict.com\/sv\/#organization\",\"name\":\"Piston Addict\",\"url\":\"https:\/\/pistonaddict.com\/sv\/\",\"logo\":{\"@type\":\"ImageObject\",\"inLanguage\":\"sv-SE\",\"@id\":\"https:\/\/pistonaddict.com\/sv\/#\/schema\/logo\/image\/\",\"url\":\"https:\/\/pistonaddict.com\/wp-content\/uploads\/2022\/07\/logo-6.png\",\"contentUrl\":\"https:\/\/pistonaddict.com\/wp-content\/uploads\/2022\/07\/logo-6.png\",\"width\":970,\"height\":200,\"caption\":\"Piston Addict\"},\"image\":{\"@id\":\"https:\/\/pistonaddict.com\/sv\/#\/schema\/logo\/image\/\"}}]}<\/script>\n<!-- \/ Yoast SEO plugin. -->","yoast_head_json":{"title":"Porsche 911 (996) Targa auktion - Piston Addict","robots":{"index":"index","follow":"follow","max-snippet":"max-snippet:-1","max-image-preview":"max-image-preview:large","max-video-preview":"max-video-preview:-1"},"canonical":"https:\/\/pistonaddict.com\/sv\/product\/porsche-911-996-targa\/","og_locale":"sv_SE","og_type":"article","og_title":"Porsche 911 (996) Targa auktion - Piston Addict","og_description":"996-generationen av anrika Porsche 911 var mycket kontroversiell n\u00e4r den lanserades i slutet av 90-talet. Men sedan dess har den erk\u00e4nts som en integrerad del av 911-legenden, en oerh\u00f6rt viktig modell f\u00f6r f\u00f6retaget och den f\u00f6rsta 911:an i modern tid. Med sin karakteristiska design, ett brett utbud av modeller och specifikationer har samlare b\u00f6rjat uppt\u00e4cka de verkliga p\u00e4rlorna i 996 911. Idag \u00e4r vi stolta \u00f6ver att kunna presentera en s\u00e5dan modell, en s\u00e4llsynt version i den perfekta specifikationen som kommer att locka uppm\u00e4rksamheten hos alla 911-entusiaster.","og_url":"https:\/\/pistonaddict.com\/sv\/product\/porsche-911-996-targa\/","og_site_name":"Piston Addict","article_modified_time":"2024-03-20T08:39:50+00:00","og_image":[{"width":2560,"height":1920,"url":"https:\/\/pistonaddict.com\/wp-content\/uploads\/2023\/10\/image00032-1-scaled.jpeg","type":"image\/jpeg"}],"twitter_card":"summary_large_image","twitter_misc":{"Ber\u00e4knad l\u00e4stid":"3 minuter"},"schema":{"@context":"https:\/\/schema.org","@graph":[{"@type":"WebPage","@id":"https:\/\/pistonaddict.com\/sv\/product\/porsche-911-996-targa\/","url":"https:\/\/pistonaddict.com\/sv\/product\/porsche-911-996-targa\/","name":"Porsche 911 (996) Targa auktion - Piston Addict","isPartOf":{"@id":"https:\/\/pistonaddict.com\/sv\/#website"},"primaryImageOfPage":{"@id":"https:\/\/pistonaddict.com\/sv\/product\/porsche-911-996-targa\/#primaryimage"},"image":{"@id":"https:\/\/pistonaddict.com\/sv\/product\/porsche-911-996-targa\/#primaryimage"},"thumbnailUrl":"https:\/\/pistonaddict.com\/wp-content\/uploads\/2023\/10\/image00032-1-scaled.jpeg","datePublished":"2023-10-25T17:30:40+00:00","dateModified":"2024-03-20T08:39:50+00:00","breadcrumb":{"@id":"https:\/\/pistonaddict.com\/sv\/product\/porsche-911-996-targa\/#breadcrumb"},"inLanguage":"sv-SE","potentialAction":[{"@type":"ReadAction","target":["https:\/\/pistonaddict.com\/sv\/product\/porsche-911-996-targa\/"]}]},{"@type":"ImageObject","inLanguage":"sv-SE","@id":"https:\/\/pistonaddict.com\/sv\/product\/porsche-911-996-targa\/#primaryimage","url":"https:\/\/pistonaddict.com\/wp-content\/uploads\/2023\/10\/image00032-1-scaled.jpeg","contentUrl":"https:\/\/pistonaddict.com\/wp-content\/uploads\/2023\/10\/image00032-1-scaled.jpeg","width":2560,"height":1920},{"@type":"BreadcrumbList","@id":"https:\/\/pistonaddict.com\/sv\/product\/porsche-911-996-targa\/#breadcrumb","itemListElement":[{"@type":"ListItem","position":1,"name":"Hemsida","item":"https:\/\/pistonaddict.com\/sv\/hemsidan\/"},{"@type":"ListItem","position":2,"name":"Auctions","item":"https:\/\/pistonaddict.com\/auctions-listing\/"},{"@type":"ListItem","position":3,"name":"Porsche 911 (996) Targa"}]},{"@type":"WebSite","@id":"https:\/\/pistonaddict.com\/sv\/#website","url":"https:\/\/pistonaddict.com\/sv\/","name":"Piston Addict","description":"Only interesting vehicles","publisher":{"@id":"https:\/\/pistonaddict.com\/sv\/#organization"},"potentialAction":[{"@type":"SearchAction","target":{"@type":"EntryPoint","urlTemplate":"https:\/\/pistonaddict.com\/sv\/?s={search_term_string}"},"query-input":"required name=search_term_string"}],"inLanguage":"sv-SE"},{"@type":"Organization","@id":"https:\/\/pistonaddict.com\/sv\/#organization","name":"Piston Addict","url":"https:\/\/pistonaddict.com\/sv\/","logo":{"@type":"ImageObject","inLanguage":"sv-SE","@id":"https:\/\/pistonaddict.com\/sv\/#\/schema\/logo\/image\/","url":"https:\/\/pistonaddict.com\/wp-content\/uploads\/2022\/07\/logo-6.png","contentUrl":"https:\/\/pistonaddict.com\/wp-content\/uploads\/2022\/07\/logo-6.png","width":970,"height":200,"caption":"Piston Addict"},"image":{"@id":"https:\/\/pistonaddict.com\/sv\/#\/schema\/logo\/image\/"}}]}},"_links":{"self":[{"href":"https:\/\/pistonaddict.com\/sv\/wp-json\/wp\/v2\/product\/62910"}],"collection":[{"href":"https:\/\/pistonaddict.com\/sv\/wp-json\/wp\/v2\/product"}],"about":[{"href":"https:\/\/pistonaddict.com\/sv\/wp-json\/wp\/v2\/types\/product"}],"replies":[{"embeddable":true,"href":"https:\/\/pistonaddict.com\/sv\/wp-json\/wp\/v2\/comments?post=62910"}],"wp:featuredmedia":[{"embeddable":true,"href":"https:\/\/pistonaddict.com\/sv\/wp-json\/wp\/v2\/media\/59815"}],"wp:attachment":[{"href":"https:\/\/pistonaddict.com\/sv\/wp-json\/wp\/v2\/media?parent=62910"}],"wp:term":[{"taxonomy":"product_cat","embeddable":true,"href":"https:\/\/pistonaddict.com\/sv\/wp-json\/wp\/v2\/product_cat?post=62910"},{"taxonomy":"product_tag","embeddable":true,"href":"https:\/\/pistonaddict.com\/sv\/wp-json\/wp\/v2\/product_tag?post=62910"}],"curies":[{"name":"wp","href":"https:\/\/api.w.org\/{rel}","templated":true}]}}