{"id":55265,"date":"2023-10-13T09:36:04","date_gmt":"2023-10-13T07:36:04","guid":{"rendered":"https:\/\/pistonaddict.com\/product\/porsche-cayman-s-3-4-325-cv\/"},"modified":"2024-03-19T17:03:29","modified_gmt":"2024-03-19T16:03:29","slug":"porsche-cayman-s-3-4-325-cv","status":"publish","type":"product","link":"https:\/\/pistonaddict.com\/sv\/product\/porsche-cayman-s-3-4-325-cv\/","title":{"rendered":"Porsche Cayman S 3.4 325 CV"},"content":{"rendered":"<p><strong>Bilens historia<\/strong><\/p>\n<p>Denna vita Cayman S fr\u00e5n 2016 s\u00e5ldes ursprungligen i Tyskland men flyttades till Italien, d\u00e4r den importerades av den nuvarande \u00e4garen, en sportbilshandlare. 2016 \u00e4r det sista \u00e5ret f\u00f6r 981-generationens Cayman, vilket \u00e4r betydelsefullt av flera sk\u00e4l. Fr\u00e4mst f\u00f6r att Cayman S har den f\u00f6rnyade 3,4-liters flatsexmotorn fr\u00e5n Porsche 911 Carrera och d\u00e4rmed tar itu med en av de viktigaste kontroverserna i det moderna Porsche-samh\u00e4llet. I flera \u00e5r cirkulerade rykten om att Porsche var f\u00f6r r\u00e4dda f\u00f6r att s\u00e4tta 911-motorn i Cayman, av r\u00e4dsla f\u00f6r att den skulle kunna erbjuda en \u00e4nnu b\u00e4ttre k\u00f6rupplevelse. Detta \u00e4r den f\u00f6rsta Cayman som faktiskt har en 911-motor. Med 325 hk, blixtsnabb 7-v\u00e4xlad PDK-transmission och specialjusterad fj\u00e4dring fr\u00e5n fabriken kan 2016 \u00e5rs Cayman S n\u00e5 100 km\/h p\u00e5 bara 4,8 sekunder p\u00e5 sin v\u00e4g mot toppfarten p\u00e5 283 km\/h (176 mph). Men det handlar inte om siffrorna, \u00e4ven om de \u00e4r fantastiska. Cayman S har en mittmonterad motor, l\u00e4tt kaross, exakt styrning och utm\u00e4rkta bromsar, vilket \u00e4r anledningen till att den g\u00f6r s\u00e5 m\u00e5nga 911-\u00e4gare s\u00e5 nerv\u00f6sa. Kombinationen av h\u00f6gvarvig och naturligt aspirerad motor, smidigt chassi och perfekt k\u00f6rdynamik anses fortfarande av sportbilsfolket vara en av de mest idealiska f\u00f6rarbilarna som n\u00e5gonsin tillverkats.<\/p>\n<p><strong>Interi\u00f6r<\/strong><\/p>\n<p>Eftersom denna Porsche Cayman S 2016 \u00e4r ett exempel p\u00e5 l\u00e5g k\u00f6rstr\u00e4cka, \u00e4r interi\u00f6ren om\u00e4rkt och i utm\u00e4rkt skick, som f\u00f6rv\u00e4ntat. Den ursprungliga \u00e4garen inspekterar den noggrant med n\u00e5gra \u00f6nskv\u00e4rda alternativ som n\u00e4sta \u00e4gare kommer att uppskatta. De elektroniskt justerbara sportstolarna, infotainmentsystemet med integrerad digital display och multifunktionsratten lyfter k\u00f6rupplevelsen till n\u00e4sta niv\u00e5. Den typiska Porsche-inredningskvaliteten \u00e4r synlig, liksom anm\u00e4rkningsv\u00e4rd passform och finish.<\/p>\n<p><strong>Villkor<\/strong><\/p>\n<p>Denna obefl\u00e4ckade Porsche Cayman S har g\u00e5tt drygt 33 000 kilometer under de senaste sju \u00e5ren. En s\u00e5 l\u00e5g k\u00f6rstr\u00e4cka, ett par f\u00f6rsiktiga \u00e4gare och korrekta underh\u00e5llsrapporter garanterar att bilen \u00e4r i perfekt skick hela tiden. S\u00e4ljaren \u00e4r en mycket ansedd sportbilhandlare i Italien, och de \u00e4r s\u00e5 s\u00e4kra p\u00e5 det \u00f6vergripande tillst\u00e5ndet f\u00f6r denna Cayman S att <strong>bilen levereras med en 12-m\u00e5naders garanti<\/strong>, vilket \u00e4r mycket viktigt och skiljer detta fordon fr\u00e5n liknande du kan hitta till salu. Det finns underh\u00e5llsrapporter och betydande service utf\u00f6rd 2021.<\/p>\n<p><strong>Exteri\u00f6r och hjul<\/strong><\/p>\n<p>Den eleganta vita exteri\u00f6ren har inga repor eller skavanker, och den h\u00e4r bilen har intressanta grafiska detaljer p\u00e5 taklisterna, som \u00e4r original fr\u00e5n fabriken och visar att den h\u00e4r Cayman inte \u00e4r en basmodell. Sportbilsutseendet kompletteras med 20-tumshjul, som \u00e4r samma som anv\u00e4nds p\u00e5 period 911, lindade i n\u00e4stan nya Michelin Pilot Sport 4S-d\u00e4ck, k\u00e4nda som valet av entusiastf\u00f6rare. Det finns inga modifieringar, och denna Cayman \u00e4r i perfekt originalskick.<\/p>\n<p><strong>Dokumentation<\/strong><\/p>\n<p>Detta fordon s\u00e4ljs av \u00e5terf\u00f6rs\u00e4ljaren med l\u00e4mplig dokumentation, och det \u00e4r bel\u00e4get i Italien. <a href=\"https:\/\/pistonaddict.com\/wp-content\/uploads\/2023\/10\/CARFAX-Vehicle-History-Report-PORSCHE-WP0ZZZ98ZGK181513.pdf\" target=\"_blank\" rel=\"noopener\">CarFax-rapporten<\/a> \u00e4r ren; inga bevis p\u00e5 olyckor, olycksreparationer, \u00e4gande eller juridiska problem finns. S\u00e4ljaren informerade oss dock om att en olycka intr\u00e4ffade 2017 med en motorcykel, det drabbade elementet, den fr\u00e4mre huven, reparerades naturligtvis. Det finns dokumentation \u00f6ver regelbundet underh\u00e5ll tillsammans med originalbroschyrer och kvitton fr\u00e5n fabriken. \u00c5terf\u00f6rs\u00e4ljarens 12-m\u00e5nadersgaranti ing\u00e5r i k\u00f6pet.  <strong>Om du bor i Europa kan s\u00e4ljaren dessutom ta hand om transporten \u00e5t dig och f\u00f6ra fordonet till ditt hem.<\/strong><\/p>\n<p><strong> <\/strong><\/p>\n<p>Kolla in den uppt\u00e4ckande videon av denna vackra Porsche Cayman S :<\/p>\n<p><iframe title=\"Video of the Porsche Cayman S for auction sale\" width=\"1200\" height=\"675\" src=\"https:\/\/www.youtube.com\/embed\/-29PE_JnFJM?feature=oembed\" frameborder=\"0\" allow=\"accelerometer; autoplay; clipboard-write; encrypted-media; gyroscope; picture-in-picture; web-share\" allowfullscreen><\/iframe><\/p>\n","protected":false},"excerpt":{"rendered":"<p>Som ett f\u00f6retag som alltid har str\u00e4vat efter att jaga sportbilens perfektion, svarade Porsche p\u00e5 kritiken p\u00e5 b\u00e4sta m\u00f6jliga s\u00e4tt &#8211; genom att presentera den dedikerade f\u00f6rarmodellen som \u00e4r universellt \u00e4lskad och hyllad. N\u00e4r den f\u00f6rsta generationens Cayman lanserades var den allt entusiasterna ville ha, med 90 % av Porsche 911-k\u00e4nslan till 60 % av priset. Cayman var en l\u00e4ttare, mer exakt och mer engagerande bil, medan S-versionen var en perfekt balanserad sportbil. H\u00e4r \u00e4r ett s\u00e4rskilt intressant exempel i perfekt skick. <strong>Du m\u00e5ste <a href=\"https:\/\/pistonaddict.com\/sv\/mitt-konto\/\">skapa ett konto<\/a> f\u00f6r att f\u00e5 tillg\u00e5ng till denna auktion.<\/strong><\/p>\n","protected":false},"featured_media":55134,"comment_status":"open","ping_status":"closed","template":"","meta":{"inline_featured_image":false},"product_cat":[730],"product_tag":[2289,2287,922,2285],"acf":[],"yoast_head":"<!-- This site is optimized with the Yoast SEO plugin v22.5 - https:\/\/yoast.com\/wordpress\/plugins\/seo\/ -->\n<title>Porsche Cayman S 3.4 325 CV auktion - Piston Addict<\/title>\n<meta name=\"robots\" content=\"index, follow, max-snippet:-1, max-image-preview:large, max-video-preview:-1\" \/>\n<link rel=\"canonical\" href=\"https:\/\/pistonaddict.com\/sv\/product\/porsche-cayman-s-3-4-325-cv\/\" \/>\n<meta property=\"og:locale\" content=\"sv_SE\" \/>\n<meta property=\"og:type\" content=\"article\" \/>\n<meta property=\"og:title\" content=\"Porsche Cayman S 3.4 325 CV auktion - Piston Addict\" \/>\n<meta property=\"og:description\" content=\"Som ett f\u00f6retag som alltid har str\u00e4vat efter att jaga sportbilens perfektion, svarade Porsche p\u00e5 kritiken p\u00e5 b\u00e4sta m\u00f6jliga s\u00e4tt - genom att presentera den dedikerade f\u00f6rarmodellen som \u00e4r universellt \u00e4lskad och hyllad. N\u00e4r den f\u00f6rsta generationens Cayman lanserades var den allt entusiasterna ville ha, med 90 % av Porsche 911-k\u00e4nslan till 60 % av priset. Cayman var en l\u00e4ttare, mer exakt och mer engagerande bil, medan S-versionen var en perfekt balanserad sportbil. H\u00e4r \u00e4r ett s\u00e4rskilt intressant exempel i perfekt skick. Du m\u00e5ste skapa ett konto f\u00f6r att f\u00e5 tillg\u00e5ng till denna auktion.\" \/>\n<meta property=\"og:url\" content=\"https:\/\/pistonaddict.com\/sv\/product\/porsche-cayman-s-3-4-325-cv\/\" \/>\n<meta property=\"og:site_name\" content=\"Piston Addict\" \/>\n<meta property=\"article:modified_time\" content=\"2024-03-19T16:03:29+00:00\" \/>\n<meta property=\"og:image\" content=\"https:\/\/pistonaddict.com\/wp-content\/uploads\/2023\/10\/CAYMAN-1.png\" \/>\n\t<meta property=\"og:image:width\" content=\"1887\" \/>\n\t<meta property=\"og:image:height\" content=\"781\" \/>\n\t<meta property=\"og:image:type\" content=\"image\/png\" \/>\n<meta name=\"twitter:card\" content=\"summary_large_image\" \/>\n<meta name=\"twitter:label1\" content=\"Ber\u00e4knad l\u00e4stid\" \/>\n\t<meta name=\"twitter:data1\" content=\"3 minuter\" \/>\n<script type=\"application\/ld+json\" class=\"yoast-schema-graph\">{\"@context\":\"https:\/\/schema.org\",\"@graph\":[{\"@type\":\"WebPage\",\"@id\":\"https:\/\/pistonaddict.com\/sv\/product\/porsche-cayman-s-3-4-325-cv\/\",\"url\":\"https:\/\/pistonaddict.com\/sv\/product\/porsche-cayman-s-3-4-325-cv\/\",\"name\":\"Porsche Cayman S 3.4 325 CV auktion - Piston Addict\",\"isPartOf\":{\"@id\":\"https:\/\/pistonaddict.com\/sv\/#website\"},\"primaryImageOfPage\":{\"@id\":\"https:\/\/pistonaddict.com\/sv\/product\/porsche-cayman-s-3-4-325-cv\/#primaryimage\"},\"image\":{\"@id\":\"https:\/\/pistonaddict.com\/sv\/product\/porsche-cayman-s-3-4-325-cv\/#primaryimage\"},\"thumbnailUrl\":\"https:\/\/pistonaddict.com\/wp-content\/uploads\/2023\/10\/CAYMAN-1.png\",\"datePublished\":\"2023-10-13T07:36:04+00:00\",\"dateModified\":\"2024-03-19T16:03:29+00:00\",\"breadcrumb\":{\"@id\":\"https:\/\/pistonaddict.com\/sv\/product\/porsche-cayman-s-3-4-325-cv\/#breadcrumb\"},\"inLanguage\":\"sv-SE\",\"potentialAction\":[{\"@type\":\"ReadAction\",\"target\":[\"https:\/\/pistonaddict.com\/sv\/product\/porsche-cayman-s-3-4-325-cv\/\"]}]},{\"@type\":\"ImageObject\",\"inLanguage\":\"sv-SE\",\"@id\":\"https:\/\/pistonaddict.com\/sv\/product\/porsche-cayman-s-3-4-325-cv\/#primaryimage\",\"url\":\"https:\/\/pistonaddict.com\/wp-content\/uploads\/2023\/10\/CAYMAN-1.png\",\"contentUrl\":\"https:\/\/pistonaddict.com\/wp-content\/uploads\/2023\/10\/CAYMAN-1.png\",\"width\":1887,\"height\":781},{\"@type\":\"BreadcrumbList\",\"@id\":\"https:\/\/pistonaddict.com\/sv\/product\/porsche-cayman-s-3-4-325-cv\/#breadcrumb\",\"itemListElement\":[{\"@type\":\"ListItem\",\"position\":1,\"name\":\"Hemsida\",\"item\":\"https:\/\/pistonaddict.com\/sv\/hemsidan\/\"},{\"@type\":\"ListItem\",\"position\":2,\"name\":\"Auctions\",\"item\":\"https:\/\/pistonaddict.com\/auctions-listing\/\"},{\"@type\":\"ListItem\",\"position\":3,\"name\":\"Porsche Cayman S 3.4 325 CV\"}]},{\"@type\":\"WebSite\",\"@id\":\"https:\/\/pistonaddict.com\/sv\/#website\",\"url\":\"https:\/\/pistonaddict.com\/sv\/\",\"name\":\"Piston Addict\",\"description\":\"Only interesting vehicles\",\"publisher\":{\"@id\":\"https:\/\/pistonaddict.com\/sv\/#organization\"},\"potentialAction\":[{\"@type\":\"SearchAction\",\"target\":{\"@type\":\"EntryPoint\",\"urlTemplate\":\"https:\/\/pistonaddict.com\/sv\/?s={search_term_string}\"},\"query-input\":\"required name=search_term_string\"}],\"inLanguage\":\"sv-SE\"},{\"@type\":\"Organization\",\"@id\":\"https:\/\/pistonaddict.com\/sv\/#organization\",\"name\":\"Piston Addict\",\"url\":\"https:\/\/pistonaddict.com\/sv\/\",\"logo\":{\"@type\":\"ImageObject\",\"inLanguage\":\"sv-SE\",\"@id\":\"https:\/\/pistonaddict.com\/sv\/#\/schema\/logo\/image\/\",\"url\":\"https:\/\/pistonaddict.com\/wp-content\/uploads\/2022\/07\/logo-6.png\",\"contentUrl\":\"https:\/\/pistonaddict.com\/wp-content\/uploads\/2022\/07\/logo-6.png\",\"width\":970,\"height\":200,\"caption\":\"Piston Addict\"},\"image\":{\"@id\":\"https:\/\/pistonaddict.com\/sv\/#\/schema\/logo\/image\/\"}}]}<\/script>\n<!-- \/ Yoast SEO plugin. -->","yoast_head_json":{"title":"Porsche Cayman S 3.4 325 CV auktion - Piston Addict","robots":{"index":"index","follow":"follow","max-snippet":"max-snippet:-1","max-image-preview":"max-image-preview:large","max-video-preview":"max-video-preview:-1"},"canonical":"https:\/\/pistonaddict.com\/sv\/product\/porsche-cayman-s-3-4-325-cv\/","og_locale":"sv_SE","og_type":"article","og_title":"Porsche Cayman S 3.4 325 CV auktion - Piston Addict","og_description":"Som ett f\u00f6retag som alltid har str\u00e4vat efter att jaga sportbilens perfektion, svarade Porsche p\u00e5 kritiken p\u00e5 b\u00e4sta m\u00f6jliga s\u00e4tt - genom att presentera den dedikerade f\u00f6rarmodellen som \u00e4r universellt \u00e4lskad och hyllad. N\u00e4r den f\u00f6rsta generationens Cayman lanserades var den allt entusiasterna ville ha, med 90 % av Porsche 911-k\u00e4nslan till 60 % av priset. Cayman var en l\u00e4ttare, mer exakt och mer engagerande bil, medan S-versionen var en perfekt balanserad sportbil. H\u00e4r \u00e4r ett s\u00e4rskilt intressant exempel i perfekt skick. Du m\u00e5ste skapa ett konto f\u00f6r att f\u00e5 tillg\u00e5ng till denna auktion.","og_url":"https:\/\/pistonaddict.com\/sv\/product\/porsche-cayman-s-3-4-325-cv\/","og_site_name":"Piston Addict","article_modified_time":"2024-03-19T16:03:29+00:00","og_image":[{"width":1887,"height":781,"url":"https:\/\/pistonaddict.com\/wp-content\/uploads\/2023\/10\/CAYMAN-1.png","type":"image\/png"}],"twitter_card":"summary_large_image","twitter_misc":{"Ber\u00e4knad l\u00e4stid":"3 minuter"},"schema":{"@context":"https:\/\/schema.org","@graph":[{"@type":"WebPage","@id":"https:\/\/pistonaddict.com\/sv\/product\/porsche-cayman-s-3-4-325-cv\/","url":"https:\/\/pistonaddict.com\/sv\/product\/porsche-cayman-s-3-4-325-cv\/","name":"Porsche Cayman S 3.4 325 CV auktion - Piston Addict","isPartOf":{"@id":"https:\/\/pistonaddict.com\/sv\/#website"},"primaryImageOfPage":{"@id":"https:\/\/pistonaddict.com\/sv\/product\/porsche-cayman-s-3-4-325-cv\/#primaryimage"},"image":{"@id":"https:\/\/pistonaddict.com\/sv\/product\/porsche-cayman-s-3-4-325-cv\/#primaryimage"},"thumbnailUrl":"https:\/\/pistonaddict.com\/wp-content\/uploads\/2023\/10\/CAYMAN-1.png","datePublished":"2023-10-13T07:36:04+00:00","dateModified":"2024-03-19T16:03:29+00:00","breadcrumb":{"@id":"https:\/\/pistonaddict.com\/sv\/product\/porsche-cayman-s-3-4-325-cv\/#breadcrumb"},"inLanguage":"sv-SE","potentialAction":[{"@type":"ReadAction","target":["https:\/\/pistonaddict.com\/sv\/product\/porsche-cayman-s-3-4-325-cv\/"]}]},{"@type":"ImageObject","inLanguage":"sv-SE","@id":"https:\/\/pistonaddict.com\/sv\/product\/porsche-cayman-s-3-4-325-cv\/#primaryimage","url":"https:\/\/pistonaddict.com\/wp-content\/uploads\/2023\/10\/CAYMAN-1.png","contentUrl":"https:\/\/pistonaddict.com\/wp-content\/uploads\/2023\/10\/CAYMAN-1.png","width":1887,"height":781},{"@type":"BreadcrumbList","@id":"https:\/\/pistonaddict.com\/sv\/product\/porsche-cayman-s-3-4-325-cv\/#breadcrumb","itemListElement":[{"@type":"ListItem","position":1,"name":"Hemsida","item":"https:\/\/pistonaddict.com\/sv\/hemsidan\/"},{"@type":"ListItem","position":2,"name":"Auctions","item":"https:\/\/pistonaddict.com\/auctions-listing\/"},{"@type":"ListItem","position":3,"name":"Porsche Cayman S 3.4 325 CV"}]},{"@type":"WebSite","@id":"https:\/\/pistonaddict.com\/sv\/#website","url":"https:\/\/pistonaddict.com\/sv\/","name":"Piston Addict","description":"Only interesting vehicles","publisher":{"@id":"https:\/\/pistonaddict.com\/sv\/#organization"},"potentialAction":[{"@type":"SearchAction","target":{"@type":"EntryPoint","urlTemplate":"https:\/\/pistonaddict.com\/sv\/?s={search_term_string}"},"query-input":"required name=search_term_string"}],"inLanguage":"sv-SE"},{"@type":"Organization","@id":"https:\/\/pistonaddict.com\/sv\/#organization","name":"Piston Addict","url":"https:\/\/pistonaddict.com\/sv\/","logo":{"@type":"ImageObject","inLanguage":"sv-SE","@id":"https:\/\/pistonaddict.com\/sv\/#\/schema\/logo\/image\/","url":"https:\/\/pistonaddict.com\/wp-content\/uploads\/2022\/07\/logo-6.png","contentUrl":"https:\/\/pistonaddict.com\/wp-content\/uploads\/2022\/07\/logo-6.png","width":970,"height":200,"caption":"Piston Addict"},"image":{"@id":"https:\/\/pistonaddict.com\/sv\/#\/schema\/logo\/image\/"}}]}},"_links":{"self":[{"href":"https:\/\/pistonaddict.com\/sv\/wp-json\/wp\/v2\/product\/55265"}],"collection":[{"href":"https:\/\/pistonaddict.com\/sv\/wp-json\/wp\/v2\/product"}],"about":[{"href":"https:\/\/pistonaddict.com\/sv\/wp-json\/wp\/v2\/types\/product"}],"replies":[{"embeddable":true,"href":"https:\/\/pistonaddict.com\/sv\/wp-json\/wp\/v2\/comments?post=55265"}],"wp:featuredmedia":[{"embeddable":true,"href":"https:\/\/pistonaddict.com\/sv\/wp-json\/wp\/v2\/media\/55134"}],"wp:attachment":[{"href":"https:\/\/pistonaddict.com\/sv\/wp-json\/wp\/v2\/media?parent=55265"}],"wp:term":[{"taxonomy":"product_cat","embeddable":true,"href":"https:\/\/pistonaddict.com\/sv\/wp-json\/wp\/v2\/product_cat?post=55265"},{"taxonomy":"product_tag","embeddable":true,"href":"https:\/\/pistonaddict.com\/sv\/wp-json\/wp\/v2\/product_tag?post=55265"}],"curies":[{"name":"wp","href":"https:\/\/api.w.org\/{rel}","templated":true}]}}