{"id":53495,"date":"2023-10-06T11:28:15","date_gmt":"2023-10-06T09:28:15","guid":{"rendered":"https:\/\/pistonaddict.com\/product\/porsche-911-carrera-2-cabrio-997\/"},"modified":"2023-12-20T09:49:50","modified_gmt":"2023-12-20T08:49:50","slug":"porsche-911-carrera-2-cabrio-997","status":"publish","type":"product","link":"https:\/\/pistonaddict.com\/sv\/product\/porsche-911-carrera-2-cabrio-997\/","title":{"rendered":"Porsche 911 Carrera 2 Cabrio (997)"},"content":{"rendered":"<p><strong>Bilens historia<\/strong><\/p>\n<p>Denna &#8220;Guards Red&#8221; Porsche 911 Carrera 2 Cabrio tillverkades i december 2006 och s\u00e5ldes ny i Spanien, d\u00e4r den tillbringade hela sitt liv. Den nuvarande \u00e4garen f\u00f6rv\u00e4rvade den 2021. Denna cabriolet \u00e4r ett utm\u00e4rkt exempel p\u00e5 Carrera 2-modellen fr\u00e5n 997-generationen, som \u00e4r k\u00e4nd f\u00f6r sin l\u00e4ttviktskonstruktion, h\u00f6gvarviga motorer och kompromissl\u00f6sa k\u00f6rk\u00e4nsla. Porsche-purister kritiserade ofta efterf\u00f6ljande 911-modeller f\u00f6r att vara f\u00f6r stora och tunga, men alla var \u00f6verens om att 997 var den sista av den klassiska bilserien. Den erbjuder ett smidigt chassi, naturligt sugande motorer, karakteristiskt ljud och unika k\u00f6regenskaper, s\u00e4rskilt i RWD-utf\u00f6rande, som denna. Detta exemplar <strong>drivs av en 3,6-liters<\/strong> <strong>flatsexmotor som levererar hela 325 hk<\/strong> och mer \u00e4n respektabla prestanda. Sprinten fr\u00e5n 0 till 100 km\/h g\u00e5r p\u00e5 bara 4,8 sekunder med en topphastighet p\u00e5 \u00f6ver 280 km\/h (177 mph). Det viktigaste \u00e4r dock den 6-v\u00e4xlade manuella v\u00e4xeln, som omedelbart f\u00f6rvandlar denna r\u00f6da cabriolet fr\u00e5n en vanlig 911 till ett s\u00e4llsynt samlarobjekt. Den manuella v\u00e4xeln \u00e4r ett mycket eftertraktat tillval som inte bara hj\u00e4lper bilen att uppn\u00e5 sin fulla prestandapotential utan ocks\u00e5 g\u00f6r varje k\u00f6rning till en of\u00f6rgl\u00f6mlig upplevelse.<\/p>\n<p><strong>Interi\u00f6r<\/strong><\/p>\n<p>Interi\u00f6ren i &#8220;Natural Brown&#8221; kombineras p\u00e5 ett sl\u00e5ende s\u00e4tt med den r\u00f6da exteri\u00f6ren och g\u00f6r att detta exemplar skiljer sig \u00e4nnu mer fr\u00e5n resten av 911-modellerna. Interi\u00f6ren \u00e4r i obefl\u00e4ckat skick, utan repor p\u00e5 l\u00e4ders\u00e4tena. Den \u00e4r ocks\u00e5 v\u00e4lutrustad med sportstolar som tillval, ett Bose-ljudsystem och en matchande ratt. Det enda som inte \u00e4r original \u00e4r Kenwood-huvudenheten med peksk\u00e4rm, men den smakfulla uppgraderingen passar instrumentpanelens design perfekt. \u00c4ven om denna cabriolet k\u00f6rdes som en helgkryssare i det soliga Spanien, finns det inga tecken p\u00e5 solskador p\u00e5 den underbara solbruna skinninredningen.<\/p>\n<p><strong>Villkor<\/strong><\/p>\n<p>Med bara 43 000 kilometer fr\u00e5n den nya \u00e4r bilens \u00f6vergripande skick obefl\u00e4ckat, utan olyckor eller skador p\u00e5 fordonet. Den senaste motorservicen utf\u00f6rdes 2022, medan bromsarna renoverades i oktober 2023. Bilen rengjordes grundligt och en oljeanalys genomf\u00f6rdes som visade att motorn och drivlinan var i perfekt skick. 911:orna har alltid haft ett gott rykte n\u00e4r det g\u00e4ller kvalitet, och n\u00e4r de underh\u00e5lls ordentligt och f\u00f6rvaras v\u00e4l, som den h\u00e4r, kan de h\u00e5lla livet ut.<\/p>\n<p><strong>Exteri\u00f6r och hjul  <\/strong><\/p>\n<p>Den r\u00f6da karossen \u00e4r i perfekt skick utan repor eller bucklor, och cabriolet-taket har inga skador. F\u00e4rgkombinationen \u00e4r superb och g\u00f6r att detta exemplar sticker ut fr\u00e5n m\u00e4ngden. Denna 911 Carrera 2 har Porsches signatur &#8220;Lobster Claw&#8221; 19-tums hjul lindade i helt nya Michelin Pilot Sport-d\u00e4ck.<\/p>\n<p><strong>Dokumentation:<\/strong><\/p>\n<p>Detta fordon s\u00e4ljs av \u00e5terf\u00f6rs\u00e4ljaren med l\u00e4mplig dokumentation i Spanien. CarFax-rapporten \u00e4r ren; inga bevis p\u00e5 olyckor, olycksreparationer, \u00e4gande eller juridiska problem finns. Det finns dokumentation \u00f6ver regelbundet underh\u00e5ll tillsammans med originalbroschyrer och kvitton fr\u00e5n fabriken. Den spanska tekniska inspektionen (ITV) ing\u00e5r i dokumentationen och bilen klarade den med bravur. Kontrollera <a href=\"https:\/\/pistonaddict.com\/wp-content\/uploads\/2023\/10\/CARFAX-Vehicle-History-Report-PORSCHE-911.pdf\">CarFax-dokumentet<\/a> f\u00f6r denna vackra konvertibla Porsche 911 Carrera.<\/p>\n<p><strong>En kreditkortsavtryckning \/ -h\u00e5llning (sl\u00e4pps automatiskt) kr\u00e4vs f\u00f6r att kunna f\u00e5 tillg\u00e5ng till auktionen av detta premiumfordon.<\/strong><\/p>\n<p>Kolla in Cold Start-videon f\u00f6r denna vackra Porsche 911 Carrera cabriolet :<\/p>\n<p><iframe title=\"Cold Start Video of the Porsche 911 Carrera Cabrio 325 CV\" width=\"1200\" height=\"675\" src=\"https:\/\/www.youtube.com\/embed\/FNuC3o32Erw?feature=oembed\" frameborder=\"0\" allow=\"accelerometer; autoplay; clipboard-write; encrypted-media; gyroscope; picture-in-picture; web-share\" allowfullscreen><\/iframe><\/p>\n","protected":false},"excerpt":{"rendered":"<p>Porsche 911 har en speciell plats i sportbilsv\u00e4rlden. Den uppfattas inte l\u00e4ngre bara som ett fordon eftersom den \u00f6verskrider bilindustrins gr\u00e4nser och har blivit en kulturell symbol och en globalt erk\u00e4nd form. Genom generationerna har 911 utvecklats fr\u00e5n en liten sportkup\u00e9 till dagens lyxiga GT-bil. Men anta att du l\u00e4ngtar efter den v\u00e4sentliga 911-k\u00e4nslan, en naturligt aspirerad boxermotors morrande och ren k\u00f6rk\u00e4nsla. I s\u00e5 fall \u00e4r 997-generationen den sista som erbjuder alla dessa \u00e5tr\u00e5v\u00e4rda klassiska dygder i modern f\u00f6rpackning. Den \u00e4r perfekt p\u00e5 fyra hjul i cabrioletform och med manuell v\u00e4xell\u00e5da.<\/p>\n","protected":false},"featured_media":53281,"comment_status":"open","ping_status":"closed","template":"","meta":{"inline_featured_image":false},"product_cat":[730],"product_tag":[2121,874,2119,2120,958,873],"acf":[],"yoast_head":"<!-- This site is optimized with the Yoast SEO plugin v22.5 - https:\/\/yoast.com\/wordpress\/plugins\/seo\/ -->\n<title>Porsche 911 Carrera 2 Cabrio (997) auktion - Piston Addict<\/title>\n<meta name=\"robots\" content=\"index, follow, max-snippet:-1, max-image-preview:large, max-video-preview:-1\" \/>\n<link rel=\"canonical\" href=\"https:\/\/pistonaddict.com\/sv\/product\/porsche-911-carrera-2-cabrio-997\/\" \/>\n<meta property=\"og:locale\" content=\"sv_SE\" \/>\n<meta property=\"og:type\" content=\"article\" \/>\n<meta property=\"og:title\" content=\"Porsche 911 Carrera 2 Cabrio (997) auktion - Piston Addict\" \/>\n<meta property=\"og:description\" content=\"Porsche 911 har en speciell plats i sportbilsv\u00e4rlden. Den uppfattas inte l\u00e4ngre bara som ett fordon eftersom den \u00f6verskrider bilindustrins gr\u00e4nser och har blivit en kulturell symbol och en globalt erk\u00e4nd form. Genom generationerna har 911 utvecklats fr\u00e5n en liten sportkup\u00e9 till dagens lyxiga GT-bil. Men anta att du l\u00e4ngtar efter den v\u00e4sentliga 911-k\u00e4nslan, en naturligt aspirerad boxermotors morrande och ren k\u00f6rk\u00e4nsla. I s\u00e5 fall \u00e4r 997-generationen den sista som erbjuder alla dessa \u00e5tr\u00e5v\u00e4rda klassiska dygder i modern f\u00f6rpackning. Den \u00e4r perfekt p\u00e5 fyra hjul i cabrioletform och med manuell v\u00e4xell\u00e5da.\" \/>\n<meta property=\"og:url\" content=\"https:\/\/pistonaddict.com\/sv\/product\/porsche-911-carrera-2-cabrio-997\/\" \/>\n<meta property=\"og:site_name\" content=\"Piston Addict\" \/>\n<meta property=\"article:modified_time\" content=\"2023-12-20T08:49:50+00:00\" \/>\n<meta property=\"og:image\" content=\"https:\/\/pistonaddict.com\/wp-content\/uploads\/2023\/10\/20220624_201726_resized-copia.jpg\" \/>\n\t<meta property=\"og:image:width\" content=\"1008\" \/>\n\t<meta property=\"og:image:height\" content=\"567\" \/>\n\t<meta property=\"og:image:type\" content=\"image\/jpeg\" \/>\n<meta name=\"twitter:card\" content=\"summary_large_image\" \/>\n<meta name=\"twitter:label1\" content=\"Ber\u00e4knad l\u00e4stid\" \/>\n\t<meta name=\"twitter:data1\" content=\"3 minuter\" \/>\n<script type=\"application\/ld+json\" class=\"yoast-schema-graph\">{\"@context\":\"https:\/\/schema.org\",\"@graph\":[{\"@type\":\"WebPage\",\"@id\":\"https:\/\/pistonaddict.com\/sv\/product\/porsche-911-carrera-2-cabrio-997\/\",\"url\":\"https:\/\/pistonaddict.com\/sv\/product\/porsche-911-carrera-2-cabrio-997\/\",\"name\":\"Porsche 911 Carrera 2 Cabrio (997) auktion - Piston Addict\",\"isPartOf\":{\"@id\":\"https:\/\/pistonaddict.com\/sv\/#website\"},\"primaryImageOfPage\":{\"@id\":\"https:\/\/pistonaddict.com\/sv\/product\/porsche-911-carrera-2-cabrio-997\/#primaryimage\"},\"image\":{\"@id\":\"https:\/\/pistonaddict.com\/sv\/product\/porsche-911-carrera-2-cabrio-997\/#primaryimage\"},\"thumbnailUrl\":\"https:\/\/pistonaddict.com\/wp-content\/uploads\/2023\/10\/20220624_201726_resized-copia.jpg\",\"datePublished\":\"2023-10-06T09:28:15+00:00\",\"dateModified\":\"2023-12-20T08:49:50+00:00\",\"breadcrumb\":{\"@id\":\"https:\/\/pistonaddict.com\/sv\/product\/porsche-911-carrera-2-cabrio-997\/#breadcrumb\"},\"inLanguage\":\"sv-SE\",\"potentialAction\":[{\"@type\":\"ReadAction\",\"target\":[\"https:\/\/pistonaddict.com\/sv\/product\/porsche-911-carrera-2-cabrio-997\/\"]}]},{\"@type\":\"ImageObject\",\"inLanguage\":\"sv-SE\",\"@id\":\"https:\/\/pistonaddict.com\/sv\/product\/porsche-911-carrera-2-cabrio-997\/#primaryimage\",\"url\":\"https:\/\/pistonaddict.com\/wp-content\/uploads\/2023\/10\/20220624_201726_resized-copia.jpg\",\"contentUrl\":\"https:\/\/pistonaddict.com\/wp-content\/uploads\/2023\/10\/20220624_201726_resized-copia.jpg\",\"width\":1008,\"height\":567},{\"@type\":\"BreadcrumbList\",\"@id\":\"https:\/\/pistonaddict.com\/sv\/product\/porsche-911-carrera-2-cabrio-997\/#breadcrumb\",\"itemListElement\":[{\"@type\":\"ListItem\",\"position\":1,\"name\":\"Hemsida\",\"item\":\"https:\/\/pistonaddict.com\/sv\/hemsidan\/\"},{\"@type\":\"ListItem\",\"position\":2,\"name\":\"Auctions\",\"item\":\"https:\/\/pistonaddict.com\/auctions-listing\/\"},{\"@type\":\"ListItem\",\"position\":3,\"name\":\"Porsche 911 Carrera 2 Cabrio (997)\"}]},{\"@type\":\"WebSite\",\"@id\":\"https:\/\/pistonaddict.com\/sv\/#website\",\"url\":\"https:\/\/pistonaddict.com\/sv\/\",\"name\":\"Piston Addict\",\"description\":\"Only interesting vehicles\",\"publisher\":{\"@id\":\"https:\/\/pistonaddict.com\/sv\/#organization\"},\"potentialAction\":[{\"@type\":\"SearchAction\",\"target\":{\"@type\":\"EntryPoint\",\"urlTemplate\":\"https:\/\/pistonaddict.com\/sv\/?s={search_term_string}\"},\"query-input\":\"required name=search_term_string\"}],\"inLanguage\":\"sv-SE\"},{\"@type\":\"Organization\",\"@id\":\"https:\/\/pistonaddict.com\/sv\/#organization\",\"name\":\"Piston Addict\",\"url\":\"https:\/\/pistonaddict.com\/sv\/\",\"logo\":{\"@type\":\"ImageObject\",\"inLanguage\":\"sv-SE\",\"@id\":\"https:\/\/pistonaddict.com\/sv\/#\/schema\/logo\/image\/\",\"url\":\"https:\/\/pistonaddict.com\/wp-content\/uploads\/2022\/07\/logo-6.png\",\"contentUrl\":\"https:\/\/pistonaddict.com\/wp-content\/uploads\/2022\/07\/logo-6.png\",\"width\":970,\"height\":200,\"caption\":\"Piston Addict\"},\"image\":{\"@id\":\"https:\/\/pistonaddict.com\/sv\/#\/schema\/logo\/image\/\"}}]}<\/script>\n<!-- \/ Yoast SEO plugin. -->","yoast_head_json":{"title":"Porsche 911 Carrera 2 Cabrio (997) auktion - Piston Addict","robots":{"index":"index","follow":"follow","max-snippet":"max-snippet:-1","max-image-preview":"max-image-preview:large","max-video-preview":"max-video-preview:-1"},"canonical":"https:\/\/pistonaddict.com\/sv\/product\/porsche-911-carrera-2-cabrio-997\/","og_locale":"sv_SE","og_type":"article","og_title":"Porsche 911 Carrera 2 Cabrio (997) auktion - Piston Addict","og_description":"Porsche 911 har en speciell plats i sportbilsv\u00e4rlden. Den uppfattas inte l\u00e4ngre bara som ett fordon eftersom den \u00f6verskrider bilindustrins gr\u00e4nser och har blivit en kulturell symbol och en globalt erk\u00e4nd form. Genom generationerna har 911 utvecklats fr\u00e5n en liten sportkup\u00e9 till dagens lyxiga GT-bil. Men anta att du l\u00e4ngtar efter den v\u00e4sentliga 911-k\u00e4nslan, en naturligt aspirerad boxermotors morrande och ren k\u00f6rk\u00e4nsla. I s\u00e5 fall \u00e4r 997-generationen den sista som erbjuder alla dessa \u00e5tr\u00e5v\u00e4rda klassiska dygder i modern f\u00f6rpackning. Den \u00e4r perfekt p\u00e5 fyra hjul i cabrioletform och med manuell v\u00e4xell\u00e5da.","og_url":"https:\/\/pistonaddict.com\/sv\/product\/porsche-911-carrera-2-cabrio-997\/","og_site_name":"Piston Addict","article_modified_time":"2023-12-20T08:49:50+00:00","og_image":[{"width":1008,"height":567,"url":"https:\/\/pistonaddict.com\/wp-content\/uploads\/2023\/10\/20220624_201726_resized-copia.jpg","type":"image\/jpeg"}],"twitter_card":"summary_large_image","twitter_misc":{"Ber\u00e4knad l\u00e4stid":"3 minuter"},"schema":{"@context":"https:\/\/schema.org","@graph":[{"@type":"WebPage","@id":"https:\/\/pistonaddict.com\/sv\/product\/porsche-911-carrera-2-cabrio-997\/","url":"https:\/\/pistonaddict.com\/sv\/product\/porsche-911-carrera-2-cabrio-997\/","name":"Porsche 911 Carrera 2 Cabrio (997) auktion - Piston Addict","isPartOf":{"@id":"https:\/\/pistonaddict.com\/sv\/#website"},"primaryImageOfPage":{"@id":"https:\/\/pistonaddict.com\/sv\/product\/porsche-911-carrera-2-cabrio-997\/#primaryimage"},"image":{"@id":"https:\/\/pistonaddict.com\/sv\/product\/porsche-911-carrera-2-cabrio-997\/#primaryimage"},"thumbnailUrl":"https:\/\/pistonaddict.com\/wp-content\/uploads\/2023\/10\/20220624_201726_resized-copia.jpg","datePublished":"2023-10-06T09:28:15+00:00","dateModified":"2023-12-20T08:49:50+00:00","breadcrumb":{"@id":"https:\/\/pistonaddict.com\/sv\/product\/porsche-911-carrera-2-cabrio-997\/#breadcrumb"},"inLanguage":"sv-SE","potentialAction":[{"@type":"ReadAction","target":["https:\/\/pistonaddict.com\/sv\/product\/porsche-911-carrera-2-cabrio-997\/"]}]},{"@type":"ImageObject","inLanguage":"sv-SE","@id":"https:\/\/pistonaddict.com\/sv\/product\/porsche-911-carrera-2-cabrio-997\/#primaryimage","url":"https:\/\/pistonaddict.com\/wp-content\/uploads\/2023\/10\/20220624_201726_resized-copia.jpg","contentUrl":"https:\/\/pistonaddict.com\/wp-content\/uploads\/2023\/10\/20220624_201726_resized-copia.jpg","width":1008,"height":567},{"@type":"BreadcrumbList","@id":"https:\/\/pistonaddict.com\/sv\/product\/porsche-911-carrera-2-cabrio-997\/#breadcrumb","itemListElement":[{"@type":"ListItem","position":1,"name":"Hemsida","item":"https:\/\/pistonaddict.com\/sv\/hemsidan\/"},{"@type":"ListItem","position":2,"name":"Auctions","item":"https:\/\/pistonaddict.com\/auctions-listing\/"},{"@type":"ListItem","position":3,"name":"Porsche 911 Carrera 2 Cabrio (997)"}]},{"@type":"WebSite","@id":"https:\/\/pistonaddict.com\/sv\/#website","url":"https:\/\/pistonaddict.com\/sv\/","name":"Piston Addict","description":"Only interesting vehicles","publisher":{"@id":"https:\/\/pistonaddict.com\/sv\/#organization"},"potentialAction":[{"@type":"SearchAction","target":{"@type":"EntryPoint","urlTemplate":"https:\/\/pistonaddict.com\/sv\/?s={search_term_string}"},"query-input":"required name=search_term_string"}],"inLanguage":"sv-SE"},{"@type":"Organization","@id":"https:\/\/pistonaddict.com\/sv\/#organization","name":"Piston Addict","url":"https:\/\/pistonaddict.com\/sv\/","logo":{"@type":"ImageObject","inLanguage":"sv-SE","@id":"https:\/\/pistonaddict.com\/sv\/#\/schema\/logo\/image\/","url":"https:\/\/pistonaddict.com\/wp-content\/uploads\/2022\/07\/logo-6.png","contentUrl":"https:\/\/pistonaddict.com\/wp-content\/uploads\/2022\/07\/logo-6.png","width":970,"height":200,"caption":"Piston Addict"},"image":{"@id":"https:\/\/pistonaddict.com\/sv\/#\/schema\/logo\/image\/"}}]}},"_links":{"self":[{"href":"https:\/\/pistonaddict.com\/sv\/wp-json\/wp\/v2\/product\/53495"}],"collection":[{"href":"https:\/\/pistonaddict.com\/sv\/wp-json\/wp\/v2\/product"}],"about":[{"href":"https:\/\/pistonaddict.com\/sv\/wp-json\/wp\/v2\/types\/product"}],"replies":[{"embeddable":true,"href":"https:\/\/pistonaddict.com\/sv\/wp-json\/wp\/v2\/comments?post=53495"}],"wp:featuredmedia":[{"embeddable":true,"href":"https:\/\/pistonaddict.com\/sv\/wp-json\/wp\/v2\/media\/53281"}],"wp:attachment":[{"href":"https:\/\/pistonaddict.com\/sv\/wp-json\/wp\/v2\/media?parent=53495"}],"wp:term":[{"taxonomy":"product_cat","embeddable":true,"href":"https:\/\/pistonaddict.com\/sv\/wp-json\/wp\/v2\/product_cat?post=53495"},{"taxonomy":"product_tag","embeddable":true,"href":"https:\/\/pistonaddict.com\/sv\/wp-json\/wp\/v2\/product_tag?post=53495"}],"curies":[{"name":"wp","href":"https:\/\/api.w.org\/{rel}","templated":true}]}}