{"id":47837,"date":"2024-01-16T09:00:29","date_gmt":"2024-01-16T08:00:29","guid":{"rendered":"https:\/\/pistonaddict.com\/product\/morgan-roadster-v6-3-0\/"},"modified":"2024-03-20T09:43:37","modified_gmt":"2024-03-20T08:43:37","slug":"morgan-roadster-v6-3-0","status":"publish","type":"product","link":"https:\/\/pistonaddict.com\/sv\/product\/morgan-roadster-v6-3-0\/","title":{"rendered":"Morgan Roadster V6 3.0"},"content":{"rendered":"<p><strong>Bilens historia<\/strong><\/p>\n<p>Den nuvarande \u00e4garen av denna eleganta roadster k\u00f6pte bilen 2010 n\u00e4r den bara var tre \u00e5r gammal. Den levererades ny och tillbringade hela sitt liv i Spanien, d\u00e4r den anv\u00e4ndes f\u00f6r avkopplande k\u00f6rningar l\u00e4ngs kusten. Denna generation av Morgans anrika roadster introducerades 2004, och \u00e4ven om den var n\u00e4stan om\u00f6jlig att skilja fr\u00e5n utsidan, uppt\u00e4cker den mycket v\u00e4lkomna f\u00f6rb\u00e4ttringar under den l\u00e5nga motorhuven &#8211; Fords Duratec 3,0-liters V6. Med 24 ventiler, modern konstruktion och o\u00f6vertr\u00e4ffad tillf\u00f6rlitlighet \u00e4r Fords V6 b\u00e4ttre \u00e4n den gamla Rover V8 som Morgan anv\u00e4nde p\u00e5 n\u00e4stan alla s\u00e4tt. Denna motor levererar respektabla 223 hk, och eftersom V6 \u00e4r kortare \u00e4n V8 \u00e4r den placerad mer mot mitten av bilen, vilket g\u00f6r den b\u00e4ttre att hantera. Som du s\u00e4kert vet \u00e4r en av hemligheterna bakom Morgans unika k\u00f6rdynamik dess chassi, som delvis \u00e4r tillverkat av tr\u00e4. S\u00e5 n\u00e4r du har en roadster som v\u00e4ger strax under ett ton f\u00e5r du en levande k\u00f6rupplevelse och m\u00e4rker varje detalj i hur den k\u00f6r, accelererar och hanteras. Och f\u00f6rresten, den n\u00e5r 100 km\/h p\u00e5 5,5 sekunder, vilket g\u00f6r den mycket sp\u00e4nnande att k\u00f6ra.<\/p>\n<p><strong>Villkor<\/strong><\/p>\n<p>Denna Morgan Roadster har bara g\u00e5tt lite \u00f6ver 41 000 kilometer och har tv\u00e5 \u00e4gare fr\u00e5n ny. Det allm\u00e4nna skicket \u00e4r mycket bra, utan skador, krascher eller utv\u00e4ndiga reparationer. Den har underh\u00e5llits regelbundet och inga \u00e4ndringar har gjorts p\u00e5 motor, kaross eller fj\u00e4dring. \u00c4garen har nyligen renoverat bromsarna och gjort en oljeanalys som var negativ, vilket inneb\u00e4r att motorn \u00e4r i perfekt skick. Det \u00e4r v\u00e4ntat eftersom Fords 3,0-liters V6 \u00e4r k\u00e4nd f\u00f6r sin h\u00e5llbarhet och l\u00e5nga livsl\u00e4ngd.<\/p>\n<p><strong>Interi\u00f6r<\/strong><\/p>\n<p>En av de b\u00e4sta egenskaperna hos Morgan Roadster var dess klassiska men eleganta interi\u00f6r, och i det h\u00e4r fallet har den f\u00f6rst\u00e4rkts med den legendariska Moto-Lita-tr\u00e4ratten. Instrumentpanelen i tr\u00e4 har fullst\u00e4ndig instrumentering, ett ljudsystem och en klocka. Samtidigt \u00e4r s\u00e4tena kl\u00e4dda i vackert beige l\u00e4der, som \u00e4r i perfekt skick och perfekt matchar den yttre f\u00e4rgen. Den svarta cabriolet-toppen \u00e4r ocks\u00e5 i bra skick och anv\u00e4nds s\u00e4llan eftersom fordonet f\u00f6rvarades i garaget och k\u00f6rdes i fint v\u00e4der. Det ursprungliga omslaget fr\u00e5n Morgan ing\u00e5r ocks\u00e5.<\/p>\n<p><strong>Exteri\u00f6r och hjul<\/strong><\/p>\n<p>Officiellt kallad Connaught Green men mer k\u00e4nd som BRG (British Racing Green), \u00e4r denna Morgan f\u00e4rdig i den mest \u00e5tr\u00e5v\u00e4rda f\u00e4rgen av dem alla. En klassisk m\u00f6rk nyans som passar perfekt till den beige inredningen \u00e4r den ultimata specifikationen f\u00f6r en klassisk brittisk roadster. Karossen \u00e4r i perfekt skick utan repor eller missf\u00e4rgningar och med sp\u00e4nnande detaljer som dimljus, m\u00e4rken och l\u00e4derb\u00e4lten som h\u00e5ller motorhuven p\u00e5 plats (klisterm\u00e4rket p\u00e5 motorhuven kan enkelt tas bort). Utseendet full\u00e4ndas med en upps\u00e4ttning 18-tums tr\u00e5dhjul med Yokohama-d\u00e4ck, tillsammans med reservhjulet i full storlek som \u00e4r monterat baktill. Hjulen kan se ut som om de \u00e4r fr\u00e5n 40-talet, men de \u00e4r helt nya och omsorgsfullt \u00e5terskapade och utformade f\u00f6r att passa modernt gummi.<\/p>\n<p><strong>Dokumentation<\/strong><\/p>\n<p>Detta \u00e4r ett privat\u00e4gt fordon med l\u00e4mplig dokumentation som finns i Palma de Mallorca, Spanien. Rapporterna \u00e4r rena; inga bevis p\u00e5 olyckor, olycksreparationer, \u00e4gande eller juridiska problem finns. Det finns dokumentation om regelbundet underh\u00e5ll som g\u00e5r tillbaka till 2020.<br \/>\nDu kan kolla CarFax f\u00f6r denna Morgan Roadster V6 cabriolet <a href=\"https:\/\/pistonaddict.com\/wp-content\/uploads\/2023\/08\/CARFAX-Vehicle-History-Report-MORGAN-ROADSTER-Convertible-2007.pdf\">h\u00e4r<\/a>. <strong>Spansk MOT (ITV) godk\u00e4nd och giltig till 4 augusti 2024<\/strong>.<\/p>\n<p><strong>Utrustning och extramaterial<\/strong><\/p>\n<p>&#8211; Motolita klassisk ratt i tr\u00e4<br \/>\n&#8211; Instrumentpanel i tr\u00e4<br \/>\n&#8211; V\u00e4xelspaksknopp i st\u00e5l<br \/>\n&#8211; Sidofickor i l\u00e4derd\u00f6rrar<br \/>\n&#8211; T\u00e4cklister f\u00f6r Morgan-sk\u00f6ldens tv\u00e4rbalk<br \/>\n&#8211; Inv\u00e4ndiga l\u00e5sbleck med Morgan-sk\u00f6ld<br \/>\n&#8211; Klocka<br \/>\n&#8211; Radio CD\/MP3 Blaupunkt<br \/>\n&#8211; 2 extra framljus<br \/>\n&#8211; Inv\u00e4ndigt l\u00e4derb\u00e4lte fodrat med f\u00e5rskinn ovanp\u00e5 motorhuven<br \/>\n&#8211; Parasoll i svart l\u00e4der<br \/>\n&#8211; St\u00f6ldskyddande batterifr\u00e5nskiljare<br \/>\n&#8211; Frontbygel f\u00f6r m\u00e4rken\/sk\u00f6ldar<br \/>\n&#8211; Huva i svart l\u00e4der med Morgan-sk\u00f6ld<br \/>\n&#8211; 2 svarta l\u00e4der\u00f6verdrag f\u00f6r metakrylatf\u00f6nster med Morgan-sk\u00f6ld<br \/>\n&#8211; Inv\u00e4ndigt skydd f\u00f6r bilen (bl\u00e5tt tyg) med Morgan-sk\u00f6ld<\/p>\n<p><strong>Kolla in kallstartsvideon av denna vackra Morgan Roadster V6 cabriolet :<\/strong><\/p>\n<p><iframe title=\"Cold Start : Morgan Roadster V6 3.0 on PistonAddict.com\" width=\"1200\" height=\"675\" src=\"https:\/\/www.youtube.com\/embed\/yLSfe-ePOFg?start=29&#038;feature=oembed\" frameborder=\"0\" allow=\"accelerometer; autoplay; clipboard-write; encrypted-media; gyroscope; picture-in-picture; web-share\" allowfullscreen><\/iframe><\/p>\n","protected":false},"excerpt":{"rendered":"<p>Bland de m\u00e5nga klassikerna fr\u00e5n Storbritannien \u00e4r Morgan Roadster onekligen och helt och h\u00e5llet symbolen f\u00f6r brittisk charm i fordonsform. Med en tidl\u00f6s design som h\u00e4rstammar fr\u00e5n roadsterns tidiga dagar och en modellserie som har varit obruten sedan 1950 \u00e4r den moderna Morgan Plus Six en oemotst\u00e5ndlig kombination av unik konstruktion, skr\u00e4ddarsydd och handbyggd produktion och en kraftfull V6 som f\u00f6rvandlar denna \u00e4kta klassiker till en kapabel \u00f6ppen sportbil.<\/p>\n","protected":false},"featured_media":46743,"comment_status":"open","ping_status":"closed","template":"","meta":{"inline_featured_image":false},"product_cat":[730],"product_tag":[2045,2044,958,2042,2043],"acf":[],"yoast_head":"<!-- This site is optimized with the Yoast SEO plugin v22.5 - https:\/\/yoast.com\/wordpress\/plugins\/seo\/ -->\n<title>Morgan Roadster V6 3.0 auktion - Piston Addict<\/title>\n<meta name=\"description\" content=\"Fantastisk Morgan Roadster V6 3.0 fr\u00e5n 2007 i utm\u00e4rkt skick p\u00e5 auktion p\u00e5 PistonAddict.com\" \/>\n<meta name=\"robots\" content=\"index, follow, max-snippet:-1, max-image-preview:large, max-video-preview:-1\" \/>\n<link rel=\"canonical\" href=\"https:\/\/pistonaddict.com\/sv\/product\/morgan-roadster-v6-3-0\/\" \/>\n<meta property=\"og:locale\" content=\"sv_SE\" \/>\n<meta property=\"og:type\" content=\"article\" \/>\n<meta property=\"og:title\" content=\"Morgan Roadster V6 3.0 auktion - Piston Addict\" \/>\n<meta property=\"og:description\" content=\"Fantastisk Morgan Roadster V6 3.0 fr\u00e5n 2007 i utm\u00e4rkt skick p\u00e5 auktion p\u00e5 PistonAddict.com\" \/>\n<meta property=\"og:url\" content=\"https:\/\/pistonaddict.com\/sv\/product\/morgan-roadster-v6-3-0\/\" \/>\n<meta property=\"og:site_name\" content=\"Piston Addict\" \/>\n<meta property=\"article:modified_time\" content=\"2024-03-20T08:43:37+00:00\" \/>\n<meta property=\"og:image\" content=\"https:\/\/pistonaddict.com\/wp-content\/uploads\/2023\/08\/DSC0169-scaled.jpg\" \/>\n\t<meta property=\"og:image:width\" content=\"2560\" \/>\n\t<meta property=\"og:image:height\" content=\"1707\" \/>\n\t<meta property=\"og:image:type\" content=\"image\/jpeg\" \/>\n<meta name=\"twitter:card\" content=\"summary_large_image\" \/>\n<meta name=\"twitter:label1\" content=\"Ber\u00e4knad l\u00e4stid\" \/>\n\t<meta name=\"twitter:data1\" content=\"4 minuter\" \/>\n<script type=\"application\/ld+json\" class=\"yoast-schema-graph\">{\"@context\":\"https:\/\/schema.org\",\"@graph\":[{\"@type\":\"WebPage\",\"@id\":\"https:\/\/pistonaddict.com\/sv\/product\/morgan-roadster-v6-3-0\/\",\"url\":\"https:\/\/pistonaddict.com\/sv\/product\/morgan-roadster-v6-3-0\/\",\"name\":\"Morgan Roadster V6 3.0 auktion - Piston Addict\",\"isPartOf\":{\"@id\":\"https:\/\/pistonaddict.com\/sv\/#website\"},\"primaryImageOfPage\":{\"@id\":\"https:\/\/pistonaddict.com\/sv\/product\/morgan-roadster-v6-3-0\/#primaryimage\"},\"image\":{\"@id\":\"https:\/\/pistonaddict.com\/sv\/product\/morgan-roadster-v6-3-0\/#primaryimage\"},\"thumbnailUrl\":\"https:\/\/pistonaddict.com\/wp-content\/uploads\/2023\/08\/DSC0169-scaled.jpg\",\"datePublished\":\"2024-01-16T08:00:29+00:00\",\"dateModified\":\"2024-03-20T08:43:37+00:00\",\"description\":\"Fantastisk Morgan Roadster V6 3.0 fr\u00e5n 2007 i utm\u00e4rkt skick p\u00e5 auktion p\u00e5 PistonAddict.com\",\"breadcrumb\":{\"@id\":\"https:\/\/pistonaddict.com\/sv\/product\/morgan-roadster-v6-3-0\/#breadcrumb\"},\"inLanguage\":\"sv-SE\",\"potentialAction\":[{\"@type\":\"ReadAction\",\"target\":[\"https:\/\/pistonaddict.com\/sv\/product\/morgan-roadster-v6-3-0\/\"]}]},{\"@type\":\"ImageObject\",\"inLanguage\":\"sv-SE\",\"@id\":\"https:\/\/pistonaddict.com\/sv\/product\/morgan-roadster-v6-3-0\/#primaryimage\",\"url\":\"https:\/\/pistonaddict.com\/wp-content\/uploads\/2023\/08\/DSC0169-scaled.jpg\",\"contentUrl\":\"https:\/\/pistonaddict.com\/wp-content\/uploads\/2023\/08\/DSC0169-scaled.jpg\",\"width\":2560,\"height\":1707},{\"@type\":\"BreadcrumbList\",\"@id\":\"https:\/\/pistonaddict.com\/sv\/product\/morgan-roadster-v6-3-0\/#breadcrumb\",\"itemListElement\":[{\"@type\":\"ListItem\",\"position\":1,\"name\":\"Hemsida\",\"item\":\"https:\/\/pistonaddict.com\/sv\/hemsidan\/\"},{\"@type\":\"ListItem\",\"position\":2,\"name\":\"Auctions\",\"item\":\"https:\/\/pistonaddict.com\/auctions-listing\/\"},{\"@type\":\"ListItem\",\"position\":3,\"name\":\"Morgan Roadster V6 3.0\"}]},{\"@type\":\"WebSite\",\"@id\":\"https:\/\/pistonaddict.com\/sv\/#website\",\"url\":\"https:\/\/pistonaddict.com\/sv\/\",\"name\":\"Piston Addict\",\"description\":\"Only interesting vehicles\",\"publisher\":{\"@id\":\"https:\/\/pistonaddict.com\/sv\/#organization\"},\"potentialAction\":[{\"@type\":\"SearchAction\",\"target\":{\"@type\":\"EntryPoint\",\"urlTemplate\":\"https:\/\/pistonaddict.com\/sv\/?s={search_term_string}\"},\"query-input\":\"required name=search_term_string\"}],\"inLanguage\":\"sv-SE\"},{\"@type\":\"Organization\",\"@id\":\"https:\/\/pistonaddict.com\/sv\/#organization\",\"name\":\"Piston Addict\",\"url\":\"https:\/\/pistonaddict.com\/sv\/\",\"logo\":{\"@type\":\"ImageObject\",\"inLanguage\":\"sv-SE\",\"@id\":\"https:\/\/pistonaddict.com\/sv\/#\/schema\/logo\/image\/\",\"url\":\"https:\/\/pistonaddict.com\/wp-content\/uploads\/2022\/07\/logo-6.png\",\"contentUrl\":\"https:\/\/pistonaddict.com\/wp-content\/uploads\/2022\/07\/logo-6.png\",\"width\":970,\"height\":200,\"caption\":\"Piston Addict\"},\"image\":{\"@id\":\"https:\/\/pistonaddict.com\/sv\/#\/schema\/logo\/image\/\"}}]}<\/script>\n<!-- \/ Yoast SEO plugin. -->","yoast_head_json":{"title":"Morgan Roadster V6 3.0 auktion - Piston Addict","description":"Fantastisk Morgan Roadster V6 3.0 fr\u00e5n 2007 i utm\u00e4rkt skick p\u00e5 auktion p\u00e5 PistonAddict.com","robots":{"index":"index","follow":"follow","max-snippet":"max-snippet:-1","max-image-preview":"max-image-preview:large","max-video-preview":"max-video-preview:-1"},"canonical":"https:\/\/pistonaddict.com\/sv\/product\/morgan-roadster-v6-3-0\/","og_locale":"sv_SE","og_type":"article","og_title":"Morgan Roadster V6 3.0 auktion - Piston Addict","og_description":"Fantastisk Morgan Roadster V6 3.0 fr\u00e5n 2007 i utm\u00e4rkt skick p\u00e5 auktion p\u00e5 PistonAddict.com","og_url":"https:\/\/pistonaddict.com\/sv\/product\/morgan-roadster-v6-3-0\/","og_site_name":"Piston Addict","article_modified_time":"2024-03-20T08:43:37+00:00","og_image":[{"width":2560,"height":1707,"url":"https:\/\/pistonaddict.com\/wp-content\/uploads\/2023\/08\/DSC0169-scaled.jpg","type":"image\/jpeg"}],"twitter_card":"summary_large_image","twitter_misc":{"Ber\u00e4knad l\u00e4stid":"4 minuter"},"schema":{"@context":"https:\/\/schema.org","@graph":[{"@type":"WebPage","@id":"https:\/\/pistonaddict.com\/sv\/product\/morgan-roadster-v6-3-0\/","url":"https:\/\/pistonaddict.com\/sv\/product\/morgan-roadster-v6-3-0\/","name":"Morgan Roadster V6 3.0 auktion - Piston Addict","isPartOf":{"@id":"https:\/\/pistonaddict.com\/sv\/#website"},"primaryImageOfPage":{"@id":"https:\/\/pistonaddict.com\/sv\/product\/morgan-roadster-v6-3-0\/#primaryimage"},"image":{"@id":"https:\/\/pistonaddict.com\/sv\/product\/morgan-roadster-v6-3-0\/#primaryimage"},"thumbnailUrl":"https:\/\/pistonaddict.com\/wp-content\/uploads\/2023\/08\/DSC0169-scaled.jpg","datePublished":"2024-01-16T08:00:29+00:00","dateModified":"2024-03-20T08:43:37+00:00","description":"Fantastisk Morgan Roadster V6 3.0 fr\u00e5n 2007 i utm\u00e4rkt skick p\u00e5 auktion p\u00e5 PistonAddict.com","breadcrumb":{"@id":"https:\/\/pistonaddict.com\/sv\/product\/morgan-roadster-v6-3-0\/#breadcrumb"},"inLanguage":"sv-SE","potentialAction":[{"@type":"ReadAction","target":["https:\/\/pistonaddict.com\/sv\/product\/morgan-roadster-v6-3-0\/"]}]},{"@type":"ImageObject","inLanguage":"sv-SE","@id":"https:\/\/pistonaddict.com\/sv\/product\/morgan-roadster-v6-3-0\/#primaryimage","url":"https:\/\/pistonaddict.com\/wp-content\/uploads\/2023\/08\/DSC0169-scaled.jpg","contentUrl":"https:\/\/pistonaddict.com\/wp-content\/uploads\/2023\/08\/DSC0169-scaled.jpg","width":2560,"height":1707},{"@type":"BreadcrumbList","@id":"https:\/\/pistonaddict.com\/sv\/product\/morgan-roadster-v6-3-0\/#breadcrumb","itemListElement":[{"@type":"ListItem","position":1,"name":"Hemsida","item":"https:\/\/pistonaddict.com\/sv\/hemsidan\/"},{"@type":"ListItem","position":2,"name":"Auctions","item":"https:\/\/pistonaddict.com\/auctions-listing\/"},{"@type":"ListItem","position":3,"name":"Morgan Roadster V6 3.0"}]},{"@type":"WebSite","@id":"https:\/\/pistonaddict.com\/sv\/#website","url":"https:\/\/pistonaddict.com\/sv\/","name":"Piston Addict","description":"Only interesting vehicles","publisher":{"@id":"https:\/\/pistonaddict.com\/sv\/#organization"},"potentialAction":[{"@type":"SearchAction","target":{"@type":"EntryPoint","urlTemplate":"https:\/\/pistonaddict.com\/sv\/?s={search_term_string}"},"query-input":"required name=search_term_string"}],"inLanguage":"sv-SE"},{"@type":"Organization","@id":"https:\/\/pistonaddict.com\/sv\/#organization","name":"Piston Addict","url":"https:\/\/pistonaddict.com\/sv\/","logo":{"@type":"ImageObject","inLanguage":"sv-SE","@id":"https:\/\/pistonaddict.com\/sv\/#\/schema\/logo\/image\/","url":"https:\/\/pistonaddict.com\/wp-content\/uploads\/2022\/07\/logo-6.png","contentUrl":"https:\/\/pistonaddict.com\/wp-content\/uploads\/2022\/07\/logo-6.png","width":970,"height":200,"caption":"Piston Addict"},"image":{"@id":"https:\/\/pistonaddict.com\/sv\/#\/schema\/logo\/image\/"}}]}},"_links":{"self":[{"href":"https:\/\/pistonaddict.com\/sv\/wp-json\/wp\/v2\/product\/47837"}],"collection":[{"href":"https:\/\/pistonaddict.com\/sv\/wp-json\/wp\/v2\/product"}],"about":[{"href":"https:\/\/pistonaddict.com\/sv\/wp-json\/wp\/v2\/types\/product"}],"replies":[{"embeddable":true,"href":"https:\/\/pistonaddict.com\/sv\/wp-json\/wp\/v2\/comments?post=47837"}],"wp:featuredmedia":[{"embeddable":true,"href":"https:\/\/pistonaddict.com\/sv\/wp-json\/wp\/v2\/media\/46743"}],"wp:attachment":[{"href":"https:\/\/pistonaddict.com\/sv\/wp-json\/wp\/v2\/media?parent=47837"}],"wp:term":[{"taxonomy":"product_cat","embeddable":true,"href":"https:\/\/pistonaddict.com\/sv\/wp-json\/wp\/v2\/product_cat?post=47837"},{"taxonomy":"product_tag","embeddable":true,"href":"https:\/\/pistonaddict.com\/sv\/wp-json\/wp\/v2\/product_tag?post=47837"}],"curies":[{"name":"wp","href":"https:\/\/api.w.org\/{rel}","templated":true}]}}