{"id":45999,"date":"2023-06-16T15:02:15","date_gmt":"2023-06-16T13:02:15","guid":{"rendered":"https:\/\/pistonaddict.com\/product\/audi-r8-v10-rod-dynamit\/"},"modified":"2023-12-20T09:46:35","modified_gmt":"2023-12-20T08:46:35","slug":"audi-r8-v10-red-dynamite","status":"publish","type":"product","link":"https:\/\/pistonaddict.com\/sv\/product\/audi-r8-v10-red-dynamite\/","title":{"rendered":"Audi R8 V10 R\u00f6d Dynamit"},"content":{"rendered":"<h2>Exteri\u00f6r<\/h2>\n<p>Med en klarr\u00f6d finish och svarta detaljer kommer denna Audi R8 inte att g\u00e5 obem\u00e4rkt f\u00f6rbi var den \u00e4n dyker upp. Dessutom f\u00f6rh\u00f6jer saker som den kromade grillen och spegelk\u00e5porna i kolfiber bara utseendet. Men uppriktigt sagt \u00e4r R8 en fantastisk bil i alla f\u00e4rger och oavsett n\u00e4rvaron av s\u00e5dana detaljer.<\/p>\n<p>Slutsatsen \u00e4r att med R8 har de tyska formgivarna uppn\u00e5tt en n\u00e4stan perfekt blandning av aggressivitet och subtilitet. Det \u00e4r sv\u00e5rt att tro att detta \u00e4r mer eller mindre Lamborgini Aventador undertill, som \u00e4r mycket mer flashig och flamboyant. S\u00e5 om du letar efter en kapabel sportbil men inte vill se ut som en skrytm\u00e5ns \u00e4r R8 ett av de b\u00e4sta alternativen. N\u00e5gra av de \u00f6vriga anm\u00e4rkningsv\u00e4rda detaljerna som denna 2-sitsiga bil erbjuder \u00e4r en massiv bakspoiler och fabriksmonterade 20-tumsf\u00e4lgar med helt nya Good Year Eagle-d\u00e4ck.<\/p>\n<h2>Interi\u00f6r<\/h2>\n<p>Interi\u00f6ren i just denna R8 domineras av en kombination av svart l\u00e4der, r\u00f6da s\u00f6mmar och kolfiberdetaljer. S\u00e4tena, som ser ut som om de precis har l\u00e4mnat fabriken, \u00e4r st\u00f6djande och bekv\u00e4ma p\u00e5 samma g\u00e5ng. Sedan finns det en l\u00e4derkl\u00e4dd 3-ekrad ratt med kontrollknappar f\u00f6r alla viktiga funktioner. F\u00f6rutom de vanliga knapparna, t.ex. f\u00f6r stereo eller f\u00e4rddator, finns \u00e4ven knappen f\u00f6r val av k\u00f6rl\u00e4ge, startkontroll och avgasjustering.<\/p>\n<p>Bakom ratten finns ett digitalt instrumentkluster som, f\u00f6rutom den grundl\u00e4ggande informationen, kan visa mycket mer. Detta inkluderar navigering, backkamera och stereo, som f\u00f6rresten \u00e4r tillverkad av den v\u00e4rldsber\u00f6mda Bang &amp; Olufsen.<\/p>\n<h2>Mekanik<\/h2>\n<p>Under den subtila och eleganta ytan har andra generationens R8 ett styvare och l\u00e4ttare chassi tillverkat av aluminium och kolfiber. Men den viktigaste delen av denna bil \u00e4r, f\u00f6ruts\u00e4gbart, dess motor, en kraftfull 5,2-liters V10. Och eftersom den \u00e4r vad Audi kallar en Plus-modell, producerar den 610 h\u00e4stkrafter och 560 Nm vridmoment, som levereras till alla hjul via ett Quattro-system och 7-v\u00e4xlad automatisk. Med allt detta kommer denna R8 att g\u00e5 fr\u00e5n 0 till 100 p\u00e5 cirka 3 sekunder och n\u00e5 en topphastighet p\u00e5 329 km\/h. Och f\u00f6r att s\u00e4kerst\u00e4lla en bromsf\u00f6rm\u00e5ga som matchar all denna hastighet finns det massiva bromsar runt om.<\/p>\n<h2>Fordonets historia<\/h2>\n<p>Enligt s\u00e4ljaren servades denna Audi R8 senast i oktober 2022, medan bromsarna renoverades f\u00f6r bara n\u00e5gra dagar sedan. Dessutom finns det inga k\u00e4nda fel eller varningar p\u00e5 instrumentpanelen. Slutligen, att d\u00f6ma av de medf\u00f6ljande bilderna, finns det inga karosserifel att rapportera.<\/p>\n<p>&nbsp;<\/p>\n<p><strong>Ett kreditkortsintyg kr\u00e4vs f\u00f6r att f\u00e5 tillg\u00e5ng till auktionen av detta premiumfordon.<\/strong><\/p>\n","protected":false},"excerpt":{"rendered":"<p>Bilen som s\u00e4ljs h\u00e4r \u00e4r utan tvekan en av de b\u00e4st presterande modellerna i sin klass &#8211; den ikoniska Audi R8. Det var, och \u00e4r fortfarande, Ingolstadt-tillverkarens f\u00f6rsta f\u00f6rs\u00f6k p\u00e5 superbilsmarknaden, vilket visade sig vara en enorm framg\u00e5ng. Enligt s\u00e4ljaren \u00e4r detta fordon fullt servat och har inte haft n\u00e5gra olyckor, med en matchande CarVertical-rapport som st\u00f6der detta. Dessutom har den g\u00e5tt mindre \u00e4n 50 000 km hittills, vilket inte \u00e4r mycket f\u00f6r en bil som denna. Slutligen finns denna <strong>Audi R8 V10 plus Quattro <\/strong>fr\u00e5n 2015 f\u00f6r n\u00e4rvarande i Belgien, d\u00e4r den har varit registrerad sedan den var ny. Du kan l\u00e4gga ett bud p\u00e5 den bilen genom att <a href=\"https:\/\/pistonaddict.com\/contact-us\/\">kontakta oss<\/a>.<\/p>\n","protected":false},"featured_media":43361,"comment_status":"open","ping_status":"closed","template":"","meta":{"inline_featured_image":false},"product_cat":[730],"product_tag":[1930,1933,922],"acf":[],"yoast_head":"<!-- This site is optimized with the Yoast SEO plugin v22.5 - https:\/\/yoast.com\/wordpress\/plugins\/seo\/ -->\n<title>Audi R8 V10 R\u00f6d Dynamit auktion - Piston Addict<\/title>\n<meta name=\"description\" content=\"Bilen som s\u00e4ljs p\u00e5 auktion h\u00e4r \u00e4r utan tvekan en av de mest h\u00f6gpresterande modellerna i sin klass - den ikoniska Audi R8 V10.\" \/>\n<meta name=\"robots\" content=\"index, follow, max-snippet:-1, max-image-preview:large, max-video-preview:-1\" \/>\n<link rel=\"canonical\" href=\"https:\/\/pistonaddict.com\/sv\/product\/audi-r8-v10-red-dynamite\/\" \/>\n<meta property=\"og:locale\" content=\"sv_SE\" \/>\n<meta property=\"og:type\" content=\"article\" \/>\n<meta property=\"og:title\" content=\"Audi R8 V10 R\u00f6d Dynamit auktion - Piston Addict\" \/>\n<meta property=\"og:description\" content=\"Bilen som s\u00e4ljs p\u00e5 auktion h\u00e4r \u00e4r utan tvekan en av de mest h\u00f6gpresterande modellerna i sin klass - den ikoniska Audi R8 V10.\" \/>\n<meta property=\"og:url\" content=\"https:\/\/pistonaddict.com\/sv\/product\/audi-r8-v10-red-dynamite\/\" \/>\n<meta property=\"og:site_name\" content=\"Piston Addict\" \/>\n<meta property=\"article:modified_time\" content=\"2023-12-20T08:46:35+00:00\" \/>\n<meta property=\"og:image\" content=\"https:\/\/pistonaddict.com\/wp-content\/uploads\/2023\/06\/DSC_0412.jpg\" \/>\n\t<meta property=\"og:image:width\" content=\"2048\" \/>\n\t<meta property=\"og:image:height\" content=\"1365\" \/>\n\t<meta property=\"og:image:type\" content=\"image\/jpeg\" \/>\n<meta name=\"twitter:card\" content=\"summary_large_image\" \/>\n<meta name=\"twitter:label1\" content=\"Ber\u00e4knad l\u00e4stid\" \/>\n\t<meta name=\"twitter:data1\" content=\"2 minuter\" \/>\n<script type=\"application\/ld+json\" class=\"yoast-schema-graph\">{\"@context\":\"https:\/\/schema.org\",\"@graph\":[{\"@type\":\"WebPage\",\"@id\":\"https:\/\/pistonaddict.com\/sv\/product\/audi-r8-v10-red-dynamite\/\",\"url\":\"https:\/\/pistonaddict.com\/sv\/product\/audi-r8-v10-red-dynamite\/\",\"name\":\"Audi R8 V10 R\u00f6d Dynamit auktion - Piston Addict\",\"isPartOf\":{\"@id\":\"https:\/\/pistonaddict.com\/sv\/#website\"},\"primaryImageOfPage\":{\"@id\":\"https:\/\/pistonaddict.com\/sv\/product\/audi-r8-v10-red-dynamite\/#primaryimage\"},\"image\":{\"@id\":\"https:\/\/pistonaddict.com\/sv\/product\/audi-r8-v10-red-dynamite\/#primaryimage\"},\"thumbnailUrl\":\"https:\/\/pistonaddict.com\/wp-content\/uploads\/2023\/06\/DSC_0412.jpg\",\"datePublished\":\"2023-06-16T13:02:15+00:00\",\"dateModified\":\"2023-12-20T08:46:35+00:00\",\"description\":\"Bilen som s\u00e4ljs p\u00e5 auktion h\u00e4r \u00e4r utan tvekan en av de mest h\u00f6gpresterande modellerna i sin klass - den ikoniska Audi R8 V10.\",\"breadcrumb\":{\"@id\":\"https:\/\/pistonaddict.com\/sv\/product\/audi-r8-v10-red-dynamite\/#breadcrumb\"},\"inLanguage\":\"sv-SE\",\"potentialAction\":[{\"@type\":\"ReadAction\",\"target\":[\"https:\/\/pistonaddict.com\/sv\/product\/audi-r8-v10-red-dynamite\/\"]}]},{\"@type\":\"ImageObject\",\"inLanguage\":\"sv-SE\",\"@id\":\"https:\/\/pistonaddict.com\/sv\/product\/audi-r8-v10-red-dynamite\/#primaryimage\",\"url\":\"https:\/\/pistonaddict.com\/wp-content\/uploads\/2023\/06\/DSC_0412.jpg\",\"contentUrl\":\"https:\/\/pistonaddict.com\/wp-content\/uploads\/2023\/06\/DSC_0412.jpg\",\"width\":2048,\"height\":1365},{\"@type\":\"BreadcrumbList\",\"@id\":\"https:\/\/pistonaddict.com\/sv\/product\/audi-r8-v10-red-dynamite\/#breadcrumb\",\"itemListElement\":[{\"@type\":\"ListItem\",\"position\":1,\"name\":\"Hemsida\",\"item\":\"https:\/\/pistonaddict.com\/sv\/hemsidan\/\"},{\"@type\":\"ListItem\",\"position\":2,\"name\":\"Auctions\",\"item\":\"https:\/\/pistonaddict.com\/auctions-listing\/\"},{\"@type\":\"ListItem\",\"position\":3,\"name\":\"Audi R8 V10 R\u00f6d Dynamit\"}]},{\"@type\":\"WebSite\",\"@id\":\"https:\/\/pistonaddict.com\/sv\/#website\",\"url\":\"https:\/\/pistonaddict.com\/sv\/\",\"name\":\"Piston Addict\",\"description\":\"Only interesting vehicles\",\"publisher\":{\"@id\":\"https:\/\/pistonaddict.com\/sv\/#organization\"},\"potentialAction\":[{\"@type\":\"SearchAction\",\"target\":{\"@type\":\"EntryPoint\",\"urlTemplate\":\"https:\/\/pistonaddict.com\/sv\/?s={search_term_string}\"},\"query-input\":\"required name=search_term_string\"}],\"inLanguage\":\"sv-SE\"},{\"@type\":\"Organization\",\"@id\":\"https:\/\/pistonaddict.com\/sv\/#organization\",\"name\":\"Piston Addict\",\"url\":\"https:\/\/pistonaddict.com\/sv\/\",\"logo\":{\"@type\":\"ImageObject\",\"inLanguage\":\"sv-SE\",\"@id\":\"https:\/\/pistonaddict.com\/sv\/#\/schema\/logo\/image\/\",\"url\":\"https:\/\/pistonaddict.com\/wp-content\/uploads\/2022\/07\/logo-6.png\",\"contentUrl\":\"https:\/\/pistonaddict.com\/wp-content\/uploads\/2022\/07\/logo-6.png\",\"width\":970,\"height\":200,\"caption\":\"Piston Addict\"},\"image\":{\"@id\":\"https:\/\/pistonaddict.com\/sv\/#\/schema\/logo\/image\/\"}}]}<\/script>\n<!-- \/ Yoast SEO plugin. -->","yoast_head_json":{"title":"Audi R8 V10 R\u00f6d Dynamit auktion - Piston Addict","description":"Bilen som s\u00e4ljs p\u00e5 auktion h\u00e4r \u00e4r utan tvekan en av de mest h\u00f6gpresterande modellerna i sin klass - den ikoniska Audi R8 V10.","robots":{"index":"index","follow":"follow","max-snippet":"max-snippet:-1","max-image-preview":"max-image-preview:large","max-video-preview":"max-video-preview:-1"},"canonical":"https:\/\/pistonaddict.com\/sv\/product\/audi-r8-v10-red-dynamite\/","og_locale":"sv_SE","og_type":"article","og_title":"Audi R8 V10 R\u00f6d Dynamit auktion - Piston Addict","og_description":"Bilen som s\u00e4ljs p\u00e5 auktion h\u00e4r \u00e4r utan tvekan en av de mest h\u00f6gpresterande modellerna i sin klass - den ikoniska Audi R8 V10.","og_url":"https:\/\/pistonaddict.com\/sv\/product\/audi-r8-v10-red-dynamite\/","og_site_name":"Piston Addict","article_modified_time":"2023-12-20T08:46:35+00:00","og_image":[{"width":2048,"height":1365,"url":"https:\/\/pistonaddict.com\/wp-content\/uploads\/2023\/06\/DSC_0412.jpg","type":"image\/jpeg"}],"twitter_card":"summary_large_image","twitter_misc":{"Ber\u00e4knad l\u00e4stid":"2 minuter"},"schema":{"@context":"https:\/\/schema.org","@graph":[{"@type":"WebPage","@id":"https:\/\/pistonaddict.com\/sv\/product\/audi-r8-v10-red-dynamite\/","url":"https:\/\/pistonaddict.com\/sv\/product\/audi-r8-v10-red-dynamite\/","name":"Audi R8 V10 R\u00f6d Dynamit auktion - Piston Addict","isPartOf":{"@id":"https:\/\/pistonaddict.com\/sv\/#website"},"primaryImageOfPage":{"@id":"https:\/\/pistonaddict.com\/sv\/product\/audi-r8-v10-red-dynamite\/#primaryimage"},"image":{"@id":"https:\/\/pistonaddict.com\/sv\/product\/audi-r8-v10-red-dynamite\/#primaryimage"},"thumbnailUrl":"https:\/\/pistonaddict.com\/wp-content\/uploads\/2023\/06\/DSC_0412.jpg","datePublished":"2023-06-16T13:02:15+00:00","dateModified":"2023-12-20T08:46:35+00:00","description":"Bilen som s\u00e4ljs p\u00e5 auktion h\u00e4r \u00e4r utan tvekan en av de mest h\u00f6gpresterande modellerna i sin klass - den ikoniska Audi R8 V10.","breadcrumb":{"@id":"https:\/\/pistonaddict.com\/sv\/product\/audi-r8-v10-red-dynamite\/#breadcrumb"},"inLanguage":"sv-SE","potentialAction":[{"@type":"ReadAction","target":["https:\/\/pistonaddict.com\/sv\/product\/audi-r8-v10-red-dynamite\/"]}]},{"@type":"ImageObject","inLanguage":"sv-SE","@id":"https:\/\/pistonaddict.com\/sv\/product\/audi-r8-v10-red-dynamite\/#primaryimage","url":"https:\/\/pistonaddict.com\/wp-content\/uploads\/2023\/06\/DSC_0412.jpg","contentUrl":"https:\/\/pistonaddict.com\/wp-content\/uploads\/2023\/06\/DSC_0412.jpg","width":2048,"height":1365},{"@type":"BreadcrumbList","@id":"https:\/\/pistonaddict.com\/sv\/product\/audi-r8-v10-red-dynamite\/#breadcrumb","itemListElement":[{"@type":"ListItem","position":1,"name":"Hemsida","item":"https:\/\/pistonaddict.com\/sv\/hemsidan\/"},{"@type":"ListItem","position":2,"name":"Auctions","item":"https:\/\/pistonaddict.com\/auctions-listing\/"},{"@type":"ListItem","position":3,"name":"Audi R8 V10 R\u00f6d Dynamit"}]},{"@type":"WebSite","@id":"https:\/\/pistonaddict.com\/sv\/#website","url":"https:\/\/pistonaddict.com\/sv\/","name":"Piston Addict","description":"Only interesting vehicles","publisher":{"@id":"https:\/\/pistonaddict.com\/sv\/#organization"},"potentialAction":[{"@type":"SearchAction","target":{"@type":"EntryPoint","urlTemplate":"https:\/\/pistonaddict.com\/sv\/?s={search_term_string}"},"query-input":"required name=search_term_string"}],"inLanguage":"sv-SE"},{"@type":"Organization","@id":"https:\/\/pistonaddict.com\/sv\/#organization","name":"Piston Addict","url":"https:\/\/pistonaddict.com\/sv\/","logo":{"@type":"ImageObject","inLanguage":"sv-SE","@id":"https:\/\/pistonaddict.com\/sv\/#\/schema\/logo\/image\/","url":"https:\/\/pistonaddict.com\/wp-content\/uploads\/2022\/07\/logo-6.png","contentUrl":"https:\/\/pistonaddict.com\/wp-content\/uploads\/2022\/07\/logo-6.png","width":970,"height":200,"caption":"Piston Addict"},"image":{"@id":"https:\/\/pistonaddict.com\/sv\/#\/schema\/logo\/image\/"}}]}},"_links":{"self":[{"href":"https:\/\/pistonaddict.com\/sv\/wp-json\/wp\/v2\/product\/45999"}],"collection":[{"href":"https:\/\/pistonaddict.com\/sv\/wp-json\/wp\/v2\/product"}],"about":[{"href":"https:\/\/pistonaddict.com\/sv\/wp-json\/wp\/v2\/types\/product"}],"replies":[{"embeddable":true,"href":"https:\/\/pistonaddict.com\/sv\/wp-json\/wp\/v2\/comments?post=45999"}],"wp:featuredmedia":[{"embeddable":true,"href":"https:\/\/pistonaddict.com\/sv\/wp-json\/wp\/v2\/media\/43361"}],"wp:attachment":[{"href":"https:\/\/pistonaddict.com\/sv\/wp-json\/wp\/v2\/media?parent=45999"}],"wp:term":[{"taxonomy":"product_cat","embeddable":true,"href":"https:\/\/pistonaddict.com\/sv\/wp-json\/wp\/v2\/product_cat?post=45999"},{"taxonomy":"product_tag","embeddable":true,"href":"https:\/\/pistonaddict.com\/sv\/wp-json\/wp\/v2\/product_tag?post=45999"}],"curies":[{"name":"wp","href":"https:\/\/api.w.org\/{rel}","templated":true}]}}