{"id":41974,"date":"2023-06-12T14:22:37","date_gmt":"2023-06-12T12:22:37","guid":{"rendered":"https:\/\/pistonaddict.com\/product\/audi-r8-4-2-fsi-v8\/"},"modified":"2024-03-20T09:15:57","modified_gmt":"2024-03-20T08:15:57","slug":"audi-r8-4-2-fsi-v8","status":"publish","type":"product","link":"https:\/\/pistonaddict.com\/sv\/product\/audi-r8-4-2-fsi-v8\/","title":{"rendered":"Audi R8 4.2 FSI V8"},"content":{"rendered":"<p><strong>Modellens historia<\/strong><\/p>\n<p>R8 v\u00e4ckte stor sensation n\u00e4r den lanserades 2007, och den var inte bara den f\u00f6rsta superbilen fr\u00e5n Audi, utan \u00e4ven otroligt framg\u00e5ngsrik med sin tidl\u00f6sa design och en fantastisk drivlina best\u00e5ende av en h\u00f6gvarvig V8 (senare V10) och det ber\u00f6mda fyrhjulsdrivningssystemet Quattro. N\u00e4r R8 d\u00f6k upp blev konkurrenterna mycket nerv\u00f6sa eftersom kunderna \u00e4ntligen hade m\u00f6jlighet att k\u00f6pa en mycket kapabel maskin med AWD-dragning och Audi-kvalitet. Det var d\u00e4rf\u00f6r den f\u00f6rsta generationens R8 blev en enorm succ\u00e9 med n\u00e4stan 30 000 tillverkade exemplar. Det h\u00e4r exemplaret \u00e4r 2014 \u00e5rs modell, vilket inneb\u00e4r att det \u00e4r en senare och mer eftertraktad version som har f\u00e5tt en liten ny design, b\u00e4ttre funktioner och f\u00f6rfinad mekanik. Kraften kommer fr\u00e5n en 4,2-liters FSI V8-motor, som levererar 430 hk och skickar dem till alla fyra hjulen via en 7-v\u00e4xlad S Tronic automatisk dubbelkopplingsl\u00e5da. Den h\u00e4r kombinationen klarar 4,2 sekunder fr\u00e5n 0 till 100 km\/h och en topphastighet p\u00e5 drygt 300 km\/h, vilket placerar R8 i kategorin superbilar.<\/p>\n<p><strong>Villkor<\/strong><\/p>\n<p>Med bara 43 649 km p\u00e5 v\u00e4gm\u00e4taren \u00e4r denna R8 i perfekt skick rakt igenom. Den levererades f\u00f6rst i slutet av 2014 till sin ursprungliga \u00e4gare i Nederl\u00e4nderna, och de nuvarande \u00e4garna k\u00f6pte den 2021. Denna Audi R8 har aldrig anv\u00e4nts p\u00e5 bana och underh\u00e5lls regelbundet med servicejournaler som tillhandah\u00e5lls av s\u00e4ljaren. Dessutom \u00e4r detta exempel helt standardiserat, utan n\u00e5gra modifieringar eller on\u00f6diga till\u00e4gg. All fabriksutrustning och alla funktioner \u00e4r n\u00e4rvarande och funktionella. Den senaste servicen, tillsammans med oljebytet, utf\u00f6rdes i slutet av oktober 2022, och bromsarna renoverades i juni 2023. Den s\u00e5 kallade &#8220;long life&#8221;-servicen har slutf\u00f6rts och t\u00e4ndstiften har bytts ut. <strong>Denna R8 omfattas av en 6-m\u00e5naders Bovag-garanti<\/strong>, vilket bara visar att den \u00e4r i obefl\u00e4ckat skick.<\/p>\n<p><strong>Exteri\u00f6r och hjul<\/strong><\/p>\n<p>Denna R8 \u00e4r m\u00e5lad i elegant Panther Black-f\u00e4rg och har ett kolfiberpaket som tillval med exteri\u00f6ra och interi\u00f6ra insatser tillverkade av kolfiber. Karossen har inga skador, repor eller missf\u00e4rgningar och lacken \u00e4r i perfekt skick. Det enda som har r\u00f6rts p\u00e5 utsidan av denna R8 \u00e4r reparerad tanklucka (tanklockslucka) som har utf\u00f6rts av certifierad \u00e5terf\u00f6rs\u00e4ljare (faktura den 5 maj 2021). Utseendet f\u00f6rst\u00e4rks av 20-tumsf\u00e4lgar med nya Pirelli P Zero-d\u00e4ck som tillval.<\/p>\n<p><strong>Interi\u00f6r<\/strong><\/p>\n<p>Interi\u00f6ren \u00e4r kl\u00e4dd i matchande svart l\u00e4der och Alcantara och visar inga tecken p\u00e5 slitage och har kolfiberinsatser som en del av fabrikens trimpaket. S\u00e4tena har en uppv\u00e4rmningsfunktion som tillval och alla system (ljud, infotainment, HVAC) \u00e4r i perfekt skick. Som en del av utrustningslistan \u00e4r det v\u00e4rt att n\u00e4mna att denna R8 har farth\u00e5llare, regnavvisande torkare, Bang och Olufsen ljudsystem, automatiskt avbl\u00e4ndande speglar, navigering, LED-belysning och mycket mer.<\/p>\n<p><strong>Dokumentation<\/strong><\/p>\n<p>Detta begagnade fordon med l\u00e4mplig dokumentation finns i Nederl\u00e4nderna. CarFax-rapporten \u00e4r ren, inga juridiska problem finns. Det finns dokumentation \u00f6ver regelbundet underh\u00e5ll och n\u00e5gra mindre reparationer. Det \u00e4r mycket viktigt att n\u00e4mna att denna Audi R8 har en BPM-\u00e5terbetalning. BPM-\u00e5terb\u00e4ringen \u00e4r en nederl\u00e4ndsk \u00e5terb\u00e4ring av lyxskatt f\u00f6r export. <strong> Det inneb\u00e4r att om k\u00f6paren befinner sig i n\u00e5got annat EU-land (utom Nederl\u00e4nderna) och registrerar bilen i sitt hemland inom 13 veckor efter k\u00f6pet, kommer k\u00f6paren att f\u00e5 tillbaka 5 967 euro<\/strong>, vilket \u00e4r mycket bekv\u00e4mt.<br \/>\nSe <a href=\"https:\/\/pistonaddict.com\/wp-content\/uploads\/2023\/06\/CARFAX-Vehicle-History-Report-AUDI-R8.pdf\">CarFax f\u00f6r denna Audi R8<\/a>.<\/p>\n<p><strong>En kreditkortsavtryckning \/ -h\u00e5llning (sl\u00e4pps automatiskt) kr\u00e4vs f\u00f6r att kunna f\u00e5 tillg\u00e5ng till auktionen av detta premiumfordon.<\/strong><\/p>\n<p>Kolla in kallstartsvideon av den underbara Audi R8 h\u00e4r :<\/p>\n<p><iframe title=\"Cold Start video of the Audi R8 4.2 FSI V8 on auction sale\" width=\"1200\" height=\"675\" src=\"https:\/\/www.youtube.com\/embed\/GyBid0aFEiA?feature=oembed\" frameborder=\"0\" allow=\"accelerometer; autoplay; clipboard-write; encrypted-media; gyroscope; picture-in-picture; web-share\" allowfullscreen><\/iframe><\/p>\n","protected":false},"excerpt":{"rendered":"<p>Du h\u00f6r ofta termen &#8220;vardaglig superbil&#8221;, men det \u00e4r v\u00e4ldigt f\u00e5 bilar som faktiskt levererar \u00f6vertygande prestanda, anv\u00e4ndbarhet och p\u00e5litlighet vid daglig anv\u00e4ndning. Audi R8 2014 \u00e4r en s\u00e5dan p\u00e4rla. Med sin kraftfulla 4,2-liters V8, v\u00e4lutrustade interi\u00f6r och perfekta k\u00f6rdynamik \u00e4r det en bil du kan njuta av dagligen och \u00e4nd\u00e5 ha alla f\u00f6rdelar med att k\u00f6ra en fullblods superbil. Du kan l\u00e4gga ett bud p\u00e5 den bilen genom att <a href=\"https:\/\/pistonaddict.com\/contact-us\/\">kontakta oss<\/a>.<\/p>\n","protected":false},"featured_media":41850,"comment_status":"open","ping_status":"closed","template":"","meta":{"inline_featured_image":false},"product_cat":[730],"product_tag":[1893,1892,922],"acf":[],"yoast_head":"<!-- This site is optimized with the Yoast SEO plugin v22.5 - https:\/\/yoast.com\/wordpress\/plugins\/seo\/ -->\n<title>Audi R8 4.2 FSI V8 auktion - Piston Addict<\/title>\n<meta name=\"description\" content=\"Denna Audi R8 \u00e4r 2014 \u00e5rs modell, vilket inneb\u00e4r att det \u00e4r en senare och mer \u00e5tr\u00e5v\u00e4rd version som har f\u00e5tt en liten ny stil, b\u00e4ttre funktioner och f\u00f6rfinad mekanik. Kraften kommer fr\u00e5n en 4,2-liters FSI V8-motor, som levererar 430 hk och skickar dem till alla fyra hjulen via en 7-v\u00e4xlad S Tronic automatisk dubbelkopplingsl\u00e5da.\" \/>\n<meta name=\"robots\" content=\"index, follow, max-snippet:-1, max-image-preview:large, max-video-preview:-1\" \/>\n<link rel=\"canonical\" href=\"https:\/\/pistonaddict.com\/sv\/product\/audi-r8-4-2-fsi-v8\/\" \/>\n<meta property=\"og:locale\" content=\"sv_SE\" \/>\n<meta property=\"og:type\" content=\"article\" \/>\n<meta property=\"og:title\" content=\"Audi R8 4.2 FSI V8 auktion - Piston Addict\" \/>\n<meta property=\"og:description\" content=\"Denna Audi R8 \u00e4r 2014 \u00e5rs modell, vilket inneb\u00e4r att det \u00e4r en senare och mer \u00e5tr\u00e5v\u00e4rd version som har f\u00e5tt en liten ny stil, b\u00e4ttre funktioner och f\u00f6rfinad mekanik. Kraften kommer fr\u00e5n en 4,2-liters FSI V8-motor, som levererar 430 hk och skickar dem till alla fyra hjulen via en 7-v\u00e4xlad S Tronic automatisk dubbelkopplingsl\u00e5da.\" \/>\n<meta property=\"og:url\" content=\"https:\/\/pistonaddict.com\/sv\/product\/audi-r8-4-2-fsi-v8\/\" \/>\n<meta property=\"og:site_name\" content=\"Piston Addict\" \/>\n<meta property=\"article:modified_time\" content=\"2024-03-20T08:15:57+00:00\" \/>\n<meta property=\"og:image\" content=\"https:\/\/pistonaddict.com\/wp-content\/uploads\/2023\/06\/foto-5.jpg\" \/>\n\t<meta property=\"og:image:width\" content=\"1024\" \/>\n\t<meta property=\"og:image:height\" content=\"683\" \/>\n\t<meta property=\"og:image:type\" content=\"image\/jpeg\" \/>\n<meta name=\"twitter:card\" content=\"summary_large_image\" \/>\n<meta name=\"twitter:label1\" content=\"Ber\u00e4knad l\u00e4stid\" \/>\n\t<meta name=\"twitter:data1\" content=\"3 minuter\" \/>\n<script type=\"application\/ld+json\" class=\"yoast-schema-graph\">{\"@context\":\"https:\/\/schema.org\",\"@graph\":[{\"@type\":\"WebPage\",\"@id\":\"https:\/\/pistonaddict.com\/sv\/product\/audi-r8-4-2-fsi-v8\/\",\"url\":\"https:\/\/pistonaddict.com\/sv\/product\/audi-r8-4-2-fsi-v8\/\",\"name\":\"Audi R8 4.2 FSI V8 auktion - Piston Addict\",\"isPartOf\":{\"@id\":\"https:\/\/pistonaddict.com\/sv\/#website\"},\"primaryImageOfPage\":{\"@id\":\"https:\/\/pistonaddict.com\/sv\/product\/audi-r8-4-2-fsi-v8\/#primaryimage\"},\"image\":{\"@id\":\"https:\/\/pistonaddict.com\/sv\/product\/audi-r8-4-2-fsi-v8\/#primaryimage\"},\"thumbnailUrl\":\"https:\/\/pistonaddict.com\/wp-content\/uploads\/2023\/06\/foto-5.jpg\",\"datePublished\":\"2023-06-12T12:22:37+00:00\",\"dateModified\":\"2024-03-20T08:15:57+00:00\",\"description\":\"Denna Audi R8 \u00e4r 2014 \u00e5rs modell, vilket inneb\u00e4r att det \u00e4r en senare och mer \u00e5tr\u00e5v\u00e4rd version som har f\u00e5tt en liten ny stil, b\u00e4ttre funktioner och f\u00f6rfinad mekanik. Kraften kommer fr\u00e5n en 4,2-liters FSI V8-motor, som levererar 430 hk och skickar dem till alla fyra hjulen via en 7-v\u00e4xlad S Tronic automatisk dubbelkopplingsl\u00e5da.\",\"breadcrumb\":{\"@id\":\"https:\/\/pistonaddict.com\/sv\/product\/audi-r8-4-2-fsi-v8\/#breadcrumb\"},\"inLanguage\":\"sv-SE\",\"potentialAction\":[{\"@type\":\"ReadAction\",\"target\":[\"https:\/\/pistonaddict.com\/sv\/product\/audi-r8-4-2-fsi-v8\/\"]}]},{\"@type\":\"ImageObject\",\"inLanguage\":\"sv-SE\",\"@id\":\"https:\/\/pistonaddict.com\/sv\/product\/audi-r8-4-2-fsi-v8\/#primaryimage\",\"url\":\"https:\/\/pistonaddict.com\/wp-content\/uploads\/2023\/06\/foto-5.jpg\",\"contentUrl\":\"https:\/\/pistonaddict.com\/wp-content\/uploads\/2023\/06\/foto-5.jpg\",\"width\":1024,\"height\":683},{\"@type\":\"BreadcrumbList\",\"@id\":\"https:\/\/pistonaddict.com\/sv\/product\/audi-r8-4-2-fsi-v8\/#breadcrumb\",\"itemListElement\":[{\"@type\":\"ListItem\",\"position\":1,\"name\":\"Hemsida\",\"item\":\"https:\/\/pistonaddict.com\/sv\/hemsidan\/\"},{\"@type\":\"ListItem\",\"position\":2,\"name\":\"Auctions\",\"item\":\"https:\/\/pistonaddict.com\/auctions-listing\/\"},{\"@type\":\"ListItem\",\"position\":3,\"name\":\"Audi R8 4.2 FSI V8\"}]},{\"@type\":\"WebSite\",\"@id\":\"https:\/\/pistonaddict.com\/sv\/#website\",\"url\":\"https:\/\/pistonaddict.com\/sv\/\",\"name\":\"Piston Addict\",\"description\":\"Only interesting vehicles\",\"publisher\":{\"@id\":\"https:\/\/pistonaddict.com\/sv\/#organization\"},\"potentialAction\":[{\"@type\":\"SearchAction\",\"target\":{\"@type\":\"EntryPoint\",\"urlTemplate\":\"https:\/\/pistonaddict.com\/sv\/?s={search_term_string}\"},\"query-input\":\"required name=search_term_string\"}],\"inLanguage\":\"sv-SE\"},{\"@type\":\"Organization\",\"@id\":\"https:\/\/pistonaddict.com\/sv\/#organization\",\"name\":\"Piston Addict\",\"url\":\"https:\/\/pistonaddict.com\/sv\/\",\"logo\":{\"@type\":\"ImageObject\",\"inLanguage\":\"sv-SE\",\"@id\":\"https:\/\/pistonaddict.com\/sv\/#\/schema\/logo\/image\/\",\"url\":\"https:\/\/pistonaddict.com\/wp-content\/uploads\/2022\/07\/logo-6.png\",\"contentUrl\":\"https:\/\/pistonaddict.com\/wp-content\/uploads\/2022\/07\/logo-6.png\",\"width\":970,\"height\":200,\"caption\":\"Piston Addict\"},\"image\":{\"@id\":\"https:\/\/pistonaddict.com\/sv\/#\/schema\/logo\/image\/\"}}]}<\/script>\n<!-- \/ Yoast SEO plugin. -->","yoast_head_json":{"title":"Audi R8 4.2 FSI V8 auktion - Piston Addict","description":"Denna Audi R8 \u00e4r 2014 \u00e5rs modell, vilket inneb\u00e4r att det \u00e4r en senare och mer \u00e5tr\u00e5v\u00e4rd version som har f\u00e5tt en liten ny stil, b\u00e4ttre funktioner och f\u00f6rfinad mekanik. Kraften kommer fr\u00e5n en 4,2-liters FSI V8-motor, som levererar 430 hk och skickar dem till alla fyra hjulen via en 7-v\u00e4xlad S Tronic automatisk dubbelkopplingsl\u00e5da.","robots":{"index":"index","follow":"follow","max-snippet":"max-snippet:-1","max-image-preview":"max-image-preview:large","max-video-preview":"max-video-preview:-1"},"canonical":"https:\/\/pistonaddict.com\/sv\/product\/audi-r8-4-2-fsi-v8\/","og_locale":"sv_SE","og_type":"article","og_title":"Audi R8 4.2 FSI V8 auktion - Piston Addict","og_description":"Denna Audi R8 \u00e4r 2014 \u00e5rs modell, vilket inneb\u00e4r att det \u00e4r en senare och mer \u00e5tr\u00e5v\u00e4rd version som har f\u00e5tt en liten ny stil, b\u00e4ttre funktioner och f\u00f6rfinad mekanik. Kraften kommer fr\u00e5n en 4,2-liters FSI V8-motor, som levererar 430 hk och skickar dem till alla fyra hjulen via en 7-v\u00e4xlad S Tronic automatisk dubbelkopplingsl\u00e5da.","og_url":"https:\/\/pistonaddict.com\/sv\/product\/audi-r8-4-2-fsi-v8\/","og_site_name":"Piston Addict","article_modified_time":"2024-03-20T08:15:57+00:00","og_image":[{"width":1024,"height":683,"url":"https:\/\/pistonaddict.com\/wp-content\/uploads\/2023\/06\/foto-5.jpg","type":"image\/jpeg"}],"twitter_card":"summary_large_image","twitter_misc":{"Ber\u00e4knad l\u00e4stid":"3 minuter"},"schema":{"@context":"https:\/\/schema.org","@graph":[{"@type":"WebPage","@id":"https:\/\/pistonaddict.com\/sv\/product\/audi-r8-4-2-fsi-v8\/","url":"https:\/\/pistonaddict.com\/sv\/product\/audi-r8-4-2-fsi-v8\/","name":"Audi R8 4.2 FSI V8 auktion - Piston Addict","isPartOf":{"@id":"https:\/\/pistonaddict.com\/sv\/#website"},"primaryImageOfPage":{"@id":"https:\/\/pistonaddict.com\/sv\/product\/audi-r8-4-2-fsi-v8\/#primaryimage"},"image":{"@id":"https:\/\/pistonaddict.com\/sv\/product\/audi-r8-4-2-fsi-v8\/#primaryimage"},"thumbnailUrl":"https:\/\/pistonaddict.com\/wp-content\/uploads\/2023\/06\/foto-5.jpg","datePublished":"2023-06-12T12:22:37+00:00","dateModified":"2024-03-20T08:15:57+00:00","description":"Denna Audi R8 \u00e4r 2014 \u00e5rs modell, vilket inneb\u00e4r att det \u00e4r en senare och mer \u00e5tr\u00e5v\u00e4rd version som har f\u00e5tt en liten ny stil, b\u00e4ttre funktioner och f\u00f6rfinad mekanik. Kraften kommer fr\u00e5n en 4,2-liters FSI V8-motor, som levererar 430 hk och skickar dem till alla fyra hjulen via en 7-v\u00e4xlad S Tronic automatisk dubbelkopplingsl\u00e5da.","breadcrumb":{"@id":"https:\/\/pistonaddict.com\/sv\/product\/audi-r8-4-2-fsi-v8\/#breadcrumb"},"inLanguage":"sv-SE","potentialAction":[{"@type":"ReadAction","target":["https:\/\/pistonaddict.com\/sv\/product\/audi-r8-4-2-fsi-v8\/"]}]},{"@type":"ImageObject","inLanguage":"sv-SE","@id":"https:\/\/pistonaddict.com\/sv\/product\/audi-r8-4-2-fsi-v8\/#primaryimage","url":"https:\/\/pistonaddict.com\/wp-content\/uploads\/2023\/06\/foto-5.jpg","contentUrl":"https:\/\/pistonaddict.com\/wp-content\/uploads\/2023\/06\/foto-5.jpg","width":1024,"height":683},{"@type":"BreadcrumbList","@id":"https:\/\/pistonaddict.com\/sv\/product\/audi-r8-4-2-fsi-v8\/#breadcrumb","itemListElement":[{"@type":"ListItem","position":1,"name":"Hemsida","item":"https:\/\/pistonaddict.com\/sv\/hemsidan\/"},{"@type":"ListItem","position":2,"name":"Auctions","item":"https:\/\/pistonaddict.com\/auctions-listing\/"},{"@type":"ListItem","position":3,"name":"Audi R8 4.2 FSI V8"}]},{"@type":"WebSite","@id":"https:\/\/pistonaddict.com\/sv\/#website","url":"https:\/\/pistonaddict.com\/sv\/","name":"Piston Addict","description":"Only interesting vehicles","publisher":{"@id":"https:\/\/pistonaddict.com\/sv\/#organization"},"potentialAction":[{"@type":"SearchAction","target":{"@type":"EntryPoint","urlTemplate":"https:\/\/pistonaddict.com\/sv\/?s={search_term_string}"},"query-input":"required name=search_term_string"}],"inLanguage":"sv-SE"},{"@type":"Organization","@id":"https:\/\/pistonaddict.com\/sv\/#organization","name":"Piston Addict","url":"https:\/\/pistonaddict.com\/sv\/","logo":{"@type":"ImageObject","inLanguage":"sv-SE","@id":"https:\/\/pistonaddict.com\/sv\/#\/schema\/logo\/image\/","url":"https:\/\/pistonaddict.com\/wp-content\/uploads\/2022\/07\/logo-6.png","contentUrl":"https:\/\/pistonaddict.com\/wp-content\/uploads\/2022\/07\/logo-6.png","width":970,"height":200,"caption":"Piston Addict"},"image":{"@id":"https:\/\/pistonaddict.com\/sv\/#\/schema\/logo\/image\/"}}]}},"_links":{"self":[{"href":"https:\/\/pistonaddict.com\/sv\/wp-json\/wp\/v2\/product\/41974"}],"collection":[{"href":"https:\/\/pistonaddict.com\/sv\/wp-json\/wp\/v2\/product"}],"about":[{"href":"https:\/\/pistonaddict.com\/sv\/wp-json\/wp\/v2\/types\/product"}],"replies":[{"embeddable":true,"href":"https:\/\/pistonaddict.com\/sv\/wp-json\/wp\/v2\/comments?post=41974"}],"wp:featuredmedia":[{"embeddable":true,"href":"https:\/\/pistonaddict.com\/sv\/wp-json\/wp\/v2\/media\/41850"}],"wp:attachment":[{"href":"https:\/\/pistonaddict.com\/sv\/wp-json\/wp\/v2\/media?parent=41974"}],"wp:term":[{"taxonomy":"product_cat","embeddable":true,"href":"https:\/\/pistonaddict.com\/sv\/wp-json\/wp\/v2\/product_cat?post=41974"},{"taxonomy":"product_tag","embeddable":true,"href":"https:\/\/pistonaddict.com\/sv\/wp-json\/wp\/v2\/product_tag?post=41974"}],"curies":[{"name":"wp","href":"https:\/\/api.w.org\/{rel}","templated":true}]}}