{"id":39224,"date":"2023-04-19T17:31:19","date_gmt":"2023-04-19T15:31:19","guid":{"rendered":"https:\/\/pistonaddict.com\/product\/mclaren-720s\/"},"modified":"2024-03-19T17:52:32","modified_gmt":"2024-03-19T16:52:32","slug":"mclaren-720s","status":"publish","type":"product","link":"https:\/\/pistonaddict.com\/sv\/product\/mclaren-720s\/","title":{"rendered":"McLaren 720S"},"content":{"rendered":"<h2>Exteri\u00f6r<\/h2>\n<p>McLaren 720S som \u00e4r m\u00e5lad i orange kommer garanterat att f\u00e5 folk att se den \u00f6verallt d\u00e4r den dyker upp. Men den skulle vara likadan i vilken annan f\u00e4rg som helst, tack vare den fantastiska, hajinspirerade designen. Med en aggressiv front, en str\u00f6mlinjeformad siluett och praktiska men roliga fj\u00e4rilsd\u00f6rrar \u00e4r den imponerande fr\u00e5n alla vinklar. Detta inkluderar massiva luftkullar p\u00e5 sidorna, en n\u00e4tkl\u00e4dd motorrum som lyser n\u00e4r t\u00e4ndningen \u00e4r p\u00e5 och en bakre spoiler som dyker upp n\u00e4r du bromsar h\u00e5rt. Bromsningen sker med massiva keramiska skivor som sitter bakom bilens svarta 19-tums hjul med Pirelli P Zero-d\u00e4ck.<\/p>\n<p>\u00c4nd\u00e5 ser den h\u00e4r tv\u00e5sitsiga bilen inte ut som den g\u00f6r bara f\u00f6r showen, eftersom de flesta av kroppens former \u00e4r skulpterade f\u00f6r att f\u00f6rb\u00e4ttra aerodynamiken och generera downforce. McLaren 720S visar att form och funktion kan f\u00f6renas i perfekt harmoni.<\/p>\n<h2>Interi\u00f6r<\/h2>\n<p>McLarens interi\u00f6r i Alcantara och kolfiber avsl\u00f6jar ytterligare hur sp\u00e5rorienterad den h\u00e4r bilen \u00e4r. Det f\u00f6rsta \u00e4r ett par sportiga s\u00e4ten som \u00e4r utformade f\u00f6r att h\u00e5lla f\u00f6raren och passageraren fastsp\u00e4nda i skarpa kurvor. Sedan finns det en trespakad l\u00e4derkl\u00e4dd ratt som ramar in ett digitalt instrumentkluster. I standardl\u00e4ge visas olika motor- och fordonsparametrar, t.ex. hastighet och motortemperatur. Men n\u00e4r Track-l\u00e4get \u00e4r aktiverat lutar hela systemet ned\u00e5t och avsl\u00f6jar en liten display i toppen som bara visar varvr\u00e4knaren, hastigheten och den valda v\u00e4xeln. Slutligen \u00e4r mittkonsolen sparsam men \u00e4nd\u00e5 funktionellt utrustad med viktiga rattar och knappar, tillsammans med en f\u00f6rarorienterad touchscreen-display i mitten.<\/p>\n<h2>Mekanik<\/h2>\n<p>Under den eleganta och aerodynamiskt formade skalet har 720S ett kolfibermonocoquechassi som McLaren kallar MonoCage. Den h\u00e4r F1-inspirerade strukturen \u00e4r inte bara l\u00e4tt, utan ocks\u00e5 extremt styv, vilket minskar kroppens b\u00f6jning vid tunga kurvtagningar.<\/p>\n<p>Hj\u00e4rtat i varje supersportbil \u00e4r motorn, som i McLaren \u00e4r monterad precis bakom s\u00e4tena. I fabriksutf\u00f6rande utvecklar den dubbelturboladdade V8:an som g\u00f6mmer sig d\u00e4r 720 h\u00e4stkrafter, det tal som bilen har f\u00e5tt sitt namn av, och ett h\u00e4pnadsv\u00e4ckande vridmoment p\u00e5 770 Nm. Kraften skickas till bakhjulen via en snabb 7-v\u00e4xlad dubbelkopplingsl\u00e5da.<\/p>\n<p>Och allt detta i en bil som bara v\u00e4ger 1 400 kg \u00e4r mer \u00e4n tillr\u00e4ckligt f\u00f6r \u00f6verl\u00e4gsen hantering och prestanda. I siffror inneb\u00e4r det en acceleration fr\u00e5n 0 till 60 sekunder p\u00e5 2,9 sekunder och en topphastighet p\u00e5 212 miles per timme. Men det h\u00e4r \u00e4r inte en vanlig fabriksanpassad McLaren 720S. I st\u00e4llet har \u00e4garen utrustat den med en Litchfield Custom Tune som h\u00f6jer motorns effekt till 800 h\u00e4stkrafter.<\/p>\n<h2>Fordonets historia<\/h2>\n<p>S\u00e4ljaren uppger att allt underh\u00e5llsarbete utf\u00f6rdes regelbundet, med den senaste servicen gjord i oktober 2022. F\u00f6r n\u00e4rvarande finns det inga k\u00e4nda fel eller varningar p\u00e5 instrumentpanelen. Dessutom finns det inga brister i karosseriet att rapportera, vilket framg\u00e5r av de medf\u00f6ljande bilderna.<\/p>\n","protected":false},"excerpt":{"rendered":"<p>H\u00e4r s\u00e4ljs McLaren 720S, som utan tvekan \u00e4r en av de b\u00e4sta bilarna i sin klass. Med en turboladdad V8-motor och toppmodern fj\u00e4dring \u00e4r den h\u00e4r kup\u00e9n otroligt snabb p\u00e5 rakstr\u00e4ckor och i kurvor. Enligt den professionella s\u00e4ljaren som auktionerar ut den \u00e4r denna 2017 McLaren 720S oklanderlig, helt servad och har inte varit inblandad i n\u00e5gra olyckor. Hittills har den k\u00f6rt lite mer \u00e4n 4 000 mil och befinner sig f\u00f6r n\u00e4rvarande i Storbritannien.<\/p>\n","protected":false},"featured_media":39168,"comment_status":"open","ping_status":"closed","template":"","meta":{"inline_featured_image":false},"product_cat":[730],"product_tag":[1657,1652,922,1647],"acf":[],"yoast_head":"<!-- This site is optimized with the Yoast SEO plugin v22.5 - https:\/\/yoast.com\/wordpress\/plugins\/seo\/ -->\n<title>McLaren 720S auktion - Piston Addict<\/title>\n<meta name=\"description\" content=\"Kolla in denna McLaren 720S p\u00e5 auktion p\u00e5 PistonAddict.com\" \/>\n<meta name=\"robots\" content=\"index, follow, max-snippet:-1, max-image-preview:large, max-video-preview:-1\" \/>\n<link rel=\"canonical\" href=\"https:\/\/pistonaddict.com\/sv\/product\/mclaren-720s\/\" \/>\n<meta property=\"og:locale\" content=\"sv_SE\" \/>\n<meta property=\"og:type\" content=\"article\" \/>\n<meta property=\"og:title\" content=\"McLaren 720S auktion - Piston Addict\" \/>\n<meta property=\"og:description\" content=\"Kolla in denna McLaren 720S p\u00e5 auktion p\u00e5 PistonAddict.com\" \/>\n<meta property=\"og:url\" content=\"https:\/\/pistonaddict.com\/sv\/product\/mclaren-720s\/\" \/>\n<meta property=\"og:site_name\" content=\"Piston Addict\" \/>\n<meta property=\"article:modified_time\" content=\"2024-03-19T16:52:32+00:00\" \/>\n<meta property=\"og:image\" content=\"https:\/\/pistonaddict.com\/wp-content\/uploads\/2023\/04\/LuxurycarLondonApril11PistonAddict_0851-scaled.jpg\" \/>\n\t<meta property=\"og:image:width\" content=\"2560\" \/>\n\t<meta property=\"og:image:height\" content=\"1534\" \/>\n\t<meta property=\"og:image:type\" content=\"image\/jpeg\" \/>\n<meta name=\"twitter:card\" content=\"summary_large_image\" \/>\n<meta name=\"twitter:label1\" content=\"Ber\u00e4knad l\u00e4stid\" \/>\n\t<meta name=\"twitter:data1\" content=\"3 minuter\" \/>\n<script type=\"application\/ld+json\" class=\"yoast-schema-graph\">{\"@context\":\"https:\/\/schema.org\",\"@graph\":[{\"@type\":\"WebPage\",\"@id\":\"https:\/\/pistonaddict.com\/sv\/product\/mclaren-720s\/\",\"url\":\"https:\/\/pistonaddict.com\/sv\/product\/mclaren-720s\/\",\"name\":\"McLaren 720S auktion - Piston Addict\",\"isPartOf\":{\"@id\":\"https:\/\/pistonaddict.com\/sv\/#website\"},\"primaryImageOfPage\":{\"@id\":\"https:\/\/pistonaddict.com\/sv\/product\/mclaren-720s\/#primaryimage\"},\"image\":{\"@id\":\"https:\/\/pistonaddict.com\/sv\/product\/mclaren-720s\/#primaryimage\"},\"thumbnailUrl\":\"https:\/\/pistonaddict.com\/wp-content\/uploads\/2023\/04\/LuxurycarLondonApril11PistonAddict_0851-scaled.jpg\",\"datePublished\":\"2023-04-19T15:31:19+00:00\",\"dateModified\":\"2024-03-19T16:52:32+00:00\",\"description\":\"Kolla in denna McLaren 720S p\u00e5 auktion p\u00e5 PistonAddict.com\",\"breadcrumb\":{\"@id\":\"https:\/\/pistonaddict.com\/sv\/product\/mclaren-720s\/#breadcrumb\"},\"inLanguage\":\"sv-SE\",\"potentialAction\":[{\"@type\":\"ReadAction\",\"target\":[\"https:\/\/pistonaddict.com\/sv\/product\/mclaren-720s\/\"]}]},{\"@type\":\"ImageObject\",\"inLanguage\":\"sv-SE\",\"@id\":\"https:\/\/pistonaddict.com\/sv\/product\/mclaren-720s\/#primaryimage\",\"url\":\"https:\/\/pistonaddict.com\/wp-content\/uploads\/2023\/04\/LuxurycarLondonApril11PistonAddict_0851-scaled.jpg\",\"contentUrl\":\"https:\/\/pistonaddict.com\/wp-content\/uploads\/2023\/04\/LuxurycarLondonApril11PistonAddict_0851-scaled.jpg\",\"width\":2560,\"height\":1534},{\"@type\":\"BreadcrumbList\",\"@id\":\"https:\/\/pistonaddict.com\/sv\/product\/mclaren-720s\/#breadcrumb\",\"itemListElement\":[{\"@type\":\"ListItem\",\"position\":1,\"name\":\"Hemsida\",\"item\":\"https:\/\/pistonaddict.com\/sv\/hemsidan\/\"},{\"@type\":\"ListItem\",\"position\":2,\"name\":\"Auctions\",\"item\":\"https:\/\/pistonaddict.com\/auctions-listing\/\"},{\"@type\":\"ListItem\",\"position\":3,\"name\":\"McLaren 720S\"}]},{\"@type\":\"WebSite\",\"@id\":\"https:\/\/pistonaddict.com\/sv\/#website\",\"url\":\"https:\/\/pistonaddict.com\/sv\/\",\"name\":\"Piston Addict\",\"description\":\"Only interesting vehicles\",\"publisher\":{\"@id\":\"https:\/\/pistonaddict.com\/sv\/#organization\"},\"potentialAction\":[{\"@type\":\"SearchAction\",\"target\":{\"@type\":\"EntryPoint\",\"urlTemplate\":\"https:\/\/pistonaddict.com\/sv\/?s={search_term_string}\"},\"query-input\":\"required name=search_term_string\"}],\"inLanguage\":\"sv-SE\"},{\"@type\":\"Organization\",\"@id\":\"https:\/\/pistonaddict.com\/sv\/#organization\",\"name\":\"Piston Addict\",\"url\":\"https:\/\/pistonaddict.com\/sv\/\",\"logo\":{\"@type\":\"ImageObject\",\"inLanguage\":\"sv-SE\",\"@id\":\"https:\/\/pistonaddict.com\/sv\/#\/schema\/logo\/image\/\",\"url\":\"https:\/\/pistonaddict.com\/wp-content\/uploads\/2022\/07\/logo-6.png\",\"contentUrl\":\"https:\/\/pistonaddict.com\/wp-content\/uploads\/2022\/07\/logo-6.png\",\"width\":970,\"height\":200,\"caption\":\"Piston Addict\"},\"image\":{\"@id\":\"https:\/\/pistonaddict.com\/sv\/#\/schema\/logo\/image\/\"}}]}<\/script>\n<!-- \/ Yoast SEO plugin. -->","yoast_head_json":{"title":"McLaren 720S auktion - Piston Addict","description":"Kolla in denna McLaren 720S p\u00e5 auktion p\u00e5 PistonAddict.com","robots":{"index":"index","follow":"follow","max-snippet":"max-snippet:-1","max-image-preview":"max-image-preview:large","max-video-preview":"max-video-preview:-1"},"canonical":"https:\/\/pistonaddict.com\/sv\/product\/mclaren-720s\/","og_locale":"sv_SE","og_type":"article","og_title":"McLaren 720S auktion - Piston Addict","og_description":"Kolla in denna McLaren 720S p\u00e5 auktion p\u00e5 PistonAddict.com","og_url":"https:\/\/pistonaddict.com\/sv\/product\/mclaren-720s\/","og_site_name":"Piston Addict","article_modified_time":"2024-03-19T16:52:32+00:00","og_image":[{"width":2560,"height":1534,"url":"https:\/\/pistonaddict.com\/wp-content\/uploads\/2023\/04\/LuxurycarLondonApril11PistonAddict_0851-scaled.jpg","type":"image\/jpeg"}],"twitter_card":"summary_large_image","twitter_misc":{"Ber\u00e4knad l\u00e4stid":"3 minuter"},"schema":{"@context":"https:\/\/schema.org","@graph":[{"@type":"WebPage","@id":"https:\/\/pistonaddict.com\/sv\/product\/mclaren-720s\/","url":"https:\/\/pistonaddict.com\/sv\/product\/mclaren-720s\/","name":"McLaren 720S auktion - Piston Addict","isPartOf":{"@id":"https:\/\/pistonaddict.com\/sv\/#website"},"primaryImageOfPage":{"@id":"https:\/\/pistonaddict.com\/sv\/product\/mclaren-720s\/#primaryimage"},"image":{"@id":"https:\/\/pistonaddict.com\/sv\/product\/mclaren-720s\/#primaryimage"},"thumbnailUrl":"https:\/\/pistonaddict.com\/wp-content\/uploads\/2023\/04\/LuxurycarLondonApril11PistonAddict_0851-scaled.jpg","datePublished":"2023-04-19T15:31:19+00:00","dateModified":"2024-03-19T16:52:32+00:00","description":"Kolla in denna McLaren 720S p\u00e5 auktion p\u00e5 PistonAddict.com","breadcrumb":{"@id":"https:\/\/pistonaddict.com\/sv\/product\/mclaren-720s\/#breadcrumb"},"inLanguage":"sv-SE","potentialAction":[{"@type":"ReadAction","target":["https:\/\/pistonaddict.com\/sv\/product\/mclaren-720s\/"]}]},{"@type":"ImageObject","inLanguage":"sv-SE","@id":"https:\/\/pistonaddict.com\/sv\/product\/mclaren-720s\/#primaryimage","url":"https:\/\/pistonaddict.com\/wp-content\/uploads\/2023\/04\/LuxurycarLondonApril11PistonAddict_0851-scaled.jpg","contentUrl":"https:\/\/pistonaddict.com\/wp-content\/uploads\/2023\/04\/LuxurycarLondonApril11PistonAddict_0851-scaled.jpg","width":2560,"height":1534},{"@type":"BreadcrumbList","@id":"https:\/\/pistonaddict.com\/sv\/product\/mclaren-720s\/#breadcrumb","itemListElement":[{"@type":"ListItem","position":1,"name":"Hemsida","item":"https:\/\/pistonaddict.com\/sv\/hemsidan\/"},{"@type":"ListItem","position":2,"name":"Auctions","item":"https:\/\/pistonaddict.com\/auctions-listing\/"},{"@type":"ListItem","position":3,"name":"McLaren 720S"}]},{"@type":"WebSite","@id":"https:\/\/pistonaddict.com\/sv\/#website","url":"https:\/\/pistonaddict.com\/sv\/","name":"Piston Addict","description":"Only interesting vehicles","publisher":{"@id":"https:\/\/pistonaddict.com\/sv\/#organization"},"potentialAction":[{"@type":"SearchAction","target":{"@type":"EntryPoint","urlTemplate":"https:\/\/pistonaddict.com\/sv\/?s={search_term_string}"},"query-input":"required name=search_term_string"}],"inLanguage":"sv-SE"},{"@type":"Organization","@id":"https:\/\/pistonaddict.com\/sv\/#organization","name":"Piston Addict","url":"https:\/\/pistonaddict.com\/sv\/","logo":{"@type":"ImageObject","inLanguage":"sv-SE","@id":"https:\/\/pistonaddict.com\/sv\/#\/schema\/logo\/image\/","url":"https:\/\/pistonaddict.com\/wp-content\/uploads\/2022\/07\/logo-6.png","contentUrl":"https:\/\/pistonaddict.com\/wp-content\/uploads\/2022\/07\/logo-6.png","width":970,"height":200,"caption":"Piston Addict"},"image":{"@id":"https:\/\/pistonaddict.com\/sv\/#\/schema\/logo\/image\/"}}]}},"_links":{"self":[{"href":"https:\/\/pistonaddict.com\/sv\/wp-json\/wp\/v2\/product\/39224"}],"collection":[{"href":"https:\/\/pistonaddict.com\/sv\/wp-json\/wp\/v2\/product"}],"about":[{"href":"https:\/\/pistonaddict.com\/sv\/wp-json\/wp\/v2\/types\/product"}],"replies":[{"embeddable":true,"href":"https:\/\/pistonaddict.com\/sv\/wp-json\/wp\/v2\/comments?post=39224"}],"wp:featuredmedia":[{"embeddable":true,"href":"https:\/\/pistonaddict.com\/sv\/wp-json\/wp\/v2\/media\/39168"}],"wp:attachment":[{"href":"https:\/\/pistonaddict.com\/sv\/wp-json\/wp\/v2\/media?parent=39224"}],"wp:term":[{"taxonomy":"product_cat","embeddable":true,"href":"https:\/\/pistonaddict.com\/sv\/wp-json\/wp\/v2\/product_cat?post=39224"},{"taxonomy":"product_tag","embeddable":true,"href":"https:\/\/pistonaddict.com\/sv\/wp-json\/wp\/v2\/product_tag?post=39224"}],"curies":[{"name":"wp","href":"https:\/\/api.w.org\/{rel}","templated":true}]}}