{"id":37947,"date":"2023-04-19T16:55:04","date_gmt":"2023-04-19T14:55:04","guid":{"rendered":"https:\/\/pistonaddict.com\/product\/ferrari-412\/"},"modified":"2024-03-19T17:50:34","modified_gmt":"2024-03-19T16:50:34","slug":"ferrari-412","status":"publish","type":"product","link":"https:\/\/pistonaddict.com\/sv\/product\/ferrari-412\/","title":{"rendered":"Ferrari 412"},"content":{"rendered":"<p><strong>Bilens historia<\/strong><\/p>\n<p>Ferrari 412 introducerades 1985 som f\u00f6retagets b\u00e4sta GT-produkt, med plats f\u00f6r fyra passagerare och ett rymligt bagageutrymme. Den drivs av den klassiska Colombo V12-motorn p\u00e5 4,9 liter och \u00e4r en av de sista versionerna av den klassiska Ferrari GT-eran. Med 340 h\u00e4stkrafter som driver bakhjulen via Borg-Warner automatl\u00e5da kan denna Ferrari 412 n\u00e5 100 km\/h p\u00e5 bara 6,5 sekunder och accelerera hela v\u00e4gen till 260 km\/h toppfart. Det h\u00e4r exemplaret \u00e4r ett av de sista som tillverkades och levererades till den f\u00f6rsta \u00e4garen i november 1988. Produktionen upph\u00f6rde 1989 efter att 576 bilar hade levererats, varav endast 306 med automatisk v\u00e4xell\u00e5da. Den senaste servicen utf\u00f6rdes i april 2021 och bilen har knappt anv\u00e4nts sedan dess.<\/p>\n<p><strong>Bilens skick<\/strong><\/p>\n<p>Det som g\u00f6r denna eleganta GT s\u00e5 tilltalande \u00e4r dess skick. Med mindre \u00e4n 37 000 kilometer fr\u00e5n den nya bilen \u00e4r den ett perfekt bevarat exempel p\u00e5 80-talets Ferrari-elegans. Den h\u00e4r bilen har aldrig renoverats och \u00e4r i ett anm\u00e4rkningsv\u00e4rt originalskick, med originalhjul, verktygsl\u00e5da (en uppskattad detalj bland Ferrari-samlare) och fabriksanpassade d\u00e4ck, vilket \u00e4r ganska ovanligt nuf\u00f6rtiden. Den h\u00e4r Ferrari 412 har underh\u00e5llits p\u00e5 l\u00e4mpligt s\u00e4tt och h\u00e5llits i garage, vilket \u00e4r en av anledningarna till att den ser ut som ny. Det finns inga oljel\u00e4ckage i underredet, motorrummet \u00e4r snyggt och alla originalst\u00e4mplar och m\u00e4rkningar finns kvar.<\/p>\n<p><strong>Interi\u00f6r<\/strong><\/p>\n<p>Som v\u00e4ntat \u00e4r interi\u00f6ren i denna Ferrari 412 fr\u00e5n 1988 kl\u00e4dd i l\u00e4der, och en f\u00e4rgkombination av svart exteri\u00f6r och bruna s\u00e4ten \u00e4r s\u00e4rskilt tilltalande. Det finns inga synliga skador, och s\u00e4tena, d\u00f6rrkorten och instrumentbr\u00e4dan \u00e4r i oklanderligt skick. Som en lyxig GT, vilket denna Ferrari 412 verkligen \u00e4r, \u00e4r interi\u00f6ren naturligtvis full av bekv\u00e4mligheter, kraftfulla tillbeh\u00f6r och fungerande klimatkontroll. Det enda som inte \u00e4r original \u00e4r ljudanl\u00e4ggningen som har bytts ut mot en modern enhet.<\/p>\n<p><strong>Exteri\u00f6r och hjul<\/strong><\/p>\n<p>Alla yttre detaljer, lister och plastkomponenter ser ut att vara i perfekt skick och det finns ingen rost, vilket man kan f\u00f6rv\u00e4nta sig av ett fordon som har sk\u00f6tts v\u00e4l. Det finns inga repor eller repor, och f\u00e4rgen \u00e4r i perfekt skick. Intressant nog har bilen kvar originalhjulen och TRX-gummit som den hade n\u00e4r den var ny. En del av Ferrari 412-\u00e4garna bytte ut hjulen mot modernare eftersom TRX-d\u00e4ck \u00e4r sv\u00e5ra att hitta, men \u00e4garen till det h\u00e4r exemplaret h\u00f6ll sig till originalspecifikationen, vilket \u00e4r en fin detalj och visar hur v\u00e4l bilen sk\u00f6ttes.<\/p>\n<p><strong>Dokumentation<\/strong><\/p>\n<p>Detta \u00e4r ett privat\u00e4gt fordon med l\u00e4mplig dokumentation som finns i London, Storbritannien. CarVertical-rapporten \u00e4r ren; det finns inga bevis p\u00e5 olyckor, reparationer av olyckor eller juridiska problem. Det finns dokumentation om regelbundet underh\u00e5ll.<\/p>\n","protected":false},"excerpt":{"rendered":"<p>Ferraris V12-GT:er har alltid varit sublima k\u00f6rmaskiner som kan hoppa \u00f6ver kontinenter i h\u00f6g hastighet och erbjuda imponerande komfort, och den h\u00e4r 412:an fr\u00e5n 1988 \u00e4r inte annorlunda. Den eftertraktade sena modellen har alla ingredienser f\u00f6r en utm\u00e4rkt investering Ferrari med en kraftfull V12-motor, perfekt f\u00e4rgkombination och ett oklanderligt skick med bara 37 000 kilometer fr\u00e5n nyskick.<\/p>\n","protected":false},"featured_media":37889,"comment_status":"open","ping_status":"closed","template":"","meta":{"inline_featured_image":false},"product_cat":[730],"product_tag":[1572,1579,922,1576],"acf":[],"yoast_head":"<!-- This site is optimized with the Yoast SEO plugin v22.5 - https:\/\/yoast.com\/wordpress\/plugins\/seo\/ -->\n<title>Ferrari 412 auktion - Piston Addict<\/title>\n<meta name=\"description\" content=\"Kolla in denna Ferrari 412 till salu p\u00e5 PistonAddict.com med automatisk v\u00e4xell\u00e5da och endast 36 971 km.\" \/>\n<meta name=\"robots\" content=\"index, follow, max-snippet:-1, max-image-preview:large, max-video-preview:-1\" \/>\n<link rel=\"canonical\" href=\"https:\/\/pistonaddict.com\/sv\/product\/ferrari-412\/\" \/>\n<meta property=\"og:locale\" content=\"sv_SE\" \/>\n<meta property=\"og:type\" content=\"article\" \/>\n<meta property=\"og:title\" content=\"Ferrari 412 auktion - Piston Addict\" \/>\n<meta property=\"og:description\" content=\"Kolla in denna Ferrari 412 till salu p\u00e5 PistonAddict.com med automatisk v\u00e4xell\u00e5da och endast 36 971 km.\" \/>\n<meta property=\"og:url\" content=\"https:\/\/pistonaddict.com\/sv\/product\/ferrari-412\/\" \/>\n<meta property=\"og:site_name\" content=\"Piston Addict\" \/>\n<meta property=\"article:modified_time\" content=\"2024-03-19T16:50:34+00:00\" \/>\n<meta property=\"og:image\" content=\"https:\/\/pistonaddict.com\/wp-content\/uploads\/2023\/04\/LuxurycarLondonApril11PistonAddict_0358-scaled.jpg\" \/>\n\t<meta property=\"og:image:width\" content=\"2560\" \/>\n\t<meta property=\"og:image:height\" content=\"1737\" \/>\n\t<meta property=\"og:image:type\" content=\"image\/jpeg\" \/>\n<meta name=\"twitter:card\" content=\"summary_large_image\" \/>\n<meta name=\"twitter:label1\" content=\"Ber\u00e4knad l\u00e4stid\" \/>\n\t<meta name=\"twitter:data1\" content=\"2 minuter\" \/>\n<script type=\"application\/ld+json\" class=\"yoast-schema-graph\">{\"@context\":\"https:\/\/schema.org\",\"@graph\":[{\"@type\":\"WebPage\",\"@id\":\"https:\/\/pistonaddict.com\/sv\/product\/ferrari-412\/\",\"url\":\"https:\/\/pistonaddict.com\/sv\/product\/ferrari-412\/\",\"name\":\"Ferrari 412 auktion - Piston Addict\",\"isPartOf\":{\"@id\":\"https:\/\/pistonaddict.com\/sv\/#website\"},\"primaryImageOfPage\":{\"@id\":\"https:\/\/pistonaddict.com\/sv\/product\/ferrari-412\/#primaryimage\"},\"image\":{\"@id\":\"https:\/\/pistonaddict.com\/sv\/product\/ferrari-412\/#primaryimage\"},\"thumbnailUrl\":\"https:\/\/pistonaddict.com\/wp-content\/uploads\/2023\/04\/LuxurycarLondonApril11PistonAddict_0358-scaled.jpg\",\"datePublished\":\"2023-04-19T14:55:04+00:00\",\"dateModified\":\"2024-03-19T16:50:34+00:00\",\"description\":\"Kolla in denna Ferrari 412 till salu p\u00e5 PistonAddict.com med automatisk v\u00e4xell\u00e5da och endast 36 971 km.\",\"breadcrumb\":{\"@id\":\"https:\/\/pistonaddict.com\/sv\/product\/ferrari-412\/#breadcrumb\"},\"inLanguage\":\"sv-SE\",\"potentialAction\":[{\"@type\":\"ReadAction\",\"target\":[\"https:\/\/pistonaddict.com\/sv\/product\/ferrari-412\/\"]}]},{\"@type\":\"ImageObject\",\"inLanguage\":\"sv-SE\",\"@id\":\"https:\/\/pistonaddict.com\/sv\/product\/ferrari-412\/#primaryimage\",\"url\":\"https:\/\/pistonaddict.com\/wp-content\/uploads\/2023\/04\/LuxurycarLondonApril11PistonAddict_0358-scaled.jpg\",\"contentUrl\":\"https:\/\/pistonaddict.com\/wp-content\/uploads\/2023\/04\/LuxurycarLondonApril11PistonAddict_0358-scaled.jpg\",\"width\":2560,\"height\":1737},{\"@type\":\"BreadcrumbList\",\"@id\":\"https:\/\/pistonaddict.com\/sv\/product\/ferrari-412\/#breadcrumb\",\"itemListElement\":[{\"@type\":\"ListItem\",\"position\":1,\"name\":\"Hemsida\",\"item\":\"https:\/\/pistonaddict.com\/sv\/hemsidan\/\"},{\"@type\":\"ListItem\",\"position\":2,\"name\":\"Auctions\",\"item\":\"https:\/\/pistonaddict.com\/auctions-listing\/\"},{\"@type\":\"ListItem\",\"position\":3,\"name\":\"Ferrari 412\"}]},{\"@type\":\"WebSite\",\"@id\":\"https:\/\/pistonaddict.com\/sv\/#website\",\"url\":\"https:\/\/pistonaddict.com\/sv\/\",\"name\":\"Piston Addict\",\"description\":\"Only interesting vehicles\",\"publisher\":{\"@id\":\"https:\/\/pistonaddict.com\/sv\/#organization\"},\"potentialAction\":[{\"@type\":\"SearchAction\",\"target\":{\"@type\":\"EntryPoint\",\"urlTemplate\":\"https:\/\/pistonaddict.com\/sv\/?s={search_term_string}\"},\"query-input\":\"required name=search_term_string\"}],\"inLanguage\":\"sv-SE\"},{\"@type\":\"Organization\",\"@id\":\"https:\/\/pistonaddict.com\/sv\/#organization\",\"name\":\"Piston Addict\",\"url\":\"https:\/\/pistonaddict.com\/sv\/\",\"logo\":{\"@type\":\"ImageObject\",\"inLanguage\":\"sv-SE\",\"@id\":\"https:\/\/pistonaddict.com\/sv\/#\/schema\/logo\/image\/\",\"url\":\"https:\/\/pistonaddict.com\/wp-content\/uploads\/2022\/07\/logo-6.png\",\"contentUrl\":\"https:\/\/pistonaddict.com\/wp-content\/uploads\/2022\/07\/logo-6.png\",\"width\":970,\"height\":200,\"caption\":\"Piston Addict\"},\"image\":{\"@id\":\"https:\/\/pistonaddict.com\/sv\/#\/schema\/logo\/image\/\"}}]}<\/script>\n<!-- \/ Yoast SEO plugin. -->","yoast_head_json":{"title":"Ferrari 412 auktion - Piston Addict","description":"Kolla in denna Ferrari 412 till salu p\u00e5 PistonAddict.com med automatisk v\u00e4xell\u00e5da och endast 36 971 km.","robots":{"index":"index","follow":"follow","max-snippet":"max-snippet:-1","max-image-preview":"max-image-preview:large","max-video-preview":"max-video-preview:-1"},"canonical":"https:\/\/pistonaddict.com\/sv\/product\/ferrari-412\/","og_locale":"sv_SE","og_type":"article","og_title":"Ferrari 412 auktion - Piston Addict","og_description":"Kolla in denna Ferrari 412 till salu p\u00e5 PistonAddict.com med automatisk v\u00e4xell\u00e5da och endast 36 971 km.","og_url":"https:\/\/pistonaddict.com\/sv\/product\/ferrari-412\/","og_site_name":"Piston Addict","article_modified_time":"2024-03-19T16:50:34+00:00","og_image":[{"width":2560,"height":1737,"url":"https:\/\/pistonaddict.com\/wp-content\/uploads\/2023\/04\/LuxurycarLondonApril11PistonAddict_0358-scaled.jpg","type":"image\/jpeg"}],"twitter_card":"summary_large_image","twitter_misc":{"Ber\u00e4knad l\u00e4stid":"2 minuter"},"schema":{"@context":"https:\/\/schema.org","@graph":[{"@type":"WebPage","@id":"https:\/\/pistonaddict.com\/sv\/product\/ferrari-412\/","url":"https:\/\/pistonaddict.com\/sv\/product\/ferrari-412\/","name":"Ferrari 412 auktion - Piston Addict","isPartOf":{"@id":"https:\/\/pistonaddict.com\/sv\/#website"},"primaryImageOfPage":{"@id":"https:\/\/pistonaddict.com\/sv\/product\/ferrari-412\/#primaryimage"},"image":{"@id":"https:\/\/pistonaddict.com\/sv\/product\/ferrari-412\/#primaryimage"},"thumbnailUrl":"https:\/\/pistonaddict.com\/wp-content\/uploads\/2023\/04\/LuxurycarLondonApril11PistonAddict_0358-scaled.jpg","datePublished":"2023-04-19T14:55:04+00:00","dateModified":"2024-03-19T16:50:34+00:00","description":"Kolla in denna Ferrari 412 till salu p\u00e5 PistonAddict.com med automatisk v\u00e4xell\u00e5da och endast 36 971 km.","breadcrumb":{"@id":"https:\/\/pistonaddict.com\/sv\/product\/ferrari-412\/#breadcrumb"},"inLanguage":"sv-SE","potentialAction":[{"@type":"ReadAction","target":["https:\/\/pistonaddict.com\/sv\/product\/ferrari-412\/"]}]},{"@type":"ImageObject","inLanguage":"sv-SE","@id":"https:\/\/pistonaddict.com\/sv\/product\/ferrari-412\/#primaryimage","url":"https:\/\/pistonaddict.com\/wp-content\/uploads\/2023\/04\/LuxurycarLondonApril11PistonAddict_0358-scaled.jpg","contentUrl":"https:\/\/pistonaddict.com\/wp-content\/uploads\/2023\/04\/LuxurycarLondonApril11PistonAddict_0358-scaled.jpg","width":2560,"height":1737},{"@type":"BreadcrumbList","@id":"https:\/\/pistonaddict.com\/sv\/product\/ferrari-412\/#breadcrumb","itemListElement":[{"@type":"ListItem","position":1,"name":"Hemsida","item":"https:\/\/pistonaddict.com\/sv\/hemsidan\/"},{"@type":"ListItem","position":2,"name":"Auctions","item":"https:\/\/pistonaddict.com\/auctions-listing\/"},{"@type":"ListItem","position":3,"name":"Ferrari 412"}]},{"@type":"WebSite","@id":"https:\/\/pistonaddict.com\/sv\/#website","url":"https:\/\/pistonaddict.com\/sv\/","name":"Piston Addict","description":"Only interesting vehicles","publisher":{"@id":"https:\/\/pistonaddict.com\/sv\/#organization"},"potentialAction":[{"@type":"SearchAction","target":{"@type":"EntryPoint","urlTemplate":"https:\/\/pistonaddict.com\/sv\/?s={search_term_string}"},"query-input":"required name=search_term_string"}],"inLanguage":"sv-SE"},{"@type":"Organization","@id":"https:\/\/pistonaddict.com\/sv\/#organization","name":"Piston Addict","url":"https:\/\/pistonaddict.com\/sv\/","logo":{"@type":"ImageObject","inLanguage":"sv-SE","@id":"https:\/\/pistonaddict.com\/sv\/#\/schema\/logo\/image\/","url":"https:\/\/pistonaddict.com\/wp-content\/uploads\/2022\/07\/logo-6.png","contentUrl":"https:\/\/pistonaddict.com\/wp-content\/uploads\/2022\/07\/logo-6.png","width":970,"height":200,"caption":"Piston Addict"},"image":{"@id":"https:\/\/pistonaddict.com\/sv\/#\/schema\/logo\/image\/"}}]}},"_links":{"self":[{"href":"https:\/\/pistonaddict.com\/sv\/wp-json\/wp\/v2\/product\/37947"}],"collection":[{"href":"https:\/\/pistonaddict.com\/sv\/wp-json\/wp\/v2\/product"}],"about":[{"href":"https:\/\/pistonaddict.com\/sv\/wp-json\/wp\/v2\/types\/product"}],"replies":[{"embeddable":true,"href":"https:\/\/pistonaddict.com\/sv\/wp-json\/wp\/v2\/comments?post=37947"}],"wp:featuredmedia":[{"embeddable":true,"href":"https:\/\/pistonaddict.com\/sv\/wp-json\/wp\/v2\/media\/37889"}],"wp:attachment":[{"href":"https:\/\/pistonaddict.com\/sv\/wp-json\/wp\/v2\/media?parent=37947"}],"wp:term":[{"taxonomy":"product_cat","embeddable":true,"href":"https:\/\/pistonaddict.com\/sv\/wp-json\/wp\/v2\/product_cat?post=37947"},{"taxonomy":"product_tag","embeddable":true,"href":"https:\/\/pistonaddict.com\/sv\/wp-json\/wp\/v2\/product_tag?post=37947"}],"curies":[{"name":"wp","href":"https:\/\/api.w.org\/{rel}","templated":true}]}}