{"id":35661,"date":"2023-04-19T15:45:16","date_gmt":"2023-04-19T13:45:16","guid":{"rendered":"https:\/\/pistonaddict.com\/product\/bmw-m4\/"},"modified":"2023-06-13T17:03:31","modified_gmt":"2023-06-13T15:03:31","slug":"bmw-m4","status":"publish","type":"product","link":"https:\/\/pistonaddict.com\/sv\/product\/bmw-m4\/","title":{"rendered":"BMW M4"},"content":{"rendered":"<p><strong>Bilens historia<\/strong><\/p>\n<p>M4 i F82-serien var ett stort steg f\u00f6r BMW n\u00e4r den kom ut 2014. Det var den f\u00f6rsta M Product som hade en sexcylindrig turbomotor med sex cylindrar, en elektrisk servostyrning och omfattande anv\u00e4ndning av kolfiber i bilens konstruktion. Resultatet blev en fantastisk k\u00f6rmaskin med 425 hk i standardutf\u00f6rande, en sammansatt fj\u00e4dring och sublima prestanda. F82 var ocks\u00e5 den f\u00f6rsta modellen som anv\u00e4nde sig av beteckningen M4, som var beteckningen f\u00f6r coup\u00e9versionen av M3. Det h\u00e4r exemplaret tillverkades 2017 och \u00e4r en mer eftertraktad och f\u00f6rb\u00e4ttrad senare modell. Det mest intressanta med denna bil \u00e4r dock dess specifikationer, skick och k\u00f6rstr\u00e4cka. Med drygt 3 500 km p\u00e5 klockan \u00e4r den praktiskt taget en helt ny bil, vilket g\u00f6r den till ett investeringsbart fordon. Men den h\u00e4r M4:an har ocks\u00e5 m\u00e5nga tillval och smakfulla modifieringar f\u00f6r att ge mer kraft, b\u00e4ttre hantering och imponerande k\u00f6rdynamik. Den best\u00e4lldes ny av BMW:s VIP-kund, som visste exakt hur han skulle specificera den perfekta M4:an.<\/p>\n<p><strong> <\/strong><strong>Villkor<\/strong><\/p>\n<p>Minimal k\u00f6rstr\u00e4cka garanterar att den h\u00e4r M4:an \u00e4r i perfekt skick utan mekaniska fel eller olycksskador, och den senaste servicen utf\u00f6rdes i februari 2022. F\u00f6rutom den imponerande listan \u00f6ver fabriksutrustning har detta fordon \u00e4ven en modifierad fj\u00e4dring och sitter l\u00e4gre \u00e4n standard, vilket ger en \u00e4nnu b\u00e4ttre hantering och k\u00f6rk\u00e4nsla. Men det \u00e4r bara b\u00f6rjan, och den ursprungliga \u00e4garen till den h\u00e4r bilen installerade ett Akrapovi\u010d-avgassystem i titan med kolspetsar som f\u00f6rb\u00e4ttrar ljudet fr\u00e5n den ber\u00f6mda raka sex-motorn. Den yttre f\u00f6rb\u00e4ttringen kompletterades med en fr\u00e4mre kolsplitter, en bakre spoiler och eftermarknadsf\u00e4lgar. \u00c4ven om 425 hk \u00e4r ganska mycket har den ursprungliga \u00e4garen f\u00f6rb\u00e4ttrat prestandan och motorn levererar nu 510 hk, vilket g\u00f6r denna M4 till en mycket kompetent bil. V\u00e4xell\u00e5dan \u00e4r BMW:s 7-v\u00e4xlade DCT-automatik, som \u00e4r ett intelligent val som kombinerar komfort och prestanda. Det h\u00e4r fordonet \u00e4r utrustat med keramiska bromsskivor som tillval.<\/p>\n<p><strong>Interi\u00f6r<\/strong><\/p>\n<p>Interi\u00f6ren \u00e4r kl\u00e4dd i svart l\u00e4der med M-specifika s\u00e4ten och karbonaccenter och visar inga tecken p\u00e5 anv\u00e4ndning. Med perfekt sittposition, ett f\u00f6rstklassigt ljudsystem och BMW:s ber\u00f6mda iDrive-infotainment blir det en fr\u00f6jd att tillbringa tid i denna M4 medan du k\u00f6r kilometer i en fantastisk hastighet. Det finns inga \u00e4ndringar i interi\u00f6ren, och listan \u00f6ver extrautrustning och bekv\u00e4mligheter \u00e4r omfattande.<\/p>\n<p><strong>Exteri\u00f6r och hjul<\/strong><\/p>\n<p>Den h\u00e4r M4:an har en sl\u00e5ende nyans av Austin Yellow Metallic och en fl\u00e4ckfri exteri\u00f6r, med alla trimdelar n\u00e4rvarande och om\u00e4rkta. Kolbitsen \u00e4r en del av M Performance Accessories-katalogen och passar perfekt. En anm\u00e4rkningsv\u00e4rd detalj \u00e4r HRE-f\u00e4lgarna som matchar exteri\u00f6ren och \u00e4r l\u00e4ttare och starkare \u00e4n fabriksf\u00e4lgarna.<\/p>\n<p><strong>Dokumentation<\/strong><\/p>\n<p>Detta \u00e4r ett privat\u00e4gt fordon med l\u00e4mplig dokumentation som finns i London, Storbritannien. CarVertical-rapporten \u00e4r ren; det finns inga bevis p\u00e5 olyckor, reparationer av olyckor eller juridiska problem. Det finns dokumentation om regelbundet underh\u00e5ll.<\/p>\n","protected":false},"excerpt":{"rendered":"<p>Det finns en bra anledning till att BMW M4 \u00e4r s\u00e5 respekterad bland fans av prestanda-bilar. Ingen annan bil i sin klass kan erbjuda imponerande sportbilsdynamik och vardaglig anv\u00e4ndbarhet som F82-serien M4. Just den h\u00e4r bilen \u00e4r ett perfekt exempel, n\u00e5got modifierad f\u00f6r att g\u00f6ra k\u00f6rningen \u00e4nnu b\u00e4ttre, med minimal k\u00f6rstr\u00e4cka, v\u00e4lsk\u00f6tt och redo f\u00f6r n\u00e4sta \u00e4gare.<\/p>\n","protected":false},"featured_media":35442,"comment_status":"open","ping_status":"closed","template":"","meta":{"inline_featured_image":false},"product_cat":[730],"product_tag":[1466,922,1464,1465],"acf":[],"yoast_head":"<!-- This site is optimized with the Yoast SEO plugin v22.5 - https:\/\/yoast.com\/wordpress\/plugins\/seo\/ -->\n<title>BMW M4 - Piston Addict<\/title>\n<meta name=\"description\" content=\"Kolla in denna BMW M4 till salu p\u00e5 PistonAddict.com med automatisk v\u00e4xell\u00e5da och endast 2053 miles.\" \/>\n<meta name=\"robots\" content=\"index, follow, max-snippet:-1, max-image-preview:large, max-video-preview:-1\" \/>\n<link rel=\"canonical\" href=\"https:\/\/pistonaddict.com\/sv\/product\/bmw-m4\/\" \/>\n<meta property=\"og:locale\" content=\"sv_SE\" \/>\n<meta property=\"og:type\" content=\"article\" \/>\n<meta property=\"og:title\" content=\"BMW M4 - Piston Addict\" \/>\n<meta property=\"og:description\" content=\"Kolla in denna BMW M4 till salu p\u00e5 PistonAddict.com med automatisk v\u00e4xell\u00e5da och endast 2053 miles.\" \/>\n<meta property=\"og:url\" content=\"https:\/\/pistonaddict.com\/sv\/product\/bmw-m4\/\" \/>\n<meta property=\"og:site_name\" content=\"Piston Addict\" \/>\n<meta property=\"article:modified_time\" content=\"2023-06-13T15:03:31+00:00\" \/>\n<meta property=\"og:image\" content=\"https:\/\/pistonaddict.com\/wp-content\/uploads\/2023\/04\/LuxurycarLondonApril11PistonAddict_0647-scaled.jpg\" \/>\n\t<meta property=\"og:image:width\" content=\"2560\" \/>\n\t<meta property=\"og:image:height\" content=\"1708\" \/>\n\t<meta property=\"og:image:type\" content=\"image\/jpeg\" \/>\n<meta name=\"twitter:card\" content=\"summary_large_image\" \/>\n<meta name=\"twitter:label1\" content=\"Ber\u00e4knad l\u00e4stid\" \/>\n\t<meta name=\"twitter:data1\" content=\"3 minuter\" \/>\n<script type=\"application\/ld+json\" class=\"yoast-schema-graph\">{\"@context\":\"https:\/\/schema.org\",\"@graph\":[{\"@type\":\"WebPage\",\"@id\":\"https:\/\/pistonaddict.com\/sv\/product\/bmw-m4\/\",\"url\":\"https:\/\/pistonaddict.com\/sv\/product\/bmw-m4\/\",\"name\":\"BMW M4 - Piston Addict\",\"isPartOf\":{\"@id\":\"https:\/\/pistonaddict.com\/sv\/#website\"},\"primaryImageOfPage\":{\"@id\":\"https:\/\/pistonaddict.com\/sv\/product\/bmw-m4\/#primaryimage\"},\"image\":{\"@id\":\"https:\/\/pistonaddict.com\/sv\/product\/bmw-m4\/#primaryimage\"},\"thumbnailUrl\":\"https:\/\/pistonaddict.com\/wp-content\/uploads\/2023\/04\/LuxurycarLondonApril11PistonAddict_0647-scaled.jpg\",\"datePublished\":\"2023-04-19T13:45:16+00:00\",\"dateModified\":\"2023-06-13T15:03:31+00:00\",\"description\":\"Kolla in denna BMW M4 till salu p\u00e5 PistonAddict.com med automatisk v\u00e4xell\u00e5da och endast 2053 miles.\",\"breadcrumb\":{\"@id\":\"https:\/\/pistonaddict.com\/sv\/product\/bmw-m4\/#breadcrumb\"},\"inLanguage\":\"sv-SE\",\"potentialAction\":[{\"@type\":\"ReadAction\",\"target\":[\"https:\/\/pistonaddict.com\/sv\/product\/bmw-m4\/\"]}]},{\"@type\":\"ImageObject\",\"inLanguage\":\"sv-SE\",\"@id\":\"https:\/\/pistonaddict.com\/sv\/product\/bmw-m4\/#primaryimage\",\"url\":\"https:\/\/pistonaddict.com\/wp-content\/uploads\/2023\/04\/LuxurycarLondonApril11PistonAddict_0647-scaled.jpg\",\"contentUrl\":\"https:\/\/pistonaddict.com\/wp-content\/uploads\/2023\/04\/LuxurycarLondonApril11PistonAddict_0647-scaled.jpg\",\"width\":2560,\"height\":1708},{\"@type\":\"BreadcrumbList\",\"@id\":\"https:\/\/pistonaddict.com\/sv\/product\/bmw-m4\/#breadcrumb\",\"itemListElement\":[{\"@type\":\"ListItem\",\"position\":1,\"name\":\"Hemsida\",\"item\":\"https:\/\/pistonaddict.com\/sv\/hemsidan\/\"},{\"@type\":\"ListItem\",\"position\":2,\"name\":\"Auctions\",\"item\":\"https:\/\/pistonaddict.com\/auctions-listing\/\"},{\"@type\":\"ListItem\",\"position\":3,\"name\":\"BMW M4\"}]},{\"@type\":\"WebSite\",\"@id\":\"https:\/\/pistonaddict.com\/sv\/#website\",\"url\":\"https:\/\/pistonaddict.com\/sv\/\",\"name\":\"Piston Addict\",\"description\":\"Only interesting vehicles\",\"publisher\":{\"@id\":\"https:\/\/pistonaddict.com\/sv\/#organization\"},\"potentialAction\":[{\"@type\":\"SearchAction\",\"target\":{\"@type\":\"EntryPoint\",\"urlTemplate\":\"https:\/\/pistonaddict.com\/sv\/?s={search_term_string}\"},\"query-input\":\"required name=search_term_string\"}],\"inLanguage\":\"sv-SE\"},{\"@type\":\"Organization\",\"@id\":\"https:\/\/pistonaddict.com\/sv\/#organization\",\"name\":\"Piston Addict\",\"url\":\"https:\/\/pistonaddict.com\/sv\/\",\"logo\":{\"@type\":\"ImageObject\",\"inLanguage\":\"sv-SE\",\"@id\":\"https:\/\/pistonaddict.com\/sv\/#\/schema\/logo\/image\/\",\"url\":\"https:\/\/pistonaddict.com\/wp-content\/uploads\/2022\/07\/logo-6.png\",\"contentUrl\":\"https:\/\/pistonaddict.com\/wp-content\/uploads\/2022\/07\/logo-6.png\",\"width\":970,\"height\":200,\"caption\":\"Piston Addict\"},\"image\":{\"@id\":\"https:\/\/pistonaddict.com\/sv\/#\/schema\/logo\/image\/\"}}]}<\/script>\n<!-- \/ Yoast SEO plugin. -->","yoast_head_json":{"title":"BMW M4 - Piston Addict","description":"Kolla in denna BMW M4 till salu p\u00e5 PistonAddict.com med automatisk v\u00e4xell\u00e5da och endast 2053 miles.","robots":{"index":"index","follow":"follow","max-snippet":"max-snippet:-1","max-image-preview":"max-image-preview:large","max-video-preview":"max-video-preview:-1"},"canonical":"https:\/\/pistonaddict.com\/sv\/product\/bmw-m4\/","og_locale":"sv_SE","og_type":"article","og_title":"BMW M4 - Piston Addict","og_description":"Kolla in denna BMW M4 till salu p\u00e5 PistonAddict.com med automatisk v\u00e4xell\u00e5da och endast 2053 miles.","og_url":"https:\/\/pistonaddict.com\/sv\/product\/bmw-m4\/","og_site_name":"Piston Addict","article_modified_time":"2023-06-13T15:03:31+00:00","og_image":[{"width":2560,"height":1708,"url":"https:\/\/pistonaddict.com\/wp-content\/uploads\/2023\/04\/LuxurycarLondonApril11PistonAddict_0647-scaled.jpg","type":"image\/jpeg"}],"twitter_card":"summary_large_image","twitter_misc":{"Ber\u00e4knad l\u00e4stid":"3 minuter"},"schema":{"@context":"https:\/\/schema.org","@graph":[{"@type":"WebPage","@id":"https:\/\/pistonaddict.com\/sv\/product\/bmw-m4\/","url":"https:\/\/pistonaddict.com\/sv\/product\/bmw-m4\/","name":"BMW M4 - Piston Addict","isPartOf":{"@id":"https:\/\/pistonaddict.com\/sv\/#website"},"primaryImageOfPage":{"@id":"https:\/\/pistonaddict.com\/sv\/product\/bmw-m4\/#primaryimage"},"image":{"@id":"https:\/\/pistonaddict.com\/sv\/product\/bmw-m4\/#primaryimage"},"thumbnailUrl":"https:\/\/pistonaddict.com\/wp-content\/uploads\/2023\/04\/LuxurycarLondonApril11PistonAddict_0647-scaled.jpg","datePublished":"2023-04-19T13:45:16+00:00","dateModified":"2023-06-13T15:03:31+00:00","description":"Kolla in denna BMW M4 till salu p\u00e5 PistonAddict.com med automatisk v\u00e4xell\u00e5da och endast 2053 miles.","breadcrumb":{"@id":"https:\/\/pistonaddict.com\/sv\/product\/bmw-m4\/#breadcrumb"},"inLanguage":"sv-SE","potentialAction":[{"@type":"ReadAction","target":["https:\/\/pistonaddict.com\/sv\/product\/bmw-m4\/"]}]},{"@type":"ImageObject","inLanguage":"sv-SE","@id":"https:\/\/pistonaddict.com\/sv\/product\/bmw-m4\/#primaryimage","url":"https:\/\/pistonaddict.com\/wp-content\/uploads\/2023\/04\/LuxurycarLondonApril11PistonAddict_0647-scaled.jpg","contentUrl":"https:\/\/pistonaddict.com\/wp-content\/uploads\/2023\/04\/LuxurycarLondonApril11PistonAddict_0647-scaled.jpg","width":2560,"height":1708},{"@type":"BreadcrumbList","@id":"https:\/\/pistonaddict.com\/sv\/product\/bmw-m4\/#breadcrumb","itemListElement":[{"@type":"ListItem","position":1,"name":"Hemsida","item":"https:\/\/pistonaddict.com\/sv\/hemsidan\/"},{"@type":"ListItem","position":2,"name":"Auctions","item":"https:\/\/pistonaddict.com\/auctions-listing\/"},{"@type":"ListItem","position":3,"name":"BMW M4"}]},{"@type":"WebSite","@id":"https:\/\/pistonaddict.com\/sv\/#website","url":"https:\/\/pistonaddict.com\/sv\/","name":"Piston Addict","description":"Only interesting vehicles","publisher":{"@id":"https:\/\/pistonaddict.com\/sv\/#organization"},"potentialAction":[{"@type":"SearchAction","target":{"@type":"EntryPoint","urlTemplate":"https:\/\/pistonaddict.com\/sv\/?s={search_term_string}"},"query-input":"required name=search_term_string"}],"inLanguage":"sv-SE"},{"@type":"Organization","@id":"https:\/\/pistonaddict.com\/sv\/#organization","name":"Piston Addict","url":"https:\/\/pistonaddict.com\/sv\/","logo":{"@type":"ImageObject","inLanguage":"sv-SE","@id":"https:\/\/pistonaddict.com\/sv\/#\/schema\/logo\/image\/","url":"https:\/\/pistonaddict.com\/wp-content\/uploads\/2022\/07\/logo-6.png","contentUrl":"https:\/\/pistonaddict.com\/wp-content\/uploads\/2022\/07\/logo-6.png","width":970,"height":200,"caption":"Piston Addict"},"image":{"@id":"https:\/\/pistonaddict.com\/sv\/#\/schema\/logo\/image\/"}}]}},"_links":{"self":[{"href":"https:\/\/pistonaddict.com\/sv\/wp-json\/wp\/v2\/product\/35661"}],"collection":[{"href":"https:\/\/pistonaddict.com\/sv\/wp-json\/wp\/v2\/product"}],"about":[{"href":"https:\/\/pistonaddict.com\/sv\/wp-json\/wp\/v2\/types\/product"}],"replies":[{"embeddable":true,"href":"https:\/\/pistonaddict.com\/sv\/wp-json\/wp\/v2\/comments?post=35661"}],"wp:featuredmedia":[{"embeddable":true,"href":"https:\/\/pistonaddict.com\/sv\/wp-json\/wp\/v2\/media\/35442"}],"wp:attachment":[{"href":"https:\/\/pistonaddict.com\/sv\/wp-json\/wp\/v2\/media?parent=35661"}],"wp:term":[{"taxonomy":"product_cat","embeddable":true,"href":"https:\/\/pistonaddict.com\/sv\/wp-json\/wp\/v2\/product_cat?post=35661"},{"taxonomy":"product_tag","embeddable":true,"href":"https:\/\/pistonaddict.com\/sv\/wp-json\/wp\/v2\/product_tag?post=35661"}],"curies":[{"name":"wp","href":"https:\/\/api.w.org\/{rel}","templated":true}]}}