{"id":34592,"date":"2023-04-19T15:06:28","date_gmt":"2023-04-19T13:06:28","guid":{"rendered":"https:\/\/pistonaddict.com\/product\/bentley-flying-spur\/"},"modified":"2024-03-19T17:49:48","modified_gmt":"2024-03-19T16:49:48","slug":"bentley-flying-spur","status":"publish","type":"product","link":"https:\/\/pistonaddict.com\/sv\/product\/bentley-flying-spur\/","title":{"rendered":"Bentley Flying Spur"},"content":{"rendered":"<p><strong>Bilens historia<\/strong><\/p>\n<p>Denna Flying Spur \u00e4r en av de f\u00f6rsta bilarna som levereras i slutet av 2020 till v\u00e4lk\u00e4nda VIP Bentley-kunder. Det \u00e4r en bil med en \u00e4gare och den har bara k\u00f6rts 8359 km. Den h\u00e4r Flying Spur \u00e4r f\u00e4rdigst\u00e4lld i \u00f6nskv\u00e4rd gr\u00f6n f\u00e4rg med matchande brunt skinn, har ett svart utv\u00e4ndigt trimpaket och \u00e4r en First Edition-modell. I Bentleys v\u00e4rld \u00e4r First Edition-modellerna alltid de mest eftertraktade p\u00e5 grund av specifika och unika f\u00e4rgval, fina detaljer och utrustning som ofta \u00e4r tillval p\u00e5 bilar med standardspecifikation.<\/p>\n<p><strong>Bilens skick<\/strong><\/p>\n<p>Den ursprungliga och nuvarande \u00e4garen har inte bara k\u00f6pt First Edition-paketet, utan har ocks\u00e5 lagt till m\u00e5nga funktioner och utrustning till den redan imponerande specifikationslistan, som \u00e4r en av de h\u00f6gst specificerade Bentley Flying Spurs. Den valfria 6,0-liters W12-motorn levererar 626 hk och kan lansera denna superlyxsedan till en imponerande sprint fr\u00e5n 0 till 100 km\/h p\u00e5 3,5 sekunder. \u00c4nnu mer fascinerande \u00e4r topphastigheten, och om du befinner dig p\u00e5 den avreglerade str\u00e4ckan av Autobahn kan du n\u00e5 333 km\/h! Vi \u00e4r \u00f6vertygade om att Flying Spur kommer att vara stabil och bekv\u00e4m \u00e4ven i den hastigheten.<\/p>\n<p><strong>Exteri\u00f6r och hjul<\/strong><\/p>\n<p>P\u00e5 grund av noggrant underh\u00e5ll, ett klimatkontrollerat garage och l\u00e5ga miltal s\u00e4ljs den h\u00e4r Flying Spur med en lack i perfekt skick, inga skador p\u00e5 exteri\u00f6ren (eller interi\u00f6ren) och med originalhjul. En av de sm\u00e5 men intressanta detaljerna \u00e4r det svarta taket som passar perfekt ihop med den svarta exteri\u00f6ren och ytterligare f\u00f6rst\u00e4rker den sportiga karakt\u00e4ren hos denna eleganta sedan.<\/p>\n<p><strong>Interi\u00f6r<\/strong><\/p>\n<p>En av de mest fascinerande delarna av denna bil \u00e4r interi\u00f6ren. Den h\u00e4r Flying Spur \u00e4r utformad som en perfekt blandning av modern teknik och klassisk lyx och \u00e4r kl\u00e4dd i \u00f6nskv\u00e4rt brunt skinn med kontrasterande gr\u00f6nt l\u00e4der och tr\u00e4insatser. Den \u00e4r fylld med alla typer av bekv\u00e4mligheter och skyddsfolien finns p\u00e5 vissa kromdetaljer, vilket visar att bilen knappt har anv\u00e4nts.<\/p>\n<p><strong>Dokumentation<\/strong><\/p>\n<p>Detta \u00e4r ett privat\u00e4gt fordon med l\u00e4mplig dokumentation som finns i London, Storbritannien. CarVertical-rapporten \u00e4r ren; det finns inga bevis p\u00e5 olyckor, reparationer av olyckor eller juridiska problem. Det finns dokumentation om regelbundet underh\u00e5ll.<\/p>\n","protected":false},"excerpt":{"rendered":"<p>Liksom m\u00e5nga av sina konkurrenter kommer Bentley att satsa p\u00e5 EV-modeller inom en snar framtid. Det betyder att detta kan vara sista chansen att f\u00f6rv\u00e4rva en majest\u00e4tisk, ICE-driven lyxbil som denna Flying Spur, med mycket eftertraktade specifikationer och i nyskick. Den h\u00e4r bilen drivs av den karakteristiska W12-motorn och \u00e4r ett unikt exemplar som \u00e4r perfekt f\u00f6r kr\u00e4sna Bentley-k\u00e4nnare.<\/p>\n","protected":false},"featured_media":34097,"comment_status":"open","ping_status":"closed","template":"","meta":{"inline_featured_image":false},"product_cat":[730],"product_tag":[1349,922,1339,1344],"acf":[],"yoast_head":"<!-- This site is optimized with the Yoast SEO plugin v22.5 - https:\/\/yoast.com\/wordpress\/plugins\/seo\/ -->\n<title>Bentley Flying Spur auktion - Piston Addict<\/title>\n<meta name=\"description\" content=\"Kolla in denna Bentley Flying Spur till salu p\u00e5 PistonAddict.com med automatisk v\u00e4xell\u00e5da och endast 8359 km.\" \/>\n<meta name=\"robots\" content=\"index, follow, max-snippet:-1, max-image-preview:large, max-video-preview:-1\" \/>\n<link rel=\"canonical\" href=\"https:\/\/pistonaddict.com\/sv\/product\/bentley-flying-spur\/\" \/>\n<meta property=\"og:locale\" content=\"sv_SE\" \/>\n<meta property=\"og:type\" content=\"article\" \/>\n<meta property=\"og:title\" content=\"Bentley Flying Spur auktion - Piston Addict\" \/>\n<meta property=\"og:description\" content=\"Kolla in denna Bentley Flying Spur till salu p\u00e5 PistonAddict.com med automatisk v\u00e4xell\u00e5da och endast 8359 km.\" \/>\n<meta property=\"og:url\" content=\"https:\/\/pistonaddict.com\/sv\/product\/bentley-flying-spur\/\" \/>\n<meta property=\"og:site_name\" content=\"Piston Addict\" \/>\n<meta property=\"article:modified_time\" content=\"2024-03-19T16:49:48+00:00\" \/>\n<meta property=\"og:image\" content=\"https:\/\/pistonaddict.com\/wp-content\/uploads\/2023\/04\/LuxurycarLondonApril11PistonAddict_0433-scaled.jpg\" \/>\n\t<meta property=\"og:image:width\" content=\"2560\" \/>\n\t<meta property=\"og:image:height\" content=\"1505\" \/>\n\t<meta property=\"og:image:type\" content=\"image\/jpeg\" \/>\n<meta name=\"twitter:card\" content=\"summary_large_image\" \/>\n<meta name=\"twitter:label1\" content=\"Ber\u00e4knad l\u00e4stid\" \/>\n\t<meta name=\"twitter:data1\" content=\"2 minuter\" \/>\n<script type=\"application\/ld+json\" class=\"yoast-schema-graph\">{\"@context\":\"https:\/\/schema.org\",\"@graph\":[{\"@type\":\"WebPage\",\"@id\":\"https:\/\/pistonaddict.com\/sv\/product\/bentley-flying-spur\/\",\"url\":\"https:\/\/pistonaddict.com\/sv\/product\/bentley-flying-spur\/\",\"name\":\"Bentley Flying Spur auktion - Piston Addict\",\"isPartOf\":{\"@id\":\"https:\/\/pistonaddict.com\/sv\/#website\"},\"primaryImageOfPage\":{\"@id\":\"https:\/\/pistonaddict.com\/sv\/product\/bentley-flying-spur\/#primaryimage\"},\"image\":{\"@id\":\"https:\/\/pistonaddict.com\/sv\/product\/bentley-flying-spur\/#primaryimage\"},\"thumbnailUrl\":\"https:\/\/pistonaddict.com\/wp-content\/uploads\/2023\/04\/LuxurycarLondonApril11PistonAddict_0433-scaled.jpg\",\"datePublished\":\"2023-04-19T13:06:28+00:00\",\"dateModified\":\"2024-03-19T16:49:48+00:00\",\"description\":\"Kolla in denna Bentley Flying Spur till salu p\u00e5 PistonAddict.com med automatisk v\u00e4xell\u00e5da och endast 8359 km.\",\"breadcrumb\":{\"@id\":\"https:\/\/pistonaddict.com\/sv\/product\/bentley-flying-spur\/#breadcrumb\"},\"inLanguage\":\"sv-SE\",\"potentialAction\":[{\"@type\":\"ReadAction\",\"target\":[\"https:\/\/pistonaddict.com\/sv\/product\/bentley-flying-spur\/\"]}]},{\"@type\":\"ImageObject\",\"inLanguage\":\"sv-SE\",\"@id\":\"https:\/\/pistonaddict.com\/sv\/product\/bentley-flying-spur\/#primaryimage\",\"url\":\"https:\/\/pistonaddict.com\/wp-content\/uploads\/2023\/04\/LuxurycarLondonApril11PistonAddict_0433-scaled.jpg\",\"contentUrl\":\"https:\/\/pistonaddict.com\/wp-content\/uploads\/2023\/04\/LuxurycarLondonApril11PistonAddict_0433-scaled.jpg\",\"width\":2560,\"height\":1505},{\"@type\":\"BreadcrumbList\",\"@id\":\"https:\/\/pistonaddict.com\/sv\/product\/bentley-flying-spur\/#breadcrumb\",\"itemListElement\":[{\"@type\":\"ListItem\",\"position\":1,\"name\":\"Hemsida\",\"item\":\"https:\/\/pistonaddict.com\/sv\/hemsidan\/\"},{\"@type\":\"ListItem\",\"position\":2,\"name\":\"Auctions\",\"item\":\"https:\/\/pistonaddict.com\/auctions-listing\/\"},{\"@type\":\"ListItem\",\"position\":3,\"name\":\"Bentley Flying Spur\"}]},{\"@type\":\"WebSite\",\"@id\":\"https:\/\/pistonaddict.com\/sv\/#website\",\"url\":\"https:\/\/pistonaddict.com\/sv\/\",\"name\":\"Piston Addict\",\"description\":\"Only interesting vehicles\",\"publisher\":{\"@id\":\"https:\/\/pistonaddict.com\/sv\/#organization\"},\"potentialAction\":[{\"@type\":\"SearchAction\",\"target\":{\"@type\":\"EntryPoint\",\"urlTemplate\":\"https:\/\/pistonaddict.com\/sv\/?s={search_term_string}\"},\"query-input\":\"required name=search_term_string\"}],\"inLanguage\":\"sv-SE\"},{\"@type\":\"Organization\",\"@id\":\"https:\/\/pistonaddict.com\/sv\/#organization\",\"name\":\"Piston Addict\",\"url\":\"https:\/\/pistonaddict.com\/sv\/\",\"logo\":{\"@type\":\"ImageObject\",\"inLanguage\":\"sv-SE\",\"@id\":\"https:\/\/pistonaddict.com\/sv\/#\/schema\/logo\/image\/\",\"url\":\"https:\/\/pistonaddict.com\/wp-content\/uploads\/2022\/07\/logo-6.png\",\"contentUrl\":\"https:\/\/pistonaddict.com\/wp-content\/uploads\/2022\/07\/logo-6.png\",\"width\":970,\"height\":200,\"caption\":\"Piston Addict\"},\"image\":{\"@id\":\"https:\/\/pistonaddict.com\/sv\/#\/schema\/logo\/image\/\"}}]}<\/script>\n<!-- \/ Yoast SEO plugin. -->","yoast_head_json":{"title":"Bentley Flying Spur auktion - Piston Addict","description":"Kolla in denna Bentley Flying Spur till salu p\u00e5 PistonAddict.com med automatisk v\u00e4xell\u00e5da och endast 8359 km.","robots":{"index":"index","follow":"follow","max-snippet":"max-snippet:-1","max-image-preview":"max-image-preview:large","max-video-preview":"max-video-preview:-1"},"canonical":"https:\/\/pistonaddict.com\/sv\/product\/bentley-flying-spur\/","og_locale":"sv_SE","og_type":"article","og_title":"Bentley Flying Spur auktion - Piston Addict","og_description":"Kolla in denna Bentley Flying Spur till salu p\u00e5 PistonAddict.com med automatisk v\u00e4xell\u00e5da och endast 8359 km.","og_url":"https:\/\/pistonaddict.com\/sv\/product\/bentley-flying-spur\/","og_site_name":"Piston Addict","article_modified_time":"2024-03-19T16:49:48+00:00","og_image":[{"width":2560,"height":1505,"url":"https:\/\/pistonaddict.com\/wp-content\/uploads\/2023\/04\/LuxurycarLondonApril11PistonAddict_0433-scaled.jpg","type":"image\/jpeg"}],"twitter_card":"summary_large_image","twitter_misc":{"Ber\u00e4knad l\u00e4stid":"2 minuter"},"schema":{"@context":"https:\/\/schema.org","@graph":[{"@type":"WebPage","@id":"https:\/\/pistonaddict.com\/sv\/product\/bentley-flying-spur\/","url":"https:\/\/pistonaddict.com\/sv\/product\/bentley-flying-spur\/","name":"Bentley Flying Spur auktion - Piston Addict","isPartOf":{"@id":"https:\/\/pistonaddict.com\/sv\/#website"},"primaryImageOfPage":{"@id":"https:\/\/pistonaddict.com\/sv\/product\/bentley-flying-spur\/#primaryimage"},"image":{"@id":"https:\/\/pistonaddict.com\/sv\/product\/bentley-flying-spur\/#primaryimage"},"thumbnailUrl":"https:\/\/pistonaddict.com\/wp-content\/uploads\/2023\/04\/LuxurycarLondonApril11PistonAddict_0433-scaled.jpg","datePublished":"2023-04-19T13:06:28+00:00","dateModified":"2024-03-19T16:49:48+00:00","description":"Kolla in denna Bentley Flying Spur till salu p\u00e5 PistonAddict.com med automatisk v\u00e4xell\u00e5da och endast 8359 km.","breadcrumb":{"@id":"https:\/\/pistonaddict.com\/sv\/product\/bentley-flying-spur\/#breadcrumb"},"inLanguage":"sv-SE","potentialAction":[{"@type":"ReadAction","target":["https:\/\/pistonaddict.com\/sv\/product\/bentley-flying-spur\/"]}]},{"@type":"ImageObject","inLanguage":"sv-SE","@id":"https:\/\/pistonaddict.com\/sv\/product\/bentley-flying-spur\/#primaryimage","url":"https:\/\/pistonaddict.com\/wp-content\/uploads\/2023\/04\/LuxurycarLondonApril11PistonAddict_0433-scaled.jpg","contentUrl":"https:\/\/pistonaddict.com\/wp-content\/uploads\/2023\/04\/LuxurycarLondonApril11PistonAddict_0433-scaled.jpg","width":2560,"height":1505},{"@type":"BreadcrumbList","@id":"https:\/\/pistonaddict.com\/sv\/product\/bentley-flying-spur\/#breadcrumb","itemListElement":[{"@type":"ListItem","position":1,"name":"Hemsida","item":"https:\/\/pistonaddict.com\/sv\/hemsidan\/"},{"@type":"ListItem","position":2,"name":"Auctions","item":"https:\/\/pistonaddict.com\/auctions-listing\/"},{"@type":"ListItem","position":3,"name":"Bentley Flying Spur"}]},{"@type":"WebSite","@id":"https:\/\/pistonaddict.com\/sv\/#website","url":"https:\/\/pistonaddict.com\/sv\/","name":"Piston Addict","description":"Only interesting vehicles","publisher":{"@id":"https:\/\/pistonaddict.com\/sv\/#organization"},"potentialAction":[{"@type":"SearchAction","target":{"@type":"EntryPoint","urlTemplate":"https:\/\/pistonaddict.com\/sv\/?s={search_term_string}"},"query-input":"required name=search_term_string"}],"inLanguage":"sv-SE"},{"@type":"Organization","@id":"https:\/\/pistonaddict.com\/sv\/#organization","name":"Piston Addict","url":"https:\/\/pistonaddict.com\/sv\/","logo":{"@type":"ImageObject","inLanguage":"sv-SE","@id":"https:\/\/pistonaddict.com\/sv\/#\/schema\/logo\/image\/","url":"https:\/\/pistonaddict.com\/wp-content\/uploads\/2022\/07\/logo-6.png","contentUrl":"https:\/\/pistonaddict.com\/wp-content\/uploads\/2022\/07\/logo-6.png","width":970,"height":200,"caption":"Piston Addict"},"image":{"@id":"https:\/\/pistonaddict.com\/sv\/#\/schema\/logo\/image\/"}}]}},"_links":{"self":[{"href":"https:\/\/pistonaddict.com\/sv\/wp-json\/wp\/v2\/product\/34592"}],"collection":[{"href":"https:\/\/pistonaddict.com\/sv\/wp-json\/wp\/v2\/product"}],"about":[{"href":"https:\/\/pistonaddict.com\/sv\/wp-json\/wp\/v2\/types\/product"}],"replies":[{"embeddable":true,"href":"https:\/\/pistonaddict.com\/sv\/wp-json\/wp\/v2\/comments?post=34592"}],"wp:featuredmedia":[{"embeddable":true,"href":"https:\/\/pistonaddict.com\/sv\/wp-json\/wp\/v2\/media\/34097"}],"wp:attachment":[{"href":"https:\/\/pistonaddict.com\/sv\/wp-json\/wp\/v2\/media?parent=34592"}],"wp:term":[{"taxonomy":"product_cat","embeddable":true,"href":"https:\/\/pistonaddict.com\/sv\/wp-json\/wp\/v2\/product_cat?post=34592"},{"taxonomy":"product_tag","embeddable":true,"href":"https:\/\/pistonaddict.com\/sv\/wp-json\/wp\/v2\/product_tag?post=34592"}],"curies":[{"name":"wp","href":"https:\/\/api.w.org\/{rel}","templated":true}]}}