{"id":33352,"date":"2023-04-19T09:41:30","date_gmt":"2023-04-19T07:41:30","guid":{"rendered":"https:\/\/pistonaddict.com\/product\/jensen-interceptor\/"},"modified":"2024-03-19T17:48:36","modified_gmt":"2024-03-19T16:48:36","slug":"jensen-interceptor","status":"publish","type":"product","link":"https:\/\/pistonaddict.com\/sv\/product\/jensen-interceptor\/","title":{"rendered":"Jensen Interceptor R Mk3"},"content":{"rendered":"<p><strong>Bilens historia<\/strong><\/p>\n<p>Denna Jensen Interceptor levererades till den ursprungliga \u00e4garen i mars 1972. Den drevs av en massiv 440 CID Chrysler V8-motor med endast 280 hk p\u00e5 grund av de allt str\u00e4ngare utsl\u00e4ppsnormerna p\u00e5 den tiden. Mk3-modellerna (som introducerades 1971) var k\u00e4nda f\u00f6r sin lyxiga interi\u00f6r, l\u00e5nga lista med standardutrustning och smidig k\u00f6rdynamik. Men eftersom de flesta Interceptors fortsatte att leva sina liv som en del av klassiska bilsamlingar, fick det h\u00e4r exemplaret en omfattande makeover, ett nytt liv och en massiv uppgradering av kraften. Du f\u00f6rvandlar den fr\u00e5n en 70-talskryssare till en muskelmaskin fr\u00e5n 2000-talet, redo att \u00f6verraska Porsche-\u00e4gare p\u00e5 motorv\u00e4gen. Det brittiska f\u00f6retaget JIR utf\u00f6rde en fullst\u00e4ndig ombyggnad och beh\u00f6ll de ursprungliga linjerna men uppgraderade mekaniken i stor utstr\u00e4ckning.<\/p>\n<p><strong>Bilens skick<\/strong><\/p>\n<p>Den h\u00e4r Jensen Interceptor R har k\u00f6rts mindre \u00e4n 10 000 mil sedan den byggdes om helt och h\u00e5llet och \u00e4r i ett oklanderligt skick \u00f6verallt. Eftersom detta \u00e4r ett utm\u00e4rkt exempel p\u00e5 en lyckad restomod \u00e4r specifikationerna s\u00e4rskilt intressanta. Kostnaden f\u00f6r att bygga den h\u00e4r bilen var \u00f6ver 200 000 pund, s\u00e5 listan \u00f6ver modifieringar, anpassade komponenter och unika delar \u00e4r omfattande. Exakt denna Interceptor R anses allm\u00e4nt vara den mest utvecklade Jensen i v\u00e4rlden. Under huven finns en 6,2-liters V8 fr\u00e5n Corvette ZR1, som levererar \u00f6ver 600 hk och skickar kraften till bakhjulen via en 6-v\u00e4xlad automatl\u00e5da. En s\u00e5dan kraft kr\u00e4vde en upps\u00e4ttning AP-bromsar, reviderad fj\u00e4dring och mycket mer. Resultatet \u00e4r en fantastisk maskin som kan n\u00e5 100 km p\u00e5 drygt 4 sekunder och som kan k\u00f6ras bekv\u00e4mt i h\u00f6ga hastigheter.<\/p>\n<p><strong>Interi\u00f6r<\/strong><\/p>\n<p>I interi\u00f6ren var det en understatement som g\u00e4llde med klassisk instrumentpanel och trimning, men med uppgraderade s\u00e4ten, teknik och finaste l\u00e4derkl\u00e4dsel. Den vinr\u00f6da f\u00e4rgen passar perfekt till en tv\u00e5f\u00e4rgad exteri\u00f6r. \u00c4gare av klassiska Jensen kan ber\u00e4tta att dessa bilar hade knepig elektronik och ofta komplexa system n\u00e4r de var nya. Lyckligtvis har detta exemplar f\u00e5tt en fullst\u00e4ndig ombyggnad, moderna komponenter, funktioner, fungerande klimatkontroll och ett premiumljudsystem.<\/p>\n<p><strong>Exteri\u00f6r och hjul<\/strong><\/p>\n<p>Den h\u00e4r Interceptor R fr\u00e5n 1972 \u00e4r f\u00e4rdigst\u00e4lld i en elegant tv\u00e5f\u00e4rgad kombination och ser ganska vanlig ut, men s\u00e5 fort du tittar p\u00e5 detaljerna ser du att den \u00e4r allt annat \u00e4n det. Hjulen \u00e4r specialtillverkade och p\u00e5minner mycket om den ursprungliga designen men \u00e4r bredare och st\u00f6rre. Sidoutluftningen lades till f\u00f6r att hj\u00e4lpa till att kyla ner den kraftfulla motorn, och olika grillar och m\u00e4rken lades diskret till. De som vet ett och annat om klassiska Interceptors vet att dessa bilar var rostben\u00e4gna, men det h\u00e4r exemplaret \u00e4r efter allt arbete som lagts ned praktiskt taget ett nytt fordon utan n\u00e5gra s\u00e5dana problem.<\/p>\n<p><strong>  Dokumentation<\/strong><\/p>\n<p>Detta \u00e4r ett privat\u00e4gt fordon med l\u00e4mplig dokumentation som finns i London, Storbritannien. CarVertical-rapporten \u00e4r ren; det finns inga bevis p\u00e5 olyckor, reparationer av olyckor eller juridiska problem. Det finns dokumentation om regelbundet underh\u00e5ll. Framtida \u00e4gare vill g\u00e4rna veta att just detta exemplar \u00e4r en k\u00e4ndisbil, som testades av den ber\u00f6mda Jeremy Clarkson och som var med i Top Gear 2011\/2012.<\/p>\n","protected":false},"excerpt":{"rendered":"<p>\u00c4ven om den h\u00e4r vackra Interceptor ser ganska vanlig ut fr\u00e5n utsidan har den en sp\u00e4nnande hemlighet. Kompressorladdad V8-motor med 600 hk och en jordskreds av prestanda i en av 70-talets vackraste designer. Det h\u00e4r \u00e4r en riktig brittisk restomod GT med ett amerikanskt hj\u00e4rta, redo att k\u00f6ra ifr\u00e5n allt som st\u00e5r i dess v\u00e4g.<\/p>\n","protected":false},"featured_media":32680,"comment_status":"open","ping_status":"closed","template":"","meta":{"inline_featured_image":false},"product_cat":[730],"product_tag":[1259,922,1121,1119],"acf":[],"yoast_head":"<!-- This site is optimized with the Yoast SEO plugin v22.5 - https:\/\/yoast.com\/wordpress\/plugins\/seo\/ -->\n<title>Jensen Interceptor R Mk3 auktion - Piston Addict<\/title>\n<meta name=\"description\" content=\"Kolla in denna Jensen Interceptor R MK3 p\u00e5 auktion p\u00e5 PistonAddict.com\" \/>\n<meta name=\"robots\" content=\"index, follow, max-snippet:-1, max-image-preview:large, max-video-preview:-1\" \/>\n<link rel=\"canonical\" href=\"https:\/\/pistonaddict.com\/sv\/product\/jensen-interceptor\/\" \/>\n<meta property=\"og:locale\" content=\"sv_SE\" \/>\n<meta property=\"og:type\" content=\"article\" \/>\n<meta property=\"og:title\" content=\"Jensen Interceptor R Mk3 auktion - Piston Addict\" \/>\n<meta property=\"og:description\" content=\"Kolla in denna Jensen Interceptor R MK3 p\u00e5 auktion p\u00e5 PistonAddict.com\" \/>\n<meta property=\"og:url\" content=\"https:\/\/pistonaddict.com\/sv\/product\/jensen-interceptor\/\" \/>\n<meta property=\"og:site_name\" content=\"Piston Addict\" \/>\n<meta property=\"article:modified_time\" content=\"2024-03-19T16:48:36+00:00\" \/>\n<meta property=\"og:image\" content=\"https:\/\/pistonaddict.com\/wp-content\/uploads\/2023\/04\/LuxurycarLondonApril11PistonAddict_0906-scaled.jpg\" \/>\n\t<meta property=\"og:image:width\" content=\"2560\" \/>\n\t<meta property=\"og:image:height\" content=\"1505\" \/>\n\t<meta property=\"og:image:type\" content=\"image\/jpeg\" \/>\n<meta name=\"twitter:card\" content=\"summary_large_image\" \/>\n<meta name=\"twitter:label1\" content=\"Ber\u00e4knad l\u00e4stid\" \/>\n\t<meta name=\"twitter:data1\" content=\"3 minuter\" \/>\n<script type=\"application\/ld+json\" class=\"yoast-schema-graph\">{\"@context\":\"https:\/\/schema.org\",\"@graph\":[{\"@type\":\"WebPage\",\"@id\":\"https:\/\/pistonaddict.com\/sv\/product\/jensen-interceptor\/\",\"url\":\"https:\/\/pistonaddict.com\/sv\/product\/jensen-interceptor\/\",\"name\":\"Jensen Interceptor R Mk3 auktion - Piston Addict\",\"isPartOf\":{\"@id\":\"https:\/\/pistonaddict.com\/sv\/#website\"},\"primaryImageOfPage\":{\"@id\":\"https:\/\/pistonaddict.com\/sv\/product\/jensen-interceptor\/#primaryimage\"},\"image\":{\"@id\":\"https:\/\/pistonaddict.com\/sv\/product\/jensen-interceptor\/#primaryimage\"},\"thumbnailUrl\":\"https:\/\/pistonaddict.com\/wp-content\/uploads\/2023\/04\/LuxurycarLondonApril11PistonAddict_0906-scaled.jpg\",\"datePublished\":\"2023-04-19T07:41:30+00:00\",\"dateModified\":\"2024-03-19T16:48:36+00:00\",\"description\":\"Kolla in denna Jensen Interceptor R MK3 p\u00e5 auktion p\u00e5 PistonAddict.com\",\"breadcrumb\":{\"@id\":\"https:\/\/pistonaddict.com\/sv\/product\/jensen-interceptor\/#breadcrumb\"},\"inLanguage\":\"sv-SE\",\"potentialAction\":[{\"@type\":\"ReadAction\",\"target\":[\"https:\/\/pistonaddict.com\/sv\/product\/jensen-interceptor\/\"]}]},{\"@type\":\"ImageObject\",\"inLanguage\":\"sv-SE\",\"@id\":\"https:\/\/pistonaddict.com\/sv\/product\/jensen-interceptor\/#primaryimage\",\"url\":\"https:\/\/pistonaddict.com\/wp-content\/uploads\/2023\/04\/LuxurycarLondonApril11PistonAddict_0906-scaled.jpg\",\"contentUrl\":\"https:\/\/pistonaddict.com\/wp-content\/uploads\/2023\/04\/LuxurycarLondonApril11PistonAddict_0906-scaled.jpg\",\"width\":2560,\"height\":1505},{\"@type\":\"BreadcrumbList\",\"@id\":\"https:\/\/pistonaddict.com\/sv\/product\/jensen-interceptor\/#breadcrumb\",\"itemListElement\":[{\"@type\":\"ListItem\",\"position\":1,\"name\":\"Hemsida\",\"item\":\"https:\/\/pistonaddict.com\/sv\/hemsidan\/\"},{\"@type\":\"ListItem\",\"position\":2,\"name\":\"Auctions\",\"item\":\"https:\/\/pistonaddict.com\/auctions-listing\/\"},{\"@type\":\"ListItem\",\"position\":3,\"name\":\"Jensen Interceptor R Mk3\"}]},{\"@type\":\"WebSite\",\"@id\":\"https:\/\/pistonaddict.com\/sv\/#website\",\"url\":\"https:\/\/pistonaddict.com\/sv\/\",\"name\":\"Piston Addict\",\"description\":\"Only interesting vehicles\",\"publisher\":{\"@id\":\"https:\/\/pistonaddict.com\/sv\/#organization\"},\"potentialAction\":[{\"@type\":\"SearchAction\",\"target\":{\"@type\":\"EntryPoint\",\"urlTemplate\":\"https:\/\/pistonaddict.com\/sv\/?s={search_term_string}\"},\"query-input\":\"required name=search_term_string\"}],\"inLanguage\":\"sv-SE\"},{\"@type\":\"Organization\",\"@id\":\"https:\/\/pistonaddict.com\/sv\/#organization\",\"name\":\"Piston Addict\",\"url\":\"https:\/\/pistonaddict.com\/sv\/\",\"logo\":{\"@type\":\"ImageObject\",\"inLanguage\":\"sv-SE\",\"@id\":\"https:\/\/pistonaddict.com\/sv\/#\/schema\/logo\/image\/\",\"url\":\"https:\/\/pistonaddict.com\/wp-content\/uploads\/2022\/07\/logo-6.png\",\"contentUrl\":\"https:\/\/pistonaddict.com\/wp-content\/uploads\/2022\/07\/logo-6.png\",\"width\":970,\"height\":200,\"caption\":\"Piston Addict\"},\"image\":{\"@id\":\"https:\/\/pistonaddict.com\/sv\/#\/schema\/logo\/image\/\"}}]}<\/script>\n<!-- \/ Yoast SEO plugin. -->","yoast_head_json":{"title":"Jensen Interceptor R Mk3 auktion - Piston Addict","description":"Kolla in denna Jensen Interceptor R MK3 p\u00e5 auktion p\u00e5 PistonAddict.com","robots":{"index":"index","follow":"follow","max-snippet":"max-snippet:-1","max-image-preview":"max-image-preview:large","max-video-preview":"max-video-preview:-1"},"canonical":"https:\/\/pistonaddict.com\/sv\/product\/jensen-interceptor\/","og_locale":"sv_SE","og_type":"article","og_title":"Jensen Interceptor R Mk3 auktion - Piston Addict","og_description":"Kolla in denna Jensen Interceptor R MK3 p\u00e5 auktion p\u00e5 PistonAddict.com","og_url":"https:\/\/pistonaddict.com\/sv\/product\/jensen-interceptor\/","og_site_name":"Piston Addict","article_modified_time":"2024-03-19T16:48:36+00:00","og_image":[{"width":2560,"height":1505,"url":"https:\/\/pistonaddict.com\/wp-content\/uploads\/2023\/04\/LuxurycarLondonApril11PistonAddict_0906-scaled.jpg","type":"image\/jpeg"}],"twitter_card":"summary_large_image","twitter_misc":{"Ber\u00e4knad l\u00e4stid":"3 minuter"},"schema":{"@context":"https:\/\/schema.org","@graph":[{"@type":"WebPage","@id":"https:\/\/pistonaddict.com\/sv\/product\/jensen-interceptor\/","url":"https:\/\/pistonaddict.com\/sv\/product\/jensen-interceptor\/","name":"Jensen Interceptor R Mk3 auktion - Piston Addict","isPartOf":{"@id":"https:\/\/pistonaddict.com\/sv\/#website"},"primaryImageOfPage":{"@id":"https:\/\/pistonaddict.com\/sv\/product\/jensen-interceptor\/#primaryimage"},"image":{"@id":"https:\/\/pistonaddict.com\/sv\/product\/jensen-interceptor\/#primaryimage"},"thumbnailUrl":"https:\/\/pistonaddict.com\/wp-content\/uploads\/2023\/04\/LuxurycarLondonApril11PistonAddict_0906-scaled.jpg","datePublished":"2023-04-19T07:41:30+00:00","dateModified":"2024-03-19T16:48:36+00:00","description":"Kolla in denna Jensen Interceptor R MK3 p\u00e5 auktion p\u00e5 PistonAddict.com","breadcrumb":{"@id":"https:\/\/pistonaddict.com\/sv\/product\/jensen-interceptor\/#breadcrumb"},"inLanguage":"sv-SE","potentialAction":[{"@type":"ReadAction","target":["https:\/\/pistonaddict.com\/sv\/product\/jensen-interceptor\/"]}]},{"@type":"ImageObject","inLanguage":"sv-SE","@id":"https:\/\/pistonaddict.com\/sv\/product\/jensen-interceptor\/#primaryimage","url":"https:\/\/pistonaddict.com\/wp-content\/uploads\/2023\/04\/LuxurycarLondonApril11PistonAddict_0906-scaled.jpg","contentUrl":"https:\/\/pistonaddict.com\/wp-content\/uploads\/2023\/04\/LuxurycarLondonApril11PistonAddict_0906-scaled.jpg","width":2560,"height":1505},{"@type":"BreadcrumbList","@id":"https:\/\/pistonaddict.com\/sv\/product\/jensen-interceptor\/#breadcrumb","itemListElement":[{"@type":"ListItem","position":1,"name":"Hemsida","item":"https:\/\/pistonaddict.com\/sv\/hemsidan\/"},{"@type":"ListItem","position":2,"name":"Auctions","item":"https:\/\/pistonaddict.com\/auctions-listing\/"},{"@type":"ListItem","position":3,"name":"Jensen Interceptor R Mk3"}]},{"@type":"WebSite","@id":"https:\/\/pistonaddict.com\/sv\/#website","url":"https:\/\/pistonaddict.com\/sv\/","name":"Piston Addict","description":"Only interesting vehicles","publisher":{"@id":"https:\/\/pistonaddict.com\/sv\/#organization"},"potentialAction":[{"@type":"SearchAction","target":{"@type":"EntryPoint","urlTemplate":"https:\/\/pistonaddict.com\/sv\/?s={search_term_string}"},"query-input":"required name=search_term_string"}],"inLanguage":"sv-SE"},{"@type":"Organization","@id":"https:\/\/pistonaddict.com\/sv\/#organization","name":"Piston Addict","url":"https:\/\/pistonaddict.com\/sv\/","logo":{"@type":"ImageObject","inLanguage":"sv-SE","@id":"https:\/\/pistonaddict.com\/sv\/#\/schema\/logo\/image\/","url":"https:\/\/pistonaddict.com\/wp-content\/uploads\/2022\/07\/logo-6.png","contentUrl":"https:\/\/pistonaddict.com\/wp-content\/uploads\/2022\/07\/logo-6.png","width":970,"height":200,"caption":"Piston Addict"},"image":{"@id":"https:\/\/pistonaddict.com\/sv\/#\/schema\/logo\/image\/"}}]}},"_links":{"self":[{"href":"https:\/\/pistonaddict.com\/sv\/wp-json\/wp\/v2\/product\/33352"}],"collection":[{"href":"https:\/\/pistonaddict.com\/sv\/wp-json\/wp\/v2\/product"}],"about":[{"href":"https:\/\/pistonaddict.com\/sv\/wp-json\/wp\/v2\/types\/product"}],"replies":[{"embeddable":true,"href":"https:\/\/pistonaddict.com\/sv\/wp-json\/wp\/v2\/comments?post=33352"}],"wp:featuredmedia":[{"embeddable":true,"href":"https:\/\/pistonaddict.com\/sv\/wp-json\/wp\/v2\/media\/32680"}],"wp:attachment":[{"href":"https:\/\/pistonaddict.com\/sv\/wp-json\/wp\/v2\/media?parent=33352"}],"wp:term":[{"taxonomy":"product_cat","embeddable":true,"href":"https:\/\/pistonaddict.com\/sv\/wp-json\/wp\/v2\/product_cat?post=33352"},{"taxonomy":"product_tag","embeddable":true,"href":"https:\/\/pistonaddict.com\/sv\/wp-json\/wp\/v2\/product_tag?post=33352"}],"curies":[{"name":"wp","href":"https:\/\/api.w.org\/{rel}","templated":true}]}}