{"id":32610,"date":"2023-04-18T18:05:14","date_gmt":"2023-04-18T16:05:14","guid":{"rendered":"https:\/\/pistonaddict.com\/product\/maserati-ghibli-ss-49-liter\/"},"modified":"2024-03-19T17:37:25","modified_gmt":"2024-03-19T16:37:25","slug":"maserati-ghibli-ss-49-liters","status":"publish","type":"product","link":"https:\/\/pistonaddict.com\/sv\/product\/maserati-ghibli-ss-49-liters\/","title":{"rendered":"Maserati Ghibli SS 4,9 liter"},"content":{"rendered":"<h2>Exteri\u00f6r<\/h2>\n<p>Bilen som s\u00e4ljs p\u00e5 den h\u00e4r auktionen \u00e4r bl\u00e5 och har attraktiva pop-up-str\u00e5lkastare framtill. Men det som g\u00f6r denna Sypder s\u00e5 tilltalande och i\u00f6gonfallande \u00e4r dess eleganta silhuett. Den h\u00e4r tv\u00e5d\u00f6rrars roadstern, som designats av Giorgetto Giugiaro, ett av de st\u00f6rsta namnen i branschen, har en l\u00e5g, hajliknande nos, muskul\u00f6sa hjulb\u00e5gar och en sluttande bakdel. Det g\u00f6r den idealisk f\u00f6r avslappnad boulevardk\u00f6rning eller k\u00f6rning l\u00e4ngs natursk\u00f6na kustv\u00e4gar. Och n\u00e4r v\u00e4dret \u00e4r ogynnsamt kommer en f\u00e4llbar softtop som \u00e4r g\u00f6md under ett f\u00e4rgkodat tonneauskydd att vara praktisk. Bilen har 15-tums tr\u00e5dhjul tillverkade av Ruote Borrani och tidstypiska Michelin Radial X-d\u00e4ck. Andra anm\u00e4rkningsv\u00e4rda detaljer \u00e4r kromade st\u00f6tf\u00e5ngare och funktionella ventiler p\u00e5 huven och st\u00f6tf\u00e5ngarna.<\/p>\n<h2>Interi\u00f6r<\/h2>\n<p>I den h\u00e4r Maserati finns tv\u00e5 bekv\u00e4ma och samtidigt st\u00f6djande s\u00e4ten med mjukt ljusbrunt l\u00e4der. Samma material anv\u00e4nds f\u00f6r att kl\u00e4 inredningen i st\u00f6rre delen av interi\u00f6ren, f\u00f6rutom \u00f6verdelen av instrumentbr\u00e4dan som \u00e4r t\u00e4ckt med svart mocka. Av de bilder som s\u00e4ljaren har l\u00e4mnat \u00e4r interi\u00f6ren i ett oklanderligt skick. N\u00e4r du v\u00e4l \u00e4r inne i bilen har f\u00f6raren kontroll \u00f6ver en vacker ratt i tr\u00e4 med tre ekrar i rostfritt st\u00e5l i mitten. Bakom den finns instrumentklustret med en varvr\u00e4knare med r\u00f6da linjer p\u00e5 5 555 varv per minut och en hastighetsm\u00e4tare med en slutsiffra p\u00e5 300 km\/tim. Dessutom har denna Ghibli fem centralt monterade m\u00e4tare som visar viktiga parametrar som oljetryck, temperatur och br\u00e4nsleniv\u00e5. I dagsl\u00e4get st\u00e5r m\u00e4taren p\u00e5 cirka 13 000 km.<\/p>\n<h2>Mekanik<\/h2>\n<p>Bilen som s\u00e4ljs \u00e4r en SS-modell, vilket inneb\u00e4r att den \u00e4r utrustad med en st\u00f6rre och kraftfullare 4,9-liters V8-motor. Den drivs av fyra Weber-f\u00f6rgasare med dubbla kuggar och utvecklar 335 h\u00e4stkrafter och ett vridmoment p\u00e5 drygt 480 Nm, som skickas till bakhjulen via en femv\u00e4xlad manuell v\u00e4xell\u00e5da. Detta r\u00e4cker f\u00f6r att driva Ghibli SS roadsteren till en maxhastighet p\u00e5 280 MPH, vilket g\u00f6r den till den snabbaste Maserati f\u00f6r sin tid. F\u00f6rutom mekaniken har bilen ett chassi av st\u00e5lr\u00f6r som garanterar l\u00e4tthet och strukturell styvhet.<\/p>\n<h2>Fordonets historia<\/h2>\n<p>Denna Spyder-konvertering gjordes av en specialiserad verkstad i Mondena, vilket garanterar arbetets kvalitet. Detta \u00e4r en popul\u00e4r modifiering bland Ghibli-\u00e4gare eftersom Maserati byggde f\u00e4rre \u00e4n 50 Spyders p\u00e5 fabriken. Dessutom har bilen genomg\u00e5tt en djupg\u00e5ende restaurering som utf\u00f6rdes av Furlonger Cars, en v\u00e4lrenommerad Ashford-baserad restaurat\u00f6r med erfarenhet av italienska superbilar.<\/p>\n<p>Enligt \u00e4garen har allt underh\u00e5llsarbete utf\u00f6rts regelbundet, och den senaste servicen gjordes i juni 2021. Det finns f\u00f6r n\u00e4rvarande inga k\u00e4nda fel eller problem med n\u00e5gon av dess komponenter. Dessutom finns inga m\u00e4rkbara repor, bucklor eller andra brister i karossen.<\/p>\n","protected":false},"excerpt":{"rendered":"<p>Denna 1971 Maserati Ghibli SS open-top roadster, som bara har g\u00e5tt lite \u00f6ver 13 000 kilometer, s\u00e4ljs privat av \u00e4garen. Den drivs av en V8-motor med en femv\u00e4xlad manuell v\u00e4xell\u00e5da. \u00c4ven om den visuellt sett \u00e4r identisk med den ikoniska Spyder-modellen, b\u00f6rjade den h\u00e4r bilen som en coup\u00e9, som sedan konverterades till sin nuvarande form. F\u00f6rutom att bilen \u00e4r i ett n\u00e4stan oklanderligt skick \u00e4r den ocks\u00e5 helt servad och &#8211; enligt \u00e4garen &#8211; har den inte varit inblandad i n\u00e5gra olyckor och befinner sig f\u00f6r n\u00e4rvarande i Storbritannien.<\/p>\n","protected":false},"featured_media":32162,"comment_status":"open","ping_status":"closed","template":"","meta":{"inline_featured_image":false},"product_cat":[730],"product_tag":[1241,1082,958,1078],"acf":[],"yoast_head":"<!-- This site is optimized with the Yoast SEO plugin v22.5 - https:\/\/yoast.com\/wordpress\/plugins\/seo\/ -->\n<title>Maserati Ghibli SS 4,9 liter auktion - Piston Addict<\/title>\n<meta name=\"description\" content=\"Kolla in denna Maserati Ghibli SS 4.9 liter till salu p\u00e5 PistonAddict.com med manuell v\u00e4xell\u00e5da och endast 13 220 km.\" \/>\n<meta name=\"robots\" content=\"index, follow, max-snippet:-1, max-image-preview:large, max-video-preview:-1\" \/>\n<link rel=\"canonical\" href=\"https:\/\/pistonaddict.com\/sv\/product\/maserati-ghibli-ss-49-liters\/\" \/>\n<meta property=\"og:locale\" content=\"sv_SE\" \/>\n<meta property=\"og:type\" content=\"article\" \/>\n<meta property=\"og:title\" content=\"Maserati Ghibli SS 4,9 liter auktion - Piston Addict\" \/>\n<meta property=\"og:description\" content=\"Kolla in denna Maserati Ghibli SS 4.9 liter till salu p\u00e5 PistonAddict.com med manuell v\u00e4xell\u00e5da och endast 13 220 km.\" \/>\n<meta property=\"og:url\" content=\"https:\/\/pistonaddict.com\/sv\/product\/maserati-ghibli-ss-49-liters\/\" \/>\n<meta property=\"og:site_name\" content=\"Piston Addict\" \/>\n<meta property=\"article:modified_time\" content=\"2024-03-19T16:37:25+00:00\" \/>\n<meta property=\"og:image\" content=\"https:\/\/pistonaddict.com\/wp-content\/uploads\/2023\/04\/Maserati13-scaled.jpg\" \/>\n\t<meta property=\"og:image:width\" content=\"2560\" \/>\n\t<meta property=\"og:image:height\" content=\"1609\" \/>\n\t<meta property=\"og:image:type\" content=\"image\/jpeg\" \/>\n<meta name=\"twitter:card\" content=\"summary_large_image\" \/>\n<meta name=\"twitter:label1\" content=\"Ber\u00e4knad l\u00e4stid\" \/>\n\t<meta name=\"twitter:data1\" content=\"3 minuter\" \/>\n<script type=\"application\/ld+json\" class=\"yoast-schema-graph\">{\"@context\":\"https:\/\/schema.org\",\"@graph\":[{\"@type\":\"WebPage\",\"@id\":\"https:\/\/pistonaddict.com\/sv\/product\/maserati-ghibli-ss-49-liters\/\",\"url\":\"https:\/\/pistonaddict.com\/sv\/product\/maserati-ghibli-ss-49-liters\/\",\"name\":\"Maserati Ghibli SS 4,9 liter auktion - Piston Addict\",\"isPartOf\":{\"@id\":\"https:\/\/pistonaddict.com\/sv\/#website\"},\"primaryImageOfPage\":{\"@id\":\"https:\/\/pistonaddict.com\/sv\/product\/maserati-ghibli-ss-49-liters\/#primaryimage\"},\"image\":{\"@id\":\"https:\/\/pistonaddict.com\/sv\/product\/maserati-ghibli-ss-49-liters\/#primaryimage\"},\"thumbnailUrl\":\"https:\/\/pistonaddict.com\/wp-content\/uploads\/2023\/04\/Maserati13-scaled.jpg\",\"datePublished\":\"2023-04-18T16:05:14+00:00\",\"dateModified\":\"2024-03-19T16:37:25+00:00\",\"description\":\"Kolla in denna Maserati Ghibli SS 4.9 liter till salu p\u00e5 PistonAddict.com med manuell v\u00e4xell\u00e5da och endast 13 220 km.\",\"breadcrumb\":{\"@id\":\"https:\/\/pistonaddict.com\/sv\/product\/maserati-ghibli-ss-49-liters\/#breadcrumb\"},\"inLanguage\":\"sv-SE\",\"potentialAction\":[{\"@type\":\"ReadAction\",\"target\":[\"https:\/\/pistonaddict.com\/sv\/product\/maserati-ghibli-ss-49-liters\/\"]}]},{\"@type\":\"ImageObject\",\"inLanguage\":\"sv-SE\",\"@id\":\"https:\/\/pistonaddict.com\/sv\/product\/maserati-ghibli-ss-49-liters\/#primaryimage\",\"url\":\"https:\/\/pistonaddict.com\/wp-content\/uploads\/2023\/04\/Maserati13-scaled.jpg\",\"contentUrl\":\"https:\/\/pistonaddict.com\/wp-content\/uploads\/2023\/04\/Maserati13-scaled.jpg\",\"width\":2560,\"height\":1609},{\"@type\":\"BreadcrumbList\",\"@id\":\"https:\/\/pistonaddict.com\/sv\/product\/maserati-ghibli-ss-49-liters\/#breadcrumb\",\"itemListElement\":[{\"@type\":\"ListItem\",\"position\":1,\"name\":\"Hemsida\",\"item\":\"https:\/\/pistonaddict.com\/sv\/hemsidan\/\"},{\"@type\":\"ListItem\",\"position\":2,\"name\":\"Auctions\",\"item\":\"https:\/\/pistonaddict.com\/auctions-listing\/\"},{\"@type\":\"ListItem\",\"position\":3,\"name\":\"Maserati Ghibli SS 4,9 liter\"}]},{\"@type\":\"WebSite\",\"@id\":\"https:\/\/pistonaddict.com\/sv\/#website\",\"url\":\"https:\/\/pistonaddict.com\/sv\/\",\"name\":\"Piston Addict\",\"description\":\"Only interesting vehicles\",\"publisher\":{\"@id\":\"https:\/\/pistonaddict.com\/sv\/#organization\"},\"potentialAction\":[{\"@type\":\"SearchAction\",\"target\":{\"@type\":\"EntryPoint\",\"urlTemplate\":\"https:\/\/pistonaddict.com\/sv\/?s={search_term_string}\"},\"query-input\":\"required name=search_term_string\"}],\"inLanguage\":\"sv-SE\"},{\"@type\":\"Organization\",\"@id\":\"https:\/\/pistonaddict.com\/sv\/#organization\",\"name\":\"Piston Addict\",\"url\":\"https:\/\/pistonaddict.com\/sv\/\",\"logo\":{\"@type\":\"ImageObject\",\"inLanguage\":\"sv-SE\",\"@id\":\"https:\/\/pistonaddict.com\/sv\/#\/schema\/logo\/image\/\",\"url\":\"https:\/\/pistonaddict.com\/wp-content\/uploads\/2022\/07\/logo-6.png\",\"contentUrl\":\"https:\/\/pistonaddict.com\/wp-content\/uploads\/2022\/07\/logo-6.png\",\"width\":970,\"height\":200,\"caption\":\"Piston Addict\"},\"image\":{\"@id\":\"https:\/\/pistonaddict.com\/sv\/#\/schema\/logo\/image\/\"}}]}<\/script>\n<!-- \/ Yoast SEO plugin. -->","yoast_head_json":{"title":"Maserati Ghibli SS 4,9 liter auktion - Piston Addict","description":"Kolla in denna Maserati Ghibli SS 4.9 liter till salu p\u00e5 PistonAddict.com med manuell v\u00e4xell\u00e5da och endast 13 220 km.","robots":{"index":"index","follow":"follow","max-snippet":"max-snippet:-1","max-image-preview":"max-image-preview:large","max-video-preview":"max-video-preview:-1"},"canonical":"https:\/\/pistonaddict.com\/sv\/product\/maserati-ghibli-ss-49-liters\/","og_locale":"sv_SE","og_type":"article","og_title":"Maserati Ghibli SS 4,9 liter auktion - Piston Addict","og_description":"Kolla in denna Maserati Ghibli SS 4.9 liter till salu p\u00e5 PistonAddict.com med manuell v\u00e4xell\u00e5da och endast 13 220 km.","og_url":"https:\/\/pistonaddict.com\/sv\/product\/maserati-ghibli-ss-49-liters\/","og_site_name":"Piston Addict","article_modified_time":"2024-03-19T16:37:25+00:00","og_image":[{"width":2560,"height":1609,"url":"https:\/\/pistonaddict.com\/wp-content\/uploads\/2023\/04\/Maserati13-scaled.jpg","type":"image\/jpeg"}],"twitter_card":"summary_large_image","twitter_misc":{"Ber\u00e4knad l\u00e4stid":"3 minuter"},"schema":{"@context":"https:\/\/schema.org","@graph":[{"@type":"WebPage","@id":"https:\/\/pistonaddict.com\/sv\/product\/maserati-ghibli-ss-49-liters\/","url":"https:\/\/pistonaddict.com\/sv\/product\/maserati-ghibli-ss-49-liters\/","name":"Maserati Ghibli SS 4,9 liter auktion - Piston Addict","isPartOf":{"@id":"https:\/\/pistonaddict.com\/sv\/#website"},"primaryImageOfPage":{"@id":"https:\/\/pistonaddict.com\/sv\/product\/maserati-ghibli-ss-49-liters\/#primaryimage"},"image":{"@id":"https:\/\/pistonaddict.com\/sv\/product\/maserati-ghibli-ss-49-liters\/#primaryimage"},"thumbnailUrl":"https:\/\/pistonaddict.com\/wp-content\/uploads\/2023\/04\/Maserati13-scaled.jpg","datePublished":"2023-04-18T16:05:14+00:00","dateModified":"2024-03-19T16:37:25+00:00","description":"Kolla in denna Maserati Ghibli SS 4.9 liter till salu p\u00e5 PistonAddict.com med manuell v\u00e4xell\u00e5da och endast 13 220 km.","breadcrumb":{"@id":"https:\/\/pistonaddict.com\/sv\/product\/maserati-ghibli-ss-49-liters\/#breadcrumb"},"inLanguage":"sv-SE","potentialAction":[{"@type":"ReadAction","target":["https:\/\/pistonaddict.com\/sv\/product\/maserati-ghibli-ss-49-liters\/"]}]},{"@type":"ImageObject","inLanguage":"sv-SE","@id":"https:\/\/pistonaddict.com\/sv\/product\/maserati-ghibli-ss-49-liters\/#primaryimage","url":"https:\/\/pistonaddict.com\/wp-content\/uploads\/2023\/04\/Maserati13-scaled.jpg","contentUrl":"https:\/\/pistonaddict.com\/wp-content\/uploads\/2023\/04\/Maserati13-scaled.jpg","width":2560,"height":1609},{"@type":"BreadcrumbList","@id":"https:\/\/pistonaddict.com\/sv\/product\/maserati-ghibli-ss-49-liters\/#breadcrumb","itemListElement":[{"@type":"ListItem","position":1,"name":"Hemsida","item":"https:\/\/pistonaddict.com\/sv\/hemsidan\/"},{"@type":"ListItem","position":2,"name":"Auctions","item":"https:\/\/pistonaddict.com\/auctions-listing\/"},{"@type":"ListItem","position":3,"name":"Maserati Ghibli SS 4,9 liter"}]},{"@type":"WebSite","@id":"https:\/\/pistonaddict.com\/sv\/#website","url":"https:\/\/pistonaddict.com\/sv\/","name":"Piston Addict","description":"Only interesting vehicles","publisher":{"@id":"https:\/\/pistonaddict.com\/sv\/#organization"},"potentialAction":[{"@type":"SearchAction","target":{"@type":"EntryPoint","urlTemplate":"https:\/\/pistonaddict.com\/sv\/?s={search_term_string}"},"query-input":"required name=search_term_string"}],"inLanguage":"sv-SE"},{"@type":"Organization","@id":"https:\/\/pistonaddict.com\/sv\/#organization","name":"Piston Addict","url":"https:\/\/pistonaddict.com\/sv\/","logo":{"@type":"ImageObject","inLanguage":"sv-SE","@id":"https:\/\/pistonaddict.com\/sv\/#\/schema\/logo\/image\/","url":"https:\/\/pistonaddict.com\/wp-content\/uploads\/2022\/07\/logo-6.png","contentUrl":"https:\/\/pistonaddict.com\/wp-content\/uploads\/2022\/07\/logo-6.png","width":970,"height":200,"caption":"Piston Addict"},"image":{"@id":"https:\/\/pistonaddict.com\/sv\/#\/schema\/logo\/image\/"}}]}},"_links":{"self":[{"href":"https:\/\/pistonaddict.com\/sv\/wp-json\/wp\/v2\/product\/32610"}],"collection":[{"href":"https:\/\/pistonaddict.com\/sv\/wp-json\/wp\/v2\/product"}],"about":[{"href":"https:\/\/pistonaddict.com\/sv\/wp-json\/wp\/v2\/types\/product"}],"replies":[{"embeddable":true,"href":"https:\/\/pistonaddict.com\/sv\/wp-json\/wp\/v2\/comments?post=32610"}],"wp:featuredmedia":[{"embeddable":true,"href":"https:\/\/pistonaddict.com\/sv\/wp-json\/wp\/v2\/media\/32162"}],"wp:attachment":[{"href":"https:\/\/pistonaddict.com\/sv\/wp-json\/wp\/v2\/media?parent=32610"}],"wp:term":[{"taxonomy":"product_cat","embeddable":true,"href":"https:\/\/pistonaddict.com\/sv\/wp-json\/wp\/v2\/product_cat?post=32610"},{"taxonomy":"product_tag","embeddable":true,"href":"https:\/\/pistonaddict.com\/sv\/wp-json\/wp\/v2\/product_tag?post=32610"}],"curies":[{"name":"wp","href":"https:\/\/api.w.org\/{rel}","templated":true}]}}