{"id":29710,"date":"2023-03-02T21:25:19","date_gmt":"2023-03-02T20:25:19","guid":{"rendered":"https:\/\/pistonaddict.com\/product\/1985-porsche-911-carrera-3-2-till-salu\/"},"modified":"2024-03-22T16:10:46","modified_gmt":"2024-03-22T15:10:46","slug":"1985-porsche-911-carrera-3-2-for-sale","status":"publish","type":"product","link":"https:\/\/pistonaddict.com\/sv\/product\/1985-porsche-911-carrera-3-2-for-sale\/","title":{"rendered":"1985 Porsche 911 Carrera 3.2 p\u00e5 auktion"},"content":{"rendered":"<p><strong>Bilens historia<\/strong><\/p>\n<p>S\u00e4ljaren k\u00f6pte detta vackra exempel p\u00e5 magi fr\u00e5n mitten av 80-talet 1997 i Luxemburg och importerade det till Schweiz. Den h\u00e4r Carrera har utrustats med en standardmotor med 3,2-liters flat-six-motor som levererar 231 hk till bakhjulen via en 5-v\u00e4xlad manuell v\u00e4xell\u00e5da. Motorn \u00e4r br\u00e4nsleinsprutad och kan lansera denna legendariska sportbil p\u00e5 5,9 sekunder fr\u00e5n 0 till 100 km\/h och en topp, fortfarande respektabla 245 km\/h (150 mph). Det finns inga uppgifter om n\u00e5gra \u00e4ndringar i motorn, men bilen har underh\u00e5llits regelbundet och den senaste dokumenterade servicen utf\u00f6rdes i slutet av mars 2022. Hittills har denna svarta Porsche k\u00f6rt 168 000 km.<\/p>\n<p><strong>Villkor<\/strong><\/p>\n<p>Fordonet har f\u00e5tt en komplett professionell omm\u00e5lning av karossen och en renovering av motorn med originaldelar och komponenter. Den har genomg\u00e5tt den schweiziska tekniska kontrollen, och v\u00e4gen \u00e4r laglig och registrerad. Perspektivk\u00f6pare vill veta att oljeanalysen har gjorts och att resultaten \u00e4r korrekta. I videorna kan du se att oljetrycket och alla m\u00e4tare fungerar korrekt. Det finns inga oljel\u00e4ckage i underredet, motorrummet \u00e4r snyggt och alla originalst\u00e4mplar och m\u00e4rkningar finns kvar.<\/p>\n<p><strong>Interi\u00f6r<\/strong><\/p>\n<p>Interi\u00f6ren i denna Porsche 911 Carrera 3.2 fr\u00e5n 1985 \u00e4r original, med s\u00e4tena och d\u00f6rrkorten t\u00e4ckta med l\u00e4der. J\u00e4mf\u00f6rt med liknande bilar har detta trippel svarta exemplar (kaross, interi\u00f6r och mattor \u00e4r helt svarta) n\u00e5gra \u00f6nskv\u00e4rda alternativ som samlare s\u00f6ker. Den f\u00f6rsta av dem \u00e4r l\u00e4derstolar med elektriska tillval. F\u00f6r det andra \u00e4r det h\u00e4r exemplet utrustat med luftkonditionering, vilket \u00e4r ett v\u00e4lkommet tillskott, s\u00e4rskilt under varma sommardagar. F\u00f6r det tredje har den h\u00e4r Carrera fr\u00e5n 1985 ocks\u00e5 ett soltak, elspeglar och str\u00e5lkastare, som alla bidrar till den f\u00f6rb\u00e4ttrade upplevelsen. Bakrutan \u00e4r uppv\u00e4rmd, och det finns en eftermarknadsstereo f\u00f6r dina favoritl\u00e5tar fr\u00e5n 80-talet. Skjutvredet \u00e4r dock inte original.<\/p>\n<p><strong>Exteri\u00f6r och hjul<\/strong><\/p>\n<p>Alla yttre detaljer, lister och plastkomponenter ser ut att vara i perfekt skick, och det finns ingen synlig rost runt soltakets \u00f6ppning, vilket \u00e4r vanligt p\u00e5 dessa bilar. Det betyder att fordonet \u00e4r v\u00e4lsk\u00f6tt och anv\u00e4nds endast sporadiskt. Intressant nog valde \u00e4garen att f\u00f6rb\u00e4ttra det rullande materialet i denna Porsche 911 Carrera fr\u00e5n 1985. I st\u00e4llet f\u00f6r fabriksanpassade 15-tums hjul har den h\u00e4r bilen 16-tums Fuchs originalhjul med Pirelli P Zero-d\u00e4ck. Naturligtvis \u00e4r de bakre bredare \u00e4n de fr\u00e4mre. Detta \u00e4r en vanlig modifiering som bidrar till b\u00e5de utseendet och k\u00f6rdynamiken. D\u00e4cken monterades i mitten av 2021. Bilen har en original verktygsl\u00e5da och ett reservhjul, vilket visar att originaliteten \u00e4r gynnsam f\u00f6r samlare.<\/p>\n<p><strong>Dokumentation<\/strong><\/p>\n<p>Detta \u00e4r ett privat\u00e4gt fordon med l\u00e4mplig dokumentation som finns i Geneve, Schweiz. CarVertical-rapporten \u00e4r ren; det finns inga bevis p\u00e5 olyckor, reparationer av olyckor eller \u00e4gande eller juridiska problem. Det finns uppgifter om regelbundet underh\u00e5ll som str\u00e4cker sig tillbaka till 2015.<\/p>\n","protected":false},"excerpt":{"rendered":"<p>Den h\u00e4r Carrera 3.2 fr\u00e5n 1985, som \u00e4r f\u00e4rdigst\u00e4lld i en elegant Porsche-svart nyans med matchande interi\u00f6r, \u00e4r ett perfekt exempel p\u00e5 en klassisk 911 med f\u00f6rarkvalitet som \u00e4r redo att avnjutas av den nya \u00e4garen. Med en om\u00e4rkt exteri\u00f6r, flera \u00f6nskv\u00e4rda tillval och en v\u00e4lutrustad interi\u00f6r \u00e4r den h\u00e4r Carrera en v\u00e4lsk\u00f6tt och p\u00e5litlig klassiker med mycket prestanda, redo att tas med p\u00e5 en resa genom Europa under sommaren med sj\u00e4lvf\u00f6rtroende.<\/p>\n","protected":false},"featured_media":29676,"comment_status":"open","ping_status":"closed","template":"","meta":{"inline_featured_image":false},"product_cat":[730],"product_tag":[959,874,892,958,873],"acf":[],"yoast_head":"<!-- This site is optimized with the Yoast SEO plugin v22.5 - https:\/\/yoast.com\/wordpress\/plugins\/seo\/ -->\n<title>1985 Porsche 911 Carrera 3.2 p\u00e5 auktion - Piston Addict<\/title>\n<meta name=\"description\" content=\"Kolla in denna underbara Porsche 911 Carrera 3.2 fr\u00e5n 1985 som auktioneras ut p\u00e5 PistonAddict.com.\" \/>\n<meta name=\"robots\" content=\"index, follow, max-snippet:-1, max-image-preview:large, max-video-preview:-1\" \/>\n<link rel=\"canonical\" href=\"https:\/\/pistonaddict.com\/sv\/product\/1985-porsche-911-carrera-3-2-for-sale\/\" \/>\n<meta property=\"og:locale\" content=\"sv_SE\" \/>\n<meta property=\"og:type\" content=\"article\" \/>\n<meta property=\"og:title\" content=\"1985 Porsche 911 Carrera 3.2 p\u00e5 auktion - Piston Addict\" \/>\n<meta property=\"og:description\" content=\"Kolla in denna underbara Porsche 911 Carrera 3.2 fr\u00e5n 1985 som auktioneras ut p\u00e5 PistonAddict.com.\" \/>\n<meta property=\"og:url\" content=\"https:\/\/pistonaddict.com\/sv\/product\/1985-porsche-911-carrera-3-2-for-sale\/\" \/>\n<meta property=\"og:site_name\" content=\"Piston Addict\" \/>\n<meta property=\"article:modified_time\" content=\"2024-03-22T15:10:46+00:00\" \/>\n<meta property=\"og:image\" content=\"https:\/\/pistonaddict.com\/wp-content\/uploads\/2023\/03\/IMG_2519-scaled.jpeg\" \/>\n\t<meta property=\"og:image:width\" content=\"2560\" \/>\n\t<meta property=\"og:image:height\" content=\"1920\" \/>\n\t<meta property=\"og:image:type\" content=\"image\/jpeg\" \/>\n<meta name=\"twitter:card\" content=\"summary_large_image\" \/>\n<meta name=\"twitter:label1\" content=\"Ber\u00e4knad l\u00e4stid\" \/>\n\t<meta name=\"twitter:data1\" content=\"2 minuter\" \/>\n<script type=\"application\/ld+json\" class=\"yoast-schema-graph\">{\"@context\":\"https:\/\/schema.org\",\"@graph\":[{\"@type\":\"WebPage\",\"@id\":\"https:\/\/pistonaddict.com\/sv\/product\/1985-porsche-911-carrera-3-2-for-sale\/\",\"url\":\"https:\/\/pistonaddict.com\/sv\/product\/1985-porsche-911-carrera-3-2-for-sale\/\",\"name\":\"1985 Porsche 911 Carrera 3.2 p\u00e5 auktion - Piston Addict\",\"isPartOf\":{\"@id\":\"https:\/\/pistonaddict.com\/sv\/#website\"},\"primaryImageOfPage\":{\"@id\":\"https:\/\/pistonaddict.com\/sv\/product\/1985-porsche-911-carrera-3-2-for-sale\/#primaryimage\"},\"image\":{\"@id\":\"https:\/\/pistonaddict.com\/sv\/product\/1985-porsche-911-carrera-3-2-for-sale\/#primaryimage\"},\"thumbnailUrl\":\"https:\/\/pistonaddict.com\/wp-content\/uploads\/2023\/03\/IMG_2519-scaled.jpeg\",\"datePublished\":\"2023-03-02T20:25:19+00:00\",\"dateModified\":\"2024-03-22T15:10:46+00:00\",\"description\":\"Kolla in denna underbara Porsche 911 Carrera 3.2 fr\u00e5n 1985 som auktioneras ut p\u00e5 PistonAddict.com.\",\"breadcrumb\":{\"@id\":\"https:\/\/pistonaddict.com\/sv\/product\/1985-porsche-911-carrera-3-2-for-sale\/#breadcrumb\"},\"inLanguage\":\"sv-SE\",\"potentialAction\":[{\"@type\":\"ReadAction\",\"target\":[\"https:\/\/pistonaddict.com\/sv\/product\/1985-porsche-911-carrera-3-2-for-sale\/\"]}]},{\"@type\":\"ImageObject\",\"inLanguage\":\"sv-SE\",\"@id\":\"https:\/\/pistonaddict.com\/sv\/product\/1985-porsche-911-carrera-3-2-for-sale\/#primaryimage\",\"url\":\"https:\/\/pistonaddict.com\/wp-content\/uploads\/2023\/03\/IMG_2519-scaled.jpeg\",\"contentUrl\":\"https:\/\/pistonaddict.com\/wp-content\/uploads\/2023\/03\/IMG_2519-scaled.jpeg\",\"width\":2560,\"height\":1920},{\"@type\":\"BreadcrumbList\",\"@id\":\"https:\/\/pistonaddict.com\/sv\/product\/1985-porsche-911-carrera-3-2-for-sale\/#breadcrumb\",\"itemListElement\":[{\"@type\":\"ListItem\",\"position\":1,\"name\":\"Hemsida\",\"item\":\"https:\/\/pistonaddict.com\/sv\/hemsidan\/\"},{\"@type\":\"ListItem\",\"position\":2,\"name\":\"Auctions\",\"item\":\"https:\/\/pistonaddict.com\/auctions-listing\/\"},{\"@type\":\"ListItem\",\"position\":3,\"name\":\"1985 Porsche 911 Carrera 3.2 p\u00e5 auktion\"}]},{\"@type\":\"WebSite\",\"@id\":\"https:\/\/pistonaddict.com\/sv\/#website\",\"url\":\"https:\/\/pistonaddict.com\/sv\/\",\"name\":\"Piston Addict\",\"description\":\"Only interesting vehicles\",\"publisher\":{\"@id\":\"https:\/\/pistonaddict.com\/sv\/#organization\"},\"potentialAction\":[{\"@type\":\"SearchAction\",\"target\":{\"@type\":\"EntryPoint\",\"urlTemplate\":\"https:\/\/pistonaddict.com\/sv\/?s={search_term_string}\"},\"query-input\":\"required name=search_term_string\"}],\"inLanguage\":\"sv-SE\"},{\"@type\":\"Organization\",\"@id\":\"https:\/\/pistonaddict.com\/sv\/#organization\",\"name\":\"Piston Addict\",\"url\":\"https:\/\/pistonaddict.com\/sv\/\",\"logo\":{\"@type\":\"ImageObject\",\"inLanguage\":\"sv-SE\",\"@id\":\"https:\/\/pistonaddict.com\/sv\/#\/schema\/logo\/image\/\",\"url\":\"https:\/\/pistonaddict.com\/wp-content\/uploads\/2022\/07\/logo-6.png\",\"contentUrl\":\"https:\/\/pistonaddict.com\/wp-content\/uploads\/2022\/07\/logo-6.png\",\"width\":970,\"height\":200,\"caption\":\"Piston Addict\"},\"image\":{\"@id\":\"https:\/\/pistonaddict.com\/sv\/#\/schema\/logo\/image\/\"}}]}<\/script>\n<!-- \/ Yoast SEO plugin. -->","yoast_head_json":{"title":"1985 Porsche 911 Carrera 3.2 p\u00e5 auktion - Piston Addict","description":"Kolla in denna underbara Porsche 911 Carrera 3.2 fr\u00e5n 1985 som auktioneras ut p\u00e5 PistonAddict.com.","robots":{"index":"index","follow":"follow","max-snippet":"max-snippet:-1","max-image-preview":"max-image-preview:large","max-video-preview":"max-video-preview:-1"},"canonical":"https:\/\/pistonaddict.com\/sv\/product\/1985-porsche-911-carrera-3-2-for-sale\/","og_locale":"sv_SE","og_type":"article","og_title":"1985 Porsche 911 Carrera 3.2 p\u00e5 auktion - Piston Addict","og_description":"Kolla in denna underbara Porsche 911 Carrera 3.2 fr\u00e5n 1985 som auktioneras ut p\u00e5 PistonAddict.com.","og_url":"https:\/\/pistonaddict.com\/sv\/product\/1985-porsche-911-carrera-3-2-for-sale\/","og_site_name":"Piston Addict","article_modified_time":"2024-03-22T15:10:46+00:00","og_image":[{"width":2560,"height":1920,"url":"https:\/\/pistonaddict.com\/wp-content\/uploads\/2023\/03\/IMG_2519-scaled.jpeg","type":"image\/jpeg"}],"twitter_card":"summary_large_image","twitter_misc":{"Ber\u00e4knad l\u00e4stid":"2 minuter"},"schema":{"@context":"https:\/\/schema.org","@graph":[{"@type":"WebPage","@id":"https:\/\/pistonaddict.com\/sv\/product\/1985-porsche-911-carrera-3-2-for-sale\/","url":"https:\/\/pistonaddict.com\/sv\/product\/1985-porsche-911-carrera-3-2-for-sale\/","name":"1985 Porsche 911 Carrera 3.2 p\u00e5 auktion - Piston Addict","isPartOf":{"@id":"https:\/\/pistonaddict.com\/sv\/#website"},"primaryImageOfPage":{"@id":"https:\/\/pistonaddict.com\/sv\/product\/1985-porsche-911-carrera-3-2-for-sale\/#primaryimage"},"image":{"@id":"https:\/\/pistonaddict.com\/sv\/product\/1985-porsche-911-carrera-3-2-for-sale\/#primaryimage"},"thumbnailUrl":"https:\/\/pistonaddict.com\/wp-content\/uploads\/2023\/03\/IMG_2519-scaled.jpeg","datePublished":"2023-03-02T20:25:19+00:00","dateModified":"2024-03-22T15:10:46+00:00","description":"Kolla in denna underbara Porsche 911 Carrera 3.2 fr\u00e5n 1985 som auktioneras ut p\u00e5 PistonAddict.com.","breadcrumb":{"@id":"https:\/\/pistonaddict.com\/sv\/product\/1985-porsche-911-carrera-3-2-for-sale\/#breadcrumb"},"inLanguage":"sv-SE","potentialAction":[{"@type":"ReadAction","target":["https:\/\/pistonaddict.com\/sv\/product\/1985-porsche-911-carrera-3-2-for-sale\/"]}]},{"@type":"ImageObject","inLanguage":"sv-SE","@id":"https:\/\/pistonaddict.com\/sv\/product\/1985-porsche-911-carrera-3-2-for-sale\/#primaryimage","url":"https:\/\/pistonaddict.com\/wp-content\/uploads\/2023\/03\/IMG_2519-scaled.jpeg","contentUrl":"https:\/\/pistonaddict.com\/wp-content\/uploads\/2023\/03\/IMG_2519-scaled.jpeg","width":2560,"height":1920},{"@type":"BreadcrumbList","@id":"https:\/\/pistonaddict.com\/sv\/product\/1985-porsche-911-carrera-3-2-for-sale\/#breadcrumb","itemListElement":[{"@type":"ListItem","position":1,"name":"Hemsida","item":"https:\/\/pistonaddict.com\/sv\/hemsidan\/"},{"@type":"ListItem","position":2,"name":"Auctions","item":"https:\/\/pistonaddict.com\/auctions-listing\/"},{"@type":"ListItem","position":3,"name":"1985 Porsche 911 Carrera 3.2 p\u00e5 auktion"}]},{"@type":"WebSite","@id":"https:\/\/pistonaddict.com\/sv\/#website","url":"https:\/\/pistonaddict.com\/sv\/","name":"Piston Addict","description":"Only interesting vehicles","publisher":{"@id":"https:\/\/pistonaddict.com\/sv\/#organization"},"potentialAction":[{"@type":"SearchAction","target":{"@type":"EntryPoint","urlTemplate":"https:\/\/pistonaddict.com\/sv\/?s={search_term_string}"},"query-input":"required name=search_term_string"}],"inLanguage":"sv-SE"},{"@type":"Organization","@id":"https:\/\/pistonaddict.com\/sv\/#organization","name":"Piston Addict","url":"https:\/\/pistonaddict.com\/sv\/","logo":{"@type":"ImageObject","inLanguage":"sv-SE","@id":"https:\/\/pistonaddict.com\/sv\/#\/schema\/logo\/image\/","url":"https:\/\/pistonaddict.com\/wp-content\/uploads\/2022\/07\/logo-6.png","contentUrl":"https:\/\/pistonaddict.com\/wp-content\/uploads\/2022\/07\/logo-6.png","width":970,"height":200,"caption":"Piston Addict"},"image":{"@id":"https:\/\/pistonaddict.com\/sv\/#\/schema\/logo\/image\/"}}]}},"_links":{"self":[{"href":"https:\/\/pistonaddict.com\/sv\/wp-json\/wp\/v2\/product\/29710"}],"collection":[{"href":"https:\/\/pistonaddict.com\/sv\/wp-json\/wp\/v2\/product"}],"about":[{"href":"https:\/\/pistonaddict.com\/sv\/wp-json\/wp\/v2\/types\/product"}],"replies":[{"embeddable":true,"href":"https:\/\/pistonaddict.com\/sv\/wp-json\/wp\/v2\/comments?post=29710"}],"wp:featuredmedia":[{"embeddable":true,"href":"https:\/\/pistonaddict.com\/sv\/wp-json\/wp\/v2\/media\/29676"}],"wp:attachment":[{"href":"https:\/\/pistonaddict.com\/sv\/wp-json\/wp\/v2\/media?parent=29710"}],"wp:term":[{"taxonomy":"product_cat","embeddable":true,"href":"https:\/\/pistonaddict.com\/sv\/wp-json\/wp\/v2\/product_cat?post=29710"},{"taxonomy":"product_tag","embeddable":true,"href":"https:\/\/pistonaddict.com\/sv\/wp-json\/wp\/v2\/product_tag?post=29710"}],"curies":[{"name":"wp","href":"https:\/\/api.w.org\/{rel}","templated":true}]}}