{"id":28022,"date":"2023-03-02T16:24:00","date_gmt":"2023-03-02T15:24:00","guid":{"rendered":"https:\/\/pistonaddict.com\/product\/2008-porsche-911-gt2\/"},"modified":"2024-03-22T16:09:26","modified_gmt":"2024-03-22T15:09:26","slug":"2008-porsche-911-gt2","status":"publish","type":"product","link":"https:\/\/pistonaddict.com\/sv\/product\/2008-porsche-911-gt2\/","title":{"rendered":"2008 Porsche 911 GT2 p\u00e5 auktion"},"content":{"rendered":"<h2>Exteri\u00f6r<\/h2>\n<p>Den aktuella bilen \u00e4r svartlackerad och har Bi-Xenon-str\u00e5lkastare. Men det mest sl\u00e5ende med denna Porsche \u00e4r dess aggressiva utseende. J\u00e4mf\u00f6rt med en standard 911 har GT2 bredare karosseripaneler och st\u00f6tf\u00e5ngare, med ytterligare ventiler f\u00f6r b\u00e4ttre kylning. Gl\u00e4nsande titanavgasspetsar \u00e4r en annan anm\u00e4rkningsv\u00e4rd detalj som skiljer den fr\u00e5n andra modeller. Slutligen ger en stor svart spoiler p\u00e5 baksidan ett mer aggressivt utseende och f\u00f6rb\u00e4ttrar aerodynamiken. Bilen sitter p\u00e5 fabriksmonterade 19-tums hjul med Michelin Pilot Sport Cup2-d\u00e4ck. Dessa d\u00e4ck monterades p\u00e5 fordonet i juli 2022 och \u00e4r idealiska f\u00f6r \u00e4ndam\u00e5let.<\/p>\n<h2>Interi\u00f6r<\/h2>\n<p>P\u00e5 insidan finns det tv\u00e5 manuellt justerbara, l\u00e4tta skopstolar kl\u00e4dda i flamskyddande tyg och f\u00f6rsedda med r\u00f6da racersele. \u00c4garen beskriver dem <em>som nya<\/em>, och bilderna ber\u00e4ttar samma sak. P\u00e5 baksidan finns en fabriksmonterad \u00f6verrullningsb\u00e5ge som g\u00f6r chassit h\u00e5rdare och f\u00f6rb\u00e4ttrar s\u00e4kerheten. Resten av bilens interi\u00f6r \u00e4r kl\u00e4dd i svart tyg. N\u00e4r f\u00f6raren v\u00e4l sitter i bilen sitter han eller hon bakom en fyrekig ratt i Alcantara-l\u00e4der. Som i de flesta Porsches domineras instrumentklustret av en varvr\u00e4knare, vars r\u00f6da gr\u00e4ns \u00e4r 7 000 varv per minut. Dessutom har den en hastighetsm\u00e4tare som g\u00e5r upp till 350 KPM och flera m\u00e4tare som visar viktiga driftsparametrar. Detta inkluderar bland annat motortemperatur, oljetryck och br\u00e4nsleniv\u00e5. Den aktuella m\u00e4tarst\u00e4llningen \u00e4r inst\u00e4lld p\u00e5 cirka 12 000 kilometer. Slutligen finns det ett stoppur mitt p\u00e5 instrumentpanelen, vilket \u00e4r till hj\u00e4lp n\u00e4r du k\u00f6r tidsbest\u00e4mda varv.<\/p>\n<h2>Mekanik<\/h2>\n<p>Det \u00e4r i mekaniken under huden som GT2:s karakt\u00e4r avsl\u00f6jas fullt ut. Till att b\u00f6rja med har den en 3,6-liters flat-sixmotor, som anv\u00e4nds i de flesta av 997-modellerna. Men f\u00f6r att anv\u00e4ndas i GT2 \u00e4r motorn utrustad med ett par turboladdare med variabel geometri och en direkt br\u00e4nsleinsprutning. Dessa uppgraderingar bidrog till att \u00f6ka effekten till hela 530 h\u00e4stkrafter. Den levereras till bakhjulen via en traditionell 6-v\u00e4xlad v\u00e4xell\u00e5da. Porsche beslutade att spara vikt genom att inte montera ett fyrhjulsdrivningssystem eller en komplex PDK-v\u00e4xell\u00e5da med dubbelkoppling. Slutligen ser en upps\u00e4ttning fabriksmonterade keramiska bromsar till att GT2 stannar lika imponerande som den g\u00e5r.<\/p>\n<h2>Servicehistorik<\/h2>\n<p>\u00c4garen s\u00e4ger att bilen har servats regelbundet enligt tillverkarens schema, och att den senaste servicen gjordes i juli 2022. F\u00f6r n\u00e4rvarande finns det inga k\u00e4nda fel eller varningslampor p\u00e5 instrumentpanelen. Dessutom finns inga m\u00e4rkbara repor, bucklor eller andra brister i karossen. Slutligen \u00e4r fordonet helt och h\u00e5llet lagerh\u00e5llet, utan n\u00e5gra som helst eftermarknadsmodifieringar. Med allt detta i \u00e5tanke kan man s\u00e4ga att denna 911 GT2 \u00e4r <em>i perfekt skick<\/em>, som \u00e4garen beskrev den.<\/p>\n","protected":false},"excerpt":{"rendered":"<p>Denna Porsche 911 GT2 fr\u00e5n 2008, som har k\u00f6rt knappt 12 000 kilometer, s\u00e4ljs privat av \u00e4garen, som k\u00f6pte den helt ny. Den drivs av en 530 h\u00e4stkrafter stark turboladdad flat-six-motor som \u00e4r kopplad till en sexv\u00e4xlad automatl\u00e5da. Bland annat finns 19-tums Porsche-f\u00e4lgar, Bi-Xenon-str\u00e5lkastare, keramiska bromsar, l\u00e4ttviktsf\u00e5t\u00f6ljer med racingb\u00e4lten och en fabriksmonterad \u00f6verrullningsb\u00e5ge. Bilen finns f\u00f6r n\u00e4rvarande i Schweiz, d\u00e4r den har varit registrerad sedan f\u00f6rsta dagen. Den har nyligen genomg\u00e5tt en fullst\u00e4ndig service och har nu n\u00e4stan helt nya d\u00e4ck. Bortsett fr\u00e5n en liten repa i st\u00f6tf\u00e5ngaren 2013, som reparerades helt och h\u00e5llet, \u00e4r den h\u00e4r GT2:an fri fr\u00e5n skador, vilket bekr\u00e4ftas av en motsvarande carVertical-rapport.<\/p>\n","protected":false},"featured_media":27907,"comment_status":"open","ping_status":"closed","template":"","meta":{"inline_featured_image":false},"product_cat":[730],"product_tag":[993,874,922,875,873],"acf":[],"yoast_head":"<!-- This site is optimized with the Yoast SEO plugin v22.5 - https:\/\/yoast.com\/wordpress\/plugins\/seo\/ -->\n<title>2008 Porsche 911 GT2 p\u00e5 auktion - Piston Addict<\/title>\n<meta name=\"description\" content=\"Kolla in denna Porsche 911 GT2 fr\u00e5n 2008 som auktioneras ut p\u00e5 PistonAddict.com\" \/>\n<meta name=\"robots\" content=\"index, follow, max-snippet:-1, max-image-preview:large, max-video-preview:-1\" \/>\n<link rel=\"canonical\" href=\"https:\/\/pistonaddict.com\/sv\/product\/2008-porsche-911-gt2\/\" \/>\n<meta property=\"og:locale\" content=\"sv_SE\" \/>\n<meta property=\"og:type\" content=\"article\" \/>\n<meta property=\"og:title\" content=\"2008 Porsche 911 GT2 p\u00e5 auktion - Piston Addict\" \/>\n<meta property=\"og:description\" content=\"Kolla in denna Porsche 911 GT2 fr\u00e5n 2008 som auktioneras ut p\u00e5 PistonAddict.com\" \/>\n<meta property=\"og:url\" content=\"https:\/\/pistonaddict.com\/sv\/product\/2008-porsche-911-gt2\/\" \/>\n<meta property=\"og:site_name\" content=\"Piston Addict\" \/>\n<meta property=\"article:modified_time\" content=\"2024-03-22T15:09:26+00:00\" \/>\n<meta property=\"og:image\" content=\"https:\/\/pistonaddict.com\/wp-content\/uploads\/2023\/03\/MainGT22008.jpg\" \/>\n\t<meta property=\"og:image:width\" content=\"1200\" \/>\n\t<meta property=\"og:image:height\" content=\"798\" \/>\n\t<meta property=\"og:image:type\" content=\"image\/jpeg\" \/>\n<meta name=\"twitter:card\" content=\"summary_large_image\" \/>\n<meta name=\"twitter:label1\" content=\"Ber\u00e4knad l\u00e4stid\" \/>\n\t<meta name=\"twitter:data1\" content=\"2 minuter\" \/>\n<script type=\"application\/ld+json\" class=\"yoast-schema-graph\">{\"@context\":\"https:\/\/schema.org\",\"@graph\":[{\"@type\":\"WebPage\",\"@id\":\"https:\/\/pistonaddict.com\/sv\/product\/2008-porsche-911-gt2\/\",\"url\":\"https:\/\/pistonaddict.com\/sv\/product\/2008-porsche-911-gt2\/\",\"name\":\"2008 Porsche 911 GT2 p\u00e5 auktion - Piston Addict\",\"isPartOf\":{\"@id\":\"https:\/\/pistonaddict.com\/sv\/#website\"},\"primaryImageOfPage\":{\"@id\":\"https:\/\/pistonaddict.com\/sv\/product\/2008-porsche-911-gt2\/#primaryimage\"},\"image\":{\"@id\":\"https:\/\/pistonaddict.com\/sv\/product\/2008-porsche-911-gt2\/#primaryimage\"},\"thumbnailUrl\":\"https:\/\/pistonaddict.com\/wp-content\/uploads\/2023\/03\/MainGT22008.jpg\",\"datePublished\":\"2023-03-02T15:24:00+00:00\",\"dateModified\":\"2024-03-22T15:09:26+00:00\",\"description\":\"Kolla in denna Porsche 911 GT2 fr\u00e5n 2008 som auktioneras ut p\u00e5 PistonAddict.com\",\"breadcrumb\":{\"@id\":\"https:\/\/pistonaddict.com\/sv\/product\/2008-porsche-911-gt2\/#breadcrumb\"},\"inLanguage\":\"sv-SE\",\"potentialAction\":[{\"@type\":\"ReadAction\",\"target\":[\"https:\/\/pistonaddict.com\/sv\/product\/2008-porsche-911-gt2\/\"]}]},{\"@type\":\"ImageObject\",\"inLanguage\":\"sv-SE\",\"@id\":\"https:\/\/pistonaddict.com\/sv\/product\/2008-porsche-911-gt2\/#primaryimage\",\"url\":\"https:\/\/pistonaddict.com\/wp-content\/uploads\/2023\/03\/MainGT22008.jpg\",\"contentUrl\":\"https:\/\/pistonaddict.com\/wp-content\/uploads\/2023\/03\/MainGT22008.jpg\",\"width\":1200,\"height\":798},{\"@type\":\"BreadcrumbList\",\"@id\":\"https:\/\/pistonaddict.com\/sv\/product\/2008-porsche-911-gt2\/#breadcrumb\",\"itemListElement\":[{\"@type\":\"ListItem\",\"position\":1,\"name\":\"Hemsida\",\"item\":\"https:\/\/pistonaddict.com\/sv\/hemsidan\/\"},{\"@type\":\"ListItem\",\"position\":2,\"name\":\"Auctions\",\"item\":\"https:\/\/pistonaddict.com\/auctions-listing\/\"},{\"@type\":\"ListItem\",\"position\":3,\"name\":\"2008 Porsche 911 GT2 p\u00e5 auktion\"}]},{\"@type\":\"WebSite\",\"@id\":\"https:\/\/pistonaddict.com\/sv\/#website\",\"url\":\"https:\/\/pistonaddict.com\/sv\/\",\"name\":\"Piston Addict\",\"description\":\"Only interesting vehicles\",\"publisher\":{\"@id\":\"https:\/\/pistonaddict.com\/sv\/#organization\"},\"potentialAction\":[{\"@type\":\"SearchAction\",\"target\":{\"@type\":\"EntryPoint\",\"urlTemplate\":\"https:\/\/pistonaddict.com\/sv\/?s={search_term_string}\"},\"query-input\":\"required name=search_term_string\"}],\"inLanguage\":\"sv-SE\"},{\"@type\":\"Organization\",\"@id\":\"https:\/\/pistonaddict.com\/sv\/#organization\",\"name\":\"Piston Addict\",\"url\":\"https:\/\/pistonaddict.com\/sv\/\",\"logo\":{\"@type\":\"ImageObject\",\"inLanguage\":\"sv-SE\",\"@id\":\"https:\/\/pistonaddict.com\/sv\/#\/schema\/logo\/image\/\",\"url\":\"https:\/\/pistonaddict.com\/wp-content\/uploads\/2022\/07\/logo-6.png\",\"contentUrl\":\"https:\/\/pistonaddict.com\/wp-content\/uploads\/2022\/07\/logo-6.png\",\"width\":970,\"height\":200,\"caption\":\"Piston Addict\"},\"image\":{\"@id\":\"https:\/\/pistonaddict.com\/sv\/#\/schema\/logo\/image\/\"}}]}<\/script>\n<!-- \/ Yoast SEO plugin. -->","yoast_head_json":{"title":"2008 Porsche 911 GT2 p\u00e5 auktion - Piston Addict","description":"Kolla in denna Porsche 911 GT2 fr\u00e5n 2008 som auktioneras ut p\u00e5 PistonAddict.com","robots":{"index":"index","follow":"follow","max-snippet":"max-snippet:-1","max-image-preview":"max-image-preview:large","max-video-preview":"max-video-preview:-1"},"canonical":"https:\/\/pistonaddict.com\/sv\/product\/2008-porsche-911-gt2\/","og_locale":"sv_SE","og_type":"article","og_title":"2008 Porsche 911 GT2 p\u00e5 auktion - Piston Addict","og_description":"Kolla in denna Porsche 911 GT2 fr\u00e5n 2008 som auktioneras ut p\u00e5 PistonAddict.com","og_url":"https:\/\/pistonaddict.com\/sv\/product\/2008-porsche-911-gt2\/","og_site_name":"Piston Addict","article_modified_time":"2024-03-22T15:09:26+00:00","og_image":[{"width":1200,"height":798,"url":"https:\/\/pistonaddict.com\/wp-content\/uploads\/2023\/03\/MainGT22008.jpg","type":"image\/jpeg"}],"twitter_card":"summary_large_image","twitter_misc":{"Ber\u00e4knad l\u00e4stid":"2 minuter"},"schema":{"@context":"https:\/\/schema.org","@graph":[{"@type":"WebPage","@id":"https:\/\/pistonaddict.com\/sv\/product\/2008-porsche-911-gt2\/","url":"https:\/\/pistonaddict.com\/sv\/product\/2008-porsche-911-gt2\/","name":"2008 Porsche 911 GT2 p\u00e5 auktion - Piston Addict","isPartOf":{"@id":"https:\/\/pistonaddict.com\/sv\/#website"},"primaryImageOfPage":{"@id":"https:\/\/pistonaddict.com\/sv\/product\/2008-porsche-911-gt2\/#primaryimage"},"image":{"@id":"https:\/\/pistonaddict.com\/sv\/product\/2008-porsche-911-gt2\/#primaryimage"},"thumbnailUrl":"https:\/\/pistonaddict.com\/wp-content\/uploads\/2023\/03\/MainGT22008.jpg","datePublished":"2023-03-02T15:24:00+00:00","dateModified":"2024-03-22T15:09:26+00:00","description":"Kolla in denna Porsche 911 GT2 fr\u00e5n 2008 som auktioneras ut p\u00e5 PistonAddict.com","breadcrumb":{"@id":"https:\/\/pistonaddict.com\/sv\/product\/2008-porsche-911-gt2\/#breadcrumb"},"inLanguage":"sv-SE","potentialAction":[{"@type":"ReadAction","target":["https:\/\/pistonaddict.com\/sv\/product\/2008-porsche-911-gt2\/"]}]},{"@type":"ImageObject","inLanguage":"sv-SE","@id":"https:\/\/pistonaddict.com\/sv\/product\/2008-porsche-911-gt2\/#primaryimage","url":"https:\/\/pistonaddict.com\/wp-content\/uploads\/2023\/03\/MainGT22008.jpg","contentUrl":"https:\/\/pistonaddict.com\/wp-content\/uploads\/2023\/03\/MainGT22008.jpg","width":1200,"height":798},{"@type":"BreadcrumbList","@id":"https:\/\/pistonaddict.com\/sv\/product\/2008-porsche-911-gt2\/#breadcrumb","itemListElement":[{"@type":"ListItem","position":1,"name":"Hemsida","item":"https:\/\/pistonaddict.com\/sv\/hemsidan\/"},{"@type":"ListItem","position":2,"name":"Auctions","item":"https:\/\/pistonaddict.com\/auctions-listing\/"},{"@type":"ListItem","position":3,"name":"2008 Porsche 911 GT2 p\u00e5 auktion"}]},{"@type":"WebSite","@id":"https:\/\/pistonaddict.com\/sv\/#website","url":"https:\/\/pistonaddict.com\/sv\/","name":"Piston Addict","description":"Only interesting vehicles","publisher":{"@id":"https:\/\/pistonaddict.com\/sv\/#organization"},"potentialAction":[{"@type":"SearchAction","target":{"@type":"EntryPoint","urlTemplate":"https:\/\/pistonaddict.com\/sv\/?s={search_term_string}"},"query-input":"required name=search_term_string"}],"inLanguage":"sv-SE"},{"@type":"Organization","@id":"https:\/\/pistonaddict.com\/sv\/#organization","name":"Piston Addict","url":"https:\/\/pistonaddict.com\/sv\/","logo":{"@type":"ImageObject","inLanguage":"sv-SE","@id":"https:\/\/pistonaddict.com\/sv\/#\/schema\/logo\/image\/","url":"https:\/\/pistonaddict.com\/wp-content\/uploads\/2022\/07\/logo-6.png","contentUrl":"https:\/\/pistonaddict.com\/wp-content\/uploads\/2022\/07\/logo-6.png","width":970,"height":200,"caption":"Piston Addict"},"image":{"@id":"https:\/\/pistonaddict.com\/sv\/#\/schema\/logo\/image\/"}}]}},"_links":{"self":[{"href":"https:\/\/pistonaddict.com\/sv\/wp-json\/wp\/v2\/product\/28022"}],"collection":[{"href":"https:\/\/pistonaddict.com\/sv\/wp-json\/wp\/v2\/product"}],"about":[{"href":"https:\/\/pistonaddict.com\/sv\/wp-json\/wp\/v2\/types\/product"}],"replies":[{"embeddable":true,"href":"https:\/\/pistonaddict.com\/sv\/wp-json\/wp\/v2\/comments?post=28022"}],"wp:featuredmedia":[{"embeddable":true,"href":"https:\/\/pistonaddict.com\/sv\/wp-json\/wp\/v2\/media\/27907"}],"wp:attachment":[{"href":"https:\/\/pistonaddict.com\/sv\/wp-json\/wp\/v2\/media?parent=28022"}],"wp:term":[{"taxonomy":"product_cat","embeddable":true,"href":"https:\/\/pistonaddict.com\/sv\/wp-json\/wp\/v2\/product_cat?post=28022"},{"taxonomy":"product_tag","embeddable":true,"href":"https:\/\/pistonaddict.com\/sv\/wp-json\/wp\/v2\/product_tag?post=28022"}],"curies":[{"name":"wp","href":"https:\/\/api.w.org\/{rel}","templated":true}]}}