{"id":108799,"date":"2024-06-11T17:05:07","date_gmt":"2024-06-11T15:05:07","guid":{"rendered":"https:\/\/pistonaddict.com\/product\/lamborghini-urraco-p250\/"},"modified":"2024-06-12T09:54:44","modified_gmt":"2024-06-12T07:54:44","slug":"lamborghini-urraco-p250","status":"publish","type":"product","link":"https:\/\/pistonaddict.com\/sv\/product\/lamborghini-urraco-p250\/","title":{"rendered":"Lamborghini Urraco P250"},"content":{"rendered":"<h2>Exteri\u00f6r<\/h2>\n<p>P\u00e5 utsidan har denna italienska fyrsitsiga bil en killiknande silhuett som \u00e4r karakteristisk f\u00f6r de flesta superbilar p\u00e5 den tiden. Fronten domineras av de ikoniska pop-up-str\u00e5lkastarna, som \u00e4r en absolut n\u00f6dv\u00e4ndighet f\u00f6r att rymma den platta, l\u00e5gt h\u00e4ngande huven. Flytta l\u00e4ngs sidorna, d\u00e4r muskul\u00f6sa hjulb\u00e5gar som rymmer de ursprungliga 14-tums legeringsf\u00e4lgarna utrustade med periodkorrekta Michelin XWX-d\u00e4ck \u00e4r de mest m\u00e4rkbara. Ett vaket \u00f6ga kommer dessutom att uppt\u00e4cka en dubbel ANSA i rostfritt st\u00e5l, tillverkad av den ber\u00f6mda tunern Abart, p\u00e5 baksidan. Just den h\u00e4r bilen \u00e4r lackerad i en elegant silverfinish, vilket ger en elegant \u00f6verbyggnad till den aggressiva h\u00e5llningen.<\/p>\n<h2>Interi\u00f6r<\/h2>\n<p>N\u00e4r d\u00f6rrarna \u00f6ppnas avsl\u00f6jas Lambos \u00f6verd\u00e5diga Nero-inredning, med de fr\u00e4mre hinkstolarna, vars skick beskrivs av s\u00e4ljaren som &#8220;nya&#8221;, \u00e4r det mest anm\u00e4rkningsv\u00e4rda. Samma beskrivning kan anv\u00e4ndas f\u00f6r den bakre b\u00e4nken, som \u00e4r tillr\u00e4ckligt rymlig f\u00f6r att rymma tv\u00e5 personer. N\u00e4r f\u00f6raren v\u00e4l har satt sig i f\u00f6rarstolen sitter han eller hon framf\u00f6r en fyrekrad l\u00e4derratt med ett genomarbetat instrumentkluster bakom. F\u00f6rutom hastighetsm\u00e4taren som g\u00e5r upp till 280 km\/h och varvr\u00e4knaren p\u00e5 9000 varv\/minut finns m\u00e4tare f\u00f6r motortemperatur, oljetryck och laddningssp\u00e4nning. Instrumentpanelen \u00e4r kl\u00e4dd med m\u00f6rkgr\u00e5tt Alcantara-l\u00e4der, vilket ger en mjuk k\u00e4nsla och ett platt utseende som inte reflekterar solens str\u00e5lar.<\/p>\n<h2>Mekanik<\/h2>\n<p>Som P250-modell har denna Urraco en 2,5-liters V8-motor som ger 250 h\u00e4stkrafter och ett lika imponerande vridmoment p\u00e5 220 Nm. Denna kraft \u00f6verf\u00f6rs via en 5-v\u00e4xlad manuell v\u00e4xell\u00e5da, vilket garanterar 0-100-tider p\u00e5 knappt 7 sekunder och en toppfart p\u00e5 240 kilometer i timmen. Dessa prestandasiffror, som \u00e4r imponerande \u00e4ven med dagens m\u00e5tt m\u00e4tt, gjorde Uracco till en av de snabbaste fyrsitsiga bilarna p\u00e5 den tiden. Hanteringen \u00e4r exakt tack vare en oberoende fj\u00e4dring, medan kapabla och h\u00e5llbara skivbromsar p\u00e5 alla fyra hjulen garanterar s\u00e4ker inbromsning.<\/p>\n<h2>Fordonets historia<\/h2>\n<p>Lamborghini Urraco P250 som vi har h\u00e4r tillverkades 1975 och har f\u00f6r n\u00e4rvarande 78 000 kilometer p\u00e5 klockan. Under \u00e5rens lopp har bilen aldrig anv\u00e4nts p\u00e5 bana eller varit inblandad i n\u00e5gon olycka. Under 2016 fick den en omfattande \u00f6versyn, d\u00e4r motorn och fj\u00e4dringen byggdes om helt och h\u00e5llet, medan underredet fick ett nytt lager rostskydd. Samtidigt omkl\u00e4ddes interi\u00f6ren helt och h\u00e5llet och bilen lackerades om. Visuella brister \u00e4r begr\u00e4nsade till mindre skador p\u00e5 f\u00f6rard\u00f6rren, som kommer att repareras f\u00f6re leverans till sin framtida \u00e4gare. Fordonet befinner sig f\u00f6r n\u00e4rvarande i Spanien, d\u00e4r det har varit registrerat sedan dag ett.<\/p>\n<p><strong>Kolla in kallstartvideon av denna fantastiska<\/strong> <strong>Lamborghini Urraco P250<\/strong>:<\/p>\n<p><iframe title=\"Cold Start Video of the amazing Lamborghini Urraco P250\" width=\"1200\" height=\"675\" src=\"https:\/\/www.youtube.com\/embed\/wt_LCr8LgcQ?feature=oembed\" frameborder=\"0\" allow=\"accelerometer; autoplay; clipboard-write; encrypted-media; gyroscope; picture-in-picture; web-share\" referrerpolicy=\"strict-origin-when-cross-origin\" allowfullscreen><\/iframe><\/p>\n<p><strong>Och videoturen :<\/strong><\/p>\n<p><iframe title=\"Video Tour of the Lamborghini Urraco P250\" width=\"1200\" height=\"675\" src=\"https:\/\/www.youtube.com\/embed\/azU8K1XDHOA?feature=oembed\" frameborder=\"0\" allow=\"accelerometer; autoplay; clipboard-write; encrypted-media; gyroscope; picture-in-picture; web-share\" referrerpolicy=\"strict-origin-when-cross-origin\" allowfullscreen><\/iframe><\/p>\n","protected":false},"excerpt":{"rendered":"<p>Urraco \u00e4r uppkallad efter en ras av kamptjurar fr\u00e5n Miura och \u00e4r en sportbil som tillverkades av Lamborghini mellan 1972 och 1979. Denna fyrsitsiga bil, designad av Bertone, var avsedd att ta upp kampen med konkurrenter som Ferrari 308 GT4 och den legendariska Porsche 911. Trots att Urraco var fantastisk att se p\u00e5 och l\u00e4tt att k\u00f6ra blev den ingen stor f\u00f6rs\u00e4ljningsframg\u00e5ng, och endast 791 bilar tillverkades under de 7 \u00e5r som den tillverkades. \u00c4nd\u00e5 s\u00e4kerst\u00e4ller s\u00e5dana begr\u00e4nsade produktionsnummer exklusivitet, s\u00e5 de som k\u00f6per denna silver Lambo kommer att ha n\u00e5got som inte ses ofta.<\/p>\n","protected":false},"featured_media":108769,"comment_status":"open","ping_status":"closed","template":"","meta":{"inline_featured_image":false},"product_cat":[730],"product_tag":[4275,4276,4274,958],"acf":[],"yoast_head":"<!-- This site is optimized with the Yoast SEO plugin v22.5 - https:\/\/yoast.com\/wordpress\/plugins\/seo\/ -->\n<title>Lamborghini Urraco P250 - Piston Addict<\/title>\n<meta name=\"robots\" content=\"index, follow, max-snippet:-1, max-image-preview:large, max-video-preview:-1\" \/>\n<link rel=\"canonical\" href=\"https:\/\/pistonaddict.com\/sv\/product\/lamborghini-urraco-p250\/\" \/>\n<meta property=\"og:locale\" content=\"sv_SE\" \/>\n<meta property=\"og:type\" content=\"article\" \/>\n<meta property=\"og:title\" content=\"Lamborghini Urraco P250 - Piston Addict\" \/>\n<meta property=\"og:description\" content=\"Urraco \u00e4r uppkallad efter en ras av kamptjurar fr\u00e5n Miura och \u00e4r en sportbil som tillverkades av Lamborghini mellan 1972 och 1979. Denna fyrsitsiga bil, designad av Bertone, var avsedd att ta upp kampen med konkurrenter som Ferrari 308 GT4 och den legendariska Porsche 911. Trots att Urraco var fantastisk att se p\u00e5 och l\u00e4tt att k\u00f6ra blev den ingen stor f\u00f6rs\u00e4ljningsframg\u00e5ng, och endast 791 bilar tillverkades under de 7 \u00e5r som den tillverkades. \u00c4nd\u00e5 s\u00e4kerst\u00e4ller s\u00e5dana begr\u00e4nsade produktionsnummer exklusivitet, s\u00e5 de som k\u00f6per denna silver Lambo kommer att ha n\u00e5got som inte ses ofta.\" \/>\n<meta property=\"og:url\" content=\"https:\/\/pistonaddict.com\/sv\/product\/lamborghini-urraco-p250\/\" \/>\n<meta property=\"og:site_name\" content=\"Piston Addict\" \/>\n<meta property=\"article:modified_time\" content=\"2024-06-12T07:54:44+00:00\" \/>\n<meta property=\"og:image\" content=\"https:\/\/pistonaddict.com\/wp-content\/uploads\/2024\/06\/IMG-20231121-WA0182.jpg\" \/>\n\t<meta property=\"og:image:width\" content=\"2048\" \/>\n\t<meta property=\"og:image:height\" content=\"1536\" \/>\n\t<meta property=\"og:image:type\" content=\"image\/jpeg\" \/>\n<meta name=\"twitter:card\" content=\"summary_large_image\" \/>\n<meta name=\"twitter:label1\" content=\"Ber\u00e4knad l\u00e4stid\" \/>\n\t<meta name=\"twitter:data1\" content=\"2 minuter\" \/>\n<script type=\"application\/ld+json\" class=\"yoast-schema-graph\">{\"@context\":\"https:\/\/schema.org\",\"@graph\":[{\"@type\":\"WebPage\",\"@id\":\"https:\/\/pistonaddict.com\/sv\/product\/lamborghini-urraco-p250\/\",\"url\":\"https:\/\/pistonaddict.com\/sv\/product\/lamborghini-urraco-p250\/\",\"name\":\"Lamborghini Urraco P250 - Piston Addict\",\"isPartOf\":{\"@id\":\"https:\/\/pistonaddict.com\/sv\/#website\"},\"primaryImageOfPage\":{\"@id\":\"https:\/\/pistonaddict.com\/sv\/product\/lamborghini-urraco-p250\/#primaryimage\"},\"image\":{\"@id\":\"https:\/\/pistonaddict.com\/sv\/product\/lamborghini-urraco-p250\/#primaryimage\"},\"thumbnailUrl\":\"https:\/\/pistonaddict.com\/wp-content\/uploads\/2024\/06\/IMG-20231121-WA0182.jpg\",\"datePublished\":\"2024-06-11T15:05:07+00:00\",\"dateModified\":\"2024-06-12T07:54:44+00:00\",\"breadcrumb\":{\"@id\":\"https:\/\/pistonaddict.com\/sv\/product\/lamborghini-urraco-p250\/#breadcrumb\"},\"inLanguage\":\"sv-SE\",\"potentialAction\":[{\"@type\":\"ReadAction\",\"target\":[\"https:\/\/pistonaddict.com\/sv\/product\/lamborghini-urraco-p250\/\"]}]},{\"@type\":\"ImageObject\",\"inLanguage\":\"sv-SE\",\"@id\":\"https:\/\/pistonaddict.com\/sv\/product\/lamborghini-urraco-p250\/#primaryimage\",\"url\":\"https:\/\/pistonaddict.com\/wp-content\/uploads\/2024\/06\/IMG-20231121-WA0182.jpg\",\"contentUrl\":\"https:\/\/pistonaddict.com\/wp-content\/uploads\/2024\/06\/IMG-20231121-WA0182.jpg\",\"width\":2048,\"height\":1536},{\"@type\":\"BreadcrumbList\",\"@id\":\"https:\/\/pistonaddict.com\/sv\/product\/lamborghini-urraco-p250\/#breadcrumb\",\"itemListElement\":[{\"@type\":\"ListItem\",\"position\":1,\"name\":\"Hemsida\",\"item\":\"https:\/\/pistonaddict.com\/sv\/hemsidan\/\"},{\"@type\":\"ListItem\",\"position\":2,\"name\":\"Auctions\",\"item\":\"https:\/\/pistonaddict.com\/auctions-listing\/\"},{\"@type\":\"ListItem\",\"position\":3,\"name\":\"Lamborghini Urraco P250\"}]},{\"@type\":\"WebSite\",\"@id\":\"https:\/\/pistonaddict.com\/sv\/#website\",\"url\":\"https:\/\/pistonaddict.com\/sv\/\",\"name\":\"Piston Addict\",\"description\":\"Only interesting vehicles\",\"publisher\":{\"@id\":\"https:\/\/pistonaddict.com\/sv\/#organization\"},\"potentialAction\":[{\"@type\":\"SearchAction\",\"target\":{\"@type\":\"EntryPoint\",\"urlTemplate\":\"https:\/\/pistonaddict.com\/sv\/?s={search_term_string}\"},\"query-input\":\"required name=search_term_string\"}],\"inLanguage\":\"sv-SE\"},{\"@type\":\"Organization\",\"@id\":\"https:\/\/pistonaddict.com\/sv\/#organization\",\"name\":\"Piston Addict\",\"url\":\"https:\/\/pistonaddict.com\/sv\/\",\"logo\":{\"@type\":\"ImageObject\",\"inLanguage\":\"sv-SE\",\"@id\":\"https:\/\/pistonaddict.com\/sv\/#\/schema\/logo\/image\/\",\"url\":\"https:\/\/pistonaddict.com\/wp-content\/uploads\/2022\/07\/logo-6.png\",\"contentUrl\":\"https:\/\/pistonaddict.com\/wp-content\/uploads\/2022\/07\/logo-6.png\",\"width\":970,\"height\":200,\"caption\":\"Piston Addict\"},\"image\":{\"@id\":\"https:\/\/pistonaddict.com\/sv\/#\/schema\/logo\/image\/\"}}]}<\/script>\n<!-- \/ Yoast SEO plugin. -->","yoast_head_json":{"title":"Lamborghini Urraco P250 - Piston Addict","robots":{"index":"index","follow":"follow","max-snippet":"max-snippet:-1","max-image-preview":"max-image-preview:large","max-video-preview":"max-video-preview:-1"},"canonical":"https:\/\/pistonaddict.com\/sv\/product\/lamborghini-urraco-p250\/","og_locale":"sv_SE","og_type":"article","og_title":"Lamborghini Urraco P250 - Piston Addict","og_description":"Urraco \u00e4r uppkallad efter en ras av kamptjurar fr\u00e5n Miura och \u00e4r en sportbil som tillverkades av Lamborghini mellan 1972 och 1979. Denna fyrsitsiga bil, designad av Bertone, var avsedd att ta upp kampen med konkurrenter som Ferrari 308 GT4 och den legendariska Porsche 911. Trots att Urraco var fantastisk att se p\u00e5 och l\u00e4tt att k\u00f6ra blev den ingen stor f\u00f6rs\u00e4ljningsframg\u00e5ng, och endast 791 bilar tillverkades under de 7 \u00e5r som den tillverkades. \u00c4nd\u00e5 s\u00e4kerst\u00e4ller s\u00e5dana begr\u00e4nsade produktionsnummer exklusivitet, s\u00e5 de som k\u00f6per denna silver Lambo kommer att ha n\u00e5got som inte ses ofta.","og_url":"https:\/\/pistonaddict.com\/sv\/product\/lamborghini-urraco-p250\/","og_site_name":"Piston Addict","article_modified_time":"2024-06-12T07:54:44+00:00","og_image":[{"width":2048,"height":1536,"url":"https:\/\/pistonaddict.com\/wp-content\/uploads\/2024\/06\/IMG-20231121-WA0182.jpg","type":"image\/jpeg"}],"twitter_card":"summary_large_image","twitter_misc":{"Ber\u00e4knad l\u00e4stid":"2 minuter"},"schema":{"@context":"https:\/\/schema.org","@graph":[{"@type":"WebPage","@id":"https:\/\/pistonaddict.com\/sv\/product\/lamborghini-urraco-p250\/","url":"https:\/\/pistonaddict.com\/sv\/product\/lamborghini-urraco-p250\/","name":"Lamborghini Urraco P250 - Piston Addict","isPartOf":{"@id":"https:\/\/pistonaddict.com\/sv\/#website"},"primaryImageOfPage":{"@id":"https:\/\/pistonaddict.com\/sv\/product\/lamborghini-urraco-p250\/#primaryimage"},"image":{"@id":"https:\/\/pistonaddict.com\/sv\/product\/lamborghini-urraco-p250\/#primaryimage"},"thumbnailUrl":"https:\/\/pistonaddict.com\/wp-content\/uploads\/2024\/06\/IMG-20231121-WA0182.jpg","datePublished":"2024-06-11T15:05:07+00:00","dateModified":"2024-06-12T07:54:44+00:00","breadcrumb":{"@id":"https:\/\/pistonaddict.com\/sv\/product\/lamborghini-urraco-p250\/#breadcrumb"},"inLanguage":"sv-SE","potentialAction":[{"@type":"ReadAction","target":["https:\/\/pistonaddict.com\/sv\/product\/lamborghini-urraco-p250\/"]}]},{"@type":"ImageObject","inLanguage":"sv-SE","@id":"https:\/\/pistonaddict.com\/sv\/product\/lamborghini-urraco-p250\/#primaryimage","url":"https:\/\/pistonaddict.com\/wp-content\/uploads\/2024\/06\/IMG-20231121-WA0182.jpg","contentUrl":"https:\/\/pistonaddict.com\/wp-content\/uploads\/2024\/06\/IMG-20231121-WA0182.jpg","width":2048,"height":1536},{"@type":"BreadcrumbList","@id":"https:\/\/pistonaddict.com\/sv\/product\/lamborghini-urraco-p250\/#breadcrumb","itemListElement":[{"@type":"ListItem","position":1,"name":"Hemsida","item":"https:\/\/pistonaddict.com\/sv\/hemsidan\/"},{"@type":"ListItem","position":2,"name":"Auctions","item":"https:\/\/pistonaddict.com\/auctions-listing\/"},{"@type":"ListItem","position":3,"name":"Lamborghini Urraco P250"}]},{"@type":"WebSite","@id":"https:\/\/pistonaddict.com\/sv\/#website","url":"https:\/\/pistonaddict.com\/sv\/","name":"Piston Addict","description":"Only interesting vehicles","publisher":{"@id":"https:\/\/pistonaddict.com\/sv\/#organization"},"potentialAction":[{"@type":"SearchAction","target":{"@type":"EntryPoint","urlTemplate":"https:\/\/pistonaddict.com\/sv\/?s={search_term_string}"},"query-input":"required name=search_term_string"}],"inLanguage":"sv-SE"},{"@type":"Organization","@id":"https:\/\/pistonaddict.com\/sv\/#organization","name":"Piston Addict","url":"https:\/\/pistonaddict.com\/sv\/","logo":{"@type":"ImageObject","inLanguage":"sv-SE","@id":"https:\/\/pistonaddict.com\/sv\/#\/schema\/logo\/image\/","url":"https:\/\/pistonaddict.com\/wp-content\/uploads\/2022\/07\/logo-6.png","contentUrl":"https:\/\/pistonaddict.com\/wp-content\/uploads\/2022\/07\/logo-6.png","width":970,"height":200,"caption":"Piston Addict"},"image":{"@id":"https:\/\/pistonaddict.com\/sv\/#\/schema\/logo\/image\/"}}]}},"_links":{"self":[{"href":"https:\/\/pistonaddict.com\/sv\/wp-json\/wp\/v2\/product\/108799"}],"collection":[{"href":"https:\/\/pistonaddict.com\/sv\/wp-json\/wp\/v2\/product"}],"about":[{"href":"https:\/\/pistonaddict.com\/sv\/wp-json\/wp\/v2\/types\/product"}],"replies":[{"embeddable":true,"href":"https:\/\/pistonaddict.com\/sv\/wp-json\/wp\/v2\/comments?post=108799"}],"wp:featuredmedia":[{"embeddable":true,"href":"https:\/\/pistonaddict.com\/sv\/wp-json\/wp\/v2\/media\/108769"}],"wp:attachment":[{"href":"https:\/\/pistonaddict.com\/sv\/wp-json\/wp\/v2\/media?parent=108799"}],"wp:term":[{"taxonomy":"product_cat","embeddable":true,"href":"https:\/\/pistonaddict.com\/sv\/wp-json\/wp\/v2\/product_cat?post=108799"},{"taxonomy":"product_tag","embeddable":true,"href":"https:\/\/pistonaddict.com\/sv\/wp-json\/wp\/v2\/product_tag?post=108799"}],"curies":[{"name":"wp","href":"https:\/\/api.w.org\/{rel}","templated":true}]}}