{"id":104850,"date":"2024-05-21T11:33:26","date_gmt":"2024-05-21T09:33:26","guid":{"rendered":"https:\/\/pistonaddict.com\/product\/fisker-karma-2\/"},"modified":"2024-05-21T14:15:33","modified_gmt":"2024-05-21T12:15:33","slug":"fisker-karma-2","status":"publish","type":"product","link":"https:\/\/pistonaddict.com\/sv\/product\/fisker-karma-2\/","title":{"rendered":"Fisker Karma"},"content":{"rendered":"<p><strong>Bilens historia<\/strong><\/p>\n<p>Fisker Karma, som \u00e4r ett bevis p\u00e5 Henrik Fiskers genialitet, presenterades 2011. Denna laddhybrid (PHEV) flyttade inte bara fram gr\u00e4nserna f\u00f6r fordonsdesign och teknik, utan f\u00e5ngade ocks\u00e5 hj\u00e4rtan med sin sl\u00e5ende estetik, lyxiga interi\u00f6r och innovativa teknik. Hybrider var ingen nyhet p\u00e5 den tiden, men Karma omdefinierade uppfattningarna och omvandlade dem fr\u00e5n vardagliga till efterstr\u00e4vansv\u00e4rda. Den f\u00f6renar prestanda och h\u00e5llbarhet p\u00e5 ett s\u00f6ml\u00f6st s\u00e4tt, vilket g\u00f6r hybrider b\u00e5de milj\u00f6v\u00e4nliga, snygga och sp\u00e4nnande att k\u00f6ra. Karma drivs av en kraftfull kombination av en 2,0-liters turboladdad bensinmotor och dubbla elmotorer och hade imponerande prestandasiffror. Accelerationen fr\u00e5n 0 till 100 km\/h p\u00e5 bara 5,9 sekunder och en toppfart p\u00e5 \u00f6ver 200 km\/h visade att den \u00e4r en sportbil. Men den uppn\u00e5dde dessa prestationer samtidigt som den beh\u00f6ll en ber\u00f6mv\u00e4rd br\u00e4nsleeffektivitet. Ut\u00f6ver prestandan blev Karmas design dess fr\u00e4msta k\u00e4nnetecken. Dess graci\u00f6sa linjer och imponerande framtoning v\u00e4ckte uppm\u00e4rksamhet \u00f6verallt och fick beundran fr\u00e5n bilentusiaster \u00f6ver hela v\u00e4rlden. Den h\u00e4r specifika modellen, en andra serieversion fr\u00e5n 2013, \u00e4r s\u00e4llsynt och exklusiv. Av de 2 349 Fisker Karmas som tillverkats \u00e4r just denna en av de sista och har serienummer 2 259. En s\u00e4llsynt p\u00e4rla, endast 188 fordon i v\u00e4rlden har denna unika kombination av f\u00e4rg och f\u00e4lgar.<\/p>\n<p><strong>Villkor<\/strong><\/p>\n<p>Med bara 82.080 km, tillsammans med en omfattande servicehistorik och endast ett par h\u00e4ngivna \u00e4gare, st\u00e5r denna Karma i or\u00f6rt skick. N\u00e4r det g\u00e4ller br\u00e4nsleeffektivitet \u00e4r Fiskers p\u00e5st\u00e5ende om en r\u00e4ckvidd p\u00e5 \u00f6ver 80 km med enbart el v\u00e4lgrundat, vilket g\u00f6r den l\u00e4mplig f\u00f6r dagliga pendlingar. Dessutom uppvisar den anm\u00e4rkningsv\u00e4rda siffror vid anv\u00e4ndning av bensin och el, med en genomsnittlig f\u00f6rbrukning p\u00e5 endast 4,5 liter br\u00e4nsle per 100 km. Potentiella k\u00f6pare kommer att uppskatta det noggranna underh\u00e5llet av detta fordon, vilket framg\u00e5r av de omfattande serviceb\u00f6ckerna. Ett oljebyte gjordes i slutet av 2022, en komplett service i mars 2024 och en \u00f6versyn av bromssystemet i maj 2024 f\u00f6r att s\u00e4kerst\u00e4lla att denna eleganta svarta Karma \u00e4r i toppskick. Det viktigaste att n\u00e4mna \u00e4r att batteriet var slut 2017 n\u00e4r den nuvarande \u00e4garen k\u00f6pte bilen &#8211; vilket inneb\u00e4r att framtida \u00e4gare kommer att ha en problemfri \u00e4garupplevelse.<\/p>\n<p><strong>Interi\u00f6r<\/strong><\/p>\n<p>Kombinationen av svart l\u00e4der och Alcantara matchar exteri\u00f6ren perfekt, men det viktigaste \u00e4r att interi\u00f6ren \u00e4r i nyskick utan revor, skador eller modifieringar. Infotainment- och ljudsystemen \u00e4r n\u00e4rvarande, och raml\u00f6sa d\u00f6rrar bidrar till denna sedan sport- och coup\u00e9k\u00e4nsla. P\u00e5 grund av sin speciella konstruktion sitter Karma l\u00e5gt och ger passagerarna mer utrymme \u00e4n konkurrenterna. Alla funktioner, som t.ex. uppv\u00e4rmda s\u00e4ten, \u00e4r funktionella och i funktionsdugligt skick.<\/p>\n<p><strong>Exteri\u00f6r och hjul<\/strong><\/p>\n<p>Den gl\u00e4nsande svarta lacken \u00e4r i toppskick utan repor, bucklor eller skador. Det unika solcellstaket finns kvar och fungerar fortfarande som en av modellens mest anm\u00e4rkningsv\u00e4rda egenskaper. Denna Karma \u00e4r utrustad med 22-tumshjul som tillval med Pirelli-d\u00e4ck p\u00e5 framhjulen och Goodyear-d\u00e4ck p\u00e5 bakhjulen. Framd\u00e4cken monterades i mars 2024 och \u00e4r i nyskick. Den enda reparation som gjorts p\u00e5 utsidan \u00e4r att renovera de unika hjulen s\u00e5 att de ser ut som om de just levererats.<\/p>\n<p><strong>Dokumentation<\/strong><\/p>\n<p>Denna bil finns i Schweiz och s\u00e4ljs av en privat part. <a href=\"https:\/\/pistonaddict.com\/wp-content\/uploads\/2024\/05\/YH4K14AA4CA002259.pdf\">CarVertical-rapporten<\/a> \u00e4r ren; inga bevis f\u00f6r olyckor, reparationer av olyckor, \u00e4gande eller juridiska problem finns. Det finns dokumentation \u00f6ver regelbundet underh\u00e5ll, k\u00f6pebrev och kvitton. Det finns ingen fabriksgaranti f\u00f6r denna modell.<\/p>\n<p><strong>Kolla in videon av denna underbara Fisker Karma :<\/strong><\/p>\n<p><iframe title=\"Video Tour of the Fisker Karma for auction sale\" width=\"1200\" height=\"675\" src=\"https:\/\/www.youtube.com\/embed\/xv_ZkvmcPKw?feature=oembed\" frameborder=\"0\" allow=\"accelerometer; autoplay; clipboard-write; encrypted-media; gyroscope; picture-in-picture; web-share\" referrerpolicy=\"strict-origin-when-cross-origin\" allowfullscreen><\/iframe><\/p>\n","protected":false},"excerpt":{"rendered":"<p>Fisker Karma kommer alltid att bli ih\u00e5gkommen som en av de mest intressanta och en av de f\u00f6rsta hybriderna som finns globalt. Med sin unika design, kraftfulla drivlina, fantastiska funktioner och mycket l\u00e5ga produktionssiffror \u00e4r Karma i sj\u00e4lva verket den f\u00f6rsta samlarbilen i den moderna EV\/Hybrid-eran. En framtida klassiker? Definitivt!<\/p>\n","protected":false},"featured_media":104631,"comment_status":"open","ping_status":"closed","template":"","meta":{"inline_featured_image":false},"product_cat":[730],"product_tag":[4110,4111,922,1849,4112],"acf":[],"yoast_head":"<!-- This site is optimized with the Yoast SEO plugin v22.5 - https:\/\/yoast.com\/wordpress\/plugins\/seo\/ -->\n<title>Fisker Karma - Piston Addict<\/title>\n<meta name=\"robots\" content=\"index, follow, max-snippet:-1, max-image-preview:large, max-video-preview:-1\" \/>\n<link rel=\"canonical\" href=\"https:\/\/pistonaddict.com\/sv\/product\/fisker-karma-2\/\" \/>\n<meta property=\"og:locale\" content=\"sv_SE\" \/>\n<meta property=\"og:type\" content=\"article\" \/>\n<meta property=\"og:title\" content=\"Fisker Karma - Piston Addict\" \/>\n<meta property=\"og:description\" content=\"Fisker Karma kommer alltid att bli ih\u00e5gkommen som en av de mest intressanta och en av de f\u00f6rsta hybriderna som finns globalt. Med sin unika design, kraftfulla drivlina, fantastiska funktioner och mycket l\u00e5ga produktionssiffror \u00e4r Karma i sj\u00e4lva verket den f\u00f6rsta samlarbilen i den moderna EV\/Hybrid-eran. En framtida klassiker? Definitivt!\" \/>\n<meta property=\"og:url\" content=\"https:\/\/pistonaddict.com\/sv\/product\/fisker-karma-2\/\" \/>\n<meta property=\"og:site_name\" content=\"Piston Addict\" \/>\n<meta property=\"article:modified_time\" content=\"2024-05-21T12:15:33+00:00\" \/>\n<meta property=\"og:image\" content=\"https:\/\/pistonaddict.com\/wp-content\/uploads\/2024\/05\/IMG-20240321-WA0010.jpg\" \/>\n\t<meta property=\"og:image:width\" content=\"2000\" \/>\n\t<meta property=\"og:image:height\" content=\"1500\" \/>\n\t<meta property=\"og:image:type\" content=\"image\/jpeg\" \/>\n<meta name=\"twitter:card\" content=\"summary_large_image\" \/>\n<meta name=\"twitter:label1\" content=\"Ber\u00e4knad l\u00e4stid\" \/>\n\t<meta name=\"twitter:data1\" content=\"3 minuter\" \/>\n<script type=\"application\/ld+json\" class=\"yoast-schema-graph\">{\"@context\":\"https:\/\/schema.org\",\"@graph\":[{\"@type\":\"WebPage\",\"@id\":\"https:\/\/pistonaddict.com\/sv\/product\/fisker-karma-2\/\",\"url\":\"https:\/\/pistonaddict.com\/sv\/product\/fisker-karma-2\/\",\"name\":\"Fisker Karma - Piston Addict\",\"isPartOf\":{\"@id\":\"https:\/\/pistonaddict.com\/sv\/#website\"},\"primaryImageOfPage\":{\"@id\":\"https:\/\/pistonaddict.com\/sv\/product\/fisker-karma-2\/#primaryimage\"},\"image\":{\"@id\":\"https:\/\/pistonaddict.com\/sv\/product\/fisker-karma-2\/#primaryimage\"},\"thumbnailUrl\":\"https:\/\/pistonaddict.com\/wp-content\/uploads\/2024\/05\/IMG-20240321-WA0010.jpg\",\"datePublished\":\"2024-05-21T09:33:26+00:00\",\"dateModified\":\"2024-05-21T12:15:33+00:00\",\"breadcrumb\":{\"@id\":\"https:\/\/pistonaddict.com\/sv\/product\/fisker-karma-2\/#breadcrumb\"},\"inLanguage\":\"sv-SE\",\"potentialAction\":[{\"@type\":\"ReadAction\",\"target\":[\"https:\/\/pistonaddict.com\/sv\/product\/fisker-karma-2\/\"]}]},{\"@type\":\"ImageObject\",\"inLanguage\":\"sv-SE\",\"@id\":\"https:\/\/pistonaddict.com\/sv\/product\/fisker-karma-2\/#primaryimage\",\"url\":\"https:\/\/pistonaddict.com\/wp-content\/uploads\/2024\/05\/IMG-20240321-WA0010.jpg\",\"contentUrl\":\"https:\/\/pistonaddict.com\/wp-content\/uploads\/2024\/05\/IMG-20240321-WA0010.jpg\",\"width\":2000,\"height\":1500},{\"@type\":\"BreadcrumbList\",\"@id\":\"https:\/\/pistonaddict.com\/sv\/product\/fisker-karma-2\/#breadcrumb\",\"itemListElement\":[{\"@type\":\"ListItem\",\"position\":1,\"name\":\"Hemsida\",\"item\":\"https:\/\/pistonaddict.com\/sv\/hemsidan\/\"},{\"@type\":\"ListItem\",\"position\":2,\"name\":\"Auctions\",\"item\":\"https:\/\/pistonaddict.com\/auctions-listing\/\"},{\"@type\":\"ListItem\",\"position\":3,\"name\":\"Fisker Karma\"}]},{\"@type\":\"WebSite\",\"@id\":\"https:\/\/pistonaddict.com\/sv\/#website\",\"url\":\"https:\/\/pistonaddict.com\/sv\/\",\"name\":\"Piston Addict\",\"description\":\"Only interesting vehicles\",\"publisher\":{\"@id\":\"https:\/\/pistonaddict.com\/sv\/#organization\"},\"potentialAction\":[{\"@type\":\"SearchAction\",\"target\":{\"@type\":\"EntryPoint\",\"urlTemplate\":\"https:\/\/pistonaddict.com\/sv\/?s={search_term_string}\"},\"query-input\":\"required name=search_term_string\"}],\"inLanguage\":\"sv-SE\"},{\"@type\":\"Organization\",\"@id\":\"https:\/\/pistonaddict.com\/sv\/#organization\",\"name\":\"Piston Addict\",\"url\":\"https:\/\/pistonaddict.com\/sv\/\",\"logo\":{\"@type\":\"ImageObject\",\"inLanguage\":\"sv-SE\",\"@id\":\"https:\/\/pistonaddict.com\/sv\/#\/schema\/logo\/image\/\",\"url\":\"https:\/\/pistonaddict.com\/wp-content\/uploads\/2022\/07\/logo-6.png\",\"contentUrl\":\"https:\/\/pistonaddict.com\/wp-content\/uploads\/2022\/07\/logo-6.png\",\"width\":970,\"height\":200,\"caption\":\"Piston Addict\"},\"image\":{\"@id\":\"https:\/\/pistonaddict.com\/sv\/#\/schema\/logo\/image\/\"}}]}<\/script>\n<!-- \/ Yoast SEO plugin. -->","yoast_head_json":{"title":"Fisker Karma - Piston Addict","robots":{"index":"index","follow":"follow","max-snippet":"max-snippet:-1","max-image-preview":"max-image-preview:large","max-video-preview":"max-video-preview:-1"},"canonical":"https:\/\/pistonaddict.com\/sv\/product\/fisker-karma-2\/","og_locale":"sv_SE","og_type":"article","og_title":"Fisker Karma - Piston Addict","og_description":"Fisker Karma kommer alltid att bli ih\u00e5gkommen som en av de mest intressanta och en av de f\u00f6rsta hybriderna som finns globalt. Med sin unika design, kraftfulla drivlina, fantastiska funktioner och mycket l\u00e5ga produktionssiffror \u00e4r Karma i sj\u00e4lva verket den f\u00f6rsta samlarbilen i den moderna EV\/Hybrid-eran. En framtida klassiker? Definitivt!","og_url":"https:\/\/pistonaddict.com\/sv\/product\/fisker-karma-2\/","og_site_name":"Piston Addict","article_modified_time":"2024-05-21T12:15:33+00:00","og_image":[{"width":2000,"height":1500,"url":"https:\/\/pistonaddict.com\/wp-content\/uploads\/2024\/05\/IMG-20240321-WA0010.jpg","type":"image\/jpeg"}],"twitter_card":"summary_large_image","twitter_misc":{"Ber\u00e4knad l\u00e4stid":"3 minuter"},"schema":{"@context":"https:\/\/schema.org","@graph":[{"@type":"WebPage","@id":"https:\/\/pistonaddict.com\/sv\/product\/fisker-karma-2\/","url":"https:\/\/pistonaddict.com\/sv\/product\/fisker-karma-2\/","name":"Fisker Karma - Piston Addict","isPartOf":{"@id":"https:\/\/pistonaddict.com\/sv\/#website"},"primaryImageOfPage":{"@id":"https:\/\/pistonaddict.com\/sv\/product\/fisker-karma-2\/#primaryimage"},"image":{"@id":"https:\/\/pistonaddict.com\/sv\/product\/fisker-karma-2\/#primaryimage"},"thumbnailUrl":"https:\/\/pistonaddict.com\/wp-content\/uploads\/2024\/05\/IMG-20240321-WA0010.jpg","datePublished":"2024-05-21T09:33:26+00:00","dateModified":"2024-05-21T12:15:33+00:00","breadcrumb":{"@id":"https:\/\/pistonaddict.com\/sv\/product\/fisker-karma-2\/#breadcrumb"},"inLanguage":"sv-SE","potentialAction":[{"@type":"ReadAction","target":["https:\/\/pistonaddict.com\/sv\/product\/fisker-karma-2\/"]}]},{"@type":"ImageObject","inLanguage":"sv-SE","@id":"https:\/\/pistonaddict.com\/sv\/product\/fisker-karma-2\/#primaryimage","url":"https:\/\/pistonaddict.com\/wp-content\/uploads\/2024\/05\/IMG-20240321-WA0010.jpg","contentUrl":"https:\/\/pistonaddict.com\/wp-content\/uploads\/2024\/05\/IMG-20240321-WA0010.jpg","width":2000,"height":1500},{"@type":"BreadcrumbList","@id":"https:\/\/pistonaddict.com\/sv\/product\/fisker-karma-2\/#breadcrumb","itemListElement":[{"@type":"ListItem","position":1,"name":"Hemsida","item":"https:\/\/pistonaddict.com\/sv\/hemsidan\/"},{"@type":"ListItem","position":2,"name":"Auctions","item":"https:\/\/pistonaddict.com\/auctions-listing\/"},{"@type":"ListItem","position":3,"name":"Fisker Karma"}]},{"@type":"WebSite","@id":"https:\/\/pistonaddict.com\/sv\/#website","url":"https:\/\/pistonaddict.com\/sv\/","name":"Piston Addict","description":"Only interesting vehicles","publisher":{"@id":"https:\/\/pistonaddict.com\/sv\/#organization"},"potentialAction":[{"@type":"SearchAction","target":{"@type":"EntryPoint","urlTemplate":"https:\/\/pistonaddict.com\/sv\/?s={search_term_string}"},"query-input":"required name=search_term_string"}],"inLanguage":"sv-SE"},{"@type":"Organization","@id":"https:\/\/pistonaddict.com\/sv\/#organization","name":"Piston Addict","url":"https:\/\/pistonaddict.com\/sv\/","logo":{"@type":"ImageObject","inLanguage":"sv-SE","@id":"https:\/\/pistonaddict.com\/sv\/#\/schema\/logo\/image\/","url":"https:\/\/pistonaddict.com\/wp-content\/uploads\/2022\/07\/logo-6.png","contentUrl":"https:\/\/pistonaddict.com\/wp-content\/uploads\/2022\/07\/logo-6.png","width":970,"height":200,"caption":"Piston Addict"},"image":{"@id":"https:\/\/pistonaddict.com\/sv\/#\/schema\/logo\/image\/"}}]}},"_links":{"self":[{"href":"https:\/\/pistonaddict.com\/sv\/wp-json\/wp\/v2\/product\/104850"}],"collection":[{"href":"https:\/\/pistonaddict.com\/sv\/wp-json\/wp\/v2\/product"}],"about":[{"href":"https:\/\/pistonaddict.com\/sv\/wp-json\/wp\/v2\/types\/product"}],"replies":[{"embeddable":true,"href":"https:\/\/pistonaddict.com\/sv\/wp-json\/wp\/v2\/comments?post=104850"}],"wp:featuredmedia":[{"embeddable":true,"href":"https:\/\/pistonaddict.com\/sv\/wp-json\/wp\/v2\/media\/104631"}],"wp:attachment":[{"href":"https:\/\/pistonaddict.com\/sv\/wp-json\/wp\/v2\/media?parent=104850"}],"wp:term":[{"taxonomy":"product_cat","embeddable":true,"href":"https:\/\/pistonaddict.com\/sv\/wp-json\/wp\/v2\/product_cat?post=104850"},{"taxonomy":"product_tag","embeddable":true,"href":"https:\/\/pistonaddict.com\/sv\/wp-json\/wp\/v2\/product_tag?post=104850"}],"curies":[{"name":"wp","href":"https:\/\/api.w.org\/{rel}","templated":true}]}}