{"id":104258,"date":"2024-05-17T11:16:20","date_gmt":"2024-05-17T09:16:20","guid":{"rendered":"https:\/\/pistonaddict.com\/product\/1979-pontiac-bonneville-brougham\/"},"modified":"2024-05-17T15:57:28","modified_gmt":"2024-05-17T13:57:28","slug":"1979-pontiac-bonneville-brougham","status":"publish","type":"product","link":"https:\/\/pistonaddict.com\/sv\/product\/1979-pontiac-bonneville-brougham\/","title":{"rendered":"1979 Pontiac Bonneville Brougham"},"content":{"rendered":"<p><strong>Bilens historia<\/strong><\/p>\n<p>I GM: s nomenklatur hade Pontiac Bonneville en speciell plats. \u00c4ven om den var n\u00e4ra besl\u00e4ktad med de mer vardagliga Chevrolet Impala och Caprice, skilde den sig tydligt fr\u00e5n resten av rasen med unika designfunktioner, exklusiv lyx och prestanda. Sedan den f\u00f6rsta Bonneville-modellen lanserades 1958 har denna modell haft en s\u00e4rskild dragningskraft p\u00e5 amerikanska bilfans. Trots att Bonneville 1979 var mindre kraftfull \u00e4n sina f\u00f6reg\u00e5ngare ans\u00e5gs den vara en av de b\u00e4sta sedanerna p\u00e5 marknaden och det b\u00e4sta valet f\u00f6r kr\u00e4sna entusiaster som vill ha en blandning av lyx och prestanda. Denna sj\u00e4tte generation introducerades 1977 och s\u00e5ldes fram till 1981 innan GM ersatte den med en mindre och inte s\u00e5 attraktiv modell. Det \u00e4r d\u00e4rf\u00f6r just denna Bonneville \u00e4r s\u00e5 intressant. Det \u00e4r inte bara en av de sista \u00e4kta Pontiac-sedanerna, utan det \u00e4r ocks\u00e5 ett exempel med en unik historia och \u00e4r i obefl\u00e4ckat skick. Eftersom det \u00e4r en Bonneville Brougham (toppmodell) \u00e4r den ocks\u00e5 ganska s\u00e4llsynt, och Pontiac tillverkade bara cirka 17 300 exemplar det \u00e5ret. Under huven finns en valfri 350 V8 (5,7 liter) med 170 hk kopplad till en 4-v\u00e4xlad automatisk v\u00e4xell\u00e5da.<\/p>\n<p>Just detta exemplar s\u00e5ldes ursprungligen i Mexiko 1979 och importerades omedelbart d\u00e4refter till Spanien. Det \u00e4r d\u00e4rf\u00f6r den har en hastighetsm\u00e4tare i kilometer och andra specifika detaljer. \u00c4garen importerade den och anv\u00e4nde den sporadiskt, s\u00e5 bilen k\u00f6rdes bara 31.000 kilometer. Den nuvarande \u00e4garen f\u00f6rv\u00e4rvade den 2019 fr\u00e5n den ursprungliga \u00e4garens familj och restaurerade fordonet (lackjobb och f\u00e5 detaljer), vilket f\u00f6rde denna eftertraktade sedan till ett nytt skick.<\/p>\n<p><strong>Interi\u00f6r<\/strong><\/p>\n<p>N\u00e4r du s\u00e4tter dig bakom ratten p\u00e5 en Pontiac Bonneville 1979 kommer dina id\u00e9er om vad en lyxig interi\u00f6r \u00e4r omedelbart att f\u00f6r\u00e4ndras. Massiva och bekv\u00e4ma velourstolar, massor av inre utrymme, kromdetaljer och tystnad \u00e4r o\u00f6vertr\u00e4ffade \u00e4ven av m\u00e5nga aldrig bilar. Den karamellf\u00e4rgade kl\u00e4dseln och mattorna passar perfekt till tr\u00e4\u00e5dringsinsatserna och exteri\u00f6rf\u00e4rgen, och den \u00e4r ett utm\u00e4rkt exempel p\u00e5 Detroits estetik i slutet av 70-talet. Det \u00e4r ocks\u00e5 ett v\u00e4lutrustat fordon med elektriska f\u00f6nster och speglar, automatisk luftkonditionering konverterad till modern gas, stereoanl\u00e4ggning och farth\u00e5llare. Allt \u00e4r fullt funktionsdugligt och utan n\u00e5gra skador.<\/p>\n<p><strong>Bilens skick<\/strong><\/p>\n<p>Med exakt 31 619 kilometer p\u00e5 v\u00e4gm\u00e4taren var denna Bonneville Brougham alltid garageh\u00e5llen och under ett unikt skydd n\u00e4r den inte anv\u00e4ndes. P\u00e5 grund av den senaste omm\u00e5lningen i sin ursprungliga f\u00e4rg kan vi s\u00e4kert s\u00e4ga att fordonet \u00e4r i s\u00e5 nytt skick. Kromdetaljerna \u00e4r blanka; alla detaljer \u00e4r i perfekt skick med originalhjul och tidstypiska d\u00e4ck. Bilen genomgick service, oljebyte och broms\u00f6versyn i april 2024, medan vissa elarbeten utf\u00f6rdes 2021. Med tanke p\u00e5 k\u00f6rstr\u00e4cka, skick och providence kan detta vara den b\u00e4sta Bonneville Brougham 1979. Denna bil har klarat den tekniska ITV-besiktningen som \u00e4r giltig till 2028.<\/p>\n<p><strong>Exteri\u00f6r och hjul<\/strong><\/p>\n<p>Karosseriet \u00e4r felfritt efter professionell och korrekt nylackering i originalf\u00e4rgen. Omlackeringen var lyckad eftersom karossen var perfekt bevarad utan korrosion, skador eller reparationer. Med original tr\u00e5dhjul monterade \u00e4garen de karakteristiska och ursprungliga vitv\u00e4ggsd\u00e4cken 2021.<\/p>\n<p><strong>Dokumentation<\/strong><\/p>\n<p>Fordonet \u00e4r placerat i Spanien och levereras med en omfattande dokumentationsfil, inklusive kvitton fr\u00e5n underh\u00e5ll, dokumentation fr\u00e5n spansk fordonsbesiktning, godk\u00e4nnande f\u00f6r klassisk bilstatus och s\u00e5 vidare. Det finns inga uppgifter om skador, st\u00f6lder eller f\u00f6rs\u00e4kringsanspr\u00e5k. Dokumentationen omfattar fordonet fr\u00e5n dag ett och \u00e4r fylld med bevis p\u00e5 exceptionell sk\u00f6tsel.<\/p>\n<p><strong>Kolla in kallstartvideon av denna obefl\u00e4ckade Pontiac Bonneville fr\u00e5n 1979 :<\/strong><\/p>\n<p><iframe title=\"Cold Start Video of the incredible 1979 Pontiac Bonneville\" width=\"1200\" height=\"675\" src=\"https:\/\/www.youtube.com\/embed\/6DKO8uhEkN8?feature=oembed\" frameborder=\"0\" allow=\"accelerometer; autoplay; clipboard-write; encrypted-media; gyroscope; picture-in-picture; web-share\" referrerpolicy=\"strict-origin-when-cross-origin\" allowfullscreen><\/iframe><\/p>\n","protected":false},"excerpt":{"rendered":"<p>I bilhistorien kommer Pontiac att bli ih\u00e5gkommen som GM: s sp\u00e4nnande varum\u00e4rke, med en rad kraftfulla muskelbilar, eleganta former och innovativa m\u00f6nster. Bonneville 1979 ligger h\u00f6gst upp i modellprogrammet och markerar slutet p\u00e5 en era f\u00f6r fullstora sedans. Med o\u00f6vertr\u00e4ffad stil, gott om utrymme och en rad lyxiga funktioner \u00e4r denna sedan ett utm\u00e4rkt exempel p\u00e5 en klassisk amerikansk bil.<\/p>\n","protected":false},"featured_media":104300,"comment_status":"open","ping_status":"closed","template":"","meta":{"inline_featured_image":false},"product_cat":[730],"product_tag":[4013,4044,922],"acf":[],"yoast_head":"<!-- This site is optimized with the Yoast SEO plugin v22.5 - https:\/\/yoast.com\/wordpress\/plugins\/seo\/ -->\n<title>1979 Pontiac Bonneville Brougham - Piston Addict<\/title>\n<meta name=\"robots\" content=\"index, follow, max-snippet:-1, max-image-preview:large, max-video-preview:-1\" \/>\n<link rel=\"canonical\" href=\"https:\/\/pistonaddict.com\/sv\/product\/1979-pontiac-bonneville-brougham\/\" \/>\n<meta property=\"og:locale\" content=\"sv_SE\" \/>\n<meta property=\"og:type\" content=\"article\" \/>\n<meta property=\"og:title\" content=\"1979 Pontiac Bonneville Brougham - Piston Addict\" \/>\n<meta property=\"og:description\" content=\"I bilhistorien kommer Pontiac att bli ih\u00e5gkommen som GM: s sp\u00e4nnande varum\u00e4rke, med en rad kraftfulla muskelbilar, eleganta former och innovativa m\u00f6nster. Bonneville 1979 ligger h\u00f6gst upp i modellprogrammet och markerar slutet p\u00e5 en era f\u00f6r fullstora sedans. Med o\u00f6vertr\u00e4ffad stil, gott om utrymme och en rad lyxiga funktioner \u00e4r denna sedan ett utm\u00e4rkt exempel p\u00e5 en klassisk amerikansk bil.\" \/>\n<meta property=\"og:url\" content=\"https:\/\/pistonaddict.com\/sv\/product\/1979-pontiac-bonneville-brougham\/\" \/>\n<meta property=\"og:site_name\" content=\"Piston Addict\" \/>\n<meta property=\"article:modified_time\" content=\"2024-05-17T13:57:28+00:00\" \/>\n<meta property=\"og:image\" content=\"https:\/\/pistonaddict.com\/wp-content\/uploads\/2024\/05\/5a7bfe0d-cda7-49a4-89d2-85a67cfe2d90-1.jpg\" \/>\n\t<meta property=\"og:image:width\" content=\"2016\" \/>\n\t<meta property=\"og:image:height\" content=\"1134\" \/>\n\t<meta property=\"og:image:type\" content=\"image\/jpeg\" \/>\n<meta name=\"twitter:card\" content=\"summary_large_image\" \/>\n<meta name=\"twitter:label1\" content=\"Ber\u00e4knad l\u00e4stid\" \/>\n\t<meta name=\"twitter:data1\" content=\"3 minuter\" \/>\n<script type=\"application\/ld+json\" class=\"yoast-schema-graph\">{\"@context\":\"https:\/\/schema.org\",\"@graph\":[{\"@type\":\"WebPage\",\"@id\":\"https:\/\/pistonaddict.com\/sv\/product\/1979-pontiac-bonneville-brougham\/\",\"url\":\"https:\/\/pistonaddict.com\/sv\/product\/1979-pontiac-bonneville-brougham\/\",\"name\":\"1979 Pontiac Bonneville Brougham - Piston Addict\",\"isPartOf\":{\"@id\":\"https:\/\/pistonaddict.com\/sv\/#website\"},\"primaryImageOfPage\":{\"@id\":\"https:\/\/pistonaddict.com\/sv\/product\/1979-pontiac-bonneville-brougham\/#primaryimage\"},\"image\":{\"@id\":\"https:\/\/pistonaddict.com\/sv\/product\/1979-pontiac-bonneville-brougham\/#primaryimage\"},\"thumbnailUrl\":\"https:\/\/pistonaddict.com\/wp-content\/uploads\/2024\/05\/5a7bfe0d-cda7-49a4-89d2-85a67cfe2d90-1.jpg\",\"datePublished\":\"2024-05-17T09:16:20+00:00\",\"dateModified\":\"2024-05-17T13:57:28+00:00\",\"breadcrumb\":{\"@id\":\"https:\/\/pistonaddict.com\/sv\/product\/1979-pontiac-bonneville-brougham\/#breadcrumb\"},\"inLanguage\":\"sv-SE\",\"potentialAction\":[{\"@type\":\"ReadAction\",\"target\":[\"https:\/\/pistonaddict.com\/sv\/product\/1979-pontiac-bonneville-brougham\/\"]}]},{\"@type\":\"ImageObject\",\"inLanguage\":\"sv-SE\",\"@id\":\"https:\/\/pistonaddict.com\/sv\/product\/1979-pontiac-bonneville-brougham\/#primaryimage\",\"url\":\"https:\/\/pistonaddict.com\/wp-content\/uploads\/2024\/05\/5a7bfe0d-cda7-49a4-89d2-85a67cfe2d90-1.jpg\",\"contentUrl\":\"https:\/\/pistonaddict.com\/wp-content\/uploads\/2024\/05\/5a7bfe0d-cda7-49a4-89d2-85a67cfe2d90-1.jpg\",\"width\":2016,\"height\":1134},{\"@type\":\"BreadcrumbList\",\"@id\":\"https:\/\/pistonaddict.com\/sv\/product\/1979-pontiac-bonneville-brougham\/#breadcrumb\",\"itemListElement\":[{\"@type\":\"ListItem\",\"position\":1,\"name\":\"Hemsida\",\"item\":\"https:\/\/pistonaddict.com\/sv\/hemsidan\/\"},{\"@type\":\"ListItem\",\"position\":2,\"name\":\"Auctions\",\"item\":\"https:\/\/pistonaddict.com\/auctions-listing\/\"},{\"@type\":\"ListItem\",\"position\":3,\"name\":\"1979 Pontiac Bonneville Brougham\"}]},{\"@type\":\"WebSite\",\"@id\":\"https:\/\/pistonaddict.com\/sv\/#website\",\"url\":\"https:\/\/pistonaddict.com\/sv\/\",\"name\":\"Piston Addict\",\"description\":\"Only interesting vehicles\",\"publisher\":{\"@id\":\"https:\/\/pistonaddict.com\/sv\/#organization\"},\"potentialAction\":[{\"@type\":\"SearchAction\",\"target\":{\"@type\":\"EntryPoint\",\"urlTemplate\":\"https:\/\/pistonaddict.com\/sv\/?s={search_term_string}\"},\"query-input\":\"required name=search_term_string\"}],\"inLanguage\":\"sv-SE\"},{\"@type\":\"Organization\",\"@id\":\"https:\/\/pistonaddict.com\/sv\/#organization\",\"name\":\"Piston Addict\",\"url\":\"https:\/\/pistonaddict.com\/sv\/\",\"logo\":{\"@type\":\"ImageObject\",\"inLanguage\":\"sv-SE\",\"@id\":\"https:\/\/pistonaddict.com\/sv\/#\/schema\/logo\/image\/\",\"url\":\"https:\/\/pistonaddict.com\/wp-content\/uploads\/2022\/07\/logo-6.png\",\"contentUrl\":\"https:\/\/pistonaddict.com\/wp-content\/uploads\/2022\/07\/logo-6.png\",\"width\":970,\"height\":200,\"caption\":\"Piston Addict\"},\"image\":{\"@id\":\"https:\/\/pistonaddict.com\/sv\/#\/schema\/logo\/image\/\"}}]}<\/script>\n<!-- \/ Yoast SEO plugin. -->","yoast_head_json":{"title":"1979 Pontiac Bonneville Brougham - Piston Addict","robots":{"index":"index","follow":"follow","max-snippet":"max-snippet:-1","max-image-preview":"max-image-preview:large","max-video-preview":"max-video-preview:-1"},"canonical":"https:\/\/pistonaddict.com\/sv\/product\/1979-pontiac-bonneville-brougham\/","og_locale":"sv_SE","og_type":"article","og_title":"1979 Pontiac Bonneville Brougham - Piston Addict","og_description":"I bilhistorien kommer Pontiac att bli ih\u00e5gkommen som GM: s sp\u00e4nnande varum\u00e4rke, med en rad kraftfulla muskelbilar, eleganta former och innovativa m\u00f6nster. Bonneville 1979 ligger h\u00f6gst upp i modellprogrammet och markerar slutet p\u00e5 en era f\u00f6r fullstora sedans. Med o\u00f6vertr\u00e4ffad stil, gott om utrymme och en rad lyxiga funktioner \u00e4r denna sedan ett utm\u00e4rkt exempel p\u00e5 en klassisk amerikansk bil.","og_url":"https:\/\/pistonaddict.com\/sv\/product\/1979-pontiac-bonneville-brougham\/","og_site_name":"Piston Addict","article_modified_time":"2024-05-17T13:57:28+00:00","og_image":[{"width":2016,"height":1134,"url":"https:\/\/pistonaddict.com\/wp-content\/uploads\/2024\/05\/5a7bfe0d-cda7-49a4-89d2-85a67cfe2d90-1.jpg","type":"image\/jpeg"}],"twitter_card":"summary_large_image","twitter_misc":{"Ber\u00e4knad l\u00e4stid":"3 minuter"},"schema":{"@context":"https:\/\/schema.org","@graph":[{"@type":"WebPage","@id":"https:\/\/pistonaddict.com\/sv\/product\/1979-pontiac-bonneville-brougham\/","url":"https:\/\/pistonaddict.com\/sv\/product\/1979-pontiac-bonneville-brougham\/","name":"1979 Pontiac Bonneville Brougham - Piston Addict","isPartOf":{"@id":"https:\/\/pistonaddict.com\/sv\/#website"},"primaryImageOfPage":{"@id":"https:\/\/pistonaddict.com\/sv\/product\/1979-pontiac-bonneville-brougham\/#primaryimage"},"image":{"@id":"https:\/\/pistonaddict.com\/sv\/product\/1979-pontiac-bonneville-brougham\/#primaryimage"},"thumbnailUrl":"https:\/\/pistonaddict.com\/wp-content\/uploads\/2024\/05\/5a7bfe0d-cda7-49a4-89d2-85a67cfe2d90-1.jpg","datePublished":"2024-05-17T09:16:20+00:00","dateModified":"2024-05-17T13:57:28+00:00","breadcrumb":{"@id":"https:\/\/pistonaddict.com\/sv\/product\/1979-pontiac-bonneville-brougham\/#breadcrumb"},"inLanguage":"sv-SE","potentialAction":[{"@type":"ReadAction","target":["https:\/\/pistonaddict.com\/sv\/product\/1979-pontiac-bonneville-brougham\/"]}]},{"@type":"ImageObject","inLanguage":"sv-SE","@id":"https:\/\/pistonaddict.com\/sv\/product\/1979-pontiac-bonneville-brougham\/#primaryimage","url":"https:\/\/pistonaddict.com\/wp-content\/uploads\/2024\/05\/5a7bfe0d-cda7-49a4-89d2-85a67cfe2d90-1.jpg","contentUrl":"https:\/\/pistonaddict.com\/wp-content\/uploads\/2024\/05\/5a7bfe0d-cda7-49a4-89d2-85a67cfe2d90-1.jpg","width":2016,"height":1134},{"@type":"BreadcrumbList","@id":"https:\/\/pistonaddict.com\/sv\/product\/1979-pontiac-bonneville-brougham\/#breadcrumb","itemListElement":[{"@type":"ListItem","position":1,"name":"Hemsida","item":"https:\/\/pistonaddict.com\/sv\/hemsidan\/"},{"@type":"ListItem","position":2,"name":"Auctions","item":"https:\/\/pistonaddict.com\/auctions-listing\/"},{"@type":"ListItem","position":3,"name":"1979 Pontiac Bonneville Brougham"}]},{"@type":"WebSite","@id":"https:\/\/pistonaddict.com\/sv\/#website","url":"https:\/\/pistonaddict.com\/sv\/","name":"Piston Addict","description":"Only interesting vehicles","publisher":{"@id":"https:\/\/pistonaddict.com\/sv\/#organization"},"potentialAction":[{"@type":"SearchAction","target":{"@type":"EntryPoint","urlTemplate":"https:\/\/pistonaddict.com\/sv\/?s={search_term_string}"},"query-input":"required name=search_term_string"}],"inLanguage":"sv-SE"},{"@type":"Organization","@id":"https:\/\/pistonaddict.com\/sv\/#organization","name":"Piston Addict","url":"https:\/\/pistonaddict.com\/sv\/","logo":{"@type":"ImageObject","inLanguage":"sv-SE","@id":"https:\/\/pistonaddict.com\/sv\/#\/schema\/logo\/image\/","url":"https:\/\/pistonaddict.com\/wp-content\/uploads\/2022\/07\/logo-6.png","contentUrl":"https:\/\/pistonaddict.com\/wp-content\/uploads\/2022\/07\/logo-6.png","width":970,"height":200,"caption":"Piston Addict"},"image":{"@id":"https:\/\/pistonaddict.com\/sv\/#\/schema\/logo\/image\/"}}]}},"_links":{"self":[{"href":"https:\/\/pistonaddict.com\/sv\/wp-json\/wp\/v2\/product\/104258"}],"collection":[{"href":"https:\/\/pistonaddict.com\/sv\/wp-json\/wp\/v2\/product"}],"about":[{"href":"https:\/\/pistonaddict.com\/sv\/wp-json\/wp\/v2\/types\/product"}],"replies":[{"embeddable":true,"href":"https:\/\/pistonaddict.com\/sv\/wp-json\/wp\/v2\/comments?post=104258"}],"wp:featuredmedia":[{"embeddable":true,"href":"https:\/\/pistonaddict.com\/sv\/wp-json\/wp\/v2\/media\/104300"}],"wp:attachment":[{"href":"https:\/\/pistonaddict.com\/sv\/wp-json\/wp\/v2\/media?parent=104258"}],"wp:term":[{"taxonomy":"product_cat","embeddable":true,"href":"https:\/\/pistonaddict.com\/sv\/wp-json\/wp\/v2\/product_cat?post=104258"},{"taxonomy":"product_tag","embeddable":true,"href":"https:\/\/pistonaddict.com\/sv\/wp-json\/wp\/v2\/product_tag?post=104258"}],"curies":[{"name":"wp","href":"https:\/\/api.w.org\/{rel}","templated":true}]}}