{"id":51264,"date":"2022-04-28T09:17:25","date_gmt":"2022-04-28T07:17:25","guid":{"rendered":"https:\/\/pistonaddict.com\/hemsidan\/"},"modified":"2024-05-17T17:26:15","modified_gmt":"2024-05-17T15:26:15","slug":"hemsidan","status":"publish","type":"page","link":"https:\/\/pistonaddict.com\/sv\/","title":{"rendered":"Hemsidan"},"content":{"rendered":"","protected":false},"excerpt":{"rendered":"","protected":false},"author":1,"featured_media":0,"parent":0,"menu_order":0,"comment_status":"closed","ping_status":"closed","template":"template-parts\/tpl-accueil.php","meta":{"inline_featured_image":false,"footnotes":""},"acf":[],"yoast_head":"<!-- This site is optimized with the Yoast SEO plugin v22.5 - https:\/\/yoast.com\/wordpress\/plugins\/seo\/ -->\n<title>Piston Addict : Marknadsplats f\u00f6r online-auktioner av bilar<\/title>\n<meta name=\"description\" content=\"Piston Addict auktioner \u00e4r en internationell marknadsplats f\u00f6r veteranfordon och klassiska fordon. S\u00e4lj och k\u00f6p ditt dr\u00f6mfordon p\u00e5 auktion p\u00e5 Piston Addict, endast intressanta fordon, fr\u00e5n veteranmotorcyklar till hyperbilar. Du kan ocks\u00e5 informera dig om ditt n\u00e4sta fordon med hj\u00e4lp av Piston Addict-bilartiklar som skrivits av v\u00e5ra biljournalister och st\u00e4lla fr\u00e5gor till Piston Addict-communityt.\" \/>\n<meta name=\"robots\" content=\"index, follow, max-snippet:-1, max-image-preview:large, max-video-preview:-1\" \/>\n<link rel=\"canonical\" href=\"https:\/\/pistonaddict.com\/sv\/\" \/>\n<meta property=\"og:locale\" content=\"sv_SE\" \/>\n<meta property=\"og:type\" content=\"article\" \/>\n<meta property=\"og:title\" content=\"Piston Addict : Marknadsplats f\u00f6r online-auktioner av bilar\" \/>\n<meta property=\"og:description\" content=\"Piston Addict auktioner \u00e4r en internationell marknadsplats f\u00f6r veteranfordon och klassiska fordon. S\u00e4lj och k\u00f6p ditt dr\u00f6mfordon p\u00e5 auktion p\u00e5 Piston Addict, endast intressanta fordon, fr\u00e5n veteranmotorcyklar till hyperbilar. Du kan ocks\u00e5 informera dig om ditt n\u00e4sta fordon med hj\u00e4lp av Piston Addict-bilartiklar som skrivits av v\u00e5ra biljournalister och st\u00e4lla fr\u00e5gor till Piston Addict-communityt.\" \/>\n<meta property=\"og:url\" content=\"https:\/\/pistonaddict.com\/sv\/\" \/>\n<meta property=\"og:site_name\" content=\"Piston Addict\" \/>\n<meta property=\"article:modified_time\" content=\"2024-05-17T15:26:15+00:00\" \/>\n<meta name=\"twitter:card\" content=\"summary_large_image\" \/>\n<script type=\"application\/ld+json\" class=\"yoast-schema-graph\">{\"@context\":\"https:\/\/schema.org\",\"@graph\":[{\"@type\":\"WebPage\",\"@id\":\"https:\/\/pistonaddict.com\/sv\/\",\"url\":\"https:\/\/pistonaddict.com\/sv\/\",\"name\":\"Piston Addict : Marknadsplats f\u00f6r online-auktioner av bilar\",\"isPartOf\":{\"@id\":\"https:\/\/pistonaddict.com\/sv\/#website\"},\"datePublished\":\"2022-04-28T07:17:25+00:00\",\"dateModified\":\"2024-05-17T15:26:15+00:00\",\"description\":\"Piston Addict auktioner \u00e4r en internationell marknadsplats f\u00f6r veteranfordon och klassiska fordon. S\u00e4lj och k\u00f6p ditt dr\u00f6mfordon p\u00e5 auktion p\u00e5 Piston Addict, endast intressanta fordon, fr\u00e5n veteranmotorcyklar till hyperbilar. Du kan ocks\u00e5 informera dig om ditt n\u00e4sta fordon med hj\u00e4lp av Piston Addict-bilartiklar som skrivits av v\u00e5ra biljournalister och st\u00e4lla fr\u00e5gor till Piston Addict-communityt.\",\"breadcrumb\":{\"@id\":\"https:\/\/pistonaddict.com\/sv\/#breadcrumb\"},\"inLanguage\":\"sv-SE\",\"potentialAction\":[{\"@type\":\"ReadAction\",\"target\":[\"https:\/\/pistonaddict.com\/sv\/\"]}]},{\"@type\":\"BreadcrumbList\",\"@id\":\"https:\/\/pistonaddict.com\/sv\/#breadcrumb\",\"itemListElement\":[{\"@type\":\"ListItem\",\"position\":1,\"name\":\"Hemsida\",\"item\":\"https:\/\/pistonaddict.com\/sv\/hemsidan\/\"},{\"@type\":\"ListItem\",\"position\":2,\"name\":\"Hemsidan\"}]},{\"@type\":\"WebSite\",\"@id\":\"https:\/\/pistonaddict.com\/sv\/#website\",\"url\":\"https:\/\/pistonaddict.com\/sv\/\",\"name\":\"Piston Addict\",\"description\":\"Only interesting vehicles\",\"publisher\":{\"@id\":\"https:\/\/pistonaddict.com\/sv\/#organization\"},\"potentialAction\":[{\"@type\":\"SearchAction\",\"target\":{\"@type\":\"EntryPoint\",\"urlTemplate\":\"https:\/\/pistonaddict.com\/sv\/?s={search_term_string}\"},\"query-input\":\"required name=search_term_string\"}],\"inLanguage\":\"sv-SE\"},{\"@type\":\"Organization\",\"@id\":\"https:\/\/pistonaddict.com\/sv\/#organization\",\"name\":\"Piston Addict\",\"url\":\"https:\/\/pistonaddict.com\/sv\/\",\"logo\":{\"@type\":\"ImageObject\",\"inLanguage\":\"sv-SE\",\"@id\":\"https:\/\/pistonaddict.com\/sv\/#\/schema\/logo\/image\/\",\"url\":\"https:\/\/pistonaddict.com\/wp-content\/uploads\/2022\/07\/logo-6.png\",\"contentUrl\":\"https:\/\/pistonaddict.com\/wp-content\/uploads\/2022\/07\/logo-6.png\",\"width\":970,\"height\":200,\"caption\":\"Piston Addict\"},\"image\":{\"@id\":\"https:\/\/pistonaddict.com\/sv\/#\/schema\/logo\/image\/\"}}]}<\/script>\n<!-- \/ Yoast SEO plugin. -->","yoast_head_json":{"title":"Piston Addict : Marknadsplats f\u00f6r online-auktioner av bilar","description":"Piston Addict auktioner \u00e4r en internationell marknadsplats f\u00f6r veteranfordon och klassiska fordon. S\u00e4lj och k\u00f6p ditt dr\u00f6mfordon p\u00e5 auktion p\u00e5 Piston Addict, endast intressanta fordon, fr\u00e5n veteranmotorcyklar till hyperbilar. Du kan ocks\u00e5 informera dig om ditt n\u00e4sta fordon med hj\u00e4lp av Piston Addict-bilartiklar som skrivits av v\u00e5ra biljournalister och st\u00e4lla fr\u00e5gor till Piston Addict-communityt.","robots":{"index":"index","follow":"follow","max-snippet":"max-snippet:-1","max-image-preview":"max-image-preview:large","max-video-preview":"max-video-preview:-1"},"canonical":"https:\/\/pistonaddict.com\/sv\/","og_locale":"sv_SE","og_type":"article","og_title":"Piston Addict : Marknadsplats f\u00f6r online-auktioner av bilar","og_description":"Piston Addict auktioner \u00e4r en internationell marknadsplats f\u00f6r veteranfordon och klassiska fordon. S\u00e4lj och k\u00f6p ditt dr\u00f6mfordon p\u00e5 auktion p\u00e5 Piston Addict, endast intressanta fordon, fr\u00e5n veteranmotorcyklar till hyperbilar. Du kan ocks\u00e5 informera dig om ditt n\u00e4sta fordon med hj\u00e4lp av Piston Addict-bilartiklar som skrivits av v\u00e5ra biljournalister och st\u00e4lla fr\u00e5gor till Piston Addict-communityt.","og_url":"https:\/\/pistonaddict.com\/sv\/","og_site_name":"Piston Addict","article_modified_time":"2024-05-17T15:26:15+00:00","twitter_card":"summary_large_image","schema":{"@context":"https:\/\/schema.org","@graph":[{"@type":"WebPage","@id":"https:\/\/pistonaddict.com\/sv\/","url":"https:\/\/pistonaddict.com\/sv\/","name":"Piston Addict : Marknadsplats f\u00f6r online-auktioner av bilar","isPartOf":{"@id":"https:\/\/pistonaddict.com\/sv\/#website"},"datePublished":"2022-04-28T07:17:25+00:00","dateModified":"2024-05-17T15:26:15+00:00","description":"Piston Addict auktioner \u00e4r en internationell marknadsplats f\u00f6r veteranfordon och klassiska fordon. S\u00e4lj och k\u00f6p ditt dr\u00f6mfordon p\u00e5 auktion p\u00e5 Piston Addict, endast intressanta fordon, fr\u00e5n veteranmotorcyklar till hyperbilar. Du kan ocks\u00e5 informera dig om ditt n\u00e4sta fordon med hj\u00e4lp av Piston Addict-bilartiklar som skrivits av v\u00e5ra biljournalister och st\u00e4lla fr\u00e5gor till Piston Addict-communityt.","breadcrumb":{"@id":"https:\/\/pistonaddict.com\/sv\/#breadcrumb"},"inLanguage":"sv-SE","potentialAction":[{"@type":"ReadAction","target":["https:\/\/pistonaddict.com\/sv\/"]}]},{"@type":"BreadcrumbList","@id":"https:\/\/pistonaddict.com\/sv\/#breadcrumb","itemListElement":[{"@type":"ListItem","position":1,"name":"Hemsida","item":"https:\/\/pistonaddict.com\/sv\/hemsidan\/"},{"@type":"ListItem","position":2,"name":"Hemsidan"}]},{"@type":"WebSite","@id":"https:\/\/pistonaddict.com\/sv\/#website","url":"https:\/\/pistonaddict.com\/sv\/","name":"Piston Addict","description":"Only interesting vehicles","publisher":{"@id":"https:\/\/pistonaddict.com\/sv\/#organization"},"potentialAction":[{"@type":"SearchAction","target":{"@type":"EntryPoint","urlTemplate":"https:\/\/pistonaddict.com\/sv\/?s={search_term_string}"},"query-input":"required name=search_term_string"}],"inLanguage":"sv-SE"},{"@type":"Organization","@id":"https:\/\/pistonaddict.com\/sv\/#organization","name":"Piston Addict","url":"https:\/\/pistonaddict.com\/sv\/","logo":{"@type":"ImageObject","inLanguage":"sv-SE","@id":"https:\/\/pistonaddict.com\/sv\/#\/schema\/logo\/image\/","url":"https:\/\/pistonaddict.com\/wp-content\/uploads\/2022\/07\/logo-6.png","contentUrl":"https:\/\/pistonaddict.com\/wp-content\/uploads\/2022\/07\/logo-6.png","width":970,"height":200,"caption":"Piston Addict"},"image":{"@id":"https:\/\/pistonaddict.com\/sv\/#\/schema\/logo\/image\/"}}]}},"_links":{"self":[{"href":"https:\/\/pistonaddict.com\/sv\/wp-json\/wp\/v2\/pages\/51264"}],"collection":[{"href":"https:\/\/pistonaddict.com\/sv\/wp-json\/wp\/v2\/pages"}],"about":[{"href":"https:\/\/pistonaddict.com\/sv\/wp-json\/wp\/v2\/types\/page"}],"author":[{"embeddable":true,"href":"https:\/\/pistonaddict.com\/sv\/wp-json\/wp\/v2\/users\/1"}],"replies":[{"embeddable":true,"href":"https:\/\/pistonaddict.com\/sv\/wp-json\/wp\/v2\/comments?post=51264"}],"version-history":[{"count":1,"href":"https:\/\/pistonaddict.com\/sv\/wp-json\/wp\/v2\/pages\/51264\/revisions"}],"predecessor-version":[{"id":80982,"href":"https:\/\/pistonaddict.com\/sv\/wp-json\/wp\/v2\/pages\/51264\/revisions\/80982"}],"wp:attachment":[{"href":"https:\/\/pistonaddict.com\/sv\/wp-json\/wp\/v2\/media?parent=51264"}],"curies":[{"name":"wp","href":"https:\/\/api.w.org\/{rel}","templated":true}]}}