{"id":3122,"date":"2022-04-29T11:19:54","date_gmt":"2022-04-29T09:19:54","guid":{"rendered":"https:\/\/pistonaddict.com\/integritetspolicy\/"},"modified":"2022-05-04T17:59:57","modified_gmt":"2022-05-04T15:59:57","slug":"integritetspolicy","status":"publish","type":"page","link":"https:\/\/pistonaddict.com\/sv\/integritetspolicy\/","title":{"rendered":"Integritetspolicy"},"content":{"rendered":"\t\t<div data-elementor-type=\"wp-page\" data-elementor-id=\"3122\" class=\"elementor elementor-3122 elementor-339\">\n\t\t\t\t\t\t<section class=\"elementor-section elementor-top-section elementor-element elementor-element-82c15da elementor-section-boxed elementor-section-height-default elementor-section-height-default\" data-id=\"82c15da\" data-element_type=\"section\">\n\t\t\t\t\t\t<div class=\"elementor-container elementor-column-gap-default\">\n\t\t\t\t\t<div class=\"elementor-column elementor-col-100 elementor-top-column elementor-element elementor-element-ddaf1f1\" data-id=\"ddaf1f1\" data-element_type=\"column\">\n\t\t\t<div class=\"elementor-widget-wrap elementor-element-populated\">\n\t\t\t\t\t\t<div class=\"elementor-element elementor-element-25741e6 elementor-widget elementor-widget-text-editor\" data-id=\"25741e6\" data-element_type=\"widget\" data-widget_type=\"text-editor.default\">\n\t\t\t\t<div class=\"elementor-widget-container\">\n\t\t\t<style>\/*! elementor - v3.21.0 - 18-04-2024 *\/\n.elementor-widget-text-editor.elementor-drop-cap-view-stacked .elementor-drop-cap{background-color:#69727d;color:#fff}.elementor-widget-text-editor.elementor-drop-cap-view-framed .elementor-drop-cap{color:#69727d;border:3px solid;background-color:transparent}.elementor-widget-text-editor:not(.elementor-drop-cap-view-default) .elementor-drop-cap{margin-top:8px}.elementor-widget-text-editor:not(.elementor-drop-cap-view-default) .elementor-drop-cap-letter{width:1em;height:1em}.elementor-widget-text-editor .elementor-drop-cap{float:left;text-align:center;line-height:1;font-size:50px}.elementor-widget-text-editor .elementor-drop-cap-letter{display:inline-block}<\/style>\t\t\t\t\n          <p> <\/p>\n          <p>Syftet med integritetspolicyn \u00e4r att visa dig hur <strong>Piston Addict<\/strong> anv\u00e4nder, hanterar och skyddar den personliga information som du kan ha \u00f6verf\u00f6rt till f\u00f6retaget i samband med anv\u00e4ndningen av dess webbplats: https:\/\/www.pistonaddict.com. Denna integritetspolicy \u00e4r baserad p\u00e5 webbredakt\u00f6rens skyldigheter, enligt definitionen i General Data Protection Regulations (GDPR), f\u00f6r alla fr\u00e5gor som r\u00f6r samtycke till insamling av personuppgifter, skydd och s\u00e4kerhet f\u00f6r personuppgifter, respekt f\u00f6r dina r\u00e4ttigheter n\u00e4r det g\u00e4ller \u00e5tkomst, r\u00e4ttelse, bearbetning, portabilitet och radering av dina uppgifter.<\/p>\n          <p><strong>Piston Addicts<\/strong> integritetspolicy kan \u00e4ndras i enlighet med m\u00f6jliga \u00e4ndringar i de lagstiftande (RGPD), reglerande och r\u00e4ttsvetenskapliga ramar som avg\u00f6r dess utveckling och till\u00e4mpning.<\/p>\n          <div class=\"vc_row wpb_row vc_row-fluid row_bg_bottom vc_custom_1496737831361\"> <\/div>\n          <div class=\"wpb_column vc_column_container vc_col-sm-12\">\n            <div class=\"vc_column-inner\">\n              <div class=\"wpb_wrapper\"> <\/div>\n            <\/div>\n          <\/div>\n          <div class=\"cms-custom-heading-wrap heading2 text-left vc_custom_heading heading2_uppercase \">\n            <h2 class=\"cmsc-custom-heading vc_custom_heading\">1\u00b0 INSAMLING AV PERSONUPPGIFTER<\/h2>\n          <\/div>\n          <div class=\"wpb_text_column wpb_content_element vc_custom_1621498045904 cms_text_block\">\n            <div class=\"wpb_wrapper \"> <\/div>\n          <\/div>\n          <p>Det \u00e4r fullt m\u00f6jligt att surfa p\u00e5 https:\/\/www.pistonaddict.com-webbplatsen utan att avsl\u00f6ja din personliga information till utgivaren av webbplatsen, med de begr\u00e4nsningar som detta inneb\u00e4r n\u00e4r det g\u00e4ller tillg\u00e5ng till delar av informationen och tj\u00e4nsterna som erbjuds.<\/p>\n          <p>Att l\u00e4mna personuppgifter (efternamn och f\u00f6rnamn, f\u00f6retagsnamn, funktion i f\u00f6retaget, e-postadress, professionellt telefonnummer etc.) till <strong>Piston Addict<\/strong> \u00e4r en skyldighet om du \u00f6nskar f\u00e5 en offert, kontakta eller be om information.<\/p>\n          <p>Du accepterar d\u00e4rf\u00f6r principen f\u00f6r deras insamling f\u00f6r de \u00e4ndam\u00e5l som beskrivs i formul\u00e4ren samt i stycket &#8220;Syften med databehandling&#8221;. Utgivaren samlar ocks\u00e5 in personuppgifter via distribution av anslutningsfiler, i enlighet med g\u00e4llande lagstiftning om anv\u00e4ndning av cookies.<\/p>\n          <div class=\"vc_row wpb_row vc_row-fluid row_bg_bottom vc_custom_1496737831361\"> <\/div>\n          <div class=\"wpb_column vc_column_container vc_col-sm-12\">\n            <div class=\"vc_column-inner\">\n              <div class=\"wpb_wrapper\"> <\/div>\n            <\/div>\n          <\/div>\n          <div class=\"cms-custom-heading-wrap heading2 text-left vc_custom_heading heading2_uppercase \">\n            <h2 class=\"cmsc-custom-heading vc_custom_heading\">2\u00b0 S\u00c4KRA PERSONUPPGIFTER<\/h2>\n          <\/div>\n          <p><strong>Piston Addict<\/strong> implementerar en m\u00e4ngd olika s\u00e4kerhets\u00e5tg\u00e4rder f\u00f6r att uppr\u00e4tth\u00e5lla s\u00e4kerheten f\u00f6r din personliga information:<\/p>\n          <ul>\n            <li>anv\u00e4ndning av toppmodern kryptering f\u00f6r att skydda dina personuppgifter som \u00f6verf\u00f6rs online,<\/li>\n            <li>analytiska cookies g\u00f6r det m\u00f6jligt att r\u00e4kna Internetanv\u00e4ndare samtidigt som de analyserar deras beteende under bes\u00f6ket p\u00e5 webbplatsen f\u00f6r att generera trafikstatistik,<\/li>\n            <li>anv\u00e4ndning av datorer och servrar i en s\u00e4ker milj\u00f6 f\u00f6r att lagra och bearbeta dina data,<\/li>\n            <li>begr\u00e4nsad tillg\u00e5ng till personuppgifter f\u00f6r anst\u00e4llda som beh\u00f6ver utf\u00f6ra specifikt arbete (fakturering etc.).<\/li>\n          <\/ul>\n          <div class=\"vc_row wpb_row vc_row-fluid row_bg_bottom vc_custom_1496737831361\"> <\/div>\n          <div class=\"wpb_column vc_column_container vc_col-sm-12\">\n            <div class=\"vc_column-inner\">\n              <div class=\"wpb_wrapper\"> <\/div>\n            <\/div>\n          <\/div>\n          <div class=\"cms-custom-heading-wrap heading2 text-left vc_custom_heading heading2_uppercase \">\n            <h2 class=\"cmsc-custom-heading vc_custom_heading\">3\u00b0 BEHANDLING AV PERSONUPPGIFTER<\/h2>\n          <\/div>\n          <div class=\"wpb_text_column wpb_content_element vc_custom_1621498045904 cms_text_block\">\n            <div class=\"wpb_wrapper \"> <\/div>\n          <\/div>\n          <p><strong>Piston Addict<\/strong> har en mycket strikt policy f\u00f6r behandling av personuppgifter som best\u00e5r i att aldrig tilldela, l\u00e5na ut, hyra ut eller s\u00e4lja dem till tredjepartsorganisationer.<\/p>\n          <p>All behandling av dina personuppgifter som samlas in p\u00e5 https:\/\/www.pistonaddict.com-webbplatsen utf\u00f6rs direkt av medlemmar i <strong>Efficiencies<\/strong> -teamet som \u00e4r auktoriserade f\u00f6r detta \u00e4ndam\u00e5l.<\/p>\n          <p>Du samtycker d\u00e4rf\u00f6r till principen att behandla dina personuppgifter f\u00f6r de \u00e4ndam\u00e5l som beskrivs i kontaktformul\u00e4ren, kontoskapande\/hantering samt i stycket nedan s\u00e5 att vi b\u00e4ttre f\u00f6rst\u00e5r dina behov vad g\u00e4ller produkter och tj\u00e4nster.<\/p>\n          <div class=\"vc_row wpb_row vc_row-fluid row_bg_bottom vc_custom_1496737831361\"> <\/div>\n          <div class=\"wpb_column vc_column_container vc_col-sm-12\">\n            <div class=\"vc_column-inner\">\n              <div class=\"wpb_wrapper\"> <\/div>\n            <\/div>\n          <\/div>\n          <div class=\"cms-custom-heading-wrap heading2 text-left vc_custom_heading heading2_uppercase \">\n            <h2 class=\"cmsc-custom-heading vc_custom_heading\">4\u00b0 SYFTEN MED DATABEHANDLING<\/h2>\n          <\/div>\n          <div class=\"wpb_text_column wpb_content_element vc_custom_1621498045904 cms_text_block\">\n            <div class=\"wpb_wrapper \"> <\/div>\n          <\/div>\n          <p><strong>Piston Addict<\/strong> utf\u00f6r manuell eller automatiserad behandling av dina personuppgifter enligt specifika syften:<\/p>\n          <ul>\n            <li>Uppgifterna som samlas in via informationsformul\u00e4ren p\u00e5 webbplatsen (kontakt, offertf\u00f6rfr\u00e5gan, rekrytering) anv\u00e4nds f\u00f6r att skicka offerter, skapa eller utveckla en kommersiell relation, rekrytera praktikanter och\/eller anst\u00e4llda.<\/li>\n            <li>Den data som samlas in under uppspelningen av videor som lagts upp p\u00e5 specialiserade plattformar \u00e4r n\u00f6dv\u00e4ndig f\u00f6r att kunna komma \u00e5t dessa tredjepartswebbplatser och utf\u00f6ra deras f\u00f6rfr\u00e5gningar.<\/li>\n            <li>Uppgifterna som samlas in n\u00e4r du anv\u00e4nder knapparna f\u00f6r \u00e5tkomst till det sociala n\u00e4tverket \u00e4r n\u00f6dv\u00e4ndiga f\u00f6r att kunna utf\u00f6ra f\u00f6rfr\u00e5gningar fr\u00e5n dessa tredje parts webbplatser.<\/li>\n          <\/ul>\n          <div class=\"vc_row wpb_row vc_row-fluid row_bg_bottom vc_custom_1496737831361\"> <\/div>\n          <div class=\"wpb_column vc_column_container vc_col-sm-12\">\n            <div class=\"vc_column-inner\">\n              <div class=\"wpb_wrapper\"> <\/div>\n            <\/div>\n          <\/div>\n          <div class=\"cms-custom-heading-wrap heading2 text-left vc_custom_heading heading2_uppercase \">\n            <h2 class=\"cmsc-custom-heading vc_custom_heading\">5\u00b0 INSAMLING AV SAMTYCKE TILL DATAINSAMLING<\/h2>\n          <\/div>\n          <div class=\"wpb_text_column wpb_content_element vc_custom_1621498045904 cms_text_block\">\n            <div class=\"wpb_wrapper \"> <\/div>\n          <\/div>\n          <p>F\u00f6r alla typer av personlig datainsamling via sin webbplats anv\u00e4nder <strong>Piston Addict<\/strong> enheter f\u00f6r att f\u00e5 ditt uttryckliga samtycke:<\/p>\n          <ul>\n            <li>f\u00f6r godk\u00e4nnande av datainsamling n\u00e4r du fyller i kontaktformul\u00e4r,<\/li>\n            <li>f\u00f6r godk\u00e4nnande av cookies vid visning av varningsbannern.<\/li>\n          <\/ul>\n          <p><strong>Piston Addict<\/strong> sparar insamlingarna av samtycke till insamling av personuppgifter f\u00f6r att p\u00e5 enkel beg\u00e4ran kunna g\u00f6ra dem tillg\u00e4ngliga f\u00f6r CNIL och eventuellt annat kontrollorgan.<\/p>\n          <div class=\"vc_row wpb_row vc_row-fluid row_bg_bottom vc_custom_1496737831361\"> <\/div>\n          <div class=\"wpb_column vc_column_container vc_col-sm-12\">\n            <div class=\"vc_column-inner\">\n              <div class=\"wpb_wrapper\"> <\/div>\n            <\/div>\n          <\/div>\n          <div class=\"cms-custom-heading-wrap heading2 text-left vc_custom_heading heading2_uppercase \">\n            <h2 class=\"cmsc-custom-heading vc_custom_heading\">6\u00b0 VARAKTIGHETEN F\u00d6R BEVARING AV PERSONUPPGIFTER<\/h2>\n          <\/div>\n          <div class=\"wpb_text_column wpb_content_element vc_custom_1621498045904 cms_text_block\">\n            <div class=\"wpb_wrapper \"> <\/div>\n          <\/div>\n          <p>Lagringsperioden f\u00f6r dina personuppgifter varierar beroende p\u00e5 deras natur och den teknik som anv\u00e4nds f\u00f6r att samla in dem:<\/p>\n          <ul>\n            <li>f\u00f6r alla dina personuppgifter som samlas in av cookies \u00e4r lagringsperioden h\u00f6gst 13 m\u00e5nader,<\/li>\n            <li>f\u00f6r alla dina uppgifter som samlats in via ett formul\u00e4r f\u00e5r lagringsperioden inte \u00f6verstiga 36 m\u00e5nader.<\/li>\n          <\/ul>\n          <div class=\"vc_row wpb_row vc_row-fluid row_bg_bottom vc_custom_1496737831361\"> <\/div>\n          <div class=\"wpb_column vc_column_container vc_col-sm-12\">\n            <div class=\"vc_column-inner\">\n              <div class=\"wpb_wrapper\"> <\/div>\n            <\/div>\n          <\/div>\n          <div class=\"cms-custom-heading-wrap heading2 text-left vc_custom_heading heading2_uppercase \">\n            <h2 class=\"cmsc-custom-heading vc_custom_heading\">7\u00b0 \u00d6VERF\u00d6RING AV PERSONUPPGIFTER<\/h2>\n          <\/div>\n          <div class=\"wpb_text_column wpb_content_element vc_custom_1621498045904 cms_text_block\">\n            <div class=\"wpb_wrapper \"> <\/div>\n          <\/div>\n          <p><strong>Piston Addict<\/strong> \u00f6verf\u00f6r inte dina personuppgifter till tredjel\u00e4nder, vare sig de befinner sig inom eller utanf\u00f6r EU.<\/p>\n          <div class=\"vc_row wpb_row vc_row-fluid row_bg_bottom vc_custom_1496737831361\"> <\/div>\n          <div class=\"wpb_column vc_column_container vc_col-sm-12\">\n            <div class=\"vc_column-inner\">\n              <div class=\"wpb_wrapper\"> <\/div>\n            <\/div>\n          <\/div>\n          <div class=\"cms-custom-heading-wrap heading2 text-left vc_custom_heading heading2_uppercase \">\n            <h2 class=\"cmsc-custom-heading vc_custom_heading\">8\u00b0 AUKTORISERADE LEVERANT\u00d6RER<\/h2>\n          <\/div>\n          <div class=\"wpb_text_column wpb_content_element vc_custom_1621498045904 cms_text_block\">\n            <div class=\"wpb_wrapper \"> <\/div>\n          <\/div>\n          <p><strong>Piston Addict<\/strong> anv\u00e4nder tj\u00e4nster fr\u00e5n auktoriserade tj\u00e4nsteleverant\u00f6rer f\u00f6r att underl\u00e4tta behandlingen av personuppgifter som du anv\u00e4nder p\u00e5 webbplatsen.<\/p>\n          <div class=\"wpb_column vc_column_container vc_col-sm-12\">\n            <div class=\"vc_column-inner\">\n              <div class=\"wpb_wrapper\"> <\/div>\n            <\/div>\n          <\/div>\n          <div class=\"cms-custom-heading-wrap heading2 text-left vc_custom_heading heading2_uppercase \">\n            <h2 class=\"cmsc-custom-heading vc_custom_heading\">9\u00b0 UT\u00d6VANDE AV INTERNETANV\u00c4NDARES R\u00c4TTIGHETER<\/h2>\n          <\/div>\n          <div class=\"wpb_text_column wpb_content_element vc_custom_1621498045904 cms_text_block\">\n            <div class=\"wpb_wrapper \"> <\/div>\n          <\/div>\n          <p>I enlighet med de allm\u00e4nna dataskyddsf\u00f6rordningarna som antogs av Europaparlamentet den 14 april 2016, och den \u00e4ndrade dataskyddslagen fr\u00e5n den 6 januari 1978, har du en upps\u00e4ttning r\u00e4ttigheter relaterade till dina personuppgifter.<\/p>\n          <p>Du kan ut\u00f6va dessa r\u00e4ttigheter genom att kontakta utgivaren av webbplatsen direkt:<\/p>\n          <ul>\n            <li>per post: <strong>Piston Addict<\/strong> \u2013 <\/li>\n            <li>per telefon : <\/li>\n            <li>via e-post : <\/li>\n          <\/ul>\n          <h3>9.1\u00b0 R\u00e4tten till tillg\u00e5ng till data<\/h3>\n          <p>Inom den r\u00e4ttsliga ram som definieras av RGPD kan du n\u00e4r som helst g\u00f6ra en skriftlig beg\u00e4ran om kommunikation av dina personuppgifter.<\/p>\n          <p>F\u00f6r att g\u00f6ra detta kan du anv\u00e4nda modellbrevet skapat av Commission Nationale de l&#8217;Informatique et des Libert\u00e9s: https:\/\/www.cnil.fr\/fr\/modele\/courrier\/exerciser-son-droit-dacces.<\/p>\n          <h3>9.2\u00b0 R\u00e4tten att r\u00e4tta uppgifter<\/h3>\n          <p>Lagstiftningen om personuppgifter till\u00e5ter dig att beg\u00e4ra \u00e4ndring eller r\u00e4ttelse av ofullst\u00e4ndig, felaktig eller f\u00f6r\u00e5ldrad information som r\u00f6r dig sj\u00e4lv eller en avliden n\u00e4ra person.<\/p>\n          <p>F\u00f6r att g\u00f6ra detta kan du anv\u00e4nda modellbrevet fr\u00e5n Commission Nationale de l&#8217;Informatique et des Libert\u00e9s: https:\/\/www.cnil.fr\/fr\/modele\/courrier\/rectifier-des-donnees-inexactes-obsoletes-ou -utg\u00e5nget.<\/p>\n          <h3>9.3\u00b0 R\u00e4tten till inv\u00e4ndning av legitima sk\u00e4l<\/h3>\n          <p>Inom den r\u00e4ttsliga ram som definieras av GDPR kan du n\u00e4r som helst inv\u00e4nda mot behandlingen av dina personuppgifter av f\u00f6ljande sk\u00e4l:<\/p>\n          <ul>\n            <li>motst\u00e5nd mot anv\u00e4ndningen av uppgifter som samlats in i samband med kommersiell prospekteringsverksamhet,<\/li>\n            <li>opposition p\u00e5 legitima grunder.<\/li>\n          <\/ul>\n          <p>F\u00f6r att g\u00f6ra detta kan du anv\u00e4nda modellbrevet som uppr\u00e4ttats av Commission Nationale de l&#8217;Informatique et des Libert\u00e9s: https:\/\/www.cnil.fr\/fr\/modele\/courrier\/sopposing-lutilisation-commerciale-de-ses- coordonnees .<\/p>\n          <h3>9.4\u00b0 R\u00e4tten till dataportabilitet<\/h3>\n          <p>Inom den r\u00e4ttsliga ram som definieras av RGPD kan du n\u00e4r som helst beg\u00e4ra att f\u00e5 tillbaka dina personuppgifter i ett \u00f6ppet och maskinl\u00e4sbart format, f\u00f6r att lagra dem p\u00e5 ett annat medium eller f\u00f6r att \u00f6verf\u00f6ra dem till ett annat informationssystem f\u00f6r \u00e5teranv\u00e4ndning.<\/p>\n          <p>F\u00f6r att g\u00f6ra detta kan du anv\u00e4nda modellbrevet som f\u00f6resl\u00e5s av Commission Nationale de l&#8217;Informatique et des Libert\u00e9s: https:\/\/www.cnil.fr\/fr\/modele\/courrier\/exerciser-son-droit-dacces.<\/p>\n          <h3>9.5\u00b0 R\u00e4tten att radera data<\/h3>\n          <p>Personuppgiftslagstiftningen till\u00e5ter dig att beg\u00e4ra radering av all din data som har lagrats p\u00e5 <strong>Piston Addicts<\/strong> webbplats.<\/p>\n          <p>F\u00f6r att g\u00f6ra detta kan du anv\u00e4nda modellbrevet som f\u00f6resl\u00e5s av Commission Nationale de l&#8217;Informatique et des Libert\u00e9s: https:\/\/www.cnil.fr\/fr\/modele\/courrier\/supprimer-des-informations-vous-concernant-dun -hemsida.<\/p>\n          <h3>9.6\u00b0 Behandlingen av dina f\u00f6rfr\u00e5gningar<\/h3>\n          <p><strong>Piston Addict<\/strong> \u00e5tar sig att svara p\u00e5 dina f\u00f6rfr\u00e5gningar som r\u00f6r personuppgifter inom en rimlig tidsperiod, som inte f\u00e5r \u00f6verstiga 1 m\u00e5nad fr\u00e5n mottagandet av dessa.<\/p>\n          <p><strong>Piston Addict<\/strong> f\u00f6rbeh\u00e5ller sig r\u00e4tten att avsl\u00e5 f\u00f6rfr\u00e5gningar som r\u00f6r data som k\u00e4nnetecknas av antingen uppenbart illvilliga avsikter eller av upprepning och missbruk.<\/p>\n          <h3>9.7\u00b0 Personuppgiftsansvarig<\/h3>\n          <p><strong>Herr. <\/strong><br>E-post: <br>Telefon : <\/p>\n        \t\t\t\t\t\t<\/div>\n\t\t\t\t<\/div>\n\t\t\t\t\t<\/div>\n\t\t<\/div>\n\t\t\t\t\t<\/div>\n\t\t<\/section>\n\t\t\t\t<\/div>\n\t\t","protected":false},"excerpt":{"rendered":"<p>Syftet med integritetspolicyn \u00e4r att visa dig hur Piston Addict anv\u00e4nder, hanterar och skyddar den personliga information som du kan ha \u00f6verf\u00f6rt till f\u00f6retaget i samband med anv\u00e4ndningen av dess webbplats: https:\/\/www.pistonaddict.com. Denna integritetspolicy \u00e4r baserad p\u00e5 webbredakt\u00f6rens skyldigheter, enligt definitionen i General Data Protection Regulations (GDPR), f\u00f6r alla fr\u00e5gor som r\u00f6r samtycke till insamling &#8230; <a title=\"Integritetspolicy\" class=\"read-more\" href=\"https:\/\/pistonaddict.com\/sv\/integritetspolicy\/\">L\u00e4s mer<span class=\"screen-reader-text\">Integritetspolicy<\/span><\/a><\/p>\n","protected":false},"author":1,"featured_media":0,"parent":0,"menu_order":0,"comment_status":"closed","ping_status":"closed","template":"","meta":{"inline_featured_image":false,"footnotes":""},"acf":[],"yoast_head":"<!-- This site is optimized with the Yoast SEO plugin v22.5 - https:\/\/yoast.com\/wordpress\/plugins\/seo\/ -->\n<title>Integritetspolicy - Piston Addict<\/title>\n<meta name=\"robots\" content=\"index, follow, max-snippet:-1, max-image-preview:large, max-video-preview:-1\" \/>\n<link rel=\"canonical\" href=\"https:\/\/pistonaddict.com\/sv\/integritetspolicy\/\" \/>\n<meta property=\"og:locale\" content=\"sv_SE\" \/>\n<meta property=\"og:type\" content=\"article\" \/>\n<meta property=\"og:title\" content=\"Integritetspolicy - Piston Addict\" \/>\n<meta property=\"og:description\" content=\"Syftet med integritetspolicyn \u00e4r att visa dig hur Piston Addict anv\u00e4nder, hanterar och skyddar den personliga information som du kan ha \u00f6verf\u00f6rt till f\u00f6retaget i samband med anv\u00e4ndningen av dess webbplats: https:\/\/www.pistonaddict.com. Denna integritetspolicy \u00e4r baserad p\u00e5 webbredakt\u00f6rens skyldigheter, enligt definitionen i General Data Protection Regulations (GDPR), f\u00f6r alla fr\u00e5gor som r\u00f6r samtycke till insamling ... L\u00e4s merIntegritetspolicy\" \/>\n<meta property=\"og:url\" content=\"https:\/\/pistonaddict.com\/sv\/integritetspolicy\/\" \/>\n<meta property=\"og:site_name\" content=\"Piston Addict\" \/>\n<meta property=\"article:modified_time\" content=\"2022-05-04T15:59:57+00:00\" \/>\n<meta name=\"twitter:card\" content=\"summary_large_image\" \/>\n<meta name=\"twitter:label1\" content=\"Ber\u00e4knad l\u00e4stid\" \/>\n\t<meta name=\"twitter:data1\" content=\"6 minuter\" \/>\n<script type=\"application\/ld+json\" class=\"yoast-schema-graph\">{\"@context\":\"https:\/\/schema.org\",\"@graph\":[{\"@type\":\"WebPage\",\"@id\":\"https:\/\/pistonaddict.com\/sv\/integritetspolicy\/\",\"url\":\"https:\/\/pistonaddict.com\/sv\/integritetspolicy\/\",\"name\":\"Integritetspolicy - Piston Addict\",\"isPartOf\":{\"@id\":\"https:\/\/pistonaddict.com\/sv\/#website\"},\"datePublished\":\"2022-04-29T09:19:54+00:00\",\"dateModified\":\"2022-05-04T15:59:57+00:00\",\"breadcrumb\":{\"@id\":\"https:\/\/pistonaddict.com\/sv\/integritetspolicy\/#breadcrumb\"},\"inLanguage\":\"sv-SE\",\"potentialAction\":[{\"@type\":\"ReadAction\",\"target\":[\"https:\/\/pistonaddict.com\/sv\/integritetspolicy\/\"]}]},{\"@type\":\"BreadcrumbList\",\"@id\":\"https:\/\/pistonaddict.com\/sv\/integritetspolicy\/#breadcrumb\",\"itemListElement\":[{\"@type\":\"ListItem\",\"position\":1,\"name\":\"Hemsida\",\"item\":\"https:\/\/pistonaddict.com\/sv\/hemsidan\/\"},{\"@type\":\"ListItem\",\"position\":2,\"name\":\"Integritetspolicy\"}]},{\"@type\":\"WebSite\",\"@id\":\"https:\/\/pistonaddict.com\/sv\/#website\",\"url\":\"https:\/\/pistonaddict.com\/sv\/\",\"name\":\"Piston Addict\",\"description\":\"Only interesting vehicles\",\"publisher\":{\"@id\":\"https:\/\/pistonaddict.com\/sv\/#organization\"},\"potentialAction\":[{\"@type\":\"SearchAction\",\"target\":{\"@type\":\"EntryPoint\",\"urlTemplate\":\"https:\/\/pistonaddict.com\/sv\/?s={search_term_string}\"},\"query-input\":\"required name=search_term_string\"}],\"inLanguage\":\"sv-SE\"},{\"@type\":\"Organization\",\"@id\":\"https:\/\/pistonaddict.com\/sv\/#organization\",\"name\":\"Piston Addict\",\"url\":\"https:\/\/pistonaddict.com\/sv\/\",\"logo\":{\"@type\":\"ImageObject\",\"inLanguage\":\"sv-SE\",\"@id\":\"https:\/\/pistonaddict.com\/sv\/#\/schema\/logo\/image\/\",\"url\":\"https:\/\/pistonaddict.com\/wp-content\/uploads\/2022\/07\/logo-6.png\",\"contentUrl\":\"https:\/\/pistonaddict.com\/wp-content\/uploads\/2022\/07\/logo-6.png\",\"width\":970,\"height\":200,\"caption\":\"Piston Addict\"},\"image\":{\"@id\":\"https:\/\/pistonaddict.com\/sv\/#\/schema\/logo\/image\/\"}}]}<\/script>\n<!-- \/ Yoast SEO plugin. -->","yoast_head_json":{"title":"Integritetspolicy - Piston Addict","robots":{"index":"index","follow":"follow","max-snippet":"max-snippet:-1","max-image-preview":"max-image-preview:large","max-video-preview":"max-video-preview:-1"},"canonical":"https:\/\/pistonaddict.com\/sv\/integritetspolicy\/","og_locale":"sv_SE","og_type":"article","og_title":"Integritetspolicy - Piston Addict","og_description":"Syftet med integritetspolicyn \u00e4r att visa dig hur Piston Addict anv\u00e4nder, hanterar och skyddar den personliga information som du kan ha \u00f6verf\u00f6rt till f\u00f6retaget i samband med anv\u00e4ndningen av dess webbplats: https:\/\/www.pistonaddict.com. Denna integritetspolicy \u00e4r baserad p\u00e5 webbredakt\u00f6rens skyldigheter, enligt definitionen i General Data Protection Regulations (GDPR), f\u00f6r alla fr\u00e5gor som r\u00f6r samtycke till insamling ... L\u00e4s merIntegritetspolicy","og_url":"https:\/\/pistonaddict.com\/sv\/integritetspolicy\/","og_site_name":"Piston Addict","article_modified_time":"2022-05-04T15:59:57+00:00","twitter_card":"summary_large_image","twitter_misc":{"Ber\u00e4knad l\u00e4stid":"6 minuter"},"schema":{"@context":"https:\/\/schema.org","@graph":[{"@type":"WebPage","@id":"https:\/\/pistonaddict.com\/sv\/integritetspolicy\/","url":"https:\/\/pistonaddict.com\/sv\/integritetspolicy\/","name":"Integritetspolicy - Piston Addict","isPartOf":{"@id":"https:\/\/pistonaddict.com\/sv\/#website"},"datePublished":"2022-04-29T09:19:54+00:00","dateModified":"2022-05-04T15:59:57+00:00","breadcrumb":{"@id":"https:\/\/pistonaddict.com\/sv\/integritetspolicy\/#breadcrumb"},"inLanguage":"sv-SE","potentialAction":[{"@type":"ReadAction","target":["https:\/\/pistonaddict.com\/sv\/integritetspolicy\/"]}]},{"@type":"BreadcrumbList","@id":"https:\/\/pistonaddict.com\/sv\/integritetspolicy\/#breadcrumb","itemListElement":[{"@type":"ListItem","position":1,"name":"Hemsida","item":"https:\/\/pistonaddict.com\/sv\/hemsidan\/"},{"@type":"ListItem","position":2,"name":"Integritetspolicy"}]},{"@type":"WebSite","@id":"https:\/\/pistonaddict.com\/sv\/#website","url":"https:\/\/pistonaddict.com\/sv\/","name":"Piston Addict","description":"Only interesting vehicles","publisher":{"@id":"https:\/\/pistonaddict.com\/sv\/#organization"},"potentialAction":[{"@type":"SearchAction","target":{"@type":"EntryPoint","urlTemplate":"https:\/\/pistonaddict.com\/sv\/?s={search_term_string}"},"query-input":"required name=search_term_string"}],"inLanguage":"sv-SE"},{"@type":"Organization","@id":"https:\/\/pistonaddict.com\/sv\/#organization","name":"Piston Addict","url":"https:\/\/pistonaddict.com\/sv\/","logo":{"@type":"ImageObject","inLanguage":"sv-SE","@id":"https:\/\/pistonaddict.com\/sv\/#\/schema\/logo\/image\/","url":"https:\/\/pistonaddict.com\/wp-content\/uploads\/2022\/07\/logo-6.png","contentUrl":"https:\/\/pistonaddict.com\/wp-content\/uploads\/2022\/07\/logo-6.png","width":970,"height":200,"caption":"Piston Addict"},"image":{"@id":"https:\/\/pistonaddict.com\/sv\/#\/schema\/logo\/image\/"}}]}},"_links":{"self":[{"href":"https:\/\/pistonaddict.com\/sv\/wp-json\/wp\/v2\/pages\/3122"}],"collection":[{"href":"https:\/\/pistonaddict.com\/sv\/wp-json\/wp\/v2\/pages"}],"about":[{"href":"https:\/\/pistonaddict.com\/sv\/wp-json\/wp\/v2\/types\/page"}],"author":[{"embeddable":true,"href":"https:\/\/pistonaddict.com\/sv\/wp-json\/wp\/v2\/users\/1"}],"replies":[{"embeddable":true,"href":"https:\/\/pistonaddict.com\/sv\/wp-json\/wp\/v2\/comments?post=3122"}],"version-history":[{"count":2,"href":"https:\/\/pistonaddict.com\/sv\/wp-json\/wp\/v2\/pages\/3122\/revisions"}],"predecessor-version":[{"id":4059,"href":"https:\/\/pistonaddict.com\/sv\/wp-json\/wp\/v2\/pages\/3122\/revisions\/4059"}],"wp:attachment":[{"href":"https:\/\/pistonaddict.com\/sv\/wp-json\/wp\/v2\/media?parent=3122"}],"curies":[{"name":"wp","href":"https:\/\/api.w.org\/{rel}","templated":true}]}}