{"id":3067,"date":"2022-04-29T11:20:06","date_gmt":"2022-04-29T09:20:06","guid":{"rendered":"https:\/\/pistonaddict.com\/kommentarsregler\/"},"modified":"2023-02-05T11:11:44","modified_gmt":"2023-02-05T10:11:44","slug":"kommentarsregler","status":"publish","type":"page","link":"https:\/\/pistonaddict.com\/sv\/kommentarsregler\/","title":{"rendered":"Regler f\u00f6r kommentarer"},"content":{"rendered":"\t\t<div data-elementor-type=\"wp-page\" data-elementor-id=\"3067\" class=\"elementor elementor-3067 elementor-3043\">\n\t\t\t\t\t\t<section class=\"elementor-section elementor-top-section elementor-element elementor-element-01b8fa5 elementor-section-boxed elementor-section-height-default elementor-section-height-default\" data-id=\"01b8fa5\" data-element_type=\"section\">\n\t\t\t\t\t\t<div class=\"elementor-container elementor-column-gap-default\">\n\t\t\t\t\t<div class=\"elementor-column elementor-col-100 elementor-top-column elementor-element elementor-element-19e2c1c\" data-id=\"19e2c1c\" data-element_type=\"column\">\n\t\t\t<div class=\"elementor-widget-wrap elementor-element-populated\">\n\t\t\t\t\t\t<div class=\"elementor-element elementor-element-9413b6d elementor-widget elementor-widget-text-editor\" data-id=\"9413b6d\" data-element_type=\"widget\" data-widget_type=\"text-editor.default\">\n\t\t\t\t<div class=\"elementor-widget-container\">\n\t\t\t<style>\/*! elementor - v3.21.0 - 18-04-2024 *\/\n.elementor-widget-text-editor.elementor-drop-cap-view-stacked .elementor-drop-cap{background-color:#69727d;color:#fff}.elementor-widget-text-editor.elementor-drop-cap-view-framed .elementor-drop-cap{color:#69727d;border:3px solid;background-color:transparent}.elementor-widget-text-editor:not(.elementor-drop-cap-view-default) .elementor-drop-cap{margin-top:8px}.elementor-widget-text-editor:not(.elementor-drop-cap-view-default) .elementor-drop-cap-letter{width:1em;height:1em}.elementor-widget-text-editor .elementor-drop-cap{float:left;text-align:center;line-height:1;font-size:50px}.elementor-widget-text-editor .elementor-drop-cap-letter{display:inline-block}<\/style>\t\t\t\t<\/p>\n<h2> <\/h2>\n<h2>Regel 1. Var konstruktiv och inte negativ<\/h2>\n<p>Det \u00e4r l\u00e4ttare att s\u00e4ga att man inte gillar n\u00e5got, och ibland kan det vara motiverat. \u00c5 andra sidan \u00e4r det mer v\u00e4rdefullt att s\u00e4ga hur du skulle kunna f\u00f6rb\u00e4ttra den, och det verkliga v\u00e4rdet \u00f6kar n\u00e4r du kan specificera vad som \u00e4r fel och hur du skulle kunna f\u00f6rsk\u00f6na den.<\/p>\n<h2> <\/h2>\n<h2>Regel 2. Erfarenhet vinner<\/h2>\n<p>Andra l\u00e4sare bryr sig mycket mer om din \u00e5sikt om den kommer fr\u00e5n relevant erfarenhet. Om du k\u00e4nner till ett visst fordons historia eller vet mycket om ett visst m\u00e4rke eller en viss modell \u00e4r det mycket mer sannolikt att du blir intressant.<\/p>\n<h2> <\/h2>\n<h2>Regel 3. Prata om bilar, inte om andra<\/h2>\n<p>Alla har r\u00e4tt att ha en \u00e5sikt, \u00e4ven om man inte h\u00e5ller med om den. Kritik av andra medlemmars karakt\u00e4r, smak eller allm\u00e4nna karakt\u00e4r har ingen plats.<\/p>\n<h2> <\/h2>\n<h2>Regel 4. Marknaden fastst\u00e4ller priset<\/h2>\n<p>Piston Addict \u00e4r en fri marknad d\u00e4r s\u00e4ljaren och k\u00f6paren best\u00e4mmer priset, s\u00e5 att s\u00e4ga att n\u00e5got \u00e4r f\u00f6r dyrt eller f\u00f6r billigt betyder ingenting alls. Ett f\u00f6rem\u00e5l \u00e4r v\u00e4rt vad n\u00e5gon \u00e4r villig att betala.<\/p>\n<h2> <\/h2>\n<h2>Regel 5. Om du inte har l\u00e4st alla \u00f6vriga kommentarer \u00e4r du inte redo att l\u00e4mna din egen kommentar.<\/h2>\n<p>Det \u00e4r den digitala motsvarigheten till att lyssna innan du talar.<\/p>\n<h2> <\/h2>\n<h2>Regel 6. Inga k\u00f6p-, f\u00f6rs\u00e4ljnings- eller kontaktuppgifter \u00e4r till\u00e5tna i kommentarsf\u00e4ltet.<\/h2>\n<p>Om du har en bil till salu kan du skicka in den till oss via formul\u00e4ret. F\u00f6rfr\u00e5gningar om ink\u00f6p, e-postadresser och telefonnummer i kommentarer  <br \/>kommer att raderas.<\/p>\n<h2> <\/h2>\n<h2>Regel 7. Alla \u00e4r v\u00e4lkomna<\/h2>\n<p>V\u00e5ra medlemmar \u00e4r lika varierande som de bilar vi har i v\u00e5rt utbud. Politiska, kvinnofientliga eller homofobiska kommentarer \u00e4r inte till\u00e5tna.<\/p>\n<h2> <\/h2>\n<h2>Funktionalitet f\u00f6r kommentarer<\/h2>\n<p><strong>\u00c4ndring av kommentarer:<\/strong> kommentarer kan \u00e4ndras av f\u00f6rfattaren efter offentligg\u00f6randet, utan tidsbegr\u00e4nsning. Klicka p\u00e5 den r\u00f6da l\u00e4nken &#8220;Redigera&#8221; som finns f\u00f6r detta \u00e4ndam\u00e5l.<\/p>\n<p><strong>Flagga som icke-konstruktiv:<\/strong> Om en kommentar bryter mot reglerna ovan, klicka p\u00e5 flaggningsl\u00e4nken &#8220;Rapportera&#8221; s\u00e5 att den kan granskas eller tas bort. Vi granskar alla rapporterade kommentarer och fattar det slutgiltiga beslutet om de ska \u00e5terinf\u00f6ras eller tas bort.<br \/>Vi vill att samtalen p\u00e5 den h\u00e4r webbplatsen ska vara av h\u00f6g kvalitet.<\/p>\n<p><strong>F\u00f6rsta g\u00e5ngen du kommenterar: Alla<\/strong> som kommenterar <strong>f\u00f6r f\u00f6rsta g\u00e5ngen<\/strong> \u00e4r modererade, och en kommentar kommer inte att publiceras p\u00e5 webbplatsen f\u00f6rr\u00e4n den har granskats av personalen p\u00e5 Piston Addict. N\u00e4r du har skrivit en kommentar f\u00f6r f\u00f6rsta g\u00e5ngen kommer den inte l\u00e4ngre att modereras.<\/p>\n\t\t\t\t\t\t<\/div>\n\t\t\t\t<\/div>\n\t\t\t\t\t<\/div>\n\t\t<\/div>\n\t\t\t\t\t<\/div>\n\t\t<\/section>\n\t\t\t\t<\/div>\n\t\t","protected":false},"excerpt":{"rendered":"<p>Regel 1. Var konstruktiv och inte negativ Det \u00e4r l\u00e4ttare att s\u00e4ga att man inte gillar n\u00e5got, och ibland kan det vara motiverat. \u00c5 andra sidan \u00e4r det mer v\u00e4rdefullt att s\u00e4ga hur du skulle kunna f\u00f6rb\u00e4ttra den, och det verkliga v\u00e4rdet \u00f6kar n\u00e4r du kan specificera vad som \u00e4r fel och hur du skulle &#8230; <a title=\"Regler f\u00f6r kommentarer\" class=\"read-more\" href=\"https:\/\/pistonaddict.com\/sv\/kommentarsregler\/\">L\u00e4s mer<span class=\"screen-reader-text\">Regler f\u00f6r kommentarer<\/span><\/a><\/p>\n","protected":false},"author":1,"featured_media":0,"parent":0,"menu_order":0,"comment_status":"closed","ping_status":"closed","template":"","meta":{"inline_featured_image":false,"footnotes":""},"acf":[],"yoast_head":"<!-- This site is optimized with the Yoast SEO plugin v22.5 - https:\/\/yoast.com\/wordpress\/plugins\/seo\/ -->\n<title>Regler f\u00f6r kommentarer - Piston Addict<\/title>\n<meta name=\"robots\" content=\"index, follow, max-snippet:-1, max-image-preview:large, max-video-preview:-1\" \/>\n<link rel=\"canonical\" href=\"https:\/\/pistonaddict.com\/sv\/kommentarsregler\/\" \/>\n<meta property=\"og:locale\" content=\"sv_SE\" \/>\n<meta property=\"og:type\" content=\"article\" \/>\n<meta property=\"og:title\" content=\"Regler f\u00f6r kommentarer - Piston Addict\" \/>\n<meta property=\"og:description\" content=\"Regel 1. Var konstruktiv och inte negativ Det \u00e4r l\u00e4ttare att s\u00e4ga att man inte gillar n\u00e5got, och ibland kan det vara motiverat. \u00c5 andra sidan \u00e4r det mer v\u00e4rdefullt att s\u00e4ga hur du skulle kunna f\u00f6rb\u00e4ttra den, och det verkliga v\u00e4rdet \u00f6kar n\u00e4r du kan specificera vad som \u00e4r fel och hur du skulle ... L\u00e4s merRegler f\u00f6r kommentarer\" \/>\n<meta property=\"og:url\" content=\"https:\/\/pistonaddict.com\/sv\/kommentarsregler\/\" \/>\n<meta property=\"og:site_name\" content=\"Piston Addict\" \/>\n<meta property=\"article:modified_time\" content=\"2023-02-05T10:11:44+00:00\" \/>\n<meta name=\"twitter:card\" content=\"summary_large_image\" \/>\n<meta name=\"twitter:label1\" content=\"Ber\u00e4knad l\u00e4stid\" \/>\n\t<meta name=\"twitter:data1\" content=\"2 minuter\" \/>\n<script type=\"application\/ld+json\" class=\"yoast-schema-graph\">{\"@context\":\"https:\/\/schema.org\",\"@graph\":[{\"@type\":\"WebPage\",\"@id\":\"https:\/\/pistonaddict.com\/sv\/kommentarsregler\/\",\"url\":\"https:\/\/pistonaddict.com\/sv\/kommentarsregler\/\",\"name\":\"Regler f\u00f6r kommentarer - Piston Addict\",\"isPartOf\":{\"@id\":\"https:\/\/pistonaddict.com\/sv\/#website\"},\"datePublished\":\"2022-04-29T09:20:06+00:00\",\"dateModified\":\"2023-02-05T10:11:44+00:00\",\"breadcrumb\":{\"@id\":\"https:\/\/pistonaddict.com\/sv\/kommentarsregler\/#breadcrumb\"},\"inLanguage\":\"sv-SE\",\"potentialAction\":[{\"@type\":\"ReadAction\",\"target\":[\"https:\/\/pistonaddict.com\/sv\/kommentarsregler\/\"]}]},{\"@type\":\"BreadcrumbList\",\"@id\":\"https:\/\/pistonaddict.com\/sv\/kommentarsregler\/#breadcrumb\",\"itemListElement\":[{\"@type\":\"ListItem\",\"position\":1,\"name\":\"Hemsida\",\"item\":\"https:\/\/pistonaddict.com\/sv\/hemsidan\/\"},{\"@type\":\"ListItem\",\"position\":2,\"name\":\"Regler f\u00f6r kommentarer\"}]},{\"@type\":\"WebSite\",\"@id\":\"https:\/\/pistonaddict.com\/sv\/#website\",\"url\":\"https:\/\/pistonaddict.com\/sv\/\",\"name\":\"Piston Addict\",\"description\":\"Only interesting vehicles\",\"publisher\":{\"@id\":\"https:\/\/pistonaddict.com\/sv\/#organization\"},\"potentialAction\":[{\"@type\":\"SearchAction\",\"target\":{\"@type\":\"EntryPoint\",\"urlTemplate\":\"https:\/\/pistonaddict.com\/sv\/?s={search_term_string}\"},\"query-input\":\"required name=search_term_string\"}],\"inLanguage\":\"sv-SE\"},{\"@type\":\"Organization\",\"@id\":\"https:\/\/pistonaddict.com\/sv\/#organization\",\"name\":\"Piston Addict\",\"url\":\"https:\/\/pistonaddict.com\/sv\/\",\"logo\":{\"@type\":\"ImageObject\",\"inLanguage\":\"sv-SE\",\"@id\":\"https:\/\/pistonaddict.com\/sv\/#\/schema\/logo\/image\/\",\"url\":\"https:\/\/pistonaddict.com\/wp-content\/uploads\/2022\/07\/logo-6.png\",\"contentUrl\":\"https:\/\/pistonaddict.com\/wp-content\/uploads\/2022\/07\/logo-6.png\",\"width\":970,\"height\":200,\"caption\":\"Piston Addict\"},\"image\":{\"@id\":\"https:\/\/pistonaddict.com\/sv\/#\/schema\/logo\/image\/\"}}]}<\/script>\n<!-- \/ Yoast SEO plugin. -->","yoast_head_json":{"title":"Regler f\u00f6r kommentarer - Piston Addict","robots":{"index":"index","follow":"follow","max-snippet":"max-snippet:-1","max-image-preview":"max-image-preview:large","max-video-preview":"max-video-preview:-1"},"canonical":"https:\/\/pistonaddict.com\/sv\/kommentarsregler\/","og_locale":"sv_SE","og_type":"article","og_title":"Regler f\u00f6r kommentarer - Piston Addict","og_description":"Regel 1. Var konstruktiv och inte negativ Det \u00e4r l\u00e4ttare att s\u00e4ga att man inte gillar n\u00e5got, och ibland kan det vara motiverat. \u00c5 andra sidan \u00e4r det mer v\u00e4rdefullt att s\u00e4ga hur du skulle kunna f\u00f6rb\u00e4ttra den, och det verkliga v\u00e4rdet \u00f6kar n\u00e4r du kan specificera vad som \u00e4r fel och hur du skulle ... L\u00e4s merRegler f\u00f6r kommentarer","og_url":"https:\/\/pistonaddict.com\/sv\/kommentarsregler\/","og_site_name":"Piston Addict","article_modified_time":"2023-02-05T10:11:44+00:00","twitter_card":"summary_large_image","twitter_misc":{"Ber\u00e4knad l\u00e4stid":"2 minuter"},"schema":{"@context":"https:\/\/schema.org","@graph":[{"@type":"WebPage","@id":"https:\/\/pistonaddict.com\/sv\/kommentarsregler\/","url":"https:\/\/pistonaddict.com\/sv\/kommentarsregler\/","name":"Regler f\u00f6r kommentarer - Piston Addict","isPartOf":{"@id":"https:\/\/pistonaddict.com\/sv\/#website"},"datePublished":"2022-04-29T09:20:06+00:00","dateModified":"2023-02-05T10:11:44+00:00","breadcrumb":{"@id":"https:\/\/pistonaddict.com\/sv\/kommentarsregler\/#breadcrumb"},"inLanguage":"sv-SE","potentialAction":[{"@type":"ReadAction","target":["https:\/\/pistonaddict.com\/sv\/kommentarsregler\/"]}]},{"@type":"BreadcrumbList","@id":"https:\/\/pistonaddict.com\/sv\/kommentarsregler\/#breadcrumb","itemListElement":[{"@type":"ListItem","position":1,"name":"Hemsida","item":"https:\/\/pistonaddict.com\/sv\/hemsidan\/"},{"@type":"ListItem","position":2,"name":"Regler f\u00f6r kommentarer"}]},{"@type":"WebSite","@id":"https:\/\/pistonaddict.com\/sv\/#website","url":"https:\/\/pistonaddict.com\/sv\/","name":"Piston Addict","description":"Only interesting vehicles","publisher":{"@id":"https:\/\/pistonaddict.com\/sv\/#organization"},"potentialAction":[{"@type":"SearchAction","target":{"@type":"EntryPoint","urlTemplate":"https:\/\/pistonaddict.com\/sv\/?s={search_term_string}"},"query-input":"required name=search_term_string"}],"inLanguage":"sv-SE"},{"@type":"Organization","@id":"https:\/\/pistonaddict.com\/sv\/#organization","name":"Piston Addict","url":"https:\/\/pistonaddict.com\/sv\/","logo":{"@type":"ImageObject","inLanguage":"sv-SE","@id":"https:\/\/pistonaddict.com\/sv\/#\/schema\/logo\/image\/","url":"https:\/\/pistonaddict.com\/wp-content\/uploads\/2022\/07\/logo-6.png","contentUrl":"https:\/\/pistonaddict.com\/wp-content\/uploads\/2022\/07\/logo-6.png","width":970,"height":200,"caption":"Piston Addict"},"image":{"@id":"https:\/\/pistonaddict.com\/sv\/#\/schema\/logo\/image\/"}}]}},"_links":{"self":[{"href":"https:\/\/pistonaddict.com\/sv\/wp-json\/wp\/v2\/pages\/3067"}],"collection":[{"href":"https:\/\/pistonaddict.com\/sv\/wp-json\/wp\/v2\/pages"}],"about":[{"href":"https:\/\/pistonaddict.com\/sv\/wp-json\/wp\/v2\/types\/page"}],"author":[{"embeddable":true,"href":"https:\/\/pistonaddict.com\/sv\/wp-json\/wp\/v2\/users\/1"}],"replies":[{"embeddable":true,"href":"https:\/\/pistonaddict.com\/sv\/wp-json\/wp\/v2\/comments?post=3067"}],"version-history":[{"count":5,"href":"https:\/\/pistonaddict.com\/sv\/wp-json\/wp\/v2\/pages\/3067\/revisions"}],"predecessor-version":[{"id":26229,"href":"https:\/\/pistonaddict.com\/sv\/wp-json\/wp\/v2\/pages\/3067\/revisions\/26229"}],"wp:attachment":[{"href":"https:\/\/pistonaddict.com\/sv\/wp-json\/wp\/v2\/media?parent=3067"}],"curies":[{"name":"wp","href":"https:\/\/api.w.org\/{rel}","templated":true}]}}