{"id":3064,"date":"2022-04-29T11:19:25","date_gmt":"2022-04-29T09:19:25","guid":{"rendered":"https:\/\/pistonaddict.com\/cookiehantering\/"},"modified":"2022-10-28T10:21:19","modified_gmt":"2022-10-28T08:21:19","slug":"cookiehantering","status":"publish","type":"page","link":"https:\/\/pistonaddict.com\/sv\/cookiehantering\/","title":{"rendered":"F\u00f6rvaltning av cookies"},"content":{"rendered":"\t\t<div data-elementor-type=\"wp-page\" data-elementor-id=\"3064\" class=\"elementor elementor-3064 elementor-2954\">\n\t\t\t\t\t\t<section class=\"elementor-section elementor-top-section elementor-element elementor-element-00987b4 elementor-section-boxed elementor-section-height-default elementor-section-height-default\" data-id=\"00987b4\" data-element_type=\"section\">\n\t\t\t\t\t\t<div class=\"elementor-container elementor-column-gap-default\">\n\t\t\t\t\t<div class=\"elementor-column elementor-col-100 elementor-top-column elementor-element elementor-element-9f5f945\" data-id=\"9f5f945\" data-element_type=\"column\">\n\t\t\t<div class=\"elementor-widget-wrap elementor-element-populated\">\n\t\t\t\t\t\t<div class=\"elementor-element elementor-element-8525f40 elementor-widget elementor-widget-text-editor\" data-id=\"8525f40\" data-element_type=\"widget\" data-widget_type=\"text-editor.default\">\n\t\t\t\t<div class=\"elementor-widget-container\">\n\t\t\t<style>\/*! elementor - v3.21.0 - 18-04-2024 *\/\n.elementor-widget-text-editor.elementor-drop-cap-view-stacked .elementor-drop-cap{background-color:#69727d;color:#fff}.elementor-widget-text-editor.elementor-drop-cap-view-framed .elementor-drop-cap{color:#69727d;border:3px solid;background-color:transparent}.elementor-widget-text-editor:not(.elementor-drop-cap-view-default) .elementor-drop-cap{margin-top:8px}.elementor-widget-text-editor:not(.elementor-drop-cap-view-default) .elementor-drop-cap-letter{width:1em;height:1em}.elementor-widget-text-editor .elementor-drop-cap{float:left;text-align:center;line-height:1;font-size:50px}.elementor-widget-text-editor .elementor-drop-cap-letter{display:inline-block}<\/style>\t\t\t\t<div class=\"wpb_text_column wpb_content_element cms_text_block\">\n<div class=\"wpb_wrapper \">\n<p>Vid din f\u00f6rsta \u00e5tkomst till webbplatsen https:\/\/www.pistonaddict.com informerar ett band som \u00e4r placerat under sidan dig om att uppgifter som r\u00f6r din navigering kommer att registreras i s\u00e4rskilda filer som kallas &#8220;cookies&#8221; eller anslutningsfiler.<\/p>\n<p>F\u00f6r att b\u00e4ttre kunna informera dig om deras roll, de begr\u00e4nsningar som h\u00e4nger samman med deras godk\u00e4nnande eller deras v\u00e4gran och de \u00e5tg\u00e4rder som du m\u00e5ste vidta f\u00f6r att f\u00f6rhindra deras installation p\u00e5 din dator, presenterar <strong>Piston Addict<\/strong> sin policy f\u00f6r hantering av cookies.<\/p>\n<div class=\"wpb_column vc_column_container vc_col-sm-12\">\n<div class=\"vc_column-inner\">\n<div class=\"wpb_wrapper\"> <\/div>\n<\/div>\n<\/div>\n<div class=\"cms-custom-heading-wrap heading2 text-left vc_custom_heading heading2_uppercase \">\n<h2> <\/h2>\n<h2 class=\"cmsc-custom-heading vc_custom_heading\">1\u00b0 ROLLEN F\u00d6R COOKIES ELLER ANSLUTNINGSFILER<\/h2>\n<\/div>\n<p>Cookies till\u00e5ter oss att samla in information om hur du bes\u00f6ker webbplatsen Internet (https:\/\/www.pistonaddict.com) f\u00f6r att anpassa och f\u00f6rb\u00e4ttra din navigering. De filer som tillhandah\u00e5lls av navigatorn g\u00f6r det m\u00f6jligt att exakt fastst\u00e4lla vilka tj\u00e4nster och vilken information du s\u00f6ker utifr\u00e5n de rubriker och sidor som du bes\u00f6ker.<\/p>\n<p>F\u00f6r en optimal anv\u00e4ndning av webbplatsen och dess tj\u00e4nster anv\u00e4nds olika typer av cookies beroende p\u00e5 deras \u00e4ndam\u00e5l:<\/p>\n<ul>\n<li>Sessionscookies \u00e4r huvudsakligen installerade p\u00e5 webbplatser f\u00f6r att under hela navigeringssekvensen skydda vissa uppgifter som registreras i f\u00f6rv\u00e4g,<\/li>\n<li>De funktionella kakorna tar h\u00e4nsyn till preferenser f\u00f6r navigering (spr\u00e5k, sk\u00e4rmuppl\u00f6sning&#8230;), eller ger information som erh\u00e5llits vid tidigare navigeringstillf\u00e4llen (identifierare av anslutning, tj\u00e4nster som best\u00e4llts, uppgifter som erh\u00e5llits&#8230;),<\/li>\n<li>De analytiska kakorna g\u00f6r det m\u00f6jligt att bokf\u00f6ra de interna anv\u00e4ndarna och att analysera deras beteende under bes\u00f6ket p\u00e5 webbplatsen f\u00f6r att skapa statistik om hur ofta de bes\u00f6ker den,<\/li>\n<li>De tredje kakorna \u00e4r deponerade p\u00e5 internets\u00f6kandens webbl\u00e4sare av publicistiska f\u00f6retag eller av webbplatsens partner, samt av sociala n\u00e4tverk och videoplattformar som \u00e4r kopplade till webbplatsen.<\/li>\n<\/ul>\n<p>De uppgifter som beh\u00f6vs f\u00f6r anslutningsfilerna till\u00e5ter inte att du identifierar dem p\u00e5 ett nominativt s\u00e4tt, de anv\u00e4nds endast f\u00f6r att webbplatsen ska fungera bra och de meddelas aldrig av <strong>Piston Addict<\/strong> till andra strukturer.<\/p>\n<div class=\"wpb_column vc_column_container vc_col-sm-12\">\n<div class=\"vc_column-inner\">\n<div class=\"wpb_wrapper\"> <\/div>\n<\/div>\n<\/div>\n<div class=\"cms-custom-heading-wrap heading2 text-left vc_custom_heading heading2_uppercase \">\n<h2> <\/h2>\n<h2 class=\"cmsc-custom-heading vc_custom_heading\">2\u00b0 LES COOKIES SOM FINNS P\u00c5 WEBBPLATSEN PISTONADDICT.COM<\/h2>\n<\/div>\n<div class=\"wpb_text_column wpb_content_element vc_custom_1621498045904 cms_text_block\">\n<div class=\"wpb_wrapper \"> <\/div>\n<\/div>\n<p>Beroende p\u00e5 deras natur och den typ av data som de samlar in kan de cookies som anv\u00e4nds p\u00e5 webbplatsen https:\/\/www.pistonaddict.com hindra ditt samtycke till deras anv\u00e4ndning eller vara kontraproduktiva.<\/p>\n<h3> <\/h3>\n<h3>2.1\u00b0 De fungerande kakorna<\/h3>\n<p>La Commission Nationale de l&#8217;Informatique et des Libert\u00e9s (CNIL) rekommenderar att du inte beh\u00f6ver anv\u00e4nda de cookies som \u00e4r n\u00f6dv\u00e4ndiga f\u00f6r att webbplatsen ska fungera bra eller som har som enda syfte att underl\u00e4tta kommunikation via elektronisk v\u00e4g.<\/p>\n<p>Detta g\u00e4ller fr\u00e4mst sessionens identifieringscookies, sessionens cookies f\u00f6r multimediala l\u00e4sare, autentiseringscookies, sessionens cookies f\u00f6r att j\u00e4mna ut laddning eller skapad laddning samt personaliseringscookies f\u00f6r ditt anv\u00e4ndargr\u00e4nssnitt.<\/p>\n<h3> <\/h3>\n<h3>2.2\u00b0 De uppf\u00f6ljningscookies<\/h3>\n<p>Enligt den g\u00e4llande lagstiftningen som till\u00e4mpas av RGPD ska alla cookies som m\u00f6jligg\u00f6r ciggande eller profilering vara tillg\u00e4ngliga innan de skickas till din webbl\u00e4sare: registrering av ditt samtycke, m\u00f6jligheten att mots\u00e4tta sig deras anv\u00e4ndning, information om att navigeringens forts\u00e4ttning \u00e4r f\u00f6renlig med lagring av cookies p\u00e5 din terminal.<\/p>\n<p>Detta g\u00e4ller b\u00e5de cookies f\u00f6r publikm\u00e4tning (Analytics) och cookies f\u00f6r delning p\u00e5 sociala n\u00e4tverk (Facebook&#8230;), och dessa cookies \u00e4r d\u00e4rf\u00f6r underkastade sekretesspolicyer fr\u00e5n utgivare av dessa logiska applikationer.<\/p>\n<h4> <\/h4>\n<h4><strong>2.2.1\u00b0 Cookies f\u00f6r publikm\u00e4tning<\/strong><\/h4>\n<p>Google Analytics-cookies g\u00f6r det m\u00f6jligt att skapa statistik om anv\u00e4ndningen av webbplatsen Internet: https:\/\/www.pistonaddict.com.<\/p>\n<p>De har parametrerats s\u00e5 att de samlar in data som g\u00f6r det m\u00f6jligt att fakultativt samla in ditt samtycke:<\/p>\n<ul>\n<li>De cookies som l\u00e4ggs fram \u00e4r endast avsedda f\u00f6r anonyma statistiska uppgifter, den IP-adress som g\u00f6r det m\u00f6jligt att lokalisera dig \u00e4r inte mer exakt \u00e4n stadens storlek, de tv\u00e5 sista oktetterna av IP-adressen \u00e4r borttagna,<\/li>\n<li>De cookies som g\u00f6r det m\u00f6jligt att fastst\u00e4lla din trafikf\u00f6rm\u00e5ga och dina IP-adresser bevaras inte l\u00e4ngre \u00e4n 13 m\u00e5nader efter det f\u00f6rsta bes\u00f6ket.<\/li>\n<\/ul>\n<p>Den sekretesspolicy som g\u00e4ller f\u00f6r Google Analytics finns tillg\u00e4nglig p\u00e5 f\u00f6ljande adress: https:\/\/policies.google.com\/privacy?hl=fr<\/p>\n<h3> <\/h3>\n<h4><strong>2.2.2\u00b0 Cookies f\u00f6r datadelning<\/strong><\/h4>\n<p>Cookies f\u00f6r delning p\u00e5 sociala n\u00e4tverk (Facebook&#8230;) \u00e4r utf\u00e4rdade och bevarade av programutgivarna. Med f\u00f6rbeh\u00e5ll f\u00f6r ditt samtycke kan du med hj\u00e4lp av dessa cookies enkelt dela det inneh\u00e5ll som publiceras p\u00e5 webbplatsen Internet: https:\/\/www.pistonaddict.com med hj\u00e4lp av dedikerade knappar.<\/p>\n<p>De konfidentiella reglerna f\u00f6r sociala n\u00e4tverk \u00e4r tillg\u00e4ngliga p\u00e5 f\u00f6ljande sidor:<\/p>\n<ul>\n<li>Facebook : https:\/\/fr-fr.facebook.com\/privacy\/explanation<\/li>\n<li>Twitter : https:\/\/twitter.com\/fr\/privacy#update<\/li>\n<li>Pinterest : https:\/\/policy.pinterest.com\/fr\/privacy-policy<\/li>\n<li>Instagram : https:\/\/help.instagram.com\/519522125107875<\/li>\n<\/ul>\n<h3> <\/h3>\n<h4><strong>2.2.3\u00b0 Cookies fr\u00e5n videoplattformar<\/strong><\/h4>\n<p>De cookies som \u00e4r kopplade till visualisering av videor p\u00e5 YouTube \u00e4r utf\u00e4rdade och f\u00f6rvaltas av utgivaren av videoplattformen. Dessa cookies skickas till din webbl\u00e4sare vid uppl\u00e4sning av videor som publiceras p\u00e5 webbplatsen Internet : https:\/\/www.pistonaddict.com och p\u00e5 plattformen.<\/p>\n<p>YouTube:s sekretesspolicy \u00e4r tillg\u00e4nglig p\u00e5 f\u00f6ljande adress: https:\/\/policies.google.com\/privacy?hl=fr-CA<\/p>\n<\/div>\n<\/div>\n<div class=\"wpb_column vc_column_container vc_col-sm-12\">\n<div class=\"vc_column-inner\">\n<div class=\"wpb_wrapper\"> <\/div>\n<\/div>\n<\/div>\n<div class=\"cms-custom-heading-wrap heading2 text-left vc_custom_heading heading2_uppercase \">\n<h2> <\/h2>\n<h2 class=\"cmsc-custom-heading vc_custom_heading\">3\u00b0 GODK\u00c4NNANDE ELLER V\u00c4GRAN AV COOKIES<\/h2>\n<\/div>\n<div class=\"wpb_text_column wpb_content_element vc_custom_1621498045904 cms_text_block\">\n<div class=\"wpb_wrapper \">\n<p>Vid ditt f\u00f6rsta bes\u00f6k p\u00e5 webbplatsen https:\/\/www.pistonaddict.com visas en banderoll i sidans nedre del f\u00f6r att du ska kunna acceptera eller avvisa cookies. Denna bandvagn inneh\u00e5ller \u00e4ven de uppgifter som r\u00f6r slutligt skickande av cookies p\u00e5 din webbl\u00e4sare.<\/p>\n<p>Du kan ocks\u00e5 st\u00e4lla in din webbl\u00e4sare s\u00e5 att du f\u00e5r veta n\u00e4r cookies l\u00e4ggs ut med m\u00f6jlighet att acceptera dem eller avvisa dem. Beroende p\u00e5 vilken webbl\u00e4sare som anv\u00e4nds \u00e4r konfigurationen av cookies (godk\u00e4nnande eller avslag) annorlunda.<\/p>\n<p>Du hittar nedan adresserna till de sidor som \u00e4r avsedda f\u00f6r var och en av de viktigaste navigat\u00f6rerna:<\/p>\n<ul>\n<li>Microsoft Internet Explorer : http:\/\/windows.microsoft.com\/fr-FR\/windows-vista\/Block-or-allow-cookies<\/li>\n<li>Google Chrome : https:\/\/support.google.com\/chrome\/answer\/95647?hl=fr<\/li>\n<li>Safari : https:\/\/support.apple.com\/fr-fr\/guide\/safari\/sfri11471\/mac<\/li>\n<li>Firefox : https:\/\/support.mozilla.org\/fr\/kb\/autoriser-bloquer-cookies-preferences-sites<\/li>\n<li>Opera : https:\/\/help.opera.com\/en\/latest\/web-preferences\/#cookies<\/li>\n<\/ul>\n<p>Observera: Om du v\u00e4grar att anv\u00e4nda cookies kan det hindra personaliseringen av din navigering p\u00e5 webbplatsen Internet: https:\/\/www.pistonaddict.com, det \u00e4r d\u00e4rf\u00f6r viktigt att du konfigurerar din navigator och \u00e4r medveten om orsaken till detta.<\/p>\n<\/div>\n<\/div>\n<div class=\"wpb_column vc_column_container vc_col-sm-12\">\n<div class=\"vc_column-inner\">\n<div class=\"wpb_wrapper\"> <\/div>\n<\/div>\n<\/div>\n<div class=\"cms-custom-heading-wrap heading2 text-left vc_custom_heading heading2_uppercase \">\n<h2> <\/h2>\n<h2 class=\"cmsc-custom-heading vc_custom_heading\">4\u00b0 \u00c5TERKALLANDE AV SAMTYCKE TILL COOKIES<\/h2>\n<\/div>\n<div class=\"wpb_text_column wpb_content_element vc_custom_1621498045904 cms_text_block\">\n<div class=\"wpb_wrapper \">\n<p>Det \u00e4r m\u00f6jligt att vid varje tillf\u00e4lle \u00e5terkalla sitt <a class=\"wt-cli-manage-consent-link\">samtycke till Cookies<\/a> tiers och analytiska cookies.<\/p>\n<div class=\"wpb_column vc_column_container vc_col-sm-12\">\n<div class=\"vc_column-inner\">\n<div class=\"wpb_wrapper\"> <\/div>\n<\/div>\n<\/div>\n<div class=\"cms-custom-heading-wrap heading2 text-left vc_custom_heading heading2_uppercase \">\n<h2> <\/h2>\n<h2 class=\"cmsc-custom-heading vc_custom_heading\">5\u00b0 POLITIKEN F\u00d6R SEKRETESS<\/h2>\n<\/div>\n<div class=\"wpb_text_column wpb_content_element vc_custom_1621498045904 cms_text_block\">\n<div class=\"wpb_wrapper \"> <\/div>\n<\/div>\n<p>Om du vill veta mer om <strong>Piston Addict<\/strong>:s sekretesspolicy: <a href=\"https:\/\/pistonaddict.com\/sv\/integritetspolicy\/\">klicka h\u00e4r<\/a>.<\/p>\n<\/div>\n<\/div>\n\t\t\t\t\t\t<\/div>\n\t\t\t\t<\/div>\n\t\t\t\t\t<\/div>\n\t\t<\/div>\n\t\t\t\t\t<\/div>\n\t\t<\/section>\n\t\t\t\t<\/div>\n\t\t","protected":false},"excerpt":{"rendered":"<p>Vid din f\u00f6rsta \u00e5tkomst till webbplatsen https:\/\/www.pistonaddict.com informerar ett band som \u00e4r placerat under sidan dig om att uppgifter som r\u00f6r din navigering kommer att registreras i s\u00e4rskilda filer som kallas &#8220;cookies&#8221; eller anslutningsfiler. F\u00f6r att b\u00e4ttre kunna informera dig om deras roll, de begr\u00e4nsningar som h\u00e4nger samman med deras godk\u00e4nnande eller deras v\u00e4gran och &#8230; <a title=\"F\u00f6rvaltning av cookies\" class=\"read-more\" href=\"https:\/\/pistonaddict.com\/sv\/cookiehantering\/\">L\u00e4s mer<span class=\"screen-reader-text\">F\u00f6rvaltning av cookies<\/span><\/a><\/p>\n","protected":false},"author":1,"featured_media":0,"parent":0,"menu_order":0,"comment_status":"closed","ping_status":"closed","template":"","meta":{"inline_featured_image":false,"footnotes":""},"acf":[],"yoast_head":"<!-- This site is optimized with the Yoast SEO plugin v22.5 - https:\/\/yoast.com\/wordpress\/plugins\/seo\/ -->\n<title>F\u00f6rvaltning av cookies - Piston Addict<\/title>\n<meta name=\"robots\" content=\"index, follow, max-snippet:-1, max-image-preview:large, max-video-preview:-1\" \/>\n<link rel=\"canonical\" href=\"https:\/\/pistonaddict.com\/sv\/cookiehantering\/\" \/>\n<meta property=\"og:locale\" content=\"sv_SE\" \/>\n<meta property=\"og:type\" content=\"article\" \/>\n<meta property=\"og:title\" content=\"F\u00f6rvaltning av cookies - Piston Addict\" \/>\n<meta property=\"og:description\" content=\"Vid din f\u00f6rsta \u00e5tkomst till webbplatsen https:\/\/www.pistonaddict.com informerar ett band som \u00e4r placerat under sidan dig om att uppgifter som r\u00f6r din navigering kommer att registreras i s\u00e4rskilda filer som kallas &#8220;cookies&#8221; eller anslutningsfiler. F\u00f6r att b\u00e4ttre kunna informera dig om deras roll, de begr\u00e4nsningar som h\u00e4nger samman med deras godk\u00e4nnande eller deras v\u00e4gran och ... L\u00e4s merF\u00f6rvaltning av cookies\" \/>\n<meta property=\"og:url\" content=\"https:\/\/pistonaddict.com\/sv\/cookiehantering\/\" \/>\n<meta property=\"og:site_name\" content=\"Piston Addict\" \/>\n<meta property=\"article:modified_time\" content=\"2022-10-28T08:21:19+00:00\" \/>\n<meta name=\"twitter:card\" content=\"summary_large_image\" \/>\n<meta name=\"twitter:label1\" content=\"Ber\u00e4knad l\u00e4stid\" \/>\n\t<meta name=\"twitter:data1\" content=\"6 minuter\" \/>\n<script type=\"application\/ld+json\" class=\"yoast-schema-graph\">{\"@context\":\"https:\/\/schema.org\",\"@graph\":[{\"@type\":\"WebPage\",\"@id\":\"https:\/\/pistonaddict.com\/sv\/cookiehantering\/\",\"url\":\"https:\/\/pistonaddict.com\/sv\/cookiehantering\/\",\"name\":\"F\u00f6rvaltning av cookies - Piston Addict\",\"isPartOf\":{\"@id\":\"https:\/\/pistonaddict.com\/sv\/#website\"},\"datePublished\":\"2022-04-29T09:19:25+00:00\",\"dateModified\":\"2022-10-28T08:21:19+00:00\",\"breadcrumb\":{\"@id\":\"https:\/\/pistonaddict.com\/sv\/cookiehantering\/#breadcrumb\"},\"inLanguage\":\"sv-SE\",\"potentialAction\":[{\"@type\":\"ReadAction\",\"target\":[\"https:\/\/pistonaddict.com\/sv\/cookiehantering\/\"]}]},{\"@type\":\"BreadcrumbList\",\"@id\":\"https:\/\/pistonaddict.com\/sv\/cookiehantering\/#breadcrumb\",\"itemListElement\":[{\"@type\":\"ListItem\",\"position\":1,\"name\":\"Hemsida\",\"item\":\"https:\/\/pistonaddict.com\/sv\/hemsidan\/\"},{\"@type\":\"ListItem\",\"position\":2,\"name\":\"F\u00f6rvaltning av cookies\"}]},{\"@type\":\"WebSite\",\"@id\":\"https:\/\/pistonaddict.com\/sv\/#website\",\"url\":\"https:\/\/pistonaddict.com\/sv\/\",\"name\":\"Piston Addict\",\"description\":\"Only interesting vehicles\",\"publisher\":{\"@id\":\"https:\/\/pistonaddict.com\/sv\/#organization\"},\"potentialAction\":[{\"@type\":\"SearchAction\",\"target\":{\"@type\":\"EntryPoint\",\"urlTemplate\":\"https:\/\/pistonaddict.com\/sv\/?s={search_term_string}\"},\"query-input\":\"required name=search_term_string\"}],\"inLanguage\":\"sv-SE\"},{\"@type\":\"Organization\",\"@id\":\"https:\/\/pistonaddict.com\/sv\/#organization\",\"name\":\"Piston Addict\",\"url\":\"https:\/\/pistonaddict.com\/sv\/\",\"logo\":{\"@type\":\"ImageObject\",\"inLanguage\":\"sv-SE\",\"@id\":\"https:\/\/pistonaddict.com\/sv\/#\/schema\/logo\/image\/\",\"url\":\"https:\/\/pistonaddict.com\/wp-content\/uploads\/2022\/07\/logo-6.png\",\"contentUrl\":\"https:\/\/pistonaddict.com\/wp-content\/uploads\/2022\/07\/logo-6.png\",\"width\":970,\"height\":200,\"caption\":\"Piston Addict\"},\"image\":{\"@id\":\"https:\/\/pistonaddict.com\/sv\/#\/schema\/logo\/image\/\"}}]}<\/script>\n<!-- \/ Yoast SEO plugin. -->","yoast_head_json":{"title":"F\u00f6rvaltning av cookies - Piston Addict","robots":{"index":"index","follow":"follow","max-snippet":"max-snippet:-1","max-image-preview":"max-image-preview:large","max-video-preview":"max-video-preview:-1"},"canonical":"https:\/\/pistonaddict.com\/sv\/cookiehantering\/","og_locale":"sv_SE","og_type":"article","og_title":"F\u00f6rvaltning av cookies - Piston Addict","og_description":"Vid din f\u00f6rsta \u00e5tkomst till webbplatsen https:\/\/www.pistonaddict.com informerar ett band som \u00e4r placerat under sidan dig om att uppgifter som r\u00f6r din navigering kommer att registreras i s\u00e4rskilda filer som kallas &#8220;cookies&#8221; eller anslutningsfiler. F\u00f6r att b\u00e4ttre kunna informera dig om deras roll, de begr\u00e4nsningar som h\u00e4nger samman med deras godk\u00e4nnande eller deras v\u00e4gran och ... L\u00e4s merF\u00f6rvaltning av cookies","og_url":"https:\/\/pistonaddict.com\/sv\/cookiehantering\/","og_site_name":"Piston Addict","article_modified_time":"2022-10-28T08:21:19+00:00","twitter_card":"summary_large_image","twitter_misc":{"Ber\u00e4knad l\u00e4stid":"6 minuter"},"schema":{"@context":"https:\/\/schema.org","@graph":[{"@type":"WebPage","@id":"https:\/\/pistonaddict.com\/sv\/cookiehantering\/","url":"https:\/\/pistonaddict.com\/sv\/cookiehantering\/","name":"F\u00f6rvaltning av cookies - Piston Addict","isPartOf":{"@id":"https:\/\/pistonaddict.com\/sv\/#website"},"datePublished":"2022-04-29T09:19:25+00:00","dateModified":"2022-10-28T08:21:19+00:00","breadcrumb":{"@id":"https:\/\/pistonaddict.com\/sv\/cookiehantering\/#breadcrumb"},"inLanguage":"sv-SE","potentialAction":[{"@type":"ReadAction","target":["https:\/\/pistonaddict.com\/sv\/cookiehantering\/"]}]},{"@type":"BreadcrumbList","@id":"https:\/\/pistonaddict.com\/sv\/cookiehantering\/#breadcrumb","itemListElement":[{"@type":"ListItem","position":1,"name":"Hemsida","item":"https:\/\/pistonaddict.com\/sv\/hemsidan\/"},{"@type":"ListItem","position":2,"name":"F\u00f6rvaltning av cookies"}]},{"@type":"WebSite","@id":"https:\/\/pistonaddict.com\/sv\/#website","url":"https:\/\/pistonaddict.com\/sv\/","name":"Piston Addict","description":"Only interesting vehicles","publisher":{"@id":"https:\/\/pistonaddict.com\/sv\/#organization"},"potentialAction":[{"@type":"SearchAction","target":{"@type":"EntryPoint","urlTemplate":"https:\/\/pistonaddict.com\/sv\/?s={search_term_string}"},"query-input":"required name=search_term_string"}],"inLanguage":"sv-SE"},{"@type":"Organization","@id":"https:\/\/pistonaddict.com\/sv\/#organization","name":"Piston Addict","url":"https:\/\/pistonaddict.com\/sv\/","logo":{"@type":"ImageObject","inLanguage":"sv-SE","@id":"https:\/\/pistonaddict.com\/sv\/#\/schema\/logo\/image\/","url":"https:\/\/pistonaddict.com\/wp-content\/uploads\/2022\/07\/logo-6.png","contentUrl":"https:\/\/pistonaddict.com\/wp-content\/uploads\/2022\/07\/logo-6.png","width":970,"height":200,"caption":"Piston Addict"},"image":{"@id":"https:\/\/pistonaddict.com\/sv\/#\/schema\/logo\/image\/"}}]}},"_links":{"self":[{"href":"https:\/\/pistonaddict.com\/sv\/wp-json\/wp\/v2\/pages\/3064"}],"collection":[{"href":"https:\/\/pistonaddict.com\/sv\/wp-json\/wp\/v2\/pages"}],"about":[{"href":"https:\/\/pistonaddict.com\/sv\/wp-json\/wp\/v2\/types\/page"}],"author":[{"embeddable":true,"href":"https:\/\/pistonaddict.com\/sv\/wp-json\/wp\/v2\/users\/1"}],"replies":[{"embeddable":true,"href":"https:\/\/pistonaddict.com\/sv\/wp-json\/wp\/v2\/comments?post=3064"}],"version-history":[{"count":5,"href":"https:\/\/pistonaddict.com\/sv\/wp-json\/wp\/v2\/pages\/3064\/revisions"}],"predecessor-version":[{"id":16004,"href":"https:\/\/pistonaddict.com\/sv\/wp-json\/wp\/v2\/pages\/3064\/revisions\/16004"}],"wp:attachment":[{"href":"https:\/\/pistonaddict.com\/sv\/wp-json\/wp\/v2\/media?parent=3064"}],"curies":[{"name":"wp","href":"https:\/\/api.w.org\/{rel}","templated":true}]}}