{"id":2938,"date":"2022-04-29T11:18:49","date_gmt":"2022-04-29T09:18:49","guid":{"rendered":"https:\/\/pistonaddict.com\/avsandande\/"},"modified":"2022-05-04T17:59:58","modified_gmt":"2022-05-04T15:59:58","slug":"avsandande","status":"publish","type":"page","link":"https:\/\/pistonaddict.com\/sv\/avsandande\/","title":{"rendered":"Avs\u00e4ndande"},"content":{"rendered":"\t\t<div data-elementor-type=\"wp-page\" data-elementor-id=\"2938\" class=\"elementor elementor-2938 elementor-333\">\n\t\t\t\t\t\t<section class=\"elementor-section elementor-top-section elementor-element elementor-element-eb8a04d elementor-section-boxed elementor-section-height-default elementor-section-height-default\" data-id=\"eb8a04d\" data-element_type=\"section\">\n\t\t\t\t\t\t<div class=\"elementor-container elementor-column-gap-default\">\n\t\t\t\t\t<div class=\"elementor-column elementor-col-100 elementor-top-column elementor-element elementor-element-43edc4e\" data-id=\"43edc4e\" data-element_type=\"column\">\n\t\t\t<div class=\"elementor-widget-wrap elementor-element-populated\">\n\t\t\t\t\t\t<div class=\"elementor-element elementor-element-d78828a elementor-widget elementor-widget-text-editor\" data-id=\"d78828a\" data-element_type=\"widget\" data-widget_type=\"text-editor.default\">\n\t\t\t\t<div class=\"elementor-widget-container\">\n\t\t\t<style>\/*! elementor - v3.21.0 - 18-04-2024 *\/\n.elementor-widget-text-editor.elementor-drop-cap-view-stacked .elementor-drop-cap{background-color:#69727d;color:#fff}.elementor-widget-text-editor.elementor-drop-cap-view-framed .elementor-drop-cap{color:#69727d;border:3px solid;background-color:transparent}.elementor-widget-text-editor:not(.elementor-drop-cap-view-default) .elementor-drop-cap{margin-top:8px}.elementor-widget-text-editor:not(.elementor-drop-cap-view-default) .elementor-drop-cap-letter{width:1em;height:1em}.elementor-widget-text-editor .elementor-drop-cap{float:left;text-align:center;line-height:1;font-size:50px}.elementor-widget-text-editor .elementor-drop-cap-letter{display:inline-block}<\/style>\t\t\t\t\n          <h1>\n            <strong>FRAKTAR DITT FORDON<\/strong>\n          <\/h1>\n          <h2>\n            <strong>HUR F\u00c5R MAN TRANSPORTERA DITT FORDON?<\/strong>\n          <\/h2>\n          <p>Flera l\u00f6sningar finns tillg\u00e4ngliga f\u00f6r dig om du vill f\u00e5 ditt fordon transporterat.<\/p>\n          <p>Du kan g\u00f6ra det p\u00e5 egen hand eller anv\u00e4nda professionella transporttj\u00e4nster som bogsering, transport, flak- eller lastbilstransporter eller slutligen sj\u00f6transporter.<\/p>\n          <h3>\n            <strong>1- Bogsering av fordon<\/strong>\n          <\/h3>\n          <p>Denna typ av transport \u00e4r l\u00e4mplig f\u00f6r korta str\u00e4ckor, i l\u00e5g hastighet. F\u00f6r att bogsera ditt fordon beh\u00f6ver du:<\/p>\n          <ul>\n            <li>Anv\u00e4nd en godk\u00e4nd dragst\u00e5ng f\u00f6r maximal s\u00e4kerhet;<\/li>\n            <li>\u00e5tf\u00f6ljas av en f\u00f6rare i det bogserade fordonet;<\/li>\n            <li>K\u00f6r i max 50 km\/h och anv\u00e4nd endast sekund\u00e4raxlarna;<\/li>\n            <li>Tillhandah\u00e5lla ett dragfordon som \u00e4r tyngre \u00e4n dragfordonet;<\/li>\n            <li>Anv\u00e4nd varningarna, var f\u00f6rsiktig och anta en flexibel k\u00f6rstil.<\/li>\n          <\/ul>\n          <h2> <\/h2>\n          <h3>\n            <strong>2- Transportera ett fordon p\u00e5 en plattform<\/strong>\n          <\/h3>\n          <p>Det h\u00e4r alternativet \u00e4r l\u00e4mpligt f\u00f6r att transportera ditt fordon \u00f6ver l\u00e5nga avst\u00e5nd med full s\u00e4kerhet. Du kan v\u00e4lja att f\u00e5 ditt fordon transporterat p\u00e5 en lastbil med flak, g\u00e4rna \u00f6vert\u00e4ckt, f\u00f6r att skydda karossen under transporten.<\/p>\n          <h3>\n            <strong>3- Fordonstransport med lastbil<\/strong>\n          <\/h3>\n          <p>Detta \u00e4r samma princip som att transportera med en lastbil med flak, men i det h\u00e4r fallet transporteras ditt fordon i lastbilens sl\u00e4p. Detta alternativ \u00e4r m\u00f6jligt \u00e4ven om du bara har ett fordon att transportera. Detta alternativ \u00e4r ekonomiskt; de b\u00e4sta akt\u00f6rerna p\u00e5 marknaden erbjuder ledtider p\u00e5 en till tv\u00e5 veckor fr\u00e5n ordermottagning till leverans.<\/p>\n          <h3>\n            <strong>4- Fordonstransport<\/strong>\n          <\/h3>\n          <p>F\u00f6r att transporten ska vara m\u00f6jlig m\u00e5ste fordonet vara mobilt, i gott skick och v\u00e4l underh\u00e5llet. En transport\u00f6r tilldelas dina behov och k\u00f6r fordonet fr\u00e5n avg\u00e5ng till destination.<\/p>\n          <p>Det \u00e4r ett snabbt alternativ utan att g\u00e5 igenom olika lastnings- eller lossningsplattformar men dyrare.<\/p>\n          <h3>\n            <strong>5- Sj\u00f6transport<\/strong>\n          <\/h3>\n          <p>Transport av bilar med ro-ro-fartyg (eller RO-RO) utg\u00f6r en stor majoritet av sj\u00f6frakten f\u00f6r fordon. Fordonen st\u00e5r parkerade d\u00e4r under hela transporten. Det \u00e4r det mest ekonomiska och ibland snabbaste s\u00e4ttet f\u00f6r bilfrakt.<\/p>\n          <p>Att anv\u00e4nda en fraktagent \u00e4r ofta obligatoriskt f\u00f6r att kunna skicka ett fordon till ett fr\u00e4mmande land. Detta kommer att ta hand om de administrativa rutinerna i avg\u00e5ngshamnen, men \u00e4ven i ankomsthamnen.<\/p>\n          <h2>\n            <strong>VILKA DOKUMENT SOM SKALL TILLHANDAH\u00c5LLAS F\u00d6R ATT SKICKA DITT FORDON INTERNATIONELLT?<\/strong>\n          <\/h2>\n          <ul>\n            <li>Ink\u00f6psfakturan f\u00f6r fordonet;<\/li>\n            <li>En kopia av din identitetshandling;<\/li>\n            <li>Fordonsregistreringsdokumentet;<\/li>\n            <li>\u00d6verf\u00f6ringscertifikatet;<\/li>\n            <li>Icke-pantbeviset;<\/li>\n            <li>Det ifyllda och undertecknade v\u00e4rdecertifikatet ( <strong><a href=\"https:\/\/pistonaddict.com\/wp-content\/uploads\/2022\/05\/Attestation-de-valeur-vehicule.pdf\" target=\"_blank\" rel=\"noopener\"><u>ladda ner det<\/u><\/a><\/strong> ).<\/li>\n          <\/ul>\n          <p>Beroende p\u00e5 destinationsland kan andra dokument kr\u00e4vas. Gl\u00f6m inte att fr\u00e5ga din transport\u00f6r om skatter, tullar och tullavgifter ing\u00e5r i offerten som presenteras.<\/p>\n          <h2>\n            <strong>HUR MYCKET KOSTAR DET ATT SKICKA ETT FORDON INTERNATIONELLT?<\/strong>\n          <\/h2>\n          <p>Priserna varierar naturligtvis fr\u00e5n en transport\u00f6r till en annan: flera faktorer beaktas av fordonstransportf\u00f6retaget f\u00f6r att ber\u00e4kna transportkostnaderna:<\/p>\n          <ul>\n            <li>Typ av fordon;<\/li>\n            <li>Transports\u00e4ttet ;<\/li>\n            <li>Avst\u00e5ndet mellan de tv\u00e5 l\u00e4nderna;<\/li>\n            <li>Sista datum f\u00f6r s\u00e4ndning och tid p\u00e5 \u00e5ret.<\/li>\n          <\/ul>\n          <p>Du f\u00f6rblir ansvarig f\u00f6r transportf\u00f6rs\u00e4kringen, som kommer att erbjudas dig av transportf\u00f6retaget, samt de tullavgifter och skatter som ska betalas.<\/p>\n          <p>Landtransport \u00e4r det mest praktiska s\u00e4ttet att skicka ett fordon, s\u00e4rskilt mellan gr\u00e4nsl\u00e4nder. Sj\u00f6transporter har f\u00f6rdelen av att vara ekonomiska men l\u00e5ngsammare.<\/p>\n          <h2>\n            <strong>R\u00c5D F\u00d6R KOLVBER\u00d6KARE<\/strong>\n          <\/h2>\n          <p>Nu n\u00e4r du vet allt som finns att veta om transport av fordon, h\u00e4r \u00e4r n\u00e5gra tips som alltid \u00e4r bra att f\u00f6lja innan du anf\u00f6rtror ditt fordon till det transportf\u00f6retag du v\u00e4ljer:<\/p>\n          <ul>\n            <li>Avaktivera larmet om det finns ett, f\u00f6r att f\u00f6rhindra att det g\u00e5r under transport;<\/li>\n            <li>Ladda batteriet maximalt s\u00e5 att det inte laddas ur helt under transporten;<\/li>\n            <li>T\u00f6m br\u00e4nsletanken s\u00e5 mycket som m\u00f6jligt, som en s\u00e4kerhets\u00e5tg\u00e4rd;<\/li>\n            <li>Var f\u00f6rsiktig s\u00e5 att du inte l\u00e4mnar n\u00e5gra f\u00f6rem\u00e5l i fordonet;<\/li>\n            <li>Beh\u00e5ll bevis p\u00e5 fordonets skick innan du \u00f6verl\u00e4mnar det till transport\u00f6ren;<\/li>\n            <li>Teckna f\u00f6rs\u00e4kring f\u00f6r att f\u00e5 pengarna-tillbaka-garanti vid problem under transporten;<\/li>\n            <li>Beh\u00e5ll originalen av fordonsregistreringsbeviset, \u00e4garbeviset och intyget om icke-pants\u00e4ttning;<\/li>\n            <li>Ha en reservdel av fordonsnycklarna med dig. Och framf\u00f6r allt, gl\u00f6m inte att skicka dubblettnycklarna n\u00e4r fordonet har tagits emot av k\u00f6paren.<\/li>\n          <\/ul>\n          <p> <\/p>\n          <h2>\n            <strong>V\u00e5ra rekommendationer med lastbil<\/strong>\n          <\/h2>\n          <ul>\n            <li><em><strong>Tyskland \u2013 \u00d6sterrike \u2013 Belgien \u2013 Spanien \u2013 Frankrike \u2013 Italien \u2013 Nederl\u00e4nderna \u2013 Portugal \u2013 Schweiz \u2013 Storbritannien<\/strong> :<\/em> Internationellt: <a href=\"https:\/\/www.eurosender.com\/en\/vt\/vehicle-transport\/car\" target=\"_blank\" rel=\"noopener\">Eurosender<\/a> , <a href=\"https:\/\/www.shiply.com\/vehicle-delivery\/car-transport-to-europe.php\" target=\"_blank\" rel=\"noopener\">Shiply<\/a><\/li>\n            <li><strong><em>Frankrike:<\/em><\/strong> Nationellt: <a href=\"https:\/\/disposeo.com\/\" target=\"_blank\" rel=\"noopener\">Disposeo<\/a> , <a href=\"https:\/\/www.hiflow.com\/particulier\" target=\"_blank\" rel=\"noopener\">Hiflow<\/a><\/li>\n          <\/ul>\n          <h2>\n            <strong>V\u00e5ra rekommendationer till sj\u00f6ss<\/strong>\n          <\/h2>\n          <ul>\n            <li><a href=\"https:\/\/cfrrinkens.com\/rate-request\/\" target=\"_blank\" rel=\"noopener\">CFR Rinkens<\/a> , <a href=\"https:\/\/www.carseurope.net\/international-car-transportation-quote\/\" target=\"_blank\" rel=\"noopener\">BILAR<\/a><\/li>\n          <\/ul>\n        \t\t\t\t\t\t<\/div>\n\t\t\t\t<\/div>\n\t\t\t\t\t<\/div>\n\t\t<\/div>\n\t\t\t\t\t<\/div>\n\t\t<\/section>\n\t\t\t\t<\/div>\n\t\t","protected":false},"excerpt":{"rendered":"<p>FRAKTAR DITT FORDON HUR F\u00c5R MAN TRANSPORTERA DITT FORDON? Flera l\u00f6sningar finns tillg\u00e4ngliga f\u00f6r dig om du vill f\u00e5 ditt fordon transporterat. Du kan g\u00f6ra det p\u00e5 egen hand eller anv\u00e4nda professionella transporttj\u00e4nster som bogsering, transport, flak- eller lastbilstransporter eller slutligen sj\u00f6transporter. 1- Bogsering av fordon Denna typ av transport \u00e4r l\u00e4mplig f\u00f6r korta str\u00e4ckor, &#8230; <a title=\"Avs\u00e4ndande\" class=\"read-more\" href=\"https:\/\/pistonaddict.com\/sv\/avsandande\/\">L\u00e4s mer<span class=\"screen-reader-text\">Avs\u00e4ndande<\/span><\/a><\/p>\n","protected":false},"author":1,"featured_media":0,"parent":0,"menu_order":0,"comment_status":"closed","ping_status":"closed","template":"","meta":{"inline_featured_image":false,"footnotes":""},"acf":[],"yoast_head":"<!-- This site is optimized with the Yoast SEO plugin v22.5 - https:\/\/yoast.com\/wordpress\/plugins\/seo\/ -->\n<title>Avs\u00e4ndande - Piston Addict<\/title>\n<meta name=\"robots\" content=\"index, follow, max-snippet:-1, max-image-preview:large, max-video-preview:-1\" \/>\n<link rel=\"canonical\" href=\"https:\/\/pistonaddict.com\/sv\/avsandande\/\" \/>\n<meta property=\"og:locale\" content=\"sv_SE\" \/>\n<meta property=\"og:type\" content=\"article\" \/>\n<meta property=\"og:title\" content=\"Avs\u00e4ndande - Piston Addict\" \/>\n<meta property=\"og:description\" content=\"FRAKTAR DITT FORDON HUR F\u00c5R MAN TRANSPORTERA DITT FORDON? Flera l\u00f6sningar finns tillg\u00e4ngliga f\u00f6r dig om du vill f\u00e5 ditt fordon transporterat. Du kan g\u00f6ra det p\u00e5 egen hand eller anv\u00e4nda professionella transporttj\u00e4nster som bogsering, transport, flak- eller lastbilstransporter eller slutligen sj\u00f6transporter. 1- Bogsering av fordon Denna typ av transport \u00e4r l\u00e4mplig f\u00f6r korta str\u00e4ckor, ... L\u00e4s merAvs\u00e4ndande\" \/>\n<meta property=\"og:url\" content=\"https:\/\/pistonaddict.com\/sv\/avsandande\/\" \/>\n<meta property=\"og:site_name\" content=\"Piston Addict\" \/>\n<meta property=\"article:modified_time\" content=\"2022-05-04T15:59:58+00:00\" \/>\n<meta name=\"twitter:card\" content=\"summary_large_image\" \/>\n<meta name=\"twitter:label1\" content=\"Ber\u00e4knad l\u00e4stid\" \/>\n\t<meta name=\"twitter:data1\" content=\"4 minuter\" \/>\n<script type=\"application\/ld+json\" class=\"yoast-schema-graph\">{\"@context\":\"https:\/\/schema.org\",\"@graph\":[{\"@type\":\"WebPage\",\"@id\":\"https:\/\/pistonaddict.com\/sv\/avsandande\/\",\"url\":\"https:\/\/pistonaddict.com\/sv\/avsandande\/\",\"name\":\"Avs\u00e4ndande - Piston Addict\",\"isPartOf\":{\"@id\":\"https:\/\/pistonaddict.com\/sv\/#website\"},\"datePublished\":\"2022-04-29T09:18:49+00:00\",\"dateModified\":\"2022-05-04T15:59:58+00:00\",\"breadcrumb\":{\"@id\":\"https:\/\/pistonaddict.com\/sv\/avsandande\/#breadcrumb\"},\"inLanguage\":\"sv-SE\",\"potentialAction\":[{\"@type\":\"ReadAction\",\"target\":[\"https:\/\/pistonaddict.com\/sv\/avsandande\/\"]}]},{\"@type\":\"BreadcrumbList\",\"@id\":\"https:\/\/pistonaddict.com\/sv\/avsandande\/#breadcrumb\",\"itemListElement\":[{\"@type\":\"ListItem\",\"position\":1,\"name\":\"Hemsida\",\"item\":\"https:\/\/pistonaddict.com\/sv\/hemsidan\/\"},{\"@type\":\"ListItem\",\"position\":2,\"name\":\"Avs\u00e4ndande\"}]},{\"@type\":\"WebSite\",\"@id\":\"https:\/\/pistonaddict.com\/sv\/#website\",\"url\":\"https:\/\/pistonaddict.com\/sv\/\",\"name\":\"Piston Addict\",\"description\":\"Only interesting vehicles\",\"publisher\":{\"@id\":\"https:\/\/pistonaddict.com\/sv\/#organization\"},\"potentialAction\":[{\"@type\":\"SearchAction\",\"target\":{\"@type\":\"EntryPoint\",\"urlTemplate\":\"https:\/\/pistonaddict.com\/sv\/?s={search_term_string}\"},\"query-input\":\"required name=search_term_string\"}],\"inLanguage\":\"sv-SE\"},{\"@type\":\"Organization\",\"@id\":\"https:\/\/pistonaddict.com\/sv\/#organization\",\"name\":\"Piston Addict\",\"url\":\"https:\/\/pistonaddict.com\/sv\/\",\"logo\":{\"@type\":\"ImageObject\",\"inLanguage\":\"sv-SE\",\"@id\":\"https:\/\/pistonaddict.com\/sv\/#\/schema\/logo\/image\/\",\"url\":\"https:\/\/pistonaddict.com\/wp-content\/uploads\/2022\/07\/logo-6.png\",\"contentUrl\":\"https:\/\/pistonaddict.com\/wp-content\/uploads\/2022\/07\/logo-6.png\",\"width\":970,\"height\":200,\"caption\":\"Piston Addict\"},\"image\":{\"@id\":\"https:\/\/pistonaddict.com\/sv\/#\/schema\/logo\/image\/\"}}]}<\/script>\n<!-- \/ Yoast SEO plugin. -->","yoast_head_json":{"title":"Avs\u00e4ndande - Piston Addict","robots":{"index":"index","follow":"follow","max-snippet":"max-snippet:-1","max-image-preview":"max-image-preview:large","max-video-preview":"max-video-preview:-1"},"canonical":"https:\/\/pistonaddict.com\/sv\/avsandande\/","og_locale":"sv_SE","og_type":"article","og_title":"Avs\u00e4ndande - Piston Addict","og_description":"FRAKTAR DITT FORDON HUR F\u00c5R MAN TRANSPORTERA DITT FORDON? Flera l\u00f6sningar finns tillg\u00e4ngliga f\u00f6r dig om du vill f\u00e5 ditt fordon transporterat. Du kan g\u00f6ra det p\u00e5 egen hand eller anv\u00e4nda professionella transporttj\u00e4nster som bogsering, transport, flak- eller lastbilstransporter eller slutligen sj\u00f6transporter. 1- Bogsering av fordon Denna typ av transport \u00e4r l\u00e4mplig f\u00f6r korta str\u00e4ckor, ... L\u00e4s merAvs\u00e4ndande","og_url":"https:\/\/pistonaddict.com\/sv\/avsandande\/","og_site_name":"Piston Addict","article_modified_time":"2022-05-04T15:59:58+00:00","twitter_card":"summary_large_image","twitter_misc":{"Ber\u00e4knad l\u00e4stid":"4 minuter"},"schema":{"@context":"https:\/\/schema.org","@graph":[{"@type":"WebPage","@id":"https:\/\/pistonaddict.com\/sv\/avsandande\/","url":"https:\/\/pistonaddict.com\/sv\/avsandande\/","name":"Avs\u00e4ndande - Piston Addict","isPartOf":{"@id":"https:\/\/pistonaddict.com\/sv\/#website"},"datePublished":"2022-04-29T09:18:49+00:00","dateModified":"2022-05-04T15:59:58+00:00","breadcrumb":{"@id":"https:\/\/pistonaddict.com\/sv\/avsandande\/#breadcrumb"},"inLanguage":"sv-SE","potentialAction":[{"@type":"ReadAction","target":["https:\/\/pistonaddict.com\/sv\/avsandande\/"]}]},{"@type":"BreadcrumbList","@id":"https:\/\/pistonaddict.com\/sv\/avsandande\/#breadcrumb","itemListElement":[{"@type":"ListItem","position":1,"name":"Hemsida","item":"https:\/\/pistonaddict.com\/sv\/hemsidan\/"},{"@type":"ListItem","position":2,"name":"Avs\u00e4ndande"}]},{"@type":"WebSite","@id":"https:\/\/pistonaddict.com\/sv\/#website","url":"https:\/\/pistonaddict.com\/sv\/","name":"Piston Addict","description":"Only interesting vehicles","publisher":{"@id":"https:\/\/pistonaddict.com\/sv\/#organization"},"potentialAction":[{"@type":"SearchAction","target":{"@type":"EntryPoint","urlTemplate":"https:\/\/pistonaddict.com\/sv\/?s={search_term_string}"},"query-input":"required name=search_term_string"}],"inLanguage":"sv-SE"},{"@type":"Organization","@id":"https:\/\/pistonaddict.com\/sv\/#organization","name":"Piston Addict","url":"https:\/\/pistonaddict.com\/sv\/","logo":{"@type":"ImageObject","inLanguage":"sv-SE","@id":"https:\/\/pistonaddict.com\/sv\/#\/schema\/logo\/image\/","url":"https:\/\/pistonaddict.com\/wp-content\/uploads\/2022\/07\/logo-6.png","contentUrl":"https:\/\/pistonaddict.com\/wp-content\/uploads\/2022\/07\/logo-6.png","width":970,"height":200,"caption":"Piston Addict"},"image":{"@id":"https:\/\/pistonaddict.com\/sv\/#\/schema\/logo\/image\/"}}]}},"_links":{"self":[{"href":"https:\/\/pistonaddict.com\/sv\/wp-json\/wp\/v2\/pages\/2938"}],"collection":[{"href":"https:\/\/pistonaddict.com\/sv\/wp-json\/wp\/v2\/pages"}],"about":[{"href":"https:\/\/pistonaddict.com\/sv\/wp-json\/wp\/v2\/types\/page"}],"author":[{"embeddable":true,"href":"https:\/\/pistonaddict.com\/sv\/wp-json\/wp\/v2\/users\/1"}],"replies":[{"embeddable":true,"href":"https:\/\/pistonaddict.com\/sv\/wp-json\/wp\/v2\/comments?post=2938"}],"version-history":[{"count":2,"href":"https:\/\/pistonaddict.com\/sv\/wp-json\/wp\/v2\/pages\/2938\/revisions"}],"predecessor-version":[{"id":4073,"href":"https:\/\/pistonaddict.com\/sv\/wp-json\/wp\/v2\/pages\/2938\/revisions\/4073"}],"wp:attachment":[{"href":"https:\/\/pistonaddict.com\/sv\/wp-json\/wp\/v2\/media?parent=2938"}],"curies":[{"name":"wp","href":"https:\/\/api.w.org\/{rel}","templated":true}]}}