{"id":2872,"date":"2022-04-29T11:18:33","date_gmt":"2022-04-29T09:18:33","guid":{"rendered":"https:\/\/pistonaddict.com\/rattsligt-meddelande\/"},"modified":"2024-10-26T08:17:37","modified_gmt":"2024-10-26T06:17:37","slug":"rattsligt-meddelande","status":"publish","type":"page","link":"https:\/\/pistonaddict.com\/sv\/rattsligt-meddelande\/","title":{"rendered":"R\u00e4ttsligt meddelande"},"content":{"rendered":"\t\t<div data-elementor-type=\"wp-page\" data-elementor-id=\"2872\" class=\"elementor elementor-2872 elementor-2848\">\n\t\t\t\t\t\t<section class=\"elementor-section elementor-top-section elementor-element elementor-element-4eb0e23 elementor-section-boxed elementor-section-height-default elementor-section-height-default\" data-id=\"4eb0e23\" data-element_type=\"section\">\n\t\t\t\t\t\t<div class=\"elementor-container elementor-column-gap-default\">\n\t\t\t\t\t<div class=\"elementor-column elementor-col-100 elementor-top-column elementor-element elementor-element-229cbe5\" data-id=\"229cbe5\" data-element_type=\"column\">\n\t\t\t<div class=\"elementor-widget-wrap elementor-element-populated\">\n\t\t\t\t\t\t<div class=\"elementor-element elementor-element-2af4966 elementor-widget elementor-widget-text-editor\" data-id=\"2af4966\" data-element_type=\"widget\" data-widget_type=\"text-editor.default\">\n\t\t\t\t<div class=\"elementor-widget-container\">\n\t\t\t<style>\/*! elementor - v3.21.0 - 18-04-2024 *\/\n.elementor-widget-text-editor.elementor-drop-cap-view-stacked .elementor-drop-cap{background-color:#69727d;color:#fff}.elementor-widget-text-editor.elementor-drop-cap-view-framed .elementor-drop-cap{color:#69727d;border:3px solid;background-color:transparent}.elementor-widget-text-editor:not(.elementor-drop-cap-view-default) .elementor-drop-cap{margin-top:8px}.elementor-widget-text-editor:not(.elementor-drop-cap-view-default) .elementor-drop-cap-letter{width:1em;height:1em}.elementor-widget-text-editor .elementor-drop-cap{float:left;text-align:center;line-height:1;font-size:50px}.elementor-widget-text-editor .elementor-drop-cap-letter{display:inline-block}<\/style>\t\t\t\t<h2><strong>PRESENTATION AV WEBBPLATSEN<\/strong><\/h2>\n<p>I enlighet med artikel 6 i lag nr 2004-575 av den 21 juni 2004 om f\u00f6rtroende f\u00f6r den digitala ekonomin och med till\u00e4mpning av den <strong>allm\u00e4nna<\/strong> <strong>dataskyddsf\u00f6rordningen<\/strong> [f\u00f6rordning (EU) 2016\/679] anges det f\u00f6r anv\u00e4ndare av webbplatsen: https:\/\/www.pistonaddict.com, identiteten p\u00e5 de olika intressenterna i samband med dess f\u00f6rverkligande och dess \u00f6vervakning.<\/p>\n<ul>\n<li><strong>\u00c4gare:<\/strong> <strong>Piston Addict SA<\/strong><\/li>\n<li>SA med ett aktiekapital p\u00e5 400 000 CHF<\/li>\n<li>IDE-nummer: CHE-354.351.695<\/li>\n<li>Momsregistreringsnummer: CHE-354.351.695TVA och EU528667635 (OSS-nummer utanf\u00f6r EU)<\/li>\n<li>Kontor : Rue Alexandre Gavard 16, 1227 Carouge,&nbsp; Schweiz<\/li>\n<li>Telefon: 00 41 22 342 03 55<\/li>\n<\/ul>\n<ul>\n<li><strong>Skapare\/Webmaster: KUBIWEB<\/strong><\/li>\n<li>SAS med ett aktiekapital p\u00e5 21 320 \u20ac<\/li>\n<li>SIRET-nummer: 53018964600025<\/li>\n<li>Huvudkontor: 46-48 Chemin de la Bruy\u00e8re &#8211; 69570 DARDILLY<\/li>\n<\/ul>\n<ul>\n<li><strong>V\u00e4rd: HOSTINGER<\/strong><\/li>\n<li>Huvudkontor: HOSTINGER INTERNATIONAL LTD, 61 Lordou Vironos Street, 6023 Larnaca, Cypern.<\/li>\n<li>Kontakt: <a href=\"https:\/\/www.hostinger.fr\/contact\" target=\"_blank\" rel=\"noopener\">https:\/\/www.hostinger.fr\/contact<\/a><\/li>\n<\/ul>\n\n<ul>\n<li>E-post : <a href=\"https:\/\/pistonaddict.com\/sv\/kontakta-oss\/\">Kontaktformul\u00e4r<\/a><\/li>\n<\/ul>\n<p>Piston Addicts verksamhet sker \u00f6ver hela v\u00e4rlden med huvudfokus p\u00e5 Europa, utom Storbritannien och Irland.&nbsp;<\/p>\n<p><\/p>\n<h2><strong>ALLM\u00c4NNA VILLKOR F\u00d6R ANV\u00c4NDNING AV WEBBPLATSEN OCH DE TJ\u00c4NSTER SOM ERBJUDS<\/strong><\/h2>\n<p>Anv\u00e4ndningen av webbplatsen https:\/\/www.pistonaddict.com inneb\u00e4r att du accepterar de allm\u00e4nna anv\u00e4ndningsvillkoren som beskrivs nedan. Dessa anv\u00e4ndningsvillkor kan \u00e4ndras eller kompletteras n\u00e4r som helst, och anv\u00e4ndare av webbplatsen https:\/\/www.pistonaddict.com uppmanas d\u00e4rf\u00f6r att regelbundet ta del av dem.<\/p>\n<p>Den h\u00e4r webbplatsen \u00e4r normalt tillg\u00e4nglig f\u00f6r anv\u00e4ndare n\u00e4r som helst. Ett avbrott p\u00e5 grund av tekniskt underh\u00e5ll kan dock beslutas av <strong>Piston Addict<\/strong>, som d\u00e5 kommer att f\u00f6rs\u00f6ka informera anv\u00e4ndarna om datum och tider f\u00f6r ingreppet.<\/p>\n<p>Webbplatsen https:\/\/www.pistonaddict.com uppdateras regelbundet av <strong>Piston Addict<\/strong>. P\u00e5 samma s\u00e4tt kan de r\u00e4ttsliga meddelandena \u00e4ndras n\u00e4r som helst, men de \u00e4r \u00e4nd\u00e5 bindande f\u00f6r anv\u00e4ndaren som uppmanas att l\u00e4sa dem s\u00e5 ofta som m\u00f6jligt f\u00f6r att bekanta sig med dem.<\/p>\n<h2>&nbsp;<\/h2>\n<h2><strong>BESKRIVNING AV DE TJ\u00c4NSTER SOM TILLHANDAH\u00c5LLS.<\/strong><\/h2>\n<p>Syftet med webbplatsen https:\/\/www.pistonaddict.com \u00e4r att tillhandah\u00e5lla information om f\u00f6retagets alla verksamheter. <strong>Piston Addict<\/strong> str\u00e4var efter att tillhandah\u00e5lla s\u00e5 korrekt information som m\u00f6jligt p\u00e5 webbplatsen https:\/\/www.pistonaddict.com.<\/p>\n<p>Den kan dock inte h\u00e5llas ansvarig f\u00f6r utel\u00e4mnanden, felaktigheter och brister i uppdateringen, vare sig av den sj\u00e4lv eller av de tredje parter som f\u00f6rser den med denna information.<\/p>\n<p>All information som anges p\u00e5 webbplatsen https:\/\/www.pistonaddict.com \u00e4r en indikation och kommer sannolikt att utvecklas. Dessutom \u00e4r informationen p\u00e5 webbplatsen https:\/\/www.pistonaddict.com inte utt\u00f6mmande. De ges med f\u00f6rbeh\u00e5ll f\u00f6r att \u00e4ndringar har gjorts sedan de lades ut p\u00e5 n\u00e4tet.<\/p>\n<h2>&nbsp;<\/h2>\n<h2><strong>AVTALSENLIGA BEGR\u00c4NSNINGAR AV TEKNISKA UPPGIFTER<\/strong><\/h2>\n<p>Webbplatsen anv\u00e4nder JavaScript-teknik.<\/p>\n<p>Webbplatsen kan inte h\u00e5llas ansvarig f\u00f6r materiella skador i samband med anv\u00e4ndningen av webbplatsen. Dessutom f\u00f6rbinder sig anv\u00e4ndaren av webbplatsen att komma \u00e5t webbplatsen med hj\u00e4lp av nyare utrustning som inte inneh\u00e5ller virus och med en uppdaterad webbl\u00e4sare av senaste generationen.<\/p>\n<h2>&nbsp;<\/h2>\n<h2><strong>IMMATERIELLA R\u00c4TTIGHETER OCH INTR\u00c5NG<\/strong><\/h2>\n<p><strong>Piston Addict<\/strong> \u00e4r \u00e4gare av immateriella r\u00e4ttigheter eller innehar nyttjander\u00e4tten till alla delar som \u00e4r tillg\u00e4ngliga p\u00e5 webbplatsen, s\u00e4rskilt texter, bilder, grafik, logotyper, ikoner, ljud och programvara.<\/p>\n<p>All reproduktion, representation, modifiering, publicering, anpassning av alla eller delar av webbplatsens element, oavsett vilka medel eller processer som anv\u00e4nds, \u00e4r f\u00f6rbjuden, utom med f\u00f6reg\u00e5ende skriftligt tillst\u00e5nd fr\u00e5n <strong>Piston Addict<\/strong>.<\/p>\n<p>All otill\u00e5ten anv\u00e4ndning av webbplatsen eller n\u00e5gon av de delar som den inneh\u00e5ller kommer att betraktas som ett intr\u00e5ng och kommer att beivras i enlighet med best\u00e4mmelserna i artiklarna L.335-2 och f\u00f6ljande i lagen om immateriell \u00e4gander\u00e4tt.<\/p>\n<h2>&nbsp;<\/h2>\n<h2><strong>BEGR\u00c4NSNINGAR AV ANSVARSSKYLDIGHETEN<\/strong><\/h2>\n<p><strong>Piston Addict<\/strong> kan inte h\u00e5llas ansvarigt f\u00f6r direkta eller indirekta skador som orsakas av anv\u00e4ndarens utrustning, vid \u00e5tkomst till webbplatsen https:\/\/www.pistonaddict.com, och som antingen beror p\u00e5 anv\u00e4ndning av utrustning som inte uppfyller specifikationerna i punkt 4, eller p\u00e5 uppkomsten av ett fel eller en inkompatibilitet.<\/p>\n<p><strong>Piston Addict<\/strong> kan inte heller h\u00e5llas ansvarigt f\u00f6r f\u00f6ljdskador (t.ex. f\u00f6rlust av marknadsandelar eller f\u00f6rlorade m\u00f6jligheter) som uppst\u00e5r till f\u00f6ljd av anv\u00e4ndningen av webbplatsen https:\/\/www.pistonaddict.com. Interaktiva utrymmen (m\u00f6jlighet att st\u00e4lla fr\u00e5gor i kontaktytan) \u00e4r tillg\u00e4ngliga f\u00f6r anv\u00e4ndarna.<\/p>\n<p><strong>Piston Addict<\/strong> f\u00f6rbeh\u00e5ller sig r\u00e4tten att utan f\u00f6rvarning radera allt inneh\u00e5ll som publiceras p\u00e5 denna plats och som strider mot den lagstiftning som g\u00e4ller i Frankrike, s\u00e4rskilt best\u00e4mmelserna om dataskydd.<\/p>\n<p>I f\u00f6rekommande fall f\u00f6rbeh\u00e5ller sig <strong>Piston Addict<\/strong> ocks\u00e5 r\u00e4tten att ifr\u00e5gas\u00e4tta anv\u00e4ndarens civilr\u00e4ttsliga och\/eller straffr\u00e4ttsliga ansvar, s\u00e4rskilt om det r\u00f6r sig om ett rasistiskt, kr\u00e4nkande, \u00e4rekr\u00e4nkande eller pornografiskt meddelande, oavsett vilket medium som anv\u00e4nds (text, fotografi etc.).<\/p>\n<h2>&nbsp;<\/h2>\n<h2><strong>HANTERING AV PERSONUPPGIFTER<\/strong><\/h2>\n<p>I Frankrike skyddas personuppgifter s\u00e4rskilt av lag nr 78-87 av den 6 januari 1978, lag nr 2004-801 av den 6 augusti 2004, artikel L. 226-13 i strafflagen och det europeiska direktivet av den 24 oktober 1995 samt Europaparlamentets och r\u00e5dets f\u00f6rordning (EU) 2016\/679 av den 27 april 2016.<\/p>\n<p>N\u00e4r du anv\u00e4nder webbplatsen https:\/\/www.pistonaddict.com kan f\u00f6ljande samlas in: URL:en f\u00f6r de l\u00e4nkar genom vilka anv\u00e4ndaren kom till webbplatsen https:\/\/www.pistonaddict.com , anv\u00e4ndarens internetleverant\u00f6r, anv\u00e4ndarens IP-adress (Internet Protocol).<\/p>\n<p><strong>Piston Addict<\/strong> samlar under alla omst\u00e4ndigheter endast in personlig information om anv\u00e4ndaren f\u00f6r att kunna tillhandah\u00e5lla vissa tj\u00e4nster som erbjuds av webbplatsen https:\/\/www.pistonaddict.com.<\/p>\n<p>Anv\u00e4ndaren l\u00e4mnar denna information med full k\u00e4nnedom om fakta, s\u00e4rskilt n\u00e4r han sj\u00e4lv anger den. Anv\u00e4ndaren av webbplatsen https:\/\/www.pistonaddict.com f\u00e5r d\u00e5 veta om han eller hon \u00e4r skyldig att l\u00e4mna denna information eller inte. I enlighet med best\u00e4mmelserna i artiklarna 38 och f\u00f6ljande i lag 78-17 av den 6 januari 1978 om databehandling, filer och friheter samt best\u00e4mmelserna i kapitel 3 i det allm\u00e4nna dataskyddsreglementet har alla anv\u00e4ndare r\u00e4tt till tillg\u00e5ng, r\u00e4ttelse och inv\u00e4ndning mot personuppgifter som r\u00f6r dem, genom att g\u00f6ra en skriftlig och undertecknad beg\u00e4ran tillsammans med en kopia av identitetshandlingen med underskrift av innehavaren av handlingen, med angivande av den adress till vilken svaret ska skickas.<\/p>\n<p>Ingen personlig information om anv\u00e4ndaren av webbplatsen https:\/\/www.pistonaddict.com publiceras utan anv\u00e4ndarens vetskap, utbyts, \u00f6verf\u00f6rs, \u00f6verl\u00e5ts eller s\u00e4ljs p\u00e5 n\u00e5got s\u00e4tt till tredje part.<\/p>\n<p>Endast om <strong>Piston Addict<\/strong> och dess r\u00e4ttigheter \u00f6vertas kan s\u00e5dan information \u00f6verf\u00f6ras till den potentiella k\u00f6paren, som i sin tur skulle vara bunden av samma skyldighet att lagra och \u00e4ndra uppgifter om anv\u00e4ndaren av webbplatsen. https:\/\/www.pistonaddict.com.<\/p>\n<p>Webbplatsen \u00e4r inte anm\u00e4ld till CNIL eftersom den inte samlar in personuppgifter utan samtycke fr\u00e5n de ber\u00f6rda personerna. Databaserna skyddas av best\u00e4mmelserna i lagen av den 1 juli 1998 om inf\u00f6rlivande av direktiv 96\/9 av den 11 mars 1996 om r\u00e4ttsligt skydd av databaser.<\/p>\n<p><span lang=\"en\">F\u00f6r att ut\u00f6va dina r\u00e4ttigheter avseende dina personuppgifter eller om du har fr\u00e5gor om dem kan du kontakta v\u00e5rt dataskyddsombud p\u00e5 f\u00f6ljande adress: dpo@pistonaddict.com.<\/span><\/p>\n<h2>&nbsp;<\/h2>\n<h2><strong>HYPERTEXTL\u00c4NKAR OCH KAKOR<\/strong><\/h2>\n<p>Webbplatsen https:\/\/www.pistonaddict.com inneh\u00e5ller ett visst antal hypertextl\u00e4nkar till andra webbplatser, som har uppr\u00e4ttats med tillst\u00e5nd av <strong>Piston Addict<\/strong>. <strong>Piston Addict<\/strong> har dock inte m\u00f6jlighet att kontrollera inneh\u00e5llet p\u00e5 de webbplatser som bes\u00f6ks p\u00e5 detta s\u00e4tt och tar d\u00e4rf\u00f6r inget ansvar f\u00f6r detta.<\/p>\n<p>N\u00e4r du surfar p\u00e5 webbplatsen https:\/\/www.pistonaddict.com kan det h\u00e4nda att det installeras en eller flera kakor p\u00e5 anv\u00e4ndarens dator. En cookie \u00e4r en liten fil som inte g\u00f6r det m\u00f6jligt att identifiera anv\u00e4ndaren, men som registrerar information om hur en dator navigerar p\u00e5 en webbplats.<\/p>\n<p>De uppgifter som erh\u00e5lls p\u00e5 detta s\u00e4tt \u00e4r avsedda att underl\u00e4tta senare navigering p\u00e5 webbplatsen och \u00e4r ocks\u00e5 avsedda att m\u00f6jligg\u00f6ra olika m\u00e4tningar av n\u00e4rvaro.<\/p>\n<p>Om du v\u00e4grar att installera en cookie kan det g\u00f6ra det om\u00f6jligt att f\u00e5 tillg\u00e5ng till vissa tj\u00e4nster. Anv\u00e4ndaren kan dock konfigurera sin dator p\u00e5 f\u00f6ljande s\u00e4tt f\u00f6r att v\u00e4gra installation av cookies:<\/p>\n<ul>\n<li>Under Internet Explorer: fliken Verktyg (piktogram i form av en kugge uppe till h\u00f6ger) \/ Internetalternativ. Klicka p\u00e5 Sekretess och v\u00e4lj Blockera alla cookies. Validera p\u00e5 Ok.<\/li>\n<li>Under Firefox: Klicka p\u00e5 Firefox-knappen h\u00f6gst upp i webbl\u00e4sarf\u00f6nstret och g\u00e5 sedan till fliken Alternativ. Klicka p\u00e5 fliken Integritet. St\u00e4ll in reglerna f\u00f6r lagring till: Anv\u00e4nd anpassade inst\u00e4llningar f\u00f6r historik. Slutligen avmarkerar du den f\u00f6r att inaktivera cookies.<\/li>\n<li>Under Safari: Klicka h\u00f6gst upp till h\u00f6ger i webbl\u00e4saren p\u00e5 menyikonen (symboliserad av en kugge). V\u00e4lj Inst\u00e4llningar. Klicka p\u00e5 Visa avancerade inst\u00e4llningar. Klicka p\u00e5 Inneh\u00e5llsinst\u00e4llningar i avsnittet Integritet. I avsnittet &#8220;Cookies&#8221; kan du blockera cookies.<\/li>\n<li>I Chrome: Klicka p\u00e5 menyikonen (symboliserad av tre horisontella linjer) h\u00f6gst upp till h\u00f6ger i webbl\u00e4saren. V\u00e4lj Inst\u00e4llningar. Klicka p\u00e5 Visa avancerade inst\u00e4llningar. Klicka p\u00e5 inst\u00e4llningar i avsnittet &#8220;Sekretess&#8221;. P\u00e5 fliken &#8220;Integritet&#8221; kan du blockera cookies.<\/li>\n<\/ul>\n<h2>&nbsp;<\/h2>\n<h2><strong>TILL\u00c4MPLIG LAG OCH FASTST\u00c4LLANDE AV JURISDIKTION.<\/strong><\/h2>\n<p>Alla tvister i samband med anv\u00e4ndningen av webbplatsen https:\/\/www.pistonaddict.com omfattas av schweizisk lag. Ensam beh\u00f6righet ges till de beh\u00f6riga domstolarna i Gen\u00e8ve.<\/p>\n<h2>&nbsp;<\/h2>\n<h2><strong>DE VIKTIGASTE BER\u00d6RDA LAGARNA.<\/strong><\/h2>\n<p>Lag nr 78-87 av den 6 januari 1978, s\u00e4rskilt \u00e4ndrad genom lag nr 2004-801 av den 6 augusti 2004 om databehandling, register och friheter. Lag nr 2004-575 av den 21 juni 2004 om f\u00f6rtroende f\u00f6r den digitala ekonomin. Avsnitten 2, 3, 4 och 5 i kapitel 3 i den allm\u00e4nna dataskyddsf\u00f6rordningen.<\/p>\n<h2>&nbsp;<\/h2>\n<h2><strong>LEXICON<\/strong><\/h2>\n<p>Anv\u00e4ndare: Internetanv\u00e4ndare som ansluter sig och anv\u00e4nder den ovann\u00e4mnda webbplatsen.<\/p>\n<p>Personlig information: &#8220;Uppgifter som p\u00e5 n\u00e5got s\u00e4tt, direkt eller indirekt, g\u00f6r det m\u00f6jligt att identifiera de fysiska personer som de g\u00e4ller (artikel 4 i lag nr 78-17 av den 6 januari 1978).<\/p>\n<h2>&nbsp;<\/h2>\n<h2>COPYRIGHT<\/h2>\n<p><a title=\"viktiga ikoner\" href=\"https:\/\/www.flaticon.com\/free-icons\/key\">Nyckelikoner skapade av Good Ware &#8211; Flaticon<br><\/a><\/p>\n<p><strong>Piston Addict<\/strong> \u00e4r ett registrerat varum\u00e4rke, alla r\u00e4ttigheter f\u00f6rbeh\u00e5lls.<\/p>\t\t\t\t\t\t<\/div>\n\t\t\t\t<\/div>\n\t\t\t\t\t<\/div>\n\t\t<\/div>\n\t\t\t\t\t<\/div>\n\t\t<\/section>\n\t\t\t\t<\/div>\n\t\t","protected":false},"excerpt":{"rendered":"<p>PRESENTATION AV WEBBPLATSEN I enlighet med artikel 6 i lag nr 2004-575 av den 21 juni 2004 om f\u00f6rtroende f\u00f6r den digitala ekonomin och med till\u00e4mpning av den allm\u00e4nna dataskyddsf\u00f6rordningen [f\u00f6rordning (EU) 2016\/679] anges det f\u00f6r anv\u00e4ndare av webbplatsen: https:\/\/www.pistonaddict.com, identiteten p\u00e5 de olika intressenterna i samband med dess f\u00f6rverkligande och dess \u00f6vervakning. \u00c4gare: Piston &#8230; <a title=\"R\u00e4ttsligt meddelande\" class=\"read-more\" href=\"https:\/\/pistonaddict.com\/sv\/rattsligt-meddelande\/\">L\u00e4s mer<span class=\"screen-reader-text\">R\u00e4ttsligt meddelande<\/span><\/a><\/p>\n","protected":false},"author":1,"featured_media":0,"parent":0,"menu_order":0,"comment_status":"closed","ping_status":"closed","template":"","meta":{"inline_featured_image":false,"footnotes":""},"acf":[],"yoast_head":"<!-- This site is optimized with the Yoast SEO plugin v22.5 - https:\/\/yoast.com\/wordpress\/plugins\/seo\/ -->\n<title>R\u00e4ttsligt meddelande - Piston Addict<\/title>\n<meta name=\"robots\" content=\"index, follow, max-snippet:-1, max-image-preview:large, max-video-preview:-1\" \/>\n<link rel=\"canonical\" href=\"https:\/\/pistonaddict.com\/sv\/rattsligt-meddelande\/\" \/>\n<meta property=\"og:locale\" content=\"sv_SE\" \/>\n<meta property=\"og:type\" content=\"article\" \/>\n<meta property=\"og:title\" content=\"R\u00e4ttsligt meddelande - Piston Addict\" \/>\n<meta property=\"og:description\" content=\"PRESENTATION AV WEBBPLATSEN I enlighet med artikel 6 i lag nr 2004-575 av den 21 juni 2004 om f\u00f6rtroende f\u00f6r den digitala ekonomin och med till\u00e4mpning av den allm\u00e4nna dataskyddsf\u00f6rordningen [f\u00f6rordning (EU) 2016\/679] anges det f\u00f6r anv\u00e4ndare av webbplatsen: https:\/\/www.pistonaddict.com, identiteten p\u00e5 de olika intressenterna i samband med dess f\u00f6rverkligande och dess \u00f6vervakning. \u00c4gare: Piston ... L\u00e4s merR\u00e4ttsligt meddelande\" \/>\n<meta property=\"og:url\" content=\"https:\/\/pistonaddict.com\/sv\/rattsligt-meddelande\/\" \/>\n<meta property=\"og:site_name\" content=\"Piston Addict\" \/>\n<meta property=\"article:modified_time\" content=\"2024-10-26T06:17:37+00:00\" \/>\n<meta name=\"twitter:card\" content=\"summary_large_image\" \/>\n<meta name=\"twitter:label1\" content=\"Ber\u00e4knad l\u00e4stid\" \/>\n\t<meta name=\"twitter:data1\" content=\"9 minuter\" \/>\n<script type=\"application\/ld+json\" class=\"yoast-schema-graph\">{\"@context\":\"https:\/\/schema.org\",\"@graph\":[{\"@type\":\"WebPage\",\"@id\":\"https:\/\/pistonaddict.com\/sv\/rattsligt-meddelande\/\",\"url\":\"https:\/\/pistonaddict.com\/sv\/rattsligt-meddelande\/\",\"name\":\"R\u00e4ttsligt meddelande - Piston Addict\",\"isPartOf\":{\"@id\":\"https:\/\/pistonaddict.com\/sv\/#website\"},\"datePublished\":\"2022-04-29T09:18:33+00:00\",\"dateModified\":\"2024-10-26T06:17:37+00:00\",\"breadcrumb\":{\"@id\":\"https:\/\/pistonaddict.com\/sv\/rattsligt-meddelande\/#breadcrumb\"},\"inLanguage\":\"sv-SE\",\"potentialAction\":[{\"@type\":\"ReadAction\",\"target\":[\"https:\/\/pistonaddict.com\/sv\/rattsligt-meddelande\/\"]}]},{\"@type\":\"BreadcrumbList\",\"@id\":\"https:\/\/pistonaddict.com\/sv\/rattsligt-meddelande\/#breadcrumb\",\"itemListElement\":[{\"@type\":\"ListItem\",\"position\":1,\"name\":\"Hemsida\",\"item\":\"https:\/\/pistonaddict.com\/sv\/hemsidan\/\"},{\"@type\":\"ListItem\",\"position\":2,\"name\":\"R\u00e4ttsligt meddelande\"}]},{\"@type\":\"WebSite\",\"@id\":\"https:\/\/pistonaddict.com\/sv\/#website\",\"url\":\"https:\/\/pistonaddict.com\/sv\/\",\"name\":\"Piston Addict\",\"description\":\"Only interesting vehicles\",\"publisher\":{\"@id\":\"https:\/\/pistonaddict.com\/sv\/#organization\"},\"potentialAction\":[{\"@type\":\"SearchAction\",\"target\":{\"@type\":\"EntryPoint\",\"urlTemplate\":\"https:\/\/pistonaddict.com\/sv\/?s={search_term_string}\"},\"query-input\":\"required name=search_term_string\"}],\"inLanguage\":\"sv-SE\"},{\"@type\":\"Organization\",\"@id\":\"https:\/\/pistonaddict.com\/sv\/#organization\",\"name\":\"Piston Addict\",\"url\":\"https:\/\/pistonaddict.com\/sv\/\",\"logo\":{\"@type\":\"ImageObject\",\"inLanguage\":\"sv-SE\",\"@id\":\"https:\/\/pistonaddict.com\/sv\/#\/schema\/logo\/image\/\",\"url\":\"https:\/\/pistonaddict.com\/wp-content\/uploads\/2022\/07\/logo-6.png\",\"contentUrl\":\"https:\/\/pistonaddict.com\/wp-content\/uploads\/2022\/07\/logo-6.png\",\"width\":970,\"height\":200,\"caption\":\"Piston Addict\"},\"image\":{\"@id\":\"https:\/\/pistonaddict.com\/sv\/#\/schema\/logo\/image\/\"}}]}<\/script>\n<!-- \/ Yoast SEO plugin. -->","yoast_head_json":{"title":"R\u00e4ttsligt meddelande - Piston Addict","robots":{"index":"index","follow":"follow","max-snippet":"max-snippet:-1","max-image-preview":"max-image-preview:large","max-video-preview":"max-video-preview:-1"},"canonical":"https:\/\/pistonaddict.com\/sv\/rattsligt-meddelande\/","og_locale":"sv_SE","og_type":"article","og_title":"R\u00e4ttsligt meddelande - Piston Addict","og_description":"PRESENTATION AV WEBBPLATSEN I enlighet med artikel 6 i lag nr 2004-575 av den 21 juni 2004 om f\u00f6rtroende f\u00f6r den digitala ekonomin och med till\u00e4mpning av den allm\u00e4nna dataskyddsf\u00f6rordningen [f\u00f6rordning (EU) 2016\/679] anges det f\u00f6r anv\u00e4ndare av webbplatsen: https:\/\/www.pistonaddict.com, identiteten p\u00e5 de olika intressenterna i samband med dess f\u00f6rverkligande och dess \u00f6vervakning. \u00c4gare: Piston ... L\u00e4s merR\u00e4ttsligt meddelande","og_url":"https:\/\/pistonaddict.com\/sv\/rattsligt-meddelande\/","og_site_name":"Piston Addict","article_modified_time":"2024-10-26T06:17:37+00:00","twitter_card":"summary_large_image","twitter_misc":{"Ber\u00e4knad l\u00e4stid":"9 minuter"},"schema":{"@context":"https:\/\/schema.org","@graph":[{"@type":"WebPage","@id":"https:\/\/pistonaddict.com\/sv\/rattsligt-meddelande\/","url":"https:\/\/pistonaddict.com\/sv\/rattsligt-meddelande\/","name":"R\u00e4ttsligt meddelande - Piston Addict","isPartOf":{"@id":"https:\/\/pistonaddict.com\/sv\/#website"},"datePublished":"2022-04-29T09:18:33+00:00","dateModified":"2024-10-26T06:17:37+00:00","breadcrumb":{"@id":"https:\/\/pistonaddict.com\/sv\/rattsligt-meddelande\/#breadcrumb"},"inLanguage":"sv-SE","potentialAction":[{"@type":"ReadAction","target":["https:\/\/pistonaddict.com\/sv\/rattsligt-meddelande\/"]}]},{"@type":"BreadcrumbList","@id":"https:\/\/pistonaddict.com\/sv\/rattsligt-meddelande\/#breadcrumb","itemListElement":[{"@type":"ListItem","position":1,"name":"Hemsida","item":"https:\/\/pistonaddict.com\/sv\/hemsidan\/"},{"@type":"ListItem","position":2,"name":"R\u00e4ttsligt meddelande"}]},{"@type":"WebSite","@id":"https:\/\/pistonaddict.com\/sv\/#website","url":"https:\/\/pistonaddict.com\/sv\/","name":"Piston Addict","description":"Only interesting vehicles","publisher":{"@id":"https:\/\/pistonaddict.com\/sv\/#organization"},"potentialAction":[{"@type":"SearchAction","target":{"@type":"EntryPoint","urlTemplate":"https:\/\/pistonaddict.com\/sv\/?s={search_term_string}"},"query-input":"required name=search_term_string"}],"inLanguage":"sv-SE"},{"@type":"Organization","@id":"https:\/\/pistonaddict.com\/sv\/#organization","name":"Piston Addict","url":"https:\/\/pistonaddict.com\/sv\/","logo":{"@type":"ImageObject","inLanguage":"sv-SE","@id":"https:\/\/pistonaddict.com\/sv\/#\/schema\/logo\/image\/","url":"https:\/\/pistonaddict.com\/wp-content\/uploads\/2022\/07\/logo-6.png","contentUrl":"https:\/\/pistonaddict.com\/wp-content\/uploads\/2022\/07\/logo-6.png","width":970,"height":200,"caption":"Piston Addict"},"image":{"@id":"https:\/\/pistonaddict.com\/sv\/#\/schema\/logo\/image\/"}}]}},"_links":{"self":[{"href":"https:\/\/pistonaddict.com\/sv\/wp-json\/wp\/v2\/pages\/2872"}],"collection":[{"href":"https:\/\/pistonaddict.com\/sv\/wp-json\/wp\/v2\/pages"}],"about":[{"href":"https:\/\/pistonaddict.com\/sv\/wp-json\/wp\/v2\/types\/page"}],"author":[{"embeddable":true,"href":"https:\/\/pistonaddict.com\/sv\/wp-json\/wp\/v2\/users\/1"}],"replies":[{"embeddable":true,"href":"https:\/\/pistonaddict.com\/sv\/wp-json\/wp\/v2\/comments?post=2872"}],"version-history":[{"count":15,"href":"https:\/\/pistonaddict.com\/sv\/wp-json\/wp\/v2\/pages\/2872\/revisions"}],"predecessor-version":[{"id":111613,"href":"https:\/\/pistonaddict.com\/sv\/wp-json\/wp\/v2\/pages\/2872\/revisions\/111613"}],"wp:attachment":[{"href":"https:\/\/pistonaddict.com\/sv\/wp-json\/wp\/v2\/media?parent=2872"}],"curies":[{"name":"wp","href":"https:\/\/api.w.org\/{rel}","templated":true}]}}