{"id":2400,"date":"2022-04-25T10:36:21","date_gmt":"2022-04-25T08:36:21","guid":{"rendered":"https:\/\/pistonaddict.com\/10-tips-for-att-fotografera-din-bil\/"},"modified":"2023-09-12T11:39:43","modified_gmt":"2023-09-12T09:39:43","slug":"10-tips-for-att-fotografera-din-bil","status":"publish","type":"page","link":"https:\/\/pistonaddict.com\/sv\/10-tips-for-att-fotografera-din-bil\/","title":{"rendered":"10 tips f\u00f6r att fotografera din bil"},"content":{"rendered":"\t\t<div data-elementor-type=\"wp-page\" data-elementor-id=\"2400\" class=\"elementor elementor-2400 elementor-2468\">\n\t\t\t\t\t\t<section class=\"elementor-section elementor-top-section elementor-element elementor-element-1226094 elementor-section-full_width elementor-section-content-middle banniere-page elementor-section-height-default elementor-section-height-default\" data-id=\"1226094\" data-element_type=\"section\" data-settings=\"{&quot;background_background&quot;:&quot;classic&quot;}\">\n\t\t\t\t\t\t<div class=\"elementor-container elementor-column-gap-default\">\n\t\t\t\t\t<div class=\"elementor-column elementor-col-100 elementor-top-column elementor-element elementor-element-caa391a\" data-id=\"caa391a\" data-element_type=\"column\">\n\t\t\t<div class=\"elementor-widget-wrap elementor-element-populated\">\n\t\t\t\t\t\t<div class=\"elementor-element elementor-element-b35d988 elementor-widget elementor-widget-heading\" data-id=\"b35d988\" data-element_type=\"widget\" data-widget_type=\"heading.default\">\n\t\t\t\t<div class=\"elementor-widget-container\">\n\t\t\t<style>\/*! elementor - v3.21.0 - 18-04-2024 *\/\n.elementor-heading-title{padding:0;margin:0;line-height:1}.elementor-widget-heading .elementor-heading-title[class*=elementor-size-]>a{color:inherit;font-size:inherit;line-height:inherit}.elementor-widget-heading .elementor-heading-title.elementor-size-small{font-size:15px}.elementor-widget-heading .elementor-heading-title.elementor-size-medium{font-size:19px}.elementor-widget-heading .elementor-heading-title.elementor-size-large{font-size:29px}.elementor-widget-heading .elementor-heading-title.elementor-size-xl{font-size:39px}.elementor-widget-heading .elementor-heading-title.elementor-size-xxl{font-size:59px}<\/style><h1 class=\"elementor-heading-title elementor-size-default\">10 tips f\u00f6r att ta dina bilder<\/h1>\t\t<\/div>\n\t\t\t\t<\/div>\n\t\t\t\t\t<\/div>\n\t\t<\/div>\n\t\t\t\t\t<\/div>\n\t\t<\/section>\n\t\t\t\t<section class=\"elementor-section elementor-top-section elementor-element elementor-element-0a3340f elementor-section-full_width descs elementor-section-height-default elementor-section-height-default\" data-id=\"0a3340f\" data-element_type=\"section\">\n\t\t\t\t\t\t<div class=\"elementor-container elementor-column-gap-default\">\n\t\t\t\t\t<div class=\"elementor-column elementor-col-100 elementor-top-column elementor-element elementor-element-f030e5d\" data-id=\"f030e5d\" data-element_type=\"column\">\n\t\t\t<div class=\"elementor-widget-wrap elementor-element-populated\">\n\t\t\t\t\t\t<div class=\"elementor-element elementor-element-8cea2dc desc-1 elementor-widget elementor-widget-text-editor\" data-id=\"8cea2dc\" data-element_type=\"widget\" data-widget_type=\"text-editor.default\">\n\t\t\t\t<div class=\"elementor-widget-container\">\n\t\t\t<style>\/*! elementor - v3.21.0 - 18-04-2024 *\/\n.elementor-widget-text-editor.elementor-drop-cap-view-stacked .elementor-drop-cap{background-color:#69727d;color:#fff}.elementor-widget-text-editor.elementor-drop-cap-view-framed .elementor-drop-cap{color:#69727d;border:3px solid;background-color:transparent}.elementor-widget-text-editor:not(.elementor-drop-cap-view-default) .elementor-drop-cap{margin-top:8px}.elementor-widget-text-editor:not(.elementor-drop-cap-view-default) .elementor-drop-cap-letter{width:1em;height:1em}.elementor-widget-text-editor .elementor-drop-cap{float:left;text-align:center;line-height:1;font-size:50px}.elementor-widget-text-editor .elementor-drop-cap-letter{display:inline-block}<\/style>\t\t\t\t\n          <h2>10 tips f\u00f6r att ta de b\u00e4sta bilderna av ditt fordon p\u00e5 egen hand<\/h2>\n          <p> <\/p>\n          <p>N\u00e4r du s\u00e4ljer ditt fordon online \u00e4r presentation nyckeln. Vackra bilder ger d\u00e4rf\u00f6r ett b\u00e4ttre resultat.<\/p>\n          <p>De kan tas med en professionell kamera eller en mobiltelefon, huvudsaken \u00e4r att du tar h\u00e4nsyn till v\u00e5ra r\u00e5d!<\/p>\n        \t\t\t\t\t\t<\/div>\n\t\t\t\t<\/div>\n\t\t\t\t<div class=\"elementor-element elementor-element-5ddbf58 btn1 elementor-widget elementor-widget-button\" data-id=\"5ddbf58\" data-element_type=\"widget\" data-widget_type=\"button.default\">\n\t\t\t\t<div class=\"elementor-widget-container\">\n\t\t\t\t\t<div class=\"elementor-button-wrapper\">\n\t\t\t<a class=\"elementor-button elementor-button-link elementor-size-sm\" href=\"#block-r\u00e5d\">\n\t\t\t\t\t\t<span class=\"elementor-button-content-wrapper\">\n\t\t\t\t\t\t\t\t\t<span class=\"elementor-button-text\">Lista med bilder<\/span>\n\t\t\t\t\t<\/span>\n\t\t\t\t\t<\/a>\n\t\t<\/div>\n\t\t\t\t<\/div>\n\t\t\t\t<\/div>\n\t\t\t\t<div class=\"elementor-element elementor-element-cd2a8bb btn2 elementor-widget elementor-widget-button\" data-id=\"cd2a8bb\" data-element_type=\"widget\" data-widget_type=\"button.default\">\n\t\t\t\t<div class=\"elementor-widget-container\">\n\t\t\t\t\t<div class=\"elementor-button-wrapper\">\n\t\t\t<a class=\"elementor-button elementor-button-link elementor-size-sm\" href=\"#\" data-fancybox=\"dialogGallery\" data-src=\"#gallery2\">\n\t\t\t\t\t\t<span class=\"elementor-button-content-wrapper\">\n\t\t\t\t\t\t<span class=\"elementor-button-icon elementor-align-icon-right\">\n\t\t\t\t<i aria-hidden=\"true\" class=\"fas fa-eye\"><\/i>\t\t\t<\/span>\n\t\t\t\t\t\t\t\t\t<span class=\"elementor-button-text\">Fotoprovgalleri<\/span>\n\t\t\t\t\t<\/span>\n\t\t\t\t\t<\/a>\n\t\t<\/div>\n\t\t\t\t<\/div>\n\t\t\t\t<\/div>\n\t\t\t\t\t<\/div>\n\t\t<\/div>\n\t\t\t\t\t<\/div>\n\t\t<\/section>\n\t\t\t\t<\/div>\n\t\t","protected":false},"excerpt":{"rendered":"<p>10 tips f\u00f6r att ta dina bilder 10 tips f\u00f6r att ta de b\u00e4sta bilderna av ditt fordon p\u00e5 egen hand N\u00e4r du s\u00e4ljer ditt fordon online \u00e4r presentation nyckeln. Vackra bilder ger d\u00e4rf\u00f6r ett b\u00e4ttre resultat. De kan tas med en professionell kamera eller en mobiltelefon, huvudsaken \u00e4r att du tar h\u00e4nsyn till v\u00e5ra &#8230; <a title=\"10 tips f\u00f6r att fotografera din bil\" class=\"read-more\" href=\"https:\/\/pistonaddict.com\/sv\/10-tips-for-att-fotografera-din-bil\/\">L\u00e4s mer<span class=\"screen-reader-text\">10 tips f\u00f6r att fotografera din bil<\/span><\/a><\/p>\n","protected":false},"author":1,"featured_media":0,"parent":0,"menu_order":0,"comment_status":"closed","ping_status":"closed","template":"template-parts\/tpl-advice.php","meta":{"inline_featured_image":false,"footnotes":""},"acf":[],"yoast_head":"<!-- This site is optimized with the Yoast SEO plugin v22.5 - https:\/\/yoast.com\/wordpress\/plugins\/seo\/ -->\n<title>10 tips f\u00f6r att fotografera din bil - Piston Addict<\/title>\n<meta name=\"robots\" content=\"index, follow, max-snippet:-1, max-image-preview:large, max-video-preview:-1\" \/>\n<link rel=\"canonical\" href=\"https:\/\/pistonaddict.com\/sv\/10-tips-for-att-fotografera-din-bil\/\" \/>\n<meta property=\"og:locale\" content=\"sv_SE\" \/>\n<meta property=\"og:type\" content=\"article\" \/>\n<meta property=\"og:title\" content=\"10 tips f\u00f6r att fotografera din bil - Piston Addict\" \/>\n<meta property=\"og:description\" content=\"10 tips f\u00f6r att ta dina bilder 10 tips f\u00f6r att ta de b\u00e4sta bilderna av ditt fordon p\u00e5 egen hand N\u00e4r du s\u00e4ljer ditt fordon online \u00e4r presentation nyckeln. Vackra bilder ger d\u00e4rf\u00f6r ett b\u00e4ttre resultat. De kan tas med en professionell kamera eller en mobiltelefon, huvudsaken \u00e4r att du tar h\u00e4nsyn till v\u00e5ra ... L\u00e4s mer10 tips f\u00f6r att fotografera din bil\" \/>\n<meta property=\"og:url\" content=\"https:\/\/pistonaddict.com\/sv\/10-tips-for-att-fotografera-din-bil\/\" \/>\n<meta property=\"og:site_name\" content=\"Piston Addict\" \/>\n<meta property=\"article:modified_time\" content=\"2023-09-12T09:39:43+00:00\" \/>\n<meta name=\"twitter:card\" content=\"summary_large_image\" \/>\n<script type=\"application\/ld+json\" class=\"yoast-schema-graph\">{\"@context\":\"https:\/\/schema.org\",\"@graph\":[{\"@type\":\"WebPage\",\"@id\":\"https:\/\/pistonaddict.com\/sv\/10-tips-for-att-fotografera-din-bil\/\",\"url\":\"https:\/\/pistonaddict.com\/sv\/10-tips-for-att-fotografera-din-bil\/\",\"name\":\"10 tips f\u00f6r att fotografera din bil - Piston Addict\",\"isPartOf\":{\"@id\":\"https:\/\/pistonaddict.com\/sv\/#website\"},\"datePublished\":\"2022-04-25T08:36:21+00:00\",\"dateModified\":\"2023-09-12T09:39:43+00:00\",\"breadcrumb\":{\"@id\":\"https:\/\/pistonaddict.com\/sv\/10-tips-for-att-fotografera-din-bil\/#breadcrumb\"},\"inLanguage\":\"sv-SE\",\"potentialAction\":[{\"@type\":\"ReadAction\",\"target\":[\"https:\/\/pistonaddict.com\/sv\/10-tips-for-att-fotografera-din-bil\/\"]}]},{\"@type\":\"BreadcrumbList\",\"@id\":\"https:\/\/pistonaddict.com\/sv\/10-tips-for-att-fotografera-din-bil\/#breadcrumb\",\"itemListElement\":[{\"@type\":\"ListItem\",\"position\":1,\"name\":\"Hemsida\",\"item\":\"https:\/\/pistonaddict.com\/sv\/hemsidan\/\"},{\"@type\":\"ListItem\",\"position\":2,\"name\":\"10 tips f\u00f6r att fotografera din bil\"}]},{\"@type\":\"WebSite\",\"@id\":\"https:\/\/pistonaddict.com\/sv\/#website\",\"url\":\"https:\/\/pistonaddict.com\/sv\/\",\"name\":\"Piston Addict\",\"description\":\"Only interesting vehicles\",\"publisher\":{\"@id\":\"https:\/\/pistonaddict.com\/sv\/#organization\"},\"potentialAction\":[{\"@type\":\"SearchAction\",\"target\":{\"@type\":\"EntryPoint\",\"urlTemplate\":\"https:\/\/pistonaddict.com\/sv\/?s={search_term_string}\"},\"query-input\":\"required name=search_term_string\"}],\"inLanguage\":\"sv-SE\"},{\"@type\":\"Organization\",\"@id\":\"https:\/\/pistonaddict.com\/sv\/#organization\",\"name\":\"Piston Addict\",\"url\":\"https:\/\/pistonaddict.com\/sv\/\",\"logo\":{\"@type\":\"ImageObject\",\"inLanguage\":\"sv-SE\",\"@id\":\"https:\/\/pistonaddict.com\/sv\/#\/schema\/logo\/image\/\",\"url\":\"https:\/\/pistonaddict.com\/wp-content\/uploads\/2022\/07\/logo-6.png\",\"contentUrl\":\"https:\/\/pistonaddict.com\/wp-content\/uploads\/2022\/07\/logo-6.png\",\"width\":970,\"height\":200,\"caption\":\"Piston Addict\"},\"image\":{\"@id\":\"https:\/\/pistonaddict.com\/sv\/#\/schema\/logo\/image\/\"}}]}<\/script>\n<!-- \/ Yoast SEO plugin. -->","yoast_head_json":{"title":"10 tips f\u00f6r att fotografera din bil - Piston Addict","robots":{"index":"index","follow":"follow","max-snippet":"max-snippet:-1","max-image-preview":"max-image-preview:large","max-video-preview":"max-video-preview:-1"},"canonical":"https:\/\/pistonaddict.com\/sv\/10-tips-for-att-fotografera-din-bil\/","og_locale":"sv_SE","og_type":"article","og_title":"10 tips f\u00f6r att fotografera din bil - Piston Addict","og_description":"10 tips f\u00f6r att ta dina bilder 10 tips f\u00f6r att ta de b\u00e4sta bilderna av ditt fordon p\u00e5 egen hand N\u00e4r du s\u00e4ljer ditt fordon online \u00e4r presentation nyckeln. Vackra bilder ger d\u00e4rf\u00f6r ett b\u00e4ttre resultat. De kan tas med en professionell kamera eller en mobiltelefon, huvudsaken \u00e4r att du tar h\u00e4nsyn till v\u00e5ra ... L\u00e4s mer10 tips f\u00f6r att fotografera din bil","og_url":"https:\/\/pistonaddict.com\/sv\/10-tips-for-att-fotografera-din-bil\/","og_site_name":"Piston Addict","article_modified_time":"2023-09-12T09:39:43+00:00","twitter_card":"summary_large_image","schema":{"@context":"https:\/\/schema.org","@graph":[{"@type":"WebPage","@id":"https:\/\/pistonaddict.com\/sv\/10-tips-for-att-fotografera-din-bil\/","url":"https:\/\/pistonaddict.com\/sv\/10-tips-for-att-fotografera-din-bil\/","name":"10 tips f\u00f6r att fotografera din bil - Piston Addict","isPartOf":{"@id":"https:\/\/pistonaddict.com\/sv\/#website"},"datePublished":"2022-04-25T08:36:21+00:00","dateModified":"2023-09-12T09:39:43+00:00","breadcrumb":{"@id":"https:\/\/pistonaddict.com\/sv\/10-tips-for-att-fotografera-din-bil\/#breadcrumb"},"inLanguage":"sv-SE","potentialAction":[{"@type":"ReadAction","target":["https:\/\/pistonaddict.com\/sv\/10-tips-for-att-fotografera-din-bil\/"]}]},{"@type":"BreadcrumbList","@id":"https:\/\/pistonaddict.com\/sv\/10-tips-for-att-fotografera-din-bil\/#breadcrumb","itemListElement":[{"@type":"ListItem","position":1,"name":"Hemsida","item":"https:\/\/pistonaddict.com\/sv\/hemsidan\/"},{"@type":"ListItem","position":2,"name":"10 tips f\u00f6r att fotografera din bil"}]},{"@type":"WebSite","@id":"https:\/\/pistonaddict.com\/sv\/#website","url":"https:\/\/pistonaddict.com\/sv\/","name":"Piston Addict","description":"Only interesting vehicles","publisher":{"@id":"https:\/\/pistonaddict.com\/sv\/#organization"},"potentialAction":[{"@type":"SearchAction","target":{"@type":"EntryPoint","urlTemplate":"https:\/\/pistonaddict.com\/sv\/?s={search_term_string}"},"query-input":"required name=search_term_string"}],"inLanguage":"sv-SE"},{"@type":"Organization","@id":"https:\/\/pistonaddict.com\/sv\/#organization","name":"Piston Addict","url":"https:\/\/pistonaddict.com\/sv\/","logo":{"@type":"ImageObject","inLanguage":"sv-SE","@id":"https:\/\/pistonaddict.com\/sv\/#\/schema\/logo\/image\/","url":"https:\/\/pistonaddict.com\/wp-content\/uploads\/2022\/07\/logo-6.png","contentUrl":"https:\/\/pistonaddict.com\/wp-content\/uploads\/2022\/07\/logo-6.png","width":970,"height":200,"caption":"Piston Addict"},"image":{"@id":"https:\/\/pistonaddict.com\/sv\/#\/schema\/logo\/image\/"}}]}},"_links":{"self":[{"href":"https:\/\/pistonaddict.com\/sv\/wp-json\/wp\/v2\/pages\/2400"}],"collection":[{"href":"https:\/\/pistonaddict.com\/sv\/wp-json\/wp\/v2\/pages"}],"about":[{"href":"https:\/\/pistonaddict.com\/sv\/wp-json\/wp\/v2\/types\/page"}],"author":[{"embeddable":true,"href":"https:\/\/pistonaddict.com\/sv\/wp-json\/wp\/v2\/users\/1"}],"replies":[{"embeddable":true,"href":"https:\/\/pistonaddict.com\/sv\/wp-json\/wp\/v2\/comments?post=2400"}],"version-history":[{"count":9,"href":"https:\/\/pistonaddict.com\/sv\/wp-json\/wp\/v2\/pages\/2400\/revisions"}],"predecessor-version":[{"id":50667,"href":"https:\/\/pistonaddict.com\/sv\/wp-json\/wp\/v2\/pages\/2400\/revisions\/50667"}],"wp:attachment":[{"href":"https:\/\/pistonaddict.com\/sv\/wp-json\/wp\/v2\/media?parent=2400"}],"curies":[{"name":"wp","href":"https:\/\/api.w.org\/{rel}","templated":true}]}}