{"id":22646,"date":"2022-04-20T13:00:00","date_gmt":"2022-04-20T11:00:00","guid":{"rendered":"https:\/\/pistonaddict.com\/overdelar\/"},"modified":"2023-01-04T12:23:03","modified_gmt":"2023-01-04T11:23:03","slug":"overdelar","status":"publish","type":"page","link":"https:\/\/pistonaddict.com\/sv\/overdelar\/","title":{"rendered":"\u00d6verdelar"},"content":{"rendered":"\t\t<div data-elementor-type=\"wp-page\" data-elementor-id=\"22646\" class=\"elementor elementor-22646 elementor-19002\">\n\t\t\t\t\t\t<section class=\"elementor-section elementor-top-section elementor-element elementor-element-3668bb8 elementor-section-full_width elementor-section-content-middle banniere-page elementor-section-height-default elementor-section-height-default\" data-id=\"3668bb8\" data-element_type=\"section\" data-settings=\"{&quot;background_background&quot;:&quot;classic&quot;}\">\n\t\t\t\t\t\t<div class=\"elementor-container elementor-column-gap-default\">\n\t\t\t\t\t<div class=\"elementor-column elementor-col-100 elementor-top-column elementor-element elementor-element-b2088b2\" data-id=\"b2088b2\" data-element_type=\"column\">\n\t\t\t<div class=\"elementor-widget-wrap elementor-element-populated\">\n\t\t\t\t\t\t<div class=\"elementor-element elementor-element-26e06c0 elementor-widget elementor-widget-heading\" data-id=\"26e06c0\" data-element_type=\"widget\" data-widget_type=\"heading.default\">\n\t\t\t\t<div class=\"elementor-widget-container\">\n\t\t\t<style>\/*! elementor - v3.21.0 - 18-04-2024 *\/\n.elementor-heading-title{padding:0;margin:0;line-height:1}.elementor-widget-heading .elementor-heading-title[class*=elementor-size-]>a{color:inherit;font-size:inherit;line-height:inherit}.elementor-widget-heading .elementor-heading-title.elementor-size-small{font-size:15px}.elementor-widget-heading .elementor-heading-title.elementor-size-medium{font-size:19px}.elementor-widget-heading .elementor-heading-title.elementor-size-large{font-size:29px}.elementor-widget-heading .elementor-heading-title.elementor-size-xl{font-size:39px}.elementor-widget-heading .elementor-heading-title.elementor-size-xxl{font-size:59px}<\/style><h1 class=\"elementor-heading-title elementor-size-default\">Om Piston Addict<\/h1>\t\t<\/div>\n\t\t\t\t<\/div>\n\t\t\t\t\t<\/div>\n\t\t<\/div>\n\t\t\t\t\t<\/div>\n\t\t<\/section>\n\t\t\t\t<section class=\"elementor-section elementor-top-section elementor-element elementor-element-62ecd00 elementor-section-full_width descs elementor-section-height-default elementor-section-height-default\" data-id=\"62ecd00\" data-element_type=\"section\">\n\t\t\t\t\t\t<div class=\"elementor-container elementor-column-gap-default\">\n\t\t\t\t\t<div class=\"elementor-column elementor-col-100 elementor-top-column elementor-element elementor-element-cae2e10\" data-id=\"cae2e10\" data-element_type=\"column\">\n\t\t\t<div class=\"elementor-widget-wrap elementor-element-populated\">\n\t\t\t\t\t\t<div class=\"elementor-element elementor-element-174bee4 elementor-widget elementor-widget-text-editor\" data-id=\"174bee4\" data-element_type=\"widget\" data-widget_type=\"text-editor.default\">\n\t\t\t\t<div class=\"elementor-widget-container\">\n\t\t\t<style>\/*! elementor - v3.21.0 - 18-04-2024 *\/\n.elementor-widget-text-editor.elementor-drop-cap-view-stacked .elementor-drop-cap{background-color:#69727d;color:#fff}.elementor-widget-text-editor.elementor-drop-cap-view-framed .elementor-drop-cap{color:#69727d;border:3px solid;background-color:transparent}.elementor-widget-text-editor:not(.elementor-drop-cap-view-default) .elementor-drop-cap{margin-top:8px}.elementor-widget-text-editor:not(.elementor-drop-cap-view-default) .elementor-drop-cap-letter{width:1em;height:1em}.elementor-widget-text-editor .elementor-drop-cap{float:left;text-align:center;line-height:1;font-size:50px}.elementor-widget-text-editor .elementor-drop-cap-letter{display:inline-block}<\/style>\t\t\t\t<\/p>\n<h2>V\u00e5r historia<\/h2>\n<p>Piston Addict \u00e4r en online-auktionsplattform som specialiserar sig p\u00e5 exceptionella fordon.  <\/p>\n<p>Vi har varit bilentusiaster fr\u00e5n tidig \u00e5lder och d\u00e4rf\u00f6r var det viktigt f\u00f6r oss att g\u00f6ra f\u00f6rs\u00e4ljning och k\u00f6p av bilar och motorcyklar mer l\u00e4ttillg\u00e4ngligt, s\u00e5 att du kan s\u00e4lja eller k\u00f6pa ett fordon var du \u00e4n befinner dig. du hittade.<\/p>\n<p>Piston Addict f\u00f6ddes med en \u00f6nskan att revolutionera marknaden f\u00f6r begagnade fordon p\u00e5 det enklaste, smidigaste och mest transparenta s\u00e4ttet: allt du beh\u00f6ver \u00e4r ett klick eller en auktion f\u00f6r att f\u00f6rv\u00e4rva och s\u00e4lja sp\u00e4nnande fordon. av entusiaster.<\/p>\n<h2> <\/h2>\n<h2>Hur vi arbetar<\/h2>\n<p>Piston Addict uppfinner p\u00e5 nytt s\u00e4ttet att s\u00e4lja eller k\u00f6pa klassiska fordon, samlarfordon och entusiastfordon.<\/p>\n<p>Vi studerar varje fordon som skickas in med st\u00f6rsta uppm\u00e4rksamhet: p\u00e5 Piston Addict hittar du ett team av entusiaster som \u00e4r experter p\u00e5 gamla och moderna bilar.<\/p>\n<p>V\u00e5ra auktioner erbjuder full insyn, mer omfattande listor och r\u00e4ttvisare avgifter j\u00e4mf\u00f6rt med traditionella plattformar. Vi v\u00e4ljer ut ett brett utbud av m\u00e4rken, modeller och typer av fordon: vi vill se s\u00e5 m\u00e5nga olika varianter som m\u00f6jligt!<\/p>\n\t\t\t\t\t\t<\/div>\n\t\t\t\t<\/div>\n\t\t\t\t\t<\/div>\n\t\t<\/div>\n\t\t\t\t\t<\/div>\n\t\t<\/section>\n\t\t\t\t<section class=\"elementor-section elementor-top-section elementor-element elementor-element-38f2e81 elementor-section-content-middle story elementor-section-boxed elementor-section-height-default elementor-section-height-default\" data-id=\"38f2e81\" data-element_type=\"section\" data-settings=\"{&quot;background_background&quot;:&quot;gradient&quot;}\">\n\t\t\t\t\t\t<div class=\"elementor-container elementor-column-gap-default\">\n\t\t\t\t\t<div class=\"elementor-column elementor-col-100 elementor-top-column elementor-element elementor-element-71b8e7e\" data-id=\"71b8e7e\" data-element_type=\"column\">\n\t\t\t<div class=\"elementor-widget-wrap elementor-element-populated\">\n\t\t\t\t\t\t<div class=\"elementor-element elementor-element-205cd4d elementor-widget elementor-widget-text-editor\" data-id=\"205cd4d\" data-element_type=\"widget\" data-widget_type=\"text-editor.default\">\n\t\t\t\t<div class=\"elementor-widget-container\">\n\t\t\t\t\t\t\t\n          <h3>Vittnesm\u00e5l<\/h3>\n          <p>Vi \u00e4lskar n\u00e4r k\u00f6pare och s\u00e4ljare ber\u00e4ttar om sina goda erfarenheter av v\u00e5r webbplats.<\/p>\n          <p>Skicka oss din k\u00f6p- eller s\u00e4ljhistoria med n\u00e5gra h\u00e4ftiga bilder s\u00e5 l\u00e4gger vi ut ditt vittnesm\u00e5l.<\/p>\n          <p>\n            <a href=\"mailto:contact@pistonaddict.com\">Skicka in ditt vittnesm\u00e5l<\/a>\n          <\/p>\n        \t\t\t\t\t\t<\/div>\n\t\t\t\t<\/div>\n\t\t\t\t\t<\/div>\n\t\t<\/div>\n\t\t\t\t\t<\/div>\n\t\t<\/section>\n\t\t\t\t<\/div>\n\t\t","protected":false},"excerpt":{"rendered":"<p>Om Piston Addict V\u00e5r historia Piston Addict \u00e4r en online-auktionsplattform som specialiserar sig p\u00e5 exceptionella fordon. Vi har varit bilentusiaster fr\u00e5n tidig \u00e5lder och d\u00e4rf\u00f6r var det viktigt f\u00f6r oss att g\u00f6ra f\u00f6rs\u00e4ljning och k\u00f6p av bilar och motorcyklar mer l\u00e4ttillg\u00e4ngligt, s\u00e5 att du kan s\u00e4lja eller k\u00f6pa ett fordon var du \u00e4n befinner dig. &#8230; <a title=\"\u00d6verdelar\" class=\"read-more\" href=\"https:\/\/pistonaddict.com\/sv\/overdelar\/\">L\u00e4s mer<span class=\"screen-reader-text\">\u00d6verdelar<\/span><\/a><\/p>\n","protected":false},"author":1,"featured_media":0,"parent":0,"menu_order":0,"comment_status":"closed","ping_status":"closed","template":"","meta":{"inline_featured_image":false,"footnotes":""},"acf":[],"yoast_head":"<!-- This site is optimized with the Yoast SEO plugin v22.5 - https:\/\/yoast.com\/wordpress\/plugins\/seo\/ -->\n<title>\u00d6verdelar - Piston Addict<\/title>\n<meta name=\"robots\" content=\"index, follow, max-snippet:-1, max-image-preview:large, max-video-preview:-1\" \/>\n<link rel=\"canonical\" href=\"https:\/\/pistonaddict.com\/sv\/overdelar\/\" \/>\n<meta property=\"og:locale\" content=\"sv_SE\" \/>\n<meta property=\"og:type\" content=\"article\" \/>\n<meta property=\"og:title\" content=\"\u00d6verdelar - Piston Addict\" \/>\n<meta property=\"og:description\" content=\"Om Piston Addict V\u00e5r historia Piston Addict \u00e4r en online-auktionsplattform som specialiserar sig p\u00e5 exceptionella fordon. Vi har varit bilentusiaster fr\u00e5n tidig \u00e5lder och d\u00e4rf\u00f6r var det viktigt f\u00f6r oss att g\u00f6ra f\u00f6rs\u00e4ljning och k\u00f6p av bilar och motorcyklar mer l\u00e4ttillg\u00e4ngligt, s\u00e5 att du kan s\u00e4lja eller k\u00f6pa ett fordon var du \u00e4n befinner dig. ... L\u00e4s mer\u00d6verdelar\" \/>\n<meta property=\"og:url\" content=\"https:\/\/pistonaddict.com\/sv\/overdelar\/\" \/>\n<meta property=\"og:site_name\" content=\"Piston Addict\" \/>\n<meta property=\"article:modified_time\" content=\"2023-01-04T11:23:03+00:00\" \/>\n<meta name=\"twitter:card\" content=\"summary_large_image\" \/>\n<meta name=\"twitter:label1\" content=\"Ber\u00e4knad l\u00e4stid\" \/>\n\t<meta name=\"twitter:data1\" content=\"1 minut\" \/>\n<script type=\"application\/ld+json\" class=\"yoast-schema-graph\">{\"@context\":\"https:\/\/schema.org\",\"@graph\":[{\"@type\":\"WebPage\",\"@id\":\"https:\/\/pistonaddict.com\/sv\/overdelar\/\",\"url\":\"https:\/\/pistonaddict.com\/sv\/overdelar\/\",\"name\":\"\u00d6verdelar - Piston Addict\",\"isPartOf\":{\"@id\":\"https:\/\/pistonaddict.com\/sv\/#website\"},\"datePublished\":\"2022-04-20T11:00:00+00:00\",\"dateModified\":\"2023-01-04T11:23:03+00:00\",\"breadcrumb\":{\"@id\":\"https:\/\/pistonaddict.com\/sv\/overdelar\/#breadcrumb\"},\"inLanguage\":\"sv-SE\",\"potentialAction\":[{\"@type\":\"ReadAction\",\"target\":[\"https:\/\/pistonaddict.com\/sv\/overdelar\/\"]}]},{\"@type\":\"BreadcrumbList\",\"@id\":\"https:\/\/pistonaddict.com\/sv\/overdelar\/#breadcrumb\",\"itemListElement\":[{\"@type\":\"ListItem\",\"position\":1,\"name\":\"Hemsida\",\"item\":\"https:\/\/pistonaddict.com\/sv\/hemsidan\/\"},{\"@type\":\"ListItem\",\"position\":2,\"name\":\"\u00d6verdelar\"}]},{\"@type\":\"WebSite\",\"@id\":\"https:\/\/pistonaddict.com\/sv\/#website\",\"url\":\"https:\/\/pistonaddict.com\/sv\/\",\"name\":\"Piston Addict\",\"description\":\"Only interesting vehicles\",\"publisher\":{\"@id\":\"https:\/\/pistonaddict.com\/sv\/#organization\"},\"potentialAction\":[{\"@type\":\"SearchAction\",\"target\":{\"@type\":\"EntryPoint\",\"urlTemplate\":\"https:\/\/pistonaddict.com\/sv\/?s={search_term_string}\"},\"query-input\":\"required name=search_term_string\"}],\"inLanguage\":\"sv-SE\"},{\"@type\":\"Organization\",\"@id\":\"https:\/\/pistonaddict.com\/sv\/#organization\",\"name\":\"Piston Addict\",\"url\":\"https:\/\/pistonaddict.com\/sv\/\",\"logo\":{\"@type\":\"ImageObject\",\"inLanguage\":\"sv-SE\",\"@id\":\"https:\/\/pistonaddict.com\/sv\/#\/schema\/logo\/image\/\",\"url\":\"https:\/\/pistonaddict.com\/wp-content\/uploads\/2022\/07\/logo-6.png\",\"contentUrl\":\"https:\/\/pistonaddict.com\/wp-content\/uploads\/2022\/07\/logo-6.png\",\"width\":970,\"height\":200,\"caption\":\"Piston Addict\"},\"image\":{\"@id\":\"https:\/\/pistonaddict.com\/sv\/#\/schema\/logo\/image\/\"}}]}<\/script>\n<!-- \/ Yoast SEO plugin. -->","yoast_head_json":{"title":"\u00d6verdelar - Piston Addict","robots":{"index":"index","follow":"follow","max-snippet":"max-snippet:-1","max-image-preview":"max-image-preview:large","max-video-preview":"max-video-preview:-1"},"canonical":"https:\/\/pistonaddict.com\/sv\/overdelar\/","og_locale":"sv_SE","og_type":"article","og_title":"\u00d6verdelar - Piston Addict","og_description":"Om Piston Addict V\u00e5r historia Piston Addict \u00e4r en online-auktionsplattform som specialiserar sig p\u00e5 exceptionella fordon. Vi har varit bilentusiaster fr\u00e5n tidig \u00e5lder och d\u00e4rf\u00f6r var det viktigt f\u00f6r oss att g\u00f6ra f\u00f6rs\u00e4ljning och k\u00f6p av bilar och motorcyklar mer l\u00e4ttillg\u00e4ngligt, s\u00e5 att du kan s\u00e4lja eller k\u00f6pa ett fordon var du \u00e4n befinner dig. ... L\u00e4s mer\u00d6verdelar","og_url":"https:\/\/pistonaddict.com\/sv\/overdelar\/","og_site_name":"Piston Addict","article_modified_time":"2023-01-04T11:23:03+00:00","twitter_card":"summary_large_image","twitter_misc":{"Ber\u00e4knad l\u00e4stid":"1 minut"},"schema":{"@context":"https:\/\/schema.org","@graph":[{"@type":"WebPage","@id":"https:\/\/pistonaddict.com\/sv\/overdelar\/","url":"https:\/\/pistonaddict.com\/sv\/overdelar\/","name":"\u00d6verdelar - Piston Addict","isPartOf":{"@id":"https:\/\/pistonaddict.com\/sv\/#website"},"datePublished":"2022-04-20T11:00:00+00:00","dateModified":"2023-01-04T11:23:03+00:00","breadcrumb":{"@id":"https:\/\/pistonaddict.com\/sv\/overdelar\/#breadcrumb"},"inLanguage":"sv-SE","potentialAction":[{"@type":"ReadAction","target":["https:\/\/pistonaddict.com\/sv\/overdelar\/"]}]},{"@type":"BreadcrumbList","@id":"https:\/\/pistonaddict.com\/sv\/overdelar\/#breadcrumb","itemListElement":[{"@type":"ListItem","position":1,"name":"Hemsida","item":"https:\/\/pistonaddict.com\/sv\/hemsidan\/"},{"@type":"ListItem","position":2,"name":"\u00d6verdelar"}]},{"@type":"WebSite","@id":"https:\/\/pistonaddict.com\/sv\/#website","url":"https:\/\/pistonaddict.com\/sv\/","name":"Piston Addict","description":"Only interesting vehicles","publisher":{"@id":"https:\/\/pistonaddict.com\/sv\/#organization"},"potentialAction":[{"@type":"SearchAction","target":{"@type":"EntryPoint","urlTemplate":"https:\/\/pistonaddict.com\/sv\/?s={search_term_string}"},"query-input":"required name=search_term_string"}],"inLanguage":"sv-SE"},{"@type":"Organization","@id":"https:\/\/pistonaddict.com\/sv\/#organization","name":"Piston Addict","url":"https:\/\/pistonaddict.com\/sv\/","logo":{"@type":"ImageObject","inLanguage":"sv-SE","@id":"https:\/\/pistonaddict.com\/sv\/#\/schema\/logo\/image\/","url":"https:\/\/pistonaddict.com\/wp-content\/uploads\/2022\/07\/logo-6.png","contentUrl":"https:\/\/pistonaddict.com\/wp-content\/uploads\/2022\/07\/logo-6.png","width":970,"height":200,"caption":"Piston Addict"},"image":{"@id":"https:\/\/pistonaddict.com\/sv\/#\/schema\/logo\/image\/"}}]}},"_links":{"self":[{"href":"https:\/\/pistonaddict.com\/sv\/wp-json\/wp\/v2\/pages\/22646"}],"collection":[{"href":"https:\/\/pistonaddict.com\/sv\/wp-json\/wp\/v2\/pages"}],"about":[{"href":"https:\/\/pistonaddict.com\/sv\/wp-json\/wp\/v2\/types\/page"}],"author":[{"embeddable":true,"href":"https:\/\/pistonaddict.com\/sv\/wp-json\/wp\/v2\/users\/1"}],"replies":[{"embeddable":true,"href":"https:\/\/pistonaddict.com\/sv\/wp-json\/wp\/v2\/comments?post=22646"}],"version-history":[{"count":1,"href":"https:\/\/pistonaddict.com\/sv\/wp-json\/wp\/v2\/pages\/22646\/revisions"}],"predecessor-version":[{"id":22653,"href":"https:\/\/pistonaddict.com\/sv\/wp-json\/wp\/v2\/pages\/22646\/revisions\/22653"}],"wp:attachment":[{"href":"https:\/\/pistonaddict.com\/sv\/wp-json\/wp\/v2\/media?parent=22646"}],"curies":[{"name":"wp","href":"https:\/\/api.w.org\/{rel}","templated":true}]}}