{"id":2013,"date":"2022-04-13T10:38:14","date_gmt":"2022-04-13T08:38:14","guid":{"rendered":"https:\/\/pistonaddict.com\/exempelsida\/"},"modified":"2022-05-04T18:00:06","modified_gmt":"2022-05-04T16:00:06","slug":"exempelsida","status":"publish","type":"page","link":"https:\/\/pistonaddict.com\/sv\/exempelsida\/","title":{"rendered":"Exempelsida"},"content":{"rendered":"\n<p>Detta \u00e4r en exempelsida. Det skiljer sig fr\u00e5n ett blogginl\u00e4gg eftersom det kommer att stanna p\u00e5 ett st\u00e4lle och visas i din webbplats navigering (i de flesta teman). De flesta b\u00f6rjar med en &#8220;Om&#8221;-sida som introducerar dem f\u00f6r personer som bes\u00f6ker webbplatsen. Det kan se ut ungef\u00e4r s\u00e5 h\u00e4r:<\/p>\n\n<blockquote class=\"wp-block-quote\"><p>God morgon ! Jag \u00e4r en mekaniker som vill bli sk\u00e5despelare, och det h\u00e4r \u00e4r min sida. Jag bor i Bordeaux, jag har en fantastisk hund som heter Russell, och jag \u00e4lskar vodka (liksom att bli \u00f6verraskad av pl\u00f6tsligt regn under l\u00e5nga promenader p\u00e5 stranden i solnedg\u00e5ngen).<\/p><\/blockquote>\n\n<p>\u2026eller n\u00e5got s\u00e5nt h\u00e4r:<\/p>\n\n<blockquote class=\"wp-block-quote\"><p>F\u00f6retaget 123 Machin Truc skapades 1971 och har fortsatt att erbjuda kvalitetsprylar till allm\u00e4nheten sedan dess. Bel\u00e4get i Saint-Remy-en-Bouzemont-Saint-Genest-et-Isson, syssels\u00e4tter 123 Machin Truc 2 000 personer och tillverkar alla typer av fantastiska prylar f\u00f6r Bouzemont-samh\u00e4llet.<\/p><\/blockquote>\n\n<p>Som ny WordPress-anv\u00e4ndare b\u00f6r du g\u00e5 till <a href=\"https:\/\/pistonaddict.com\/wp-admin\/\">din instrumentpanel<\/a> f\u00f6r att ta bort den h\u00e4r sidan och skapa nya sidor f\u00f6r ditt inneh\u00e5ll. Ha s\u00e5 kul !<\/p>\n","protected":false},"excerpt":{"rendered":"<p>Detta \u00e4r en exempelsida. Det skiljer sig fr\u00e5n ett blogginl\u00e4gg eftersom det kommer att stanna p\u00e5 ett st\u00e4lle och visas i din webbplats navigering (i de flesta teman). De flesta b\u00f6rjar med en &#8220;Om&#8221;-sida som introducerar dem f\u00f6r personer som bes\u00f6ker webbplatsen. Det kan se ut ungef\u00e4r s\u00e5 h\u00e4r: God morgon ! Jag \u00e4r en &#8230; <a title=\"Exempelsida\" class=\"read-more\" href=\"https:\/\/pistonaddict.com\/sv\/exempelsida\/\">L\u00e4s mer<span class=\"screen-reader-text\">Exempelsida<\/span><\/a><\/p>\n","protected":false},"author":1,"featured_media":0,"parent":0,"menu_order":0,"comment_status":"closed","ping_status":"closed","template":"","meta":{"inline_featured_image":false,"footnotes":""},"acf":[],"yoast_head":"<!-- This site is optimized with the Yoast SEO plugin v22.5 - https:\/\/yoast.com\/wordpress\/plugins\/seo\/ -->\n<title>Exempelsida - Piston Addict<\/title>\n<meta name=\"robots\" content=\"index, follow, max-snippet:-1, max-image-preview:large, max-video-preview:-1\" \/>\n<link rel=\"canonical\" href=\"https:\/\/pistonaddict.com\/sv\/exempelsida\/\" \/>\n<meta property=\"og:locale\" content=\"sv_SE\" \/>\n<meta property=\"og:type\" content=\"article\" \/>\n<meta property=\"og:title\" content=\"Exempelsida - Piston Addict\" \/>\n<meta property=\"og:description\" content=\"Detta \u00e4r en exempelsida. Det skiljer sig fr\u00e5n ett blogginl\u00e4gg eftersom det kommer att stanna p\u00e5 ett st\u00e4lle och visas i din webbplats navigering (i de flesta teman). De flesta b\u00f6rjar med en &#8220;Om&#8221;-sida som introducerar dem f\u00f6r personer som bes\u00f6ker webbplatsen. Det kan se ut ungef\u00e4r s\u00e5 h\u00e4r: God morgon ! Jag \u00e4r en ... L\u00e4s merExempelsida\" \/>\n<meta property=\"og:url\" content=\"https:\/\/pistonaddict.com\/sv\/exempelsida\/\" \/>\n<meta property=\"og:site_name\" content=\"Piston Addict\" \/>\n<meta property=\"article:modified_time\" content=\"2022-05-04T16:00:06+00:00\" \/>\n<meta name=\"twitter:card\" content=\"summary_large_image\" \/>\n<meta name=\"twitter:label1\" content=\"Ber\u00e4knad l\u00e4stid\" \/>\n\t<meta name=\"twitter:data1\" content=\"1 minut\" \/>\n<script type=\"application\/ld+json\" class=\"yoast-schema-graph\">{\"@context\":\"https:\/\/schema.org\",\"@graph\":[{\"@type\":\"WebPage\",\"@id\":\"https:\/\/pistonaddict.com\/sv\/exempelsida\/\",\"url\":\"https:\/\/pistonaddict.com\/sv\/exempelsida\/\",\"name\":\"Exempelsida - Piston Addict\",\"isPartOf\":{\"@id\":\"https:\/\/pistonaddict.com\/sv\/#website\"},\"datePublished\":\"2022-04-13T08:38:14+00:00\",\"dateModified\":\"2022-05-04T16:00:06+00:00\",\"breadcrumb\":{\"@id\":\"https:\/\/pistonaddict.com\/sv\/exempelsida\/#breadcrumb\"},\"inLanguage\":\"sv-SE\",\"potentialAction\":[{\"@type\":\"ReadAction\",\"target\":[\"https:\/\/pistonaddict.com\/sv\/exempelsida\/\"]}]},{\"@type\":\"BreadcrumbList\",\"@id\":\"https:\/\/pistonaddict.com\/sv\/exempelsida\/#breadcrumb\",\"itemListElement\":[{\"@type\":\"ListItem\",\"position\":1,\"name\":\"Hemsida\",\"item\":\"https:\/\/pistonaddict.com\/sv\/hemsidan\/\"},{\"@type\":\"ListItem\",\"position\":2,\"name\":\"Exempelsida\"}]},{\"@type\":\"WebSite\",\"@id\":\"https:\/\/pistonaddict.com\/sv\/#website\",\"url\":\"https:\/\/pistonaddict.com\/sv\/\",\"name\":\"Piston Addict\",\"description\":\"Only interesting vehicles\",\"publisher\":{\"@id\":\"https:\/\/pistonaddict.com\/sv\/#organization\"},\"potentialAction\":[{\"@type\":\"SearchAction\",\"target\":{\"@type\":\"EntryPoint\",\"urlTemplate\":\"https:\/\/pistonaddict.com\/sv\/?s={search_term_string}\"},\"query-input\":\"required name=search_term_string\"}],\"inLanguage\":\"sv-SE\"},{\"@type\":\"Organization\",\"@id\":\"https:\/\/pistonaddict.com\/sv\/#organization\",\"name\":\"Piston Addict\",\"url\":\"https:\/\/pistonaddict.com\/sv\/\",\"logo\":{\"@type\":\"ImageObject\",\"inLanguage\":\"sv-SE\",\"@id\":\"https:\/\/pistonaddict.com\/sv\/#\/schema\/logo\/image\/\",\"url\":\"https:\/\/pistonaddict.com\/wp-content\/uploads\/2022\/07\/logo-6.png\",\"contentUrl\":\"https:\/\/pistonaddict.com\/wp-content\/uploads\/2022\/07\/logo-6.png\",\"width\":970,\"height\":200,\"caption\":\"Piston Addict\"},\"image\":{\"@id\":\"https:\/\/pistonaddict.com\/sv\/#\/schema\/logo\/image\/\"}}]}<\/script>\n<!-- \/ Yoast SEO plugin. -->","yoast_head_json":{"title":"Exempelsida - Piston Addict","robots":{"index":"index","follow":"follow","max-snippet":"max-snippet:-1","max-image-preview":"max-image-preview:large","max-video-preview":"max-video-preview:-1"},"canonical":"https:\/\/pistonaddict.com\/sv\/exempelsida\/","og_locale":"sv_SE","og_type":"article","og_title":"Exempelsida - Piston Addict","og_description":"Detta \u00e4r en exempelsida. Det skiljer sig fr\u00e5n ett blogginl\u00e4gg eftersom det kommer att stanna p\u00e5 ett st\u00e4lle och visas i din webbplats navigering (i de flesta teman). De flesta b\u00f6rjar med en &#8220;Om&#8221;-sida som introducerar dem f\u00f6r personer som bes\u00f6ker webbplatsen. Det kan se ut ungef\u00e4r s\u00e5 h\u00e4r: God morgon ! Jag \u00e4r en ... L\u00e4s merExempelsida","og_url":"https:\/\/pistonaddict.com\/sv\/exempelsida\/","og_site_name":"Piston Addict","article_modified_time":"2022-05-04T16:00:06+00:00","twitter_card":"summary_large_image","twitter_misc":{"Ber\u00e4knad l\u00e4stid":"1 minut"},"schema":{"@context":"https:\/\/schema.org","@graph":[{"@type":"WebPage","@id":"https:\/\/pistonaddict.com\/sv\/exempelsida\/","url":"https:\/\/pistonaddict.com\/sv\/exempelsida\/","name":"Exempelsida - Piston Addict","isPartOf":{"@id":"https:\/\/pistonaddict.com\/sv\/#website"},"datePublished":"2022-04-13T08:38:14+00:00","dateModified":"2022-05-04T16:00:06+00:00","breadcrumb":{"@id":"https:\/\/pistonaddict.com\/sv\/exempelsida\/#breadcrumb"},"inLanguage":"sv-SE","potentialAction":[{"@type":"ReadAction","target":["https:\/\/pistonaddict.com\/sv\/exempelsida\/"]}]},{"@type":"BreadcrumbList","@id":"https:\/\/pistonaddict.com\/sv\/exempelsida\/#breadcrumb","itemListElement":[{"@type":"ListItem","position":1,"name":"Hemsida","item":"https:\/\/pistonaddict.com\/sv\/hemsidan\/"},{"@type":"ListItem","position":2,"name":"Exempelsida"}]},{"@type":"WebSite","@id":"https:\/\/pistonaddict.com\/sv\/#website","url":"https:\/\/pistonaddict.com\/sv\/","name":"Piston Addict","description":"Only interesting vehicles","publisher":{"@id":"https:\/\/pistonaddict.com\/sv\/#organization"},"potentialAction":[{"@type":"SearchAction","target":{"@type":"EntryPoint","urlTemplate":"https:\/\/pistonaddict.com\/sv\/?s={search_term_string}"},"query-input":"required name=search_term_string"}],"inLanguage":"sv-SE"},{"@type":"Organization","@id":"https:\/\/pistonaddict.com\/sv\/#organization","name":"Piston Addict","url":"https:\/\/pistonaddict.com\/sv\/","logo":{"@type":"ImageObject","inLanguage":"sv-SE","@id":"https:\/\/pistonaddict.com\/sv\/#\/schema\/logo\/image\/","url":"https:\/\/pistonaddict.com\/wp-content\/uploads\/2022\/07\/logo-6.png","contentUrl":"https:\/\/pistonaddict.com\/wp-content\/uploads\/2022\/07\/logo-6.png","width":970,"height":200,"caption":"Piston Addict"},"image":{"@id":"https:\/\/pistonaddict.com\/sv\/#\/schema\/logo\/image\/"}}]}},"_links":{"self":[{"href":"https:\/\/pistonaddict.com\/sv\/wp-json\/wp\/v2\/pages\/2013"}],"collection":[{"href":"https:\/\/pistonaddict.com\/sv\/wp-json\/wp\/v2\/pages"}],"about":[{"href":"https:\/\/pistonaddict.com\/sv\/wp-json\/wp\/v2\/types\/page"}],"author":[{"embeddable":true,"href":"https:\/\/pistonaddict.com\/sv\/wp-json\/wp\/v2\/users\/1"}],"replies":[{"embeddable":true,"href":"https:\/\/pistonaddict.com\/sv\/wp-json\/wp\/v2\/comments?post=2013"}],"version-history":[{"count":3,"href":"https:\/\/pistonaddict.com\/sv\/wp-json\/wp\/v2\/pages\/2013\/revisions"}],"predecessor-version":[{"id":4231,"href":"https:\/\/pistonaddict.com\/sv\/wp-json\/wp\/v2\/pages\/2013\/revisions\/4231"}],"wp:attachment":[{"href":"https:\/\/pistonaddict.com\/sv\/wp-json\/wp\/v2\/media?parent=2013"}],"curies":[{"name":"wp","href":"https:\/\/api.w.org\/{rel}","templated":true}]}}