{"id":10123,"date":"2022-06-12T14:30:57","date_gmt":"2022-06-12T12:30:57","guid":{"rendered":"https:\/\/pistonaddict.com\/prenumeration\/"},"modified":"2023-10-03T14:38:32","modified_gmt":"2023-10-03T12:38:32","slug":"prenumeration","status":"publish","type":"page","link":"https:\/\/pistonaddict.com\/sv\/prenumeration\/","title":{"rendered":"Inl\u00e4mning"},"content":{"rendered":"\t\t<div data-elementor-type=\"wp-page\" data-elementor-id=\"10123\" class=\"elementor elementor-10123 elementor-10099\">\n\t\t\t\t\t\t<section class=\"elementor-section elementor-top-section elementor-element elementor-element-68d07eba elementor-section-full_width elementor-section-content-middle banniere-page elementor-section-height-default elementor-section-height-default\" data-id=\"68d07eba\" data-element_type=\"section\" data-settings=\"{&quot;background_background&quot;:&quot;classic&quot;}\">\n\t\t\t\t\t\t<div class=\"elementor-container elementor-column-gap-default\">\n\t\t\t\t\t<div class=\"elementor-column elementor-col-100 elementor-top-column elementor-element elementor-element-2f2c0a0f\" data-id=\"2f2c0a0f\" data-element_type=\"column\">\n\t\t\t<div class=\"elementor-widget-wrap elementor-element-populated\">\n\t\t\t\t\t\t<div class=\"elementor-element elementor-element-66f0411e elementor-widget elementor-widget-heading\" data-id=\"66f0411e\" data-element_type=\"widget\" data-widget_type=\"heading.default\">\n\t\t\t\t<div class=\"elementor-widget-container\">\n\t\t\t<style>\/*! elementor - v3.21.0 - 18-04-2024 *\/\n.elementor-heading-title{padding:0;margin:0;line-height:1}.elementor-widget-heading .elementor-heading-title[class*=elementor-size-]>a{color:inherit;font-size:inherit;line-height:inherit}.elementor-widget-heading .elementor-heading-title.elementor-size-small{font-size:15px}.elementor-widget-heading .elementor-heading-title.elementor-size-medium{font-size:19px}.elementor-widget-heading .elementor-heading-title.elementor-size-large{font-size:29px}.elementor-widget-heading .elementor-heading-title.elementor-size-xl{font-size:39px}.elementor-widget-heading .elementor-heading-title.elementor-size-xxl{font-size:59px}<\/style><h1 class=\"elementor-heading-title elementor-size-default\">L\u00e4mna in ett fordon<\/h1>\t\t<\/div>\n\t\t\t\t<\/div>\n\t\t\t\t\t<\/div>\n\t\t<\/div>\n\t\t\t\t\t<\/div>\n\t\t<\/section>\n\t\t\t\t<section class=\"elementor-section elementor-top-section elementor-element elementor-element-7f312235 elementor-section-full_width descs elementor-section-height-default elementor-section-height-default\" data-id=\"7f312235\" data-element_type=\"section\">\n\t\t\t\t\t\t<div class=\"elementor-container elementor-column-gap-default\">\n\t\t\t\t\t<div class=\"elementor-column elementor-col-66 elementor-top-column elementor-element elementor-element-807d336\" data-id=\"807d336\" data-element_type=\"column\">\n\t\t\t<div class=\"elementor-widget-wrap elementor-element-populated\">\n\t\t\t\t\t\t<div class=\"elementor-element elementor-element-722c94a2 elementor-widget elementor-widget-text-editor\" data-id=\"722c94a2\" data-element_type=\"widget\" data-widget_type=\"text-editor.default\">\n\t\t\t\t<div class=\"elementor-widget-container\">\n\t\t\t<style>\/*! elementor - v3.21.0 - 18-04-2024 *\/\n.elementor-widget-text-editor.elementor-drop-cap-view-stacked .elementor-drop-cap{background-color:#69727d;color:#fff}.elementor-widget-text-editor.elementor-drop-cap-view-framed .elementor-drop-cap{color:#69727d;border:3px solid;background-color:transparent}.elementor-widget-text-editor:not(.elementor-drop-cap-view-default) .elementor-drop-cap{margin-top:8px}.elementor-widget-text-editor:not(.elementor-drop-cap-view-default) .elementor-drop-cap-letter{width:1em;height:1em}.elementor-widget-text-editor .elementor-drop-cap{float:left;text-align:center;line-height:1;font-size:50px}.elementor-widget-text-editor .elementor-drop-cap-letter{display:inline-block}<\/style>\t\t\t\t\n          <h2>Skicka in din annons idag!<\/h2>\n          <p>Piston Addict \u00e4r helt enkelt det b\u00e4sta s\u00e4ttet att k\u00f6pa och s\u00e4lja de b\u00e4sta fordonen.<\/p>\n          <p>\u00c4rlig budgivning, l\u00e5ga avgifter och en gemenskap av entusiaster.<\/p>\n        \t\t\t\t\t\t<\/div>\n\t\t\t\t<\/div>\n\t\t\t\t\t<\/div>\n\t\t<\/div>\n\t\t\t\t<div class=\"elementor-column elementor-col-33 elementor-top-column elementor-element elementor-element-469c0a2f\" data-id=\"469c0a2f\" data-element_type=\"column\">\n\t\t\t<div class=\"elementor-widget-wrap elementor-element-populated\">\n\t\t\t\t\t\t<div class=\"elementor-element elementor-element-1c2c8f98 elementor-widget elementor-widget-text-editor\" data-id=\"1c2c8f98\" data-element_type=\"widget\" data-widget_type=\"text-editor.default\">\n\t\t\t\t<div class=\"elementor-widget-container\">\n\t\t\t\t\t\t\t\n          <h3>Har du fr\u00e5gor?<\/h3>\n          \n\n          <a class=\"btn-custom\" href=\"https:\/\/pistonaddict.com\/sv\/vanliga-fragor\/\">Klicka h\u00e4r (FAQ)<\/a>\n        \t\t\t\t\t\t<\/div>\n\t\t\t\t<\/div>\n\t\t\t\t\t<\/div>\n\t\t<\/div>\n\t\t\t\t\t<\/div>\n\t\t<\/section>\n\t\t\t\t<section class=\"elementor-section elementor-top-section elementor-element elementor-element-6fb804e2 elementor-section-full_width elementor-section-height-default elementor-section-height-default\" data-id=\"6fb804e2\" data-element_type=\"section\">\n\t\t\t\t\t\t<div class=\"elementor-container elementor-column-gap-default\">\n\t\t\t\t\t<div class=\"elementor-column elementor-col-100 elementor-top-column elementor-element elementor-element-3c8122a1\" data-id=\"3c8122a1\" data-element_type=\"column\">\n\t\t\t<div class=\"elementor-widget-wrap elementor-element-populated\">\n\t\t\t\t\t\t<div class=\"elementor-element elementor-element-935356a elementor-widget elementor-widget-shortcode\" data-id=\"935356a\" data-element_type=\"widget\" data-widget_type=\"shortcode.default\">\n\t\t\t\t<div class=\"elementor-widget-container\">\n\t\t\t\t\t<div class=\"elementor-shortcode\">\n        <div class=\"dokan-subscription-content\">\n            \n            \n            \n                \n                \n                <div class=\"pack_content_wrapper\">\n\t\t\t\t<section id=\"tarifs\">\n\t\t\t\t\t<div class=\"grid-container\">\n\t\t\t\t\t\t\n                    \t\t\t\t<div class=\"block  \">\n\t\t\t\t\t\t\t<div class=\"top\">\n\t\t\t\t\t\t\t\t<div class=\"titre\">Klassisk<\/div>\n\t\t\t\t\t\t\t\t<div class=\"prix\"> <span class=\"woocommerce-Price-amount amount\"><bdi>99&nbsp;<span class=\"woocommerce-Price-currencySymbol\">&euro;<\/span><\/bdi><\/span>\t\t\t\t\t\t\t\t<br><span class=\"vat\">Merv\u00e4rdesskatt kan tillkomma.<\/span><\/div>\n\t\t\t\t\t\t\t\t<div class=\"desc\">\n\t\t\t\t\t\t\t\t\tDet b\u00e4sta st\u00e4llet att s\u00e4lja ett fordon. 99\u20ac f\u00f6r att skicka in, inga andra avgifter f\u00f6r s\u00e4ljaren och en anpassad auktion p\u00e5 v\u00e5r webbplats.\t\t\t\t\t\t\t\t\t<\/div>\n\t\t\t\t\t\t\t\t\n                                                                                                                        <a href=\"\/sv\/wp-json\/wp\/v2\/pages\/10123?add-to-cart=10072\" class=\"btn-custom dokan-btn dokan-btn-theme buy_product_pack\">K\u00f6p nu<\/a>\n                                        \n                                                                    \t\t\t\t\t\t\t<\/div>\n\t\t\t\t\t\t\t<div class=\"bottom\">\n\t\t\t\t\t\t\t\t<strong>Hur fungerar det?<\/strong>\n<ol>\n \t<li>Du prenumererar f\u00f6r 99\u20ac<\/li>\n \t<li>Du l\u00e4mnar in ditt fordon<\/li>\n \t<li>Vi accepterar det om det st\u00e4mmer<\/li>\n \t<li>Vi skriver din annons<\/li>\n \t<li>Du redigerar och godk\u00e4nner din annons<\/li>\n \t<li>Din annons \u00e4r online<\/li>\n<\/ol>\t\t\t\t\t\t\t<\/div>\n\t\t\t\t\t\t<\/div>\n\t\t\t\t\n\t\t\t\t\t\t \n                        \t\t\t\t<div class=\"block  \">\n\t\t\t\t\t\t\t<div class=\"top\">\n\t\t\t\t\t\t\t\t<div class=\"titre\">Premie<\/div>\n\t\t\t\t\t\t\t\t<div class=\"prix\"> <span class=\"woocommerce-Price-amount amount\"><bdi>349&nbsp;<span class=\"woocommerce-Price-currencySymbol\">&euro;<\/span><\/bdi><\/span>\t\t\t\t\t\t\t\t<br><span class=\"vat\">Merv\u00e4rdesskatt kan tillkomma.<\/span><\/div>\n\t\t\t\t\t\t\t\t<div class=\"desc\">\n\t\t\t\t\t\t\t\t\tSamma fantastiska service som Classic, men med din annons presenterad p\u00e5 v\u00e5ra sociala medier, partnersajter och i v\u00e5ra nyhetsbrev f\u00f6r att hj\u00e4lpa k\u00f6pare att l\u00e4gga bud med tillf\u00f6rsikt och entusiasm.\t\t\t\t\t\t\t\t\t<\/div>\n\t\t\t\t\t\t\t\t\n                                                                                                                        <a href=\"\/sv\/wp-json\/wp\/v2\/pages\/10123?add-to-cart=10096\" class=\"btn-custom dokan-btn dokan-btn-theme buy_product_pack\">K\u00f6p nu<\/a>\n                                        \n                                                                    \t\t\t\t\t\t\t<\/div>\n\t\t\t\t\t\t\t<div class=\"bottom\">\n\t\t\t\t\t\t\t\t<strong>Hur fungerar det?<\/strong>\n<ol>\n \t<li>Du prenumererar f\u00f6r 349\u20ac<\/li>\n \t<li>Du l\u00e4mnar in ditt fordon<\/li>\n \t<li>Vi accepterar det om det st\u00e4mmer<\/li>\n \t<li>Vi skriver din annons<\/li>\n \t<li>Du redigerar och godk\u00e4nner din annons<\/li>\n \t<li>Din annons \u00e4r online<\/li>\n \t<li>Vi vidarebefordrar det p\u00e5 v\u00e5ra sociala n\u00e4tverk, partnerwebbplatser och v\u00e5ra nyhetsbrev<\/li>\n<\/ol>\t\t\t\t\t\t\t<\/div>\n\t\t\t\t\t\t<\/div>\n\t\t\t\t\n\t\t\t\t\t\t \n                                       <\/div><\/section><\/div><!-- .dokan-subscription-content -->\n                            <div class=\"clearfix\"><\/div>\n        <\/div><!-- .pack_content_wrapper -->\n        <\/div>\n\t\t\t\t<\/div>\n\t\t\t\t<\/div>\n\t\t\t\t<div class=\"elementor-element elementor-element-abecd62 elementor-widget elementor-widget-text-editor\" data-id=\"abecd62\" data-element_type=\"widget\" data-widget_type=\"text-editor.default\">\n\t\t\t\t<div class=\"elementor-widget-container\">\n\t\t\t\t\t\t\t<h2 style=\"text-align: center;color: #2d2d2d;font-size: 35px;margin-bottom: 15px;\">Hur man s\u00e4ljer en bil p\u00e5 PistonAddict.com ?<\/h2>\n                    <div class=\"single-video\">\n                    \t                        <div class=\"video\"><iframe width=\"560\" height=\"315\" src=\"https:\/\/www.youtube.com\/embed\/O3Y_LGkk7SA?si=lrPDABSM1_VbMAty&#038;cc_load_policy=1&#038;cc_lang_pref=sv\" title=\"YouTube video player\" frameborder=\"0\" allow=\"accelerometer; autoplay; clipboard-write; encrypted-media; gyroscope; picture-in-picture; web-share\" allowfullscreen><\/iframe><\/div>\n                    <\/div>\n                    \n\n&nbsp;\t\t\t\t\t\t<\/div>\n\t\t\t\t<\/div>\n\t\t\t\t\t<\/div>\n\t\t<\/div>\n\t\t\t\t\t<\/div>\n\t\t<\/section>\n\t\t\t\t<\/div>\n\t\t","protected":false},"excerpt":{"rendered":"<p>L\u00e4mna in ett fordon Skicka in din annons idag! Piston Addict \u00e4r helt enkelt det b\u00e4sta s\u00e4ttet att k\u00f6pa och s\u00e4lja de b\u00e4sta fordonen. \u00c4rlig budgivning, l\u00e5ga avgifter och en gemenskap av entusiaster. Har du fr\u00e5gor? Klicka h\u00e4r (FAQ) Hur man s\u00e4ljer en bil p\u00e5 PistonAddict.com ? &nbsp;<\/p>\n","protected":false},"author":1,"featured_media":0,"parent":0,"menu_order":0,"comment_status":"closed","ping_status":"closed","template":"","meta":{"inline_featured_image":false,"footnotes":""},"acf":[],"yoast_head":"<!-- This site is optimized with the Yoast SEO plugin v22.5 - https:\/\/yoast.com\/wordpress\/plugins\/seo\/ -->\n<title>Inl\u00e4mning - Piston Addict<\/title>\n<meta name=\"robots\" content=\"index, follow, max-snippet:-1, max-image-preview:large, max-video-preview:-1\" \/>\n<link rel=\"canonical\" href=\"https:\/\/pistonaddict.com\/sv\/prenumeration\/\" \/>\n<meta property=\"og:locale\" content=\"sv_SE\" \/>\n<meta property=\"og:type\" content=\"article\" \/>\n<meta property=\"og:title\" content=\"Inl\u00e4mning - Piston Addict\" \/>\n<meta property=\"og:description\" content=\"L\u00e4mna in ett fordon Skicka in din annons idag! Piston Addict \u00e4r helt enkelt det b\u00e4sta s\u00e4ttet att k\u00f6pa och s\u00e4lja de b\u00e4sta fordonen. \u00c4rlig budgivning, l\u00e5ga avgifter och en gemenskap av entusiaster. Har du fr\u00e5gor? Klicka h\u00e4r (FAQ) Hur man s\u00e4ljer en bil p\u00e5 PistonAddict.com ? &nbsp;\" \/>\n<meta property=\"og:url\" content=\"https:\/\/pistonaddict.com\/sv\/prenumeration\/\" \/>\n<meta property=\"og:site_name\" content=\"Piston Addict\" \/>\n<meta property=\"article:modified_time\" content=\"2023-10-03T12:38:32+00:00\" \/>\n<meta name=\"twitter:card\" content=\"summary_large_image\" \/>\n<script type=\"application\/ld+json\" class=\"yoast-schema-graph\">{\"@context\":\"https:\/\/schema.org\",\"@graph\":[{\"@type\":\"WebPage\",\"@id\":\"https:\/\/pistonaddict.com\/sv\/prenumeration\/\",\"url\":\"https:\/\/pistonaddict.com\/sv\/prenumeration\/\",\"name\":\"Inl\u00e4mning - Piston Addict\",\"isPartOf\":{\"@id\":\"https:\/\/pistonaddict.com\/sv\/#website\"},\"datePublished\":\"2022-06-12T12:30:57+00:00\",\"dateModified\":\"2023-10-03T12:38:32+00:00\",\"breadcrumb\":{\"@id\":\"https:\/\/pistonaddict.com\/sv\/prenumeration\/#breadcrumb\"},\"inLanguage\":\"sv-SE\",\"potentialAction\":[{\"@type\":\"ReadAction\",\"target\":[\"https:\/\/pistonaddict.com\/sv\/prenumeration\/\"]}]},{\"@type\":\"BreadcrumbList\",\"@id\":\"https:\/\/pistonaddict.com\/sv\/prenumeration\/#breadcrumb\",\"itemListElement\":[{\"@type\":\"ListItem\",\"position\":1,\"name\":\"Hemsida\",\"item\":\"https:\/\/pistonaddict.com\/sv\/hemsidan\/\"},{\"@type\":\"ListItem\",\"position\":2,\"name\":\"Inl\u00e4mning\"}]},{\"@type\":\"WebSite\",\"@id\":\"https:\/\/pistonaddict.com\/sv\/#website\",\"url\":\"https:\/\/pistonaddict.com\/sv\/\",\"name\":\"Piston Addict\",\"description\":\"Only interesting vehicles\",\"publisher\":{\"@id\":\"https:\/\/pistonaddict.com\/sv\/#organization\"},\"potentialAction\":[{\"@type\":\"SearchAction\",\"target\":{\"@type\":\"EntryPoint\",\"urlTemplate\":\"https:\/\/pistonaddict.com\/sv\/?s={search_term_string}\"},\"query-input\":\"required name=search_term_string\"}],\"inLanguage\":\"sv-SE\"},{\"@type\":\"Organization\",\"@id\":\"https:\/\/pistonaddict.com\/sv\/#organization\",\"name\":\"Piston Addict\",\"url\":\"https:\/\/pistonaddict.com\/sv\/\",\"logo\":{\"@type\":\"ImageObject\",\"inLanguage\":\"sv-SE\",\"@id\":\"https:\/\/pistonaddict.com\/sv\/#\/schema\/logo\/image\/\",\"url\":\"https:\/\/pistonaddict.com\/wp-content\/uploads\/2022\/07\/logo-6.png\",\"contentUrl\":\"https:\/\/pistonaddict.com\/wp-content\/uploads\/2022\/07\/logo-6.png\",\"width\":970,\"height\":200,\"caption\":\"Piston Addict\"},\"image\":{\"@id\":\"https:\/\/pistonaddict.com\/sv\/#\/schema\/logo\/image\/\"}}]}<\/script>\n<!-- \/ Yoast SEO plugin. -->","yoast_head_json":{"title":"Inl\u00e4mning - Piston Addict","robots":{"index":"index","follow":"follow","max-snippet":"max-snippet:-1","max-image-preview":"max-image-preview:large","max-video-preview":"max-video-preview:-1"},"canonical":"https:\/\/pistonaddict.com\/sv\/prenumeration\/","og_locale":"sv_SE","og_type":"article","og_title":"Inl\u00e4mning - Piston Addict","og_description":"L\u00e4mna in ett fordon Skicka in din annons idag! Piston Addict \u00e4r helt enkelt det b\u00e4sta s\u00e4ttet att k\u00f6pa och s\u00e4lja de b\u00e4sta fordonen. \u00c4rlig budgivning, l\u00e5ga avgifter och en gemenskap av entusiaster. Har du fr\u00e5gor? Klicka h\u00e4r (FAQ) Hur man s\u00e4ljer en bil p\u00e5 PistonAddict.com ? &nbsp;","og_url":"https:\/\/pistonaddict.com\/sv\/prenumeration\/","og_site_name":"Piston Addict","article_modified_time":"2023-10-03T12:38:32+00:00","twitter_card":"summary_large_image","schema":{"@context":"https:\/\/schema.org","@graph":[{"@type":"WebPage","@id":"https:\/\/pistonaddict.com\/sv\/prenumeration\/","url":"https:\/\/pistonaddict.com\/sv\/prenumeration\/","name":"Inl\u00e4mning - Piston Addict","isPartOf":{"@id":"https:\/\/pistonaddict.com\/sv\/#website"},"datePublished":"2022-06-12T12:30:57+00:00","dateModified":"2023-10-03T12:38:32+00:00","breadcrumb":{"@id":"https:\/\/pistonaddict.com\/sv\/prenumeration\/#breadcrumb"},"inLanguage":"sv-SE","potentialAction":[{"@type":"ReadAction","target":["https:\/\/pistonaddict.com\/sv\/prenumeration\/"]}]},{"@type":"BreadcrumbList","@id":"https:\/\/pistonaddict.com\/sv\/prenumeration\/#breadcrumb","itemListElement":[{"@type":"ListItem","position":1,"name":"Hemsida","item":"https:\/\/pistonaddict.com\/sv\/hemsidan\/"},{"@type":"ListItem","position":2,"name":"Inl\u00e4mning"}]},{"@type":"WebSite","@id":"https:\/\/pistonaddict.com\/sv\/#website","url":"https:\/\/pistonaddict.com\/sv\/","name":"Piston Addict","description":"Only interesting vehicles","publisher":{"@id":"https:\/\/pistonaddict.com\/sv\/#organization"},"potentialAction":[{"@type":"SearchAction","target":{"@type":"EntryPoint","urlTemplate":"https:\/\/pistonaddict.com\/sv\/?s={search_term_string}"},"query-input":"required name=search_term_string"}],"inLanguage":"sv-SE"},{"@type":"Organization","@id":"https:\/\/pistonaddict.com\/sv\/#organization","name":"Piston Addict","url":"https:\/\/pistonaddict.com\/sv\/","logo":{"@type":"ImageObject","inLanguage":"sv-SE","@id":"https:\/\/pistonaddict.com\/sv\/#\/schema\/logo\/image\/","url":"https:\/\/pistonaddict.com\/wp-content\/uploads\/2022\/07\/logo-6.png","contentUrl":"https:\/\/pistonaddict.com\/wp-content\/uploads\/2022\/07\/logo-6.png","width":970,"height":200,"caption":"Piston Addict"},"image":{"@id":"https:\/\/pistonaddict.com\/sv\/#\/schema\/logo\/image\/"}}]}},"_links":{"self":[{"href":"https:\/\/pistonaddict.com\/sv\/wp-json\/wp\/v2\/pages\/10123"}],"collection":[{"href":"https:\/\/pistonaddict.com\/sv\/wp-json\/wp\/v2\/pages"}],"about":[{"href":"https:\/\/pistonaddict.com\/sv\/wp-json\/wp\/v2\/types\/page"}],"author":[{"embeddable":true,"href":"https:\/\/pistonaddict.com\/sv\/wp-json\/wp\/v2\/users\/1"}],"replies":[{"embeddable":true,"href":"https:\/\/pistonaddict.com\/sv\/wp-json\/wp\/v2\/comments?post=10123"}],"version-history":[{"count":5,"href":"https:\/\/pistonaddict.com\/sv\/wp-json\/wp\/v2\/pages\/10123\/revisions"}],"predecessor-version":[{"id":51789,"href":"https:\/\/pistonaddict.com\/sv\/wp-json\/wp\/v2\/pages\/10123\/revisions\/51789"}],"wp:attachment":[{"href":"https:\/\/pistonaddict.com\/sv\/wp-json\/wp\/v2\/media?parent=10123"}],"curies":[{"name":"wp","href":"https:\/\/api.w.org\/{rel}","templated":true}]}}