{"id":98273,"date":"2024-03-20T15:15:43","date_gmt":"2024-03-20T14:15:43","guid":{"rendered":"https:\/\/pistonaddict.com\/product\/porsche-997-targa\/"},"modified":"2024-03-20T15:23:54","modified_gmt":"2024-03-20T14:23:54","slug":"porsche-997-targa","status":"publish","type":"product","link":"https:\/\/pistonaddict.com\/sl\/product\/porsche-997-targa\/","title":{"rendered":"Porsche 997 Targa 4S"},"content":{"rendered":"<p><strong>Zgodovina avtomobila<\/strong><\/p>\n<p>\u0160esta generacija kultnega Porscheja 911 je bila premierno predstavljena leta 2004 in interno znana kot 997. Njegov predhodnik, model 996, ostaja eden najbolj kontroverznih modelov 911 v zgodovini, predvsem zaradi svoje zasnove in uvedbe motorjev z vodnim hlajenjem. Vendar je bil model 997 vsesplo\u0161no pohvaljen zaradi \u010distih linij ter izbolj\u0161av na podro\u010dju tehnologije in mo\u010di. \u010ceprav ima 997 nekaj mehanskih podobnosti in isto platformo kot 996, je bil veliko bolj\u0161i in bolj kompetenten avtomobil, poleg tega pa tudi sodobnej\u0161i in lep\u0161i. Ni presenetljivo, da so prodajne \u0161tevilke dokazovale, da je bil model 997 prodajno uspe\u0161en, saj je bilo v devetih letih izdelanih ve\u010d kot 212.000 primerkov. Vendar je ta primerek precej redek, ne le zato, ker gre za zgodnej\u0161i model 997.1, temve\u010d tudi zaradi redke karoserije Targa. Leta 2008 je bilo dobavljenih le 1426 primerkov modela Targa 4S in le redki so imeli 6-stopenjski ro\u010dni menjalnik. V generaciji 997 je bilo izdelanih le 8.400 vozil Targa 4S. 3,8-litrski ploski \u0161estvaljnik z naravnim vdihavanjem zraka je na vsa \u0161tiri kolesa prena\u0161al 350 KM, kar je zagotavljalo impresivne pospe\u0161ke in odli\u010den oprijem na cesti v vseh razmerah. Kombinacija mo\u010dnih zmogljivosti z zra\u010dnostjo steklene strehe in mehanskim ob\u010dutkom ro\u010dnega menjalnika je izjemno zanimiva za vsakega pravega zbiratelja.<\/p>\n<p><strong>Notranjost<\/strong><\/p>\n<p>Notranjost Porscheja Targa 4S iz leta 2008, izdelana v \u010drnem usnju z redko in opcijsko usnjeno armaturno plo\u0161\u010do, je v odli\u010dnem stanju, brez po\u0161kodb in z malo znaki obrabe. Ta primerek ima veliko za\u017eelene dodatne opreme, kot so tempomat, premium avdio sistem, elektri\u010dno upravljani in ogrevani usnjeni \u0161portni sede\u017ei, ve\u010dfunkcijski volan, navigacijski sistem itd. Vse deluje, kot je treba, tudi steklena streha, in ni nobenih sprememb. V primerjavi z drugimi vozili 911 iz tega obdobja je Targa povsem edinstvena, saj ponuja ob\u010dutek odprtosti kabrioleta, a udobje kupeja in celoletno uporabnost.<\/p>\n<p><strong>Stanje avtomobila<\/strong><\/p>\n<p>Ta Porsche 911 Targa 4S je z nekaj ve\u010d kot 110.000 prevo\u017eenimi kilometri od novega in dvema skrbnima lastnikoma v impresivnem stanju in je skrbno vzdr\u017eevan. Iz zapisov je razvidno, da je bil zadnji ve\u010dji servis opravljen konec leta 2022, zavore pa so bile pregledane pred nekaj dnevi, marca 2024. Na voljo so vsi zapisi o vzdr\u017eevanju, iz katerih je razvidno, kako skrbno je bilo za avto poskrbljeno. To vozilo je bilo dobavljeno v Belgiji.<\/p>\n<p><strong>Zunanjost in kolesa<\/strong><\/p>\n<p>Ta primerek je bil strokovno prebarvan v prvotno temno sivo barvo, ki je videti odli\u010dno in se ujema z originalnimi plati\u0161\u010di in \u010drno notranjostjo. Kot je navedeno v CarVertical, je edina omembe vredna podrobnost rahla po\u0161kodba na zadnjem odbija\u010du, ki je bila popravljena, kot je razvidno iz slik. Pnevmatike Bridgestone, ki imajo pravilne specifikacije, so iz leta 2018 in so le rahlo obrabljene.<\/p>\n<p><strong>Dokumentacija<\/strong><\/p>\n<p>Prodajalec prodaja ta avtomobil z ustrezno dokumentacijo in se nahaja v Belgiji. <a href=\"https:\/\/pistonaddict.com\/wp-content\/uploads\/2024\/03\/CarVertical-Porsche.pdf\">Poro\u010dilo CarVertical<\/a> je \u010disto, brez lastni\u0161kih ali pravnih te\u017eav. Obstajajo zapisi o rednem vzdr\u017eevanju in potrdila o pla\u010dilu.<\/p>\n","protected":false},"excerpt":{"rendered":"<p>Generacija 997, ki predstavlja popolno ravnovesje med klasi\u010dnim ob\u010dutkom 911, kompaktnimi merami, komunikativnim podvozjem ter sodobno tehnologijo in funkcijami, je med navdu\u0161enci nad 911 vedno bolj priljubljena. To pomeni, da je to naslednja velika stvar v svetu 911 z nara\u0161\u010dajo\u010dimi cenami. Recimo, da se \u017eelite pridru\u017eiti vozilu 997. V tem primeru ni ni\u010d bolj\u0161ega kot zelo za\u017eelena redka karoserija z za\u017eelenim ro\u010dnim menjalnikom, ki je pripravljena na popolno u\u017eivanje.<\/p>\n","protected":false},"featured_media":97684,"comment_status":"open","ping_status":"closed","template":"","meta":{"inline_featured_image":false},"product_cat":[700],"product_tag":[3952,3955,2310,3950,970],"acf":[],"yoast_head":"<!-- This site is optimized with the Yoast SEO plugin v22.5 - https:\/\/yoast.com\/wordpress\/plugins\/seo\/ -->\n<title>Porsche 997 Targa 4S - ime Piston Addict<\/title>\n<meta name=\"robots\" content=\"index, follow, max-snippet:-1, max-image-preview:large, max-video-preview:-1\" \/>\n<link rel=\"canonical\" href=\"https:\/\/pistonaddict.com\/sl\/product\/porsche-997-targa\/\" \/>\n<meta property=\"og:locale\" content=\"sl_SI\" \/>\n<meta property=\"og:type\" content=\"article\" \/>\n<meta property=\"og:title\" content=\"Porsche 997 Targa 4S - ime Piston Addict\" \/>\n<meta property=\"og:description\" content=\"Generacija 997, ki predstavlja popolno ravnovesje med klasi\u010dnim ob\u010dutkom 911, kompaktnimi merami, komunikativnim podvozjem ter sodobno tehnologijo in funkcijami, je med navdu\u0161enci nad 911 vedno bolj priljubljena. To pomeni, da je to naslednja velika stvar v svetu 911 z nara\u0161\u010dajo\u010dimi cenami. Recimo, da se \u017eelite pridru\u017eiti vozilu 997. V tem primeru ni ni\u010d bolj\u0161ega kot zelo za\u017eelena redka karoserija z za\u017eelenim ro\u010dnim menjalnikom, ki je pripravljena na popolno u\u017eivanje.\" \/>\n<meta property=\"og:url\" content=\"https:\/\/pistonaddict.com\/sl\/product\/porsche-997-targa\/\" \/>\n<meta property=\"og:site_name\" content=\"Piston Addict\" \/>\n<meta property=\"article:modified_time\" content=\"2024-03-20T14:23:54+00:00\" \/>\n<meta property=\"og:image\" content=\"https:\/\/pistonaddict.com\/wp-content\/uploads\/2024\/03\/1-1-1024x611.png\" \/>\n\t<meta property=\"og:image:width\" content=\"1024\" \/>\n\t<meta property=\"og:image:height\" content=\"611\" \/>\n\t<meta property=\"og:image:type\" content=\"image\/png\" \/>\n<meta name=\"twitter:card\" content=\"summary_large_image\" \/>\n<meta name=\"twitter:label1\" content=\"Est. reading time\" \/>\n\t<meta name=\"twitter:data1\" content=\"2 minuti\" \/>\n<script type=\"application\/ld+json\" class=\"yoast-schema-graph\">{\"@context\":\"https:\/\/schema.org\",\"@graph\":[{\"@type\":\"WebPage\",\"@id\":\"https:\/\/pistonaddict.com\/sl\/product\/porsche-997-targa\/\",\"url\":\"https:\/\/pistonaddict.com\/sl\/product\/porsche-997-targa\/\",\"name\":\"Porsche 997 Targa 4S - ime Piston Addict\",\"isPartOf\":{\"@id\":\"https:\/\/pistonaddict.com\/sl\/#website\"},\"primaryImageOfPage\":{\"@id\":\"https:\/\/pistonaddict.com\/sl\/product\/porsche-997-targa\/#primaryimage\"},\"image\":{\"@id\":\"https:\/\/pistonaddict.com\/sl\/product\/porsche-997-targa\/#primaryimage\"},\"thumbnailUrl\":\"https:\/\/pistonaddict.com\/wp-content\/uploads\/2024\/03\/1-1.png\",\"datePublished\":\"2024-03-20T14:15:43+00:00\",\"dateModified\":\"2024-03-20T14:23:54+00:00\",\"breadcrumb\":{\"@id\":\"https:\/\/pistonaddict.com\/sl\/product\/porsche-997-targa\/#breadcrumb\"},\"inLanguage\":\"sl-SI\",\"potentialAction\":[{\"@type\":\"ReadAction\",\"target\":[\"https:\/\/pistonaddict.com\/sl\/product\/porsche-997-targa\/\"]}]},{\"@type\":\"ImageObject\",\"inLanguage\":\"sl-SI\",\"@id\":\"https:\/\/pistonaddict.com\/sl\/product\/porsche-997-targa\/#primaryimage\",\"url\":\"https:\/\/pistonaddict.com\/wp-content\/uploads\/2024\/03\/1-1.png\",\"contentUrl\":\"https:\/\/pistonaddict.com\/wp-content\/uploads\/2024\/03\/1-1.png\",\"width\":2778,\"height\":1657},{\"@type\":\"BreadcrumbList\",\"@id\":\"https:\/\/pistonaddict.com\/sl\/product\/porsche-997-targa\/#breadcrumb\",\"itemListElement\":[{\"@type\":\"ListItem\",\"position\":1,\"name\":\"Doma\u010da stran\",\"item\":\"https:\/\/pistonaddict.com\/sl\/domaca-stran-2\/\"},{\"@type\":\"ListItem\",\"position\":2,\"name\":\"Auctions\",\"item\":\"https:\/\/pistonaddict.com\/auctions-listing\/\"},{\"@type\":\"ListItem\",\"position\":3,\"name\":\"Porsche 997 Targa 4S\"}]},{\"@type\":\"WebSite\",\"@id\":\"https:\/\/pistonaddict.com\/sl\/#website\",\"url\":\"https:\/\/pistonaddict.com\/sl\/\",\"name\":\"Piston Addict\",\"description\":\"Only interesting vehicles\",\"publisher\":{\"@id\":\"https:\/\/pistonaddict.com\/sl\/#organization\"},\"potentialAction\":[{\"@type\":\"SearchAction\",\"target\":{\"@type\":\"EntryPoint\",\"urlTemplate\":\"https:\/\/pistonaddict.com\/sl\/?s={search_term_string}\"},\"query-input\":\"required name=search_term_string\"}],\"inLanguage\":\"sl-SI\"},{\"@type\":\"Organization\",\"@id\":\"https:\/\/pistonaddict.com\/sl\/#organization\",\"name\":\"Piston Addict\",\"url\":\"https:\/\/pistonaddict.com\/sl\/\",\"logo\":{\"@type\":\"ImageObject\",\"inLanguage\":\"sl-SI\",\"@id\":\"https:\/\/pistonaddict.com\/sl\/#\/schema\/logo\/image\/\",\"url\":\"https:\/\/pistonaddict.com\/wp-content\/uploads\/2022\/07\/logo-6.png\",\"contentUrl\":\"https:\/\/pistonaddict.com\/wp-content\/uploads\/2022\/07\/logo-6.png\",\"width\":970,\"height\":200,\"caption\":\"Piston Addict\"},\"image\":{\"@id\":\"https:\/\/pistonaddict.com\/sl\/#\/schema\/logo\/image\/\"}}]}<\/script>\n<!-- \/ Yoast SEO plugin. -->","yoast_head_json":{"title":"Porsche 997 Targa 4S - ime Piston Addict","robots":{"index":"index","follow":"follow","max-snippet":"max-snippet:-1","max-image-preview":"max-image-preview:large","max-video-preview":"max-video-preview:-1"},"canonical":"https:\/\/pistonaddict.com\/sl\/product\/porsche-997-targa\/","og_locale":"sl_SI","og_type":"article","og_title":"Porsche 997 Targa 4S - ime Piston Addict","og_description":"Generacija 997, ki predstavlja popolno ravnovesje med klasi\u010dnim ob\u010dutkom 911, kompaktnimi merami, komunikativnim podvozjem ter sodobno tehnologijo in funkcijami, je med navdu\u0161enci nad 911 vedno bolj priljubljena. To pomeni, da je to naslednja velika stvar v svetu 911 z nara\u0161\u010dajo\u010dimi cenami. Recimo, da se \u017eelite pridru\u017eiti vozilu 997. V tem primeru ni ni\u010d bolj\u0161ega kot zelo za\u017eelena redka karoserija z za\u017eelenim ro\u010dnim menjalnikom, ki je pripravljena na popolno u\u017eivanje.","og_url":"https:\/\/pistonaddict.com\/sl\/product\/porsche-997-targa\/","og_site_name":"Piston Addict","article_modified_time":"2024-03-20T14:23:54+00:00","og_image":[{"width":1024,"height":611,"url":"https:\/\/pistonaddict.com\/wp-content\/uploads\/2024\/03\/1-1-1024x611.png","type":"image\/png"}],"twitter_card":"summary_large_image","twitter_misc":{"Est. reading time":"2 minuti"},"schema":{"@context":"https:\/\/schema.org","@graph":[{"@type":"WebPage","@id":"https:\/\/pistonaddict.com\/sl\/product\/porsche-997-targa\/","url":"https:\/\/pistonaddict.com\/sl\/product\/porsche-997-targa\/","name":"Porsche 997 Targa 4S - ime Piston Addict","isPartOf":{"@id":"https:\/\/pistonaddict.com\/sl\/#website"},"primaryImageOfPage":{"@id":"https:\/\/pistonaddict.com\/sl\/product\/porsche-997-targa\/#primaryimage"},"image":{"@id":"https:\/\/pistonaddict.com\/sl\/product\/porsche-997-targa\/#primaryimage"},"thumbnailUrl":"https:\/\/pistonaddict.com\/wp-content\/uploads\/2024\/03\/1-1.png","datePublished":"2024-03-20T14:15:43+00:00","dateModified":"2024-03-20T14:23:54+00:00","breadcrumb":{"@id":"https:\/\/pistonaddict.com\/sl\/product\/porsche-997-targa\/#breadcrumb"},"inLanguage":"sl-SI","potentialAction":[{"@type":"ReadAction","target":["https:\/\/pistonaddict.com\/sl\/product\/porsche-997-targa\/"]}]},{"@type":"ImageObject","inLanguage":"sl-SI","@id":"https:\/\/pistonaddict.com\/sl\/product\/porsche-997-targa\/#primaryimage","url":"https:\/\/pistonaddict.com\/wp-content\/uploads\/2024\/03\/1-1.png","contentUrl":"https:\/\/pistonaddict.com\/wp-content\/uploads\/2024\/03\/1-1.png","width":2778,"height":1657},{"@type":"BreadcrumbList","@id":"https:\/\/pistonaddict.com\/sl\/product\/porsche-997-targa\/#breadcrumb","itemListElement":[{"@type":"ListItem","position":1,"name":"Doma\u010da stran","item":"https:\/\/pistonaddict.com\/sl\/domaca-stran-2\/"},{"@type":"ListItem","position":2,"name":"Auctions","item":"https:\/\/pistonaddict.com\/auctions-listing\/"},{"@type":"ListItem","position":3,"name":"Porsche 997 Targa 4S"}]},{"@type":"WebSite","@id":"https:\/\/pistonaddict.com\/sl\/#website","url":"https:\/\/pistonaddict.com\/sl\/","name":"Piston Addict","description":"Only interesting vehicles","publisher":{"@id":"https:\/\/pistonaddict.com\/sl\/#organization"},"potentialAction":[{"@type":"SearchAction","target":{"@type":"EntryPoint","urlTemplate":"https:\/\/pistonaddict.com\/sl\/?s={search_term_string}"},"query-input":"required name=search_term_string"}],"inLanguage":"sl-SI"},{"@type":"Organization","@id":"https:\/\/pistonaddict.com\/sl\/#organization","name":"Piston Addict","url":"https:\/\/pistonaddict.com\/sl\/","logo":{"@type":"ImageObject","inLanguage":"sl-SI","@id":"https:\/\/pistonaddict.com\/sl\/#\/schema\/logo\/image\/","url":"https:\/\/pistonaddict.com\/wp-content\/uploads\/2022\/07\/logo-6.png","contentUrl":"https:\/\/pistonaddict.com\/wp-content\/uploads\/2022\/07\/logo-6.png","width":970,"height":200,"caption":"Piston Addict"},"image":{"@id":"https:\/\/pistonaddict.com\/sl\/#\/schema\/logo\/image\/"}}]}},"_links":{"self":[{"href":"https:\/\/pistonaddict.com\/sl\/wp-json\/wp\/v2\/product\/98273"}],"collection":[{"href":"https:\/\/pistonaddict.com\/sl\/wp-json\/wp\/v2\/product"}],"about":[{"href":"https:\/\/pistonaddict.com\/sl\/wp-json\/wp\/v2\/types\/product"}],"replies":[{"embeddable":true,"href":"https:\/\/pistonaddict.com\/sl\/wp-json\/wp\/v2\/comments?post=98273"}],"wp:featuredmedia":[{"embeddable":true,"href":"https:\/\/pistonaddict.com\/sl\/wp-json\/wp\/v2\/media\/97684"}],"wp:attachment":[{"href":"https:\/\/pistonaddict.com\/sl\/wp-json\/wp\/v2\/media?parent=98273"}],"wp:term":[{"taxonomy":"product_cat","embeddable":true,"href":"https:\/\/pistonaddict.com\/sl\/wp-json\/wp\/v2\/product_cat?post=98273"},{"taxonomy":"product_tag","embeddable":true,"href":"https:\/\/pistonaddict.com\/sl\/wp-json\/wp\/v2\/product_tag?post=98273"}],"curies":[{"name":"wp","href":"https:\/\/api.w.org\/{rel}","templated":true}]}}