{"id":97441,"date":"2024-03-15T18:51:57","date_gmt":"2024-03-15T17:51:57","guid":{"rendered":"https:\/\/pistonaddict.com\/product\/bmw-m4-competition\/"},"modified":"2024-03-20T14:16:32","modified_gmt":"2024-03-20T13:16:32","slug":"bmw-m4-competition","status":"publish","type":"product","link":"https:\/\/pistonaddict.com\/sl\/product\/bmw-m4-competition\/","title":{"rendered":"BMW M4 Competition"},"content":{"rendered":"<h2>Zunanjost<\/h2>\n<p>Za\u010dnimo z barvo avtomobila &#8211; \u010de bi mu rekli rjava, bi bilo to vsaj nepravi\u010dno. BMW ga je poimenoval Sepang Bronze, in \u010de ga \u017eelite v celoti ceniti, morate avtomobil videti na soncu. Najbolj presenetljiva lastnost modela M4 pa je zlo\u017eljiva streha, izdelana iz ogljikovih vlaken, ki je hkrati lahka in trdna. Z njim se lahko ta BMW s pritiskom na gumb spremeni iz \u0161portnega kupeja v elegantno mestno kri\u017earko.<\/p>\n<p>Drugi pomembni podatki so ksenonski \u017earometi spredaj, 19-pal\u010dna plati\u0161\u010da s pnevmatikami Michelin Pilot Sport na boku in dvojni izpu\u0161ni cevi zadaj. Tako kot vse druge M4 ima tudi ta avtomobil agresivne odbija\u010de, zra\u010dnike v blatnikih in pokrov motorja z izboklino na sredini.<\/p>\n<h2>Notranjost<\/h2>\n<p>V notranjosti najprej pritegnejo pozornost sede\u017ei, oblazinjeni v mehko rjavo usnje z belimi \u0161ivi. Poleg tega, da so \u0161portni in podporni, kot lahko sklepamo po njihovem videzu, so tudi zelo udobni. Ko sedite, se znajdete za zna\u010dilnim BMW-jevim volanom s tremi kraki in armaturno plo\u0161\u010do s preprostimi merilniki. To vklju\u010duje merilnik hitrosti, ki se kon\u010da pri oznaki 330 km\/h, merilnik vrtljajev do 8000 vrtljajev na minuto ter merilnika za nivo goriva in temperaturo motorja. \u010ce med ostrim zavijanjem ne \u017eelite gledati navzdol, je na vetrobranskem steklu na voljo zaslon Head-Up, ki prikazuje vse pomembne informacije.<\/p>\n<h2>Mehanika<\/h2>\n<p>Poleg osupljivega videza mora biti vsak BMW vrhunski vozni stroj. Ta M4 ima v rokavu ve\u010d adutov, s katerimi lahko izpolni ta pri\u010dakovanja. Za za\u010detek je pod pokrovom spektakularen \u0161estvaljni motor z dvema turbinama, ki razvije prepri\u010dljivih 450 konjskih mo\u010di. Mo\u010d se prena\u0161a na zadnji kolesi prek 7-stopenjskega menjalnika z dvojno sklopko in elektronsko nadzorovanega diferenciala z omejenim zdrsom.<\/p>\n<p>Z vsem tem zagonom in tehnologijo bo M4 brez te\u017eav dosegel 100 km\/h v pribli\u017eno 4 sekundah in pospe\u0161il do 250 km\/h. In verjetno bi bil \u0161e veliko hitrej\u0161i, \u010de ne bi bilo elektronskega omejevalnika. Da bi pri hitrosti vse skupaj la\u017eje obvladovali, je vozilo opremljeno z oja\u010danim vzmetenjem in ogromnimi zavorami.<\/p>\n<h2>Zgodovina vozila<\/h2>\n<p>Za konec \u0161e nekaj besed o trenutnem stanju BMW M4, ki ga prodajalec opisuje kot brezhibno. Po fotografijah in prilo\u017eenem videoposnetku sode\u010d, je zagotovo tako, brez vidnih po\u0161kodb, o katerih bi lahko poro\u010dali. Avtomobil je redno servisiral in pregledoval poobla\u0161\u010deni BMW-jev prodajalec, zadnji servis je bil opravljen junija 2022.<\/p>\n<p>Prodajalec pravi, da avto, ki je trenutno v Belgiji, ni bil uporabljen na dirkali\u0161\u010du in ni bil udele\u017een v nobeni nesre\u010di, kar potrjuje tudi ustrezno <a href=\"https:\/\/pistonaddict.com\/wp-content\/uploads\/2024\/03\/CarVerticalBMWM4.pdf\">poro\u010dilo CarVertical Vehicle History Report<\/a>.<\/p>\n<p><strong>Oglejte si videoposnetek hladnega zagona tega odli\u010dnega<\/strong> <strong>BMW M4 Competition<\/strong>:<\/p>\n<p><iframe title=\"Cold Start Video of the BMW M4 Competition\" width=\"1200\" height=\"675\" src=\"https:\/\/www.youtube.com\/embed\/-weepN3iz9c?feature=oembed\" frameborder=\"0\" allow=\"accelerometer; autoplay; clipboard-write; encrypted-media; gyroscope; picture-in-picture; web-share\" allowfullscreen><\/iframe><\/p>\n","protected":false},"excerpt":{"rendered":"<p>\u010ce i\u0161\u010dete nekaj, kar bo po stezi vozilo z rekordno hitrostjo, potem potrebujete \u0161portni avtomobil. Po drugi strani pa je za udobno vo\u017enjo po aveniji na son\u010den dan najprimernej\u0161i eleganten kabriolet. \u010ce pa \u017eelite nekaj, kar omogo\u010da oboje, vam bo zagotovo v\u0161e\u010d ta BMW M4 Competition, ki ga imamo na dra\u017ebi. Vozilo je v brezhibnem stanju, ima enega prej\u0161njega lastnika in 74.000 prevo\u017eenih kilometrov.<\/p>\n","protected":false},"featured_media":96753,"comment_status":"open","ping_status":"closed","template":"","meta":{"inline_featured_image":false},"product_cat":[700],"product_tag":[3147,3099,904,3094],"acf":[],"yoast_head":"<!-- This site is optimized with the Yoast SEO plugin v22.5 - https:\/\/yoast.com\/wordpress\/plugins\/seo\/ -->\n<title>BMW M4 Competition - ime Piston Addict<\/title>\n<meta name=\"robots\" content=\"index, follow, max-snippet:-1, max-image-preview:large, max-video-preview:-1\" \/>\n<link rel=\"canonical\" href=\"https:\/\/pistonaddict.com\/sl\/product\/bmw-m4-competition\/\" \/>\n<meta property=\"og:locale\" content=\"sl_SI\" \/>\n<meta property=\"og:type\" content=\"article\" \/>\n<meta property=\"og:title\" content=\"BMW M4 Competition - ime Piston Addict\" \/>\n<meta property=\"og:description\" content=\"\u010ce i\u0161\u010dete nekaj, kar bo po stezi vozilo z rekordno hitrostjo, potem potrebujete \u0161portni avtomobil. Po drugi strani pa je za udobno vo\u017enjo po aveniji na son\u010den dan najprimernej\u0161i eleganten kabriolet. \u010ce pa \u017eelite nekaj, kar omogo\u010da oboje, vam bo zagotovo v\u0161e\u010d ta BMW M4 Competition, ki ga imamo na dra\u017ebi. Vozilo je v brezhibnem stanju, ima enega prej\u0161njega lastnika in 74.000 prevo\u017eenih kilometrov.\" \/>\n<meta property=\"og:url\" content=\"https:\/\/pistonaddict.com\/sl\/product\/bmw-m4-competition\/\" \/>\n<meta property=\"og:site_name\" content=\"Piston Addict\" \/>\n<meta property=\"article:modified_time\" content=\"2024-03-20T13:16:32+00:00\" \/>\n<meta property=\"og:image\" content=\"https:\/\/pistonaddict.com\/wp-content\/uploads\/2024\/03\/1-1024x612.png\" \/>\n\t<meta property=\"og:image:width\" content=\"1024\" \/>\n\t<meta property=\"og:image:height\" content=\"612\" \/>\n\t<meta property=\"og:image:type\" content=\"image\/png\" \/>\n<meta name=\"twitter:card\" content=\"summary_large_image\" \/>\n<meta name=\"twitter:label1\" content=\"Est. reading time\" \/>\n\t<meta name=\"twitter:data1\" content=\"2 minuti\" \/>\n<script type=\"application\/ld+json\" class=\"yoast-schema-graph\">{\"@context\":\"https:\/\/schema.org\",\"@graph\":[{\"@type\":\"WebPage\",\"@id\":\"https:\/\/pistonaddict.com\/sl\/product\/bmw-m4-competition\/\",\"url\":\"https:\/\/pistonaddict.com\/sl\/product\/bmw-m4-competition\/\",\"name\":\"BMW M4 Competition - ime Piston Addict\",\"isPartOf\":{\"@id\":\"https:\/\/pistonaddict.com\/sl\/#website\"},\"primaryImageOfPage\":{\"@id\":\"https:\/\/pistonaddict.com\/sl\/product\/bmw-m4-competition\/#primaryimage\"},\"image\":{\"@id\":\"https:\/\/pistonaddict.com\/sl\/product\/bmw-m4-competition\/#primaryimage\"},\"thumbnailUrl\":\"https:\/\/pistonaddict.com\/wp-content\/uploads\/2024\/03\/1.png\",\"datePublished\":\"2024-03-15T17:51:57+00:00\",\"dateModified\":\"2024-03-20T13:16:32+00:00\",\"breadcrumb\":{\"@id\":\"https:\/\/pistonaddict.com\/sl\/product\/bmw-m4-competition\/#breadcrumb\"},\"inLanguage\":\"sl-SI\",\"potentialAction\":[{\"@type\":\"ReadAction\",\"target\":[\"https:\/\/pistonaddict.com\/sl\/product\/bmw-m4-competition\/\"]}]},{\"@type\":\"ImageObject\",\"inLanguage\":\"sl-SI\",\"@id\":\"https:\/\/pistonaddict.com\/sl\/product\/bmw-m4-competition\/#primaryimage\",\"url\":\"https:\/\/pistonaddict.com\/wp-content\/uploads\/2024\/03\/1.png\",\"contentUrl\":\"https:\/\/pistonaddict.com\/wp-content\/uploads\/2024\/03\/1.png\",\"width\":2778,\"height\":1660},{\"@type\":\"BreadcrumbList\",\"@id\":\"https:\/\/pistonaddict.com\/sl\/product\/bmw-m4-competition\/#breadcrumb\",\"itemListElement\":[{\"@type\":\"ListItem\",\"position\":1,\"name\":\"Doma\u010da stran\",\"item\":\"https:\/\/pistonaddict.com\/sl\/domaca-stran-2\/\"},{\"@type\":\"ListItem\",\"position\":2,\"name\":\"Auctions\",\"item\":\"https:\/\/pistonaddict.com\/auctions-listing\/\"},{\"@type\":\"ListItem\",\"position\":3,\"name\":\"BMW M4 Competition\"}]},{\"@type\":\"WebSite\",\"@id\":\"https:\/\/pistonaddict.com\/sl\/#website\",\"url\":\"https:\/\/pistonaddict.com\/sl\/\",\"name\":\"Piston Addict\",\"description\":\"Only interesting vehicles\",\"publisher\":{\"@id\":\"https:\/\/pistonaddict.com\/sl\/#organization\"},\"potentialAction\":[{\"@type\":\"SearchAction\",\"target\":{\"@type\":\"EntryPoint\",\"urlTemplate\":\"https:\/\/pistonaddict.com\/sl\/?s={search_term_string}\"},\"query-input\":\"required name=search_term_string\"}],\"inLanguage\":\"sl-SI\"},{\"@type\":\"Organization\",\"@id\":\"https:\/\/pistonaddict.com\/sl\/#organization\",\"name\":\"Piston Addict\",\"url\":\"https:\/\/pistonaddict.com\/sl\/\",\"logo\":{\"@type\":\"ImageObject\",\"inLanguage\":\"sl-SI\",\"@id\":\"https:\/\/pistonaddict.com\/sl\/#\/schema\/logo\/image\/\",\"url\":\"https:\/\/pistonaddict.com\/wp-content\/uploads\/2022\/07\/logo-6.png\",\"contentUrl\":\"https:\/\/pistonaddict.com\/wp-content\/uploads\/2022\/07\/logo-6.png\",\"width\":970,\"height\":200,\"caption\":\"Piston Addict\"},\"image\":{\"@id\":\"https:\/\/pistonaddict.com\/sl\/#\/schema\/logo\/image\/\"}}]}<\/script>\n<!-- \/ Yoast SEO plugin. -->","yoast_head_json":{"title":"BMW M4 Competition - ime Piston Addict","robots":{"index":"index","follow":"follow","max-snippet":"max-snippet:-1","max-image-preview":"max-image-preview:large","max-video-preview":"max-video-preview:-1"},"canonical":"https:\/\/pistonaddict.com\/sl\/product\/bmw-m4-competition\/","og_locale":"sl_SI","og_type":"article","og_title":"BMW M4 Competition - ime Piston Addict","og_description":"\u010ce i\u0161\u010dete nekaj, kar bo po stezi vozilo z rekordno hitrostjo, potem potrebujete \u0161portni avtomobil. Po drugi strani pa je za udobno vo\u017enjo po aveniji na son\u010den dan najprimernej\u0161i eleganten kabriolet. \u010ce pa \u017eelite nekaj, kar omogo\u010da oboje, vam bo zagotovo v\u0161e\u010d ta BMW M4 Competition, ki ga imamo na dra\u017ebi. Vozilo je v brezhibnem stanju, ima enega prej\u0161njega lastnika in 74.000 prevo\u017eenih kilometrov.","og_url":"https:\/\/pistonaddict.com\/sl\/product\/bmw-m4-competition\/","og_site_name":"Piston Addict","article_modified_time":"2024-03-20T13:16:32+00:00","og_image":[{"width":1024,"height":612,"url":"https:\/\/pistonaddict.com\/wp-content\/uploads\/2024\/03\/1-1024x612.png","type":"image\/png"}],"twitter_card":"summary_large_image","twitter_misc":{"Est. reading time":"2 minuti"},"schema":{"@context":"https:\/\/schema.org","@graph":[{"@type":"WebPage","@id":"https:\/\/pistonaddict.com\/sl\/product\/bmw-m4-competition\/","url":"https:\/\/pistonaddict.com\/sl\/product\/bmw-m4-competition\/","name":"BMW M4 Competition - ime Piston Addict","isPartOf":{"@id":"https:\/\/pistonaddict.com\/sl\/#website"},"primaryImageOfPage":{"@id":"https:\/\/pistonaddict.com\/sl\/product\/bmw-m4-competition\/#primaryimage"},"image":{"@id":"https:\/\/pistonaddict.com\/sl\/product\/bmw-m4-competition\/#primaryimage"},"thumbnailUrl":"https:\/\/pistonaddict.com\/wp-content\/uploads\/2024\/03\/1.png","datePublished":"2024-03-15T17:51:57+00:00","dateModified":"2024-03-20T13:16:32+00:00","breadcrumb":{"@id":"https:\/\/pistonaddict.com\/sl\/product\/bmw-m4-competition\/#breadcrumb"},"inLanguage":"sl-SI","potentialAction":[{"@type":"ReadAction","target":["https:\/\/pistonaddict.com\/sl\/product\/bmw-m4-competition\/"]}]},{"@type":"ImageObject","inLanguage":"sl-SI","@id":"https:\/\/pistonaddict.com\/sl\/product\/bmw-m4-competition\/#primaryimage","url":"https:\/\/pistonaddict.com\/wp-content\/uploads\/2024\/03\/1.png","contentUrl":"https:\/\/pistonaddict.com\/wp-content\/uploads\/2024\/03\/1.png","width":2778,"height":1660},{"@type":"BreadcrumbList","@id":"https:\/\/pistonaddict.com\/sl\/product\/bmw-m4-competition\/#breadcrumb","itemListElement":[{"@type":"ListItem","position":1,"name":"Doma\u010da stran","item":"https:\/\/pistonaddict.com\/sl\/domaca-stran-2\/"},{"@type":"ListItem","position":2,"name":"Auctions","item":"https:\/\/pistonaddict.com\/auctions-listing\/"},{"@type":"ListItem","position":3,"name":"BMW M4 Competition"}]},{"@type":"WebSite","@id":"https:\/\/pistonaddict.com\/sl\/#website","url":"https:\/\/pistonaddict.com\/sl\/","name":"Piston Addict","description":"Only interesting vehicles","publisher":{"@id":"https:\/\/pistonaddict.com\/sl\/#organization"},"potentialAction":[{"@type":"SearchAction","target":{"@type":"EntryPoint","urlTemplate":"https:\/\/pistonaddict.com\/sl\/?s={search_term_string}"},"query-input":"required name=search_term_string"}],"inLanguage":"sl-SI"},{"@type":"Organization","@id":"https:\/\/pistonaddict.com\/sl\/#organization","name":"Piston Addict","url":"https:\/\/pistonaddict.com\/sl\/","logo":{"@type":"ImageObject","inLanguage":"sl-SI","@id":"https:\/\/pistonaddict.com\/sl\/#\/schema\/logo\/image\/","url":"https:\/\/pistonaddict.com\/wp-content\/uploads\/2022\/07\/logo-6.png","contentUrl":"https:\/\/pistonaddict.com\/wp-content\/uploads\/2022\/07\/logo-6.png","width":970,"height":200,"caption":"Piston Addict"},"image":{"@id":"https:\/\/pistonaddict.com\/sl\/#\/schema\/logo\/image\/"}}]}},"_links":{"self":[{"href":"https:\/\/pistonaddict.com\/sl\/wp-json\/wp\/v2\/product\/97441"}],"collection":[{"href":"https:\/\/pistonaddict.com\/sl\/wp-json\/wp\/v2\/product"}],"about":[{"href":"https:\/\/pistonaddict.com\/sl\/wp-json\/wp\/v2\/types\/product"}],"replies":[{"embeddable":true,"href":"https:\/\/pistonaddict.com\/sl\/wp-json\/wp\/v2\/comments?post=97441"}],"wp:featuredmedia":[{"embeddable":true,"href":"https:\/\/pistonaddict.com\/sl\/wp-json\/wp\/v2\/media\/96753"}],"wp:attachment":[{"href":"https:\/\/pistonaddict.com\/sl\/wp-json\/wp\/v2\/media?parent=97441"}],"wp:term":[{"taxonomy":"product_cat","embeddable":true,"href":"https:\/\/pistonaddict.com\/sl\/wp-json\/wp\/v2\/product_cat?post=97441"},{"taxonomy":"product_tag","embeddable":true,"href":"https:\/\/pistonaddict.com\/sl\/wp-json\/wp\/v2\/product_tag?post=97441"}],"curies":[{"name":"wp","href":"https:\/\/api.w.org\/{rel}","templated":true}]}}