{"id":96726,"date":"2024-03-15T17:17:18","date_gmt":"2024-03-15T16:17:18","guid":{"rendered":"https:\/\/pistonaddict.com\/product\/amg-sls-roadster\/"},"modified":"2024-03-19T16:40:15","modified_gmt":"2024-03-19T15:40:15","slug":"amg-sls-roadster","status":"publish","type":"product","link":"https:\/\/pistonaddict.com\/sl\/product\/amg-sls-roadster\/","title":{"rendered":"AMG SLS Roadster"},"content":{"rendered":"<p><strong>Zgodovina avtomobila<\/strong><\/p>\n<p>Ko je Mercedes leta 2010 predstavil kultni SLS AMG, je bil avtomobilski svet osupel. Klasi\u010den po pristopu, a povsem sodoben po izvedbi, je bil to \u010distokrvni \u0161portni avtomobil, ki je o\u010ditno \u010drpal navdih iz slavne preteklosti znamke in legendarnega modela 300 SL Gullwing. \u010ceprav se je Mercedes pri oblikovanju oziral v preteklost, je s sodobno konstrukcijo podvozja, notranjimi elementi, udobjem in pogonskim sklopom ciljal na prihodnost. Pod dolgim pokrovom je bil 6,2-litrski motor V8 (kodno ime M156), ki je zagotavljal 571 konjskih mo\u010di, ki jih je na zadnja kolesa prena\u0161al prek kompetentnega 7-stopenjskega menjalnika z dvojno sklopko. Tako je nastal avtomobil, ki je videti \u010dudovito in je \u0161e vedno hiter kot superavtomobil. S \u010dasom od 0 do 100 km\/h, ki zna\u0161a le 3,8 sekunde, in najve\u010djo hitrostjo, ki presega 310 km\/h, je jasno, zakaj je Mercedes SLS AMG med najhitrej\u0161imi avtomobili svojega obdobja.<\/p>\n<p>Zanimivo je, da je bila proizvodnja tega neverjetnega stroja razmeroma kratka, saj so ga prenehali izdelovati leta 2014. Nekateri pravijo, da je Mercedes to storil namenoma, da bi zagotovil ekskluzivnost in redkost svojega najbolj\u0161ega sodobnega \u0161portnega avtomobila. Te govorice so morda resni\u010dne, saj podjetje nikoli ni uradno razkrilo natan\u010dnih podatkov o proizvodnji. Po pribli\u017eni oceni je bilo dobavljenih pribli\u017eno 8.000 kupejev in pribli\u017eno 4.000 roadsterjev. Ta avtomobil je eden od teh 4000 primerkov, zato je \u0161e bolj ekskluziven in miti\u010den.<\/p>\n<p><strong>Notranjost<\/strong><\/p>\n<p>Notranjost tega SLS AMG Roadsterja, izdelana v \u010drnem usnju z usnjeno armaturno plo\u0161\u010do, je v odli\u010dnem stanju brez znakov uporabe. Sede\u017ei in vratne kartice so brez oznak; vse funkcije delujejo skupaj z navigacijskim sistemom, vrhunskim avdio sistemom ter ogrevanimi in elektri\u010dno krmiljenimi \u0161portnimi sede\u017ei. Streha kabrioleta je kot nova ter se odli\u010dno odpira in zapira.<\/p>\n<p><strong>Stanje<\/strong><\/p>\n<p>Vedno z veseljem ponujamo vozila, ki so kot nova, in to vozilo 2012 Mercedes SLS AMG Roadster je eno izmed njih. To vozilo, ki je od novega leta dalje prevozilo le 19.000 kilometrov, je bilo v rokah svojega prvega in edinega lastnika zelo redko uporabljeno in je v povpre\u010dju prevozilo manj kot 2.000 km na leto. To pomeni, da je mehansko in estetsko v vrhunskem stanju ter da je povsem izviren iz tovarne. Zadnji ve\u010dji servis je bil opravljen leta 2018, zavore pa so bile prenovljene pred kratkim, marca 2024. Za avto je skrbno skrbel Mercedesov prodajalec.<\/p>\n<p><strong>Zunanjost in kolesa<\/strong><\/p>\n<p>Ob tako majhnem \u0161tevilu prevo\u017eenih kilometrov in obsedeni negi ni presenetljivo, da je karoserija kot nova, brez prask ali udarcev. Izdelano v klasi\u010dnem Mercedesovem srebrnem odtenku (spominja na dirkalne avtomobile Silver Arrow) je videti osupljivo s kontrastno \u010drno notranjostjo. Na voljo so originalna 19-pal\u010dna plati\u0161\u010da, ovita v gume Continental ContiSport Contact performance (DOT 2017) s pribli\u017eno 50-odstotno uporabo.<\/p>\n<p><strong>Dokumentacija<\/strong><\/p>\n<p>Prodajalec prodaja to vozilo v imenu prvotnega lastnika z ustrezno dokumentacijo, ki se nahaja v Belgiji. <a href=\"https:\/\/pistonaddict.com\/wp-content\/uploads\/2024\/03\/CarVerticalAMG.pdf\">Poro\u010dilo CarVertical<\/a> je \u010disto, brez dokazov o nesre\u010dah, popravilih, lastni\u0161tvu ali pravnih te\u017eavah. Obstajajo zapisi o rednem vzdr\u017eevanju in potrdila o pla\u010dilu.<\/p>\n<p><strong>Oglejte si videoposnetek hladnega zagona tega neverjetnega vozila AMG SLS Roadster :<\/strong><\/p>\n<p><iframe title=\"Cold Start Video of the AMG SLS Roadster\" width=\"1200\" height=\"675\" src=\"https:\/\/www.youtube.com\/embed\/vjLjXYVelXI?feature=oembed\" frameborder=\"0\" allow=\"accelerometer; autoplay; clipboard-write; encrypted-media; gyroscope; picture-in-picture; web-share\" allowfullscreen><\/iframe><\/p>\n","protected":false},"excerpt":{"rendered":"<p>Ko si ogledate sodobne klasike iz Stuttgarta, se Mercedes SLS AMG ne more primerjati z ni\u010demer. SLS je s svojo retrofuturisti\u010dno obliko, mogo\u010dnim 6,2-litrskim motorjem V8 spredaj in izjemnimi zmogljivostmi najbolj iskan Mercedesov \u0161portni avtomobil po originalu iz 50. let prej\u0161njega stoletja, s katerim se je za\u010del rod SLS. SLS je v vseh pogledih izvrsten avtomobil, ki je redko naprodaj, zato je ta primerek z nizkim \u0161tevilom prevo\u017eenih kilometrov, v lasti enega lastnika in prakti\u010dno nov, \u0161e redkej\u0161i in \u0161e bolj edinstven.<\/p>\n","protected":false},"featured_media":96004,"comment_status":"open","ping_status":"closed","template":"","meta":{"inline_featured_image":false},"product_cat":[700],"product_tag":[3081,2788,3079,904],"acf":[],"yoast_head":"<!-- This site is optimized with the Yoast SEO plugin v22.5 - https:\/\/yoast.com\/wordpress\/plugins\/seo\/ -->\n<title>AMG SLS Roadster - ime Piston Addict<\/title>\n<meta name=\"robots\" content=\"index, follow, max-snippet:-1, max-image-preview:large, max-video-preview:-1\" \/>\n<link rel=\"canonical\" href=\"https:\/\/pistonaddict.com\/sl\/product\/amg-sls-roadster\/\" \/>\n<meta property=\"og:locale\" content=\"sl_SI\" \/>\n<meta property=\"og:type\" content=\"article\" \/>\n<meta property=\"og:title\" content=\"AMG SLS Roadster - ime Piston Addict\" \/>\n<meta property=\"og:description\" content=\"Ko si ogledate sodobne klasike iz Stuttgarta, se Mercedes SLS AMG ne more primerjati z ni\u010demer. SLS je s svojo retrofuturisti\u010dno obliko, mogo\u010dnim 6,2-litrskim motorjem V8 spredaj in izjemnimi zmogljivostmi najbolj iskan Mercedesov \u0161portni avtomobil po originalu iz 50. let prej\u0161njega stoletja, s katerim se je za\u010del rod SLS. SLS je v vseh pogledih izvrsten avtomobil, ki je redko naprodaj, zato je ta primerek z nizkim \u0161tevilom prevo\u017eenih kilometrov, v lasti enega lastnika in prakti\u010dno nov, \u0161e redkej\u0161i in \u0161e bolj edinstven.\" \/>\n<meta property=\"og:url\" content=\"https:\/\/pistonaddict.com\/sl\/product\/amg-sls-roadster\/\" \/>\n<meta property=\"og:site_name\" content=\"Piston Addict\" \/>\n<meta property=\"article:modified_time\" content=\"2024-03-19T15:40:15+00:00\" \/>\n<meta property=\"og:image\" content=\"https:\/\/pistonaddict.com\/wp-content\/uploads\/2024\/03\/1-scaled.jpg\" \/>\n\t<meta property=\"og:image:width\" content=\"2560\" \/>\n\t<meta property=\"og:image:height\" content=\"1527\" \/>\n\t<meta property=\"og:image:type\" content=\"image\/jpeg\" \/>\n<meta name=\"twitter:card\" content=\"summary_large_image\" \/>\n<meta name=\"twitter:label1\" content=\"Est. reading time\" \/>\n\t<meta name=\"twitter:data1\" content=\"3 minute\" \/>\n<script type=\"application\/ld+json\" class=\"yoast-schema-graph\">{\"@context\":\"https:\/\/schema.org\",\"@graph\":[{\"@type\":\"WebPage\",\"@id\":\"https:\/\/pistonaddict.com\/sl\/product\/amg-sls-roadster\/\",\"url\":\"https:\/\/pistonaddict.com\/sl\/product\/amg-sls-roadster\/\",\"name\":\"AMG SLS Roadster - ime Piston Addict\",\"isPartOf\":{\"@id\":\"https:\/\/pistonaddict.com\/sl\/#website\"},\"primaryImageOfPage\":{\"@id\":\"https:\/\/pistonaddict.com\/sl\/product\/amg-sls-roadster\/#primaryimage\"},\"image\":{\"@id\":\"https:\/\/pistonaddict.com\/sl\/product\/amg-sls-roadster\/#primaryimage\"},\"thumbnailUrl\":\"https:\/\/pistonaddict.com\/wp-content\/uploads\/2024\/03\/1-scaled.jpg\",\"datePublished\":\"2024-03-15T16:17:18+00:00\",\"dateModified\":\"2024-03-19T15:40:15+00:00\",\"breadcrumb\":{\"@id\":\"https:\/\/pistonaddict.com\/sl\/product\/amg-sls-roadster\/#breadcrumb\"},\"inLanguage\":\"sl-SI\",\"potentialAction\":[{\"@type\":\"ReadAction\",\"target\":[\"https:\/\/pistonaddict.com\/sl\/product\/amg-sls-roadster\/\"]}]},{\"@type\":\"ImageObject\",\"inLanguage\":\"sl-SI\",\"@id\":\"https:\/\/pistonaddict.com\/sl\/product\/amg-sls-roadster\/#primaryimage\",\"url\":\"https:\/\/pistonaddict.com\/wp-content\/uploads\/2024\/03\/1-scaled.jpg\",\"contentUrl\":\"https:\/\/pistonaddict.com\/wp-content\/uploads\/2024\/03\/1-scaled.jpg\",\"width\":2560,\"height\":1527},{\"@type\":\"BreadcrumbList\",\"@id\":\"https:\/\/pistonaddict.com\/sl\/product\/amg-sls-roadster\/#breadcrumb\",\"itemListElement\":[{\"@type\":\"ListItem\",\"position\":1,\"name\":\"Doma\u010da stran\",\"item\":\"https:\/\/pistonaddict.com\/sl\/domaca-stran-2\/\"},{\"@type\":\"ListItem\",\"position\":2,\"name\":\"Auctions\",\"item\":\"https:\/\/pistonaddict.com\/auctions-listing\/\"},{\"@type\":\"ListItem\",\"position\":3,\"name\":\"AMG SLS Roadster\"}]},{\"@type\":\"WebSite\",\"@id\":\"https:\/\/pistonaddict.com\/sl\/#website\",\"url\":\"https:\/\/pistonaddict.com\/sl\/\",\"name\":\"Piston Addict\",\"description\":\"Only interesting vehicles\",\"publisher\":{\"@id\":\"https:\/\/pistonaddict.com\/sl\/#organization\"},\"potentialAction\":[{\"@type\":\"SearchAction\",\"target\":{\"@type\":\"EntryPoint\",\"urlTemplate\":\"https:\/\/pistonaddict.com\/sl\/?s={search_term_string}\"},\"query-input\":\"required name=search_term_string\"}],\"inLanguage\":\"sl-SI\"},{\"@type\":\"Organization\",\"@id\":\"https:\/\/pistonaddict.com\/sl\/#organization\",\"name\":\"Piston Addict\",\"url\":\"https:\/\/pistonaddict.com\/sl\/\",\"logo\":{\"@type\":\"ImageObject\",\"inLanguage\":\"sl-SI\",\"@id\":\"https:\/\/pistonaddict.com\/sl\/#\/schema\/logo\/image\/\",\"url\":\"https:\/\/pistonaddict.com\/wp-content\/uploads\/2022\/07\/logo-6.png\",\"contentUrl\":\"https:\/\/pistonaddict.com\/wp-content\/uploads\/2022\/07\/logo-6.png\",\"width\":970,\"height\":200,\"caption\":\"Piston Addict\"},\"image\":{\"@id\":\"https:\/\/pistonaddict.com\/sl\/#\/schema\/logo\/image\/\"}}]}<\/script>\n<!-- \/ Yoast SEO plugin. -->","yoast_head_json":{"title":"AMG SLS Roadster - ime Piston Addict","robots":{"index":"index","follow":"follow","max-snippet":"max-snippet:-1","max-image-preview":"max-image-preview:large","max-video-preview":"max-video-preview:-1"},"canonical":"https:\/\/pistonaddict.com\/sl\/product\/amg-sls-roadster\/","og_locale":"sl_SI","og_type":"article","og_title":"AMG SLS Roadster - ime Piston Addict","og_description":"Ko si ogledate sodobne klasike iz Stuttgarta, se Mercedes SLS AMG ne more primerjati z ni\u010demer. SLS je s svojo retrofuturisti\u010dno obliko, mogo\u010dnim 6,2-litrskim motorjem V8 spredaj in izjemnimi zmogljivostmi najbolj iskan Mercedesov \u0161portni avtomobil po originalu iz 50. let prej\u0161njega stoletja, s katerim se je za\u010del rod SLS. SLS je v vseh pogledih izvrsten avtomobil, ki je redko naprodaj, zato je ta primerek z nizkim \u0161tevilom prevo\u017eenih kilometrov, v lasti enega lastnika in prakti\u010dno nov, \u0161e redkej\u0161i in \u0161e bolj edinstven.","og_url":"https:\/\/pistonaddict.com\/sl\/product\/amg-sls-roadster\/","og_site_name":"Piston Addict","article_modified_time":"2024-03-19T15:40:15+00:00","og_image":[{"width":2560,"height":1527,"url":"https:\/\/pistonaddict.com\/wp-content\/uploads\/2024\/03\/1-scaled.jpg","type":"image\/jpeg"}],"twitter_card":"summary_large_image","twitter_misc":{"Est. reading time":"3 minute"},"schema":{"@context":"https:\/\/schema.org","@graph":[{"@type":"WebPage","@id":"https:\/\/pistonaddict.com\/sl\/product\/amg-sls-roadster\/","url":"https:\/\/pistonaddict.com\/sl\/product\/amg-sls-roadster\/","name":"AMG SLS Roadster - ime Piston Addict","isPartOf":{"@id":"https:\/\/pistonaddict.com\/sl\/#website"},"primaryImageOfPage":{"@id":"https:\/\/pistonaddict.com\/sl\/product\/amg-sls-roadster\/#primaryimage"},"image":{"@id":"https:\/\/pistonaddict.com\/sl\/product\/amg-sls-roadster\/#primaryimage"},"thumbnailUrl":"https:\/\/pistonaddict.com\/wp-content\/uploads\/2024\/03\/1-scaled.jpg","datePublished":"2024-03-15T16:17:18+00:00","dateModified":"2024-03-19T15:40:15+00:00","breadcrumb":{"@id":"https:\/\/pistonaddict.com\/sl\/product\/amg-sls-roadster\/#breadcrumb"},"inLanguage":"sl-SI","potentialAction":[{"@type":"ReadAction","target":["https:\/\/pistonaddict.com\/sl\/product\/amg-sls-roadster\/"]}]},{"@type":"ImageObject","inLanguage":"sl-SI","@id":"https:\/\/pistonaddict.com\/sl\/product\/amg-sls-roadster\/#primaryimage","url":"https:\/\/pistonaddict.com\/wp-content\/uploads\/2024\/03\/1-scaled.jpg","contentUrl":"https:\/\/pistonaddict.com\/wp-content\/uploads\/2024\/03\/1-scaled.jpg","width":2560,"height":1527},{"@type":"BreadcrumbList","@id":"https:\/\/pistonaddict.com\/sl\/product\/amg-sls-roadster\/#breadcrumb","itemListElement":[{"@type":"ListItem","position":1,"name":"Doma\u010da stran","item":"https:\/\/pistonaddict.com\/sl\/domaca-stran-2\/"},{"@type":"ListItem","position":2,"name":"Auctions","item":"https:\/\/pistonaddict.com\/auctions-listing\/"},{"@type":"ListItem","position":3,"name":"AMG SLS Roadster"}]},{"@type":"WebSite","@id":"https:\/\/pistonaddict.com\/sl\/#website","url":"https:\/\/pistonaddict.com\/sl\/","name":"Piston Addict","description":"Only interesting vehicles","publisher":{"@id":"https:\/\/pistonaddict.com\/sl\/#organization"},"potentialAction":[{"@type":"SearchAction","target":{"@type":"EntryPoint","urlTemplate":"https:\/\/pistonaddict.com\/sl\/?s={search_term_string}"},"query-input":"required name=search_term_string"}],"inLanguage":"sl-SI"},{"@type":"Organization","@id":"https:\/\/pistonaddict.com\/sl\/#organization","name":"Piston Addict","url":"https:\/\/pistonaddict.com\/sl\/","logo":{"@type":"ImageObject","inLanguage":"sl-SI","@id":"https:\/\/pistonaddict.com\/sl\/#\/schema\/logo\/image\/","url":"https:\/\/pistonaddict.com\/wp-content\/uploads\/2022\/07\/logo-6.png","contentUrl":"https:\/\/pistonaddict.com\/wp-content\/uploads\/2022\/07\/logo-6.png","width":970,"height":200,"caption":"Piston Addict"},"image":{"@id":"https:\/\/pistonaddict.com\/sl\/#\/schema\/logo\/image\/"}}]}},"_links":{"self":[{"href":"https:\/\/pistonaddict.com\/sl\/wp-json\/wp\/v2\/product\/96726"}],"collection":[{"href":"https:\/\/pistonaddict.com\/sl\/wp-json\/wp\/v2\/product"}],"about":[{"href":"https:\/\/pistonaddict.com\/sl\/wp-json\/wp\/v2\/types\/product"}],"replies":[{"embeddable":true,"href":"https:\/\/pistonaddict.com\/sl\/wp-json\/wp\/v2\/comments?post=96726"}],"wp:featuredmedia":[{"embeddable":true,"href":"https:\/\/pistonaddict.com\/sl\/wp-json\/wp\/v2\/media\/96004"}],"wp:attachment":[{"href":"https:\/\/pistonaddict.com\/sl\/wp-json\/wp\/v2\/media?parent=96726"}],"wp:term":[{"taxonomy":"product_cat","embeddable":true,"href":"https:\/\/pistonaddict.com\/sl\/wp-json\/wp\/v2\/product_cat?post=96726"},{"taxonomy":"product_tag","embeddable":true,"href":"https:\/\/pistonaddict.com\/sl\/wp-json\/wp\/v2\/product_tag?post=96726"}],"curies":[{"name":"wp","href":"https:\/\/api.w.org\/{rel}","templated":true}]}}