{"id":94131,"date":"2024-02-28T13:52:28","date_gmt":"2024-02-28T12:52:28","guid":{"rendered":"https:\/\/pistonaddict.com\/product\/fisker-karma\/"},"modified":"2024-03-19T16:38:20","modified_gmt":"2024-03-19T15:38:20","slug":"fisker-karma","status":"publish","type":"product","link":"https:\/\/pistonaddict.com\/sl\/product\/fisker-karma\/","title":{"rendered":"Fisker Karma"},"content":{"rendered":"<h2>Zunanjost<\/h2>\n<p>Na zunanji strani, za\u010den\u0161i s sprednjim delom, ima Karma nizko vise\u010d nos s \u0161irokimi re\u0161etkami in podolgovatimi ksenonskimi \u017earometi, ki dajejo avtomobilu agresivno dr\u017eo. Ta tema se nadaljuje tudi ob straneh, kjer mi\u0161i\u010dasto silhueto zaznamujejo masivni blatniki, oviti okoli 22-pal\u010dnih plati\u0161\u010d. Na \u0161irokem zadku italijanskega superavtomobila podrobnosti, kot so elegantne zadnje lu\u010di in zvo\u010dniki na mestu, kjer bi pri\u010dakovali izpu\u0161ne konice s kromiranimi pokrovi, dajejo Karmi edinstven cestni videz.<\/p>\n<p>Avtomobil je pobarvan v modri barvi Deep Ocean Blue, ki je v jasnih dneh, ko son\u010dni \u017earki poudarijo njeno luskavost, videti spektakularno. Ko govorimo o soncu &#8211; Karma ima v streho vgrajene son\u010dne celice, kar pomeni, da se lahko napolni \u017ee, \u010de je parkirana zunaj.<\/p>\n<h2>Notranjost<\/h2>\n<p>V notranjosti vozila boste sedeli za usnjenim volanom s \u0161tirimi kraki, ki ga krasi elegantna in futuristi\u010dna instrumentna plo\u0161\u010da. Na levi strani je merilnik hitrosti do 220 km\/h. Na desni strani pa je namesto merilnika vrtljajev prikazana zmogljivost baterije in podatek, ali se baterija polni ali se elektrika uporablja za pospe\u0161evanje. Armaturna plo\u0161\u010da je opremljena z zaslonom na dotik, ki slu\u017ei kot nadzorno sredi\u0161\u010de za stereo, navigacijo in klimatsko napravo.<\/p>\n<p>Celotna notranjost je oble\u010dena v kombinacijo lesa, usnja in mehke alkantare, kar ji daje izvrsten ob\u010dutek in videz. Pozornost pritegne ogromen sredinski predor, ki je potreben, saj so v njem name\u0161\u010dene baterije.<\/p>\n<h2>Mehanika<\/h2>\n<p>\u010ceprav je Fisker videti osupljivo zunaj in znotraj, je njegova mehanska osnova najbolj impresivna. \u010ce odprete pokrov motorja, boste pod njim na\u0161li motor kot v vsakem drugem avtomobilu. Vendar ta \u0161tirivaljni agregat s turbinskim polnilnikom ne poganja koles. Namesto tega deluje kot generator, ki polni baterije, ko jih je treba napolniti.<\/p>\n<p>Avtomobil poganjata dva elektromotorja, ki v paru prek diferenciala z omejenim zdrsom prena\u0161ata mo\u010d na zadnji kolesi. Ta kombinacija zagotavlja 409 konjskih mo\u010di in 1300 N-m navora, kar Karmi zagotavlja zmogljivost, ki se ujema z njenim videzom.<\/p>\n<p>Ker Fisker ni \u017eelel, da bi bilo vozilo prete\u017eko, saj bi to poslab\u0161alo vozne lastnosti, baterije in posledi\u010dno doseg v povsem elektri\u010dnem na\u010dinu niso prevelike. Ko je popolnoma napolnjen, lahko Karma samo z elektri\u010dno energijo prevozi pribli\u017eno 80 kilometrov. Vendar je to verjetno ve\u010d kot dovolj za ve\u010dino vsakodnevnih vo\u017eenj, poleg tega je vedno na voljo tudi bencinski motor kot rezervni generator.<\/p>\n<h2>Zgodovina vozila<\/h2>\n<p>Na koncu \u0161e nekaj besed o stanju Fiskerja, ki ga prodajalec opisuje kot odli\u010dno. In \u010de smo iskreni, fotografije in kratek videoposnetek pripovedujejo isto zgodbo. Vozilo je bilo nazadnje servisirano novembra 2023 in nima pomanjkljivosti ali napak, razen opozorila o tlaku v pnevmatikah na armaturni plo\u0161\u010di. O\u010ditno zato, ker je vozilo trenutno opremljeno z 21-pal\u010dnimi kolesi Schmid, medtem ko je sistem TPMS programiran za delovanje z 22-pal\u010dnimi letnimi plati\u0161\u010di OEM. Lastnik pravi, da je mogo\u010de avtomobil prekalibrirati, tako da prepozna druge dimenzije pnevmatik, vendar se s tem ni ukvarjal, saj ga pozimi le redko vozi. Poleg tega so bile leta 2022 vse zra\u010dne blazine zamenjane v okviru obse\u017enega vpoklica zra\u010dnih blazin Takata.<\/p>\n<p>Ker gre za elektri\u010dni hibridni avtomobil, se lahko pojavijo pomisleki glede stanja baterij, saj je njihova zamenjava zelo draga. Vendar po besedah prodajalca ni treba skrbeti, saj je baterijo avgusta 2023 pregledal poobla\u0161\u010deni serviser vozila Fisker Karma, ki je potrdil, da je \u0161e vedno popolnoma zmogljiva. Avtomobilu sta prilo\u017eena originalni polnilec za mobilni telefon, ki se priklju\u010di v vti\u010dnico 220 V, in ro\u010dni bralnik kod OBD2. Avstrijski tehni\u010dni pregled je uspe\u0161no opravljen in velja do avgusta 2024.<\/p>\n<p>Opozorilo glede vzdr\u017eevanja &#8211; \u010deprav je edini evropski poobla\u0161\u010deni prodajalec na Nizozemskem, obstaja mo\u017enost, da njihov usposobljeni strokovnjak prileti na va\u0161o lokacijo, kjer poskrbi za vse potrebno (\u010de je popravilo mogo\u010de opraviti na kraju samem).<\/p>\n<p>Prodajalec, ki ga je kupil leta 2019, pravi, da avtomobil nikoli ni imel nesre\u010de niti ni bil uporabljen na dirkali\u0161\u010du, kar je dodatno potrjeno z ustreznim <a href=\"https:\/\/pistonaddict.com\/wp-content\/uploads\/2024\/02\/FiskerKarma.pdf\">poro\u010dilom o zgodovini vozila<\/a>. Prav tako je treba omeniti, da bo prodajalec zagotovil <a href=\"https:\/\/pistonaddict.com\/wp-content\/uploads\/2024\/02\/CoC1-rotated.jpg\">potrdilo o skladnosti<\/a>, \u010de bo kupec \u017eelel vozilo odpeljati izven Avstrije, kjer je ta Fisker registriran \u017ee od prvega dne.<\/p>\n<p><strong><br \/>\nOglejte si videoposnetek hladnega zagona tega odli\u010dnega vozila Fisker Karma :<\/strong><\/p>\n<p><iframe title=\"Cold Start Video of the Fisker Karma\" width=\"1200\" height=\"675\" src=\"https:\/\/www.youtube.com\/embed\/Ct2_uFf2FEw?feature=oembed\" frameborder=\"0\" allow=\"accelerometer; autoplay; clipboard-write; encrypted-media; gyroscope; picture-in-picture; web-share\" allowfullscreen><\/iframe><\/p>\n","protected":false},"excerpt":{"rendered":"<p>\u010ce i\u0161\u010dete \u0161portni avtomobil, ki lahko preva\u017ea \u0161tiri osebe in njihovo prtljago, lahko izbirate med \u0161tevilnimi modeli. \u010ce pa \u017eelite nekaj, kar vas bo lo\u010dilo od obi\u010dajnih modelov, potem vam bo morda v\u0161e\u010d Fisker Karma. Ponuja vse prednosti elektri\u010dnih avtomobilov brez skrbi glede doseganja in dodatne te\u017ee, ki je z njimi obi\u010dajno povezana. \u0160e ve\u010d, vsa ta tehni\u010dna \u010darovnija je zavita v spektakularno ohi\u0161je. Tukaj je naprodaj model iz leta 2012, ki ga prodaja lastnik in je do zdaj prevozil 67.000 kilometrov. Podrobneje si oglejmo, kaj ponuja.<\/p>\n","protected":false},"featured_media":93030,"comment_status":"open","ping_status":"closed","template":"","meta":{"inline_featured_image":false},"product_cat":[700],"product_tag":[2788,3028,904,1860,1859,3023],"acf":[],"yoast_head":"<!-- This site is optimized with the Yoast SEO plugin v22.5 - https:\/\/yoast.com\/wordpress\/plugins\/seo\/ -->\n<title>Fisker Karma - ime Piston Addict<\/title>\n<meta name=\"robots\" content=\"index, follow, max-snippet:-1, max-image-preview:large, max-video-preview:-1\" \/>\n<link rel=\"canonical\" href=\"https:\/\/pistonaddict.com\/sl\/product\/fisker-karma\/\" \/>\n<meta property=\"og:locale\" content=\"sl_SI\" \/>\n<meta property=\"og:type\" content=\"article\" \/>\n<meta property=\"og:title\" content=\"Fisker Karma - ime Piston Addict\" \/>\n<meta property=\"og:description\" content=\"\u010ce i\u0161\u010dete \u0161portni avtomobil, ki lahko preva\u017ea \u0161tiri osebe in njihovo prtljago, lahko izbirate med \u0161tevilnimi modeli. \u010ce pa \u017eelite nekaj, kar vas bo lo\u010dilo od obi\u010dajnih modelov, potem vam bo morda v\u0161e\u010d Fisker Karma. Ponuja vse prednosti elektri\u010dnih avtomobilov brez skrbi glede doseganja in dodatne te\u017ee, ki je z njimi obi\u010dajno povezana. \u0160e ve\u010d, vsa ta tehni\u010dna \u010darovnija je zavita v spektakularno ohi\u0161je. Tukaj je naprodaj model iz leta 2012, ki ga prodaja lastnik in je do zdaj prevozil 67.000 kilometrov. Podrobneje si oglejmo, kaj ponuja.\" \/>\n<meta property=\"og:url\" content=\"https:\/\/pistonaddict.com\/sl\/product\/fisker-karma\/\" \/>\n<meta property=\"og:site_name\" content=\"Piston Addict\" \/>\n<meta property=\"article:modified_time\" content=\"2024-03-19T15:38:20+00:00\" \/>\n<meta property=\"og:image\" content=\"https:\/\/pistonaddict.com\/wp-content\/uploads\/2024\/02\/1.jpg\" \/>\n\t<meta property=\"og:image:width\" content=\"1280\" \/>\n\t<meta property=\"og:image:height\" content=\"960\" \/>\n\t<meta property=\"og:image:type\" content=\"image\/jpeg\" \/>\n<meta name=\"twitter:card\" content=\"summary_large_image\" \/>\n<meta name=\"twitter:label1\" content=\"Est. reading time\" \/>\n\t<meta name=\"twitter:data1\" content=\"4 minute\" \/>\n<script type=\"application\/ld+json\" class=\"yoast-schema-graph\">{\"@context\":\"https:\/\/schema.org\",\"@graph\":[{\"@type\":\"WebPage\",\"@id\":\"https:\/\/pistonaddict.com\/sl\/product\/fisker-karma\/\",\"url\":\"https:\/\/pistonaddict.com\/sl\/product\/fisker-karma\/\",\"name\":\"Fisker Karma - ime Piston Addict\",\"isPartOf\":{\"@id\":\"https:\/\/pistonaddict.com\/sl\/#website\"},\"primaryImageOfPage\":{\"@id\":\"https:\/\/pistonaddict.com\/sl\/product\/fisker-karma\/#primaryimage\"},\"image\":{\"@id\":\"https:\/\/pistonaddict.com\/sl\/product\/fisker-karma\/#primaryimage\"},\"thumbnailUrl\":\"https:\/\/pistonaddict.com\/wp-content\/uploads\/2024\/02\/1.jpg\",\"datePublished\":\"2024-02-28T12:52:28+00:00\",\"dateModified\":\"2024-03-19T15:38:20+00:00\",\"breadcrumb\":{\"@id\":\"https:\/\/pistonaddict.com\/sl\/product\/fisker-karma\/#breadcrumb\"},\"inLanguage\":\"sl-SI\",\"potentialAction\":[{\"@type\":\"ReadAction\",\"target\":[\"https:\/\/pistonaddict.com\/sl\/product\/fisker-karma\/\"]}]},{\"@type\":\"ImageObject\",\"inLanguage\":\"sl-SI\",\"@id\":\"https:\/\/pistonaddict.com\/sl\/product\/fisker-karma\/#primaryimage\",\"url\":\"https:\/\/pistonaddict.com\/wp-content\/uploads\/2024\/02\/1.jpg\",\"contentUrl\":\"https:\/\/pistonaddict.com\/wp-content\/uploads\/2024\/02\/1.jpg\",\"width\":1280,\"height\":960},{\"@type\":\"BreadcrumbList\",\"@id\":\"https:\/\/pistonaddict.com\/sl\/product\/fisker-karma\/#breadcrumb\",\"itemListElement\":[{\"@type\":\"ListItem\",\"position\":1,\"name\":\"Doma\u010da stran\",\"item\":\"https:\/\/pistonaddict.com\/sl\/domaca-stran-2\/\"},{\"@type\":\"ListItem\",\"position\":2,\"name\":\"Auctions\",\"item\":\"https:\/\/pistonaddict.com\/auctions-listing\/\"},{\"@type\":\"ListItem\",\"position\":3,\"name\":\"Fisker Karma\"}]},{\"@type\":\"WebSite\",\"@id\":\"https:\/\/pistonaddict.com\/sl\/#website\",\"url\":\"https:\/\/pistonaddict.com\/sl\/\",\"name\":\"Piston Addict\",\"description\":\"Only interesting vehicles\",\"publisher\":{\"@id\":\"https:\/\/pistonaddict.com\/sl\/#organization\"},\"potentialAction\":[{\"@type\":\"SearchAction\",\"target\":{\"@type\":\"EntryPoint\",\"urlTemplate\":\"https:\/\/pistonaddict.com\/sl\/?s={search_term_string}\"},\"query-input\":\"required name=search_term_string\"}],\"inLanguage\":\"sl-SI\"},{\"@type\":\"Organization\",\"@id\":\"https:\/\/pistonaddict.com\/sl\/#organization\",\"name\":\"Piston Addict\",\"url\":\"https:\/\/pistonaddict.com\/sl\/\",\"logo\":{\"@type\":\"ImageObject\",\"inLanguage\":\"sl-SI\",\"@id\":\"https:\/\/pistonaddict.com\/sl\/#\/schema\/logo\/image\/\",\"url\":\"https:\/\/pistonaddict.com\/wp-content\/uploads\/2022\/07\/logo-6.png\",\"contentUrl\":\"https:\/\/pistonaddict.com\/wp-content\/uploads\/2022\/07\/logo-6.png\",\"width\":970,\"height\":200,\"caption\":\"Piston Addict\"},\"image\":{\"@id\":\"https:\/\/pistonaddict.com\/sl\/#\/schema\/logo\/image\/\"}}]}<\/script>\n<!-- \/ Yoast SEO plugin. -->","yoast_head_json":{"title":"Fisker Karma - ime Piston Addict","robots":{"index":"index","follow":"follow","max-snippet":"max-snippet:-1","max-image-preview":"max-image-preview:large","max-video-preview":"max-video-preview:-1"},"canonical":"https:\/\/pistonaddict.com\/sl\/product\/fisker-karma\/","og_locale":"sl_SI","og_type":"article","og_title":"Fisker Karma - ime Piston Addict","og_description":"\u010ce i\u0161\u010dete \u0161portni avtomobil, ki lahko preva\u017ea \u0161tiri osebe in njihovo prtljago, lahko izbirate med \u0161tevilnimi modeli. \u010ce pa \u017eelite nekaj, kar vas bo lo\u010dilo od obi\u010dajnih modelov, potem vam bo morda v\u0161e\u010d Fisker Karma. Ponuja vse prednosti elektri\u010dnih avtomobilov brez skrbi glede doseganja in dodatne te\u017ee, ki je z njimi obi\u010dajno povezana. \u0160e ve\u010d, vsa ta tehni\u010dna \u010darovnija je zavita v spektakularno ohi\u0161je. Tukaj je naprodaj model iz leta 2012, ki ga prodaja lastnik in je do zdaj prevozil 67.000 kilometrov. Podrobneje si oglejmo, kaj ponuja.","og_url":"https:\/\/pistonaddict.com\/sl\/product\/fisker-karma\/","og_site_name":"Piston Addict","article_modified_time":"2024-03-19T15:38:20+00:00","og_image":[{"width":1280,"height":960,"url":"https:\/\/pistonaddict.com\/wp-content\/uploads\/2024\/02\/1.jpg","type":"image\/jpeg"}],"twitter_card":"summary_large_image","twitter_misc":{"Est. reading time":"4 minute"},"schema":{"@context":"https:\/\/schema.org","@graph":[{"@type":"WebPage","@id":"https:\/\/pistonaddict.com\/sl\/product\/fisker-karma\/","url":"https:\/\/pistonaddict.com\/sl\/product\/fisker-karma\/","name":"Fisker Karma - ime Piston Addict","isPartOf":{"@id":"https:\/\/pistonaddict.com\/sl\/#website"},"primaryImageOfPage":{"@id":"https:\/\/pistonaddict.com\/sl\/product\/fisker-karma\/#primaryimage"},"image":{"@id":"https:\/\/pistonaddict.com\/sl\/product\/fisker-karma\/#primaryimage"},"thumbnailUrl":"https:\/\/pistonaddict.com\/wp-content\/uploads\/2024\/02\/1.jpg","datePublished":"2024-02-28T12:52:28+00:00","dateModified":"2024-03-19T15:38:20+00:00","breadcrumb":{"@id":"https:\/\/pistonaddict.com\/sl\/product\/fisker-karma\/#breadcrumb"},"inLanguage":"sl-SI","potentialAction":[{"@type":"ReadAction","target":["https:\/\/pistonaddict.com\/sl\/product\/fisker-karma\/"]}]},{"@type":"ImageObject","inLanguage":"sl-SI","@id":"https:\/\/pistonaddict.com\/sl\/product\/fisker-karma\/#primaryimage","url":"https:\/\/pistonaddict.com\/wp-content\/uploads\/2024\/02\/1.jpg","contentUrl":"https:\/\/pistonaddict.com\/wp-content\/uploads\/2024\/02\/1.jpg","width":1280,"height":960},{"@type":"BreadcrumbList","@id":"https:\/\/pistonaddict.com\/sl\/product\/fisker-karma\/#breadcrumb","itemListElement":[{"@type":"ListItem","position":1,"name":"Doma\u010da stran","item":"https:\/\/pistonaddict.com\/sl\/domaca-stran-2\/"},{"@type":"ListItem","position":2,"name":"Auctions","item":"https:\/\/pistonaddict.com\/auctions-listing\/"},{"@type":"ListItem","position":3,"name":"Fisker Karma"}]},{"@type":"WebSite","@id":"https:\/\/pistonaddict.com\/sl\/#website","url":"https:\/\/pistonaddict.com\/sl\/","name":"Piston Addict","description":"Only interesting vehicles","publisher":{"@id":"https:\/\/pistonaddict.com\/sl\/#organization"},"potentialAction":[{"@type":"SearchAction","target":{"@type":"EntryPoint","urlTemplate":"https:\/\/pistonaddict.com\/sl\/?s={search_term_string}"},"query-input":"required name=search_term_string"}],"inLanguage":"sl-SI"},{"@type":"Organization","@id":"https:\/\/pistonaddict.com\/sl\/#organization","name":"Piston Addict","url":"https:\/\/pistonaddict.com\/sl\/","logo":{"@type":"ImageObject","inLanguage":"sl-SI","@id":"https:\/\/pistonaddict.com\/sl\/#\/schema\/logo\/image\/","url":"https:\/\/pistonaddict.com\/wp-content\/uploads\/2022\/07\/logo-6.png","contentUrl":"https:\/\/pistonaddict.com\/wp-content\/uploads\/2022\/07\/logo-6.png","width":970,"height":200,"caption":"Piston Addict"},"image":{"@id":"https:\/\/pistonaddict.com\/sl\/#\/schema\/logo\/image\/"}}]}},"_links":{"self":[{"href":"https:\/\/pistonaddict.com\/sl\/wp-json\/wp\/v2\/product\/94131"}],"collection":[{"href":"https:\/\/pistonaddict.com\/sl\/wp-json\/wp\/v2\/product"}],"about":[{"href":"https:\/\/pistonaddict.com\/sl\/wp-json\/wp\/v2\/types\/product"}],"replies":[{"embeddable":true,"href":"https:\/\/pistonaddict.com\/sl\/wp-json\/wp\/v2\/comments?post=94131"}],"wp:featuredmedia":[{"embeddable":true,"href":"https:\/\/pistonaddict.com\/sl\/wp-json\/wp\/v2\/media\/93030"}],"wp:attachment":[{"href":"https:\/\/pistonaddict.com\/sl\/wp-json\/wp\/v2\/media?parent=94131"}],"wp:term":[{"taxonomy":"product_cat","embeddable":true,"href":"https:\/\/pistonaddict.com\/sl\/wp-json\/wp\/v2\/product_cat?post=94131"},{"taxonomy":"product_tag","embeddable":true,"href":"https:\/\/pistonaddict.com\/sl\/wp-json\/wp\/v2\/product_tag?post=94131"}],"curies":[{"name":"wp","href":"https:\/\/api.w.org\/{rel}","templated":true}]}}