{"id":92892,"date":"2024-02-23T14:19:05","date_gmt":"2024-02-23T13:19:05","guid":{"rendered":"https:\/\/pistonaddict.com\/product\/volkswagen-1303-kabriolet-triple-white-beetle\/"},"modified":"2024-03-20T09:46:48","modified_gmt":"2024-03-20T08:46:48","slug":"volkswagen-1303-convertible-triple-white-beetle","status":"publish","type":"product","link":"https:\/\/pistonaddict.com\/sl\/product\/volkswagen-1303-convertible-triple-white-beetle\/","title":{"rendered":"Volkswagen 1303 Kabriolet Triple White Beetle"},"content":{"rendered":"<p>\u010ce je bil standardni Volkswagen Beetle ekonomi\u010dni model, ki je svet ponesel na kolesa, je bila njegova razli\u010dica kabriolet vedno bolj presti\u017ena in presti\u017ena. Najprej ga je izdelala znana karosarna Karmann in v primerjavi s standardnim modelom je imel \u0161tevilne spremembe. To ni bil le Beetle s spu\u0161\u010deno streho, temve\u010d popolnoma druga\u010den avtomobil z izbolj\u0161anim podvozjem, druga\u010dnimi vrati, vetrobranskimi stekli in posebnimi plo\u0161\u010dami. Proti koncu dolge proizvodne serije je Volkswagen Beetle Cabrio dobil posodobljen motor, sprednje kolutne zavore in ve\u010d funkcij, s \u010dimer je postal bolj\u0161i in bolj kompetenten odprti potovalnik. Danes vam s ponosom predstavljamo tak\u0161en avtomobil. Volkswagen 1303 kabriolet iz leta 1979 v edinstveni trojni beli barvi, z 1,6-litrskim motorjem z vbrizgavanjem goriva in v povsem originalnem stanju. Ti kabrioleti poznega modela Beetle, ki so se prvotno prodajali v ZDA, so se tr\u017eili pod imenom Super Beetle in so med bolj za\u017eelenimi primerki zaradi bolj\u0161e opreme in motorja z 48 KM ter najve\u010djo hitrostjo 130 km\/h (82 mph). To vozilo je bilo izdelano decembra 1979, kar pomeni, da je bil eden zadnjih Beetlov kabrioletov, saj se je proizvodnja kon\u010dala v za\u010detku leta 1980. Volkswagen je leta 1980 prodal le 4.572 kabrioletov 1303, od tega zelo malo v trojno beli barvi, in ta je eden izmed njih. Ti pozni modeli imajo ve\u010d edinstvenih konstrukcijskih zna\u010dilnosti, zaradi katerih so \u0161e bolj prakti\u010dni in prijetni. Ve\u010dji sprednji prtlja\u017eni prostor in rahlo ukrivljeno vetrobransko steklo sta na primer zmanj\u0161ala hrup vetra, predvsem pri vo\u017enji s spu\u0161\u010deno streho.<\/p>\n<p><strong>Notranjost<\/strong><\/p>\n<p>Beli vinilni sede\u017ei so v odli\u010dnem stanju, notranjost tega privla\u010dnega hro\u0161\u010da pa je povsem originalna. Z leseno armaturno plo\u0161\u010do, edinstvenim volanom in izbolj\u0161ano ergonomijo je to najbolj presti\u017eno vozni\u0161ko okolje med vsemi klasi\u010dnimi Beetli. Armaturna plo\u0161\u010da ni razpokana; avdio sistem ima o\u010darljivo kasetno enoto Blaupunkt iz 80. let.<\/p>\n<p><strong>Stanje avtomobila<\/strong><\/p>\n<p>Ta kabriolet 1303 je bil obnovljen z le 94.000 prevo\u017eenimi kilometri in nekaj skrbnimi lastniki, ohranil pa je originalni motor in menjalnik, ki se ujemata s \u0161tevilkami. Splo\u0161no stanje je skoraj popolno, saj vse deluje brezhibno, brez rjastih lis in razbarvanosti. Zadnji servis je bil opravljen oktobra 2023, avtomobil pa je brez te\u017eav opravil letni tehni\u010dni pregled leta 2024. Pri tak\u0161nih avtomobilih je vinilna streha pogosto problemati\u010dna, vendar z veseljem poro\u010damo, da je tudi ta v odli\u010dnem stanju, brez razpok ali pu\u0161\u010danja. Podvozje je prav tako \u010disto kot karoserija, brez te\u017eav z rjo. Avtomobil je bil strokovno obnovljen po najvi\u0161jih standardih z originalnimi deli, vzdr\u017eeval pa ga je strokovnjak za VW. Od obnove je bilo vozilo shranjeno v gara\u017ei z nadzorovano klimo.<\/p>\n<p><strong>Zunanjost in kolesa<\/strong><\/p>\n<p>Zna\u010dilna bela barva je v idealnem stanju, trojna bela barvna shema pa je izvirna in redka. Kolesa so originalna 15-pal\u010dna s kromiranimi pokrovi pesta, ovita v povsem nove gume (DOT 2023) ustrezne velikosti (175\/70\/R15).<\/p>\n<p><strong>Dokumentacija<\/strong><\/p>\n<p>Zasebni prodajalec to vozilo z ustrezno dokumentacijo prodaja na Nizozemskem. <strong>Nizozemski tehni\u010dni pregled (APK) velja do avgusta 2024.<\/strong> Obstajajo zapisi o rednem vzdr\u017eevanju, ra\u010duni o prodaji in potrdila o pla\u010dilu. Dokumentacija vklju\u010duje originalni lastni\u0161ki naslov, bro\u0161ure, <a href=\"https:\/\/pistonaddict.com\/wp-content\/uploads\/2024\/02\/Zertificat.pdf\" target=\"blank\" rel=\"noopener\">VW classic expertise<\/a> in registracijske dokumente. Za ta model ni na voljo tovarni\u0161ke garancije.<\/p>\n<p><strong><br \/>\nOglejte si videoposnetek hladnega zagona tega \u010dudovitega kabrioleta Beetle Triple White :<\/strong><\/p>\n<p>&nbsp;<\/p>\n<p><iframe title=\"Cold Start Video of the Volkswagen Coccinelle\/Beetle Cabriolet 1.6 Triple White\" width=\"1200\" height=\"675\" src=\"https:\/\/www.youtube.com\/embed\/G0rjRvyjhRo?feature=oembed\" frameborder=\"0\" allow=\"accelerometer; autoplay; clipboard-write; encrypted-media; gyroscope; picture-in-picture; web-share\" allowfullscreen><\/iframe><\/p>\n<p><strong> <\/strong><\/p>\n","protected":false},"excerpt":{"rendered":"<p>Volkswagnov istoimenski hro\u0161\u010d je bil eden od najbolj obo\u017eevanih avtomobilov 20. stoletja in \u0161e vedno eden od najbolj\u0161ih klasi\u010dnih avtomobilov za za\u010detnike. Vendar je razli\u010dica kabriolet veliko redkej\u0161a, hladnej\u0161a in popolna za vo\u017enjo po obali na prostem z nezamenljivim zvokom \u0161tirivaljnika. \u010ce ste navdu\u0161eni nad klasi\u010dnimi linijami hro\u0161\u010da, vendar i\u0161\u010dete avto z bolj\u0161imi voznimi lastnostmi in mo\u010djo, je to popoln avtomobil za vas. Bolj za\u017eelen, poznej\u0161i model 1303 Convertible z mo\u010dnej\u0161im motorjem z vbrizgavanjem goriva, pripravljen na poletno sezono.<\/p>\n","protected":false},"featured_media":92693,"comment_status":"open","ping_status":"closed","template":"","meta":{"inline_featured_image":false},"product_cat":[700],"product_tag":[2969,970,2967],"acf":[],"yoast_head":"<!-- This site is optimized with the Yoast SEO plugin v22.5 - https:\/\/yoast.com\/wordpress\/plugins\/seo\/ -->\n<title>Volkswagen 1303 Kabriolet Triple White Beetle - ime Piston Addict<\/title>\n<meta name=\"robots\" content=\"index, follow, max-snippet:-1, max-image-preview:large, max-video-preview:-1\" \/>\n<link rel=\"canonical\" href=\"https:\/\/pistonaddict.com\/sl\/product\/volkswagen-1303-convertible-triple-white-beetle\/\" \/>\n<meta property=\"og:locale\" content=\"sl_SI\" \/>\n<meta property=\"og:type\" content=\"article\" \/>\n<meta property=\"og:title\" content=\"Volkswagen 1303 Kabriolet Triple White Beetle - ime Piston Addict\" \/>\n<meta property=\"og:description\" content=\"Volkswagnov istoimenski hro\u0161\u010d je bil eden od najbolj obo\u017eevanih avtomobilov 20. stoletja in \u0161e vedno eden od najbolj\u0161ih klasi\u010dnih avtomobilov za za\u010detnike. Vendar je razli\u010dica kabriolet veliko redkej\u0161a, hladnej\u0161a in popolna za vo\u017enjo po obali na prostem z nezamenljivim zvokom \u0161tirivaljnika. \u010ce ste navdu\u0161eni nad klasi\u010dnimi linijami hro\u0161\u010da, vendar i\u0161\u010dete avto z bolj\u0161imi voznimi lastnostmi in mo\u010djo, je to popoln avtomobil za vas. Bolj za\u017eelen, poznej\u0161i model 1303 Convertible z mo\u010dnej\u0161im motorjem z vbrizgavanjem goriva, pripravljen na poletno sezono.\" \/>\n<meta property=\"og:url\" content=\"https:\/\/pistonaddict.com\/sl\/product\/volkswagen-1303-convertible-triple-white-beetle\/\" \/>\n<meta property=\"og:site_name\" content=\"Piston Addict\" \/>\n<meta property=\"article:modified_time\" content=\"2024-03-20T08:46:48+00:00\" \/>\n<meta property=\"og:image\" content=\"https:\/\/pistonaddict.com\/wp-content\/uploads\/2024\/02\/b2c02738-a5a6-4266-893c-b51da700edcd-1.jpg\" \/>\n\t<meta property=\"og:image:width\" content=\"1600\" \/>\n\t<meta property=\"og:image:height\" content=\"1200\" \/>\n\t<meta property=\"og:image:type\" content=\"image\/jpeg\" \/>\n<meta name=\"twitter:card\" content=\"summary_large_image\" \/>\n<meta name=\"twitter:label1\" content=\"Est. reading time\" \/>\n\t<meta name=\"twitter:data1\" content=\"3 minute\" \/>\n<script type=\"application\/ld+json\" class=\"yoast-schema-graph\">{\"@context\":\"https:\/\/schema.org\",\"@graph\":[{\"@type\":\"WebPage\",\"@id\":\"https:\/\/pistonaddict.com\/sl\/product\/volkswagen-1303-convertible-triple-white-beetle\/\",\"url\":\"https:\/\/pistonaddict.com\/sl\/product\/volkswagen-1303-convertible-triple-white-beetle\/\",\"name\":\"Volkswagen 1303 Kabriolet Triple White Beetle - ime Piston Addict\",\"isPartOf\":{\"@id\":\"https:\/\/pistonaddict.com\/sl\/#website\"},\"primaryImageOfPage\":{\"@id\":\"https:\/\/pistonaddict.com\/sl\/product\/volkswagen-1303-convertible-triple-white-beetle\/#primaryimage\"},\"image\":{\"@id\":\"https:\/\/pistonaddict.com\/sl\/product\/volkswagen-1303-convertible-triple-white-beetle\/#primaryimage\"},\"thumbnailUrl\":\"https:\/\/pistonaddict.com\/wp-content\/uploads\/2024\/02\/b2c02738-a5a6-4266-893c-b51da700edcd-1.jpg\",\"datePublished\":\"2024-02-23T13:19:05+00:00\",\"dateModified\":\"2024-03-20T08:46:48+00:00\",\"breadcrumb\":{\"@id\":\"https:\/\/pistonaddict.com\/sl\/product\/volkswagen-1303-convertible-triple-white-beetle\/#breadcrumb\"},\"inLanguage\":\"sl-SI\",\"potentialAction\":[{\"@type\":\"ReadAction\",\"target\":[\"https:\/\/pistonaddict.com\/sl\/product\/volkswagen-1303-convertible-triple-white-beetle\/\"]}]},{\"@type\":\"ImageObject\",\"inLanguage\":\"sl-SI\",\"@id\":\"https:\/\/pistonaddict.com\/sl\/product\/volkswagen-1303-convertible-triple-white-beetle\/#primaryimage\",\"url\":\"https:\/\/pistonaddict.com\/wp-content\/uploads\/2024\/02\/b2c02738-a5a6-4266-893c-b51da700edcd-1.jpg\",\"contentUrl\":\"https:\/\/pistonaddict.com\/wp-content\/uploads\/2024\/02\/b2c02738-a5a6-4266-893c-b51da700edcd-1.jpg\",\"width\":1600,\"height\":1200},{\"@type\":\"BreadcrumbList\",\"@id\":\"https:\/\/pistonaddict.com\/sl\/product\/volkswagen-1303-convertible-triple-white-beetle\/#breadcrumb\",\"itemListElement\":[{\"@type\":\"ListItem\",\"position\":1,\"name\":\"Doma\u010da stran\",\"item\":\"https:\/\/pistonaddict.com\/sl\/domaca-stran-2\/\"},{\"@type\":\"ListItem\",\"position\":2,\"name\":\"Auctions\",\"item\":\"https:\/\/pistonaddict.com\/auctions-listing\/\"},{\"@type\":\"ListItem\",\"position\":3,\"name\":\"Volkswagen 1303 Kabriolet Triple White Beetle\"}]},{\"@type\":\"WebSite\",\"@id\":\"https:\/\/pistonaddict.com\/sl\/#website\",\"url\":\"https:\/\/pistonaddict.com\/sl\/\",\"name\":\"Piston Addict\",\"description\":\"Only interesting vehicles\",\"publisher\":{\"@id\":\"https:\/\/pistonaddict.com\/sl\/#organization\"},\"potentialAction\":[{\"@type\":\"SearchAction\",\"target\":{\"@type\":\"EntryPoint\",\"urlTemplate\":\"https:\/\/pistonaddict.com\/sl\/?s={search_term_string}\"},\"query-input\":\"required name=search_term_string\"}],\"inLanguage\":\"sl-SI\"},{\"@type\":\"Organization\",\"@id\":\"https:\/\/pistonaddict.com\/sl\/#organization\",\"name\":\"Piston Addict\",\"url\":\"https:\/\/pistonaddict.com\/sl\/\",\"logo\":{\"@type\":\"ImageObject\",\"inLanguage\":\"sl-SI\",\"@id\":\"https:\/\/pistonaddict.com\/sl\/#\/schema\/logo\/image\/\",\"url\":\"https:\/\/pistonaddict.com\/wp-content\/uploads\/2022\/07\/logo-6.png\",\"contentUrl\":\"https:\/\/pistonaddict.com\/wp-content\/uploads\/2022\/07\/logo-6.png\",\"width\":970,\"height\":200,\"caption\":\"Piston Addict\"},\"image\":{\"@id\":\"https:\/\/pistonaddict.com\/sl\/#\/schema\/logo\/image\/\"}}]}<\/script>\n<!-- \/ Yoast SEO plugin. -->","yoast_head_json":{"title":"Volkswagen 1303 Kabriolet Triple White Beetle - ime Piston Addict","robots":{"index":"index","follow":"follow","max-snippet":"max-snippet:-1","max-image-preview":"max-image-preview:large","max-video-preview":"max-video-preview:-1"},"canonical":"https:\/\/pistonaddict.com\/sl\/product\/volkswagen-1303-convertible-triple-white-beetle\/","og_locale":"sl_SI","og_type":"article","og_title":"Volkswagen 1303 Kabriolet Triple White Beetle - ime Piston Addict","og_description":"Volkswagnov istoimenski hro\u0161\u010d je bil eden od najbolj obo\u017eevanih avtomobilov 20. stoletja in \u0161e vedno eden od najbolj\u0161ih klasi\u010dnih avtomobilov za za\u010detnike. Vendar je razli\u010dica kabriolet veliko redkej\u0161a, hladnej\u0161a in popolna za vo\u017enjo po obali na prostem z nezamenljivim zvokom \u0161tirivaljnika. \u010ce ste navdu\u0161eni nad klasi\u010dnimi linijami hro\u0161\u010da, vendar i\u0161\u010dete avto z bolj\u0161imi voznimi lastnostmi in mo\u010djo, je to popoln avtomobil za vas. Bolj za\u017eelen, poznej\u0161i model 1303 Convertible z mo\u010dnej\u0161im motorjem z vbrizgavanjem goriva, pripravljen na poletno sezono.","og_url":"https:\/\/pistonaddict.com\/sl\/product\/volkswagen-1303-convertible-triple-white-beetle\/","og_site_name":"Piston Addict","article_modified_time":"2024-03-20T08:46:48+00:00","og_image":[{"width":1600,"height":1200,"url":"https:\/\/pistonaddict.com\/wp-content\/uploads\/2024\/02\/b2c02738-a5a6-4266-893c-b51da700edcd-1.jpg","type":"image\/jpeg"}],"twitter_card":"summary_large_image","twitter_misc":{"Est. reading time":"3 minute"},"schema":{"@context":"https:\/\/schema.org","@graph":[{"@type":"WebPage","@id":"https:\/\/pistonaddict.com\/sl\/product\/volkswagen-1303-convertible-triple-white-beetle\/","url":"https:\/\/pistonaddict.com\/sl\/product\/volkswagen-1303-convertible-triple-white-beetle\/","name":"Volkswagen 1303 Kabriolet Triple White Beetle - ime Piston Addict","isPartOf":{"@id":"https:\/\/pistonaddict.com\/sl\/#website"},"primaryImageOfPage":{"@id":"https:\/\/pistonaddict.com\/sl\/product\/volkswagen-1303-convertible-triple-white-beetle\/#primaryimage"},"image":{"@id":"https:\/\/pistonaddict.com\/sl\/product\/volkswagen-1303-convertible-triple-white-beetle\/#primaryimage"},"thumbnailUrl":"https:\/\/pistonaddict.com\/wp-content\/uploads\/2024\/02\/b2c02738-a5a6-4266-893c-b51da700edcd-1.jpg","datePublished":"2024-02-23T13:19:05+00:00","dateModified":"2024-03-20T08:46:48+00:00","breadcrumb":{"@id":"https:\/\/pistonaddict.com\/sl\/product\/volkswagen-1303-convertible-triple-white-beetle\/#breadcrumb"},"inLanguage":"sl-SI","potentialAction":[{"@type":"ReadAction","target":["https:\/\/pistonaddict.com\/sl\/product\/volkswagen-1303-convertible-triple-white-beetle\/"]}]},{"@type":"ImageObject","inLanguage":"sl-SI","@id":"https:\/\/pistonaddict.com\/sl\/product\/volkswagen-1303-convertible-triple-white-beetle\/#primaryimage","url":"https:\/\/pistonaddict.com\/wp-content\/uploads\/2024\/02\/b2c02738-a5a6-4266-893c-b51da700edcd-1.jpg","contentUrl":"https:\/\/pistonaddict.com\/wp-content\/uploads\/2024\/02\/b2c02738-a5a6-4266-893c-b51da700edcd-1.jpg","width":1600,"height":1200},{"@type":"BreadcrumbList","@id":"https:\/\/pistonaddict.com\/sl\/product\/volkswagen-1303-convertible-triple-white-beetle\/#breadcrumb","itemListElement":[{"@type":"ListItem","position":1,"name":"Doma\u010da stran","item":"https:\/\/pistonaddict.com\/sl\/domaca-stran-2\/"},{"@type":"ListItem","position":2,"name":"Auctions","item":"https:\/\/pistonaddict.com\/auctions-listing\/"},{"@type":"ListItem","position":3,"name":"Volkswagen 1303 Kabriolet Triple White Beetle"}]},{"@type":"WebSite","@id":"https:\/\/pistonaddict.com\/sl\/#website","url":"https:\/\/pistonaddict.com\/sl\/","name":"Piston Addict","description":"Only interesting vehicles","publisher":{"@id":"https:\/\/pistonaddict.com\/sl\/#organization"},"potentialAction":[{"@type":"SearchAction","target":{"@type":"EntryPoint","urlTemplate":"https:\/\/pistonaddict.com\/sl\/?s={search_term_string}"},"query-input":"required name=search_term_string"}],"inLanguage":"sl-SI"},{"@type":"Organization","@id":"https:\/\/pistonaddict.com\/sl\/#organization","name":"Piston Addict","url":"https:\/\/pistonaddict.com\/sl\/","logo":{"@type":"ImageObject","inLanguage":"sl-SI","@id":"https:\/\/pistonaddict.com\/sl\/#\/schema\/logo\/image\/","url":"https:\/\/pistonaddict.com\/wp-content\/uploads\/2022\/07\/logo-6.png","contentUrl":"https:\/\/pistonaddict.com\/wp-content\/uploads\/2022\/07\/logo-6.png","width":970,"height":200,"caption":"Piston Addict"},"image":{"@id":"https:\/\/pistonaddict.com\/sl\/#\/schema\/logo\/image\/"}}]}},"_links":{"self":[{"href":"https:\/\/pistonaddict.com\/sl\/wp-json\/wp\/v2\/product\/92892"}],"collection":[{"href":"https:\/\/pistonaddict.com\/sl\/wp-json\/wp\/v2\/product"}],"about":[{"href":"https:\/\/pistonaddict.com\/sl\/wp-json\/wp\/v2\/types\/product"}],"replies":[{"embeddable":true,"href":"https:\/\/pistonaddict.com\/sl\/wp-json\/wp\/v2\/comments?post=92892"}],"wp:featuredmedia":[{"embeddable":true,"href":"https:\/\/pistonaddict.com\/sl\/wp-json\/wp\/v2\/media\/92693"}],"wp:attachment":[{"href":"https:\/\/pistonaddict.com\/sl\/wp-json\/wp\/v2\/media?parent=92892"}],"wp:term":[{"taxonomy":"product_cat","embeddable":true,"href":"https:\/\/pistonaddict.com\/sl\/wp-json\/wp\/v2\/product_cat?post=92892"},{"taxonomy":"product_tag","embeddable":true,"href":"https:\/\/pistonaddict.com\/sl\/wp-json\/wp\/v2\/product_tag?post=92892"}],"curies":[{"name":"wp","href":"https:\/\/api.w.org\/{rel}","templated":true}]}}