{"id":89362,"date":"2024-01-31T11:03:43","date_gmt":"2024-01-31T10:03:43","guid":{"rendered":"https:\/\/pistonaddict.com\/product\/abarth-695-tributo-ferrari-no424\/"},"modified":"2024-03-20T09:47:00","modified_gmt":"2024-03-20T08:47:00","slug":"abarth-695-tributo-ferrari-no424","status":"publish","type":"product","link":"https:\/\/pistonaddict.com\/sl\/product\/abarth-695-tributo-ferrari-no424\/","title":{"rendered":"Abarth 695 Tributo Ferrari n\u00ba424"},"content":{"rendered":"<h2>Zunanjost<\/h2>\n<p>695, ki temelji na slavnem in zelo priljubljenem modelu Fiat 500, verjetno ni treba posebej predstavljati. Abarth je dodal masivne odbija\u010de spredaj in zadaj, ki jih spremljajo ustrezni pokrovi pragov, zadnji spojler in dvojni izpuh. Da bi ga \u0161e bolj popestrili, so vgradili podrobnosti, kot so pokrovi ogledal iz ogljikovih vlaken in privla\u010dna oznaka <em>Tributo Ferrari<\/em> na zadnji \u010detrtini.<br \/>\nTa Abart 695 je pobarvan v ognjeno rde\u010di barvi s sivimi dirkalnimi trakovi, ki se za\u010dnejo na pokrovu motorja, segajo \u010dez streho in kon\u010dajo na prtlja\u017enih vratih. Kako zelo je bil avto vozen &#8211; ali pa ni bil, \u010de smo natan\u010dnej\u0161i &#8211; najbolje ka\u017eejo 17-pal\u010dna plati\u0161\u010da, na katerih so \u0161e vedno tovarni\u0161ko name\u0161\u010dene pnevmatike Michelin Pilot.<\/p>\n<h2>Notranjost<\/h2>\n<p>Tako kot zunaj tudi v notranjosti avtomobila se hitro poka\u017ee njegova prava narava. Za za\u010detek so sprednji vedreni sede\u017ei, ki jih je izdelal Sabelt, izdelani iz ogljikovih vlaken in so izjemno oprijemljivi. Ko se voznik usede vanj, se znajde za trikrakim usnjenim volanom z rde\u010dimi poudarki in \u0161ivi. Ker gre za model z avtomatiziranim menjalnikom, ta Abart nima prestavne ro\u010dice na sredinski konzoli &#8211; namesto nje je na voljo le nekaj gumbov za izbiro vzvratne vo\u017enje, pogona ali nevtralnega polo\u017eaja. Na volanu pa so tudi lopatice, s katerimi lahko voznik ro\u010dno prestavlja prestave.<\/p>\n<p>Celotna notranjost je prekrita s prefinjenimi podrobnostmi, kot so obloge iz ogljikovih vlaken, klimatska naprava, stereo sistem s povezavo USB ter zna\u010dke <em>Tributo Ferrari<\/em> na vseh straneh.<\/p>\n<h2>Mehanika<\/h2>\n<p>Ta agresivni italijanski \u0161portnik ima 1,4-litrski motor s turbinskim polnilnikom, iz katerega je Abarthovim in\u017eenirjem uspelo iztisniti neverjetnih 180 konjskih mo\u010di. Mo\u010d se na sprednja kolesa prena\u0161a prek polavtomatskega menjalnika MTA, ki deluje v samodejnem ali ro\u010dnem na\u010dinu. \u010ce je v tako lahkem avtomobilu toliko mo\u010di, bo zagotovo dosegel izjemne zmogljivosti, na primer najve\u010djo hitrost ve\u010d kot 220 kilometrov na uro. Za nadzor nad vsem tem je Abarth 695 opremljen s tr\u0161im vzmetenjem in ve\u010djimi zavorami.<\/p>\n<h2>Zgodovina vozila<\/h2>\n<p>Strokovni prodajalec, ki je Abartha kupil pred kratkim, opisuje njegovo stanje kot skoraj popolno. Poleg tega, da je imel avto na uri malo prevo\u017eenih kilometrov, je bil nazadnje servisiran januarja 2023, ko je bilo zamenjano motorno olje. Znotraj in zunaj ni znakov obrabe, po\u0161kodb ali rje, edini vizualni pomanjkljivosti sta dve manj\u0161i praski na desni strani. Vendar pa bodo po prodaji avtomobila brezpla\u010dno strokovno popravljene za prihodnjega lastnika.<\/p>\n<p>Po navedbah prodajalca avtomobil, ki je trenutno v \u0160paniji, nikoli ni bil udele\u017een v nesre\u010di, kar dokazuje tudi ustrezno poro\u010dilo <a href=\"https:\/\/pistonaddict.com\/wp-content\/uploads\/2024\/01\/carfaxAbarth695.pdf\">CARFAX<\/a> o zgodovini vozila. \u0160panski MOT (ITV) je opravljen in velja do decembra 2024.<\/p>\n<p><strong>Oglejte si videoposnetek hladnega zagona tega \u010dudovitega Abartha 695 Tributo Ferrari :<\/strong><\/p>\n<p><iframe title=\"Cold Start Video of the Abarth 500 Tributo Ferrari\" width=\"1200\" height=\"675\" src=\"https:\/\/www.youtube.com\/embed\/lzDg2i_JYA4?feature=oembed\" frameborder=\"0\" allow=\"accelerometer; autoplay; clipboard-write; encrypted-media; gyroscope; picture-in-picture; web-share\" allowfullscreen><\/iframe><\/p>\n<p>&nbsp;<\/p>\n","protected":false},"excerpt":{"rendered":"<p>Ni nujno, da je majhen mestni avtomobil le prakti\u010den na\u010din premikanja v utesnjenem okolju. Namesto tega je lahko s pravo opremo pod pokrovom prava \u017eepna raketa, ki je, \u010de je ustrezno oble\u010dena, tudi videti osupljivo. Eden takih avtomobilov je Abarth 500, ki temelji na Fiatovi izjemno uspe\u0161ni reinkarnaciji legendarnega modela iz 60. let prej\u0161njega stoletja. Na dra\u017ebi pa je \u0161e bolj za\u010dinjena razli\u010dica Abarth 695, ki je bila izdelana leta 2010 in je do zdaj prevozila le 6.800 kilometrov. K ekskluzivnosti prispeva tudi dejstvo, da gre za redek model Tributo Ferrari, katerega proizvodnja je bila omejena na 1 695 enot. Poglejmo, kaj ponuja ta ekskluzivni in agresivni avtomobil&#8230;<\/p>\n","protected":false},"featured_media":89385,"comment_status":"open","ping_status":"closed","template":"","meta":{"inline_featured_image":false},"product_cat":[700],"product_tag":[2930,2931,904],"acf":[],"yoast_head":"<!-- This site is optimized with the Yoast SEO plugin v22.5 - https:\/\/yoast.com\/wordpress\/plugins\/seo\/ -->\n<title>Abarth 695 Tributo Ferrari n\u00ba424 - ime Piston Addict<\/title>\n<meta name=\"robots\" content=\"index, follow, max-snippet:-1, max-image-preview:large, max-video-preview:-1\" \/>\n<link rel=\"canonical\" href=\"https:\/\/pistonaddict.com\/sl\/product\/abarth-695-tributo-ferrari-no424\/\" \/>\n<meta property=\"og:locale\" content=\"sl_SI\" \/>\n<meta property=\"og:type\" content=\"article\" \/>\n<meta property=\"og:title\" content=\"Abarth 695 Tributo Ferrari n\u00ba424 - ime Piston Addict\" \/>\n<meta property=\"og:description\" content=\"Ni nujno, da je majhen mestni avtomobil le prakti\u010den na\u010din premikanja v utesnjenem okolju. Namesto tega je lahko s pravo opremo pod pokrovom prava \u017eepna raketa, ki je, \u010de je ustrezno oble\u010dena, tudi videti osupljivo. Eden takih avtomobilov je Abarth 500, ki temelji na Fiatovi izjemno uspe\u0161ni reinkarnaciji legendarnega modela iz 60. let prej\u0161njega stoletja. Na dra\u017ebi pa je \u0161e bolj za\u010dinjena razli\u010dica Abarth 695, ki je bila izdelana leta 2010 in je do zdaj prevozila le 6.800 kilometrov. K ekskluzivnosti prispeva tudi dejstvo, da gre za redek model Tributo Ferrari, katerega proizvodnja je bila omejena na 1 695 enot. Poglejmo, kaj ponuja ta ekskluzivni in agresivni avtomobil...\" \/>\n<meta property=\"og:url\" content=\"https:\/\/pistonaddict.com\/sl\/product\/abarth-695-tributo-ferrari-no424\/\" \/>\n<meta property=\"og:site_name\" content=\"Piston Addict\" \/>\n<meta property=\"article:modified_time\" content=\"2024-03-20T08:47:00+00:00\" \/>\n<meta property=\"og:image\" content=\"https:\/\/pistonaddict.com\/wp-content\/uploads\/2024\/01\/IMG-20240110-WA0149-1.jpg\" \/>\n\t<meta property=\"og:image:width\" content=\"1600\" \/>\n\t<meta property=\"og:image:height\" content=\"1200\" \/>\n\t<meta property=\"og:image:type\" content=\"image\/jpeg\" \/>\n<meta name=\"twitter:card\" content=\"summary_large_image\" \/>\n<meta name=\"twitter:label1\" content=\"Est. reading time\" \/>\n\t<meta name=\"twitter:data1\" content=\"2 minuti\" \/>\n<script type=\"application\/ld+json\" class=\"yoast-schema-graph\">{\"@context\":\"https:\/\/schema.org\",\"@graph\":[{\"@type\":\"WebPage\",\"@id\":\"https:\/\/pistonaddict.com\/sl\/product\/abarth-695-tributo-ferrari-no424\/\",\"url\":\"https:\/\/pistonaddict.com\/sl\/product\/abarth-695-tributo-ferrari-no424\/\",\"name\":\"Abarth 695 Tributo Ferrari n\u00ba424 - ime Piston Addict\",\"isPartOf\":{\"@id\":\"https:\/\/pistonaddict.com\/sl\/#website\"},\"primaryImageOfPage\":{\"@id\":\"https:\/\/pistonaddict.com\/sl\/product\/abarth-695-tributo-ferrari-no424\/#primaryimage\"},\"image\":{\"@id\":\"https:\/\/pistonaddict.com\/sl\/product\/abarth-695-tributo-ferrari-no424\/#primaryimage\"},\"thumbnailUrl\":\"https:\/\/pistonaddict.com\/wp-content\/uploads\/2024\/01\/IMG-20240110-WA0149-1.jpg\",\"datePublished\":\"2024-01-31T10:03:43+00:00\",\"dateModified\":\"2024-03-20T08:47:00+00:00\",\"breadcrumb\":{\"@id\":\"https:\/\/pistonaddict.com\/sl\/product\/abarth-695-tributo-ferrari-no424\/#breadcrumb\"},\"inLanguage\":\"sl-SI\",\"potentialAction\":[{\"@type\":\"ReadAction\",\"target\":[\"https:\/\/pistonaddict.com\/sl\/product\/abarth-695-tributo-ferrari-no424\/\"]}]},{\"@type\":\"ImageObject\",\"inLanguage\":\"sl-SI\",\"@id\":\"https:\/\/pistonaddict.com\/sl\/product\/abarth-695-tributo-ferrari-no424\/#primaryimage\",\"url\":\"https:\/\/pistonaddict.com\/wp-content\/uploads\/2024\/01\/IMG-20240110-WA0149-1.jpg\",\"contentUrl\":\"https:\/\/pistonaddict.com\/wp-content\/uploads\/2024\/01\/IMG-20240110-WA0149-1.jpg\",\"width\":1600,\"height\":1200},{\"@type\":\"BreadcrumbList\",\"@id\":\"https:\/\/pistonaddict.com\/sl\/product\/abarth-695-tributo-ferrari-no424\/#breadcrumb\",\"itemListElement\":[{\"@type\":\"ListItem\",\"position\":1,\"name\":\"Doma\u010da stran\",\"item\":\"https:\/\/pistonaddict.com\/sl\/domaca-stran-2\/\"},{\"@type\":\"ListItem\",\"position\":2,\"name\":\"Auctions\",\"item\":\"https:\/\/pistonaddict.com\/auctions-listing\/\"},{\"@type\":\"ListItem\",\"position\":3,\"name\":\"Abarth 695 Tributo Ferrari n\u00ba424\"}]},{\"@type\":\"WebSite\",\"@id\":\"https:\/\/pistonaddict.com\/sl\/#website\",\"url\":\"https:\/\/pistonaddict.com\/sl\/\",\"name\":\"Piston Addict\",\"description\":\"Only interesting vehicles\",\"publisher\":{\"@id\":\"https:\/\/pistonaddict.com\/sl\/#organization\"},\"potentialAction\":[{\"@type\":\"SearchAction\",\"target\":{\"@type\":\"EntryPoint\",\"urlTemplate\":\"https:\/\/pistonaddict.com\/sl\/?s={search_term_string}\"},\"query-input\":\"required name=search_term_string\"}],\"inLanguage\":\"sl-SI\"},{\"@type\":\"Organization\",\"@id\":\"https:\/\/pistonaddict.com\/sl\/#organization\",\"name\":\"Piston Addict\",\"url\":\"https:\/\/pistonaddict.com\/sl\/\",\"logo\":{\"@type\":\"ImageObject\",\"inLanguage\":\"sl-SI\",\"@id\":\"https:\/\/pistonaddict.com\/sl\/#\/schema\/logo\/image\/\",\"url\":\"https:\/\/pistonaddict.com\/wp-content\/uploads\/2022\/07\/logo-6.png\",\"contentUrl\":\"https:\/\/pistonaddict.com\/wp-content\/uploads\/2022\/07\/logo-6.png\",\"width\":970,\"height\":200,\"caption\":\"Piston Addict\"},\"image\":{\"@id\":\"https:\/\/pistonaddict.com\/sl\/#\/schema\/logo\/image\/\"}}]}<\/script>\n<!-- \/ Yoast SEO plugin. -->","yoast_head_json":{"title":"Abarth 695 Tributo Ferrari n\u00ba424 - ime Piston Addict","robots":{"index":"index","follow":"follow","max-snippet":"max-snippet:-1","max-image-preview":"max-image-preview:large","max-video-preview":"max-video-preview:-1"},"canonical":"https:\/\/pistonaddict.com\/sl\/product\/abarth-695-tributo-ferrari-no424\/","og_locale":"sl_SI","og_type":"article","og_title":"Abarth 695 Tributo Ferrari n\u00ba424 - ime Piston Addict","og_description":"Ni nujno, da je majhen mestni avtomobil le prakti\u010den na\u010din premikanja v utesnjenem okolju. Namesto tega je lahko s pravo opremo pod pokrovom prava \u017eepna raketa, ki je, \u010de je ustrezno oble\u010dena, tudi videti osupljivo. Eden takih avtomobilov je Abarth 500, ki temelji na Fiatovi izjemno uspe\u0161ni reinkarnaciji legendarnega modela iz 60. let prej\u0161njega stoletja. Na dra\u017ebi pa je \u0161e bolj za\u010dinjena razli\u010dica Abarth 695, ki je bila izdelana leta 2010 in je do zdaj prevozila le 6.800 kilometrov. K ekskluzivnosti prispeva tudi dejstvo, da gre za redek model Tributo Ferrari, katerega proizvodnja je bila omejena na 1 695 enot. Poglejmo, kaj ponuja ta ekskluzivni in agresivni avtomobil...","og_url":"https:\/\/pistonaddict.com\/sl\/product\/abarth-695-tributo-ferrari-no424\/","og_site_name":"Piston Addict","article_modified_time":"2024-03-20T08:47:00+00:00","og_image":[{"width":1600,"height":1200,"url":"https:\/\/pistonaddict.com\/wp-content\/uploads\/2024\/01\/IMG-20240110-WA0149-1.jpg","type":"image\/jpeg"}],"twitter_card":"summary_large_image","twitter_misc":{"Est. reading time":"2 minuti"},"schema":{"@context":"https:\/\/schema.org","@graph":[{"@type":"WebPage","@id":"https:\/\/pistonaddict.com\/sl\/product\/abarth-695-tributo-ferrari-no424\/","url":"https:\/\/pistonaddict.com\/sl\/product\/abarth-695-tributo-ferrari-no424\/","name":"Abarth 695 Tributo Ferrari n\u00ba424 - ime Piston Addict","isPartOf":{"@id":"https:\/\/pistonaddict.com\/sl\/#website"},"primaryImageOfPage":{"@id":"https:\/\/pistonaddict.com\/sl\/product\/abarth-695-tributo-ferrari-no424\/#primaryimage"},"image":{"@id":"https:\/\/pistonaddict.com\/sl\/product\/abarth-695-tributo-ferrari-no424\/#primaryimage"},"thumbnailUrl":"https:\/\/pistonaddict.com\/wp-content\/uploads\/2024\/01\/IMG-20240110-WA0149-1.jpg","datePublished":"2024-01-31T10:03:43+00:00","dateModified":"2024-03-20T08:47:00+00:00","breadcrumb":{"@id":"https:\/\/pistonaddict.com\/sl\/product\/abarth-695-tributo-ferrari-no424\/#breadcrumb"},"inLanguage":"sl-SI","potentialAction":[{"@type":"ReadAction","target":["https:\/\/pistonaddict.com\/sl\/product\/abarth-695-tributo-ferrari-no424\/"]}]},{"@type":"ImageObject","inLanguage":"sl-SI","@id":"https:\/\/pistonaddict.com\/sl\/product\/abarth-695-tributo-ferrari-no424\/#primaryimage","url":"https:\/\/pistonaddict.com\/wp-content\/uploads\/2024\/01\/IMG-20240110-WA0149-1.jpg","contentUrl":"https:\/\/pistonaddict.com\/wp-content\/uploads\/2024\/01\/IMG-20240110-WA0149-1.jpg","width":1600,"height":1200},{"@type":"BreadcrumbList","@id":"https:\/\/pistonaddict.com\/sl\/product\/abarth-695-tributo-ferrari-no424\/#breadcrumb","itemListElement":[{"@type":"ListItem","position":1,"name":"Doma\u010da stran","item":"https:\/\/pistonaddict.com\/sl\/domaca-stran-2\/"},{"@type":"ListItem","position":2,"name":"Auctions","item":"https:\/\/pistonaddict.com\/auctions-listing\/"},{"@type":"ListItem","position":3,"name":"Abarth 695 Tributo Ferrari n\u00ba424"}]},{"@type":"WebSite","@id":"https:\/\/pistonaddict.com\/sl\/#website","url":"https:\/\/pistonaddict.com\/sl\/","name":"Piston Addict","description":"Only interesting vehicles","publisher":{"@id":"https:\/\/pistonaddict.com\/sl\/#organization"},"potentialAction":[{"@type":"SearchAction","target":{"@type":"EntryPoint","urlTemplate":"https:\/\/pistonaddict.com\/sl\/?s={search_term_string}"},"query-input":"required name=search_term_string"}],"inLanguage":"sl-SI"},{"@type":"Organization","@id":"https:\/\/pistonaddict.com\/sl\/#organization","name":"Piston Addict","url":"https:\/\/pistonaddict.com\/sl\/","logo":{"@type":"ImageObject","inLanguage":"sl-SI","@id":"https:\/\/pistonaddict.com\/sl\/#\/schema\/logo\/image\/","url":"https:\/\/pistonaddict.com\/wp-content\/uploads\/2022\/07\/logo-6.png","contentUrl":"https:\/\/pistonaddict.com\/wp-content\/uploads\/2022\/07\/logo-6.png","width":970,"height":200,"caption":"Piston Addict"},"image":{"@id":"https:\/\/pistonaddict.com\/sl\/#\/schema\/logo\/image\/"}}]}},"_links":{"self":[{"href":"https:\/\/pistonaddict.com\/sl\/wp-json\/wp\/v2\/product\/89362"}],"collection":[{"href":"https:\/\/pistonaddict.com\/sl\/wp-json\/wp\/v2\/product"}],"about":[{"href":"https:\/\/pistonaddict.com\/sl\/wp-json\/wp\/v2\/types\/product"}],"replies":[{"embeddable":true,"href":"https:\/\/pistonaddict.com\/sl\/wp-json\/wp\/v2\/comments?post=89362"}],"wp:featuredmedia":[{"embeddable":true,"href":"https:\/\/pistonaddict.com\/sl\/wp-json\/wp\/v2\/media\/89385"}],"wp:attachment":[{"href":"https:\/\/pistonaddict.com\/sl\/wp-json\/wp\/v2\/media?parent=89362"}],"wp:term":[{"taxonomy":"product_cat","embeddable":true,"href":"https:\/\/pistonaddict.com\/sl\/wp-json\/wp\/v2\/product_cat?post=89362"},{"taxonomy":"product_tag","embeddable":true,"href":"https:\/\/pistonaddict.com\/sl\/wp-json\/wp\/v2\/product_tag?post=89362"}],"curies":[{"name":"wp","href":"https:\/\/api.w.org\/{rel}","templated":true}]}}