{"id":82558,"date":"2024-01-17T09:08:31","date_gmt":"2024-01-17T08:08:31","guid":{"rendered":"https:\/\/pistonaddict.com\/product\/mg-a-coupe\/"},"modified":"2024-05-29T10:47:19","modified_gmt":"2024-05-29T08:47:19","slug":"mg-a-coupe","status":"publish","type":"product","link":"https:\/\/pistonaddict.com\/sl\/product\/mg-a-coupe\/","title":{"rendered":"MG A coupe"},"content":{"rendered":"<p><strong>Zgodovina avtomobila<\/strong><\/p>\n<p>\u010ceprav je MG zdaj v kitajski lasti in prodaja vrsto dolgo\u010dasnih SUV-jev, bo ta znamka za vedno ostala sinonim za kupeje in roadsterje, ki so bili Mazdine Miate svojega \u010dasa. Majhni, okretni, hitri in zabavni avtomobili MG iz tistega obdobja so \u0161e vedno zelo priljubljeni med navdu\u0161enci po vsem svetu. Z visokozmogljivimi motorji, pogonom na zadnji kolesi, natan\u010dnim krmiljenjem in \u017eivahno zmogljivostjo je MG \u0161e pred drugo svetovno vojno zares odprl celotno sceno cenovno dostopnih \u0161portnih avtomobilov. Ko pa je leta 1955 pri\u0161el MG A, je bil to najsodobnej\u0161i model, ne le po videzu, temve\u010d tudi po tehnologiji. V Ameriki se je dobro prodajal, kar je podjetju dalo zagon za \u0161tevilne naslednje modele. Kombinacija \u010dudovitega videza in uspeha v moto\u0161portu je bila za MG A zmagovalna formula, zato je tako poseben in za\u017eelen. Ta primerek je bil izdelan leta 1959 in je model druge serije z mo\u010dnej\u0161im motorjem s prostornino 1.600 cm3 in 80 KM. Za takratne standarde je bila to pomembna \u0161tevilka, s \u0161tiristopenjskim ro\u010dnim menjalnikom s tesnim razmerjem pa je danes ve\u010d kot sposoben zagotavljati enako navdu\u0161enje kot pred leti. MG A 1600 je imel sprednje kolutne zavore, kar je bila za leto 1959 zelo napredna tehnologija. Ta primerek je eden od le 31.000 vozil, izdelanih med letoma 1959 in 1962, ko se je proizvodnja MG A kon\u010dala.<\/p>\n<p><strong>Notranjost<\/strong><\/p>\n<p>Notranjost tega MG A Coupe 1600 iz leta 1959, izdelanega v rde\u010dem usnju, je v odli\u010dnem stanju. Vse deluje brezhibno in ima ravno dovolj patine, da je tako o\u010darljiv, njegovi sede\u017ei pa so odli\u010den prostor za u\u017eivanje v tem avtomobilu. \u010ceprav pri 65 let starem vozilu ne moremo govoriti o sodobnih funkcijah, so v njem o\u010darljivi analogni \u0161tevil\u010dniki in grelnik, ki bi v preteklosti veljali za vrhunsko opremo. Varnostni pasovi so zaradi varnosti in uporabnosti nadgrajeni s sodobnej\u0161imi trito\u010dkovnimi pasovi.<\/p>\n<p><strong>Stanje<\/strong><\/p>\n<p>Ta MG A, ki ima od novega vozila (verjamemo, da je originalno) samo 51.824 kilometrov, je bil v preteklosti skrbno in rahlo obnovljen (vodna \u010drpalka, zadnje zavore in uplinja\u010d so bili zamenjani leta 2022). Na sre\u010do je bila skrbno obnovljena vsaka podrobnost in avtomobil je v zelo dobrem stanju, brez rje, popolnoma delujo\u010d in brez mehanskih te\u017eav. Prodajalec je vozilo kupil pred kratkim in konec leta 2023 opravil redna vzdr\u017eevalna dela, zavore pa so bile pregledane \u0161ele pred nekaj dnevi, januarja 2024.<\/p>\n<p><strong>Zunanjost in kolesa<\/strong><\/p>\n<p>Klasi\u010dna \u010drna barva je v spodobnem stanju, brez udarcev in ve\u010djih prask. Ves krom (ki je pri klasi\u010dnih avtomobilih, kot je ta, zelo pomemben), vklju\u010dno z re\u0161etko, odbija\u010di in oblogami, je v odli\u010dnem stanju. Kombinacija \u010drne zunanjosti in rde\u010de notranjosti je presenetljiva in poudarja linije avtomobila. Originalna 15-pal\u010dna plati\u0161\u010da so obuta v popolnoma nove gume, zato je avto popolnoma pripravljen na naslednjega lastnika in poletne vo\u017enje ob koncu tedna.<\/p>\n<p><strong>Dokumentacija<\/strong><\/p>\n<p>Prodajalec to vozilo prodaja z ustrezno dokumentacijo (vsi ra\u010duni, overjena kopija britanskega sklada za varstvo dedi\u0161\u010dine avtomobilske industrije in navodila za uporabo), ki se nahaja v \u0160paniji. Ker je ta avto iz leta 1959, ni poro\u010dil CarFax, vendar tudi ne dokazil o nesre\u010dah, popravilih v primeru nesre\u010d, lastni\u0161tvu ali pravnih te\u017eavah. Obstajajo zapisi o rednem vzdr\u017eevanju in potrdila o pla\u010dilu.<br \/>\n<strong>\u0160panski MOT (ITV) je opravljen in velja do avgusta 2028.<\/strong><\/p>\n<p><strong>Oglejte si videoposnetek hladnega zagona tega \u010dudovitega MG A Coupe :<\/strong><\/p>\n<p><iframe title=\"Cold Start Video of MGA coupe\" width=\"1200\" height=\"675\" src=\"https:\/\/www.youtube.com\/embed\/IaLRg9Rs9iY?feature=oembed\" frameborder=\"0\" allow=\"accelerometer; autoplay; clipboard-write; encrypted-media; gyroscope; picture-in-picture; web-share\" allowfullscreen><\/iframe><\/p>\n","protected":false},"excerpt":{"rendered":"<p>\u010ce bi \u017eeleli raziskati genezo sodobnih \u0161portnih avtomobilov, bi morali za\u010deti z legendarnim avtomobilom MG A. Ta \u0161portni avtomobil je z oblikovano karoserijo, motorji, ki se veselijo vrtenja, odli\u010dnimi zmogljivostmi (za tisti \u010das) in dostopno ceno povzro\u010dil revolucijo v tem segmentu. Ostal je eden od najbolj zna\u010dilnih britanskih kupejev vseh \u010dasov.<\/p>\n","protected":false},"featured_media":81154,"comment_status":"open","ping_status":"closed","template":"","meta":{"inline_featured_image":false},"product_cat":[700],"product_tag":[2878,2876,970],"acf":[],"yoast_head":"<!-- This site is optimized with the Yoast SEO plugin v22.5 - https:\/\/yoast.com\/wordpress\/plugins\/seo\/ -->\n<title>MG A coupe - ime Piston Addict<\/title>\n<meta name=\"robots\" content=\"index, follow, max-snippet:-1, max-image-preview:large, max-video-preview:-1\" \/>\n<link rel=\"canonical\" href=\"https:\/\/pistonaddict.com\/sl\/product\/mg-a-coupe\/\" \/>\n<meta property=\"og:locale\" content=\"sl_SI\" \/>\n<meta property=\"og:type\" content=\"article\" \/>\n<meta property=\"og:title\" content=\"MG A coupe - ime Piston Addict\" \/>\n<meta property=\"og:description\" content=\"\u010ce bi \u017eeleli raziskati genezo sodobnih \u0161portnih avtomobilov, bi morali za\u010deti z legendarnim avtomobilom MG A. Ta \u0161portni avtomobil je z oblikovano karoserijo, motorji, ki se veselijo vrtenja, odli\u010dnimi zmogljivostmi (za tisti \u010das) in dostopno ceno povzro\u010dil revolucijo v tem segmentu. Ostal je eden od najbolj zna\u010dilnih britanskih kupejev vseh \u010dasov.\" \/>\n<meta property=\"og:url\" content=\"https:\/\/pistonaddict.com\/sl\/product\/mg-a-coupe\/\" \/>\n<meta property=\"og:site_name\" content=\"Piston Addict\" \/>\n<meta property=\"article:modified_time\" content=\"2024-05-29T08:47:19+00:00\" \/>\n<meta property=\"og:image\" content=\"https:\/\/pistonaddict.com\/wp-content\/uploads\/2024\/01\/IMG-20231031-WA0006.jpg\" \/>\n\t<meta property=\"og:image:width\" content=\"1600\" \/>\n\t<meta property=\"og:image:height\" content=\"1200\" \/>\n\t<meta property=\"og:image:type\" content=\"image\/jpeg\" \/>\n<meta name=\"twitter:card\" content=\"summary_large_image\" \/>\n<meta name=\"twitter:label1\" content=\"Est. reading time\" \/>\n\t<meta name=\"twitter:data1\" content=\"3 minute\" \/>\n<script type=\"application\/ld+json\" class=\"yoast-schema-graph\">{\"@context\":\"https:\/\/schema.org\",\"@graph\":[{\"@type\":\"WebPage\",\"@id\":\"https:\/\/pistonaddict.com\/sl\/product\/mg-a-coupe\/\",\"url\":\"https:\/\/pistonaddict.com\/sl\/product\/mg-a-coupe\/\",\"name\":\"MG A coupe - ime Piston Addict\",\"isPartOf\":{\"@id\":\"https:\/\/pistonaddict.com\/sl\/#website\"},\"primaryImageOfPage\":{\"@id\":\"https:\/\/pistonaddict.com\/sl\/product\/mg-a-coupe\/#primaryimage\"},\"image\":{\"@id\":\"https:\/\/pistonaddict.com\/sl\/product\/mg-a-coupe\/#primaryimage\"},\"thumbnailUrl\":\"https:\/\/pistonaddict.com\/wp-content\/uploads\/2024\/01\/IMG-20231031-WA0006.jpg\",\"datePublished\":\"2024-01-17T08:08:31+00:00\",\"dateModified\":\"2024-05-29T08:47:19+00:00\",\"breadcrumb\":{\"@id\":\"https:\/\/pistonaddict.com\/sl\/product\/mg-a-coupe\/#breadcrumb\"},\"inLanguage\":\"sl-SI\",\"potentialAction\":[{\"@type\":\"ReadAction\",\"target\":[\"https:\/\/pistonaddict.com\/sl\/product\/mg-a-coupe\/\"]}]},{\"@type\":\"ImageObject\",\"inLanguage\":\"sl-SI\",\"@id\":\"https:\/\/pistonaddict.com\/sl\/product\/mg-a-coupe\/#primaryimage\",\"url\":\"https:\/\/pistonaddict.com\/wp-content\/uploads\/2024\/01\/IMG-20231031-WA0006.jpg\",\"contentUrl\":\"https:\/\/pistonaddict.com\/wp-content\/uploads\/2024\/01\/IMG-20231031-WA0006.jpg\",\"width\":1600,\"height\":1200},{\"@type\":\"BreadcrumbList\",\"@id\":\"https:\/\/pistonaddict.com\/sl\/product\/mg-a-coupe\/#breadcrumb\",\"itemListElement\":[{\"@type\":\"ListItem\",\"position\":1,\"name\":\"Doma\u010da stran\",\"item\":\"https:\/\/pistonaddict.com\/sl\/domaca-stran-2\/\"},{\"@type\":\"ListItem\",\"position\":2,\"name\":\"Auctions\",\"item\":\"https:\/\/pistonaddict.com\/auctions-listing\/\"},{\"@type\":\"ListItem\",\"position\":3,\"name\":\"MG A coupe\"}]},{\"@type\":\"WebSite\",\"@id\":\"https:\/\/pistonaddict.com\/sl\/#website\",\"url\":\"https:\/\/pistonaddict.com\/sl\/\",\"name\":\"Piston Addict\",\"description\":\"Only interesting vehicles\",\"publisher\":{\"@id\":\"https:\/\/pistonaddict.com\/sl\/#organization\"},\"potentialAction\":[{\"@type\":\"SearchAction\",\"target\":{\"@type\":\"EntryPoint\",\"urlTemplate\":\"https:\/\/pistonaddict.com\/sl\/?s={search_term_string}\"},\"query-input\":\"required name=search_term_string\"}],\"inLanguage\":\"sl-SI\"},{\"@type\":\"Organization\",\"@id\":\"https:\/\/pistonaddict.com\/sl\/#organization\",\"name\":\"Piston Addict\",\"url\":\"https:\/\/pistonaddict.com\/sl\/\",\"logo\":{\"@type\":\"ImageObject\",\"inLanguage\":\"sl-SI\",\"@id\":\"https:\/\/pistonaddict.com\/sl\/#\/schema\/logo\/image\/\",\"url\":\"https:\/\/pistonaddict.com\/wp-content\/uploads\/2022\/07\/logo-6.png\",\"contentUrl\":\"https:\/\/pistonaddict.com\/wp-content\/uploads\/2022\/07\/logo-6.png\",\"width\":970,\"height\":200,\"caption\":\"Piston Addict\"},\"image\":{\"@id\":\"https:\/\/pistonaddict.com\/sl\/#\/schema\/logo\/image\/\"}}]}<\/script>\n<!-- \/ Yoast SEO plugin. -->","yoast_head_json":{"title":"MG A coupe - ime Piston Addict","robots":{"index":"index","follow":"follow","max-snippet":"max-snippet:-1","max-image-preview":"max-image-preview:large","max-video-preview":"max-video-preview:-1"},"canonical":"https:\/\/pistonaddict.com\/sl\/product\/mg-a-coupe\/","og_locale":"sl_SI","og_type":"article","og_title":"MG A coupe - ime Piston Addict","og_description":"\u010ce bi \u017eeleli raziskati genezo sodobnih \u0161portnih avtomobilov, bi morali za\u010deti z legendarnim avtomobilom MG A. Ta \u0161portni avtomobil je z oblikovano karoserijo, motorji, ki se veselijo vrtenja, odli\u010dnimi zmogljivostmi (za tisti \u010das) in dostopno ceno povzro\u010dil revolucijo v tem segmentu. Ostal je eden od najbolj zna\u010dilnih britanskih kupejev vseh \u010dasov.","og_url":"https:\/\/pistonaddict.com\/sl\/product\/mg-a-coupe\/","og_site_name":"Piston Addict","article_modified_time":"2024-05-29T08:47:19+00:00","og_image":[{"width":1600,"height":1200,"url":"https:\/\/pistonaddict.com\/wp-content\/uploads\/2024\/01\/IMG-20231031-WA0006.jpg","type":"image\/jpeg"}],"twitter_card":"summary_large_image","twitter_misc":{"Est. reading time":"3 minute"},"schema":{"@context":"https:\/\/schema.org","@graph":[{"@type":"WebPage","@id":"https:\/\/pistonaddict.com\/sl\/product\/mg-a-coupe\/","url":"https:\/\/pistonaddict.com\/sl\/product\/mg-a-coupe\/","name":"MG A coupe - ime Piston Addict","isPartOf":{"@id":"https:\/\/pistonaddict.com\/sl\/#website"},"primaryImageOfPage":{"@id":"https:\/\/pistonaddict.com\/sl\/product\/mg-a-coupe\/#primaryimage"},"image":{"@id":"https:\/\/pistonaddict.com\/sl\/product\/mg-a-coupe\/#primaryimage"},"thumbnailUrl":"https:\/\/pistonaddict.com\/wp-content\/uploads\/2024\/01\/IMG-20231031-WA0006.jpg","datePublished":"2024-01-17T08:08:31+00:00","dateModified":"2024-05-29T08:47:19+00:00","breadcrumb":{"@id":"https:\/\/pistonaddict.com\/sl\/product\/mg-a-coupe\/#breadcrumb"},"inLanguage":"sl-SI","potentialAction":[{"@type":"ReadAction","target":["https:\/\/pistonaddict.com\/sl\/product\/mg-a-coupe\/"]}]},{"@type":"ImageObject","inLanguage":"sl-SI","@id":"https:\/\/pistonaddict.com\/sl\/product\/mg-a-coupe\/#primaryimage","url":"https:\/\/pistonaddict.com\/wp-content\/uploads\/2024\/01\/IMG-20231031-WA0006.jpg","contentUrl":"https:\/\/pistonaddict.com\/wp-content\/uploads\/2024\/01\/IMG-20231031-WA0006.jpg","width":1600,"height":1200},{"@type":"BreadcrumbList","@id":"https:\/\/pistonaddict.com\/sl\/product\/mg-a-coupe\/#breadcrumb","itemListElement":[{"@type":"ListItem","position":1,"name":"Doma\u010da stran","item":"https:\/\/pistonaddict.com\/sl\/domaca-stran-2\/"},{"@type":"ListItem","position":2,"name":"Auctions","item":"https:\/\/pistonaddict.com\/auctions-listing\/"},{"@type":"ListItem","position":3,"name":"MG A coupe"}]},{"@type":"WebSite","@id":"https:\/\/pistonaddict.com\/sl\/#website","url":"https:\/\/pistonaddict.com\/sl\/","name":"Piston Addict","description":"Only interesting vehicles","publisher":{"@id":"https:\/\/pistonaddict.com\/sl\/#organization"},"potentialAction":[{"@type":"SearchAction","target":{"@type":"EntryPoint","urlTemplate":"https:\/\/pistonaddict.com\/sl\/?s={search_term_string}"},"query-input":"required name=search_term_string"}],"inLanguage":"sl-SI"},{"@type":"Organization","@id":"https:\/\/pistonaddict.com\/sl\/#organization","name":"Piston Addict","url":"https:\/\/pistonaddict.com\/sl\/","logo":{"@type":"ImageObject","inLanguage":"sl-SI","@id":"https:\/\/pistonaddict.com\/sl\/#\/schema\/logo\/image\/","url":"https:\/\/pistonaddict.com\/wp-content\/uploads\/2022\/07\/logo-6.png","contentUrl":"https:\/\/pistonaddict.com\/wp-content\/uploads\/2022\/07\/logo-6.png","width":970,"height":200,"caption":"Piston Addict"},"image":{"@id":"https:\/\/pistonaddict.com\/sl\/#\/schema\/logo\/image\/"}}]}},"_links":{"self":[{"href":"https:\/\/pistonaddict.com\/sl\/wp-json\/wp\/v2\/product\/82558"}],"collection":[{"href":"https:\/\/pistonaddict.com\/sl\/wp-json\/wp\/v2\/product"}],"about":[{"href":"https:\/\/pistonaddict.com\/sl\/wp-json\/wp\/v2\/types\/product"}],"replies":[{"embeddable":true,"href":"https:\/\/pistonaddict.com\/sl\/wp-json\/wp\/v2\/comments?post=82558"}],"wp:featuredmedia":[{"embeddable":true,"href":"https:\/\/pistonaddict.com\/sl\/wp-json\/wp\/v2\/media\/81154"}],"wp:attachment":[{"href":"https:\/\/pistonaddict.com\/sl\/wp-json\/wp\/v2\/media?parent=82558"}],"wp:term":[{"taxonomy":"product_cat","embeddable":true,"href":"https:\/\/pistonaddict.com\/sl\/wp-json\/wp\/v2\/product_cat?post=82558"},{"taxonomy":"product_tag","embeddable":true,"href":"https:\/\/pistonaddict.com\/sl\/wp-json\/wp\/v2\/product_tag?post=82558"}],"curies":[{"name":"wp","href":"https:\/\/api.w.org\/{rel}","templated":true}]}}