{"id":79052,"date":"2023-12-13T14:41:14","date_gmt":"2023-12-13T13:41:14","guid":{"rendered":"https:\/\/pistonaddict.com\/product\/alpine-a110\/"},"modified":"2024-03-20T09:42:42","modified_gmt":"2024-03-20T08:42:42","slug":"alpine-a110","status":"publish","type":"product","link":"https:\/\/pistonaddict.com\/sl\/product\/alpine-a110\/","title":{"rendered":"Alpine A110"},"content":{"rendered":"<p><strong>Zgodovina avtomobila<\/strong><\/p>\n<p>Za generacije ljubiteljev \u0161portnih avtomobilov, ki so odra\u0161\u010dali v 60. in 70. letih prej\u0161njega stoletja, je ime Alpine sinonim za prvenstvo v reliju, visoko zmogljivost in neprimerljivo navzo\u010dnost na cesti. \u010ceprav je Alpine uporabljal standardne Renaultove sestavne dele, so bili avtomobili zaradi svojega videza in vozne dinamike skorajda privla\u010dni za superavtomobile in priljubljeni med navdu\u0161enci. Toda v zgodnjih 90. letih je blagovna znamka izginila, skoraj pozabljena med vsemi, razen med najbolj zagrizenimi obo\u017eevalci. Na sre\u010do se je Renault zavedal, kako pomemben je potencial tega legendarnega imena, in veliko vlo\u017eil v povsem nov model s popolnoma aluminijasto karoserijo, sredinsko name\u0161\u010denim motorjem in hitrim menjalnikom z dvojno sklopko. Zdru\u017eitev ikoni\u010dnega in retrofuturisti\u010dnega videza z motorjem Clio RS ter prilagojenimi nastavitvami karoserije in vzmetenja je ustvarila takoj\u0161njo klasiko in verjetno najbolj\u0161i \u0161portni avtomobil desetletja. S 1,8-litrskim turbodizlom, ki prena\u0161a mo\u010d na zadnji kolesi, lahko ta \u010dudovit dvosede\u017enik dose\u017ee precej prepri\u010dljiv \u010das od 0 do 100 km\/h (60 km\/h) v 4,5 sekunde. Vendar pa \u0161tevilke tega avtomobila ne opisujejo pravi\u010dno. Alpine A110 z nekaj ve\u010d kot eno tono skupne mase leti po ovinkih in se obnese kot v sanjah. Ravno zaradi neprimerljive vozne dinamike je ljubljenec \u0161tevilnih revij.<\/p>\n<p><strong>Notranjost<\/strong><\/p>\n<p>Ker je ta model relativno nov in ima malo prevo\u017eenih kilometrov, je usnjena notranjost kot nova, brez znakov obrabe. Izku\u0161eni kupci bodo opazili, da so na voljo opcijski sede\u017ei &#8220;GT&#8221;, kar je dobrodo\u0161el dodatek, in nekaj karbonskih elementov za videz moto\u0161porta. Pomemben pa je premium avdio sistem Focal, ki je redka mo\u017enost.<\/p>\n<p><strong>Stanje<\/strong><\/p>\n<p>Ta primerek je bil dobavljen kot nov leta 2021 in od takrat je prevozil nekaj ve\u010d kot 30.000 km. To je dobro vzdr\u017eevan avtomobil, ki se uporablja za radostno vo\u017enjo, kot so si ga zamislili njegovi konstruktorji. Dva skrbna lastnika ga od novega nista nikoli zasledovala ali po\u0161kodovala. Prvotni lastnik je bil komercialni direktor podjetja Alpine Spain. Zadnji servis je bil opravljen novembra 2023, zavore pa so bile prenovljene pred kratkim, decembra 2023. Prej\u0161nja menjava olja je bila opravljena septembra. <strong>Ta Alpine A110 je \u0161e vedno v tovarni\u0161ki garanciji do novembra 2024, zato je bilo vse vzdr\u017eevanje opravljeno na uradnem servisu v \u0160paniji<\/strong>.<\/p>\n<p><strong> <\/strong><strong>Zunanjost in kolesa<\/strong><\/p>\n<p>Ta Alpine A110, pobarvan v belo barvo z zelo zanimivim grafi\u010dnim paketom, ima edinstven videz s posebnimi 18-pal\u010dnimi plati\u0161\u010di, ki so na voljo samo za Alpine. Karoserija je brez po\u0161kodb, vdolbin ali prask, pnevmatike pa so po navedbah prodajalca v spodobnem stanju, saj so uporabljene le 50 %. Gre za pnevmatike Michelin Pilot Sport, ki so bile izdelane konec leta 2021.<\/p>\n<p><strong>Dokumentacija<\/strong><\/p>\n<p>Prodajalec to vozilo z ustrezno dokumentacijo prodaja v \u0160paniji. <a href=\"https:\/\/pistonaddict.com\/wp-content\/uploads\/2023\/12\/AlpineA110.pdf\">Poro\u010dilo CarFax<\/a> je \u010disto; ni dokazov o nesre\u010dah, popravilih, lastni\u0161tvu ali pravnih te\u017eavah. Obstajajo zapisi o rednem vzdr\u017eevanju, ra\u010duni o prodaji in potrdila o pla\u010dilu. Za ta Alpine A110 \u0161e vedno velja tovarni\u0161ka garancija, ki se lahko prenese na naslednjega lastnika.<\/p>\n<p><strong>Oglejte si videoposnetek hladnega zagona tega \u010dudovitega vozila Alpine A110 :<\/strong><\/p>\n<p><iframe title=\"Cold Start Video of this great Alpine A110 for auction sale\" width=\"1200\" height=\"675\" src=\"https:\/\/www.youtube.com\/embed\/FlqeDNY4UtI?feature=oembed\" frameborder=\"0\" allow=\"accelerometer; autoplay; clipboard-write; encrypted-media; gyroscope; picture-in-picture; web-share\" allowfullscreen><\/iframe><\/p>\n","protected":false},"excerpt":{"rendered":"<p>Najbolj vro\u010d \u0161portni avtomobil zadnjih nekaj let ni Ferrari, Lamborghini ali McLaren. To je Alpine A110 s po meri izdelano, zelo lahko karoserijo, energi\u010dnim turbo \u0161tirivaljnikom in \u017eivahnimi zmogljivostmi. Ta dvosede\u017enik je ljubitelje \u0161portnih avtomobilov spomnil, kaj je bistvo vo\u017enje, in na trg zmagoslavno vrnil legendarno znamko. Danes vam s ponosom predstavljamo enega najbolj\u0161ih primerkov tega izjemno vplivnega \u0161portnega avtomobila.<\/p>\n","protected":false},"featured_media":78365,"comment_status":"open","ping_status":"closed","template":"","meta":{"inline_featured_image":false},"product_cat":[700],"product_tag":[2812,2807,904],"acf":[],"yoast_head":"<!-- This site is optimized with the Yoast SEO plugin v22.5 - https:\/\/yoast.com\/wordpress\/plugins\/seo\/ -->\n<title>Alpine A110 dra\u017ebe - Piston Addict<\/title>\n<meta name=\"robots\" content=\"index, follow, max-snippet:-1, max-image-preview:large, max-video-preview:-1\" \/>\n<link rel=\"canonical\" href=\"https:\/\/pistonaddict.com\/sl\/product\/alpine-a110\/\" \/>\n<meta property=\"og:locale\" content=\"sl_SI\" \/>\n<meta property=\"og:type\" content=\"article\" \/>\n<meta property=\"og:title\" content=\"Alpine A110 dra\u017ebe - Piston Addict\" \/>\n<meta property=\"og:description\" content=\"Najbolj vro\u010d \u0161portni avtomobil zadnjih nekaj let ni Ferrari, Lamborghini ali McLaren. To je Alpine A110 s po meri izdelano, zelo lahko karoserijo, energi\u010dnim turbo \u0161tirivaljnikom in \u017eivahnimi zmogljivostmi. Ta dvosede\u017enik je ljubitelje \u0161portnih avtomobilov spomnil, kaj je bistvo vo\u017enje, in na trg zmagoslavno vrnil legendarno znamko. Danes vam s ponosom predstavljamo enega najbolj\u0161ih primerkov tega izjemno vplivnega \u0161portnega avtomobila.\" \/>\n<meta property=\"og:url\" content=\"https:\/\/pistonaddict.com\/sl\/product\/alpine-a110\/\" \/>\n<meta property=\"og:site_name\" content=\"Piston Addict\" \/>\n<meta property=\"article:modified_time\" content=\"2024-03-20T08:42:42+00:00\" \/>\n<meta property=\"og:image\" content=\"https:\/\/pistonaddict.com\/wp-content\/uploads\/2023\/12\/4517LTW_01.jpg\" \/>\n\t<meta property=\"og:image:width\" content=\"1440\" \/>\n\t<meta property=\"og:image:height\" content=\"1080\" \/>\n\t<meta property=\"og:image:type\" content=\"image\/jpeg\" \/>\n<meta name=\"twitter:card\" content=\"summary_large_image\" \/>\n<meta name=\"twitter:label1\" content=\"Est. reading time\" \/>\n\t<meta name=\"twitter:data1\" content=\"3 minute\" \/>\n<script type=\"application\/ld+json\" class=\"yoast-schema-graph\">{\"@context\":\"https:\/\/schema.org\",\"@graph\":[{\"@type\":\"WebPage\",\"@id\":\"https:\/\/pistonaddict.com\/sl\/product\/alpine-a110\/\",\"url\":\"https:\/\/pistonaddict.com\/sl\/product\/alpine-a110\/\",\"name\":\"Alpine A110 dra\u017ebe - Piston Addict\",\"isPartOf\":{\"@id\":\"https:\/\/pistonaddict.com\/sl\/#website\"},\"primaryImageOfPage\":{\"@id\":\"https:\/\/pistonaddict.com\/sl\/product\/alpine-a110\/#primaryimage\"},\"image\":{\"@id\":\"https:\/\/pistonaddict.com\/sl\/product\/alpine-a110\/#primaryimage\"},\"thumbnailUrl\":\"https:\/\/pistonaddict.com\/wp-content\/uploads\/2023\/12\/4517LTW_01.jpg\",\"datePublished\":\"2023-12-13T13:41:14+00:00\",\"dateModified\":\"2024-03-20T08:42:42+00:00\",\"breadcrumb\":{\"@id\":\"https:\/\/pistonaddict.com\/sl\/product\/alpine-a110\/#breadcrumb\"},\"inLanguage\":\"sl-SI\",\"potentialAction\":[{\"@type\":\"ReadAction\",\"target\":[\"https:\/\/pistonaddict.com\/sl\/product\/alpine-a110\/\"]}]},{\"@type\":\"ImageObject\",\"inLanguage\":\"sl-SI\",\"@id\":\"https:\/\/pistonaddict.com\/sl\/product\/alpine-a110\/#primaryimage\",\"url\":\"https:\/\/pistonaddict.com\/wp-content\/uploads\/2023\/12\/4517LTW_01.jpg\",\"contentUrl\":\"https:\/\/pistonaddict.com\/wp-content\/uploads\/2023\/12\/4517LTW_01.jpg\",\"width\":1440,\"height\":1080},{\"@type\":\"BreadcrumbList\",\"@id\":\"https:\/\/pistonaddict.com\/sl\/product\/alpine-a110\/#breadcrumb\",\"itemListElement\":[{\"@type\":\"ListItem\",\"position\":1,\"name\":\"Doma\u010da stran\",\"item\":\"https:\/\/pistonaddict.com\/sl\/domaca-stran-2\/\"},{\"@type\":\"ListItem\",\"position\":2,\"name\":\"Auctions\",\"item\":\"https:\/\/pistonaddict.com\/auctions-listing\/\"},{\"@type\":\"ListItem\",\"position\":3,\"name\":\"Alpine A110\"}]},{\"@type\":\"WebSite\",\"@id\":\"https:\/\/pistonaddict.com\/sl\/#website\",\"url\":\"https:\/\/pistonaddict.com\/sl\/\",\"name\":\"Piston Addict\",\"description\":\"Only interesting vehicles\",\"publisher\":{\"@id\":\"https:\/\/pistonaddict.com\/sl\/#organization\"},\"potentialAction\":[{\"@type\":\"SearchAction\",\"target\":{\"@type\":\"EntryPoint\",\"urlTemplate\":\"https:\/\/pistonaddict.com\/sl\/?s={search_term_string}\"},\"query-input\":\"required name=search_term_string\"}],\"inLanguage\":\"sl-SI\"},{\"@type\":\"Organization\",\"@id\":\"https:\/\/pistonaddict.com\/sl\/#organization\",\"name\":\"Piston Addict\",\"url\":\"https:\/\/pistonaddict.com\/sl\/\",\"logo\":{\"@type\":\"ImageObject\",\"inLanguage\":\"sl-SI\",\"@id\":\"https:\/\/pistonaddict.com\/sl\/#\/schema\/logo\/image\/\",\"url\":\"https:\/\/pistonaddict.com\/wp-content\/uploads\/2022\/07\/logo-6.png\",\"contentUrl\":\"https:\/\/pistonaddict.com\/wp-content\/uploads\/2022\/07\/logo-6.png\",\"width\":970,\"height\":200,\"caption\":\"Piston Addict\"},\"image\":{\"@id\":\"https:\/\/pistonaddict.com\/sl\/#\/schema\/logo\/image\/\"}}]}<\/script>\n<!-- \/ Yoast SEO plugin. -->","yoast_head_json":{"title":"Alpine A110 dra\u017ebe - Piston Addict","robots":{"index":"index","follow":"follow","max-snippet":"max-snippet:-1","max-image-preview":"max-image-preview:large","max-video-preview":"max-video-preview:-1"},"canonical":"https:\/\/pistonaddict.com\/sl\/product\/alpine-a110\/","og_locale":"sl_SI","og_type":"article","og_title":"Alpine A110 dra\u017ebe - Piston Addict","og_description":"Najbolj vro\u010d \u0161portni avtomobil zadnjih nekaj let ni Ferrari, Lamborghini ali McLaren. To je Alpine A110 s po meri izdelano, zelo lahko karoserijo, energi\u010dnim turbo \u0161tirivaljnikom in \u017eivahnimi zmogljivostmi. Ta dvosede\u017enik je ljubitelje \u0161portnih avtomobilov spomnil, kaj je bistvo vo\u017enje, in na trg zmagoslavno vrnil legendarno znamko. Danes vam s ponosom predstavljamo enega najbolj\u0161ih primerkov tega izjemno vplivnega \u0161portnega avtomobila.","og_url":"https:\/\/pistonaddict.com\/sl\/product\/alpine-a110\/","og_site_name":"Piston Addict","article_modified_time":"2024-03-20T08:42:42+00:00","og_image":[{"width":1440,"height":1080,"url":"https:\/\/pistonaddict.com\/wp-content\/uploads\/2023\/12\/4517LTW_01.jpg","type":"image\/jpeg"}],"twitter_card":"summary_large_image","twitter_misc":{"Est. reading time":"3 minute"},"schema":{"@context":"https:\/\/schema.org","@graph":[{"@type":"WebPage","@id":"https:\/\/pistonaddict.com\/sl\/product\/alpine-a110\/","url":"https:\/\/pistonaddict.com\/sl\/product\/alpine-a110\/","name":"Alpine A110 dra\u017ebe - Piston Addict","isPartOf":{"@id":"https:\/\/pistonaddict.com\/sl\/#website"},"primaryImageOfPage":{"@id":"https:\/\/pistonaddict.com\/sl\/product\/alpine-a110\/#primaryimage"},"image":{"@id":"https:\/\/pistonaddict.com\/sl\/product\/alpine-a110\/#primaryimage"},"thumbnailUrl":"https:\/\/pistonaddict.com\/wp-content\/uploads\/2023\/12\/4517LTW_01.jpg","datePublished":"2023-12-13T13:41:14+00:00","dateModified":"2024-03-20T08:42:42+00:00","breadcrumb":{"@id":"https:\/\/pistonaddict.com\/sl\/product\/alpine-a110\/#breadcrumb"},"inLanguage":"sl-SI","potentialAction":[{"@type":"ReadAction","target":["https:\/\/pistonaddict.com\/sl\/product\/alpine-a110\/"]}]},{"@type":"ImageObject","inLanguage":"sl-SI","@id":"https:\/\/pistonaddict.com\/sl\/product\/alpine-a110\/#primaryimage","url":"https:\/\/pistonaddict.com\/wp-content\/uploads\/2023\/12\/4517LTW_01.jpg","contentUrl":"https:\/\/pistonaddict.com\/wp-content\/uploads\/2023\/12\/4517LTW_01.jpg","width":1440,"height":1080},{"@type":"BreadcrumbList","@id":"https:\/\/pistonaddict.com\/sl\/product\/alpine-a110\/#breadcrumb","itemListElement":[{"@type":"ListItem","position":1,"name":"Doma\u010da stran","item":"https:\/\/pistonaddict.com\/sl\/domaca-stran-2\/"},{"@type":"ListItem","position":2,"name":"Auctions","item":"https:\/\/pistonaddict.com\/auctions-listing\/"},{"@type":"ListItem","position":3,"name":"Alpine A110"}]},{"@type":"WebSite","@id":"https:\/\/pistonaddict.com\/sl\/#website","url":"https:\/\/pistonaddict.com\/sl\/","name":"Piston Addict","description":"Only interesting vehicles","publisher":{"@id":"https:\/\/pistonaddict.com\/sl\/#organization"},"potentialAction":[{"@type":"SearchAction","target":{"@type":"EntryPoint","urlTemplate":"https:\/\/pistonaddict.com\/sl\/?s={search_term_string}"},"query-input":"required name=search_term_string"}],"inLanguage":"sl-SI"},{"@type":"Organization","@id":"https:\/\/pistonaddict.com\/sl\/#organization","name":"Piston Addict","url":"https:\/\/pistonaddict.com\/sl\/","logo":{"@type":"ImageObject","inLanguage":"sl-SI","@id":"https:\/\/pistonaddict.com\/sl\/#\/schema\/logo\/image\/","url":"https:\/\/pistonaddict.com\/wp-content\/uploads\/2022\/07\/logo-6.png","contentUrl":"https:\/\/pistonaddict.com\/wp-content\/uploads\/2022\/07\/logo-6.png","width":970,"height":200,"caption":"Piston Addict"},"image":{"@id":"https:\/\/pistonaddict.com\/sl\/#\/schema\/logo\/image\/"}}]}},"_links":{"self":[{"href":"https:\/\/pistonaddict.com\/sl\/wp-json\/wp\/v2\/product\/79052"}],"collection":[{"href":"https:\/\/pistonaddict.com\/sl\/wp-json\/wp\/v2\/product"}],"about":[{"href":"https:\/\/pistonaddict.com\/sl\/wp-json\/wp\/v2\/types\/product"}],"replies":[{"embeddable":true,"href":"https:\/\/pistonaddict.com\/sl\/wp-json\/wp\/v2\/comments?post=79052"}],"wp:featuredmedia":[{"embeddable":true,"href":"https:\/\/pistonaddict.com\/sl\/wp-json\/wp\/v2\/media\/78365"}],"wp:attachment":[{"href":"https:\/\/pistonaddict.com\/sl\/wp-json\/wp\/v2\/media?parent=79052"}],"wp:term":[{"taxonomy":"product_cat","embeddable":true,"href":"https:\/\/pistonaddict.com\/sl\/wp-json\/wp\/v2\/product_cat?post=79052"},{"taxonomy":"product_tag","embeddable":true,"href":"https:\/\/pistonaddict.com\/sl\/wp-json\/wp\/v2\/product_tag?post=79052"}],"curies":[{"name":"wp","href":"https:\/\/api.w.org\/{rel}","templated":true}]}}