{"id":78328,"date":"2023-12-13T10:17:52","date_gmt":"2023-12-13T09:17:52","guid":{"rendered":"https:\/\/pistonaddict.com\/product\/fisker-karma-signature-edition\/"},"modified":"2024-03-20T09:42:32","modified_gmt":"2024-03-20T08:42:32","slug":"fisker-karma-signature-edition","status":"publish","type":"product","link":"https:\/\/pistonaddict.com\/sl\/product\/fisker-karma-signature-edition\/","title":{"rendered":"Fisker Karma Signature Edition"},"content":{"rendered":"<p><strong>Zgodovina avtomobila<\/strong><\/p>\n<p>Preden je Karma leta 2011 eksplodirala na trgu, so bili hibridi precej dolgo\u010dasna in nezanimiva vozila. Vendar je Fisker predstavil Karmo z atraktivnim dizajnom, nizko silhueto, mi\u0161i\u010dasto dr\u017eo in edinstvenimi oblikami. To je bilo in \u0161e vedno je nekaj izjemnega. Pod zapeljivo karoserijo se skrivajo \u0161tevilne inovativne tehnologije. Glavni motor je GM-ov 2,0-litrski motor s turbinskim polnilnikom in 260 KM, na zadnji osi pa sta dva elektri\u010dna motorja. Baterijski sklop s kapaciteto 20,1 kWh napaja elektromotorja z mo\u010djo 120 kW (403 KM).<\/p>\n<p>Zanimivo je, da so baterije name\u0161\u010dene na sredini avtomobila, kar omogo\u010da nizko te\u017ei\u0161\u010de in odli\u010dno vodljivost vozila Karma. Tudi na\u010delo delovanja je edinstveno. Vozilo z avtomatskim menjalnikom je imelo samo z elektri\u010dno energijo doseg pribli\u017eno 80 km. Ko pa se baterije izpraznijo, voznik vklopi bencinski motor, ki poganja generator, ki napaja elektromotorje. Karma je torej bencinsko-elektri\u010dni hibrid z velikim poudarkom na elektri\u010dnem delu. Ta model je bil dobavljen \u010dlanu dru\u017eine Fisker in enemu od prvotnih vlagateljev, zato je izjemen del zgodovine podjetja.<\/p>\n<p><strong>Notranjost<\/strong><\/p>\n<p>Notranjost tega primerka je v kombinaciji \u010drnega in rjavega usnja, kar ga naredi o\u010darljivega. Na sede\u017eih ni prask in vse deluje. Opcijsko je opremljen z infozabavnim sistemom z zaslonom na armaturni plo\u0161\u010di.<\/p>\n<p><strong>Stanje<\/strong><\/p>\n<p>Karma je z 80.000 km, celotno servisno zgodovino in le enim lastnikom v idealnem stanju. Nobenih nesre\u010d ali po\u0161kodb ni, notranjost pa je v novem stanju. Zanimivo je, da je Karma opremljena s streho s solarnimi paneli, ki son\u010dno energijo pretvarjajo v elektriko in po potrebi izklopijo baterijo. V tem primeru je son\u010dna streha prisotna in deluje brezhibno. <strong>Ta primerek je \u0161t. 61 od 100 izdelanih s paketom Signature Edition<\/strong>, kar je bistvenega pomena, saj je njegovo zgodovino mogo\u010de spremljati v skupnosti Fisker. Ker je ta primerek zgodovinskega pomena, ga je servisiral eden najbolj\u0161ih strokovnjakov za Fisker na svetu, na voljo pa so tudi zapisi o rednem vzdr\u017eevanju. Zadnji servis in menjava olja sta bila opravljena oktobra 2023, zavore pa so bile pregledane pred nekaj dnevi, decembra 2023.<\/p>\n<p><strong>Zunanjost in kolesa<\/strong><\/p>\n<p>Edinstvena srebrna barva se popolnoma ujema z dvobarvno notranjostjo brez prask in vdolbin. Vozilo bo dobavljeno z 21-pal\u010dnimi zimskimi pnevmatikami v odli\u010dnem stanju. 22-pal\u010dna plati\u0161\u010da s poletnimi pnevmatikami so dopla\u010dilo. Pnevmatike so iz leta 2023.<\/p>\n<p><strong>Dokumentacija<\/strong><\/p>\n<p>Zasebni prodajalec prodaja to vozilo z ustrezno dokumentacijo iz Nem\u010dije. Poro\u010dilo <a href=\"https:\/\/pistonaddict.com\/wp-content\/uploads\/2023\/12\/FiskerKarma.pdf\">CarVertical<\/a> je \u010disto; ni dokazov o nesre\u010dah, popravilih po nesre\u010dah, lastni\u0161tvu ali pravnih te\u017eavah. Obstajajo zapisi o rednem vzdr\u017eevanju, ra\u010duni o prodaji in potrdila o pla\u010dilu. Za ta model ni na voljo tovarni\u0161ke garancije.<\/p>\n<p><strong><br \/>\nOglejte si videoposnetek hladnega zagona tega \u010dudovitega vozila Fisker Karma silver Signature :<\/strong><\/p>\n<p><iframe title=\"Cold Start Video of the Fisker Karma Signature for auction sale\" width=\"1200\" height=\"675\" src=\"https:\/\/www.youtube.com\/embed\/sOmYYpDT2U8?feature=oembed\" frameborder=\"0\" allow=\"accelerometer; autoplay; clipboard-write; encrypted-media; gyroscope; picture-in-picture; web-share\" allowfullscreen><\/iframe><\/p>\n","protected":false},"excerpt":{"rendered":"<p>Fisker Karma ni le revolucionarni hibrid, temve\u010d tudi eden najbolj privla\u010dnih avtomobilov 21. stoletja. Izdelanih je bilo le nekaj ve\u010d kot 3000 kosov, zato je redek, ta pa je \u0161e redkej\u0161i. Srebrna Karma iz leta 2012, ki jo ponujamo danes, je model Signature Edition, ki je bil izdelan kot 1 od 100 in ga je lastnik podjetja Henrik Fisker celo lastnoro\u010dno podpisal. \u010ce i\u0161\u010dete zbirateljske sanje, je to prava izbira.<\/p>\n","protected":false},"featured_media":77673,"comment_status":"open","ping_status":"closed","template":"","meta":{"inline_featured_image":false},"product_cat":[700],"product_tag":[2788,2791,904,1860,1859],"acf":[],"yoast_head":"<!-- This site is optimized with the Yoast SEO plugin v22.5 - https:\/\/yoast.com\/wordpress\/plugins\/seo\/ -->\n<title>Fisker Karma Signature Edition dra\u017ebe - Piston Addict<\/title>\n<meta name=\"robots\" content=\"index, follow, max-snippet:-1, max-image-preview:large, max-video-preview:-1\" \/>\n<link rel=\"canonical\" href=\"https:\/\/pistonaddict.com\/sl\/product\/fisker-karma-signature-edition\/\" \/>\n<meta property=\"og:locale\" content=\"sl_SI\" \/>\n<meta property=\"og:type\" content=\"article\" \/>\n<meta property=\"og:title\" content=\"Fisker Karma Signature Edition dra\u017ebe - Piston Addict\" \/>\n<meta property=\"og:description\" content=\"Fisker Karma ni le revolucionarni hibrid, temve\u010d tudi eden najbolj privla\u010dnih avtomobilov 21. stoletja. Izdelanih je bilo le nekaj ve\u010d kot 3000 kosov, zato je redek, ta pa je \u0161e redkej\u0161i. Srebrna Karma iz leta 2012, ki jo ponujamo danes, je model Signature Edition, ki je bil izdelan kot 1 od 100 in ga je lastnik podjetja Henrik Fisker celo lastnoro\u010dno podpisal. \u010ce i\u0161\u010dete zbirateljske sanje, je to prava izbira.\" \/>\n<meta property=\"og:url\" content=\"https:\/\/pistonaddict.com\/sl\/product\/fisker-karma-signature-edition\/\" \/>\n<meta property=\"og:site_name\" content=\"Piston Addict\" \/>\n<meta property=\"article:modified_time\" content=\"2024-03-20T08:42:32+00:00\" \/>\n<meta property=\"og:image\" content=\"https:\/\/pistonaddict.com\/wp-content\/uploads\/2023\/12\/20210129_085341.jpg\" \/>\n\t<meta property=\"og:image:width\" content=\"1762\" \/>\n\t<meta property=\"og:image:height\" content=\"752\" \/>\n\t<meta property=\"og:image:type\" content=\"image\/jpeg\" \/>\n<meta name=\"twitter:card\" content=\"summary_large_image\" \/>\n<meta name=\"twitter:label1\" content=\"Est. reading time\" \/>\n\t<meta name=\"twitter:data1\" content=\"2 minuti\" \/>\n<script type=\"application\/ld+json\" class=\"yoast-schema-graph\">{\"@context\":\"https:\/\/schema.org\",\"@graph\":[{\"@type\":\"WebPage\",\"@id\":\"https:\/\/pistonaddict.com\/sl\/product\/fisker-karma-signature-edition\/\",\"url\":\"https:\/\/pistonaddict.com\/sl\/product\/fisker-karma-signature-edition\/\",\"name\":\"Fisker Karma Signature Edition dra\u017ebe - Piston Addict\",\"isPartOf\":{\"@id\":\"https:\/\/pistonaddict.com\/sl\/#website\"},\"primaryImageOfPage\":{\"@id\":\"https:\/\/pistonaddict.com\/sl\/product\/fisker-karma-signature-edition\/#primaryimage\"},\"image\":{\"@id\":\"https:\/\/pistonaddict.com\/sl\/product\/fisker-karma-signature-edition\/#primaryimage\"},\"thumbnailUrl\":\"https:\/\/pistonaddict.com\/wp-content\/uploads\/2023\/12\/20210129_085341.jpg\",\"datePublished\":\"2023-12-13T09:17:52+00:00\",\"dateModified\":\"2024-03-20T08:42:32+00:00\",\"breadcrumb\":{\"@id\":\"https:\/\/pistonaddict.com\/sl\/product\/fisker-karma-signature-edition\/#breadcrumb\"},\"inLanguage\":\"sl-SI\",\"potentialAction\":[{\"@type\":\"ReadAction\",\"target\":[\"https:\/\/pistonaddict.com\/sl\/product\/fisker-karma-signature-edition\/\"]}]},{\"@type\":\"ImageObject\",\"inLanguage\":\"sl-SI\",\"@id\":\"https:\/\/pistonaddict.com\/sl\/product\/fisker-karma-signature-edition\/#primaryimage\",\"url\":\"https:\/\/pistonaddict.com\/wp-content\/uploads\/2023\/12\/20210129_085341.jpg\",\"contentUrl\":\"https:\/\/pistonaddict.com\/wp-content\/uploads\/2023\/12\/20210129_085341.jpg\",\"width\":1762,\"height\":752},{\"@type\":\"BreadcrumbList\",\"@id\":\"https:\/\/pistonaddict.com\/sl\/product\/fisker-karma-signature-edition\/#breadcrumb\",\"itemListElement\":[{\"@type\":\"ListItem\",\"position\":1,\"name\":\"Doma\u010da stran\",\"item\":\"https:\/\/pistonaddict.com\/sl\/domaca-stran-2\/\"},{\"@type\":\"ListItem\",\"position\":2,\"name\":\"Auctions\",\"item\":\"https:\/\/pistonaddict.com\/auctions-listing\/\"},{\"@type\":\"ListItem\",\"position\":3,\"name\":\"Fisker Karma Signature Edition\"}]},{\"@type\":\"WebSite\",\"@id\":\"https:\/\/pistonaddict.com\/sl\/#website\",\"url\":\"https:\/\/pistonaddict.com\/sl\/\",\"name\":\"Piston Addict\",\"description\":\"Only interesting vehicles\",\"publisher\":{\"@id\":\"https:\/\/pistonaddict.com\/sl\/#organization\"},\"potentialAction\":[{\"@type\":\"SearchAction\",\"target\":{\"@type\":\"EntryPoint\",\"urlTemplate\":\"https:\/\/pistonaddict.com\/sl\/?s={search_term_string}\"},\"query-input\":\"required name=search_term_string\"}],\"inLanguage\":\"sl-SI\"},{\"@type\":\"Organization\",\"@id\":\"https:\/\/pistonaddict.com\/sl\/#organization\",\"name\":\"Piston Addict\",\"url\":\"https:\/\/pistonaddict.com\/sl\/\",\"logo\":{\"@type\":\"ImageObject\",\"inLanguage\":\"sl-SI\",\"@id\":\"https:\/\/pistonaddict.com\/sl\/#\/schema\/logo\/image\/\",\"url\":\"https:\/\/pistonaddict.com\/wp-content\/uploads\/2022\/07\/logo-6.png\",\"contentUrl\":\"https:\/\/pistonaddict.com\/wp-content\/uploads\/2022\/07\/logo-6.png\",\"width\":970,\"height\":200,\"caption\":\"Piston Addict\"},\"image\":{\"@id\":\"https:\/\/pistonaddict.com\/sl\/#\/schema\/logo\/image\/\"}}]}<\/script>\n<!-- \/ Yoast SEO plugin. -->","yoast_head_json":{"title":"Fisker Karma Signature Edition dra\u017ebe - Piston Addict","robots":{"index":"index","follow":"follow","max-snippet":"max-snippet:-1","max-image-preview":"max-image-preview:large","max-video-preview":"max-video-preview:-1"},"canonical":"https:\/\/pistonaddict.com\/sl\/product\/fisker-karma-signature-edition\/","og_locale":"sl_SI","og_type":"article","og_title":"Fisker Karma Signature Edition dra\u017ebe - Piston Addict","og_description":"Fisker Karma ni le revolucionarni hibrid, temve\u010d tudi eden najbolj privla\u010dnih avtomobilov 21. stoletja. Izdelanih je bilo le nekaj ve\u010d kot 3000 kosov, zato je redek, ta pa je \u0161e redkej\u0161i. Srebrna Karma iz leta 2012, ki jo ponujamo danes, je model Signature Edition, ki je bil izdelan kot 1 od 100 in ga je lastnik podjetja Henrik Fisker celo lastnoro\u010dno podpisal. \u010ce i\u0161\u010dete zbirateljske sanje, je to prava izbira.","og_url":"https:\/\/pistonaddict.com\/sl\/product\/fisker-karma-signature-edition\/","og_site_name":"Piston Addict","article_modified_time":"2024-03-20T08:42:32+00:00","og_image":[{"width":1762,"height":752,"url":"https:\/\/pistonaddict.com\/wp-content\/uploads\/2023\/12\/20210129_085341.jpg","type":"image\/jpeg"}],"twitter_card":"summary_large_image","twitter_misc":{"Est. reading time":"2 minuti"},"schema":{"@context":"https:\/\/schema.org","@graph":[{"@type":"WebPage","@id":"https:\/\/pistonaddict.com\/sl\/product\/fisker-karma-signature-edition\/","url":"https:\/\/pistonaddict.com\/sl\/product\/fisker-karma-signature-edition\/","name":"Fisker Karma Signature Edition dra\u017ebe - Piston Addict","isPartOf":{"@id":"https:\/\/pistonaddict.com\/sl\/#website"},"primaryImageOfPage":{"@id":"https:\/\/pistonaddict.com\/sl\/product\/fisker-karma-signature-edition\/#primaryimage"},"image":{"@id":"https:\/\/pistonaddict.com\/sl\/product\/fisker-karma-signature-edition\/#primaryimage"},"thumbnailUrl":"https:\/\/pistonaddict.com\/wp-content\/uploads\/2023\/12\/20210129_085341.jpg","datePublished":"2023-12-13T09:17:52+00:00","dateModified":"2024-03-20T08:42:32+00:00","breadcrumb":{"@id":"https:\/\/pistonaddict.com\/sl\/product\/fisker-karma-signature-edition\/#breadcrumb"},"inLanguage":"sl-SI","potentialAction":[{"@type":"ReadAction","target":["https:\/\/pistonaddict.com\/sl\/product\/fisker-karma-signature-edition\/"]}]},{"@type":"ImageObject","inLanguage":"sl-SI","@id":"https:\/\/pistonaddict.com\/sl\/product\/fisker-karma-signature-edition\/#primaryimage","url":"https:\/\/pistonaddict.com\/wp-content\/uploads\/2023\/12\/20210129_085341.jpg","contentUrl":"https:\/\/pistonaddict.com\/wp-content\/uploads\/2023\/12\/20210129_085341.jpg","width":1762,"height":752},{"@type":"BreadcrumbList","@id":"https:\/\/pistonaddict.com\/sl\/product\/fisker-karma-signature-edition\/#breadcrumb","itemListElement":[{"@type":"ListItem","position":1,"name":"Doma\u010da stran","item":"https:\/\/pistonaddict.com\/sl\/domaca-stran-2\/"},{"@type":"ListItem","position":2,"name":"Auctions","item":"https:\/\/pistonaddict.com\/auctions-listing\/"},{"@type":"ListItem","position":3,"name":"Fisker Karma Signature Edition"}]},{"@type":"WebSite","@id":"https:\/\/pistonaddict.com\/sl\/#website","url":"https:\/\/pistonaddict.com\/sl\/","name":"Piston Addict","description":"Only interesting vehicles","publisher":{"@id":"https:\/\/pistonaddict.com\/sl\/#organization"},"potentialAction":[{"@type":"SearchAction","target":{"@type":"EntryPoint","urlTemplate":"https:\/\/pistonaddict.com\/sl\/?s={search_term_string}"},"query-input":"required name=search_term_string"}],"inLanguage":"sl-SI"},{"@type":"Organization","@id":"https:\/\/pistonaddict.com\/sl\/#organization","name":"Piston Addict","url":"https:\/\/pistonaddict.com\/sl\/","logo":{"@type":"ImageObject","inLanguage":"sl-SI","@id":"https:\/\/pistonaddict.com\/sl\/#\/schema\/logo\/image\/","url":"https:\/\/pistonaddict.com\/wp-content\/uploads\/2022\/07\/logo-6.png","contentUrl":"https:\/\/pistonaddict.com\/wp-content\/uploads\/2022\/07\/logo-6.png","width":970,"height":200,"caption":"Piston Addict"},"image":{"@id":"https:\/\/pistonaddict.com\/sl\/#\/schema\/logo\/image\/"}}]}},"_links":{"self":[{"href":"https:\/\/pistonaddict.com\/sl\/wp-json\/wp\/v2\/product\/78328"}],"collection":[{"href":"https:\/\/pistonaddict.com\/sl\/wp-json\/wp\/v2\/product"}],"about":[{"href":"https:\/\/pistonaddict.com\/sl\/wp-json\/wp\/v2\/types\/product"}],"replies":[{"embeddable":true,"href":"https:\/\/pistonaddict.com\/sl\/wp-json\/wp\/v2\/comments?post=78328"}],"wp:featuredmedia":[{"embeddable":true,"href":"https:\/\/pistonaddict.com\/sl\/wp-json\/wp\/v2\/media\/77673"}],"wp:attachment":[{"href":"https:\/\/pistonaddict.com\/sl\/wp-json\/wp\/v2\/media?parent=78328"}],"wp:term":[{"taxonomy":"product_cat","embeddable":true,"href":"https:\/\/pistonaddict.com\/sl\/wp-json\/wp\/v2\/product_cat?post=78328"},{"taxonomy":"product_tag","embeddable":true,"href":"https:\/\/pistonaddict.com\/sl\/wp-json\/wp\/v2\/product_tag?post=78328"}],"curies":[{"name":"wp","href":"https:\/\/api.w.org\/{rel}","templated":true}]}}