{"id":77371,"date":"2023-12-11T15:55:41","date_gmt":"2023-12-11T14:55:41","guid":{"rendered":"https:\/\/pistonaddict.com\/product\/abarth-124-spider\/"},"modified":"2024-03-20T09:41:41","modified_gmt":"2024-03-20T08:41:41","slug":"abarth-124-spider","status":"publish","type":"product","link":"https:\/\/pistonaddict.com\/sl\/product\/abarth-124-spider\/","title":{"rendered":"Abarth 124 Spider"},"content":{"rendered":"<h2>Zunanjost<\/h2>\n<p>Na zunaj je \u017ee na prvi pogled jasno, da gre za ve\u010d kot le obi\u010dajen 124 Spider. Ta \u010drno pobarvan roadster ima agresivnej\u0161e odbija\u010de, ksenonske \u017earomete in dvostranski izpuh na zadku z dvema kromiranima konicama na vsaki strani. Vse te podrobnosti dajejo avtomobilu mogo\u010dno navzo\u010dnost na cesti, ki ga nedvomno lo\u010di od njegovega blagega bratranca. In \u010de to ni dovolj, bo oznaka na boku, ki obele\u017euje Abarthovo 70. obletnico, zagotovo poudarila ekskluzivnost tega posebnega modela.<\/p>\n<p>Ta Abarth 124 Spider stoji na 17-pal\u010dnih plati\u0161\u010dih s pnevmatikami Bridgestone, ki so morda \u017ee pre\u017eivele svoj najbolj\u0161i \u010das. Kolesa omogo\u010dajo tudi jasen pogled na ogromne rde\u010de zavorne \u010deljusti Brembo, ki obljubljajo odli\u010dno zavorno mo\u010d.<\/p>\n<h2>Notranjost<\/h2>\n<p>Tako kot zunanji videz ima tudi notranjost ve\u010d privla\u010dnih podrobnosti, ki jasno ka\u017eejo na izvor avtomobila. Za za\u010detek je na voljo par udobnih sede\u017eev, prevle\u010denih s semi\u0161 usnjem, z velikim rde\u010dim napisom Abart, v\u0161itim v naslonjalo. Rde\u010de obarvani detajli poudarjajo tudi volan in instrumentno plo\u0161\u010do za njim, na kateri prevladuje merilnik vrtljajev do 8000 vrtljajev na minuto. Minimalisti\u010dna armaturna plo\u0161\u010da vsebuje le najnujnej\u0161e elemente, kot so gumbi za upravljanje klimatske naprave in osrednji zaslon, zato je jasno, da je ta avtomobil narejen predvsem za vo\u017enjo.<\/p>\n<h2>Mehanika<\/h2>\n<p>1,4-litrski motor pod pokrovom na prvi pogled morda ni tako prepri\u010dljiv, kot bi pri\u010dakovali. Vendar ima ta uglajeni \u0161tirivaljni agregat zaradi turbinskega polnilnika in izpopolnjenega upravljanja goriva, ki pove\u010data njegovo mo\u010d na 170 KM, precej\u0161njo mo\u010d. Menjalnik &#8211; obi\u010dajni \u0161eststopenjski ro\u010dni menjalnik &#8211; je \u0161e ena podrobnost, ki razkriva pravo naravo modela Spider. Ta konfiguracija pogonskega sklopa v kombinaciji z odli\u010dnim vzmetenjem in zmogljivimi zavorami je pravi vozni\u0161ki avtomobil, ki se lahko poda na vsako ovinkasto cesto.<\/p>\n<h2>Zgodovina vozila<\/h2>\n<p>Na koncu \u0161e nekaj besed o trenutnem stanju tega vozila Abarth Spider. Zadnji redni servis, ki je vklju\u010deval menjavo olja, je bil opravljen januarja 2023. Pred kratkim, decembra, so bile temeljito popravljene zavore. Na podlagi predlo\u017eenih fotografij in ustreznega videoposnetka se zdi, da je avtomobil v brezhibnem stanju, brez vidnih po\u0161kodb ali znakov obrabe.<\/p>\n<p>Poleg tega prodajalec pravi, da avto, ki je trenutno v Italiji, ni bil uporabljen na dirkali\u0161\u010du niti ni bil udele\u017een v nobeni nesre\u010di, kar potrjuje tudi ustrezno poro\u010dilo <a href=\"https:\/\/pistonaddict.com\/wp-content\/uploads\/2023\/12\/abarthspider.pdf\">CARFAX<\/a> o zgodovini vozila.<\/p>\n<p><strong><br \/>\nOglejte si videoposnetek hladnega zagona tega \u010dudovitega Abartha 124 Spider :<\/strong><\/p>\n<p><iframe title=\"Cold Start Video of the Abarth 124 Spider for auction sale\" width=\"1200\" height=\"675\" src=\"https:\/\/www.youtube.com\/embed\/wZs51_ew1WU?feature=oembed\" frameborder=\"0\" allow=\"accelerometer; autoplay; clipboard-write; encrypted-media; gyroscope; picture-in-picture; web-share\" allowfullscreen><\/iframe><\/p>\n","protected":false},"excerpt":{"rendered":"<p>\u010ce \u017eelite avto, ki je videti odli\u010dno, ga je zabavno voziti in z njim ni te\u017eko \u017eiveti, razmislite o roadsterju. Na voljo je ve\u010d razmeroma novih modelov, med katerimi je tudi 124 Spider, ki si deli mehansko osnovo z verjetno najbolj znanim roadsterjem danes &#8211; Mazdo MX5. Tako predstavlja edinstveno kombinacijo italijanskega sloga in japonske natan\u010dne tehnologije.<\/p>\n<p>In ko Fiatov notranji tuner vse to \u0161e za\u010dinijo, dobite ognjeni <strong>Abarth 124 Spider<\/strong>, ki je na dra\u017ebi prav na na\u0161i spletni strani. Ta brezhibni model iz leta 2019 je prevozil le nekaj ve\u010d kot 23.000 kilometrov in trenutno i\u0161\u010de novega lastnika. Poleg elegantnega videza in prijetnega delovanja skriva v rokavu \u0161e en adut.<\/p>\n","protected":false},"featured_media":77151,"comment_status":"open","ping_status":"closed","template":"","meta":{"inline_featured_image":false},"product_cat":[700],"product_tag":[2749,2750,2748,970],"acf":[],"yoast_head":"<!-- This site is optimized with the Yoast SEO plugin v22.5 - https:\/\/yoast.com\/wordpress\/plugins\/seo\/ -->\n<title>Abarth 124 Spider dra\u017ebe - Piston Addict<\/title>\n<meta name=\"robots\" content=\"index, follow, max-snippet:-1, max-image-preview:large, max-video-preview:-1\" \/>\n<link rel=\"canonical\" href=\"https:\/\/pistonaddict.com\/sl\/product\/abarth-124-spider\/\" \/>\n<meta property=\"og:locale\" content=\"sl_SI\" \/>\n<meta property=\"og:type\" content=\"article\" \/>\n<meta property=\"og:title\" content=\"Abarth 124 Spider dra\u017ebe - Piston Addict\" \/>\n<meta property=\"og:description\" content=\"\u010ce \u017eelite avto, ki je videti odli\u010dno, ga je zabavno voziti in z njim ni te\u017eko \u017eiveti, razmislite o roadsterju. Na voljo je ve\u010d razmeroma novih modelov, med katerimi je tudi 124 Spider, ki si deli mehansko osnovo z verjetno najbolj znanim roadsterjem danes - Mazdo MX5. Tako predstavlja edinstveno kombinacijo italijanskega sloga in japonske natan\u010dne tehnologije. In ko Fiatov notranji tuner vse to \u0161e za\u010dinijo, dobite ognjeni Abarth 124 Spider, ki je na dra\u017ebi prav na na\u0161i spletni strani. Ta brezhibni model iz leta 2019 je prevozil le nekaj ve\u010d kot 23.000 kilometrov in trenutno i\u0161\u010de novega lastnika. Poleg elegantnega videza in prijetnega delovanja skriva v rokavu \u0161e en adut.\" \/>\n<meta property=\"og:url\" content=\"https:\/\/pistonaddict.com\/sl\/product\/abarth-124-spider\/\" \/>\n<meta property=\"og:site_name\" content=\"Piston Addict\" \/>\n<meta property=\"article:modified_time\" content=\"2024-03-20T08:41:41+00:00\" \/>\n<meta property=\"og:image\" content=\"https:\/\/pistonaddict.com\/wp-content\/uploads\/2023\/12\/image00020-scaled.jpeg\" \/>\n\t<meta property=\"og:image:width\" content=\"2560\" \/>\n\t<meta property=\"og:image:height\" content=\"1920\" \/>\n\t<meta property=\"og:image:type\" content=\"image\/jpeg\" \/>\n<meta name=\"twitter:card\" content=\"summary_large_image\" \/>\n<meta name=\"twitter:label1\" content=\"Est. reading time\" \/>\n\t<meta name=\"twitter:data1\" content=\"2 minuti\" \/>\n<script type=\"application\/ld+json\" class=\"yoast-schema-graph\">{\"@context\":\"https:\/\/schema.org\",\"@graph\":[{\"@type\":\"WebPage\",\"@id\":\"https:\/\/pistonaddict.com\/sl\/product\/abarth-124-spider\/\",\"url\":\"https:\/\/pistonaddict.com\/sl\/product\/abarth-124-spider\/\",\"name\":\"Abarth 124 Spider dra\u017ebe - Piston Addict\",\"isPartOf\":{\"@id\":\"https:\/\/pistonaddict.com\/sl\/#website\"},\"primaryImageOfPage\":{\"@id\":\"https:\/\/pistonaddict.com\/sl\/product\/abarth-124-spider\/#primaryimage\"},\"image\":{\"@id\":\"https:\/\/pistonaddict.com\/sl\/product\/abarth-124-spider\/#primaryimage\"},\"thumbnailUrl\":\"https:\/\/pistonaddict.com\/wp-content\/uploads\/2023\/12\/image00020-scaled.jpeg\",\"datePublished\":\"2023-12-11T14:55:41+00:00\",\"dateModified\":\"2024-03-20T08:41:41+00:00\",\"breadcrumb\":{\"@id\":\"https:\/\/pistonaddict.com\/sl\/product\/abarth-124-spider\/#breadcrumb\"},\"inLanguage\":\"sl-SI\",\"potentialAction\":[{\"@type\":\"ReadAction\",\"target\":[\"https:\/\/pistonaddict.com\/sl\/product\/abarth-124-spider\/\"]}]},{\"@type\":\"ImageObject\",\"inLanguage\":\"sl-SI\",\"@id\":\"https:\/\/pistonaddict.com\/sl\/product\/abarth-124-spider\/#primaryimage\",\"url\":\"https:\/\/pistonaddict.com\/wp-content\/uploads\/2023\/12\/image00020-scaled.jpeg\",\"contentUrl\":\"https:\/\/pistonaddict.com\/wp-content\/uploads\/2023\/12\/image00020-scaled.jpeg\",\"width\":2560,\"height\":1920},{\"@type\":\"BreadcrumbList\",\"@id\":\"https:\/\/pistonaddict.com\/sl\/product\/abarth-124-spider\/#breadcrumb\",\"itemListElement\":[{\"@type\":\"ListItem\",\"position\":1,\"name\":\"Doma\u010da stran\",\"item\":\"https:\/\/pistonaddict.com\/sl\/domaca-stran-2\/\"},{\"@type\":\"ListItem\",\"position\":2,\"name\":\"Auctions\",\"item\":\"https:\/\/pistonaddict.com\/auctions-listing\/\"},{\"@type\":\"ListItem\",\"position\":3,\"name\":\"Abarth 124 Spider\"}]},{\"@type\":\"WebSite\",\"@id\":\"https:\/\/pistonaddict.com\/sl\/#website\",\"url\":\"https:\/\/pistonaddict.com\/sl\/\",\"name\":\"Piston Addict\",\"description\":\"Only interesting vehicles\",\"publisher\":{\"@id\":\"https:\/\/pistonaddict.com\/sl\/#organization\"},\"potentialAction\":[{\"@type\":\"SearchAction\",\"target\":{\"@type\":\"EntryPoint\",\"urlTemplate\":\"https:\/\/pistonaddict.com\/sl\/?s={search_term_string}\"},\"query-input\":\"required name=search_term_string\"}],\"inLanguage\":\"sl-SI\"},{\"@type\":\"Organization\",\"@id\":\"https:\/\/pistonaddict.com\/sl\/#organization\",\"name\":\"Piston Addict\",\"url\":\"https:\/\/pistonaddict.com\/sl\/\",\"logo\":{\"@type\":\"ImageObject\",\"inLanguage\":\"sl-SI\",\"@id\":\"https:\/\/pistonaddict.com\/sl\/#\/schema\/logo\/image\/\",\"url\":\"https:\/\/pistonaddict.com\/wp-content\/uploads\/2022\/07\/logo-6.png\",\"contentUrl\":\"https:\/\/pistonaddict.com\/wp-content\/uploads\/2022\/07\/logo-6.png\",\"width\":970,\"height\":200,\"caption\":\"Piston Addict\"},\"image\":{\"@id\":\"https:\/\/pistonaddict.com\/sl\/#\/schema\/logo\/image\/\"}}]}<\/script>\n<!-- \/ Yoast SEO plugin. -->","yoast_head_json":{"title":"Abarth 124 Spider dra\u017ebe - Piston Addict","robots":{"index":"index","follow":"follow","max-snippet":"max-snippet:-1","max-image-preview":"max-image-preview:large","max-video-preview":"max-video-preview:-1"},"canonical":"https:\/\/pistonaddict.com\/sl\/product\/abarth-124-spider\/","og_locale":"sl_SI","og_type":"article","og_title":"Abarth 124 Spider dra\u017ebe - Piston Addict","og_description":"\u010ce \u017eelite avto, ki je videti odli\u010dno, ga je zabavno voziti in z njim ni te\u017eko \u017eiveti, razmislite o roadsterju. Na voljo je ve\u010d razmeroma novih modelov, med katerimi je tudi 124 Spider, ki si deli mehansko osnovo z verjetno najbolj znanim roadsterjem danes - Mazdo MX5. Tako predstavlja edinstveno kombinacijo italijanskega sloga in japonske natan\u010dne tehnologije. In ko Fiatov notranji tuner vse to \u0161e za\u010dinijo, dobite ognjeni Abarth 124 Spider, ki je na dra\u017ebi prav na na\u0161i spletni strani. Ta brezhibni model iz leta 2019 je prevozil le nekaj ve\u010d kot 23.000 kilometrov in trenutno i\u0161\u010de novega lastnika. Poleg elegantnega videza in prijetnega delovanja skriva v rokavu \u0161e en adut.","og_url":"https:\/\/pistonaddict.com\/sl\/product\/abarth-124-spider\/","og_site_name":"Piston Addict","article_modified_time":"2024-03-20T08:41:41+00:00","og_image":[{"width":2560,"height":1920,"url":"https:\/\/pistonaddict.com\/wp-content\/uploads\/2023\/12\/image00020-scaled.jpeg","type":"image\/jpeg"}],"twitter_card":"summary_large_image","twitter_misc":{"Est. reading time":"2 minuti"},"schema":{"@context":"https:\/\/schema.org","@graph":[{"@type":"WebPage","@id":"https:\/\/pistonaddict.com\/sl\/product\/abarth-124-spider\/","url":"https:\/\/pistonaddict.com\/sl\/product\/abarth-124-spider\/","name":"Abarth 124 Spider dra\u017ebe - Piston Addict","isPartOf":{"@id":"https:\/\/pistonaddict.com\/sl\/#website"},"primaryImageOfPage":{"@id":"https:\/\/pistonaddict.com\/sl\/product\/abarth-124-spider\/#primaryimage"},"image":{"@id":"https:\/\/pistonaddict.com\/sl\/product\/abarth-124-spider\/#primaryimage"},"thumbnailUrl":"https:\/\/pistonaddict.com\/wp-content\/uploads\/2023\/12\/image00020-scaled.jpeg","datePublished":"2023-12-11T14:55:41+00:00","dateModified":"2024-03-20T08:41:41+00:00","breadcrumb":{"@id":"https:\/\/pistonaddict.com\/sl\/product\/abarth-124-spider\/#breadcrumb"},"inLanguage":"sl-SI","potentialAction":[{"@type":"ReadAction","target":["https:\/\/pistonaddict.com\/sl\/product\/abarth-124-spider\/"]}]},{"@type":"ImageObject","inLanguage":"sl-SI","@id":"https:\/\/pistonaddict.com\/sl\/product\/abarth-124-spider\/#primaryimage","url":"https:\/\/pistonaddict.com\/wp-content\/uploads\/2023\/12\/image00020-scaled.jpeg","contentUrl":"https:\/\/pistonaddict.com\/wp-content\/uploads\/2023\/12\/image00020-scaled.jpeg","width":2560,"height":1920},{"@type":"BreadcrumbList","@id":"https:\/\/pistonaddict.com\/sl\/product\/abarth-124-spider\/#breadcrumb","itemListElement":[{"@type":"ListItem","position":1,"name":"Doma\u010da stran","item":"https:\/\/pistonaddict.com\/sl\/domaca-stran-2\/"},{"@type":"ListItem","position":2,"name":"Auctions","item":"https:\/\/pistonaddict.com\/auctions-listing\/"},{"@type":"ListItem","position":3,"name":"Abarth 124 Spider"}]},{"@type":"WebSite","@id":"https:\/\/pistonaddict.com\/sl\/#website","url":"https:\/\/pistonaddict.com\/sl\/","name":"Piston Addict","description":"Only interesting vehicles","publisher":{"@id":"https:\/\/pistonaddict.com\/sl\/#organization"},"potentialAction":[{"@type":"SearchAction","target":{"@type":"EntryPoint","urlTemplate":"https:\/\/pistonaddict.com\/sl\/?s={search_term_string}"},"query-input":"required name=search_term_string"}],"inLanguage":"sl-SI"},{"@type":"Organization","@id":"https:\/\/pistonaddict.com\/sl\/#organization","name":"Piston Addict","url":"https:\/\/pistonaddict.com\/sl\/","logo":{"@type":"ImageObject","inLanguage":"sl-SI","@id":"https:\/\/pistonaddict.com\/sl\/#\/schema\/logo\/image\/","url":"https:\/\/pistonaddict.com\/wp-content\/uploads\/2022\/07\/logo-6.png","contentUrl":"https:\/\/pistonaddict.com\/wp-content\/uploads\/2022\/07\/logo-6.png","width":970,"height":200,"caption":"Piston Addict"},"image":{"@id":"https:\/\/pistonaddict.com\/sl\/#\/schema\/logo\/image\/"}}]}},"_links":{"self":[{"href":"https:\/\/pistonaddict.com\/sl\/wp-json\/wp\/v2\/product\/77371"}],"collection":[{"href":"https:\/\/pistonaddict.com\/sl\/wp-json\/wp\/v2\/product"}],"about":[{"href":"https:\/\/pistonaddict.com\/sl\/wp-json\/wp\/v2\/types\/product"}],"replies":[{"embeddable":true,"href":"https:\/\/pistonaddict.com\/sl\/wp-json\/wp\/v2\/comments?post=77371"}],"wp:featuredmedia":[{"embeddable":true,"href":"https:\/\/pistonaddict.com\/sl\/wp-json\/wp\/v2\/media\/77151"}],"wp:attachment":[{"href":"https:\/\/pistonaddict.com\/sl\/wp-json\/wp\/v2\/media?parent=77371"}],"wp:term":[{"taxonomy":"product_cat","embeddable":true,"href":"https:\/\/pistonaddict.com\/sl\/wp-json\/wp\/v2\/product_cat?post=77371"},{"taxonomy":"product_tag","embeddable":true,"href":"https:\/\/pistonaddict.com\/sl\/wp-json\/wp\/v2\/product_tag?post=77371"}],"curies":[{"name":"wp","href":"https:\/\/api.w.org\/{rel}","templated":true}]}}