{"id":76282,"date":"2023-12-01T10:53:23","date_gmt":"2023-12-01T09:53:23","guid":{"rendered":"https:\/\/pistonaddict.com\/product\/ferrari-488-gtb\/"},"modified":"2023-12-20T11:45:24","modified_gmt":"2023-12-20T10:45:24","slug":"ferrari-488-gtb","status":"publish","type":"product","link":"https:\/\/pistonaddict.com\/sl\/product\/ferrari-488-gtb\/","title":{"rendered":"Ferrari 488 GTB"},"content":{"rendered":"<p><strong>Zgodovina avtomobila<\/strong><\/p>\n<p>Ferrari je leta 2015 zamenjal model 458 Italia in predstavil 488 GTB, ki je bil prvi Ferrari s sredinsko name\u0161\u010denim motorjem V8 s turbopolnilnikom po legendarnem modelu F40. \u010ceprav je imel 488 GTB manj\u0161o prostornino, saj je imel le 3,9-litrski motor V8, je imel 100 KM ve\u010d kot model 458 Italia, in sicer neverjetnih 670 KM. \u0160e bolj navdu\u0161ujo\u010da pa je bila vrednost navora, ki je s 760 Nm impresivna in zagotavlja bliskovite pospe\u0161ke, takoj\u0161en odziv na plin in neverjetno vozno dinamiko. 100 km\/h je mogo\u010de dose\u010di v samo 3 sekundah, najvi\u0161ja hitrost 330 km\/h pa se zdi neverjetna. 488 GTB, ki ga ponujamo, je z majhnim \u0161tevilom prevo\u017eenih kilometrov, zanimivimi opcijami in karbonskimi zavorami pravi vozni\u0161ki model, ki vas bo navdu\u0161il z mo\u010djo, prefinjenostjo in vozno dinamiko bojnega letala.<\/p>\n<p><strong>Notranjost<\/strong><\/p>\n<p>Ker je bil ta Ferrari skrbno vzdr\u017eevan, sta \u010drno usnje in notranjost iz alkantare v zelo dobrem stanju brez sledi uporabe. Prvotni lastnik tega avtomobila se je odlo\u010dil za zmogljive mo\u017enosti, kot so sede\u017ei s karbonskimi nasloni v kombinaciji usnja in Alkantare, digitalni zaslon na volanu in karbonski notranji vlo\u017eki. Vsi ti elementi so videti popolnoma dobro, brez prask, in prispevajo k ob\u010dutku u\u010dinkovitosti tega avtomobila. Ni nobenih sprememb in vse deluje v skladu s pri\u010dakovanji.<\/p>\n<p><strong>Stanje<\/strong><\/p>\n<p>Ta Ferrari 488 GTB je bil aprila 2016 dobavljen prvemu lastniku v Franciji, prodajalec pa ga je kupil leta 2022. Ta superavtomobil je v brezhibnem stanju in ima na \u0161tevcu prevo\u017eenih kilometrov le 20.500 kilometrov. Z avtomobilom niso nikoli dirkali, ga spremljali ali bili vpleteni v nesre\u010de. Vedno je bil skrbno vzdr\u017eevan, zavore so bile pregledane konec novembra 2023, zadnji celovit servis pa je bil opravljen maja istega leta. Prihodnji lastniki bodo veseli, da za ta primer velja podalj\u0161ana Ferrarijeva garancija (Ferrari Power), ki je prenosljiva. Vzdr\u017eevanje je vedno opravil poobla\u0161\u010deni prodajalec in je dokumentirano. Vendar je ena od prodajnih prednosti tega avtomobila dolg seznam dodatne opreme. <strong>Ta 488 GTB ima sistem ATF, kerami\u010dne zavore s pobarvanimi zavornimi \u010deljusti, vratne obloge in sede\u017ee iz ogljikovih vlaken, sprednji in zadnji PDC, dvigalo vzmetenja in vlo\u017eke iz karbona<\/strong>. Zaradi vsega tega je to edinstven avtomobil z idealnimi vozni\u0161kimi specifikacijami.<\/p>\n<p><strong>Zunanjost in kolesa<\/strong><\/p>\n<p>Ta 488 GTB je odet v presenetljiv odtenek Grigio Silverstone in ima ustrezno \u010drno notranjost, zato je zelo zanimiv. \u010ceprav ni rde\u010da, je v temno sivi barvi \u0161e lep\u0161a in diskretnej\u0161a. Seveda je karoserija brez prask in vdolbin. S tovarni\u0161kimi 20-pal\u010dnimi plati\u0161\u010di, ovitimi v povsem nove in pravilne Pirellijeve pnevmatike, je ta fantasti\u010dni 488 GTB pripravljen, da svojih 670 KM pretvori v edinstveno vozni\u0161ko izku\u0161njo.<\/p>\n<p><strong> <\/strong><strong>Dokumentacija<\/strong><\/p>\n<p>Profesionalni prodaja to vozilo z ustrezno dokumentacijo, ki se nahaja v Franciji. <a href=\"https:\/\/pistonaddict.com\/wp-content\/uploads\/2023\/12\/Ferrari488GTB.pdf\" target=\"_blank\" rel=\"noopener\">Poro\u010dilo CarVertical<\/a> je \u010disto; ni dokazov o nesre\u010dah, popravilih po nesre\u010dah, lastni\u0161tvu ali pravnih te\u017eavah. Obstajajo zapisi o rednem vzdr\u017eevanju, ra\u010duni o prodaji in potrdila o pla\u010dilu. <strong>Podalj\u0161ana tovarni\u0161ka garancija pri tem modelu za 12 mesecev<\/strong> in potrdilo o skladnosti (v vrednosti 2000 evrov) sta dodatna dokaza, da gre za vrhunsko zbirateljsko vozilo.<\/p>\n<p><strong><br \/>\nOglejte si videoposnetek hladnega zagona tega \u010dudovitega Ferrarija 488 GTB :<\/strong><\/p>\n<p><iframe title=\"Cold Start Video of the Ferrari 488 GTB for auction sale\" width=\"1200\" height=\"675\" src=\"https:\/\/www.youtube.com\/embed\/_SyEnhUZHXQ?feature=oembed\" frameborder=\"0\" allow=\"accelerometer; autoplay; clipboard-write; encrypted-media; gyroscope; picture-in-picture; web-share\" allowfullscreen><\/iframe><\/p>\n","protected":false},"excerpt":{"rendered":"<p>\u010ce je bil Ferrari 458 Italia popolnost z naravnim motorjem, je bil njegov naslednik 488 Italia mojstrovina s turbinskim polnilnikom. Model 458 Italia je postavil izjemno visoke standarde za razred \u0161portnih avtomobilov s sredinskim motorjem, vendar je Ferrari z modelom 488 GTB uspel prese\u010di pri\u010dakovanja. 488 GTB je neverjetno mo\u010dan, agresiven in hiter \u0161portni avtomobil za poznavalce, ki se enako dobro znajde tako na avtocesti kot na dirkali\u0161\u010du. Primer, ki je naprodaj, je eden najbolj\u0161ih na voljo.<\/p>\n","protected":false},"featured_media":75684,"comment_status":"open","ping_status":"closed","template":"","meta":{"inline_featured_image":false},"product_cat":[700],"product_tag":[2656,2265,904,2651],"acf":[],"yoast_head":"<!-- This site is optimized with the Yoast SEO plugin v22.5 - https:\/\/yoast.com\/wordpress\/plugins\/seo\/ -->\n<title>Ferrari 488 GTB dra\u017ebe - Piston Addict<\/title>\n<meta name=\"robots\" content=\"index, follow, max-snippet:-1, max-image-preview:large, max-video-preview:-1\" \/>\n<link rel=\"canonical\" href=\"https:\/\/pistonaddict.com\/sl\/product\/ferrari-488-gtb\/\" \/>\n<meta property=\"og:locale\" content=\"sl_SI\" \/>\n<meta property=\"og:type\" content=\"article\" \/>\n<meta property=\"og:title\" content=\"Ferrari 488 GTB dra\u017ebe - Piston Addict\" \/>\n<meta property=\"og:description\" content=\"\u010ce je bil Ferrari 458 Italia popolnost z naravnim motorjem, je bil njegov naslednik 488 Italia mojstrovina s turbinskim polnilnikom. Model 458 Italia je postavil izjemno visoke standarde za razred \u0161portnih avtomobilov s sredinskim motorjem, vendar je Ferrari z modelom 488 GTB uspel prese\u010di pri\u010dakovanja. 488 GTB je neverjetno mo\u010dan, agresiven in hiter \u0161portni avtomobil za poznavalce, ki se enako dobro znajde tako na avtocesti kot na dirkali\u0161\u010du. Primer, ki je naprodaj, je eden najbolj\u0161ih na voljo.\" \/>\n<meta property=\"og:url\" content=\"https:\/\/pistonaddict.com\/sl\/product\/ferrari-488-gtb\/\" \/>\n<meta property=\"og:site_name\" content=\"Piston Addict\" \/>\n<meta property=\"article:modified_time\" content=\"2023-12-20T10:45:24+00:00\" \/>\n<meta property=\"og:image\" content=\"https:\/\/pistonaddict.com\/wp-content\/uploads\/2023\/12\/IMG_0075-1024x765.png\" \/>\n\t<meta property=\"og:image:width\" content=\"1024\" \/>\n\t<meta property=\"og:image:height\" content=\"765\" \/>\n\t<meta property=\"og:image:type\" content=\"image\/png\" \/>\n<meta name=\"twitter:card\" content=\"summary_large_image\" \/>\n<meta name=\"twitter:label1\" content=\"Est. reading time\" \/>\n\t<meta name=\"twitter:data1\" content=\"3 minute\" \/>\n<script type=\"application\/ld+json\" class=\"yoast-schema-graph\">{\"@context\":\"https:\/\/schema.org\",\"@graph\":[{\"@type\":\"WebPage\",\"@id\":\"https:\/\/pistonaddict.com\/sl\/product\/ferrari-488-gtb\/\",\"url\":\"https:\/\/pistonaddict.com\/sl\/product\/ferrari-488-gtb\/\",\"name\":\"Ferrari 488 GTB dra\u017ebe - Piston Addict\",\"isPartOf\":{\"@id\":\"https:\/\/pistonaddict.com\/sl\/#website\"},\"primaryImageOfPage\":{\"@id\":\"https:\/\/pistonaddict.com\/sl\/product\/ferrari-488-gtb\/#primaryimage\"},\"image\":{\"@id\":\"https:\/\/pistonaddict.com\/sl\/product\/ferrari-488-gtb\/#primaryimage\"},\"thumbnailUrl\":\"https:\/\/pistonaddict.com\/wp-content\/uploads\/2023\/12\/IMG_0075.png\",\"datePublished\":\"2023-12-01T09:53:23+00:00\",\"dateModified\":\"2023-12-20T10:45:24+00:00\",\"breadcrumb\":{\"@id\":\"https:\/\/pistonaddict.com\/sl\/product\/ferrari-488-gtb\/#breadcrumb\"},\"inLanguage\":\"sl-SI\",\"potentialAction\":[{\"@type\":\"ReadAction\",\"target\":[\"https:\/\/pistonaddict.com\/sl\/product\/ferrari-488-gtb\/\"]}]},{\"@type\":\"ImageObject\",\"inLanguage\":\"sl-SI\",\"@id\":\"https:\/\/pistonaddict.com\/sl\/product\/ferrari-488-gtb\/#primaryimage\",\"url\":\"https:\/\/pistonaddict.com\/wp-content\/uploads\/2023\/12\/IMG_0075.png\",\"contentUrl\":\"https:\/\/pistonaddict.com\/wp-content\/uploads\/2023\/12\/IMG_0075.png\",\"width\":2160,\"height\":1614},{\"@type\":\"BreadcrumbList\",\"@id\":\"https:\/\/pistonaddict.com\/sl\/product\/ferrari-488-gtb\/#breadcrumb\",\"itemListElement\":[{\"@type\":\"ListItem\",\"position\":1,\"name\":\"Doma\u010da stran\",\"item\":\"https:\/\/pistonaddict.com\/sl\/domaca-stran-2\/\"},{\"@type\":\"ListItem\",\"position\":2,\"name\":\"Auctions\",\"item\":\"https:\/\/pistonaddict.com\/auctions-listing\/\"},{\"@type\":\"ListItem\",\"position\":3,\"name\":\"Ferrari 488 GTB\"}]},{\"@type\":\"WebSite\",\"@id\":\"https:\/\/pistonaddict.com\/sl\/#website\",\"url\":\"https:\/\/pistonaddict.com\/sl\/\",\"name\":\"Piston Addict\",\"description\":\"Only interesting vehicles\",\"publisher\":{\"@id\":\"https:\/\/pistonaddict.com\/sl\/#organization\"},\"potentialAction\":[{\"@type\":\"SearchAction\",\"target\":{\"@type\":\"EntryPoint\",\"urlTemplate\":\"https:\/\/pistonaddict.com\/sl\/?s={search_term_string}\"},\"query-input\":\"required name=search_term_string\"}],\"inLanguage\":\"sl-SI\"},{\"@type\":\"Organization\",\"@id\":\"https:\/\/pistonaddict.com\/sl\/#organization\",\"name\":\"Piston Addict\",\"url\":\"https:\/\/pistonaddict.com\/sl\/\",\"logo\":{\"@type\":\"ImageObject\",\"inLanguage\":\"sl-SI\",\"@id\":\"https:\/\/pistonaddict.com\/sl\/#\/schema\/logo\/image\/\",\"url\":\"https:\/\/pistonaddict.com\/wp-content\/uploads\/2022\/07\/logo-6.png\",\"contentUrl\":\"https:\/\/pistonaddict.com\/wp-content\/uploads\/2022\/07\/logo-6.png\",\"width\":970,\"height\":200,\"caption\":\"Piston Addict\"},\"image\":{\"@id\":\"https:\/\/pistonaddict.com\/sl\/#\/schema\/logo\/image\/\"}}]}<\/script>\n<!-- \/ Yoast SEO plugin. -->","yoast_head_json":{"title":"Ferrari 488 GTB dra\u017ebe - Piston Addict","robots":{"index":"index","follow":"follow","max-snippet":"max-snippet:-1","max-image-preview":"max-image-preview:large","max-video-preview":"max-video-preview:-1"},"canonical":"https:\/\/pistonaddict.com\/sl\/product\/ferrari-488-gtb\/","og_locale":"sl_SI","og_type":"article","og_title":"Ferrari 488 GTB dra\u017ebe - Piston Addict","og_description":"\u010ce je bil Ferrari 458 Italia popolnost z naravnim motorjem, je bil njegov naslednik 488 Italia mojstrovina s turbinskim polnilnikom. Model 458 Italia je postavil izjemno visoke standarde za razred \u0161portnih avtomobilov s sredinskim motorjem, vendar je Ferrari z modelom 488 GTB uspel prese\u010di pri\u010dakovanja. 488 GTB je neverjetno mo\u010dan, agresiven in hiter \u0161portni avtomobil za poznavalce, ki se enako dobro znajde tako na avtocesti kot na dirkali\u0161\u010du. Primer, ki je naprodaj, je eden najbolj\u0161ih na voljo.","og_url":"https:\/\/pistonaddict.com\/sl\/product\/ferrari-488-gtb\/","og_site_name":"Piston Addict","article_modified_time":"2023-12-20T10:45:24+00:00","og_image":[{"width":1024,"height":765,"url":"https:\/\/pistonaddict.com\/wp-content\/uploads\/2023\/12\/IMG_0075-1024x765.png","type":"image\/png"}],"twitter_card":"summary_large_image","twitter_misc":{"Est. reading time":"3 minute"},"schema":{"@context":"https:\/\/schema.org","@graph":[{"@type":"WebPage","@id":"https:\/\/pistonaddict.com\/sl\/product\/ferrari-488-gtb\/","url":"https:\/\/pistonaddict.com\/sl\/product\/ferrari-488-gtb\/","name":"Ferrari 488 GTB dra\u017ebe - Piston Addict","isPartOf":{"@id":"https:\/\/pistonaddict.com\/sl\/#website"},"primaryImageOfPage":{"@id":"https:\/\/pistonaddict.com\/sl\/product\/ferrari-488-gtb\/#primaryimage"},"image":{"@id":"https:\/\/pistonaddict.com\/sl\/product\/ferrari-488-gtb\/#primaryimage"},"thumbnailUrl":"https:\/\/pistonaddict.com\/wp-content\/uploads\/2023\/12\/IMG_0075.png","datePublished":"2023-12-01T09:53:23+00:00","dateModified":"2023-12-20T10:45:24+00:00","breadcrumb":{"@id":"https:\/\/pistonaddict.com\/sl\/product\/ferrari-488-gtb\/#breadcrumb"},"inLanguage":"sl-SI","potentialAction":[{"@type":"ReadAction","target":["https:\/\/pistonaddict.com\/sl\/product\/ferrari-488-gtb\/"]}]},{"@type":"ImageObject","inLanguage":"sl-SI","@id":"https:\/\/pistonaddict.com\/sl\/product\/ferrari-488-gtb\/#primaryimage","url":"https:\/\/pistonaddict.com\/wp-content\/uploads\/2023\/12\/IMG_0075.png","contentUrl":"https:\/\/pistonaddict.com\/wp-content\/uploads\/2023\/12\/IMG_0075.png","width":2160,"height":1614},{"@type":"BreadcrumbList","@id":"https:\/\/pistonaddict.com\/sl\/product\/ferrari-488-gtb\/#breadcrumb","itemListElement":[{"@type":"ListItem","position":1,"name":"Doma\u010da stran","item":"https:\/\/pistonaddict.com\/sl\/domaca-stran-2\/"},{"@type":"ListItem","position":2,"name":"Auctions","item":"https:\/\/pistonaddict.com\/auctions-listing\/"},{"@type":"ListItem","position":3,"name":"Ferrari 488 GTB"}]},{"@type":"WebSite","@id":"https:\/\/pistonaddict.com\/sl\/#website","url":"https:\/\/pistonaddict.com\/sl\/","name":"Piston Addict","description":"Only interesting vehicles","publisher":{"@id":"https:\/\/pistonaddict.com\/sl\/#organization"},"potentialAction":[{"@type":"SearchAction","target":{"@type":"EntryPoint","urlTemplate":"https:\/\/pistonaddict.com\/sl\/?s={search_term_string}"},"query-input":"required name=search_term_string"}],"inLanguage":"sl-SI"},{"@type":"Organization","@id":"https:\/\/pistonaddict.com\/sl\/#organization","name":"Piston Addict","url":"https:\/\/pistonaddict.com\/sl\/","logo":{"@type":"ImageObject","inLanguage":"sl-SI","@id":"https:\/\/pistonaddict.com\/sl\/#\/schema\/logo\/image\/","url":"https:\/\/pistonaddict.com\/wp-content\/uploads\/2022\/07\/logo-6.png","contentUrl":"https:\/\/pistonaddict.com\/wp-content\/uploads\/2022\/07\/logo-6.png","width":970,"height":200,"caption":"Piston Addict"},"image":{"@id":"https:\/\/pistonaddict.com\/sl\/#\/schema\/logo\/image\/"}}]}},"_links":{"self":[{"href":"https:\/\/pistonaddict.com\/sl\/wp-json\/wp\/v2\/product\/76282"}],"collection":[{"href":"https:\/\/pistonaddict.com\/sl\/wp-json\/wp\/v2\/product"}],"about":[{"href":"https:\/\/pistonaddict.com\/sl\/wp-json\/wp\/v2\/types\/product"}],"replies":[{"embeddable":true,"href":"https:\/\/pistonaddict.com\/sl\/wp-json\/wp\/v2\/comments?post=76282"}],"wp:featuredmedia":[{"embeddable":true,"href":"https:\/\/pistonaddict.com\/sl\/wp-json\/wp\/v2\/media\/75684"}],"wp:attachment":[{"href":"https:\/\/pistonaddict.com\/sl\/wp-json\/wp\/v2\/media?parent=76282"}],"wp:term":[{"taxonomy":"product_cat","embeddable":true,"href":"https:\/\/pistonaddict.com\/sl\/wp-json\/wp\/v2\/product_cat?post=76282"},{"taxonomy":"product_tag","embeddable":true,"href":"https:\/\/pistonaddict.com\/sl\/wp-json\/wp\/v2\/product_tag?post=76282"}],"curies":[{"name":"wp","href":"https:\/\/api.w.org\/{rel}","templated":true}]}}